{"id":6969,"date":"2025-10-28T12:03:27","date_gmt":"2025-10-28T11:03:27","guid":{"rendered":"https:\/\/oxiplant.com\/new2\/iso-9001\/"},"modified":"2026-02-03T20:22:20","modified_gmt":"2026-02-03T19:22:20","slug":"iso-9001","status":"publish","type":"page","link":"https:\/\/oxiplant.com\/de\/iso-9001\/","title":{"rendered":"ISO 9001"},"content":{"rendered":"<div class=\"wpb-content-wrapper\"><p>[vc_section][vc_row css=&#8220;.vc_custom_1467568839237{margin-bottom: 80px !important;}&#8220;][vc_column width=&#8220;1\/2&#8243;][vc_empty_space][vc_column_text]Wir f\u00f6rdern die industrielle Zukunft mit modernster Forschung und Entwicklung.<\/p>\n<p>Wir integrieren Oberfl\u00e4chenbehandlungen wie Strahlen und Schleifen zusammen mit Automatisierung und Robotisierung f\u00fcr einen kontinuierlichen Betrieb.<\/p>\n<p>Unsere Innovationsstrategie erstreckt sich auf alle Abteilungen, einschlie\u00dflich Marketing, Logistik und Qualit\u00e4t, und wir setzen k\u00fcnstliche Intelligenz und R\u00fcckverfolgungstechnologien wie QR-Codes ein, um jedes Teil pr\u00e4zise zu verfolgen.<\/p>\n<p>Wir sind auch auf kundenspezifische Konstruktion und Entwicklung mit EPC-Projekten und technischer Unterst\u00fctzung bei der Montage spezialisiert.[\/vc_column_text][\/vc_column][vc_column width=&#8220;1\/2&#8243; css=&#8220;.vc_custom_1760485591380{padding-left: 50px !important;}&#8220;]<div  class=\"wpb_content_element   clearfix\"><style type=\"text\/css\">#ut_am_69f41ae8ad172 { opacity: 1; }#ut_am_wrap_69f41ae8ad174 img,#ut_am_wrap_69f41ae8ad174 .ut-image-gallery-image-caption,#ut_am_wrap_69f41ae8ad174 .ut-box-shadow-container,#ut_am_wrap_69f41ae8ad174 .ut-box-shadow-container-inner,#ut_am_wrap_69f41ae8ad174 .ut-block-revealer-element-container,#ut_am_wrap_69f41ae8ad174 .ut-animated-image-zoom { -webkit-border-radius: 9px; -moz-border-radius: 9px; border-radius: 9px; }#ut_am_wrap_69f41ae8ad174 .ut-image-gallery-item-caption-title h3 { letter-spacing: 0em; }#ut_am_wrap_69f41ae8ad174 .ut-gallery-slider-caption { color: #999999; }#ut_am_wrap_69f41ae8ad174 .ut-gallery-slider-caption { font-weight: normal; }#ut_am_wrap_69f41ae8ad174 { text-align: right; }@media (min-width: 768px) and (max-width: 1024px) { #ut_am_wrap_69f41ae8ad174 { text-align: right !important; } }@media (max-width: 767px) { #ut_am_wrap_69f41ae8ad174 { text-align: center !important; } }<\/style><div id=\"ut_am_wrap_69f41ae8ad174\" class=\"ut-image-gallery-image \"><div id=\"ut_reveal_69f41ae8ad176\"  data-appear-top-offset=\"auto\" class=\"ut-animated-image-item ut-image-gallery-item ut-animation-done \"><a class=\"ut-deactivated-link\" href=\"#\"><div class=\"ut-animated-image-zoom\"><img loading=\"lazy\" decoding=\"async\" class=\"ut-lazy skip-lazy ut-animated-image \"  id=\"ut_am_69f41ae8ad172\" src=\"data:image\/svg+xml;charset=utf-8,%3Csvg xmlns%3D'http%3A%2F%2Fwww.w3.org%2F2000%2Fsvg' viewBox%3D'0 0 1492 1418'%2F%3E\" data-src=\"https:\/\/oxiplant.com\/wp-content\/uploads\/2025\/10\/id-1.jpg\" width=\"1492\" height=\"1418\" alt=\"\"\/><\/div><\/a><\/div><\/div><\/div>[\/vc_column][\/vc_row][vc_row css=&#8220;.vc_custom_1467568839237{margin-bottom: 80px !important;}&#8220;][vc_column width=&#8220;1\/2&#8243;]<div  class=\"wpb_content_element   clearfix\"><style type=\"text\/css\">#ut_am_69f41ae8ad9fa { opacity: 1; }#ut_am_wrap_69f41ae8ad9fc img,#ut_am_wrap_69f41ae8ad9fc .ut-image-gallery-image-caption,#ut_am_wrap_69f41ae8ad9fc .ut-box-shadow-container,#ut_am_wrap_69f41ae8ad9fc .ut-box-shadow-container-inner,#ut_am_wrap_69f41ae8ad9fc .ut-block-revealer-element-container,#ut_am_wrap_69f41ae8ad9fc .ut-animated-image-zoom { -webkit-border-radius: 9px; -moz-border-radius: 9px; border-radius: 9px; }#ut_am_wrap_69f41ae8ad9fc .ut-image-gallery-item-caption-title h3 { letter-spacing: 0em; }#ut_am_wrap_69f41ae8ad9fc .ut-gallery-slider-caption { font-weight: bold; }#ut_am_wrap_69f41ae8ad9fc { text-align: left; }@media (min-width: 768px) and (max-width: 1024px) { #ut_am_wrap_69f41ae8ad9fc { text-align: left !important; } }@media (max-width: 767px) { #ut_am_wrap_69f41ae8ad9fc { text-align: center !important; } }<\/style><div id=\"ut_am_wrap_69f41ae8ad9fc\" class=\"ut-image-gallery-image \"><div id=\"ut_reveal_69f41ae8ad9fd\"  data-appear-top-offset=\"auto\" class=\"ut-animated-image-item ut-image-gallery-item ut-animation-done \"><a class=\"ut-deactivated-link\" href=\"#\"><div class=\"ut-animated-image-zoom\"><img loading=\"lazy\" decoding=\"async\" class=\"ut-lazy skip-lazy ut-animated-image \"  id=\"ut_am_69f41ae8ad9fa\" src=\"data:image\/svg+xml;charset=utf-8,%3Csvg xmlns%3D'http%3A%2F%2Fwww.w3.org%2F2000%2Fsvg' viewBox%3D'0 0 1492 1418'%2F%3E\" data-src=\"https:\/\/oxiplant.com\/wp-content\/uploads\/2025\/10\/id-2.jpg\" width=\"1492\" height=\"1418\" alt=\"\"\/><\/div><\/a><\/div><\/div><\/div>[\/vc_column][vc_column width=&#8220;1\/2&#8243;]<div class=\"wpb_content_element \"><style type=\"text\/css\">#ut_header_69f41ae8ae2e2 h2.section-title { font-size:24px !important; }<\/style><header id=\"ut_header_69f41ae8ae2e2\" class=\"section-header  ut-no-title-linebreak-mobile ut-no-lead-linebreak-mobile pt-style-2 header-left header-tablet-left header-mobile-center\"><h2 data-title=\"3D-Modellierung\"  data-responsive-font=\"section_title\" data-responsive-font-settings=\"{&quot;base-font-size&quot;:&quot;24&quot;,&quot;font-size-unit&quot;:&quot;px&quot;,&quot;font-size&quot;:{&quot;desktop_large&quot;:&quot;24&quot;},&quot;base-line-height&quot;:&quot;global&quot;,&quot;base-letter-spacing&quot;:&quot;global&quot;}\" class=\"section-title  \"><span>3D-Modellierung<\/span><\/h2><\/header><\/div>[vc_column_text]Bei Oxiplant kombinieren wir unsere Erfahrung im Schneiden von Stahlblechen und -rohren mit der fortschrittlichsten 3D-Modellierungstechnologie, um Ergebnisse von h\u00f6chster Pr\u00e4zision zu liefern. Jedes Projekt beginnt mit einer detaillierten digitalen Nachbildung des angeforderten Produkts, die es uns erm\u00f6glicht, m\u00f6gliche Anpassungen vorwegzunehmen, Prozesse zu optimieren und eine einwandfreie Entwicklung von der ersten Phase an zu gew\u00e4hrleisten. <\/p>\n<p>Die dreidimensionale Modellierung verbessert nicht nur die technische Genauigkeit, sondern bietet unseren Kunden auch eine klare und realistische Visualisierung der Teile vor ihrer Herstellung. Auf diese Weise k\u00f6nnen sie Ma\u00dfe, Oberfl\u00e4chen und Baugruppen mit absoluter Sicherheit \u00fcberpr\u00fcfen, wodurch Produktionszeiten verk\u00fcrzt und kostspielige Fehler vermieden werden. <\/p>\n<p>Dank dieses Ansatzes erzielen wir bei Oxiplant eine perfekte Synergie zwischen Engineering, Design und Fertigung, die sicherstellt, dass jeder Schnitt, jede Biegung oder Bearbeitung mit der gr\u00f6\u00dftm\u00f6glichen Pr\u00e4zision ausgef\u00fchrt wird. Unser Engagement f\u00fcr Qualit\u00e4t und Innovation erm\u00f6glicht es uns, ma\u00dfgeschneiderte und effiziente L\u00f6sungen f\u00fcr die anspruchsvollsten Sektoren anzubieten: Industrie, Metallurgie, Architektur und Energie. [\/vc_column_text][\/vc_column][\/vc_row][\/vc_section]<\/p>\n<\/div>","protected":false},"excerpt":{"rendered":"<p>[vc_section][vc_row css=&#8220;.vc_custom_1467568839237{margin-bottom: 80px !important;}&#8220;][vc_column width=&#8220;1\/2&#8243;][vc_empty_space][vc_column_text]Wir f\u00f6rdern die industrielle Zukunft mit modernster Forschung und Entwicklung. Wir integrieren Oberfl\u00e4chenbehandlungen wie Strahlen und Schleifen zusammen mit Automatisierung und Robotisierung f\u00fcr einen kontinuierlichen Betrieb. Unsere Innovationsstrategie erstreckt sich auf alle Abteilungen, einschlie\u00dflich Marketing, Logistik und Qualit\u00e4t, und wir setzen k\u00fcnstliche Intelligenz und R\u00fcckverfolgungstechnologien wie QR-Codes ein, um jedes Teil [&hellip;]<\/p>\n","protected":false},"author":1,"featured_media":0,"parent":0,"menu_order":0,"comment_status":"closed","ping_status":"closed","template":"","meta":{"footnotes":""},"class_list":["post-6969","page","type-page","status-publish","hentry"],"acf":[],"yoast_head":"<!-- This site is optimized with the Yoast SEO plugin v27.1.1 - https:\/\/yoast.com\/product\/yoast-seo-wordpress\/ -->\n<title>ISO 9001 - Oxiplant<\/title>\n<meta name=\"robots\" content=\"index, follow, max-snippet:-1, max-image-preview:large, max-video-preview:-1\" \/>\n<link rel=\"canonical\" href=\"https:\/\/oxiplant.com\/de\/iso-9001\/\" \/>\n<meta property=\"og:locale\" content=\"de_DE\" \/>\n<meta property=\"og:type\" content=\"article\" \/>\n<meta property=\"og:title\" content=\"ISO 9001 - Oxiplant\" \/>\n<meta property=\"og:description\" content=\"[vc_section][vc_row css=&#8220;.vc_custom_1467568839237{margin-bottom: 80px !important;}&#8220;][vc_column width=&#8220;1\/2&#8243;][vc_empty_space][vc_column_text]Wir f\u00f6rdern die industrielle Zukunft mit modernster Forschung und Entwicklung. Wir integrieren Oberfl\u00e4chenbehandlungen wie Strahlen und Schleifen zusammen mit Automatisierung und Robotisierung f\u00fcr einen kontinuierlichen Betrieb. Unsere Innovationsstrategie erstreckt sich auf alle Abteilungen, einschlie\u00dflich Marketing, Logistik und Qualit\u00e4t, und wir setzen k\u00fcnstliche Intelligenz und R\u00fcckverfolgungstechnologien wie QR-Codes ein, um jedes Teil [&hellip;]\" \/>\n<meta property=\"og:url\" content=\"https:\/\/oxiplant.com\/de\/iso-9001\/\" \/>\n<meta property=\"og:site_name\" content=\"Oxiplant\" \/>\n<meta property=\"article:modified_time\" content=\"2026-02-03T19:22:20+00:00\" \/>\n<meta name=\"twitter:card\" content=\"summary_large_image\" \/>\n<meta name=\"twitter:label1\" content=\"Gesch\u00e4tzte Lesezeit\" \/>\n\t<meta name=\"twitter:data1\" content=\"4\u00a0Minuten\" \/>\n<script type=\"application\/ld+json\" class=\"yoast-schema-graph\">{\"@context\":\"https:\/\/schema.org\",\"@graph\":[{\"@type\":\"WebPage\",\"@id\":\"https:\/\/oxiplant.com\/de\/iso-9001\/\",\"url\":\"https:\/\/oxiplant.com\/de\/iso-9001\/\",\"name\":\"ISO 9001 - Oxiplant\",\"isPartOf\":{\"@id\":\"https:\/\/oxiplant.com\/de\/#website\"},\"datePublished\":\"2025-10-28T11:03:27+00:00\",\"dateModified\":\"2026-02-03T19:22:20+00:00\",\"breadcrumb\":{\"@id\":\"https:\/\/oxiplant.com\/de\/iso-9001\/#breadcrumb\"},\"inLanguage\":\"de\",\"potentialAction\":[{\"@type\":\"ReadAction\",\"target\":[\"https:\/\/oxiplant.com\/de\/iso-9001\/\"]}]},{\"@type\":\"BreadcrumbList\",\"@id\":\"https:\/\/oxiplant.com\/de\/iso-9001\/#breadcrumb\",\"itemListElement\":[{\"@type\":\"ListItem\",\"position\":1,\"name\":\"Portada\",\"item\":\"https:\/\/oxiplant.com\/de\/\"},{\"@type\":\"ListItem\",\"position\":2,\"name\":\"ISO 9001\"}]},{\"@type\":\"WebSite\",\"@id\":\"https:\/\/oxiplant.com\/de\/#website\",\"url\":\"https:\/\/oxiplant.com\/de\/\",\"name\":\"Oxiplant\",\"description\":\"\",\"potentialAction\":[{\"@type\":\"SearchAction\",\"target\":{\"@type\":\"EntryPoint\",\"urlTemplate\":\"https:\/\/oxiplant.com\/de\/?s={search_term_string}\"},\"query-input\":{\"@type\":\"PropertyValueSpecification\",\"valueRequired\":true,\"valueName\":\"search_term_string\"}}],\"inLanguage\":\"de\"}]}<\/script>\n<!-- \/ Yoast SEO plugin. -->","yoast_head_json":{"title":"ISO 9001 - Oxiplant","robots":{"index":"index","follow":"follow","max-snippet":"max-snippet:-1","max-image-preview":"max-image-preview:large","max-video-preview":"max-video-preview:-1"},"canonical":"https:\/\/oxiplant.com\/de\/iso-9001\/","og_locale":"de_DE","og_type":"article","og_title":"ISO 9001 - Oxiplant","og_description":"[vc_section][vc_row css=&#8220;.vc_custom_1467568839237{margin-bottom: 80px !important;}&#8220;][vc_column width=&#8220;1\/2&#8243;][vc_empty_space][vc_column_text]Wir f\u00f6rdern die industrielle Zukunft mit modernster Forschung und Entwicklung. Wir integrieren Oberfl\u00e4chenbehandlungen wie Strahlen und Schleifen zusammen mit Automatisierung und Robotisierung f\u00fcr einen kontinuierlichen Betrieb. Unsere Innovationsstrategie erstreckt sich auf alle Abteilungen, einschlie\u00dflich Marketing, Logistik und Qualit\u00e4t, und wir setzen k\u00fcnstliche Intelligenz und R\u00fcckverfolgungstechnologien wie QR-Codes ein, um jedes Teil [&hellip;]","og_url":"https:\/\/oxiplant.com\/de\/iso-9001\/","og_site_name":"Oxiplant","article_modified_time":"2026-02-03T19:22:20+00:00","twitter_card":"summary_large_image","twitter_misc":{"Gesch\u00e4tzte Lesezeit":"4\u00a0Minuten"},"schema":{"@context":"https:\/\/schema.org","@graph":[{"@type":"WebPage","@id":"https:\/\/oxiplant.com\/de\/iso-9001\/","url":"https:\/\/oxiplant.com\/de\/iso-9001\/","name":"ISO 9001 - Oxiplant","isPartOf":{"@id":"https:\/\/oxiplant.com\/de\/#website"},"datePublished":"2025-10-28T11:03:27+00:00","dateModified":"2026-02-03T19:22:20+00:00","breadcrumb":{"@id":"https:\/\/oxiplant.com\/de\/iso-9001\/#breadcrumb"},"inLanguage":"de","potentialAction":[{"@type":"ReadAction","target":["https:\/\/oxiplant.com\/de\/iso-9001\/"]}]},{"@type":"BreadcrumbList","@id":"https:\/\/oxiplant.com\/de\/iso-9001\/#breadcrumb","itemListElement":[{"@type":"ListItem","position":1,"name":"Portada","item":"https:\/\/oxiplant.com\/de\/"},{"@type":"ListItem","position":2,"name":"ISO 9001"}]},{"@type":"WebSite","@id":"https:\/\/oxiplant.com\/de\/#website","url":"https:\/\/oxiplant.com\/de\/","name":"Oxiplant","description":"","potentialAction":[{"@type":"SearchAction","target":{"@type":"EntryPoint","urlTemplate":"https:\/\/oxiplant.com\/de\/?s={search_term_string}"},"query-input":{"@type":"PropertyValueSpecification","valueRequired":true,"valueName":"search_term_string"}}],"inLanguage":"de"}]}},"_links":{"self":[{"href":"https:\/\/oxiplant.com\/de\/wp-json\/wp\/v2\/pages\/6969","targetHints":{"allow":["GET"]}}],"collection":[{"href":"https:\/\/oxiplant.com\/de\/wp-json\/wp\/v2\/pages"}],"about":[{"href":"https:\/\/oxiplant.com\/de\/wp-json\/wp\/v2\/types\/page"}],"author":[{"embeddable":true,"href":"https:\/\/oxiplant.com\/de\/wp-json\/wp\/v2\/users\/1"}],"replies":[{"embeddable":true,"href":"https:\/\/oxiplant.com\/de\/wp-json\/wp\/v2\/comments?post=6969"}],"version-history":[{"count":1,"href":"https:\/\/oxiplant.com\/de\/wp-json\/wp\/v2\/pages\/6969\/revisions"}],"predecessor-version":[{"id":6972,"href":"https:\/\/oxiplant.com\/de\/wp-json\/wp\/v2\/pages\/6969\/revisions\/6972"}],"wp:attachment":[{"href":"https:\/\/oxiplant.com\/de\/wp-json\/wp\/v2\/media?parent=6969"}],"curies":[{"name":"wp","href":"https:\/\/api.w.org\/{rel}","templated":true}]}}