{"id":7059,"date":"2016-06-29T22:16:08","date_gmt":"2016-06-29T20:16:08","guid":{"rendered":"https:\/\/oxiplant.com\/new2\/kontakt\/"},"modified":"2026-02-25T12:02:45","modified_gmt":"2026-02-25T11:02:45","slug":"kontakt","status":"publish","type":"page","link":"https:\/\/oxiplant.com\/de\/kontakt\/","title":{"rendered":"Kontakt"},"content":{"rendered":"<div class=\"wpb-content-wrapper\"><p>[vc_section css=&#8220;.vc_custom_1657013188173{padding-bottom: 0px !important;}&#8220;][vc_row css=&#8220;.vc_custom_1467823960306{margin-bottom: 60px !important;}&#8220;][vc_column width=&#8220;1\/2&#8243;]<style type=\"text\/css\">#ut_custom_heading69f62f2a64ef0 { font-size:15px !important; }#ut_custom_heading69f62f2a64ef0 { text-align:left; }@media (min-width: 768px) and (max-width: 1024px) { #ut_custom_heading69f62f2a64ef0 { text-align:left; } }@media (max-width: 767px) { #ut_custom_heading69f62f2a64ef0 { text-align:left; } }<\/style><h3 id=\"ut_custom_heading69f62f2a64ef0\" data-responsive-font=\"h3\" data-responsive-font-settings=\"{&quot;base-font-size&quot;:&quot;global&quot;,&quot;font-size&quot;:{&quot;desktop_large&quot;:&quot;15&quot;},&quot;base-line-height&quot;:&quot;global&quot;,&quot;base-letter-spacing&quot;:&quot;global&quot;}\" class=\"ut-custom-heading-module  \" ><span class=\"\" >Standorte<\/span><\/h3>[vc_column_text]Industriegebiet Tabaza, Parzellen 7\u20138<br \/>33468 \u2013 Carre\u00f1o \u2013 Spanien <\/p>\n<p>Industriegebiet Somonte<br \/>C\/Mar\u00eda Gonz\u00e1lez \u2018La Pondala\u2019, 18<br \/>33393 &#8211; Gij\u00f3n &#8211; Spanien<\/p>\n<p>Industriegebiet Somonte<br \/>C\/ Jos\u00e9 Llama Fern\u00e1ndez 1-3-5<br \/>33393 Gij\u00f3n &#8211; Spanien  [\/vc_column_text][\/vc_column][vc_column width=&#8220;1\/2&#8243;]<style type=\"text\/css\">#ut_custom_heading69f62f2a6bef6 { font-size:15px !important; }#ut_custom_heading69f62f2a6bef6 { text-align:left; }@media (min-width: 768px) and (max-width: 1024px) { #ut_custom_heading69f62f2a6bef6 { text-align:left; } }@media (max-width: 767px) { #ut_custom_heading69f62f2a6bef6 { text-align:left; } }<\/style><h3 id=\"ut_custom_heading69f62f2a6bef6\" data-responsive-font=\"h3\" data-responsive-font-settings=\"{&quot;base-font-size&quot;:&quot;global&quot;,&quot;font-size&quot;:{&quot;desktop_large&quot;:&quot;15&quot;},&quot;base-line-height&quot;:&quot;global&quot;,&quot;base-letter-spacing&quot;:&quot;global&quot;}\" class=\"ut-custom-heading-module  \" ><span class=\"\" >Kontaktieren Sie uns<\/span><\/h3>[vc_column_text]Schreiben Sie uns \u2013 unser Vertriebsteam setzt sich so schnell wie m\u00f6glich mit Ihnen in Verbindung.[\/vc_column_text]<div id=\"ut_cf7_colors_69f62f2a6bf96\" class=\"wpb_content_element ut-cf7-dark-skin \">\n<div class=\"wpcf7 no-js\" id=\"wpcf7-f2811-o1\" lang=\"es-ES\" dir=\"ltr\" data-wpcf7-id=\"2811\">\n<div class=\"screen-reader-response\"><p role=\"status\" aria-live=\"polite\" aria-atomic=\"true\"><\/p> <ul><\/ul><\/div>\n<form action=\"\/de\/wp-json\/wp\/v2\/pages\/7059#wpcf7-f2811-o1\" method=\"post\" class=\"wpcf7-form init\" aria-label=\"Formulario de contacto\" novalidate=\"novalidate\" data-status=\"init\">\n<fieldset class=\"hidden-fields-container\"><input type=\"hidden\" name=\"_wpcf7\" value=\"2811\" \/><input type=\"hidden\" name=\"_wpcf7_version\" value=\"6.1.5\" \/><input type=\"hidden\" name=\"_wpcf7_locale\" value=\"es_ES\" \/><input type=\"hidden\" name=\"_wpcf7_unit_tag\" value=\"wpcf7-f2811-o1\" \/><input type=\"hidden\" name=\"_wpcf7_container_post\" value=\"0\" \/><input type=\"hidden\" name=\"_wpcf7_posted_data_hash\" value=\"\" \/>\n<\/fieldset>\n<p>Persona de contacto<br \/>\n    <span class=\"wpcf7-form-control-wrap\" data-name=\"your-name\"><input size=\"40\" maxlength=\"400\" class=\"wpcf7-form-control wpcf7-text wpcf7-validates-as-required\" aria-required=\"true\" aria-invalid=\"false\" value=\"\" type=\"text\" name=\"your-name\" \/><\/span> <\/p>\n\n<p>Email<br \/>\n    <span class=\"wpcf7-form-control-wrap\" data-name=\"your-email\"><input size=\"40\" maxlength=\"400\" class=\"wpcf7-form-control wpcf7-email wpcf7-validates-as-required wpcf7-text wpcf7-validates-as-email\" aria-required=\"true\" aria-invalid=\"false\" value=\"\" type=\"email\" name=\"your-email\" \/><\/span> <\/p>\n\n<p>Tel\u00e9fono<br \/>\n    <span class=\"wpcf7-form-control-wrap\" data-name=\"your-subject\"><input size=\"40\" maxlength=\"400\" class=\"wpcf7-form-control wpcf7-text\" aria-invalid=\"false\" value=\"\" type=\"text\" name=\"your-subject\" \/><\/span> <\/p>\n\n<p>Mensaje<br \/>\n    <span class=\"wpcf7-form-control-wrap\" data-name=\"your-message\"><textarea cols=\"40\" rows=\"10\" maxlength=\"2000\" class=\"wpcf7-form-control wpcf7-textarea\" aria-invalid=\"false\" name=\"your-message\"><\/textarea><\/span> <\/p>\n\n<p><input class=\"wpcf7-form-control wpcf7-submit has-spinner\" type=\"submit\" value=\"Enviar\" \/><\/p><div class=\"wpcf7-response-output\" aria-hidden=\"true\"><\/div>\n<\/form>\n<\/div>\n<\/div>[\/vc_column][\/vc_row][vc_row full_width=&#8220;stretch_row_content_no_spaces&#8220;][vc_column][\/vc_column][\/vc_row][\/vc_section]<\/p>\n<\/div>","protected":false},"excerpt":{"rendered":"<p>[vc_section css=&#8220;.vc_custom_1657013188173{padding-bottom: 0px !important;}&#8220;][vc_row css=&#8220;.vc_custom_1467823960306{margin-bottom: 60px !important;}&#8220;][vc_column width=&#8220;1\/2&#8243;][vc_column_text]Industriegebiet Tabaza, Parzellen 7\u2013833468 \u2013 Carre\u00f1o \u2013 Spanien Industriegebiet SomonteC\/Mar\u00eda Gonz\u00e1lez \u2018La Pondala\u2019, 1833393 &#8211; Gij\u00f3n &#8211; Spanien Industriegebiet SomonteC\/ Jos\u00e9 Llama Fern\u00e1ndez 1-3-533393 Gij\u00f3n &#8211; Spanien [\/vc_column_text][\/vc_column][vc_column width=&#8220;1\/2&#8243;][vc_column_text]Schreiben Sie uns \u2013 unser Vertriebsteam setzt sich so schnell wie m\u00f6glich mit Ihnen in Verbindung.[\/vc_column_text][\/vc_column][\/vc_row][vc_row full_width=&#8220;stretch_row_content_no_spaces&#8220;][vc_column][\/vc_column][\/vc_row][\/vc_section]<\/p>\n","protected":false},"author":1,"featured_media":0,"parent":0,"menu_order":0,"comment_status":"closed","ping_status":"closed","template":"","meta":{"footnotes":""},"class_list":["post-7059","page","type-page","status-publish","hentry"],"acf":[],"yoast_head":"<!-- This site is optimized with the Yoast SEO plugin v27.1.1 - https:\/\/yoast.com\/product\/yoast-seo-wordpress\/ -->\n<title>Kontakt - Oxiplant<\/title>\n<meta name=\"robots\" content=\"index, follow, max-snippet:-1, max-image-preview:large, max-video-preview:-1\" \/>\n<link rel=\"canonical\" href=\"https:\/\/oxiplant.com\/de\/kontakt\/\" \/>\n<meta property=\"og:locale\" content=\"de_DE\" \/>\n<meta property=\"og:type\" content=\"article\" \/>\n<meta property=\"og:title\" content=\"Kontakt - Oxiplant\" \/>\n<meta property=\"og:description\" content=\"[vc_section css=&#8220;.vc_custom_1657013188173{padding-bottom: 0px !important;}&#8220;][vc_row css=&#8220;.vc_custom_1467823960306{margin-bottom: 60px !important;}&#8220;][vc_column width=&#8220;1\/2&#8243;][vc_column_text]Industriegebiet Tabaza, Parzellen 7\u2013833468 \u2013 Carre\u00f1o \u2013 Spanien Industriegebiet SomonteC\/Mar\u00eda Gonz\u00e1lez \u2018La Pondala\u2019, 1833393 &#8211; Gij\u00f3n &#8211; Spanien Industriegebiet SomonteC\/ Jos\u00e9 Llama Fern\u00e1ndez 1-3-533393 Gij\u00f3n &#8211; Spanien [\/vc_column_text][\/vc_column][vc_column width=&#8220;1\/2&#8243;][vc_column_text]Schreiben Sie uns \u2013 unser Vertriebsteam setzt sich so schnell wie m\u00f6glich mit Ihnen in Verbindung.[\/vc_column_text][\/vc_column][\/vc_row][vc_row full_width=&#8220;stretch_row_content_no_spaces&#8220;][vc_column][\/vc_column][\/vc_row][\/vc_section]\" \/>\n<meta property=\"og:url\" content=\"https:\/\/oxiplant.com\/de\/kontakt\/\" \/>\n<meta property=\"og:site_name\" content=\"Oxiplant\" \/>\n<meta property=\"article:modified_time\" content=\"2026-02-25T11:02:45+00:00\" \/>\n<meta name=\"twitter:card\" content=\"summary_large_image\" \/>\n<meta name=\"twitter:label1\" content=\"Gesch\u00e4tzte Lesezeit\" \/>\n\t<meta name=\"twitter:data1\" content=\"1\u00a0Minute\" \/>\n<script type=\"application\/ld+json\" class=\"yoast-schema-graph\">{\"@context\":\"https:\/\/schema.org\",\"@graph\":[{\"@type\":\"WebPage\",\"@id\":\"https:\/\/oxiplant.com\/de\/kontakt\/\",\"url\":\"https:\/\/oxiplant.com\/de\/kontakt\/\",\"name\":\"Kontakt - Oxiplant\",\"isPartOf\":{\"@id\":\"https:\/\/oxiplant.com\/de\/#website\"},\"datePublished\":\"2016-06-29T20:16:08+00:00\",\"dateModified\":\"2026-02-25T11:02:45+00:00\",\"breadcrumb\":{\"@id\":\"https:\/\/oxiplant.com\/de\/kontakt\/#breadcrumb\"},\"inLanguage\":\"de\",\"potentialAction\":[{\"@type\":\"ReadAction\",\"target\":[\"https:\/\/oxiplant.com\/de\/kontakt\/\"]}]},{\"@type\":\"BreadcrumbList\",\"@id\":\"https:\/\/oxiplant.com\/de\/kontakt\/#breadcrumb\",\"itemListElement\":[{\"@type\":\"ListItem\",\"position\":1,\"name\":\"Portada\",\"item\":\"https:\/\/oxiplant.com\/de\/\"},{\"@type\":\"ListItem\",\"position\":2,\"name\":\"Kontakt\"}]},{\"@type\":\"WebSite\",\"@id\":\"https:\/\/oxiplant.com\/de\/#website\",\"url\":\"https:\/\/oxiplant.com\/de\/\",\"name\":\"Oxiplant\",\"description\":\"\",\"potentialAction\":[{\"@type\":\"SearchAction\",\"target\":{\"@type\":\"EntryPoint\",\"urlTemplate\":\"https:\/\/oxiplant.com\/de\/?s={search_term_string}\"},\"query-input\":{\"@type\":\"PropertyValueSpecification\",\"valueRequired\":true,\"valueName\":\"search_term_string\"}}],\"inLanguage\":\"de\"}]}<\/script>\n<!-- \/ Yoast SEO plugin. -->","yoast_head_json":{"title":"Kontakt - Oxiplant","robots":{"index":"index","follow":"follow","max-snippet":"max-snippet:-1","max-image-preview":"max-image-preview:large","max-video-preview":"max-video-preview:-1"},"canonical":"https:\/\/oxiplant.com\/de\/kontakt\/","og_locale":"de_DE","og_type":"article","og_title":"Kontakt - Oxiplant","og_description":"[vc_section css=&#8220;.vc_custom_1657013188173{padding-bottom: 0px !important;}&#8220;][vc_row css=&#8220;.vc_custom_1467823960306{margin-bottom: 60px !important;}&#8220;][vc_column width=&#8220;1\/2&#8243;][vc_column_text]Industriegebiet Tabaza, Parzellen 7\u2013833468 \u2013 Carre\u00f1o \u2013 Spanien Industriegebiet SomonteC\/Mar\u00eda Gonz\u00e1lez \u2018La Pondala\u2019, 1833393 &#8211; Gij\u00f3n &#8211; Spanien Industriegebiet SomonteC\/ Jos\u00e9 Llama Fern\u00e1ndez 1-3-533393 Gij\u00f3n &#8211; Spanien [\/vc_column_text][\/vc_column][vc_column width=&#8220;1\/2&#8243;][vc_column_text]Schreiben Sie uns \u2013 unser Vertriebsteam setzt sich so schnell wie m\u00f6glich mit Ihnen in Verbindung.[\/vc_column_text][\/vc_column][\/vc_row][vc_row full_width=&#8220;stretch_row_content_no_spaces&#8220;][vc_column][\/vc_column][\/vc_row][\/vc_section]","og_url":"https:\/\/oxiplant.com\/de\/kontakt\/","og_site_name":"Oxiplant","article_modified_time":"2026-02-25T11:02:45+00:00","twitter_card":"summary_large_image","twitter_misc":{"Gesch\u00e4tzte Lesezeit":"1\u00a0Minute"},"schema":{"@context":"https:\/\/schema.org","@graph":[{"@type":"WebPage","@id":"https:\/\/oxiplant.com\/de\/kontakt\/","url":"https:\/\/oxiplant.com\/de\/kontakt\/","name":"Kontakt - Oxiplant","isPartOf":{"@id":"https:\/\/oxiplant.com\/de\/#website"},"datePublished":"2016-06-29T20:16:08+00:00","dateModified":"2026-02-25T11:02:45+00:00","breadcrumb":{"@id":"https:\/\/oxiplant.com\/de\/kontakt\/#breadcrumb"},"inLanguage":"de","potentialAction":[{"@type":"ReadAction","target":["https:\/\/oxiplant.com\/de\/kontakt\/"]}]},{"@type":"BreadcrumbList","@id":"https:\/\/oxiplant.com\/de\/kontakt\/#breadcrumb","itemListElement":[{"@type":"ListItem","position":1,"name":"Portada","item":"https:\/\/oxiplant.com\/de\/"},{"@type":"ListItem","position":2,"name":"Kontakt"}]},{"@type":"WebSite","@id":"https:\/\/oxiplant.com\/de\/#website","url":"https:\/\/oxiplant.com\/de\/","name":"Oxiplant","description":"","potentialAction":[{"@type":"SearchAction","target":{"@type":"EntryPoint","urlTemplate":"https:\/\/oxiplant.com\/de\/?s={search_term_string}"},"query-input":{"@type":"PropertyValueSpecification","valueRequired":true,"valueName":"search_term_string"}}],"inLanguage":"de"}]}},"_links":{"self":[{"href":"https:\/\/oxiplant.com\/de\/wp-json\/wp\/v2\/pages\/7059","targetHints":{"allow":["GET"]}}],"collection":[{"href":"https:\/\/oxiplant.com\/de\/wp-json\/wp\/v2\/pages"}],"about":[{"href":"https:\/\/oxiplant.com\/de\/wp-json\/wp\/v2\/types\/page"}],"author":[{"embeddable":true,"href":"https:\/\/oxiplant.com\/de\/wp-json\/wp\/v2\/users\/1"}],"replies":[{"embeddable":true,"href":"https:\/\/oxiplant.com\/de\/wp-json\/wp\/v2\/comments?post=7059"}],"version-history":[{"count":5,"href":"https:\/\/oxiplant.com\/de\/wp-json\/wp\/v2\/pages\/7059\/revisions"}],"predecessor-version":[{"id":8003,"href":"https:\/\/oxiplant.com\/de\/wp-json\/wp\/v2\/pages\/7059\/revisions\/8003"}],"wp:attachment":[{"href":"https:\/\/oxiplant.com\/de\/wp-json\/wp\/v2\/media?parent=7059"}],"curies":[{"name":"wp","href":"https:\/\/api.w.org\/{rel}","templated":true}]}}