{"id":7735,"date":"2025-10-14T19:10:13","date_gmt":"2025-10-14T17:10:13","guid":{"rendered":"https:\/\/oxiplant.com\/new2\/qualitaet\/"},"modified":"2026-02-25T12:36:02","modified_gmt":"2026-02-25T11:36:02","slug":"qualitaet","status":"publish","type":"page","link":"https:\/\/oxiplant.com\/de\/qualitaet\/","title":{"rendered":"Qualit\u00e4t"},"content":{"rendered":"<div class=\"wpb-content-wrapper\"><p>[vc_section][vc_row content_placement=&#8220;middle&#8220; css=&#8220;.vc_custom_1764270883153{margin-bottom: 80px !important;}&#8220;][vc_column width=&#8220;1\/2&#8243;][vc_column_text]Bei Oxiplant ist Qualit\u00e4t ein struktureller Grundpfeiler und integraler Bestandteil s\u00e4mtlicher Produktionsprozesse. Unser Qualit\u00e4tsmanagementsystem ist nach <strong>ISO 9001<\/strong> zertifiziert und erf\u00fcllt damit die Anforderungen an Prozessmanagement und -kontrolle, strukturierte <\/p>\n<p>Dar\u00fcber hinaus best\u00e4tigt die Zertifizierung nach <strong>EN 1090-1<\/strong> die Erf\u00fcllung der Anforderungen f\u00fcr die Herstellung von tragenden Stahlbauteilen. Dazu z\u00e4hlen unter anderem die werkseigene Produktionskontrolle (FPC), die Qualifikation des Personals sowie definierte Schwei\u00dfverfahren.<\/p>\n<p>Die Norm <strong>ISO 3834-2:2021<\/strong>, die f\u00fcr Schwei\u00dfprozesse an metallischen Werkstoffen verbindlich ist, bescheinigt, dass Oxiplant \u00fcber die erforderlichen technischen Einrichtungen, qualifiziertes Fachpersonal, freigegebene Verfahren und dokumentierte Pr\u00fcf- und Kontrollmechanismen f\u00fcr die schwei\u00dftechnische Fertigung von tragenden Bauteilen und beweglichen Komponenten verf\u00fcgt. Der Standard definiert unter anderem Anforderungen an die Qualifikation von Schwei\u00dfern, Pr\u00fcfungen und Inspektionen, Zusatzwerkstoffe, W\u00e4rmeeinbringung sowie Fertigungs- und Qualit\u00e4tsnachweise. [\/vc_column_text][\/vc_column][vc_column width=&#8220;1\/2&#8243; css=&#8220;.vc_custom_1760485443069{padding-left: 50px !important;}&#8220;]<div  class=\"wpb_content_element   clearfix\"><style type=\"text\/css\">#ut_am_69f2550098a7e { opacity: 1; }#ut_am_wrap_69f2550098a81 img,#ut_am_wrap_69f2550098a81 .ut-image-gallery-image-caption,#ut_am_wrap_69f2550098a81 .ut-box-shadow-container,#ut_am_wrap_69f2550098a81 .ut-box-shadow-container-inner,#ut_am_wrap_69f2550098a81 .ut-block-revealer-element-container,#ut_am_wrap_69f2550098a81 .ut-animated-image-zoom { -webkit-border-radius: 9px; -moz-border-radius: 9px; border-radius: 9px; }#ut_am_wrap_69f2550098a81 .ut-image-gallery-item-caption-title h3 { letter-spacing: 0em; }#ut_am_wrap_69f2550098a81 .ut-gallery-slider-caption { color: #999999; }#ut_am_wrap_69f2550098a81 .ut-gallery-slider-caption { font-weight: normal; }#ut_am_wrap_69f2550098a81 { text-align: right; }@media (min-width: 768px) and (max-width: 1024px) { #ut_am_wrap_69f2550098a81 { text-align: right !important; } }@media (max-width: 767px) { #ut_am_wrap_69f2550098a81 { text-align: center !important; } }<\/style><div id=\"ut_am_wrap_69f2550098a81\" class=\"ut-image-gallery-image \"><div id=\"ut_reveal_69f2550098a83\"  data-appear-top-offset=\"auto\" class=\"ut-animated-image-item ut-image-gallery-item ut-animation-done \"><a class=\"ut-deactivated-link\" href=\"#\"><div class=\"ut-animated-image-zoom\"><img loading=\"lazy\" decoding=\"async\" class=\"ut-lazy skip-lazy ut-animated-image \"  id=\"ut_am_69f2550098a7e\" src=\"data:image\/svg+xml;charset=utf-8,%3Csvg xmlns%3D'http%3A%2F%2Fwww.w3.org%2F2000%2Fsvg' viewBox%3D'0 0 1492 1418'%2F%3E\" data-src=\"https:\/\/oxiplant.com\/wp-content\/uploads\/2025\/11\/calidad-1-1-1.jpg\" width=\"1492\" height=\"1418\" alt=\"\"\/><\/div><\/a><\/div><\/div><\/div>[\/vc_column][\/vc_row][vc_row content_placement=&#8220;middle&#8220; css=&#8220;.vc_custom_1764270544976{margin-bottom: 80px !important;}&#8220;][vc_column width=&#8220;1\/2&#8243; css=&#8220;.vc_custom_1760485443069{padding-left: 50px !important;}&#8220;]<div  class=\"wpb_content_element   clearfix\"><style type=\"text\/css\">#ut_am_69f255009992b { opacity: 1; }#ut_am_wrap_69f255009992e img,#ut_am_wrap_69f255009992e .ut-image-gallery-image-caption,#ut_am_wrap_69f255009992e .ut-box-shadow-container,#ut_am_wrap_69f255009992e .ut-box-shadow-container-inner,#ut_am_wrap_69f255009992e .ut-block-revealer-element-container,#ut_am_wrap_69f255009992e .ut-animated-image-zoom { -webkit-border-radius: 9px; -moz-border-radius: 9px; border-radius: 9px; }#ut_am_wrap_69f255009992e .ut-image-gallery-item-caption-title h3 { letter-spacing: 0em; }#ut_am_wrap_69f255009992e .ut-gallery-slider-caption { color: #999999; }#ut_am_wrap_69f255009992e .ut-gallery-slider-caption { font-weight: normal; }#ut_am_wrap_69f255009992e { text-align: right; }@media (min-width: 768px) and (max-width: 1024px) { #ut_am_wrap_69f255009992e { text-align: right !important; } }@media (max-width: 767px) { #ut_am_wrap_69f255009992e { text-align: center !important; } }<\/style><div id=\"ut_am_wrap_69f255009992e\" class=\"ut-image-gallery-image \"><div id=\"ut_reveal_69f255009992f\"  data-appear-top-offset=\"auto\" class=\"ut-animated-image-item ut-image-gallery-item ut-animation-done \"><a class=\"ut-deactivated-link\" href=\"#\"><div class=\"ut-animated-image-zoom\"><img loading=\"lazy\" decoding=\"async\" class=\"ut-lazy skip-lazy ut-animated-image \"  id=\"ut_am_69f255009992b\" src=\"data:image\/svg+xml;charset=utf-8,%3Csvg xmlns%3D'http%3A%2F%2Fwww.w3.org%2F2000%2Fsvg' viewBox%3D'0 0 1492 1060'%2F%3E\" data-src=\"https:\/\/oxiplant.com\/wp-content\/uploads\/2025\/11\/calidad-2-3.jpg\" width=\"1492\" height=\"1060\" alt=\"\"\/><\/div><\/a><\/div><\/div><\/div>[\/vc_column][vc_column width=&#8220;1\/2&#8243; css=&#8220;.vc_custom_1764271265295{margin-left: 40px !important;}&#8220;][vc_column_text]Unsere Prozesse werden gem\u00e4\u00df den jeweils anwendbaren technischen Normen durchgef\u00fchrt:<\/p>\n<ul>\n<li><strong>Stahlschneiden:<\/strong> Normen <strong>EN ISO 9013-321 und EN ISO 9013-322<\/strong> zur Klassifizierung thermischer Schneidverfahren und zur Bewertung der Schnittkantenqualit\u00e4t<\/li>\n<li><strong>Biegen und Abkanten:<\/strong> <strong>ISO 2768-C<\/strong>, g\u00fcltig f\u00fcr allgemeine Ma\u00dftoleranzen an metallischen Bauteilen, sofern diese nicht einzeln in der Zeichnung spezifiziert sind<\/li>\n<li><strong>Schwei\u00dfen:<\/strong> <strong>EN 1090<\/strong>, f\u00fcr die Ausf\u00fchrung und \u00dcberwachung von Stahltragwerken<\/li>\n<\/ul>\n<p>Diese Normen und Zertifizierungen bilden den technischen Referenzrahmen, nach dem s\u00e4mtliche Fertigungs- und Pr\u00fcfprozesse bei Oxiplant ausgef\u00fchrt und \u00fcberwacht werden.[\/vc_column_text][\/vc_column][\/vc_row][vc_row][vc_column width=&#8220;1\/5&#8243;][\/vc_column][vc_column width=&#8220;1\/5&#8243; css=&#8220;.vc_custom_1764277085816{margin-top: 15px !important;}&#8220;]<div  class=\"wpb_content_element   clearfix\"><style type=\"text\/css\">#ut_am_69f255009a9b8 { opacity: 1; }#ut_am_wrap_69f255009a9bb .ut-image-gallery-item-caption-title h3 { color: #ffffff; }#ut_am_wrap_69f255009a9bb .ut-image-gallery-item-caption-title-style-2 h3 { color: #ffffff; }#ut_am_wrap_69f255009a9bb .ut-image-gallery-item-caption-title h3 { letter-spacing: 0em; }#ut_am_wrap_69f255009a9bb .ut-gallery-slider-caption { font-weight: bold; }#ut_am_wrap_69f255009a9bb { text-align: center; }@media (min-width: 768px) and (max-width: 1024px) { #ut_am_wrap_69f255009a9bb { text-align: center !important; } }@media (max-width: 767px) { #ut_am_wrap_69f255009a9bb { text-align: center !important; } }<\/style><div id=\"ut_am_wrap_69f255009a9bb\" class=\"ut-image-gallery-image ani_zoom\"><div id=\"ut_reveal_69f255009a9bd\"  data-appear-top-offset=\"auto\" class=\"ut-animated-image-item ut-image-gallery-item ut-animation-done \"><a target=\"_blank\" href=\"https:\/\/oxiplant.com\/new2\/wp-content\/uploads\/2025\/11\/OXIP_0094-CPR-MAD-20160126-SPA_Iss04-9Jun25-FPC-cer-EN1090.pdf\" rel=\"nofollow\"><div class=\"ut-animated-image-zoom\"><img loading=\"lazy\" decoding=\"async\" class=\"ut-lazy skip-lazy ut-animated-image \"  id=\"ut_am_69f255009a9b8\" src=\"data:image\/svg+xml;charset=utf-8,%3Csvg xmlns%3D'http%3A%2F%2Fwww.w3.org%2F2000%2Fsvg' viewBox%3D'0 0 300 190'%2F%3E\" data-src=\"https:\/\/oxiplant.com\/wp-content\/uploads\/2025\/11\/iso-1090-2.jpg\" width=\"300\" height=\"190\" alt=\"\"\/><\/div><\/a><\/div><\/div><\/div>[\/vc_column][vc_column width=&#8220;1\/5&#8243; css=&#8220;.vc_custom_1764277064480{margin-top: 15px !important;}&#8220;]<div  class=\"wpb_content_element   clearfix\"><style type=\"text\/css\">#ut_am_69f255009bfe1 { opacity: 1; }#ut_am_wrap_69f255009bfe4 .ut-image-gallery-item-caption-title h3 { color: #ffffff; }#ut_am_wrap_69f255009bfe4 .ut-image-gallery-item-caption-title-style-2 h3 { color: #ffffff; }#ut_am_wrap_69f255009bfe4 .ut-image-gallery-item-caption-title h3 { letter-spacing: 0em; }#ut_am_wrap_69f255009bfe4 .ut-gallery-slider-caption { font-weight: bold; }#ut_am_wrap_69f255009bfe4 { text-align: center; }@media (min-width: 768px) and (max-width: 1024px) { #ut_am_wrap_69f255009bfe4 { text-align: center !important; } }@media (max-width: 767px) { #ut_am_wrap_69f255009bfe4 { text-align: center !important; } }<\/style><div id=\"ut_am_wrap_69f255009bfe4\" class=\"ut-image-gallery-image ani_zoom\"><div id=\"ut_reveal_69f255009bfe6\"  data-appear-top-offset=\"auto\" class=\"ut-animated-image-item ut-image-gallery-item ut-animation-done \"><a target=\"_blank\" href=\"https:\/\/oxiplant.com\/new2\/wp-content\/uploads\/2025\/11\/0038343-QMS-SPAES-UKAS.pdf\" rel=\"nofollow\"><div class=\"ut-animated-image-zoom\"><img loading=\"lazy\" decoding=\"async\" class=\"ut-lazy skip-lazy ut-animated-image \"  id=\"ut_am_69f255009bfe1\" src=\"data:image\/svg+xml;charset=utf-8,%3Csvg xmlns%3D'http%3A%2F%2Fwww.w3.org%2F2000%2Fsvg' viewBox%3D'0 0 300 190'%2F%3E\" data-src=\"https:\/\/oxiplant.com\/wp-content\/uploads\/2025\/10\/calidad-2.webp\" width=\"300\" height=\"190\" alt=\"\"\/><\/div><\/a><\/div><\/div><\/div>[\/vc_column][vc_column width=&#8220;1\/5&#8243; css=&#8220;.vc_custom_1764277101065{margin-top: 15px !important;}&#8220;]<div  class=\"wpb_content_element   clearfix\"><style type=\"text\/css\">#ut_am_69f255009e4f3 { opacity: 1; }#ut_am_wrap_69f255009e4f7 .ut-image-gallery-item-caption-title h3 { color: #ffffff; }#ut_am_wrap_69f255009e4f7 .ut-image-gallery-item-caption-title-style-2 h3 { color: #ffffff; }#ut_am_wrap_69f255009e4f7 .ut-image-gallery-item-caption-title h3 { letter-spacing: 0em; }#ut_am_wrap_69f255009e4f7 .ut-gallery-slider-caption { font-weight: bold; }#ut_am_wrap_69f255009e4f7 { text-align: center; }@media (min-width: 768px) and (max-width: 1024px) { #ut_am_wrap_69f255009e4f7 { text-align: center !important; } }@media (max-width: 767px) { #ut_am_wrap_69f255009e4f7 { text-align: center !important; } }<\/style><div id=\"ut_am_wrap_69f255009e4f7\" class=\"ut-image-gallery-image ani_zoom\"><div id=\"ut_reveal_69f255009e4f9\"  data-appear-top-offset=\"auto\" class=\"ut-animated-image-item ut-image-gallery-item ut-animation-done \"><a target=\"_blank\" href=\"https:\/\/oxiplant.com\/new2\/wp-content\/uploads\/2025\/11\/OXIP_Cert-3834-R2-1Sep25-SPA.pdf\" rel=\"nofollow\"><div class=\"ut-animated-image-zoom\"><img loading=\"lazy\" decoding=\"async\" class=\"ut-lazy skip-lazy ut-animated-image \"  id=\"ut_am_69f255009e4f3\" src=\"data:image\/svg+xml;charset=utf-8,%3Csvg xmlns%3D'http%3A%2F%2Fwww.w3.org%2F2000%2Fsvg' viewBox%3D'0 0 300 190'%2F%3E\" data-src=\"https:\/\/oxiplant.com\/wp-content\/uploads\/2025\/11\/iso-3834.jpg\" width=\"300\" height=\"190\" alt=\"\"\/><\/div><\/a><\/div><\/div><\/div>[\/vc_column][vc_column width=&#8220;1\/5&#8243;][\/vc_column][\/vc_row][vc_row][vc_column][\/vc_column][\/vc_row][\/vc_section]<\/p>\n<\/div>","protected":false},"excerpt":{"rendered":"<p>[vc_section][vc_row content_placement=&#8220;middle&#8220; css=&#8220;.vc_custom_1764270883153{margin-bottom: 80px !important;}&#8220;][vc_column width=&#8220;1\/2&#8243;][vc_column_text]Bei Oxiplant ist Qualit\u00e4t ein struktureller Grundpfeiler und integraler Bestandteil s\u00e4mtlicher Produktionsprozesse. Unser Qualit\u00e4tsmanagementsystem ist nach ISO 9001 zertifiziert und erf\u00fcllt damit die Anforderungen an Prozessmanagement und -kontrolle, strukturierte Dar\u00fcber hinaus best\u00e4tigt die Zertifizierung nach EN 1090-1 die Erf\u00fcllung der Anforderungen f\u00fcr die Herstellung von tragenden Stahlbauteilen. Dazu z\u00e4hlen unter [&hellip;]<\/p>\n","protected":false},"author":1,"featured_media":0,"parent":0,"menu_order":0,"comment_status":"closed","ping_status":"closed","template":"","meta":{"footnotes":""},"class_list":["post-7735","page","type-page","status-publish","hentry"],"acf":[],"yoast_head":"<!-- This site is optimized with the Yoast SEO plugin v27.1.1 - https:\/\/yoast.com\/product\/yoast-seo-wordpress\/ -->\n<title>Qualit\u00e4t - Oxiplant<\/title>\n<meta name=\"robots\" content=\"index, follow, max-snippet:-1, max-image-preview:large, max-video-preview:-1\" \/>\n<link rel=\"canonical\" href=\"https:\/\/oxiplant.com\/de\/qualitaet\/\" \/>\n<meta property=\"og:locale\" content=\"de_DE\" \/>\n<meta property=\"og:type\" content=\"article\" \/>\n<meta property=\"og:title\" content=\"Qualit\u00e4t - Oxiplant\" \/>\n<meta property=\"og:description\" content=\"[vc_section][vc_row content_placement=&#8220;middle&#8220; css=&#8220;.vc_custom_1764270883153{margin-bottom: 80px !important;}&#8220;][vc_column width=&#8220;1\/2&#8243;][vc_column_text]Bei Oxiplant ist Qualit\u00e4t ein struktureller Grundpfeiler und integraler Bestandteil s\u00e4mtlicher Produktionsprozesse. Unser Qualit\u00e4tsmanagementsystem ist nach ISO 9001 zertifiziert und erf\u00fcllt damit die Anforderungen an Prozessmanagement und -kontrolle, strukturierte Dar\u00fcber hinaus best\u00e4tigt die Zertifizierung nach EN 1090-1 die Erf\u00fcllung der Anforderungen f\u00fcr die Herstellung von tragenden Stahlbauteilen. Dazu z\u00e4hlen unter [&hellip;]\" \/>\n<meta property=\"og:url\" content=\"https:\/\/oxiplant.com\/de\/qualitaet\/\" \/>\n<meta property=\"og:site_name\" content=\"Oxiplant\" \/>\n<meta property=\"article:modified_time\" content=\"2026-02-25T11:36:02+00:00\" \/>\n<meta name=\"twitter:card\" content=\"summary_large_image\" \/>\n<meta name=\"twitter:label1\" content=\"Gesch\u00e4tzte Lesezeit\" \/>\n\t<meta name=\"twitter:data1\" content=\"6\u00a0Minuten\" \/>\n<script type=\"application\/ld+json\" class=\"yoast-schema-graph\">{\"@context\":\"https:\/\/schema.org\",\"@graph\":[{\"@type\":\"WebPage\",\"@id\":\"https:\/\/oxiplant.com\/de\/qualitaet\/\",\"url\":\"https:\/\/oxiplant.com\/de\/qualitaet\/\",\"name\":\"Qualit\u00e4t - Oxiplant\",\"isPartOf\":{\"@id\":\"https:\/\/oxiplant.com\/de\/#website\"},\"datePublished\":\"2025-10-14T17:10:13+00:00\",\"dateModified\":\"2026-02-25T11:36:02+00:00\",\"breadcrumb\":{\"@id\":\"https:\/\/oxiplant.com\/de\/qualitaet\/#breadcrumb\"},\"inLanguage\":\"de\",\"potentialAction\":[{\"@type\":\"ReadAction\",\"target\":[\"https:\/\/oxiplant.com\/de\/qualitaet\/\"]}]},{\"@type\":\"BreadcrumbList\",\"@id\":\"https:\/\/oxiplant.com\/de\/qualitaet\/#breadcrumb\",\"itemListElement\":[{\"@type\":\"ListItem\",\"position\":1,\"name\":\"Portada\",\"item\":\"https:\/\/oxiplant.com\/de\/\"},{\"@type\":\"ListItem\",\"position\":2,\"name\":\"Qualit\u00e4t\"}]},{\"@type\":\"WebSite\",\"@id\":\"https:\/\/oxiplant.com\/de\/#website\",\"url\":\"https:\/\/oxiplant.com\/de\/\",\"name\":\"Oxiplant\",\"description\":\"\",\"potentialAction\":[{\"@type\":\"SearchAction\",\"target\":{\"@type\":\"EntryPoint\",\"urlTemplate\":\"https:\/\/oxiplant.com\/de\/?s={search_term_string}\"},\"query-input\":{\"@type\":\"PropertyValueSpecification\",\"valueRequired\":true,\"valueName\":\"search_term_string\"}}],\"inLanguage\":\"de\"}]}<\/script>\n<!-- \/ Yoast SEO plugin. -->","yoast_head_json":{"title":"Qualit\u00e4t - Oxiplant","robots":{"index":"index","follow":"follow","max-snippet":"max-snippet:-1","max-image-preview":"max-image-preview:large","max-video-preview":"max-video-preview:-1"},"canonical":"https:\/\/oxiplant.com\/de\/qualitaet\/","og_locale":"de_DE","og_type":"article","og_title":"Qualit\u00e4t - Oxiplant","og_description":"[vc_section][vc_row content_placement=&#8220;middle&#8220; css=&#8220;.vc_custom_1764270883153{margin-bottom: 80px !important;}&#8220;][vc_column width=&#8220;1\/2&#8243;][vc_column_text]Bei Oxiplant ist Qualit\u00e4t ein struktureller Grundpfeiler und integraler Bestandteil s\u00e4mtlicher Produktionsprozesse. Unser Qualit\u00e4tsmanagementsystem ist nach ISO 9001 zertifiziert und erf\u00fcllt damit die Anforderungen an Prozessmanagement und -kontrolle, strukturierte Dar\u00fcber hinaus best\u00e4tigt die Zertifizierung nach EN 1090-1 die Erf\u00fcllung der Anforderungen f\u00fcr die Herstellung von tragenden Stahlbauteilen. Dazu z\u00e4hlen unter [&hellip;]","og_url":"https:\/\/oxiplant.com\/de\/qualitaet\/","og_site_name":"Oxiplant","article_modified_time":"2026-02-25T11:36:02+00:00","twitter_card":"summary_large_image","twitter_misc":{"Gesch\u00e4tzte Lesezeit":"6\u00a0Minuten"},"schema":{"@context":"https:\/\/schema.org","@graph":[{"@type":"WebPage","@id":"https:\/\/oxiplant.com\/de\/qualitaet\/","url":"https:\/\/oxiplant.com\/de\/qualitaet\/","name":"Qualit\u00e4t - Oxiplant","isPartOf":{"@id":"https:\/\/oxiplant.com\/de\/#website"},"datePublished":"2025-10-14T17:10:13+00:00","dateModified":"2026-02-25T11:36:02+00:00","breadcrumb":{"@id":"https:\/\/oxiplant.com\/de\/qualitaet\/#breadcrumb"},"inLanguage":"de","potentialAction":[{"@type":"ReadAction","target":["https:\/\/oxiplant.com\/de\/qualitaet\/"]}]},{"@type":"BreadcrumbList","@id":"https:\/\/oxiplant.com\/de\/qualitaet\/#breadcrumb","itemListElement":[{"@type":"ListItem","position":1,"name":"Portada","item":"https:\/\/oxiplant.com\/de\/"},{"@type":"ListItem","position":2,"name":"Qualit\u00e4t"}]},{"@type":"WebSite","@id":"https:\/\/oxiplant.com\/de\/#website","url":"https:\/\/oxiplant.com\/de\/","name":"Oxiplant","description":"","potentialAction":[{"@type":"SearchAction","target":{"@type":"EntryPoint","urlTemplate":"https:\/\/oxiplant.com\/de\/?s={search_term_string}"},"query-input":{"@type":"PropertyValueSpecification","valueRequired":true,"valueName":"search_term_string"}}],"inLanguage":"de"}]}},"_links":{"self":[{"href":"https:\/\/oxiplant.com\/de\/wp-json\/wp\/v2\/pages\/7735","targetHints":{"allow":["GET"]}}],"collection":[{"href":"https:\/\/oxiplant.com\/de\/wp-json\/wp\/v2\/pages"}],"about":[{"href":"https:\/\/oxiplant.com\/de\/wp-json\/wp\/v2\/types\/page"}],"author":[{"embeddable":true,"href":"https:\/\/oxiplant.com\/de\/wp-json\/wp\/v2\/users\/1"}],"replies":[{"embeddable":true,"href":"https:\/\/oxiplant.com\/de\/wp-json\/wp\/v2\/comments?post=7735"}],"version-history":[{"count":1,"href":"https:\/\/oxiplant.com\/de\/wp-json\/wp\/v2\/pages\/7735\/revisions"}],"predecessor-version":[{"id":7978,"href":"https:\/\/oxiplant.com\/de\/wp-json\/wp\/v2\/pages\/7735\/revisions\/7978"}],"wp:attachment":[{"href":"https:\/\/oxiplant.com\/de\/wp-json\/wp\/v2\/media?parent=7735"}],"curies":[{"name":"wp","href":"https:\/\/api.w.org\/{rel}","templated":true}]}}