{"id":7746,"date":"2025-10-15T07:15:15","date_gmt":"2025-10-15T05:15:15","guid":{"rendered":"https:\/\/oxiplant.com\/new2\/formgebung\/"},"modified":"2026-03-26T16:12:17","modified_gmt":"2026-03-26T15:12:17","slug":"formgebung","status":"publish","type":"page","link":"https:\/\/oxiplant.com\/de\/formgebung\/","title":{"rendered":"Unformen"},"content":{"rendered":"<div class=\"wpb-content-wrapper\"><p>[vc_section][vc_row content_placement=&#8220;middle&#8220; css=&#8220;.vc_custom_1765487462989{margin-bottom: 0px !important;}&#8220;][vc_column width=&#8220;1\/2&#8243;][vc_column_text]Unsere vier <strong>CNC-Abkantpressen<\/strong> erm\u00f6glichen die Bearbeitung von Bauteilen bis zu <strong>8.000 mm L\u00e4nge und einer Presskraft von bis zu 1.500 t<\/strong>. Damit sind wir in der Lage, sowohl kleine Bauteile als auch gro\u00dfformatige Komponenten effizient zu fertigen. Erg\u00e4nzt wird dieser Maschinenpark durch weitere Abkantpressen sowie eine Hydraulikpresse, die zus\u00e4tzliche Umformkonfigurationen erm\u00f6glichen.<\/p>\n<p>F\u00fcr das Biegen verf\u00fcgen wir \u00fcber drei Rollenbiegemaschinen, mit denen Materialst\u00e4rken bis 45 mm und Bauteile bis zu 2 t bearbeitet werden k\u00f6nnen. Damit decken wir ein breites Spektrum an Radien und Abmessungen ab.<\/p>\n<p>Insgesamt erlaubt uns diese Maschinenkombination \u2013 bestehend aus Abkantpressen, Hydraulikpresse und Rollenbiegemaschinen \u2013 eine hohe Flexibilit\u00e4t bei der Bearbeitung unterschiedlichster Bauteilgeometrien sowie eine hohe Produktivit\u00e4t bei gleichzeitig optimierten Durchlaufzeiten.[\/vc_column_text][\/vc_column][vc_column width=&#8220;1\/2&#8243;]<div  class=\"wpb_content_element   clearfix\"><style type=\"text\/css\">#ut_am_69f3556a9efe8 { opacity: 1; }#ut_am_wrap_69f3556a9efea img,#ut_am_wrap_69f3556a9efea .ut-image-gallery-image-caption,#ut_am_wrap_69f3556a9efea .ut-box-shadow-container,#ut_am_wrap_69f3556a9efea .ut-box-shadow-container-inner,#ut_am_wrap_69f3556a9efea .ut-block-revealer-element-container,#ut_am_wrap_69f3556a9efea .ut-animated-image-zoom { -webkit-border-radius: 9px; -moz-border-radius: 9px; border-radius: 9px; }#ut_am_wrap_69f3556a9efea .ut-image-gallery-item-caption-title h3 { letter-spacing: 0em; }#ut_am_wrap_69f3556a9efea .ut-gallery-slider-caption { color: #999999; }#ut_am_wrap_69f3556a9efea .ut-gallery-slider-caption { font-weight: normal; }#ut_am_wrap_69f3556a9efea { text-align: right; }@media (min-width: 768px) and (max-width: 1024px) { #ut_am_wrap_69f3556a9efea { text-align: right !important; } }@media (max-width: 767px) { #ut_am_wrap_69f3556a9efea { text-align: center !important; } }<\/style><div id=\"ut_am_wrap_69f3556a9efea\" class=\"ut-image-gallery-image \"><div id=\"ut_reveal_69f3556a9efed\"  data-appear-top-offset=\"auto\" class=\"ut-animated-image-item ut-image-gallery-item ut-animation-done \"><a class=\"ut-deactivated-link\" href=\"#\"><div class=\"ut-animated-image-zoom\"><img loading=\"lazy\" decoding=\"async\" class=\"ut-lazy skip-lazy ut-animated-image \"  id=\"ut_am_69f3556a9efe8\" src=\"data:image\/svg+xml;charset=utf-8,%3Csvg xmlns%3D'http%3A%2F%2Fwww.w3.org%2F2000%2Fsvg' viewBox%3D'0 0 1204 925'%2F%3E\" data-src=\"https:\/\/oxiplant.com\/wp-content\/uploads\/2025\/10\/conformado-1.jpg\" width=\"1204\" height=\"925\" alt=\"\"\/><\/div><\/a><\/div><\/div><\/div>[\/vc_column][\/vc_row][\/vc_section][vc_section css=&#8220;.vc_custom_1764279907549{margin-bottom: 0px !important;background-color: #eeeeee !important;}&#8220;][vc_row full_width=&#8220;stretch_row_content&#8220; css=&#8220;.vc_custom_1764279945138{margin-bottom: 80px !important;}&#8220;][vc_column width=&#8220;1\/2&#8243;]<div  class=\"wpb_content_element   clearfix\"><style type=\"text\/css\">#ut_am_69f3556a9fc1a { opacity: 1; }#ut_am_wrap_69f3556a9fc1c .ut-image-gallery-item-caption-title h3 { letter-spacing: 0em; }#ut_am_wrap_69f3556a9fc1c .ut-gallery-slider-caption { font-weight: bold; }#ut_am_wrap_69f3556a9fc1c { text-align: left; }@media (min-width: 768px) and (max-width: 1024px) { #ut_am_wrap_69f3556a9fc1c { text-align: left !important; } }@media (max-width: 767px) { #ut_am_wrap_69f3556a9fc1c { text-align: center !important; } }<\/style><div id=\"ut_am_wrap_69f3556a9fc1c\" class=\"ut-image-gallery-image ani_zoom\"><div id=\"ut_reveal_69f3556a9fc1d\"  data-appear-top-offset=\"auto\" class=\"ut-animated-image-item ut-image-gallery-item ut-animation-done \"><a class=\"ut-deactivated-link\" href=\"#\"><div class=\"ut-animated-image-zoom\"><img loading=\"lazy\" decoding=\"async\" class=\"ut-lazy skip-lazy ut-animated-image \"  id=\"ut_am_69f3556a9fc1a\" src=\"data:image\/svg+xml;charset=utf-8,%3Csvg xmlns%3D'http%3A%2F%2Fwww.w3.org%2F2000%2Fsvg' viewBox%3D'0 0 1367 564'%2F%3E\" data-src=\"https:\/\/oxiplant.com\/wp-content\/uploads\/2026\/03\/servi-plegado-de.jpg\" width=\"1367\" height=\"564\" alt=\"\"\/><\/div><\/a><\/div><\/div><\/div>[\/vc_column][vc_column width=&#8220;1\/2&#8243;]<div  class=\"wpb_content_element   clearfix\"><style type=\"text\/css\">#ut_am_69f3556aa02b4 { opacity: 1; }#ut_am_wrap_69f3556aa02b5 .ut-image-gallery-item-caption-title h3 { letter-spacing: 0em; }#ut_am_wrap_69f3556aa02b5 .ut-gallery-slider-caption { font-weight: bold; }#ut_am_wrap_69f3556aa02b5 { text-align: left; }@media (min-width: 768px) and (max-width: 1024px) { #ut_am_wrap_69f3556aa02b5 { text-align: left !important; } }@media (max-width: 767px) { #ut_am_wrap_69f3556aa02b5 { text-align: center !important; } }<\/style><div id=\"ut_am_wrap_69f3556aa02b5\" class=\"ut-image-gallery-image ani_zoom\"><div id=\"ut_reveal_69f3556aa02b6\"  data-appear-top-offset=\"auto\" class=\"ut-animated-image-item ut-image-gallery-item ut-animation-done \"><a class=\"ut-deactivated-link\" href=\"#\"><div class=\"ut-animated-image-zoom\"><img loading=\"lazy\" decoding=\"async\" class=\"ut-lazy skip-lazy ut-animated-image \"  id=\"ut_am_69f3556aa02b4\" src=\"data:image\/svg+xml;charset=utf-8,%3Csvg xmlns%3D'http%3A%2F%2Fwww.w3.org%2F2000%2Fsvg' viewBox%3D'0 0 1367 564'%2F%3E\" data-src=\"https:\/\/oxiplant.com\/wp-content\/uploads\/2026\/03\/servi-curvado-de.jpg\" width=\"1367\" height=\"564\" alt=\"\"\/><\/div><\/a><\/div><\/div><\/div>[\/vc_column][\/vc_row][\/vc_section][vc_section][vc_row][vc_column width=&#8220;1\/6&#8243; css=&#8220;.vc_custom_1764283621195{margin-top: 15px !important;}&#8220;]<div  class=\"wpb_content_element   clearfix\"><style type=\"text\/css\">#ut_am_69f3556aa118b { opacity: 1; }#ut_am_wrap_69f3556aa118d .ut-image-gallery-item-caption-title h3 { color: #ffffff; }#ut_am_wrap_69f3556aa118d .ut-image-gallery-item-caption-title-style-2 h3 { color: #ffffff; }#ut_am_wrap_69f3556aa118d .ut-image-gallery-item-caption-title h3 { letter-spacing: 0em; }#ut_am_wrap_69f3556aa118d .ut-gallery-slider-caption { font-weight: bold; }#ut_am_wrap_69f3556aa118d { text-align: center; }@media (min-width: 768px) and (max-width: 1024px) { #ut_am_wrap_69f3556aa118d { text-align: center !important; } }@media (max-width: 767px) { #ut_am_wrap_69f3556aa118d { text-align: center !important; } }<\/style><div id=\"ut_am_wrap_69f3556aa118d\" class=\"ut-image-gallery-image ani_zoom\"><div id=\"ut_reveal_69f3556aa118e\"  data-appear-top-offset=\"auto\" class=\"ut-animated-image-item ut-image-gallery-item ut-animation-done \"><a target=\"_blank\" href=\"https:\/\/oxiplant.com\/new2\/wp-content\/uploads\/2025\/11\/OXIP_0094-CPR-MAD-20160126-SPA_Iss04-9Jun25-FPC-cer-EN1090.pdf\" rel=\"nofollow\"><div class=\"ut-animated-image-zoom\"><img loading=\"lazy\" decoding=\"async\" class=\"ut-lazy skip-lazy ut-animated-image \"  id=\"ut_am_69f3556aa118b\" src=\"data:image\/svg+xml;charset=utf-8,%3Csvg xmlns%3D'http%3A%2F%2Fwww.w3.org%2F2000%2Fsvg' viewBox%3D'0 0 300 190'%2F%3E\" data-src=\"https:\/\/oxiplant.com\/wp-content\/uploads\/2025\/11\/iso-1090-2.jpg\" width=\"300\" height=\"190\" alt=\"\"\/><\/div><\/a><\/div><\/div><\/div>[\/vc_column][vc_column width=&#8220;1\/6&#8243; css=&#8220;.vc_custom_1764283634822{margin-top: 15px !important;}&#8220;]<div  class=\"wpb_content_element   clearfix\"><style type=\"text\/css\">#ut_am_69f3556aa2370 { opacity: 1; }#ut_am_wrap_69f3556aa2373 .ut-image-gallery-item-caption-title h3 { color: #ffffff; }#ut_am_wrap_69f3556aa2373 .ut-image-gallery-item-caption-title-style-2 h3 { color: #ffffff; }#ut_am_wrap_69f3556aa2373 .ut-image-gallery-item-caption-title h3 { letter-spacing: 0em; }#ut_am_wrap_69f3556aa2373 .ut-gallery-slider-caption { font-weight: bold; }#ut_am_wrap_69f3556aa2373 { text-align: center; }@media (min-width: 768px) and (max-width: 1024px) { #ut_am_wrap_69f3556aa2373 { text-align: center !important; } }@media (max-width: 767px) { #ut_am_wrap_69f3556aa2373 { text-align: center !important; } }<\/style><div id=\"ut_am_wrap_69f3556aa2373\" class=\"ut-image-gallery-image ani_zoom\"><div id=\"ut_reveal_69f3556aa2374\"  data-appear-top-offset=\"auto\" class=\"ut-animated-image-item ut-image-gallery-item ut-animation-done \"><a target=\"_blank\" href=\"https:\/\/oxiplant.com\/new2\/wp-content\/uploads\/2025\/11\/0038343-QMS-SPAES-UKAS.pdf\" rel=\"nofollow\"><div class=\"ut-animated-image-zoom\"><img loading=\"lazy\" decoding=\"async\" class=\"ut-lazy skip-lazy ut-animated-image \"  id=\"ut_am_69f3556aa2370\" src=\"data:image\/svg+xml;charset=utf-8,%3Csvg xmlns%3D'http%3A%2F%2Fwww.w3.org%2F2000%2Fsvg' viewBox%3D'0 0 300 190'%2F%3E\" data-src=\"https:\/\/oxiplant.com\/wp-content\/uploads\/2025\/10\/calidad-2.webp\" width=\"300\" height=\"190\" alt=\"\"\/><\/div><\/a><\/div><\/div><\/div>[\/vc_column][vc_column width=&#8220;1\/6&#8243; css=&#8220;.vc_custom_1764283649688{margin-top: 15px !important;}&#8220;]<div  class=\"wpb_content_element   clearfix\"><style type=\"text\/css\">#ut_am_69f3556aa2c91 { opacity: 1; }#ut_am_wrap_69f3556aa2c93 .ut-image-gallery-item-caption-title h3 { color: #ffffff; }#ut_am_wrap_69f3556aa2c93 .ut-image-gallery-item-caption-title-style-2 h3 { color: #ffffff; }#ut_am_wrap_69f3556aa2c93 .ut-image-gallery-item-caption-title h3 { letter-spacing: 0em; }#ut_am_wrap_69f3556aa2c93 .ut-gallery-slider-caption { font-weight: bold; }#ut_am_wrap_69f3556aa2c93 { text-align: center; }@media (min-width: 768px) and (max-width: 1024px) { #ut_am_wrap_69f3556aa2c93 { text-align: center !important; } }@media (max-width: 767px) { #ut_am_wrap_69f3556aa2c93 { text-align: center !important; } }<\/style><div id=\"ut_am_wrap_69f3556aa2c93\" class=\"ut-image-gallery-image ani_zoom\"><div id=\"ut_reveal_69f3556aa2c94\"  data-appear-top-offset=\"auto\" class=\"ut-animated-image-item ut-image-gallery-item ut-animation-done \"><a target=\"_blank\" href=\"https:\/\/oxiplant.com\/new2\/wp-content\/uploads\/2025\/11\/00016995-EMS-SPAES-UKAS.pdf\" rel=\"nofollow\"><div class=\"ut-animated-image-zoom\"><img loading=\"lazy\" decoding=\"async\" class=\"ut-lazy skip-lazy ut-animated-image \"  id=\"ut_am_69f3556aa2c91\" src=\"data:image\/svg+xml;charset=utf-8,%3Csvg xmlns%3D'http%3A%2F%2Fwww.w3.org%2F2000%2Fsvg' viewBox%3D'0 0 300 193'%2F%3E\" data-src=\"https:\/\/oxiplant.com\/wp-content\/uploads\/2025\/10\/medioambiente.webp\" width=\"300\" height=\"193\" alt=\"\"\/><\/div><\/a><\/div><\/div><\/div>[\/vc_column][vc_column width=&#8220;1\/6&#8243; css=&#8220;.vc_custom_1764283665569{margin-top: 15px !important;}&#8220;]<div  class=\"wpb_content_element   clearfix\"><style type=\"text\/css\">#ut_am_69f3556aa34f3 { opacity: 1; }#ut_am_wrap_69f3556aa34f5 .ut-image-gallery-item-caption-title h3 { color: #ffffff; }#ut_am_wrap_69f3556aa34f5 .ut-image-gallery-item-caption-title-style-2 h3 { color: #ffffff; }#ut_am_wrap_69f3556aa34f5 .ut-image-gallery-item-caption-title h3 { letter-spacing: 0em; }#ut_am_wrap_69f3556aa34f5 .ut-gallery-slider-caption { font-weight: bold; }#ut_am_wrap_69f3556aa34f5 { text-align: center; }@media (min-width: 768px) and (max-width: 1024px) { #ut_am_wrap_69f3556aa34f5 { text-align: center !important; } }@media (max-width: 767px) { #ut_am_wrap_69f3556aa34f5 { text-align: center !important; } }<\/style><div id=\"ut_am_wrap_69f3556aa34f5\" class=\"ut-image-gallery-image ani_zoom\"><div id=\"ut_reveal_69f3556aa34f6\"  data-appear-top-offset=\"auto\" class=\"ut-animated-image-item ut-image-gallery-item ut-animation-done \"><a target=\"_blank\" href=\"https:\/\/oxiplant.com\/new2\/wp-content\/uploads\/2025\/11\/OXIP_Cert-3834-R2-1Sep25-SPA.pdf\" rel=\"nofollow\"><div class=\"ut-animated-image-zoom\"><img loading=\"lazy\" decoding=\"async\" class=\"ut-lazy skip-lazy ut-animated-image \"  id=\"ut_am_69f3556aa34f3\" src=\"data:image\/svg+xml;charset=utf-8,%3Csvg xmlns%3D'http%3A%2F%2Fwww.w3.org%2F2000%2Fsvg' viewBox%3D'0 0 300 190'%2F%3E\" data-src=\"https:\/\/oxiplant.com\/wp-content\/uploads\/2025\/11\/iso-3834.jpg\" width=\"300\" height=\"190\" alt=\"\"\/><\/div><\/a><\/div><\/div><\/div>[\/vc_column][vc_column width=&#8220;1\/6&#8243; css=&#8220;.vc_custom_1764283681323{margin-top: 15px !important;}&#8220;]<div  class=\"wpb_content_element   clearfix\"><style type=\"text\/css\">#ut_am_69f3556aa409c { opacity: 1; }#ut_am_wrap_69f3556aa409e .ut-image-gallery-item-caption-title h3 { color: #ffffff; }#ut_am_wrap_69f3556aa409e .ut-image-gallery-item-caption-title-style-2 h3 { color: #ffffff; }#ut_am_wrap_69f3556aa409e .ut-image-gallery-item-caption-title h3 { letter-spacing: 0em; }#ut_am_wrap_69f3556aa409e .ut-gallery-slider-caption { font-weight: bold; }#ut_am_wrap_69f3556aa409e { text-align: center; }@media (min-width: 768px) and (max-width: 1024px) { #ut_am_wrap_69f3556aa409e { text-align: center !important; } }@media (max-width: 767px) { #ut_am_wrap_69f3556aa409e { text-align: center !important; } }<\/style><div id=\"ut_am_wrap_69f3556aa409e\" class=\"ut-image-gallery-image ani_zoom\"><div id=\"ut_reveal_69f3556aa409f\"  data-appear-top-offset=\"auto\" class=\"ut-animated-image-item ut-image-gallery-item ut-animation-done \"><a target=\"_blank\" href=\"https:\/\/www.bureauveritas.dk\/en\/our-market\/apqp4wind?utm_source=google&#038;utm_medium=cpc&#038;gad_source=1&#038;gad_campaignid=1676330063&#038;gbraid=0AAAAAD28T32t2hKEXcw7JcM30Vaxr40iY&#038;gclid=CjwKCAiA55rJBhByEiwAFkY1QG0iBDQRekciHH0dIgsblVqHdnIgnglPMpL_zGsBaOnpgxHvH1W7aBoCFQQQAvD_BwE\" rel=\"nofollow\"><div class=\"ut-animated-image-zoom\"><img loading=\"lazy\" decoding=\"async\" class=\"ut-lazy skip-lazy ut-animated-image \"  id=\"ut_am_69f3556aa409c\" src=\"data:image\/svg+xml;charset=utf-8,%3Csvg xmlns%3D'http%3A%2F%2Fwww.w3.org%2F2000%2Fsvg' viewBox%3D'0 0 300 190'%2F%3E\" data-src=\"https:\/\/oxiplant.com\/wp-content\/uploads\/2025\/10\/apqp.jpg\" width=\"300\" height=\"190\" alt=\"\"\/><\/div><\/a><\/div><\/div><\/div>[\/vc_column][vc_column width=&#8220;1\/6&#8243; css=&#8220;.vc_custom_1764283694488{margin-top: 15px !important;}&#8220;]<div  class=\"wpb_content_element   clearfix\"><style type=\"text\/css\">#ut_am_69f3556aa5267 { opacity: 1; }#ut_am_wrap_69f3556aa5269 .ut-image-gallery-item-caption-title h3 { color: #ffffff; }#ut_am_wrap_69f3556aa5269 .ut-image-gallery-item-caption-title-style-2 h3 { color: #ffffff; }#ut_am_wrap_69f3556aa5269 .ut-image-gallery-item-caption-title h3 { letter-spacing: 0em; }#ut_am_wrap_69f3556aa5269 .ut-gallery-slider-caption { font-weight: bold; }#ut_am_wrap_69f3556aa5269 { text-align: center; }@media (min-width: 768px) and (max-width: 1024px) { #ut_am_wrap_69f3556aa5269 { text-align: center !important; } }@media (max-width: 767px) { #ut_am_wrap_69f3556aa5269 { text-align: center !important; } }<\/style><div id=\"ut_am_wrap_69f3556aa5269\" class=\"ut-image-gallery-image ani_zoom\"><div id=\"ut_reveal_69f3556aa526a\"  data-appear-top-offset=\"auto\" class=\"ut-animated-image-item ut-image-gallery-item ut-animation-done \"><a target=\"_blank\" href=\"https:\/\/ecovadis.com\/es\/\" rel=\"nofollow\"><div class=\"ut-animated-image-zoom\"><img decoding=\"async\" class=\"ut-lazy skip-lazy ut-animated-image \"  id=\"ut_am_69f3556aa5267\" src=\"data:image\/svg+xml;charset=utf-8,%3Csvg xmlns%3D'http%3A%2F%2Fwww.w3.org%2F2000%2Fsvg' viewBox%3D'0 0 118px 600'%2F%3E\" data-src=\"https:\/\/oxiplant.com\/wp-content\/uploads\/2025\/10\/reco-1.webp\" width=\"118px\" height=\"\" alt=\"\"\/><\/div><\/a><\/div><\/div><\/div>[\/vc_column][\/vc_row][\/vc_section]<\/p>\n<\/div>","protected":false},"excerpt":{"rendered":"<p>[vc_section][vc_row content_placement=&#8220;middle&#8220; css=&#8220;.vc_custom_1765487462989{margin-bottom: 0px !important;}&#8220;][vc_column width=&#8220;1\/2&#8243;][vc_column_text]Unsere vier CNC-Abkantpressen erm\u00f6glichen die Bearbeitung von Bauteilen bis zu 8.000 mm L\u00e4nge und einer Presskraft von bis zu 1.500 t. Damit sind wir in der Lage, sowohl kleine Bauteile als auch gro\u00dfformatige Komponenten effizient zu fertigen. Erg\u00e4nzt wird dieser Maschinenpark durch weitere Abkantpressen sowie eine Hydraulikpresse, die zus\u00e4tzliche Umformkonfigurationen [&hellip;]<\/p>\n","protected":false},"author":1,"featured_media":0,"parent":0,"menu_order":0,"comment_status":"closed","ping_status":"closed","template":"","meta":{"footnotes":""},"class_list":["post-7746","page","type-page","status-publish","hentry"],"acf":[],"yoast_head":"<!-- This site is optimized with the Yoast SEO plugin v27.1.1 - https:\/\/yoast.com\/product\/yoast-seo-wordpress\/ -->\n<title>Unformen - Oxiplant<\/title>\n<meta name=\"robots\" content=\"index, follow, max-snippet:-1, max-image-preview:large, max-video-preview:-1\" \/>\n<link rel=\"canonical\" href=\"https:\/\/oxiplant.com\/de\/formgebung\/\" \/>\n<meta property=\"og:locale\" content=\"de_DE\" \/>\n<meta property=\"og:type\" content=\"article\" \/>\n<meta property=\"og:title\" content=\"Unformen - Oxiplant\" \/>\n<meta property=\"og:description\" content=\"[vc_section][vc_row content_placement=&#8220;middle&#8220; css=&#8220;.vc_custom_1765487462989{margin-bottom: 0px !important;}&#8220;][vc_column width=&#8220;1\/2&#8243;][vc_column_text]Unsere vier CNC-Abkantpressen erm\u00f6glichen die Bearbeitung von Bauteilen bis zu 8.000 mm L\u00e4nge und einer Presskraft von bis zu 1.500 t. Damit sind wir in der Lage, sowohl kleine Bauteile als auch gro\u00dfformatige Komponenten effizient zu fertigen. Erg\u00e4nzt wird dieser Maschinenpark durch weitere Abkantpressen sowie eine Hydraulikpresse, die zus\u00e4tzliche Umformkonfigurationen [&hellip;]\" \/>\n<meta property=\"og:url\" content=\"https:\/\/oxiplant.com\/de\/formgebung\/\" \/>\n<meta property=\"og:site_name\" content=\"Oxiplant\" \/>\n<meta property=\"article:modified_time\" content=\"2026-03-26T15:12:17+00:00\" \/>\n<meta name=\"twitter:card\" content=\"summary_large_image\" \/>\n<meta name=\"twitter:label1\" content=\"Gesch\u00e4tzte Lesezeit\" \/>\n\t<meta name=\"twitter:data1\" content=\"10\u00a0Minuten\" \/>\n<script type=\"application\/ld+json\" class=\"yoast-schema-graph\">{\"@context\":\"https:\/\/schema.org\",\"@graph\":[{\"@type\":\"WebPage\",\"@id\":\"https:\/\/oxiplant.com\/de\/formgebung\/\",\"url\":\"https:\/\/oxiplant.com\/de\/formgebung\/\",\"name\":\"Unformen - Oxiplant\",\"isPartOf\":{\"@id\":\"https:\/\/oxiplant.com\/de\/#website\"},\"datePublished\":\"2025-10-15T05:15:15+00:00\",\"dateModified\":\"2026-03-26T15:12:17+00:00\",\"breadcrumb\":{\"@id\":\"https:\/\/oxiplant.com\/de\/formgebung\/#breadcrumb\"},\"inLanguage\":\"de\",\"potentialAction\":[{\"@type\":\"ReadAction\",\"target\":[\"https:\/\/oxiplant.com\/de\/formgebung\/\"]}]},{\"@type\":\"BreadcrumbList\",\"@id\":\"https:\/\/oxiplant.com\/de\/formgebung\/#breadcrumb\",\"itemListElement\":[{\"@type\":\"ListItem\",\"position\":1,\"name\":\"Portada\",\"item\":\"https:\/\/oxiplant.com\/de\/\"},{\"@type\":\"ListItem\",\"position\":2,\"name\":\"Unformen\"}]},{\"@type\":\"WebSite\",\"@id\":\"https:\/\/oxiplant.com\/de\/#website\",\"url\":\"https:\/\/oxiplant.com\/de\/\",\"name\":\"Oxiplant\",\"description\":\"\",\"potentialAction\":[{\"@type\":\"SearchAction\",\"target\":{\"@type\":\"EntryPoint\",\"urlTemplate\":\"https:\/\/oxiplant.com\/de\/?s={search_term_string}\"},\"query-input\":{\"@type\":\"PropertyValueSpecification\",\"valueRequired\":true,\"valueName\":\"search_term_string\"}}],\"inLanguage\":\"de\"}]}<\/script>\n<!-- \/ Yoast SEO plugin. -->","yoast_head_json":{"title":"Unformen - Oxiplant","robots":{"index":"index","follow":"follow","max-snippet":"max-snippet:-1","max-image-preview":"max-image-preview:large","max-video-preview":"max-video-preview:-1"},"canonical":"https:\/\/oxiplant.com\/de\/formgebung\/","og_locale":"de_DE","og_type":"article","og_title":"Unformen - Oxiplant","og_description":"[vc_section][vc_row content_placement=&#8220;middle&#8220; css=&#8220;.vc_custom_1765487462989{margin-bottom: 0px !important;}&#8220;][vc_column width=&#8220;1\/2&#8243;][vc_column_text]Unsere vier CNC-Abkantpressen erm\u00f6glichen die Bearbeitung von Bauteilen bis zu 8.000 mm L\u00e4nge und einer Presskraft von bis zu 1.500 t. Damit sind wir in der Lage, sowohl kleine Bauteile als auch gro\u00dfformatige Komponenten effizient zu fertigen. Erg\u00e4nzt wird dieser Maschinenpark durch weitere Abkantpressen sowie eine Hydraulikpresse, die zus\u00e4tzliche Umformkonfigurationen [&hellip;]","og_url":"https:\/\/oxiplant.com\/de\/formgebung\/","og_site_name":"Oxiplant","article_modified_time":"2026-03-26T15:12:17+00:00","twitter_card":"summary_large_image","twitter_misc":{"Gesch\u00e4tzte Lesezeit":"10\u00a0Minuten"},"schema":{"@context":"https:\/\/schema.org","@graph":[{"@type":"WebPage","@id":"https:\/\/oxiplant.com\/de\/formgebung\/","url":"https:\/\/oxiplant.com\/de\/formgebung\/","name":"Unformen - Oxiplant","isPartOf":{"@id":"https:\/\/oxiplant.com\/de\/#website"},"datePublished":"2025-10-15T05:15:15+00:00","dateModified":"2026-03-26T15:12:17+00:00","breadcrumb":{"@id":"https:\/\/oxiplant.com\/de\/formgebung\/#breadcrumb"},"inLanguage":"de","potentialAction":[{"@type":"ReadAction","target":["https:\/\/oxiplant.com\/de\/formgebung\/"]}]},{"@type":"BreadcrumbList","@id":"https:\/\/oxiplant.com\/de\/formgebung\/#breadcrumb","itemListElement":[{"@type":"ListItem","position":1,"name":"Portada","item":"https:\/\/oxiplant.com\/de\/"},{"@type":"ListItem","position":2,"name":"Unformen"}]},{"@type":"WebSite","@id":"https:\/\/oxiplant.com\/de\/#website","url":"https:\/\/oxiplant.com\/de\/","name":"Oxiplant","description":"","potentialAction":[{"@type":"SearchAction","target":{"@type":"EntryPoint","urlTemplate":"https:\/\/oxiplant.com\/de\/?s={search_term_string}"},"query-input":{"@type":"PropertyValueSpecification","valueRequired":true,"valueName":"search_term_string"}}],"inLanguage":"de"}]}},"_links":{"self":[{"href":"https:\/\/oxiplant.com\/de\/wp-json\/wp\/v2\/pages\/7746","targetHints":{"allow":["GET"]}}],"collection":[{"href":"https:\/\/oxiplant.com\/de\/wp-json\/wp\/v2\/pages"}],"about":[{"href":"https:\/\/oxiplant.com\/de\/wp-json\/wp\/v2\/types\/page"}],"author":[{"embeddable":true,"href":"https:\/\/oxiplant.com\/de\/wp-json\/wp\/v2\/users\/1"}],"replies":[{"embeddable":true,"href":"https:\/\/oxiplant.com\/de\/wp-json\/wp\/v2\/comments?post=7746"}],"version-history":[{"count":2,"href":"https:\/\/oxiplant.com\/de\/wp-json\/wp\/v2\/pages\/7746\/revisions"}],"predecessor-version":[{"id":8111,"href":"https:\/\/oxiplant.com\/de\/wp-json\/wp\/v2\/pages\/7746\/revisions\/8111"}],"wp:attachment":[{"href":"https:\/\/oxiplant.com\/de\/wp-json\/wp\/v2\/media?parent=7746"}],"curies":[{"name":"wp","href":"https:\/\/api.w.org\/{rel}","templated":true}]}}