{"id":7752,"date":"2025-11-12T20:43:55","date_gmt":"2025-11-12T19:43:55","guid":{"rendered":"https:\/\/oxiplant.com\/new2\/rueckverfolgbarkeit\/"},"modified":"2026-02-25T12:42:08","modified_gmt":"2026-02-25T11:42:08","slug":"rueckverfolgbarkeit","status":"publish","type":"page","link":"https:\/\/oxiplant.com\/de\/rueckverfolgbarkeit\/","title":{"rendered":"R\u00fcckverfolgbarkeit"},"content":{"rendered":"<div class=\"wpb-content-wrapper\"><p>[vc_section][vc_row content_placement=&#8220;middle&#8220; css=&#8220;.vc_custom_1764184956141{margin-bottom: 80px !important;}&#8220;][vc_column width=&#8220;1\/2&#8243;][vc_column_text]<\/p>\n<p class=\"p1\">Bei <b>Oxiplant<\/b> ist R\u00fcckverfolgbarkeit weit mehr als eine normative Anforderung \u2013 sie ist ein zentrales Instrument zur Sicherstellung von <b>Qualit\u00e4t, Transparenz und Zuverl\u00e4ssigkeit<\/b> in allen Produktionsprozessen.<\/p>\n<p class=\"p1\">Von der Wareneingangskontrolle des Rohmaterials bis zur Auslieferung des Endprodukts wird jedes Bauteil eindeutig identifiziert, \u00fcberwacht und dokumentiert. Dadurch lassen sich jederzeit Herkunft, durchgef\u00fchrte Bearbeitungsschritte sowie die verantwortlichen Stellen jeder Prozessphase nachvollziehen.<\/p>\n<p class=\"p1\">Unser R\u00fcckverfolgbarkeitssystem ist vollst\u00e4ndig in das <b>ERP-System <\/b>integriert und erm\u00f6glicht eine digitale, bidirektionale Kontrolle s\u00e4mtlicher auftrags- und projektbezogener Informationen.<\/p>\n<p class=\"p1\">Jede angelieferte Blechtafel bzw. jedes Material wird dokumentarisch gepr\u00fcft, einschlie\u00dflich der Verifikation von Zertifikaten und technischen Eigenschaften. Anschlie\u00dfend erh\u00e4lt das Material eine eindeutige R\u00fcckverfolgungsnummer, die es w\u00e4hrend seines gesamten Lebenszyklus bei Oxiplant begleitet. <\/p>\n<p class=\"p1\">[\/vc_column_text][\/vc_column][vc_column width=&#8220;1\/2&#8243; css=&#8220;.vc_custom_1760485443069{padding-left: 50px !important;}&#8220;]<div  class=\"wpb_content_element   clearfix\"><style type=\"text\/css\">#ut_am_69f2f2b92a49e { opacity: 1; }#ut_am_wrap_69f2f2b92a49f img,#ut_am_wrap_69f2f2b92a49f .ut-image-gallery-image-caption,#ut_am_wrap_69f2f2b92a49f .ut-box-shadow-container,#ut_am_wrap_69f2f2b92a49f .ut-box-shadow-container-inner,#ut_am_wrap_69f2f2b92a49f .ut-block-revealer-element-container,#ut_am_wrap_69f2f2b92a49f .ut-animated-image-zoom { -webkit-border-radius: 9px; -moz-border-radius: 9px; border-radius: 9px; }#ut_am_wrap_69f2f2b92a49f .ut-image-gallery-item-caption-title h3 { letter-spacing: 0em; }#ut_am_wrap_69f2f2b92a49f .ut-gallery-slider-caption { color: #999999; }#ut_am_wrap_69f2f2b92a49f .ut-gallery-slider-caption { font-weight: normal; }#ut_am_wrap_69f2f2b92a49f { text-align: right; }@media (min-width: 768px) and (max-width: 1024px) { #ut_am_wrap_69f2f2b92a49f { text-align: right !important; } }@media (max-width: 767px) { #ut_am_wrap_69f2f2b92a49f { text-align: center !important; } }<\/style><div id=\"ut_am_wrap_69f2f2b92a49f\" class=\"ut-image-gallery-image \"><div id=\"ut_reveal_69f2f2b92a4a1\"  data-appear-top-offset=\"auto\" class=\"ut-animated-image-item ut-image-gallery-item ut-animation-done \"><a class=\"ut-deactivated-link\" href=\"#\"><div class=\"ut-animated-image-zoom\"><img loading=\"lazy\" decoding=\"async\" class=\"ut-lazy skip-lazy ut-animated-image \"  id=\"ut_am_69f2f2b92a49e\" src=\"data:image\/svg+xml;charset=utf-8,%3Csvg xmlns%3D'http%3A%2F%2Fwww.w3.org%2F2000%2Fsvg' viewBox%3D'0 0 1492 1244'%2F%3E\" data-src=\"https:\/\/oxiplant.com\/wp-content\/uploads\/2025\/11\/trazabilidad-1-2.jpg\" width=\"1492\" height=\"1244\" alt=\"\"\/><\/div><\/a><\/div><\/div><\/div>[\/vc_column][\/vc_row][\/vc_section][vc_section css=&#8220;.vc_custom_1763492255251{margin-top: 0px !important;border-top-width: 0px !important;padding-top: 0px !important;}&#8220;][vc_row content_placement=&#8220;middle&#8220; css=&#8220;.vc_custom_1764184906853{margin-bottom: 80px !important;}&#8220;][vc_column width=&#8220;1\/2&#8243; css=&#8220;.vc_custom_1760485443069{padding-left: 50px !important;}&#8220;]<div  class=\"wpb_content_element   clearfix\"><style type=\"text\/css\">#ut_am_69f2f2b92acff { opacity: 1; }#ut_am_wrap_69f2f2b92ad00 img,#ut_am_wrap_69f2f2b92ad00 .ut-image-gallery-image-caption,#ut_am_wrap_69f2f2b92ad00 .ut-box-shadow-container,#ut_am_wrap_69f2f2b92ad00 .ut-box-shadow-container-inner,#ut_am_wrap_69f2f2b92ad00 .ut-block-revealer-element-container,#ut_am_wrap_69f2f2b92ad00 .ut-animated-image-zoom { -webkit-border-radius: 9px; -moz-border-radius: 9px; border-radius: 9px; }#ut_am_wrap_69f2f2b92ad00 .ut-image-gallery-item-caption-title h3 { letter-spacing: 0em; }#ut_am_wrap_69f2f2b92ad00 .ut-gallery-slider-caption { color: #999999; }#ut_am_wrap_69f2f2b92ad00 .ut-gallery-slider-caption { font-weight: normal; }#ut_am_wrap_69f2f2b92ad00 { text-align: right; }@media (min-width: 768px) and (max-width: 1024px) { #ut_am_wrap_69f2f2b92ad00 { text-align: right !important; } }@media (max-width: 767px) { #ut_am_wrap_69f2f2b92ad00 { text-align: center !important; } }<\/style><div id=\"ut_am_wrap_69f2f2b92ad00\" class=\"ut-image-gallery-image \"><div id=\"ut_reveal_69f2f2b92ad01\"  data-appear-top-offset=\"auto\" class=\"ut-animated-image-item ut-image-gallery-item ut-animation-done \"><a class=\"ut-deactivated-link\" href=\"#\"><div class=\"ut-animated-image-zoom\"><img loading=\"lazy\" decoding=\"async\" class=\"ut-lazy skip-lazy ut-animated-image \"  id=\"ut_am_69f2f2b92acff\" src=\"data:image\/svg+xml;charset=utf-8,%3Csvg xmlns%3D'http%3A%2F%2Fwww.w3.org%2F2000%2Fsvg' viewBox%3D'0 0 1492 1128'%2F%3E\" data-src=\"https:\/\/oxiplant.com\/wp-content\/uploads\/2025\/11\/trazabilidad-2-2.jpg\" width=\"1492\" height=\"1128\" alt=\"\"\/><\/div><\/a><\/div><\/div><\/div>[\/vc_column][vc_column width=&#8220;1\/2&#8243;][vc_column_text]<\/p>\n<p class=\"p1\">Alle weiteren Bearbeitungsschritte \u2013 Schneiden, Abkanten, Biegen, Zerspanen, Schwei\u00dfen oder Oberfl\u00e4chenbehandlung \u2013 werden unter diesem eindeutigen Code erfasst. Dadurch kann jedes fertige Bauteil unmittelbar der eingesetzten Blechtafel, dem zugeh\u00f6rigen Einkaufsauftrag sowie den entsprechenden Qualit\u00e4tsnachweisen zugeordnet werden. <\/p>\n<p class=\"p1\">Die R\u00fcckverfolgung erfolgt sowohl vorw\u00e4rts- als auch r\u00fcckw\u00e4rtsgerichtet. So l\u00e4sst sich jederzeit feststellen, welche Materialien in einem bestimmten Auftrag verwendet wurden oder umgekehrt, in welchen Produkten ein bestimmtes Material eingesetzt ist. Diese bidirektionale R\u00fcckverfolgbarkeit ist insbesondere in Branchen mit h\u00f6chsten Anforderungen an Pr\u00e4zision und Dokumentationssicherheit von entscheidender Bedeutung \u2013 etwa im <b>Schiffbau, in der Energieerzeugung, der Industrie, der Nukleartechnik oder der Verteidigungsindustrie<\/b>. <\/p>\n<p>[\/vc_column_text][\/vc_column][\/vc_row][vc_row][vc_column width=&#8220;1\/6&#8243; css=&#8220;.vc_custom_1764283621195{margin-top: 15px !important;}&#8220;]<div  class=\"wpb_content_element   clearfix\"><style type=\"text\/css\">#ut_am_69f2f2b92b75e { opacity: 1; }#ut_am_wrap_69f2f2b92b760 .ut-image-gallery-item-caption-title h3 { color: #ffffff; }#ut_am_wrap_69f2f2b92b760 .ut-image-gallery-item-caption-title-style-2 h3 { color: #ffffff; }#ut_am_wrap_69f2f2b92b760 .ut-image-gallery-item-caption-title h3 { letter-spacing: 0em; }#ut_am_wrap_69f2f2b92b760 .ut-gallery-slider-caption { font-weight: bold; }#ut_am_wrap_69f2f2b92b760 { text-align: center; }@media (min-width: 768px) and (max-width: 1024px) { #ut_am_wrap_69f2f2b92b760 { text-align: center !important; } }@media (max-width: 767px) { #ut_am_wrap_69f2f2b92b760 { text-align: center !important; } }<\/style><div id=\"ut_am_wrap_69f2f2b92b760\" class=\"ut-image-gallery-image ani_zoom\"><div id=\"ut_reveal_69f2f2b92b761\"  data-appear-top-offset=\"auto\" class=\"ut-animated-image-item ut-image-gallery-item ut-animation-done \"><a target=\"_blank\" href=\"https:\/\/oxiplant.com\/new2\/wp-content\/uploads\/2025\/11\/OXIP_0094-CPR-MAD-20160126-SPA_Iss04-9Jun25-FPC-cer-EN1090.pdf\" rel=\"nofollow\"><div class=\"ut-animated-image-zoom\"><img loading=\"lazy\" decoding=\"async\" class=\"ut-lazy skip-lazy ut-animated-image \"  id=\"ut_am_69f2f2b92b75e\" src=\"data:image\/svg+xml;charset=utf-8,%3Csvg xmlns%3D'http%3A%2F%2Fwww.w3.org%2F2000%2Fsvg' viewBox%3D'0 0 300 190'%2F%3E\" data-src=\"https:\/\/oxiplant.com\/wp-content\/uploads\/2025\/11\/iso-1090-2.jpg\" width=\"300\" height=\"190\" alt=\"\"\/><\/div><\/a><\/div><\/div><\/div>[\/vc_column][vc_column width=&#8220;1\/6&#8243; css=&#8220;.vc_custom_1764283634822{margin-top: 15px !important;}&#8220;]<div  class=\"wpb_content_element   clearfix\"><style type=\"text\/css\">#ut_am_69f2f2b92c056 { opacity: 1; }#ut_am_wrap_69f2f2b92c057 .ut-image-gallery-item-caption-title h3 { color: #ffffff; }#ut_am_wrap_69f2f2b92c057 .ut-image-gallery-item-caption-title-style-2 h3 { color: #ffffff; }#ut_am_wrap_69f2f2b92c057 .ut-image-gallery-item-caption-title h3 { letter-spacing: 0em; }#ut_am_wrap_69f2f2b92c057 .ut-gallery-slider-caption { font-weight: bold; }#ut_am_wrap_69f2f2b92c057 { text-align: center; }@media (min-width: 768px) and (max-width: 1024px) { #ut_am_wrap_69f2f2b92c057 { text-align: center !important; } }@media (max-width: 767px) { #ut_am_wrap_69f2f2b92c057 { text-align: center !important; } }<\/style><div id=\"ut_am_wrap_69f2f2b92c057\" class=\"ut-image-gallery-image ani_zoom\"><div id=\"ut_reveal_69f2f2b92c058\"  data-appear-top-offset=\"auto\" class=\"ut-animated-image-item ut-image-gallery-item ut-animation-done \"><a target=\"_blank\" href=\"https:\/\/oxiplant.com\/new2\/wp-content\/uploads\/2025\/11\/0038343-QMS-SPAES-UKAS.pdf\" rel=\"nofollow\"><div class=\"ut-animated-image-zoom\"><img loading=\"lazy\" decoding=\"async\" class=\"ut-lazy skip-lazy ut-animated-image \"  id=\"ut_am_69f2f2b92c056\" src=\"data:image\/svg+xml;charset=utf-8,%3Csvg xmlns%3D'http%3A%2F%2Fwww.w3.org%2F2000%2Fsvg' viewBox%3D'0 0 300 190'%2F%3E\" data-src=\"https:\/\/oxiplant.com\/wp-content\/uploads\/2025\/10\/calidad-2.webp\" width=\"300\" height=\"190\" alt=\"\"\/><\/div><\/a><\/div><\/div><\/div>[\/vc_column][vc_column width=&#8220;1\/6&#8243; css=&#8220;.vc_custom_1764283649688{margin-top: 15px !important;}&#8220;]<div  class=\"wpb_content_element   clearfix\"><style type=\"text\/css\">#ut_am_69f2f2b92c7fe { opacity: 1; }#ut_am_wrap_69f2f2b92c802 .ut-image-gallery-item-caption-title h3 { color: #ffffff; }#ut_am_wrap_69f2f2b92c802 .ut-image-gallery-item-caption-title-style-2 h3 { color: #ffffff; }#ut_am_wrap_69f2f2b92c802 .ut-image-gallery-item-caption-title h3 { letter-spacing: 0em; }#ut_am_wrap_69f2f2b92c802 .ut-gallery-slider-caption { font-weight: bold; }#ut_am_wrap_69f2f2b92c802 { text-align: center; }@media (min-width: 768px) and (max-width: 1024px) { #ut_am_wrap_69f2f2b92c802 { text-align: center !important; } }@media (max-width: 767px) { #ut_am_wrap_69f2f2b92c802 { text-align: center !important; } }<\/style><div id=\"ut_am_wrap_69f2f2b92c802\" class=\"ut-image-gallery-image ani_zoom\"><div id=\"ut_reveal_69f2f2b92c803\"  data-appear-top-offset=\"auto\" class=\"ut-animated-image-item ut-image-gallery-item ut-animation-done \"><a target=\"_blank\" href=\"https:\/\/oxiplant.com\/new2\/wp-content\/uploads\/2025\/11\/00016995-EMS-SPAES-UKAS.pdf\" rel=\"nofollow\"><div class=\"ut-animated-image-zoom\"><img loading=\"lazy\" decoding=\"async\" class=\"ut-lazy skip-lazy ut-animated-image \"  id=\"ut_am_69f2f2b92c7fe\" src=\"data:image\/svg+xml;charset=utf-8,%3Csvg xmlns%3D'http%3A%2F%2Fwww.w3.org%2F2000%2Fsvg' viewBox%3D'0 0 300 193'%2F%3E\" data-src=\"https:\/\/oxiplant.com\/wp-content\/uploads\/2025\/10\/medioambiente.webp\" width=\"300\" height=\"193\" alt=\"\"\/><\/div><\/a><\/div><\/div><\/div>[\/vc_column][vc_column width=&#8220;1\/6&#8243; css=&#8220;.vc_custom_1764283665569{margin-top: 15px !important;}&#8220;]<div  class=\"wpb_content_element   clearfix\"><style type=\"text\/css\">#ut_am_69f2f2b92cfc9 { opacity: 1; }#ut_am_wrap_69f2f2b92cfca .ut-image-gallery-item-caption-title h3 { color: #ffffff; }#ut_am_wrap_69f2f2b92cfca .ut-image-gallery-item-caption-title-style-2 h3 { color: #ffffff; }#ut_am_wrap_69f2f2b92cfca .ut-image-gallery-item-caption-title h3 { letter-spacing: 0em; }#ut_am_wrap_69f2f2b92cfca .ut-gallery-slider-caption { font-weight: bold; }#ut_am_wrap_69f2f2b92cfca { text-align: center; }@media (min-width: 768px) and (max-width: 1024px) { #ut_am_wrap_69f2f2b92cfca { text-align: center !important; } }@media (max-width: 767px) { #ut_am_wrap_69f2f2b92cfca { text-align: center !important; } }<\/style><div id=\"ut_am_wrap_69f2f2b92cfca\" class=\"ut-image-gallery-image ani_zoom\"><div id=\"ut_reveal_69f2f2b92cfcb\"  data-appear-top-offset=\"auto\" class=\"ut-animated-image-item ut-image-gallery-item ut-animation-done \"><a target=\"_blank\" href=\"https:\/\/oxiplant.com\/new2\/wp-content\/uploads\/2025\/11\/OXIP_Cert-3834-R2-1Sep25-SPA.pdf\" rel=\"nofollow\"><div class=\"ut-animated-image-zoom\"><img loading=\"lazy\" decoding=\"async\" class=\"ut-lazy skip-lazy ut-animated-image \"  id=\"ut_am_69f2f2b92cfc9\" src=\"data:image\/svg+xml;charset=utf-8,%3Csvg xmlns%3D'http%3A%2F%2Fwww.w3.org%2F2000%2Fsvg' viewBox%3D'0 0 300 190'%2F%3E\" data-src=\"https:\/\/oxiplant.com\/wp-content\/uploads\/2025\/11\/iso-3834.jpg\" width=\"300\" height=\"190\" alt=\"\"\/><\/div><\/a><\/div><\/div><\/div>[\/vc_column][vc_column width=&#8220;1\/6&#8243; css=&#8220;.vc_custom_1764283681323{margin-top: 15px !important;}&#8220;]<div  class=\"wpb_content_element   clearfix\"><style type=\"text\/css\">#ut_am_69f2f2b92d8f7 { opacity: 1; }#ut_am_wrap_69f2f2b92d8fa .ut-image-gallery-item-caption-title h3 { color: #ffffff; }#ut_am_wrap_69f2f2b92d8fa .ut-image-gallery-item-caption-title-style-2 h3 { color: #ffffff; }#ut_am_wrap_69f2f2b92d8fa .ut-image-gallery-item-caption-title h3 { letter-spacing: 0em; }#ut_am_wrap_69f2f2b92d8fa .ut-gallery-slider-caption { font-weight: bold; }#ut_am_wrap_69f2f2b92d8fa { text-align: center; }@media (min-width: 768px) and (max-width: 1024px) { #ut_am_wrap_69f2f2b92d8fa { text-align: center !important; } }@media (max-width: 767px) { #ut_am_wrap_69f2f2b92d8fa { text-align: center !important; } }<\/style><div id=\"ut_am_wrap_69f2f2b92d8fa\" class=\"ut-image-gallery-image ani_zoom\"><div id=\"ut_reveal_69f2f2b92d8fc\"  data-appear-top-offset=\"auto\" class=\"ut-animated-image-item ut-image-gallery-item ut-animation-done \"><a target=\"_blank\" href=\"https:\/\/www.bureauveritas.dk\/en\/our-market\/apqp4wind?utm_source=google&#038;utm_medium=cpc&#038;gad_source=1&#038;gad_campaignid=1676330063&#038;gbraid=0AAAAAD28T32t2hKEXcw7JcM30Vaxr40iY&#038;gclid=CjwKCAiA55rJBhByEiwAFkY1QG0iBDQRekciHH0dIgsblVqHdnIgnglPMpL_zGsBaOnpgxHvH1W7aBoCFQQQAvD_BwE\" rel=\"nofollow\"><div class=\"ut-animated-image-zoom\"><img loading=\"lazy\" decoding=\"async\" class=\"ut-lazy skip-lazy ut-animated-image \"  id=\"ut_am_69f2f2b92d8f7\" src=\"data:image\/svg+xml;charset=utf-8,%3Csvg xmlns%3D'http%3A%2F%2Fwww.w3.org%2F2000%2Fsvg' viewBox%3D'0 0 300 190'%2F%3E\" data-src=\"https:\/\/oxiplant.com\/wp-content\/uploads\/2025\/10\/apqp.jpg\" width=\"300\" height=\"190\" alt=\"\"\/><\/div><\/a><\/div><\/div><\/div>[\/vc_column][vc_column width=&#8220;1\/6&#8243; css=&#8220;.vc_custom_1764283694488{margin-top: 15px !important;}&#8220;]<div  class=\"wpb_content_element   clearfix\"><style type=\"text\/css\">#ut_am_69f2f2b92ece9 { opacity: 1; }#ut_am_wrap_69f2f2b92eceb .ut-image-gallery-item-caption-title h3 { color: #ffffff; }#ut_am_wrap_69f2f2b92eceb .ut-image-gallery-item-caption-title-style-2 h3 { color: #ffffff; }#ut_am_wrap_69f2f2b92eceb .ut-image-gallery-item-caption-title h3 { letter-spacing: 0em; }#ut_am_wrap_69f2f2b92eceb .ut-gallery-slider-caption { font-weight: bold; }#ut_am_wrap_69f2f2b92eceb { text-align: center; }@media (min-width: 768px) and (max-width: 1024px) { #ut_am_wrap_69f2f2b92eceb { text-align: center !important; } }@media (max-width: 767px) { #ut_am_wrap_69f2f2b92eceb { text-align: center !important; } }<\/style><div id=\"ut_am_wrap_69f2f2b92eceb\" class=\"ut-image-gallery-image ani_zoom\"><div id=\"ut_reveal_69f2f2b92ecec\"  data-appear-top-offset=\"auto\" class=\"ut-animated-image-item ut-image-gallery-item ut-animation-done \"><a target=\"_blank\" href=\"https:\/\/ecovadis.com\/es\/\" rel=\"nofollow\"><div class=\"ut-animated-image-zoom\"><img decoding=\"async\" class=\"ut-lazy skip-lazy ut-animated-image \"  id=\"ut_am_69f2f2b92ece9\" src=\"data:image\/svg+xml;charset=utf-8,%3Csvg xmlns%3D'http%3A%2F%2Fwww.w3.org%2F2000%2Fsvg' viewBox%3D'0 0 118px 600'%2F%3E\" data-src=\"https:\/\/oxiplant.com\/wp-content\/uploads\/2025\/10\/reco-1.webp\" width=\"118px\" height=\"\" alt=\"\"\/><\/div><\/a><\/div><\/div><\/div>[\/vc_column][\/vc_row][\/vc_section]<\/p>\n<\/div>","protected":false},"excerpt":{"rendered":"<p>[vc_section][vc_row content_placement=&#8220;middle&#8220; css=&#8220;.vc_custom_1764184956141{margin-bottom: 80px !important;}&#8220;][vc_column width=&#8220;1\/2&#8243;][vc_column_text] Bei Oxiplant ist R\u00fcckverfolgbarkeit weit mehr als eine normative Anforderung \u2013 sie ist ein zentrales Instrument zur Sicherstellung von Qualit\u00e4t, Transparenz und Zuverl\u00e4ssigkeit in allen Produktionsprozessen. Von der Wareneingangskontrolle des Rohmaterials bis zur Auslieferung des Endprodukts wird jedes Bauteil eindeutig identifiziert, \u00fcberwacht und dokumentiert. Dadurch lassen sich jederzeit Herkunft, [&hellip;]<\/p>\n","protected":false},"author":1,"featured_media":0,"parent":0,"menu_order":0,"comment_status":"closed","ping_status":"closed","template":"","meta":{"footnotes":""},"class_list":["post-7752","page","type-page","status-publish","hentry"],"acf":[],"yoast_head":"<!-- This site is optimized with the Yoast SEO plugin v27.1.1 - https:\/\/yoast.com\/product\/yoast-seo-wordpress\/ -->\n<title>R\u00fcckverfolgbarkeit - Oxiplant<\/title>\n<meta name=\"robots\" content=\"index, follow, max-snippet:-1, max-image-preview:large, max-video-preview:-1\" \/>\n<link rel=\"canonical\" href=\"https:\/\/oxiplant.com\/de\/rueckverfolgbarkeit\/\" \/>\n<meta property=\"og:locale\" content=\"de_DE\" \/>\n<meta property=\"og:type\" content=\"article\" \/>\n<meta property=\"og:title\" content=\"R\u00fcckverfolgbarkeit - Oxiplant\" \/>\n<meta property=\"og:description\" content=\"[vc_section][vc_row content_placement=&#8220;middle&#8220; css=&#8220;.vc_custom_1764184956141{margin-bottom: 80px !important;}&#8220;][vc_column width=&#8220;1\/2&#8243;][vc_column_text] Bei Oxiplant ist R\u00fcckverfolgbarkeit weit mehr als eine normative Anforderung \u2013 sie ist ein zentrales Instrument zur Sicherstellung von Qualit\u00e4t, Transparenz und Zuverl\u00e4ssigkeit in allen Produktionsprozessen. Von der Wareneingangskontrolle des Rohmaterials bis zur Auslieferung des Endprodukts wird jedes Bauteil eindeutig identifiziert, \u00fcberwacht und dokumentiert. Dadurch lassen sich jederzeit Herkunft, [&hellip;]\" \/>\n<meta property=\"og:url\" content=\"https:\/\/oxiplant.com\/de\/rueckverfolgbarkeit\/\" \/>\n<meta property=\"og:site_name\" content=\"Oxiplant\" \/>\n<meta property=\"article:modified_time\" content=\"2026-02-25T11:42:08+00:00\" \/>\n<meta name=\"twitter:card\" content=\"summary_large_image\" \/>\n<meta name=\"twitter:label1\" content=\"Gesch\u00e4tzte Lesezeit\" \/>\n\t<meta name=\"twitter:data1\" content=\"10\u00a0Minuten\" \/>\n<script type=\"application\/ld+json\" class=\"yoast-schema-graph\">{\"@context\":\"https:\/\/schema.org\",\"@graph\":[{\"@type\":\"WebPage\",\"@id\":\"https:\/\/oxiplant.com\/de\/rueckverfolgbarkeit\/\",\"url\":\"https:\/\/oxiplant.com\/de\/rueckverfolgbarkeit\/\",\"name\":\"R\u00fcckverfolgbarkeit - Oxiplant\",\"isPartOf\":{\"@id\":\"https:\/\/oxiplant.com\/de\/#website\"},\"datePublished\":\"2025-11-12T19:43:55+00:00\",\"dateModified\":\"2026-02-25T11:42:08+00:00\",\"breadcrumb\":{\"@id\":\"https:\/\/oxiplant.com\/de\/rueckverfolgbarkeit\/#breadcrumb\"},\"inLanguage\":\"de\",\"potentialAction\":[{\"@type\":\"ReadAction\",\"target\":[\"https:\/\/oxiplant.com\/de\/rueckverfolgbarkeit\/\"]}]},{\"@type\":\"BreadcrumbList\",\"@id\":\"https:\/\/oxiplant.com\/de\/rueckverfolgbarkeit\/#breadcrumb\",\"itemListElement\":[{\"@type\":\"ListItem\",\"position\":1,\"name\":\"Portada\",\"item\":\"https:\/\/oxiplant.com\/de\/\"},{\"@type\":\"ListItem\",\"position\":2,\"name\":\"R\u00fcckverfolgbarkeit\"}]},{\"@type\":\"WebSite\",\"@id\":\"https:\/\/oxiplant.com\/de\/#website\",\"url\":\"https:\/\/oxiplant.com\/de\/\",\"name\":\"Oxiplant\",\"description\":\"\",\"potentialAction\":[{\"@type\":\"SearchAction\",\"target\":{\"@type\":\"EntryPoint\",\"urlTemplate\":\"https:\/\/oxiplant.com\/de\/?s={search_term_string}\"},\"query-input\":{\"@type\":\"PropertyValueSpecification\",\"valueRequired\":true,\"valueName\":\"search_term_string\"}}],\"inLanguage\":\"de\"}]}<\/script>\n<!-- \/ Yoast SEO plugin. -->","yoast_head_json":{"title":"R\u00fcckverfolgbarkeit - Oxiplant","robots":{"index":"index","follow":"follow","max-snippet":"max-snippet:-1","max-image-preview":"max-image-preview:large","max-video-preview":"max-video-preview:-1"},"canonical":"https:\/\/oxiplant.com\/de\/rueckverfolgbarkeit\/","og_locale":"de_DE","og_type":"article","og_title":"R\u00fcckverfolgbarkeit - Oxiplant","og_description":"[vc_section][vc_row content_placement=&#8220;middle&#8220; css=&#8220;.vc_custom_1764184956141{margin-bottom: 80px !important;}&#8220;][vc_column width=&#8220;1\/2&#8243;][vc_column_text] Bei Oxiplant ist R\u00fcckverfolgbarkeit weit mehr als eine normative Anforderung \u2013 sie ist ein zentrales Instrument zur Sicherstellung von Qualit\u00e4t, Transparenz und Zuverl\u00e4ssigkeit in allen Produktionsprozessen. Von der Wareneingangskontrolle des Rohmaterials bis zur Auslieferung des Endprodukts wird jedes Bauteil eindeutig identifiziert, \u00fcberwacht und dokumentiert. Dadurch lassen sich jederzeit Herkunft, [&hellip;]","og_url":"https:\/\/oxiplant.com\/de\/rueckverfolgbarkeit\/","og_site_name":"Oxiplant","article_modified_time":"2026-02-25T11:42:08+00:00","twitter_card":"summary_large_image","twitter_misc":{"Gesch\u00e4tzte Lesezeit":"10\u00a0Minuten"},"schema":{"@context":"https:\/\/schema.org","@graph":[{"@type":"WebPage","@id":"https:\/\/oxiplant.com\/de\/rueckverfolgbarkeit\/","url":"https:\/\/oxiplant.com\/de\/rueckverfolgbarkeit\/","name":"R\u00fcckverfolgbarkeit - Oxiplant","isPartOf":{"@id":"https:\/\/oxiplant.com\/de\/#website"},"datePublished":"2025-11-12T19:43:55+00:00","dateModified":"2026-02-25T11:42:08+00:00","breadcrumb":{"@id":"https:\/\/oxiplant.com\/de\/rueckverfolgbarkeit\/#breadcrumb"},"inLanguage":"de","potentialAction":[{"@type":"ReadAction","target":["https:\/\/oxiplant.com\/de\/rueckverfolgbarkeit\/"]}]},{"@type":"BreadcrumbList","@id":"https:\/\/oxiplant.com\/de\/rueckverfolgbarkeit\/#breadcrumb","itemListElement":[{"@type":"ListItem","position":1,"name":"Portada","item":"https:\/\/oxiplant.com\/de\/"},{"@type":"ListItem","position":2,"name":"R\u00fcckverfolgbarkeit"}]},{"@type":"WebSite","@id":"https:\/\/oxiplant.com\/de\/#website","url":"https:\/\/oxiplant.com\/de\/","name":"Oxiplant","description":"","potentialAction":[{"@type":"SearchAction","target":{"@type":"EntryPoint","urlTemplate":"https:\/\/oxiplant.com\/de\/?s={search_term_string}"},"query-input":{"@type":"PropertyValueSpecification","valueRequired":true,"valueName":"search_term_string"}}],"inLanguage":"de"}]}},"_links":{"self":[{"href":"https:\/\/oxiplant.com\/de\/wp-json\/wp\/v2\/pages\/7752","targetHints":{"allow":["GET"]}}],"collection":[{"href":"https:\/\/oxiplant.com\/de\/wp-json\/wp\/v2\/pages"}],"about":[{"href":"https:\/\/oxiplant.com\/de\/wp-json\/wp\/v2\/types\/page"}],"author":[{"embeddable":true,"href":"https:\/\/oxiplant.com\/de\/wp-json\/wp\/v2\/users\/1"}],"replies":[{"embeddable":true,"href":"https:\/\/oxiplant.com\/de\/wp-json\/wp\/v2\/comments?post=7752"}],"version-history":[{"count":1,"href":"https:\/\/oxiplant.com\/de\/wp-json\/wp\/v2\/pages\/7752\/revisions"}],"predecessor-version":[{"id":7980,"href":"https:\/\/oxiplant.com\/de\/wp-json\/wp\/v2\/pages\/7752\/revisions\/7980"}],"wp:attachment":[{"href":"https:\/\/oxiplant.com\/de\/wp-json\/wp\/v2\/media?parent=7752"}],"curies":[{"name":"wp","href":"https:\/\/api.w.org\/{rel}","templated":true}]}}