{"id":7758,"date":"2025-10-27T16:27:47","date_gmt":"2025-10-27T15:27:47","guid":{"rendered":"https:\/\/oxiplant.com\/new2\/lieferkette-2\/"},"modified":"2025-10-27T16:27:47","modified_gmt":"2025-10-27T15:27:47","slug":"lieferkette-2","status":"publish","type":"page","link":"https:\/\/oxiplant.com\/de\/lieferkette-2\/","title":{"rendered":"Lieferkette 2"},"content":{"rendered":"<div class=\"wpb-content-wrapper\"><p>[vc_section][vc_row css=&#8220;.vc_custom_1467568839237{margin-bottom: 80px !important;}&#8220;][vc_column width=&#8220;1\/2&#8243;][vc_empty_space][vc_column_text]Bei Oxiplant garantieren wir einen effizienten und flexiblen Logistikservice, der durch ein solides und strategisch g\u00fcnstig gelegenes Lieferantennetzwerk unterst\u00fctzt wird.<\/p>\n<p>Unser Werk liegt nur 500 Meter vom Stahlwerk ArcelorMittal und 100 Meter von Norsider entfernt, wodurch wir schnellen Zugang zu hochwertigen Rohstoffen haben.<br \/>Dank des durchschnittlichen Lagerbestands von 40.000 Tonnen Kohlenstoffstahl-Grobblech bei Norsider gew\u00e4hrleisten wir sofortige Verf\u00fcgbarkeit und eine schnelle Reaktion auf jede Anfrage.<\/p>\n<p>Wir sind Teil der Grupo Norsider, einem 1979 gegr\u00fcndeten Privatunternehmen mit Sitz in Gij\u00f3n, das sich dem Vertrieb und der Vermarktung von dickem Kohlenstoffstahlblech widmet.[\/vc_column_text][\/vc_column][vc_column width=&#8220;1\/2&#8243; css=&#8220;.vc_custom_1760485591380{padding-left: 50px !important;}&#8220;]<div  class=\"wpb_content_element   clearfix\"><style type=\"text\/css\">#ut_am_69f28f3a1fc7f { opacity: 1; }#ut_am_wrap_69f28f3a1fc80 img,#ut_am_wrap_69f28f3a1fc80 .ut-image-gallery-image-caption,#ut_am_wrap_69f28f3a1fc80 .ut-box-shadow-container,#ut_am_wrap_69f28f3a1fc80 .ut-box-shadow-container-inner,#ut_am_wrap_69f28f3a1fc80 .ut-block-revealer-element-container,#ut_am_wrap_69f28f3a1fc80 .ut-animated-image-zoom { -webkit-border-radius: 9px; -moz-border-radius: 9px; border-radius: 9px; }#ut_am_wrap_69f28f3a1fc80 .ut-image-gallery-item-caption-title h3 { letter-spacing: 0em; }#ut_am_wrap_69f28f3a1fc80 .ut-gallery-slider-caption { color: #999999; }#ut_am_wrap_69f28f3a1fc80 .ut-gallery-slider-caption { font-weight: normal; }#ut_am_wrap_69f28f3a1fc80 { text-align: right; }@media (min-width: 768px) and (max-width: 1024px) { #ut_am_wrap_69f28f3a1fc80 { text-align: right !important; } }@media (max-width: 767px) { #ut_am_wrap_69f28f3a1fc80 { text-align: center !important; } }<\/style><div id=\"ut_am_wrap_69f28f3a1fc80\" class=\"ut-image-gallery-image \"><div id=\"ut_reveal_69f28f3a1fc82\"  data-appear-top-offset=\"auto\" class=\"ut-animated-image-item ut-image-gallery-item ut-animation-done \"><a class=\"ut-deactivated-link\" href=\"#\"><div class=\"ut-animated-image-zoom\"><img loading=\"lazy\" decoding=\"async\" class=\"ut-lazy skip-lazy ut-animated-image \"  id=\"ut_am_69f28f3a1fc7f\" src=\"data:image\/svg+xml;charset=utf-8,%3Csvg xmlns%3D'http%3A%2F%2Fwww.w3.org%2F2000%2Fsvg' viewBox%3D'0 0 1396 1106'%2F%3E\" data-src=\"https:\/\/oxiplant.com\/wp-content\/uploads\/2025\/10\/supply-chain-1.jpg\" width=\"1396\" height=\"1106\" alt=\"\"\/><\/div><\/a><\/div><\/div><\/div>[\/vc_column][\/vc_row][vc_row css=&#8220;.vc_custom_1467568839237{margin-bottom: 80px !important;}&#8220;][vc_column width=&#8220;1\/2&#8243; css=&#8220;.vc_custom_1760485591380{padding-left: 50px !important;}&#8220;]<div class=\"wpb_content_element  vc_custom_1764182519782\"><style type=\"text\/css\">#ut_vs_69f28f3a203c7.ut-shortcode-video-wrap .ut-video-module-caption-text span { font-weight: bold; }<\/style><div id=\"ut_vs_69f28f3a203c7\" class=\"ut-shortcode-video-wrap  ut-shortcode-video-wrap-tablet- ut-shortcode-video-wrap-mobile- clearfix\" ><div id=\"ut_reveal_69f28f3a203c9\"  class=\"ut-video-module \"><div class=\"ut-video-module-caption \"><a class=\"ut-load-video \" data-source=\"mp4\" data-autoplay=\"0\" data-nonce=\"98409d6e4d\" data-location=\"inline\"   data-video=\"https:\/\/oxiplant.com\/wp-content\/uploads\/2025\/11\/norsider.mp4\" data-html=\"#ut_vid_69f28f3a3243d\">\r\n        <img loading=\"lazy\" decoding=\"async\" data-adaptive-images=\"{&quot;300&quot;:&quot;https:\\\/\\\/oxiplant.com\\\/wp-content\\\/uploads\\\/2025\\\/11\\\/norsider-video-300x169.jpg&quot;,&quot;500&quot;:&quot;https:\\\/\\\/oxiplant.com\\\/wp-content\\\/uploads\\\/2025\\\/11\\\/norsider-video-500x281.jpg&quot;,&quot;750&quot;:&quot;https:\\\/\\\/oxiplant.com\\\/wp-content\\\/uploads\\\/2025\\\/11\\\/norsider-video-750x421.jpg&quot;,&quot;1000&quot;:&quot;https:\\\/\\\/oxiplant.com\\\/wp-content\\\/uploads\\\/2025\\\/11\\\/norsider-video-1000x562.jpg&quot;,&quot;1500&quot;:&quot;https:\\\/\\\/oxiplant.com\\\/wp-content\\\/uploads\\\/2025\\\/11\\\/norsider-video-1500x843.jpg&quot;,&quot;2500&quot;:&quot;https:\\\/\\\/oxiplant.com\\\/wp-content\\\/uploads\\\/2025\\\/11\\\/norsider-video-2500x1405.jpg&quot;}\" src=\"data:image\/svg+xml;charset=utf-8,%3Csvg xmlns%3D&#039;http%3A%2F%2Fwww.w3.org%2F2000%2Fsvg&#039; viewBox%3D&#039;0 0 1500 843&#039;%2F%3E\" width=\"1500\" height=\"843\" data-src=\"https:\/\/oxiplant.com\/wp-content\/uploads\/2025\/11\/norsider-video-1500x843.jpg\" data-image-id=\"5954\" class=\"ut-adaptive-image wp-post-image skip-lazy \">\r\n\r\n        <div class=\"ut-video-module-caption-text\"><div class=\"ut-video-module-inner-caption-text ut-video-module-empty-caption ut-video-module-caption-position-default\"><div class=\"ut-video-module-play-icon \"><i class=\"Bklyn-Core-Right-6\" aria-hidden=\"true\"><\/i><\/div><\/div><\/div><\/a><\/div><div class=\"ut-video-module-loading\"><div class=\"ut-image-gallery-loader\"><div class=\"ut-image-gallery-loader-inner\"><\/div><\/div><\/div><\/div><\/div><\/div>[\/vc_column][vc_column width=&#8220;1\/2&#8243; css=&#8220;.vc_custom_1764183015144{margin-left: 40px !important;}&#8220;][vc_empty_space][vc_column_text]Norsider war das erste Stahlblechlager in Spanien, das von Lloyd&#8217;s Register das Qualit\u00e4tszertifikat ISO 9001 erhielt, eine Anerkennung, die sein Engagement f\u00fcr Qualit\u00e4t, R\u00fcckverfolgbarkeit und exzellenten Service widerspiegelt.<\/p>\n<p>Bei Oxiplant verf\u00fcgen wir \u00fcber zwei eigene Lagerh\u00e4user, eine Flotte von Lkw und Lieferwagen sowie w\u00f6chentliche Handelsrouten nach Deutschland, Frankreich und Portugal, wodurch wir schnelle, pr\u00e4zise und sichere Lieferungen in ganz Europa anbieten k\u00f6nnen, die stets auf die maximale Zufriedenheit unserer Kunden ausgerichtet sind.[\/vc_column_text][\/vc_column][\/vc_row][vc_row full_width=&#8220;&#8220; css=&#8220;.vc_custom_1762974096816{margin-bottom: 80px !important;}&#8220;][vc_column][\/vc_column][\/vc_row][\/vc_section]<\/p>\n<\/div>","protected":false},"excerpt":{"rendered":"<p>[vc_section][vc_row css=&#8220;.vc_custom_1467568839237{margin-bottom: 80px !important;}&#8220;][vc_column width=&#8220;1\/2&#8243;][vc_empty_space][vc_column_text]Bei Oxiplant garantieren wir einen effizienten und flexiblen Logistikservice, der durch ein solides und strategisch g\u00fcnstig gelegenes Lieferantennetzwerk unterst\u00fctzt wird. Unser Werk liegt nur 500 Meter vom Stahlwerk ArcelorMittal und 100 Meter von Norsider entfernt, wodurch wir schnellen Zugang zu hochwertigen Rohstoffen haben.Dank des durchschnittlichen Lagerbestands von 40.000 Tonnen Kohlenstoffstahl-Grobblech bei [&hellip;]<\/p>\n","protected":false},"author":1,"featured_media":0,"parent":0,"menu_order":0,"comment_status":"closed","ping_status":"closed","template":"","meta":{"footnotes":""},"class_list":["post-7758","page","type-page","status-publish","hentry"],"acf":[],"yoast_head":"<!-- This site is optimized with the Yoast SEO plugin v27.1.1 - https:\/\/yoast.com\/product\/yoast-seo-wordpress\/ -->\n<title>Lieferkette 2 - Oxiplant<\/title>\n<meta name=\"robots\" content=\"index, follow, max-snippet:-1, max-image-preview:large, max-video-preview:-1\" \/>\n<link rel=\"canonical\" href=\"https:\/\/oxiplant.com\/de\/lieferkette-2\/\" \/>\n<meta property=\"og:locale\" content=\"de_DE\" \/>\n<meta property=\"og:type\" content=\"article\" \/>\n<meta property=\"og:title\" content=\"Lieferkette 2 - Oxiplant\" \/>\n<meta property=\"og:description\" content=\"[vc_section][vc_row css=&#8220;.vc_custom_1467568839237{margin-bottom: 80px !important;}&#8220;][vc_column width=&#8220;1\/2&#8243;][vc_empty_space][vc_column_text]Bei Oxiplant garantieren wir einen effizienten und flexiblen Logistikservice, der durch ein solides und strategisch g\u00fcnstig gelegenes Lieferantennetzwerk unterst\u00fctzt wird. Unser Werk liegt nur 500 Meter vom Stahlwerk ArcelorMittal und 100 Meter von Norsider entfernt, wodurch wir schnellen Zugang zu hochwertigen Rohstoffen haben.Dank des durchschnittlichen Lagerbestands von 40.000 Tonnen Kohlenstoffstahl-Grobblech bei [&hellip;]\" \/>\n<meta property=\"og:url\" content=\"https:\/\/oxiplant.com\/de\/lieferkette-2\/\" \/>\n<meta property=\"og:site_name\" content=\"Oxiplant\" \/>\n<meta name=\"twitter:card\" content=\"summary_large_image\" \/>\n<meta name=\"twitter:label1\" content=\"Gesch\u00e4tzte Lesezeit\" \/>\n\t<meta name=\"twitter:data1\" content=\"2\u00a0Minuten\" \/>\n<script type=\"application\/ld+json\" class=\"yoast-schema-graph\">{\"@context\":\"https:\/\/schema.org\",\"@graph\":[{\"@type\":\"WebPage\",\"@id\":\"https:\/\/oxiplant.com\/de\/lieferkette-2\/\",\"url\":\"https:\/\/oxiplant.com\/de\/lieferkette-2\/\",\"name\":\"Lieferkette 2 - Oxiplant\",\"isPartOf\":{\"@id\":\"https:\/\/oxiplant.com\/de\/#website\"},\"datePublished\":\"2025-10-27T15:27:47+00:00\",\"breadcrumb\":{\"@id\":\"https:\/\/oxiplant.com\/de\/lieferkette-2\/#breadcrumb\"},\"inLanguage\":\"de\",\"potentialAction\":[{\"@type\":\"ReadAction\",\"target\":[\"https:\/\/oxiplant.com\/de\/lieferkette-2\/\"]}]},{\"@type\":\"BreadcrumbList\",\"@id\":\"https:\/\/oxiplant.com\/de\/lieferkette-2\/#breadcrumb\",\"itemListElement\":[{\"@type\":\"ListItem\",\"position\":1,\"name\":\"Portada\",\"item\":\"https:\/\/oxiplant.com\/de\/\"},{\"@type\":\"ListItem\",\"position\":2,\"name\":\"Lieferkette 2\"}]},{\"@type\":\"WebSite\",\"@id\":\"https:\/\/oxiplant.com\/de\/#website\",\"url\":\"https:\/\/oxiplant.com\/de\/\",\"name\":\"Oxiplant\",\"description\":\"\",\"potentialAction\":[{\"@type\":\"SearchAction\",\"target\":{\"@type\":\"EntryPoint\",\"urlTemplate\":\"https:\/\/oxiplant.com\/de\/?s={search_term_string}\"},\"query-input\":{\"@type\":\"PropertyValueSpecification\",\"valueRequired\":true,\"valueName\":\"search_term_string\"}}],\"inLanguage\":\"de\"}]}<\/script>\n<!-- \/ Yoast SEO plugin. -->","yoast_head_json":{"title":"Lieferkette 2 - Oxiplant","robots":{"index":"index","follow":"follow","max-snippet":"max-snippet:-1","max-image-preview":"max-image-preview:large","max-video-preview":"max-video-preview:-1"},"canonical":"https:\/\/oxiplant.com\/de\/lieferkette-2\/","og_locale":"de_DE","og_type":"article","og_title":"Lieferkette 2 - Oxiplant","og_description":"[vc_section][vc_row css=&#8220;.vc_custom_1467568839237{margin-bottom: 80px !important;}&#8220;][vc_column width=&#8220;1\/2&#8243;][vc_empty_space][vc_column_text]Bei Oxiplant garantieren wir einen effizienten und flexiblen Logistikservice, der durch ein solides und strategisch g\u00fcnstig gelegenes Lieferantennetzwerk unterst\u00fctzt wird. Unser Werk liegt nur 500 Meter vom Stahlwerk ArcelorMittal und 100 Meter von Norsider entfernt, wodurch wir schnellen Zugang zu hochwertigen Rohstoffen haben.Dank des durchschnittlichen Lagerbestands von 40.000 Tonnen Kohlenstoffstahl-Grobblech bei [&hellip;]","og_url":"https:\/\/oxiplant.com\/de\/lieferkette-2\/","og_site_name":"Oxiplant","twitter_card":"summary_large_image","twitter_misc":{"Gesch\u00e4tzte Lesezeit":"2\u00a0Minuten"},"schema":{"@context":"https:\/\/schema.org","@graph":[{"@type":"WebPage","@id":"https:\/\/oxiplant.com\/de\/lieferkette-2\/","url":"https:\/\/oxiplant.com\/de\/lieferkette-2\/","name":"Lieferkette 2 - Oxiplant","isPartOf":{"@id":"https:\/\/oxiplant.com\/de\/#website"},"datePublished":"2025-10-27T15:27:47+00:00","breadcrumb":{"@id":"https:\/\/oxiplant.com\/de\/lieferkette-2\/#breadcrumb"},"inLanguage":"de","potentialAction":[{"@type":"ReadAction","target":["https:\/\/oxiplant.com\/de\/lieferkette-2\/"]}]},{"@type":"BreadcrumbList","@id":"https:\/\/oxiplant.com\/de\/lieferkette-2\/#breadcrumb","itemListElement":[{"@type":"ListItem","position":1,"name":"Portada","item":"https:\/\/oxiplant.com\/de\/"},{"@type":"ListItem","position":2,"name":"Lieferkette 2"}]},{"@type":"WebSite","@id":"https:\/\/oxiplant.com\/de\/#website","url":"https:\/\/oxiplant.com\/de\/","name":"Oxiplant","description":"","potentialAction":[{"@type":"SearchAction","target":{"@type":"EntryPoint","urlTemplate":"https:\/\/oxiplant.com\/de\/?s={search_term_string}"},"query-input":{"@type":"PropertyValueSpecification","valueRequired":true,"valueName":"search_term_string"}}],"inLanguage":"de"}]}},"_links":{"self":[{"href":"https:\/\/oxiplant.com\/de\/wp-json\/wp\/v2\/pages\/7758","targetHints":{"allow":["GET"]}}],"collection":[{"href":"https:\/\/oxiplant.com\/de\/wp-json\/wp\/v2\/pages"}],"about":[{"href":"https:\/\/oxiplant.com\/de\/wp-json\/wp\/v2\/types\/page"}],"author":[{"embeddable":true,"href":"https:\/\/oxiplant.com\/de\/wp-json\/wp\/v2\/users\/1"}],"replies":[{"embeddable":true,"href":"https:\/\/oxiplant.com\/de\/wp-json\/wp\/v2\/comments?post=7758"}],"version-history":[{"count":0,"href":"https:\/\/oxiplant.com\/de\/wp-json\/wp\/v2\/pages\/7758\/revisions"}],"wp:attachment":[{"href":"https:\/\/oxiplant.com\/de\/wp-json\/wp\/v2\/media?parent=7758"}],"curies":[{"name":"wp","href":"https:\/\/api.w.org\/{rel}","templated":true}]}}