{"id":7768,"date":"2025-10-14T19:10:40","date_gmt":"2025-10-14T17:10:40","guid":{"rendered":"https:\/\/oxiplant.com\/new2\/fe\/"},"modified":"2026-02-25T11:41:25","modified_gmt":"2026-02-25T10:41:25","slug":"fe","status":"publish","type":"page","link":"https:\/\/oxiplant.com\/de\/fe\/","title":{"rendered":"Innovation+Digitalisierung"},"content":{"rendered":"<div class=\"wpb-content-wrapper\"><p>[vc_section][vc_row css=&#8220;.vc_custom_1467568839237{margin-bottom: 80px !important;}&#8220;][vc_column width=&#8220;1\/2&#8243;][vc_empty_space height=&#8220;15px&#8220;][vc_column_text]Wir treiben die industrielle Zukunft mit modernster Forschung und Entwicklung voran.<\/p>\n<p>Wir integrieren Oberfl\u00e4chenbehandlungen wie Kugelstrahlen und Schleifen sowie <strong>Automatisierung und Robotisierung<\/strong> f\u00fcr einen kontinuierlichen Betrieb.<\/p>\n<p>Unsere Innovationsstrategie erstreckt sich auf alle Abteilungen, einschlie\u00dflich Marketing, Logistik und Qualit\u00e4t, und wir setzen k\u00fcnstliche Intelligenz und R\u00fcckverfolgbarkeitstechnologien wie QR-Codes ein, um jedes einzelne Teil genau zu verfolgen.<\/p>\n<p>Wir sind auch auf kundenspezifisches Design und Entwicklung spezialisiert, mit EPC-Projekten und technischer Unterst\u00fctzung bei der Montage.[\/vc_column_text][\/vc_column][vc_column width=&#8220;1\/2&#8243; css=&#8220;.vc_custom_1760485591380{padding-left: 50px !important;}&#8220;]<div  class=\"wpb_content_element   clearfix\"><style type=\"text\/css\">#ut_am_69f63d28da85f { opacity: 1; }#ut_am_wrap_69f63d28da861 img,#ut_am_wrap_69f63d28da861 .ut-image-gallery-image-caption,#ut_am_wrap_69f63d28da861 .ut-box-shadow-container,#ut_am_wrap_69f63d28da861 .ut-box-shadow-container-inner,#ut_am_wrap_69f63d28da861 .ut-block-revealer-element-container,#ut_am_wrap_69f63d28da861 .ut-animated-image-zoom { -webkit-border-radius: 9px; -moz-border-radius: 9px; border-radius: 9px; }#ut_am_wrap_69f63d28da861 .ut-image-gallery-item-caption-title h3 { letter-spacing: 0em; }#ut_am_wrap_69f63d28da861 .ut-gallery-slider-caption { color: #999999; }#ut_am_wrap_69f63d28da861 .ut-gallery-slider-caption { font-weight: normal; }#ut_am_wrap_69f63d28da861 { text-align: right; }@media (min-width: 768px) and (max-width: 1024px) { #ut_am_wrap_69f63d28da861 { text-align: right !important; } }@media (max-width: 767px) { #ut_am_wrap_69f63d28da861 { text-align: center !important; } }<\/style><div id=\"ut_am_wrap_69f63d28da861\" class=\"ut-image-gallery-image \"><div id=\"ut_reveal_69f63d28da863\"  data-appear-top-offset=\"auto\" class=\"ut-animated-image-item ut-image-gallery-item ut-animation-done \"><a class=\"ut-deactivated-link\" href=\"#\"><div class=\"ut-animated-image-zoom\"><img loading=\"lazy\" decoding=\"async\" class=\"ut-lazy skip-lazy ut-animated-image \"  id=\"ut_am_69f63d28da85f\" src=\"data:image\/svg+xml;charset=utf-8,%3Csvg xmlns%3D'http%3A%2F%2Fwww.w3.org%2F2000%2Fsvg' viewBox%3D'0 0 1492 952'%2F%3E\" data-src=\"https:\/\/oxiplant.com\/wp-content\/uploads\/2025\/12\/id-1-4.jpg\" width=\"1492\" height=\"952\" alt=\"\"\/><\/div><\/a><\/div><\/div><\/div>[\/vc_column][\/vc_row][vc_row css=&#8220;.vc_custom_1467568839237{margin-bottom: 80px !important;}&#8220;][vc_column width=&#8220;1\/2&#8243;]<div  class=\"wpb_content_element   clearfix\"><style type=\"text\/css\">#ut_am_69f63d28db751 { opacity: 1; }#ut_am_wrap_69f63d28db753 img,#ut_am_wrap_69f63d28db753 .ut-image-gallery-image-caption,#ut_am_wrap_69f63d28db753 .ut-box-shadow-container,#ut_am_wrap_69f63d28db753 .ut-box-shadow-container-inner,#ut_am_wrap_69f63d28db753 .ut-block-revealer-element-container,#ut_am_wrap_69f63d28db753 .ut-animated-image-zoom { -webkit-border-radius: 9px; -moz-border-radius: 9px; border-radius: 9px; }#ut_am_wrap_69f63d28db753 .ut-image-gallery-item-caption-title h3 { letter-spacing: 0em; }#ut_am_wrap_69f63d28db753 .ut-gallery-slider-caption { font-weight: bold; }#ut_am_wrap_69f63d28db753 { text-align: left; }@media (min-width: 768px) and (max-width: 1024px) { #ut_am_wrap_69f63d28db753 { text-align: left !important; } }@media (max-width: 767px) { #ut_am_wrap_69f63d28db753 { text-align: center !important; } }<\/style><div id=\"ut_am_wrap_69f63d28db753\" class=\"ut-image-gallery-image \"><div id=\"ut_reveal_69f63d28db754\"  data-appear-top-offset=\"auto\" class=\"ut-animated-image-item ut-image-gallery-item ut-animation-done \"><a class=\"ut-deactivated-link\" href=\"#\"><div class=\"ut-animated-image-zoom\"><img loading=\"lazy\" decoding=\"async\" class=\"ut-lazy skip-lazy ut-animated-image \"  id=\"ut_am_69f63d28db751\" src=\"data:image\/svg+xml;charset=utf-8,%3Csvg xmlns%3D'http%3A%2F%2Fwww.w3.org%2F2000%2Fsvg' viewBox%3D'0 0 1492 1418'%2F%3E\" data-src=\"https:\/\/oxiplant.com\/wp-content\/uploads\/2025\/10\/id-2.jpg\" width=\"1492\" height=\"1418\" alt=\"\"\/><\/div><\/a><\/div><\/div><\/div>[\/vc_column][vc_column width=&#8220;1\/2&#8243;]<div class=\"wpb_content_element \"><style type=\"text\/css\">#ut_header_69f63d28dc13e h2.section-title { font-size:24px !important; }<\/style><header id=\"ut_header_69f63d28dc13e\" class=\"section-header  ut-no-title-linebreak-mobile ut-no-lead-linebreak-mobile pt-style-2 header-left header-tablet-left header-mobile-center\"><h2 data-title=\"3D-Modellierung\"  data-responsive-font=\"section_title\" data-responsive-font-settings=\"{&quot;base-font-size&quot;:&quot;24&quot;,&quot;font-size-unit&quot;:&quot;px&quot;,&quot;font-size&quot;:{&quot;desktop_large&quot;:&quot;24&quot;},&quot;base-line-height&quot;:&quot;global&quot;,&quot;base-letter-spacing&quot;:&quot;global&quot;}\" class=\"section-title  \"><span>3D-Modellierung<\/span><\/h2><\/header><\/div>[vc_column_text]Bei Oxiplant kombinieren wir unsere Erfahrung im Schneiden von Blechen und Stahlrohren mit <strong>modernster 3D<\/strong>-Modellierungstechnologie, um Ergebnisse von h\u00f6chster Pr\u00e4zision zu erzielen. Jedes Projekt beginnt mit einer detaillierten digitalen Nachbildung des gew\u00fcnschten Produkts, wodurch wir m\u00f6gliche Anpassungen vorhersehen, Prozesse optimieren und eine reibungslose Entwicklung von Anfang an gew\u00e4hrleisten k\u00f6nnen. <\/p>\n<p>Die dreidimensionale Modellierung verbessert nicht nur die technische Genauigkeit, sondern bietet unseren Kunden auch eine <strong>klare und realistische Visualisierung der Teile vor ihrer Herstellung<\/strong>. Auf diese Weise k\u00f6nnen sie Ma\u00dfe, Oberfl\u00e4chen und Montagen mit absoluter Sicherheit \u00fcberpr\u00fcfen, wodurch Produktionszeiten verk\u00fcrzt und kostspielige Fehler vermieden werden.<\/p>\n<p>Dank dieses Ansatzes erreichen wir bei Oxiplant eine <strong>perfekte Synergie zwischen Technik, Design und Fertigung<\/strong> und stellen sicher, dass jeder Schnitt, jede Biegung und jede Bearbeitung mit h\u00f6chster Pr\u00e4zision ausgef\u00fchrt wird. Unser Engagement f\u00fcr Qualit\u00e4t und Innovation erm\u00f6glicht es uns, ma\u00dfgeschneiderte und effiziente L\u00f6sungen f\u00fcr die anspruchsvollsten Branchen anzubieten: Industrie, Metallurgie, Architektur und Energie. [\/vc_column_text][\/vc_column][\/vc_row][\/vc_section][vc_section css=&#8220;.vc_custom_1763489782277{margin-top: 0px !important;border-top-width: 0px !important;padding-top: 0px !important;}&#8220;][vc_row css=&#8220;.vc_custom_1467568839237{margin-bottom: 80px !important;}&#8220;][vc_column width=&#8220;1\/2&#8243;]<div class=\"wpb_content_element \"><style type=\"text\/css\">#ut_header_69f63d28e4a3e h2.section-title { font-size:36px !important; }<\/style><header id=\"ut_header_69f63d28e4a3e\" class=\"section-header  ut-no-title-linebreak-mobile ut-no-lead-linebreak-mobile pt-style-1 header-left header-tablet-left header-mobile-center\"><h2 data-title=\"ZWEITER PREIS F\u00dcR DIGITALISIERUNG UND INNOVATION 2024\"  data-responsive-font=\"section_title\" data-responsive-font-settings=\"{&quot;base-font-size&quot;:&quot;global&quot;,&quot;font-size&quot;:{&quot;desktop_large&quot;:&quot;36&quot;},&quot;base-line-height&quot;:&quot;global&quot;,&quot;base-letter-spacing&quot;:&quot;global&quot;}\" class=\"bklyn-divider-styles bklyn-divider-style-1 section-title \"><span>ZWEITER PREIS F\u00dcR DIGITALISIERUNG UND INNOVATION 2024<\/span><\/h2><\/header><\/div>[vc_column_text]<\/p>\n<p class=\"p1\">Oxiplant hat den zweiten Preis DIGITALISIERUNG UND INNOVATION 2024 des VIII. Preises KMU des Jahres Asturien 2024 erhalten.<\/p>\n<p>[\/vc_column_text][\/vc_column][vc_column width=&#8220;1\/2&#8243; css=&#8220;.vc_custom_1760485443069{padding-left: 50px !important;}&#8220;]<div  class=\"wpb_content_element   clearfix\"><style type=\"text\/css\">#ut_am_69f63d28e6989 { opacity: 1; }#ut_am_wrap_69f63d28e698c img,#ut_am_wrap_69f63d28e698c .ut-image-gallery-image-caption,#ut_am_wrap_69f63d28e698c .ut-box-shadow-container,#ut_am_wrap_69f63d28e698c .ut-box-shadow-container-inner,#ut_am_wrap_69f63d28e698c .ut-block-revealer-element-container,#ut_am_wrap_69f63d28e698c .ut-animated-image-zoom { -webkit-border-radius: 9px; -moz-border-radius: 9px; border-radius: 9px; }#ut_am_wrap_69f63d28e698c .ut-image-gallery-item-caption-title h3 { letter-spacing: 0em; }#ut_am_wrap_69f63d28e698c .ut-gallery-slider-caption { color: #999999; }#ut_am_wrap_69f63d28e698c .ut-gallery-slider-caption { font-weight: normal; }#ut_am_wrap_69f63d28e698c { text-align: right; }@media (min-width: 768px) and (max-width: 1024px) { #ut_am_wrap_69f63d28e698c { text-align: right !important; } }@media (max-width: 767px) { #ut_am_wrap_69f63d28e698c { text-align: center !important; } }<\/style><div id=\"ut_am_wrap_69f63d28e698c\" class=\"ut-image-gallery-image \"><div id=\"ut_reveal_69f63d28e698d\"  data-appear-top-offset=\"auto\" class=\"ut-animated-image-item ut-image-gallery-item ut-animation-done \"><a class=\"ut-deactivated-link\" href=\"#\"><div class=\"ut-animated-image-zoom\"><img loading=\"lazy\" decoding=\"async\" class=\"ut-lazy skip-lazy ut-animated-image \"  id=\"ut_am_69f63d28e6989\" src=\"data:image\/svg+xml;charset=utf-8,%3Csvg xmlns%3D'http%3A%2F%2Fwww.w3.org%2F2000%2Fsvg' viewBox%3D'0 0 1600 1315'%2F%3E\" data-src=\"https:\/\/oxiplant.com\/wp-content\/uploads\/2025\/11\/id-1.jpg\" width=\"1600\" height=\"1315\" alt=\"\"\/><\/div><\/a><\/div><\/div><\/div>[\/vc_column][\/vc_row][vc_row][vc_column width=&#8220;1\/6&#8243; css=&#8220;.vc_custom_1764283621195{margin-top: 15px !important;}&#8220;]<div  class=\"wpb_content_element   clearfix\"><style type=\"text\/css\">#ut_am_69f63d28e78ab { opacity: 1; }#ut_am_wrap_69f63d28e78ad .ut-image-gallery-item-caption-title h3 { color: #ffffff; }#ut_am_wrap_69f63d28e78ad .ut-image-gallery-item-caption-title-style-2 h3 { color: #ffffff; }#ut_am_wrap_69f63d28e78ad .ut-image-gallery-item-caption-title h3 { letter-spacing: 0em; }#ut_am_wrap_69f63d28e78ad .ut-gallery-slider-caption { font-weight: bold; }#ut_am_wrap_69f63d28e78ad { text-align: center; }@media (min-width: 768px) and (max-width: 1024px) { #ut_am_wrap_69f63d28e78ad { text-align: center !important; } }@media (max-width: 767px) { #ut_am_wrap_69f63d28e78ad { text-align: center !important; } }<\/style><div id=\"ut_am_wrap_69f63d28e78ad\" class=\"ut-image-gallery-image ani_zoom\"><div id=\"ut_reveal_69f63d28e78ae\"  data-appear-top-offset=\"auto\" class=\"ut-animated-image-item ut-image-gallery-item ut-animation-done \"><a target=\"_blank\" href=\"https:\/\/oxiplant.com\/new2\/wp-content\/uploads\/2025\/11\/OXIP_0094-CPR-MAD-20160126-SPA_Iss04-9Jun25-FPC-cer-EN1090.pdf\" rel=\"nofollow\"><div class=\"ut-animated-image-zoom\"><img loading=\"lazy\" decoding=\"async\" class=\"ut-lazy skip-lazy ut-animated-image \"  id=\"ut_am_69f63d28e78ab\" src=\"data:image\/svg+xml;charset=utf-8,%3Csvg xmlns%3D'http%3A%2F%2Fwww.w3.org%2F2000%2Fsvg' viewBox%3D'0 0 300 190'%2F%3E\" data-src=\"https:\/\/oxiplant.com\/wp-content\/uploads\/2025\/11\/iso-1090-2.jpg\" width=\"300\" height=\"190\" alt=\"\"\/><\/div><\/a><\/div><\/div><\/div>[\/vc_column][vc_column width=&#8220;1\/6&#8243; css=&#8220;.vc_custom_1764283634822{margin-top: 15px !important;}&#8220;]<div  class=\"wpb_content_element   clearfix\"><style type=\"text\/css\">#ut_am_69f63d28e8c13 { opacity: 1; }#ut_am_wrap_69f63d28e8c16 .ut-image-gallery-item-caption-title h3 { color: #ffffff; }#ut_am_wrap_69f63d28e8c16 .ut-image-gallery-item-caption-title-style-2 h3 { color: #ffffff; }#ut_am_wrap_69f63d28e8c16 .ut-image-gallery-item-caption-title h3 { letter-spacing: 0em; }#ut_am_wrap_69f63d28e8c16 .ut-gallery-slider-caption { font-weight: bold; }#ut_am_wrap_69f63d28e8c16 { text-align: center; }@media (min-width: 768px) and (max-width: 1024px) { #ut_am_wrap_69f63d28e8c16 { text-align: center !important; } }@media (max-width: 767px) { #ut_am_wrap_69f63d28e8c16 { text-align: center !important; } }<\/style><div id=\"ut_am_wrap_69f63d28e8c16\" class=\"ut-image-gallery-image ani_zoom\"><div id=\"ut_reveal_69f63d28e8c17\"  data-appear-top-offset=\"auto\" class=\"ut-animated-image-item ut-image-gallery-item ut-animation-done \"><a target=\"_blank\" href=\"https:\/\/oxiplant.com\/new2\/wp-content\/uploads\/2025\/11\/0038343-QMS-SPAES-UKAS.pdf\" rel=\"nofollow\"><div class=\"ut-animated-image-zoom\"><img loading=\"lazy\" decoding=\"async\" class=\"ut-lazy skip-lazy ut-animated-image \"  id=\"ut_am_69f63d28e8c13\" src=\"data:image\/svg+xml;charset=utf-8,%3Csvg xmlns%3D'http%3A%2F%2Fwww.w3.org%2F2000%2Fsvg' viewBox%3D'0 0 300 190'%2F%3E\" data-src=\"https:\/\/oxiplant.com\/wp-content\/uploads\/2025\/10\/calidad-2.webp\" width=\"300\" height=\"190\" alt=\"\"\/><\/div><\/a><\/div><\/div><\/div>[\/vc_column][vc_column width=&#8220;1\/6&#8243; css=&#8220;.vc_custom_1764283649688{margin-top: 15px !important;}&#8220;]<div  class=\"wpb_content_element   clearfix\"><style type=\"text\/css\">#ut_am_69f63d28e95b6 { opacity: 1; }#ut_am_wrap_69f63d28e95b8 .ut-image-gallery-item-caption-title h3 { color: #ffffff; }#ut_am_wrap_69f63d28e95b8 .ut-image-gallery-item-caption-title-style-2 h3 { color: #ffffff; }#ut_am_wrap_69f63d28e95b8 .ut-image-gallery-item-caption-title h3 { letter-spacing: 0em; }#ut_am_wrap_69f63d28e95b8 .ut-gallery-slider-caption { font-weight: bold; }#ut_am_wrap_69f63d28e95b8 { text-align: center; }@media (min-width: 768px) and (max-width: 1024px) { #ut_am_wrap_69f63d28e95b8 { text-align: center !important; } }@media (max-width: 767px) { #ut_am_wrap_69f63d28e95b8 { text-align: center !important; } }<\/style><div id=\"ut_am_wrap_69f63d28e95b8\" class=\"ut-image-gallery-image ani_zoom\"><div id=\"ut_reveal_69f63d28e95b9\"  data-appear-top-offset=\"auto\" class=\"ut-animated-image-item ut-image-gallery-item ut-animation-done \"><a target=\"_blank\" href=\"https:\/\/oxiplant.com\/new2\/wp-content\/uploads\/2025\/11\/00016995-EMS-SPAES-UKAS.pdf\" rel=\"nofollow\"><div class=\"ut-animated-image-zoom\"><img loading=\"lazy\" decoding=\"async\" class=\"ut-lazy skip-lazy ut-animated-image \"  id=\"ut_am_69f63d28e95b6\" src=\"data:image\/svg+xml;charset=utf-8,%3Csvg xmlns%3D'http%3A%2F%2Fwww.w3.org%2F2000%2Fsvg' viewBox%3D'0 0 300 193'%2F%3E\" data-src=\"https:\/\/oxiplant.com\/wp-content\/uploads\/2025\/10\/medioambiente.webp\" width=\"300\" height=\"193\" alt=\"\"\/><\/div><\/a><\/div><\/div><\/div>[\/vc_column][vc_column width=&#8220;1\/6&#8243; css=&#8220;.vc_custom_1764283665569{margin-top: 15px !important;}&#8220;]<div  class=\"wpb_content_element   clearfix\"><style type=\"text\/css\">#ut_am_69f63d28e9d98 { opacity: 1; }#ut_am_wrap_69f63d28e9d99 .ut-image-gallery-item-caption-title h3 { color: #ffffff; }#ut_am_wrap_69f63d28e9d99 .ut-image-gallery-item-caption-title-style-2 h3 { color: #ffffff; }#ut_am_wrap_69f63d28e9d99 .ut-image-gallery-item-caption-title h3 { letter-spacing: 0em; }#ut_am_wrap_69f63d28e9d99 .ut-gallery-slider-caption { font-weight: bold; }#ut_am_wrap_69f63d28e9d99 { text-align: center; }@media (min-width: 768px) and (max-width: 1024px) { #ut_am_wrap_69f63d28e9d99 { text-align: center !important; } }@media (max-width: 767px) { #ut_am_wrap_69f63d28e9d99 { text-align: center !important; } }<\/style><div id=\"ut_am_wrap_69f63d28e9d99\" class=\"ut-image-gallery-image ani_zoom\"><div id=\"ut_reveal_69f63d28e9d9a\"  data-appear-top-offset=\"auto\" class=\"ut-animated-image-item ut-image-gallery-item ut-animation-done \"><a target=\"_blank\" href=\"https:\/\/oxiplant.com\/new2\/wp-content\/uploads\/2025\/11\/OXIP_Cert-3834-R2-1Sep25-SPA.pdf\" rel=\"nofollow\"><div class=\"ut-animated-image-zoom\"><img loading=\"lazy\" decoding=\"async\" class=\"ut-lazy skip-lazy ut-animated-image \"  id=\"ut_am_69f63d28e9d98\" src=\"data:image\/svg+xml;charset=utf-8,%3Csvg xmlns%3D'http%3A%2F%2Fwww.w3.org%2F2000%2Fsvg' viewBox%3D'0 0 300 190'%2F%3E\" data-src=\"https:\/\/oxiplant.com\/wp-content\/uploads\/2025\/11\/iso-3834.jpg\" width=\"300\" height=\"190\" alt=\"\"\/><\/div><\/a><\/div><\/div><\/div>[\/vc_column][vc_column width=&#8220;1\/6&#8243; css=&#8220;.vc_custom_1764283681323{margin-top: 15px !important;}&#8220;]<div  class=\"wpb_content_element   clearfix\"><style type=\"text\/css\">#ut_am_69f63d28ea697 { opacity: 1; }#ut_am_wrap_69f63d28ea699 .ut-image-gallery-item-caption-title h3 { color: #ffffff; }#ut_am_wrap_69f63d28ea699 .ut-image-gallery-item-caption-title-style-2 h3 { color: #ffffff; }#ut_am_wrap_69f63d28ea699 .ut-image-gallery-item-caption-title h3 { letter-spacing: 0em; }#ut_am_wrap_69f63d28ea699 .ut-gallery-slider-caption { font-weight: bold; }#ut_am_wrap_69f63d28ea699 { text-align: center; }@media (min-width: 768px) and (max-width: 1024px) { #ut_am_wrap_69f63d28ea699 { text-align: center !important; } }@media (max-width: 767px) { #ut_am_wrap_69f63d28ea699 { text-align: center !important; } }<\/style><div id=\"ut_am_wrap_69f63d28ea699\" class=\"ut-image-gallery-image ani_zoom\"><div id=\"ut_reveal_69f63d28ea69a\"  data-appear-top-offset=\"auto\" class=\"ut-animated-image-item ut-image-gallery-item ut-animation-done \"><a target=\"_blank\" href=\"https:\/\/www.bureauveritas.dk\/en\/our-market\/apqp4wind?utm_source=google&#038;utm_medium=cpc&#038;gad_source=1&#038;gad_campaignid=1676330063&#038;gbraid=0AAAAAD28T32t2hKEXcw7JcM30Vaxr40iY&#038;gclid=CjwKCAiA55rJBhByEiwAFkY1QG0iBDQRekciHH0dIgsblVqHdnIgnglPMpL_zGsBaOnpgxHvH1W7aBoCFQQQAvD_BwE\" rel=\"nofollow\"><div class=\"ut-animated-image-zoom\"><img loading=\"lazy\" decoding=\"async\" class=\"ut-lazy skip-lazy ut-animated-image \"  id=\"ut_am_69f63d28ea697\" src=\"data:image\/svg+xml;charset=utf-8,%3Csvg xmlns%3D'http%3A%2F%2Fwww.w3.org%2F2000%2Fsvg' viewBox%3D'0 0 300 190'%2F%3E\" data-src=\"https:\/\/oxiplant.com\/wp-content\/uploads\/2025\/10\/apqp.jpg\" width=\"300\" height=\"190\" alt=\"\"\/><\/div><\/a><\/div><\/div><\/div>[\/vc_column][vc_column width=&#8220;1\/6&#8243; css=&#8220;.vc_custom_1764283694488{margin-top: 15px !important;}&#8220;]<div  class=\"wpb_content_element   clearfix\"><style type=\"text\/css\">#ut_am_69f63d28eb570 { opacity: 1; }#ut_am_wrap_69f63d28eb573 .ut-image-gallery-item-caption-title h3 { color: #ffffff; }#ut_am_wrap_69f63d28eb573 .ut-image-gallery-item-caption-title-style-2 h3 { color: #ffffff; }#ut_am_wrap_69f63d28eb573 .ut-image-gallery-item-caption-title h3 { letter-spacing: 0em; }#ut_am_wrap_69f63d28eb573 .ut-gallery-slider-caption { font-weight: bold; }#ut_am_wrap_69f63d28eb573 { text-align: center; }@media (min-width: 768px) and (max-width: 1024px) { #ut_am_wrap_69f63d28eb573 { text-align: center !important; } }@media (max-width: 767px) { #ut_am_wrap_69f63d28eb573 { text-align: center !important; } }<\/style><div id=\"ut_am_wrap_69f63d28eb573\" class=\"ut-image-gallery-image ani_zoom\"><div id=\"ut_reveal_69f63d28eb574\"  data-appear-top-offset=\"auto\" class=\"ut-animated-image-item ut-image-gallery-item ut-animation-done \"><a target=\"_blank\" href=\"https:\/\/ecovadis.com\/es\/\" rel=\"nofollow\"><div class=\"ut-animated-image-zoom\"><img decoding=\"async\" class=\"ut-lazy skip-lazy ut-animated-image \"  id=\"ut_am_69f63d28eb570\" src=\"data:image\/svg+xml;charset=utf-8,%3Csvg xmlns%3D'http%3A%2F%2Fwww.w3.org%2F2000%2Fsvg' viewBox%3D'0 0 118px 600'%2F%3E\" data-src=\"https:\/\/oxiplant.com\/wp-content\/uploads\/2025\/10\/reco-1.webp\" width=\"118px\" height=\"\" alt=\"\"\/><\/div><\/a><\/div><\/div><\/div>[\/vc_column][\/vc_row][\/vc_section]<\/p>\n<\/div>","protected":false},"excerpt":{"rendered":"<p>[vc_section][vc_row css=&#8220;.vc_custom_1467568839237{margin-bottom: 80px !important;}&#8220;][vc_column width=&#8220;1\/2&#8243;][vc_empty_space height=&#8220;15px&#8220;][vc_column_text]Wir treiben die industrielle Zukunft mit modernster Forschung und Entwicklung voran. Wir integrieren Oberfl\u00e4chenbehandlungen wie Kugelstrahlen und Schleifen sowie Automatisierung und Robotisierung f\u00fcr einen kontinuierlichen Betrieb. Unsere Innovationsstrategie erstreckt sich auf alle Abteilungen, einschlie\u00dflich Marketing, Logistik und Qualit\u00e4t, und wir setzen k\u00fcnstliche Intelligenz und R\u00fcckverfolgbarkeitstechnologien wie QR-Codes ein, um jedes [&hellip;]<\/p>\n","protected":false},"author":1,"featured_media":0,"parent":0,"menu_order":0,"comment_status":"closed","ping_status":"closed","template":"","meta":{"footnotes":""},"class_list":["post-7768","page","type-page","status-publish","hentry"],"acf":[],"yoast_head":"<!-- This site is optimized with the Yoast SEO plugin v27.1.1 - https:\/\/yoast.com\/product\/yoast-seo-wordpress\/ -->\n<title>Innovation+Digitalisierung - Oxiplant<\/title>\n<meta name=\"robots\" content=\"index, follow, max-snippet:-1, max-image-preview:large, max-video-preview:-1\" \/>\n<link rel=\"canonical\" href=\"https:\/\/oxiplant.com\/de\/fe\/\" \/>\n<meta property=\"og:locale\" content=\"de_DE\" \/>\n<meta property=\"og:type\" content=\"article\" \/>\n<meta property=\"og:title\" content=\"Innovation+Digitalisierung - Oxiplant\" \/>\n<meta property=\"og:description\" content=\"[vc_section][vc_row css=&#8220;.vc_custom_1467568839237{margin-bottom: 80px !important;}&#8220;][vc_column width=&#8220;1\/2&#8243;][vc_empty_space height=&#8220;15px&#8220;][vc_column_text]Wir treiben die industrielle Zukunft mit modernster Forschung und Entwicklung voran. Wir integrieren Oberfl\u00e4chenbehandlungen wie Kugelstrahlen und Schleifen sowie Automatisierung und Robotisierung f\u00fcr einen kontinuierlichen Betrieb. Unsere Innovationsstrategie erstreckt sich auf alle Abteilungen, einschlie\u00dflich Marketing, Logistik und Qualit\u00e4t, und wir setzen k\u00fcnstliche Intelligenz und R\u00fcckverfolgbarkeitstechnologien wie QR-Codes ein, um jedes [&hellip;]\" \/>\n<meta property=\"og:url\" content=\"https:\/\/oxiplant.com\/de\/fe\/\" \/>\n<meta property=\"og:site_name\" content=\"Oxiplant\" \/>\n<meta property=\"article:modified_time\" content=\"2026-02-25T10:41:25+00:00\" \/>\n<meta name=\"twitter:card\" content=\"summary_large_image\" \/>\n<meta name=\"twitter:label1\" content=\"Gesch\u00e4tzte Lesezeit\" \/>\n\t<meta name=\"twitter:data1\" content=\"11\u00a0Minuten\" \/>\n<script type=\"application\/ld+json\" class=\"yoast-schema-graph\">{\"@context\":\"https:\/\/schema.org\",\"@graph\":[{\"@type\":\"WebPage\",\"@id\":\"https:\/\/oxiplant.com\/de\/fe\/\",\"url\":\"https:\/\/oxiplant.com\/de\/fe\/\",\"name\":\"Innovation+Digitalisierung - Oxiplant\",\"isPartOf\":{\"@id\":\"https:\/\/oxiplant.com\/de\/#website\"},\"datePublished\":\"2025-10-14T17:10:40+00:00\",\"dateModified\":\"2026-02-25T10:41:25+00:00\",\"breadcrumb\":{\"@id\":\"https:\/\/oxiplant.com\/de\/fe\/#breadcrumb\"},\"inLanguage\":\"de\",\"potentialAction\":[{\"@type\":\"ReadAction\",\"target\":[\"https:\/\/oxiplant.com\/de\/fe\/\"]}]},{\"@type\":\"BreadcrumbList\",\"@id\":\"https:\/\/oxiplant.com\/de\/fe\/#breadcrumb\",\"itemListElement\":[{\"@type\":\"ListItem\",\"position\":1,\"name\":\"Portada\",\"item\":\"https:\/\/oxiplant.com\/de\/\"},{\"@type\":\"ListItem\",\"position\":2,\"name\":\"Innovation+Digitalisierung\"}]},{\"@type\":\"WebSite\",\"@id\":\"https:\/\/oxiplant.com\/de\/#website\",\"url\":\"https:\/\/oxiplant.com\/de\/\",\"name\":\"Oxiplant\",\"description\":\"\",\"potentialAction\":[{\"@type\":\"SearchAction\",\"target\":{\"@type\":\"EntryPoint\",\"urlTemplate\":\"https:\/\/oxiplant.com\/de\/?s={search_term_string}\"},\"query-input\":{\"@type\":\"PropertyValueSpecification\",\"valueRequired\":true,\"valueName\":\"search_term_string\"}}],\"inLanguage\":\"de\"}]}<\/script>\n<!-- \/ Yoast SEO plugin. -->","yoast_head_json":{"title":"Innovation+Digitalisierung - Oxiplant","robots":{"index":"index","follow":"follow","max-snippet":"max-snippet:-1","max-image-preview":"max-image-preview:large","max-video-preview":"max-video-preview:-1"},"canonical":"https:\/\/oxiplant.com\/de\/fe\/","og_locale":"de_DE","og_type":"article","og_title":"Innovation+Digitalisierung - Oxiplant","og_description":"[vc_section][vc_row css=&#8220;.vc_custom_1467568839237{margin-bottom: 80px !important;}&#8220;][vc_column width=&#8220;1\/2&#8243;][vc_empty_space height=&#8220;15px&#8220;][vc_column_text]Wir treiben die industrielle Zukunft mit modernster Forschung und Entwicklung voran. Wir integrieren Oberfl\u00e4chenbehandlungen wie Kugelstrahlen und Schleifen sowie Automatisierung und Robotisierung f\u00fcr einen kontinuierlichen Betrieb. Unsere Innovationsstrategie erstreckt sich auf alle Abteilungen, einschlie\u00dflich Marketing, Logistik und Qualit\u00e4t, und wir setzen k\u00fcnstliche Intelligenz und R\u00fcckverfolgbarkeitstechnologien wie QR-Codes ein, um jedes [&hellip;]","og_url":"https:\/\/oxiplant.com\/de\/fe\/","og_site_name":"Oxiplant","article_modified_time":"2026-02-25T10:41:25+00:00","twitter_card":"summary_large_image","twitter_misc":{"Gesch\u00e4tzte Lesezeit":"11\u00a0Minuten"},"schema":{"@context":"https:\/\/schema.org","@graph":[{"@type":"WebPage","@id":"https:\/\/oxiplant.com\/de\/fe\/","url":"https:\/\/oxiplant.com\/de\/fe\/","name":"Innovation+Digitalisierung - Oxiplant","isPartOf":{"@id":"https:\/\/oxiplant.com\/de\/#website"},"datePublished":"2025-10-14T17:10:40+00:00","dateModified":"2026-02-25T10:41:25+00:00","breadcrumb":{"@id":"https:\/\/oxiplant.com\/de\/fe\/#breadcrumb"},"inLanguage":"de","potentialAction":[{"@type":"ReadAction","target":["https:\/\/oxiplant.com\/de\/fe\/"]}]},{"@type":"BreadcrumbList","@id":"https:\/\/oxiplant.com\/de\/fe\/#breadcrumb","itemListElement":[{"@type":"ListItem","position":1,"name":"Portada","item":"https:\/\/oxiplant.com\/de\/"},{"@type":"ListItem","position":2,"name":"Innovation+Digitalisierung"}]},{"@type":"WebSite","@id":"https:\/\/oxiplant.com\/de\/#website","url":"https:\/\/oxiplant.com\/de\/","name":"Oxiplant","description":"","potentialAction":[{"@type":"SearchAction","target":{"@type":"EntryPoint","urlTemplate":"https:\/\/oxiplant.com\/de\/?s={search_term_string}"},"query-input":{"@type":"PropertyValueSpecification","valueRequired":true,"valueName":"search_term_string"}}],"inLanguage":"de"}]}},"_links":{"self":[{"href":"https:\/\/oxiplant.com\/de\/wp-json\/wp\/v2\/pages\/7768","targetHints":{"allow":["GET"]}}],"collection":[{"href":"https:\/\/oxiplant.com\/de\/wp-json\/wp\/v2\/pages"}],"about":[{"href":"https:\/\/oxiplant.com\/de\/wp-json\/wp\/v2\/types\/page"}],"author":[{"embeddable":true,"href":"https:\/\/oxiplant.com\/de\/wp-json\/wp\/v2\/users\/1"}],"replies":[{"embeddable":true,"href":"https:\/\/oxiplant.com\/de\/wp-json\/wp\/v2\/comments?post=7768"}],"version-history":[{"count":2,"href":"https:\/\/oxiplant.com\/de\/wp-json\/wp\/v2\/pages\/7768\/revisions"}],"predecessor-version":[{"id":8000,"href":"https:\/\/oxiplant.com\/de\/wp-json\/wp\/v2\/pages\/7768\/revisions\/8000"}],"wp:attachment":[{"href":"https:\/\/oxiplant.com\/de\/wp-json\/wp\/v2\/media?parent=7768"}],"curies":[{"name":"wp","href":"https:\/\/api.w.org\/{rel}","templated":true}]}}