{"id":7809,"date":"2025-11-20T15:14:43","date_gmt":"2025-11-20T14:14:43","guid":{"rendered":"https:\/\/oxiplant.com\/new2\/ressourcen\/"},"modified":"2026-02-25T12:37:48","modified_gmt":"2026-02-25T11:37:48","slug":"ressourcen","status":"publish","type":"page","link":"https:\/\/oxiplant.com\/de\/ressourcen\/","title":{"rendered":"Ressourcen"},"content":{"rendered":"<div class=\"wpb-content-wrapper\"><p>[vc_section el_name=&#8220;Recursos&#8220;][vc_row content_placement=&#8220;middle&#8220; css=&#8220;.vc_custom_1764271684458{margin-bottom: 80px !important;}&#8220;][vc_column width=&#8220;1\/2&#8243;][vc_column_text]Die Qualit\u00e4tsabteilung von Oxiplant verf\u00fcgt \u00fcber modernste technische Ressourcen, die eine hohe Ma\u00dfgenauigkeit, Zuverl\u00e4ssigkeit und Wiederholgenauigkeit bei s\u00e4mtlichen Pr\u00fcf- und Messaufgaben sicherstellen.<\/p>\n<p>Zu den eingesetzten Spezialger\u00e4ten z\u00e4hlen unter anderem:<\/p>\n<ul>\n<li><strong>Hexagon-Messarm<\/strong>, f\u00fcr hochpr\u00e4zise messtechnische Pr\u00fcfungen<\/li>\n<li><strong>Creaform 3D-Scanner<\/strong>, ideal f\u00fcr komplexe Geometrien und fortschrittliche Digitalisierung<\/li>\n<\/ul>\n<p>Diese Investitionen unterstreichen die zentrale Bedeutung der Qualit\u00e4t innerhalb unseres Produktionsprozesses sowie unser klares Bekenntnis zu h\u00f6chsten industriellen Standards.<\/p>\n<p>Alle Mess- und <strong>Pr\u00fcfmittel unterliegen standardisierten Kalibrier<\/strong>&#8211; und Kontrollverfahren gem\u00e4\u00df internen Vorgaben. Die Kalibrierungen werden sowohl intern als auch durch akkreditierte <strong>externe Labore durchgef\u00fchrt<\/strong> \u2013 entsprechend den technischen Spezifikationen des jeweiligen Messger\u00e4ts.<\/p>\n<p>Unser internes Kalibriersystem gew\u00e4hrleistet:<\/p>\n<ul>\n<li>Kontinuierliche Pr\u00e4zision aller Messmittel<\/li>\n<li>Hohe Wiederholgenauigkeit und Stabilit\u00e4t der Messergebnisse<\/li>\n<li>Maximale Sicherheit und Verl\u00e4sslichkeit bei jeder durchgef\u00fchrten Pr\u00fcfung<\/li>\n<\/ul>\n<p>[\/vc_column_text][\/vc_column][vc_column width=&#8220;1\/2&#8243;]<div  class=\"wpb_content_element   clearfix\"><style type=\"text\/css\">#ut_am_69f56a55697e4 { opacity: 1; }#ut_am_wrap_69f56a55697e7 img,#ut_am_wrap_69f56a55697e7 .ut-image-gallery-image-caption,#ut_am_wrap_69f56a55697e7 .ut-box-shadow-container,#ut_am_wrap_69f56a55697e7 .ut-box-shadow-container-inner,#ut_am_wrap_69f56a55697e7 .ut-block-revealer-element-container,#ut_am_wrap_69f56a55697e7 .ut-animated-image-zoom { -webkit-border-radius: 9px; -moz-border-radius: 9px; border-radius: 9px; }#ut_am_wrap_69f56a55697e7 .ut-image-gallery-item-caption-title h3 { letter-spacing: 0em; }#ut_am_wrap_69f56a55697e7 .ut-gallery-slider-caption { color: #999999; }#ut_am_wrap_69f56a55697e7 .ut-gallery-slider-caption { font-weight: normal; }#ut_am_wrap_69f56a55697e7 { text-align: right; }@media (min-width: 768px) and (max-width: 1024px) { #ut_am_wrap_69f56a55697e7 { text-align: right !important; } }@media (max-width: 767px) { #ut_am_wrap_69f56a55697e7 { text-align: center !important; } }<\/style><div id=\"ut_am_wrap_69f56a55697e7\" class=\"ut-image-gallery-image ani_zoom\"><div id=\"ut_reveal_69f56a55697e9\"  data-appear-top-offset=\"auto\" class=\"ut-animated-image-item ut-image-gallery-item ut-animation-done \"><a class=\"ut-deactivated-link\" href=\"#\"><div class=\"ut-animated-image-zoom\"><img loading=\"lazy\" decoding=\"async\" class=\"ut-lazy skip-lazy ut-animated-image \"  id=\"ut_am_69f56a55697e4\" src=\"data:image\/svg+xml;charset=utf-8,%3Csvg xmlns%3D'http%3A%2F%2Fwww.w3.org%2F2000%2Fsvg' viewBox%3D'0 0 1200 1384'%2F%3E\" data-src=\"https:\/\/oxiplant.com\/wp-content\/uploads\/2025\/12\/recursos-5.jpg\" width=\"1200\" height=\"1384\" alt=\"\"\/><\/div><\/a><\/div><\/div><\/div>[\/vc_column][\/vc_row][vc_row][vc_column width=&#8220;1\/6&#8243; css=&#8220;.vc_custom_1764283621195{margin-top: 15px !important;}&#8220;]<div  class=\"wpb_content_element   clearfix\"><style type=\"text\/css\">#ut_am_69f56a556a64d { opacity: 1; }#ut_am_wrap_69f56a556a64f .ut-image-gallery-item-caption-title h3 { color: #ffffff; }#ut_am_wrap_69f56a556a64f .ut-image-gallery-item-caption-title-style-2 h3 { color: #ffffff; }#ut_am_wrap_69f56a556a64f .ut-image-gallery-item-caption-title h3 { letter-spacing: 0em; }#ut_am_wrap_69f56a556a64f .ut-gallery-slider-caption { font-weight: bold; }#ut_am_wrap_69f56a556a64f { text-align: center; }@media (min-width: 768px) and (max-width: 1024px) { #ut_am_wrap_69f56a556a64f { text-align: center !important; } }@media (max-width: 767px) { #ut_am_wrap_69f56a556a64f { text-align: center !important; } }<\/style><div id=\"ut_am_wrap_69f56a556a64f\" class=\"ut-image-gallery-image ani_zoom\"><div id=\"ut_reveal_69f56a556a650\"  data-appear-top-offset=\"auto\" class=\"ut-animated-image-item ut-image-gallery-item ut-animation-done \"><a target=\"_blank\" href=\"https:\/\/oxiplant.com\/new2\/wp-content\/uploads\/2025\/11\/OXIP_0094-CPR-MAD-20160126-SPA_Iss04-9Jun25-FPC-cer-EN1090.pdf\" rel=\"nofollow\"><div class=\"ut-animated-image-zoom\"><img loading=\"lazy\" decoding=\"async\" class=\"ut-lazy skip-lazy ut-animated-image \"  id=\"ut_am_69f56a556a64d\" src=\"data:image\/svg+xml;charset=utf-8,%3Csvg xmlns%3D'http%3A%2F%2Fwww.w3.org%2F2000%2Fsvg' viewBox%3D'0 0 300 190'%2F%3E\" data-src=\"https:\/\/oxiplant.com\/wp-content\/uploads\/2025\/11\/iso-1090-2.jpg\" width=\"300\" height=\"190\" alt=\"\"\/><\/div><\/a><\/div><\/div><\/div>[\/vc_column][vc_column width=&#8220;1\/6&#8243; css=&#8220;.vc_custom_1764283634822{margin-top: 15px !important;}&#8220;]<div  class=\"wpb_content_element   clearfix\"><style type=\"text\/css\">#ut_am_69f56a556b672 { opacity: 1; }#ut_am_wrap_69f56a556b673 .ut-image-gallery-item-caption-title h3 { color: #ffffff; }#ut_am_wrap_69f56a556b673 .ut-image-gallery-item-caption-title-style-2 h3 { color: #ffffff; }#ut_am_wrap_69f56a556b673 .ut-image-gallery-item-caption-title h3 { letter-spacing: 0em; }#ut_am_wrap_69f56a556b673 .ut-gallery-slider-caption { font-weight: bold; }#ut_am_wrap_69f56a556b673 { text-align: center; }@media (min-width: 768px) and (max-width: 1024px) { #ut_am_wrap_69f56a556b673 { text-align: center !important; } }@media (max-width: 767px) { #ut_am_wrap_69f56a556b673 { text-align: center !important; } }<\/style><div id=\"ut_am_wrap_69f56a556b673\" class=\"ut-image-gallery-image ani_zoom\"><div id=\"ut_reveal_69f56a556b674\"  data-appear-top-offset=\"auto\" class=\"ut-animated-image-item ut-image-gallery-item ut-animation-done \"><a target=\"_blank\" href=\"https:\/\/oxiplant.com\/new2\/wp-content\/uploads\/2025\/11\/0038343-QMS-SPAES-UKAS.pdf\" rel=\"nofollow\"><div class=\"ut-animated-image-zoom\"><img loading=\"lazy\" decoding=\"async\" class=\"ut-lazy skip-lazy ut-animated-image \"  id=\"ut_am_69f56a556b672\" src=\"data:image\/svg+xml;charset=utf-8,%3Csvg xmlns%3D'http%3A%2F%2Fwww.w3.org%2F2000%2Fsvg' viewBox%3D'0 0 300 190'%2F%3E\" data-src=\"https:\/\/oxiplant.com\/wp-content\/uploads\/2025\/10\/calidad-2.webp\" width=\"300\" height=\"190\" alt=\"\"\/><\/div><\/a><\/div><\/div><\/div>[\/vc_column][vc_column width=&#8220;1\/6&#8243; css=&#8220;.vc_custom_1764283649688{margin-top: 15px !important;}&#8220;]<div  class=\"wpb_content_element   clearfix\"><style type=\"text\/css\">#ut_am_69f56a556bf97 { opacity: 1; }#ut_am_wrap_69f56a556bf9a .ut-image-gallery-item-caption-title h3 { color: #ffffff; }#ut_am_wrap_69f56a556bf9a .ut-image-gallery-item-caption-title-style-2 h3 { color: #ffffff; }#ut_am_wrap_69f56a556bf9a .ut-image-gallery-item-caption-title h3 { letter-spacing: 0em; }#ut_am_wrap_69f56a556bf9a .ut-gallery-slider-caption { font-weight: bold; }#ut_am_wrap_69f56a556bf9a { text-align: center; }@media (min-width: 768px) and (max-width: 1024px) { #ut_am_wrap_69f56a556bf9a { text-align: center !important; } }@media (max-width: 767px) { #ut_am_wrap_69f56a556bf9a { text-align: center !important; } }<\/style><div id=\"ut_am_wrap_69f56a556bf9a\" class=\"ut-image-gallery-image ani_zoom\"><div id=\"ut_reveal_69f56a556bf9b\"  data-appear-top-offset=\"auto\" class=\"ut-animated-image-item ut-image-gallery-item ut-animation-done \"><a target=\"_blank\" href=\"https:\/\/oxiplant.com\/new2\/wp-content\/uploads\/2025\/11\/00016995-EMS-SPAES-UKAS.pdf\" rel=\"nofollow\"><div class=\"ut-animated-image-zoom\"><img loading=\"lazy\" decoding=\"async\" class=\"ut-lazy skip-lazy ut-animated-image \"  id=\"ut_am_69f56a556bf97\" src=\"data:image\/svg+xml;charset=utf-8,%3Csvg xmlns%3D'http%3A%2F%2Fwww.w3.org%2F2000%2Fsvg' viewBox%3D'0 0 300 193'%2F%3E\" data-src=\"https:\/\/oxiplant.com\/wp-content\/uploads\/2025\/10\/medioambiente.webp\" width=\"300\" height=\"193\" alt=\"\"\/><\/div><\/a><\/div><\/div><\/div>[\/vc_column][vc_column width=&#8220;1\/6&#8243; css=&#8220;.vc_custom_1764283665569{margin-top: 15px !important;}&#8220;]<div  class=\"wpb_content_element   clearfix\"><style type=\"text\/css\">#ut_am_69f56a556c8e3 { opacity: 1; }#ut_am_wrap_69f56a556c8e5 .ut-image-gallery-item-caption-title h3 { color: #ffffff; }#ut_am_wrap_69f56a556c8e5 .ut-image-gallery-item-caption-title-style-2 h3 { color: #ffffff; }#ut_am_wrap_69f56a556c8e5 .ut-image-gallery-item-caption-title h3 { letter-spacing: 0em; }#ut_am_wrap_69f56a556c8e5 .ut-gallery-slider-caption { font-weight: bold; }#ut_am_wrap_69f56a556c8e5 { text-align: center; }@media (min-width: 768px) and (max-width: 1024px) { #ut_am_wrap_69f56a556c8e5 { text-align: center !important; } }@media (max-width: 767px) { #ut_am_wrap_69f56a556c8e5 { text-align: center !important; } }<\/style><div id=\"ut_am_wrap_69f56a556c8e5\" class=\"ut-image-gallery-image ani_zoom\"><div id=\"ut_reveal_69f56a556c8e6\"  data-appear-top-offset=\"auto\" class=\"ut-animated-image-item ut-image-gallery-item ut-animation-done \"><a target=\"_blank\" href=\"https:\/\/oxiplant.com\/new2\/wp-content\/uploads\/2025\/11\/OXIP_Cert-3834-R2-1Sep25-SPA.pdf\" rel=\"nofollow\"><div class=\"ut-animated-image-zoom\"><img loading=\"lazy\" decoding=\"async\" class=\"ut-lazy skip-lazy ut-animated-image \"  id=\"ut_am_69f56a556c8e3\" src=\"data:image\/svg+xml;charset=utf-8,%3Csvg xmlns%3D'http%3A%2F%2Fwww.w3.org%2F2000%2Fsvg' viewBox%3D'0 0 300 190'%2F%3E\" data-src=\"https:\/\/oxiplant.com\/wp-content\/uploads\/2025\/11\/iso-3834.jpg\" width=\"300\" height=\"190\" alt=\"\"\/><\/div><\/a><\/div><\/div><\/div>[\/vc_column][vc_column width=&#8220;1\/6&#8243; css=&#8220;.vc_custom_1764283681323{margin-top: 15px !important;}&#8220;]<div  class=\"wpb_content_element   clearfix\"><style type=\"text\/css\">#ut_am_69f56a556d29b { opacity: 1; }#ut_am_wrap_69f56a556d29e .ut-image-gallery-item-caption-title h3 { color: #ffffff; }#ut_am_wrap_69f56a556d29e .ut-image-gallery-item-caption-title-style-2 h3 { color: #ffffff; }#ut_am_wrap_69f56a556d29e .ut-image-gallery-item-caption-title h3 { letter-spacing: 0em; }#ut_am_wrap_69f56a556d29e .ut-gallery-slider-caption { font-weight: bold; }#ut_am_wrap_69f56a556d29e { text-align: center; }@media (min-width: 768px) and (max-width: 1024px) { #ut_am_wrap_69f56a556d29e { text-align: center !important; } }@media (max-width: 767px) { #ut_am_wrap_69f56a556d29e { text-align: center !important; } }<\/style><div id=\"ut_am_wrap_69f56a556d29e\" class=\"ut-image-gallery-image ani_zoom\"><div id=\"ut_reveal_69f56a556d29f\"  data-appear-top-offset=\"auto\" class=\"ut-animated-image-item ut-image-gallery-item ut-animation-done \"><a target=\"_blank\" href=\"https:\/\/www.bureauveritas.dk\/en\/our-market\/apqp4wind?utm_source=google&#038;utm_medium=cpc&#038;gad_source=1&#038;gad_campaignid=1676330063&#038;gbraid=0AAAAAD28T32t2hKEXcw7JcM30Vaxr40iY&#038;gclid=CjwKCAiA55rJBhByEiwAFkY1QG0iBDQRekciHH0dIgsblVqHdnIgnglPMpL_zGsBaOnpgxHvH1W7aBoCFQQQAvD_BwE\" rel=\"nofollow\"><div class=\"ut-animated-image-zoom\"><img loading=\"lazy\" decoding=\"async\" class=\"ut-lazy skip-lazy ut-animated-image \"  id=\"ut_am_69f56a556d29b\" src=\"data:image\/svg+xml;charset=utf-8,%3Csvg xmlns%3D'http%3A%2F%2Fwww.w3.org%2F2000%2Fsvg' viewBox%3D'0 0 300 190'%2F%3E\" data-src=\"https:\/\/oxiplant.com\/wp-content\/uploads\/2025\/10\/apqp.jpg\" width=\"300\" height=\"190\" alt=\"\"\/><\/div><\/a><\/div><\/div><\/div>[\/vc_column][vc_column width=&#8220;1\/6&#8243; css=&#8220;.vc_custom_1764283694488{margin-top: 15px !important;}&#8220;]<div  class=\"wpb_content_element   clearfix\"><style type=\"text\/css\">#ut_am_69f56a556e3fd { opacity: 1; }#ut_am_wrap_69f56a556e3ff .ut-image-gallery-item-caption-title h3 { color: #ffffff; }#ut_am_wrap_69f56a556e3ff .ut-image-gallery-item-caption-title-style-2 h3 { color: #ffffff; }#ut_am_wrap_69f56a556e3ff .ut-image-gallery-item-caption-title h3 { letter-spacing: 0em; }#ut_am_wrap_69f56a556e3ff .ut-gallery-slider-caption { font-weight: bold; }#ut_am_wrap_69f56a556e3ff { text-align: center; }@media (min-width: 768px) and (max-width: 1024px) { #ut_am_wrap_69f56a556e3ff { text-align: center !important; } }@media (max-width: 767px) { #ut_am_wrap_69f56a556e3ff { text-align: center !important; } }<\/style><div id=\"ut_am_wrap_69f56a556e3ff\" class=\"ut-image-gallery-image ani_zoom\"><div id=\"ut_reveal_69f56a556e400\"  data-appear-top-offset=\"auto\" class=\"ut-animated-image-item ut-image-gallery-item ut-animation-done \"><a target=\"_blank\" href=\"https:\/\/ecovadis.com\/es\/\" rel=\"nofollow\"><div class=\"ut-animated-image-zoom\"><img decoding=\"async\" class=\"ut-lazy skip-lazy ut-animated-image \"  id=\"ut_am_69f56a556e3fd\" src=\"data:image\/svg+xml;charset=utf-8,%3Csvg xmlns%3D'http%3A%2F%2Fwww.w3.org%2F2000%2Fsvg' viewBox%3D'0 0 118px 600'%2F%3E\" data-src=\"https:\/\/oxiplant.com\/wp-content\/uploads\/2025\/10\/reco-1.webp\" width=\"118px\" height=\"\" alt=\"\"\/><\/div><\/a><\/div><\/div><\/div>[\/vc_column][\/vc_row][\/vc_section]<\/p>\n<\/div>","protected":false},"excerpt":{"rendered":"<p>[vc_section el_name=&#8220;Recursos&#8220;][vc_row content_placement=&#8220;middle&#8220; css=&#8220;.vc_custom_1764271684458{margin-bottom: 80px !important;}&#8220;][vc_column width=&#8220;1\/2&#8243;][vc_column_text]Die Qualit\u00e4tsabteilung von Oxiplant verf\u00fcgt \u00fcber modernste technische Ressourcen, die eine hohe Ma\u00dfgenauigkeit, Zuverl\u00e4ssigkeit und Wiederholgenauigkeit bei s\u00e4mtlichen Pr\u00fcf- und Messaufgaben sicherstellen. Zu den eingesetzten Spezialger\u00e4ten z\u00e4hlen unter anderem: Hexagon-Messarm, f\u00fcr hochpr\u00e4zise messtechnische Pr\u00fcfungen Creaform 3D-Scanner, ideal f\u00fcr komplexe Geometrien und fortschrittliche Digitalisierung Diese Investitionen unterstreichen die zentrale Bedeutung [&hellip;]<\/p>\n","protected":false},"author":1,"featured_media":0,"parent":0,"menu_order":0,"comment_status":"closed","ping_status":"closed","template":"","meta":{"footnotes":""},"class_list":["post-7809","page","type-page","status-publish","hentry"],"acf":[],"yoast_head":"<!-- This site is optimized with the Yoast SEO plugin v27.1.1 - https:\/\/yoast.com\/product\/yoast-seo-wordpress\/ -->\n<title>Ressourcen - Oxiplant<\/title>\n<meta name=\"robots\" content=\"index, follow, max-snippet:-1, max-image-preview:large, max-video-preview:-1\" \/>\n<link rel=\"canonical\" href=\"https:\/\/oxiplant.com\/de\/ressourcen\/\" \/>\n<meta property=\"og:locale\" content=\"de_DE\" \/>\n<meta property=\"og:type\" content=\"article\" \/>\n<meta property=\"og:title\" content=\"Ressourcen - Oxiplant\" \/>\n<meta property=\"og:description\" content=\"[vc_section el_name=&#8220;Recursos&#8220;][vc_row content_placement=&#8220;middle&#8220; css=&#8220;.vc_custom_1764271684458{margin-bottom: 80px !important;}&#8220;][vc_column width=&#8220;1\/2&#8243;][vc_column_text]Die Qualit\u00e4tsabteilung von Oxiplant verf\u00fcgt \u00fcber modernste technische Ressourcen, die eine hohe Ma\u00dfgenauigkeit, Zuverl\u00e4ssigkeit und Wiederholgenauigkeit bei s\u00e4mtlichen Pr\u00fcf- und Messaufgaben sicherstellen. Zu den eingesetzten Spezialger\u00e4ten z\u00e4hlen unter anderem: Hexagon-Messarm, f\u00fcr hochpr\u00e4zise messtechnische Pr\u00fcfungen Creaform 3D-Scanner, ideal f\u00fcr komplexe Geometrien und fortschrittliche Digitalisierung Diese Investitionen unterstreichen die zentrale Bedeutung [&hellip;]\" \/>\n<meta property=\"og:url\" content=\"https:\/\/oxiplant.com\/de\/ressourcen\/\" \/>\n<meta property=\"og:site_name\" content=\"Oxiplant\" \/>\n<meta property=\"article:modified_time\" content=\"2026-02-25T11:37:48+00:00\" \/>\n<meta name=\"twitter:card\" content=\"summary_large_image\" \/>\n<meta name=\"twitter:label1\" content=\"Gesch\u00e4tzte Lesezeit\" \/>\n\t<meta name=\"twitter:data1\" content=\"8\u00a0Minuten\" \/>\n<script type=\"application\/ld+json\" class=\"yoast-schema-graph\">{\"@context\":\"https:\/\/schema.org\",\"@graph\":[{\"@type\":\"WebPage\",\"@id\":\"https:\/\/oxiplant.com\/de\/ressourcen\/\",\"url\":\"https:\/\/oxiplant.com\/de\/ressourcen\/\",\"name\":\"Ressourcen - Oxiplant\",\"isPartOf\":{\"@id\":\"https:\/\/oxiplant.com\/de\/#website\"},\"datePublished\":\"2025-11-20T14:14:43+00:00\",\"dateModified\":\"2026-02-25T11:37:48+00:00\",\"breadcrumb\":{\"@id\":\"https:\/\/oxiplant.com\/de\/ressourcen\/#breadcrumb\"},\"inLanguage\":\"de\",\"potentialAction\":[{\"@type\":\"ReadAction\",\"target\":[\"https:\/\/oxiplant.com\/de\/ressourcen\/\"]}]},{\"@type\":\"BreadcrumbList\",\"@id\":\"https:\/\/oxiplant.com\/de\/ressourcen\/#breadcrumb\",\"itemListElement\":[{\"@type\":\"ListItem\",\"position\":1,\"name\":\"Portada\",\"item\":\"https:\/\/oxiplant.com\/de\/\"},{\"@type\":\"ListItem\",\"position\":2,\"name\":\"Ressourcen\"}]},{\"@type\":\"WebSite\",\"@id\":\"https:\/\/oxiplant.com\/de\/#website\",\"url\":\"https:\/\/oxiplant.com\/de\/\",\"name\":\"Oxiplant\",\"description\":\"\",\"potentialAction\":[{\"@type\":\"SearchAction\",\"target\":{\"@type\":\"EntryPoint\",\"urlTemplate\":\"https:\/\/oxiplant.com\/de\/?s={search_term_string}\"},\"query-input\":{\"@type\":\"PropertyValueSpecification\",\"valueRequired\":true,\"valueName\":\"search_term_string\"}}],\"inLanguage\":\"de\"}]}<\/script>\n<!-- \/ Yoast SEO plugin. -->","yoast_head_json":{"title":"Ressourcen - Oxiplant","robots":{"index":"index","follow":"follow","max-snippet":"max-snippet:-1","max-image-preview":"max-image-preview:large","max-video-preview":"max-video-preview:-1"},"canonical":"https:\/\/oxiplant.com\/de\/ressourcen\/","og_locale":"de_DE","og_type":"article","og_title":"Ressourcen - Oxiplant","og_description":"[vc_section el_name=&#8220;Recursos&#8220;][vc_row content_placement=&#8220;middle&#8220; css=&#8220;.vc_custom_1764271684458{margin-bottom: 80px !important;}&#8220;][vc_column width=&#8220;1\/2&#8243;][vc_column_text]Die Qualit\u00e4tsabteilung von Oxiplant verf\u00fcgt \u00fcber modernste technische Ressourcen, die eine hohe Ma\u00dfgenauigkeit, Zuverl\u00e4ssigkeit und Wiederholgenauigkeit bei s\u00e4mtlichen Pr\u00fcf- und Messaufgaben sicherstellen. Zu den eingesetzten Spezialger\u00e4ten z\u00e4hlen unter anderem: Hexagon-Messarm, f\u00fcr hochpr\u00e4zise messtechnische Pr\u00fcfungen Creaform 3D-Scanner, ideal f\u00fcr komplexe Geometrien und fortschrittliche Digitalisierung Diese Investitionen unterstreichen die zentrale Bedeutung [&hellip;]","og_url":"https:\/\/oxiplant.com\/de\/ressourcen\/","og_site_name":"Oxiplant","article_modified_time":"2026-02-25T11:37:48+00:00","twitter_card":"summary_large_image","twitter_misc":{"Gesch\u00e4tzte Lesezeit":"8\u00a0Minuten"},"schema":{"@context":"https:\/\/schema.org","@graph":[{"@type":"WebPage","@id":"https:\/\/oxiplant.com\/de\/ressourcen\/","url":"https:\/\/oxiplant.com\/de\/ressourcen\/","name":"Ressourcen - Oxiplant","isPartOf":{"@id":"https:\/\/oxiplant.com\/de\/#website"},"datePublished":"2025-11-20T14:14:43+00:00","dateModified":"2026-02-25T11:37:48+00:00","breadcrumb":{"@id":"https:\/\/oxiplant.com\/de\/ressourcen\/#breadcrumb"},"inLanguage":"de","potentialAction":[{"@type":"ReadAction","target":["https:\/\/oxiplant.com\/de\/ressourcen\/"]}]},{"@type":"BreadcrumbList","@id":"https:\/\/oxiplant.com\/de\/ressourcen\/#breadcrumb","itemListElement":[{"@type":"ListItem","position":1,"name":"Portada","item":"https:\/\/oxiplant.com\/de\/"},{"@type":"ListItem","position":2,"name":"Ressourcen"}]},{"@type":"WebSite","@id":"https:\/\/oxiplant.com\/de\/#website","url":"https:\/\/oxiplant.com\/de\/","name":"Oxiplant","description":"","potentialAction":[{"@type":"SearchAction","target":{"@type":"EntryPoint","urlTemplate":"https:\/\/oxiplant.com\/de\/?s={search_term_string}"},"query-input":{"@type":"PropertyValueSpecification","valueRequired":true,"valueName":"search_term_string"}}],"inLanguage":"de"}]}},"_links":{"self":[{"href":"https:\/\/oxiplant.com\/de\/wp-json\/wp\/v2\/pages\/7809","targetHints":{"allow":["GET"]}}],"collection":[{"href":"https:\/\/oxiplant.com\/de\/wp-json\/wp\/v2\/pages"}],"about":[{"href":"https:\/\/oxiplant.com\/de\/wp-json\/wp\/v2\/types\/page"}],"author":[{"embeddable":true,"href":"https:\/\/oxiplant.com\/de\/wp-json\/wp\/v2\/users\/1"}],"replies":[{"embeddable":true,"href":"https:\/\/oxiplant.com\/de\/wp-json\/wp\/v2\/comments?post=7809"}],"version-history":[{"count":1,"href":"https:\/\/oxiplant.com\/de\/wp-json\/wp\/v2\/pages\/7809\/revisions"}],"predecessor-version":[{"id":7979,"href":"https:\/\/oxiplant.com\/de\/wp-json\/wp\/v2\/pages\/7809\/revisions\/7979"}],"wp:attachment":[{"href":"https:\/\/oxiplant.com\/de\/wp-json\/wp\/v2\/media?parent=7809"}],"curies":[{"name":"wp","href":"https:\/\/api.w.org\/{rel}","templated":true}]}}