{"id":7814,"date":"2025-10-15T06:59:01","date_gmt":"2025-10-15T04:59:01","guid":{"rendered":"https:\/\/oxiplant.com\/new2\/rohr-schneiden\/"},"modified":"2026-03-26T16:07:18","modified_gmt":"2026-03-26T15:07:18","slug":"rohr-schneiden","status":"publish","type":"page","link":"https:\/\/oxiplant.com\/de\/rohr-schneiden\/","title":{"rendered":"Rohrzuschnitt"},"content":{"rendered":"<div class=\"wpb-content-wrapper\"><p>[vc_section][vc_row content_placement=&#8220;middle&#8220; css=&#8220;.vc_custom_1765487011651{margin-bottom: 0px !important;}&#8220;][vc_column width=&#8220;1\/2&#8243;][vc_column_text]Mit Laser- und hochaufl\u00f6sender Plasmatechnologie bieten wir pr\u00e4zisen Rohrzuschnitt auf hohem Qualit\u00e4tsniveau.<\/p>\n<p>Unser <strong>Laserschneiden erm\u00f6glicht die Bearbeitung von Rohren bis zu 6.500 mm L\u00e4nge und einer Wandst\u00e4rke bis 6,5 mm.<\/strong> Dabei erzielen wir saubere Geometrien und eine hochwertige Schnittqualit\u00e4t \u2013 auch bei komplexen Bauteilen.<\/p>\n<p>Das Plasmaschneiden erlaubt die Bearbeitung von Rohren bis zu 12.000 mm L\u00e4nge und einer Wandst\u00e4rke bis 25 mm und gew\u00e4hrleistet dabei eine hohe Prozessstabilit\u00e4t und gleichbleibende Qualit\u00e4t.<\/p>\n<p>Dar\u00fcber hinaus erm\u00f6glichen unsere Anlagen integrierte Bearbeitungsschritte wie <strong>Anfasen, Bohren und Gewindeschneiden<\/strong>. Dadurch werden nachgelagerte Bearbeitungsschritte reduziert oder ganz vermieden, was zu k\u00fcrzeren Durchlaufzeiten f\u00fchrt. So liefern wir Bauteile, die pr\u00e4zise, funktionsgerecht und bereit f\u00fcr die n\u00e4chsten Prozessschritte sind.[\/vc_column_text][\/vc_column][vc_column width=&#8220;1\/2&#8243;]<div  class=\"wpb_content_element   clearfix\"><style type=\"text\/css\">#ut_am_69f55d615db5b { opacity: 1; }#ut_am_wrap_69f55d615db5d img,#ut_am_wrap_69f55d615db5d .ut-image-gallery-image-caption,#ut_am_wrap_69f55d615db5d .ut-box-shadow-container,#ut_am_wrap_69f55d615db5d .ut-box-shadow-container-inner,#ut_am_wrap_69f55d615db5d .ut-block-revealer-element-container,#ut_am_wrap_69f55d615db5d .ut-animated-image-zoom { -webkit-border-radius: 9px; -moz-border-radius: 9px; border-radius: 9px; }#ut_am_wrap_69f55d615db5d .ut-image-gallery-item-caption-title h3 { letter-spacing: 0em; }#ut_am_wrap_69f55d615db5d .ut-gallery-slider-caption { color: #999999; }#ut_am_wrap_69f55d615db5d .ut-gallery-slider-caption { font-weight: normal; }#ut_am_wrap_69f55d615db5d { text-align: right; }@media (min-width: 768px) and (max-width: 1024px) { #ut_am_wrap_69f55d615db5d { text-align: right !important; } }@media (max-width: 767px) { #ut_am_wrap_69f55d615db5d { text-align: center !important; } }<\/style><div id=\"ut_am_wrap_69f55d615db5d\" class=\"ut-image-gallery-image \"><div id=\"ut_reveal_69f55d615db5f\"  data-appear-top-offset=\"auto\" class=\"ut-animated-image-item ut-image-gallery-item ut-animation-done \"><a class=\"ut-deactivated-link\" href=\"#\"><div class=\"ut-animated-image-zoom\"><img loading=\"lazy\" decoding=\"async\" class=\"ut-lazy skip-lazy ut-animated-image \"  id=\"ut_am_69f55d615db5b\" src=\"data:image\/svg+xml;charset=utf-8,%3Csvg xmlns%3D'http%3A%2F%2Fwww.w3.org%2F2000%2Fsvg' viewBox%3D'0 0 1600 987'%2F%3E\" data-src=\"https:\/\/oxiplant.com\/wp-content\/uploads\/2025\/11\/corte-tubo-5.jpg\" width=\"1600\" height=\"987\" alt=\"\"\/><\/div><\/a><\/div><\/div><\/div>[\/vc_column][\/vc_row][\/vc_section][vc_section css=&#8220;.vc_custom_1764279907549{margin-bottom: 0px !important;background-color: #eeeeee !important;}&#8220;][vc_row full_width=&#8220;stretch_row_content&#8220; css=&#8220;.vc_custom_1764279945138{margin-bottom: 80px !important;}&#8220;][vc_column width=&#8220;1\/2&#8243;]<div  class=\"wpb_content_element   clearfix\"><style type=\"text\/css\">#ut_am_69f55d615e86f { opacity: 1; }#ut_am_wrap_69f55d615e871 .ut-image-gallery-item-caption-title h3 { letter-spacing: 0em; }#ut_am_wrap_69f55d615e871 .ut-gallery-slider-caption { font-weight: bold; }#ut_am_wrap_69f55d615e871 { text-align: left; }@media (min-width: 768px) and (max-width: 1024px) { #ut_am_wrap_69f55d615e871 { text-align: left !important; } }@media (max-width: 767px) { #ut_am_wrap_69f55d615e871 { text-align: center !important; } }<\/style><div id=\"ut_am_wrap_69f55d615e871\" class=\"ut-image-gallery-image ani_zoom\"><div id=\"ut_reveal_69f55d615e872\"  data-appear-top-offset=\"auto\" class=\"ut-animated-image-item ut-image-gallery-item ut-animation-done \"><a class=\"ut-deactivated-link\" href=\"#\"><div class=\"ut-animated-image-zoom\"><img loading=\"lazy\" decoding=\"async\" class=\"ut-lazy skip-lazy ut-animated-image \"  id=\"ut_am_69f55d615e86f\" src=\"data:image\/svg+xml;charset=utf-8,%3Csvg xmlns%3D'http%3A%2F%2Fwww.w3.org%2F2000%2Fsvg' viewBox%3D'0 0 1367 564'%2F%3E\" data-src=\"https:\/\/oxiplant.com\/wp-content\/uploads\/2026\/03\/servi-corte-laser-tubo-de.jpg\" width=\"1367\" height=\"564\" alt=\"\"\/><\/div><\/a><\/div><\/div><\/div>[\/vc_column][vc_column width=&#8220;1\/2&#8243;]<div  class=\"wpb_content_element   clearfix\"><style type=\"text\/css\">#ut_am_69f55d615ee94 { opacity: 1; }#ut_am_wrap_69f55d615ee96 .ut-image-gallery-item-caption-title h3 { letter-spacing: 0em; }#ut_am_wrap_69f55d615ee96 .ut-gallery-slider-caption { font-weight: bold; }#ut_am_wrap_69f55d615ee96 { text-align: left; }@media (min-width: 768px) and (max-width: 1024px) { #ut_am_wrap_69f55d615ee96 { text-align: left !important; } }@media (max-width: 767px) { #ut_am_wrap_69f55d615ee96 { text-align: center !important; } }<\/style><div id=\"ut_am_wrap_69f55d615ee96\" class=\"ut-image-gallery-image ani_zoom\"><div id=\"ut_reveal_69f55d615ee97\"  data-appear-top-offset=\"auto\" class=\"ut-animated-image-item ut-image-gallery-item ut-animation-done \"><a class=\"ut-deactivated-link\" href=\"#\"><div class=\"ut-animated-image-zoom\"><img loading=\"lazy\" decoding=\"async\" class=\"ut-lazy skip-lazy ut-animated-image \"  id=\"ut_am_69f55d615ee94\" src=\"data:image\/svg+xml;charset=utf-8,%3Csvg xmlns%3D'http%3A%2F%2Fwww.w3.org%2F2000%2Fsvg' viewBox%3D'0 0 1367 564'%2F%3E\" data-src=\"https:\/\/oxiplant.com\/wp-content\/uploads\/2026\/03\/servi-corte-plasma-tubo-de.jpg\" width=\"1367\" height=\"564\" alt=\"\"\/><\/div><\/a><\/div><\/div><\/div>[\/vc_column][\/vc_row][\/vc_section][vc_section][vc_row][vc_column width=&#8220;1\/6&#8243; css=&#8220;.vc_custom_1764283621195{margin-top: 15px !important;}&#8220;]<div  class=\"wpb_content_element   clearfix\"><style type=\"text\/css\">#ut_am_69f55d615f797 { opacity: 1; }#ut_am_wrap_69f55d615f799 .ut-image-gallery-item-caption-title h3 { color: #ffffff; }#ut_am_wrap_69f55d615f799 .ut-image-gallery-item-caption-title-style-2 h3 { color: #ffffff; }#ut_am_wrap_69f55d615f799 .ut-image-gallery-item-caption-title h3 { letter-spacing: 0em; }#ut_am_wrap_69f55d615f799 .ut-gallery-slider-caption { font-weight: bold; }#ut_am_wrap_69f55d615f799 { text-align: center; }@media (min-width: 768px) and (max-width: 1024px) { #ut_am_wrap_69f55d615f799 { text-align: center !important; } }@media (max-width: 767px) { #ut_am_wrap_69f55d615f799 { text-align: center !important; } }<\/style><div id=\"ut_am_wrap_69f55d615f799\" class=\"ut-image-gallery-image ani_zoom\"><div id=\"ut_reveal_69f55d615f79a\"  data-appear-top-offset=\"auto\" class=\"ut-animated-image-item ut-image-gallery-item ut-animation-done \"><a target=\"_blank\" href=\"https:\/\/oxiplant.com\/new2\/wp-content\/uploads\/2025\/11\/OXIP_0094-CPR-MAD-20160126-SPA_Iss04-9Jun25-FPC-cer-EN1090.pdf\" rel=\"nofollow\"><div class=\"ut-animated-image-zoom\"><img loading=\"lazy\" decoding=\"async\" class=\"ut-lazy skip-lazy ut-animated-image \"  id=\"ut_am_69f55d615f797\" src=\"data:image\/svg+xml;charset=utf-8,%3Csvg xmlns%3D'http%3A%2F%2Fwww.w3.org%2F2000%2Fsvg' viewBox%3D'0 0 300 190'%2F%3E\" data-src=\"https:\/\/oxiplant.com\/wp-content\/uploads\/2025\/11\/iso-1090-2.jpg\" width=\"300\" height=\"190\" alt=\"\"\/><\/div><\/a><\/div><\/div><\/div>[\/vc_column][vc_column width=&#8220;1\/6&#8243; css=&#8220;.vc_custom_1764283634822{margin-top: 15px !important;}&#8220;]<div  class=\"wpb_content_element   clearfix\"><style type=\"text\/css\">#ut_am_69f55d616060c { opacity: 1; }#ut_am_wrap_69f55d616060e .ut-image-gallery-item-caption-title h3 { color: #ffffff; }#ut_am_wrap_69f55d616060e .ut-image-gallery-item-caption-title-style-2 h3 { color: #ffffff; }#ut_am_wrap_69f55d616060e .ut-image-gallery-item-caption-title h3 { letter-spacing: 0em; }#ut_am_wrap_69f55d616060e .ut-gallery-slider-caption { font-weight: bold; }#ut_am_wrap_69f55d616060e { text-align: center; }@media (min-width: 768px) and (max-width: 1024px) { #ut_am_wrap_69f55d616060e { text-align: center !important; } }@media (max-width: 767px) { #ut_am_wrap_69f55d616060e { text-align: center !important; } }<\/style><div id=\"ut_am_wrap_69f55d616060e\" class=\"ut-image-gallery-image ani_zoom\"><div id=\"ut_reveal_69f55d616060f\"  data-appear-top-offset=\"auto\" class=\"ut-animated-image-item ut-image-gallery-item ut-animation-done \"><a target=\"_blank\" href=\"https:\/\/oxiplant.com\/new2\/wp-content\/uploads\/2025\/11\/0038343-QMS-SPAES-UKAS.pdf\" rel=\"nofollow\"><div class=\"ut-animated-image-zoom\"><img loading=\"lazy\" decoding=\"async\" class=\"ut-lazy skip-lazy ut-animated-image \"  id=\"ut_am_69f55d616060c\" src=\"data:image\/svg+xml;charset=utf-8,%3Csvg xmlns%3D'http%3A%2F%2Fwww.w3.org%2F2000%2Fsvg' viewBox%3D'0 0 300 190'%2F%3E\" data-src=\"https:\/\/oxiplant.com\/wp-content\/uploads\/2025\/10\/calidad-2.webp\" width=\"300\" height=\"190\" alt=\"\"\/><\/div><\/a><\/div><\/div><\/div>[\/vc_column][vc_column width=&#8220;1\/6&#8243; css=&#8220;.vc_custom_1764283649688{margin-top: 15px !important;}&#8220;]<div  class=\"wpb_content_element   clearfix\"><style type=\"text\/css\">#ut_am_69f55d6160f1c { opacity: 1; }#ut_am_wrap_69f55d6160f1e .ut-image-gallery-item-caption-title h3 { color: #ffffff; }#ut_am_wrap_69f55d6160f1e .ut-image-gallery-item-caption-title-style-2 h3 { color: #ffffff; }#ut_am_wrap_69f55d6160f1e .ut-image-gallery-item-caption-title h3 { letter-spacing: 0em; }#ut_am_wrap_69f55d6160f1e .ut-gallery-slider-caption { font-weight: bold; }#ut_am_wrap_69f55d6160f1e { text-align: center; }@media (min-width: 768px) and (max-width: 1024px) { #ut_am_wrap_69f55d6160f1e { text-align: center !important; } }@media (max-width: 767px) { #ut_am_wrap_69f55d6160f1e { text-align: center !important; } }<\/style><div id=\"ut_am_wrap_69f55d6160f1e\" class=\"ut-image-gallery-image ani_zoom\"><div id=\"ut_reveal_69f55d6160f1f\"  data-appear-top-offset=\"auto\" class=\"ut-animated-image-item ut-image-gallery-item ut-animation-done \"><a target=\"_blank\" href=\"https:\/\/oxiplant.com\/new2\/wp-content\/uploads\/2025\/11\/00016995-EMS-SPAES-UKAS.pdf\" rel=\"nofollow\"><div class=\"ut-animated-image-zoom\"><img loading=\"lazy\" decoding=\"async\" class=\"ut-lazy skip-lazy ut-animated-image \"  id=\"ut_am_69f55d6160f1c\" src=\"data:image\/svg+xml;charset=utf-8,%3Csvg xmlns%3D'http%3A%2F%2Fwww.w3.org%2F2000%2Fsvg' viewBox%3D'0 0 300 193'%2F%3E\" data-src=\"https:\/\/oxiplant.com\/wp-content\/uploads\/2025\/10\/medioambiente.webp\" width=\"300\" height=\"193\" alt=\"\"\/><\/div><\/a><\/div><\/div><\/div>[\/vc_column][vc_column width=&#8220;1\/6&#8243; css=&#8220;.vc_custom_1764283665569{margin-top: 15px !important;}&#8220;]<div  class=\"wpb_content_element   clearfix\"><style type=\"text\/css\">#ut_am_69f55d61616fe { opacity: 1; }#ut_am_wrap_69f55d6161700 .ut-image-gallery-item-caption-title h3 { color: #ffffff; }#ut_am_wrap_69f55d6161700 .ut-image-gallery-item-caption-title-style-2 h3 { color: #ffffff; }#ut_am_wrap_69f55d6161700 .ut-image-gallery-item-caption-title h3 { letter-spacing: 0em; }#ut_am_wrap_69f55d6161700 .ut-gallery-slider-caption { font-weight: bold; }#ut_am_wrap_69f55d6161700 { text-align: center; }@media (min-width: 768px) and (max-width: 1024px) { #ut_am_wrap_69f55d6161700 { text-align: center !important; } }@media (max-width: 767px) { #ut_am_wrap_69f55d6161700 { text-align: center !important; } }<\/style><div id=\"ut_am_wrap_69f55d6161700\" class=\"ut-image-gallery-image ani_zoom\"><div id=\"ut_reveal_69f55d6161701\"  data-appear-top-offset=\"auto\" class=\"ut-animated-image-item ut-image-gallery-item ut-animation-done \"><a target=\"_blank\" href=\"https:\/\/oxiplant.com\/new2\/wp-content\/uploads\/2025\/11\/OXIP_Cert-3834-R2-1Sep25-SPA.pdf\" rel=\"nofollow\"><div class=\"ut-animated-image-zoom\"><img loading=\"lazy\" decoding=\"async\" class=\"ut-lazy skip-lazy ut-animated-image \"  id=\"ut_am_69f55d61616fe\" src=\"data:image\/svg+xml;charset=utf-8,%3Csvg xmlns%3D'http%3A%2F%2Fwww.w3.org%2F2000%2Fsvg' viewBox%3D'0 0 300 190'%2F%3E\" data-src=\"https:\/\/oxiplant.com\/wp-content\/uploads\/2025\/11\/iso-3834.jpg\" width=\"300\" height=\"190\" alt=\"\"\/><\/div><\/a><\/div><\/div><\/div>[\/vc_column][vc_column width=&#8220;1\/6&#8243; css=&#8220;.vc_custom_1764283681323{margin-top: 15px !important;}&#8220;]<div  class=\"wpb_content_element   clearfix\"><style type=\"text\/css\">#ut_am_69f55d616203c { opacity: 1; }#ut_am_wrap_69f55d616203e .ut-image-gallery-item-caption-title h3 { color: #ffffff; }#ut_am_wrap_69f55d616203e .ut-image-gallery-item-caption-title-style-2 h3 { color: #ffffff; }#ut_am_wrap_69f55d616203e .ut-image-gallery-item-caption-title h3 { letter-spacing: 0em; }#ut_am_wrap_69f55d616203e .ut-gallery-slider-caption { font-weight: bold; }#ut_am_wrap_69f55d616203e { text-align: center; }@media (min-width: 768px) and (max-width: 1024px) { #ut_am_wrap_69f55d616203e { text-align: center !important; } }@media (max-width: 767px) { #ut_am_wrap_69f55d616203e { text-align: center !important; } }<\/style><div id=\"ut_am_wrap_69f55d616203e\" class=\"ut-image-gallery-image ani_zoom\"><div id=\"ut_reveal_69f55d616203f\"  data-appear-top-offset=\"auto\" class=\"ut-animated-image-item ut-image-gallery-item ut-animation-done \"><a target=\"_blank\" href=\"https:\/\/www.bureauveritas.dk\/en\/our-market\/apqp4wind?utm_source=google&#038;utm_medium=cpc&#038;gad_source=1&#038;gad_campaignid=1676330063&#038;gbraid=0AAAAAD28T32t2hKEXcw7JcM30Vaxr40iY&#038;gclid=CjwKCAiA55rJBhByEiwAFkY1QG0iBDQRekciHH0dIgsblVqHdnIgnglPMpL_zGsBaOnpgxHvH1W7aBoCFQQQAvD_BwE\" rel=\"nofollow\"><div class=\"ut-animated-image-zoom\"><img loading=\"lazy\" decoding=\"async\" class=\"ut-lazy skip-lazy ut-animated-image \"  id=\"ut_am_69f55d616203c\" src=\"data:image\/svg+xml;charset=utf-8,%3Csvg xmlns%3D'http%3A%2F%2Fwww.w3.org%2F2000%2Fsvg' viewBox%3D'0 0 300 190'%2F%3E\" data-src=\"https:\/\/oxiplant.com\/wp-content\/uploads\/2025\/10\/apqp.jpg\" width=\"300\" height=\"190\" alt=\"\"\/><\/div><\/a><\/div><\/div><\/div>[\/vc_column][vc_column width=&#8220;1\/6&#8243; css=&#8220;.vc_custom_1764283694488{margin-top: 15px !important;}&#8220;]<div  class=\"wpb_content_element   clearfix\"><style type=\"text\/css\">#ut_am_69f55d6162f71 { opacity: 1; }#ut_am_wrap_69f55d6162f73 .ut-image-gallery-item-caption-title h3 { color: #ffffff; }#ut_am_wrap_69f55d6162f73 .ut-image-gallery-item-caption-title-style-2 h3 { color: #ffffff; }#ut_am_wrap_69f55d6162f73 .ut-image-gallery-item-caption-title h3 { letter-spacing: 0em; }#ut_am_wrap_69f55d6162f73 .ut-gallery-slider-caption { font-weight: bold; }#ut_am_wrap_69f55d6162f73 { text-align: center; }@media (min-width: 768px) and (max-width: 1024px) { #ut_am_wrap_69f55d6162f73 { text-align: center !important; } }@media (max-width: 767px) { #ut_am_wrap_69f55d6162f73 { text-align: center !important; } }<\/style><div id=\"ut_am_wrap_69f55d6162f73\" class=\"ut-image-gallery-image ani_zoom\"><div id=\"ut_reveal_69f55d6162f74\"  data-appear-top-offset=\"auto\" class=\"ut-animated-image-item ut-image-gallery-item ut-animation-done \"><a target=\"_blank\" href=\"https:\/\/ecovadis.com\/es\/\" rel=\"nofollow\"><div class=\"ut-animated-image-zoom\"><img decoding=\"async\" class=\"ut-lazy skip-lazy ut-animated-image \"  id=\"ut_am_69f55d6162f71\" src=\"data:image\/svg+xml;charset=utf-8,%3Csvg xmlns%3D'http%3A%2F%2Fwww.w3.org%2F2000%2Fsvg' viewBox%3D'0 0 118px 600'%2F%3E\" data-src=\"https:\/\/oxiplant.com\/wp-content\/uploads\/2025\/10\/reco-1.webp\" width=\"118px\" height=\"\" alt=\"\"\/><\/div><\/a><\/div><\/div><\/div>[\/vc_column][\/vc_row][\/vc_section]<\/p>\n<\/div>","protected":false},"excerpt":{"rendered":"<p>[vc_section][vc_row content_placement=&#8220;middle&#8220; css=&#8220;.vc_custom_1765487011651{margin-bottom: 0px !important;}&#8220;][vc_column width=&#8220;1\/2&#8243;][vc_column_text]Mit Laser- und hochaufl\u00f6sender Plasmatechnologie bieten wir pr\u00e4zisen Rohrzuschnitt auf hohem Qualit\u00e4tsniveau. Unser Laserschneiden erm\u00f6glicht die Bearbeitung von Rohren bis zu 6.500 mm L\u00e4nge und einer Wandst\u00e4rke bis 6,5 mm. Dabei erzielen wir saubere Geometrien und eine hochwertige Schnittqualit\u00e4t \u2013 auch bei komplexen Bauteilen. Das Plasmaschneiden erlaubt die Bearbeitung von [&hellip;]<\/p>\n","protected":false},"author":1,"featured_media":0,"parent":0,"menu_order":0,"comment_status":"closed","ping_status":"closed","template":"","meta":{"footnotes":""},"class_list":["post-7814","page","type-page","status-publish","hentry"],"acf":[],"yoast_head":"<!-- This site is optimized with the Yoast SEO plugin v27.1.1 - https:\/\/yoast.com\/product\/yoast-seo-wordpress\/ -->\n<title>Rohrzuschnitt - Oxiplant<\/title>\n<meta name=\"robots\" content=\"index, follow, max-snippet:-1, max-image-preview:large, max-video-preview:-1\" \/>\n<link rel=\"canonical\" href=\"https:\/\/oxiplant.com\/de\/rohr-schneiden\/\" \/>\n<meta property=\"og:locale\" content=\"de_DE\" \/>\n<meta property=\"og:type\" content=\"article\" \/>\n<meta property=\"og:title\" content=\"Rohrzuschnitt - Oxiplant\" \/>\n<meta property=\"og:description\" content=\"[vc_section][vc_row content_placement=&#8220;middle&#8220; css=&#8220;.vc_custom_1765487011651{margin-bottom: 0px !important;}&#8220;][vc_column width=&#8220;1\/2&#8243;][vc_column_text]Mit Laser- und hochaufl\u00f6sender Plasmatechnologie bieten wir pr\u00e4zisen Rohrzuschnitt auf hohem Qualit\u00e4tsniveau. Unser Laserschneiden erm\u00f6glicht die Bearbeitung von Rohren bis zu 6.500 mm L\u00e4nge und einer Wandst\u00e4rke bis 6,5 mm. Dabei erzielen wir saubere Geometrien und eine hochwertige Schnittqualit\u00e4t \u2013 auch bei komplexen Bauteilen. Das Plasmaschneiden erlaubt die Bearbeitung von [&hellip;]\" \/>\n<meta property=\"og:url\" content=\"https:\/\/oxiplant.com\/de\/rohr-schneiden\/\" \/>\n<meta property=\"og:site_name\" content=\"Oxiplant\" \/>\n<meta property=\"article:modified_time\" content=\"2026-03-26T15:07:18+00:00\" \/>\n<meta name=\"twitter:card\" content=\"summary_large_image\" \/>\n<meta name=\"twitter:label1\" content=\"Gesch\u00e4tzte Lesezeit\" \/>\n\t<meta name=\"twitter:data1\" content=\"10\u00a0Minuten\" \/>\n<script type=\"application\/ld+json\" class=\"yoast-schema-graph\">{\"@context\":\"https:\/\/schema.org\",\"@graph\":[{\"@type\":\"WebPage\",\"@id\":\"https:\/\/oxiplant.com\/de\/rohr-schneiden\/\",\"url\":\"https:\/\/oxiplant.com\/de\/rohr-schneiden\/\",\"name\":\"Rohrzuschnitt - Oxiplant\",\"isPartOf\":{\"@id\":\"https:\/\/oxiplant.com\/de\/#website\"},\"datePublished\":\"2025-10-15T04:59:01+00:00\",\"dateModified\":\"2026-03-26T15:07:18+00:00\",\"breadcrumb\":{\"@id\":\"https:\/\/oxiplant.com\/de\/rohr-schneiden\/#breadcrumb\"},\"inLanguage\":\"de\",\"potentialAction\":[{\"@type\":\"ReadAction\",\"target\":[\"https:\/\/oxiplant.com\/de\/rohr-schneiden\/\"]}]},{\"@type\":\"BreadcrumbList\",\"@id\":\"https:\/\/oxiplant.com\/de\/rohr-schneiden\/#breadcrumb\",\"itemListElement\":[{\"@type\":\"ListItem\",\"position\":1,\"name\":\"Portada\",\"item\":\"https:\/\/oxiplant.com\/de\/\"},{\"@type\":\"ListItem\",\"position\":2,\"name\":\"Rohrzuschnitt\"}]},{\"@type\":\"WebSite\",\"@id\":\"https:\/\/oxiplant.com\/de\/#website\",\"url\":\"https:\/\/oxiplant.com\/de\/\",\"name\":\"Oxiplant\",\"description\":\"\",\"potentialAction\":[{\"@type\":\"SearchAction\",\"target\":{\"@type\":\"EntryPoint\",\"urlTemplate\":\"https:\/\/oxiplant.com\/de\/?s={search_term_string}\"},\"query-input\":{\"@type\":\"PropertyValueSpecification\",\"valueRequired\":true,\"valueName\":\"search_term_string\"}}],\"inLanguage\":\"de\"}]}<\/script>\n<!-- \/ Yoast SEO plugin. -->","yoast_head_json":{"title":"Rohrzuschnitt - Oxiplant","robots":{"index":"index","follow":"follow","max-snippet":"max-snippet:-1","max-image-preview":"max-image-preview:large","max-video-preview":"max-video-preview:-1"},"canonical":"https:\/\/oxiplant.com\/de\/rohr-schneiden\/","og_locale":"de_DE","og_type":"article","og_title":"Rohrzuschnitt - Oxiplant","og_description":"[vc_section][vc_row content_placement=&#8220;middle&#8220; css=&#8220;.vc_custom_1765487011651{margin-bottom: 0px !important;}&#8220;][vc_column width=&#8220;1\/2&#8243;][vc_column_text]Mit Laser- und hochaufl\u00f6sender Plasmatechnologie bieten wir pr\u00e4zisen Rohrzuschnitt auf hohem Qualit\u00e4tsniveau. Unser Laserschneiden erm\u00f6glicht die Bearbeitung von Rohren bis zu 6.500 mm L\u00e4nge und einer Wandst\u00e4rke bis 6,5 mm. Dabei erzielen wir saubere Geometrien und eine hochwertige Schnittqualit\u00e4t \u2013 auch bei komplexen Bauteilen. Das Plasmaschneiden erlaubt die Bearbeitung von [&hellip;]","og_url":"https:\/\/oxiplant.com\/de\/rohr-schneiden\/","og_site_name":"Oxiplant","article_modified_time":"2026-03-26T15:07:18+00:00","twitter_card":"summary_large_image","twitter_misc":{"Gesch\u00e4tzte Lesezeit":"10\u00a0Minuten"},"schema":{"@context":"https:\/\/schema.org","@graph":[{"@type":"WebPage","@id":"https:\/\/oxiplant.com\/de\/rohr-schneiden\/","url":"https:\/\/oxiplant.com\/de\/rohr-schneiden\/","name":"Rohrzuschnitt - Oxiplant","isPartOf":{"@id":"https:\/\/oxiplant.com\/de\/#website"},"datePublished":"2025-10-15T04:59:01+00:00","dateModified":"2026-03-26T15:07:18+00:00","breadcrumb":{"@id":"https:\/\/oxiplant.com\/de\/rohr-schneiden\/#breadcrumb"},"inLanguage":"de","potentialAction":[{"@type":"ReadAction","target":["https:\/\/oxiplant.com\/de\/rohr-schneiden\/"]}]},{"@type":"BreadcrumbList","@id":"https:\/\/oxiplant.com\/de\/rohr-schneiden\/#breadcrumb","itemListElement":[{"@type":"ListItem","position":1,"name":"Portada","item":"https:\/\/oxiplant.com\/de\/"},{"@type":"ListItem","position":2,"name":"Rohrzuschnitt"}]},{"@type":"WebSite","@id":"https:\/\/oxiplant.com\/de\/#website","url":"https:\/\/oxiplant.com\/de\/","name":"Oxiplant","description":"","potentialAction":[{"@type":"SearchAction","target":{"@type":"EntryPoint","urlTemplate":"https:\/\/oxiplant.com\/de\/?s={search_term_string}"},"query-input":{"@type":"PropertyValueSpecification","valueRequired":true,"valueName":"search_term_string"}}],"inLanguage":"de"}]}},"_links":{"self":[{"href":"https:\/\/oxiplant.com\/de\/wp-json\/wp\/v2\/pages\/7814","targetHints":{"allow":["GET"]}}],"collection":[{"href":"https:\/\/oxiplant.com\/de\/wp-json\/wp\/v2\/pages"}],"about":[{"href":"https:\/\/oxiplant.com\/de\/wp-json\/wp\/v2\/types\/page"}],"author":[{"embeddable":true,"href":"https:\/\/oxiplant.com\/de\/wp-json\/wp\/v2\/users\/1"}],"replies":[{"embeddable":true,"href":"https:\/\/oxiplant.com\/de\/wp-json\/wp\/v2\/comments?post=7814"}],"version-history":[{"count":2,"href":"https:\/\/oxiplant.com\/de\/wp-json\/wp\/v2\/pages\/7814\/revisions"}],"predecessor-version":[{"id":8108,"href":"https:\/\/oxiplant.com\/de\/wp-json\/wp\/v2\/pages\/7814\/revisions\/8108"}],"wp:attachment":[{"href":"https:\/\/oxiplant.com\/de\/wp-json\/wp\/v2\/media?parent=7814"}],"curies":[{"name":"wp","href":"https:\/\/api.w.org\/{rel}","templated":true}]}}