{"id":7819,"date":"2025-11-12T20:44:44","date_gmt":"2025-11-12T19:44:44","guid":{"rendered":"https:\/\/oxiplant.com\/new2\/windkraft\/"},"modified":"2026-02-25T12:40:04","modified_gmt":"2026-02-25T11:40:04","slug":"windkraft","status":"publish","type":"page","link":"https:\/\/oxiplant.com\/de\/windkraft\/","title":{"rendered":"Branchenstandards"},"content":{"rendered":"<div class=\"wpb-content-wrapper\"><p>[vc_section][vc_row css=&#8220;.vc_custom_1467568839237{margin-bottom: 80px !important;}&#8220;][vc_column width=&#8220;1\/2&#8243;][vc_column_text]<\/p>\n<p class=\"p1\">Bei <b>Oxiplant<\/b> ist Qualit\u00e4t ein strategischer Leitgedanke, der s\u00e4mtliche Prozesse unseres Unternehmens bestimmt.<\/p>\n<p class=\"p1\">Vor dem Hintergrund der hohen Bedeutung von Standardisierung und Effizienz entlang der Wertsch\u00f6pfungskette sind wir Mitglied von <b>APQP4Wind<\/b>, der internationalen Organisation, die einen gemeinsamen Rahmen f\u00fcr die Qualit\u00e4tssicherung in der Windenergieindustrie definiert.<\/p>\n<p class=\"p1\">Als erstes Unternehmen aus Asturien, das von APQP4Wind akkreditiert wurde, und als eines der ersten zehn Unternehmen in Spanien stellt diese Anerkennung ein deutliches Zeichen f\u00fcr das Engagement von Oxiplant in Bezug auf kontinuierliche Verbesserung und die konsequente Anwendung anspruchsvoller internationaler Standards dar.<\/p>\n<p class=\"p1\">Das APQP4Wind-Modell f\u00f6rdert die Einf\u00fchrung effizienter, abgestimmter und transparenter Prozesse zwischen Herstellern und Zulieferern. Dadurch werden eine reibungslose Kommunikation sowie eine h\u00f6here Zuverl\u00e4ssigkeit in allen Phasen der Entwicklung und Produktion gew\u00e4hrleistet.<\/p>\n<p class=\"p1\">Diese Akkreditierung st\u00e4rkt unsere Position im Windenergiemarkt und unterstreicht unseren aktiven Beitrag zur Weiterentwicklung von Qualit\u00e4ts-, Wettbewerbs- und Nachhaltigkeitsstandards innerhalb der Branche. Gleichzeitig stellen wir sicher, dass unsere L\u00f6sungen h\u00f6chsten technischen und industriellen Anforderungen gerecht werden.<\/p>\n<p>[\/vc_column_text][\/vc_column][vc_column width=&#8220;1\/2&#8243; css=&#8220;.vc_custom_1760485443069{padding-left: 50px !important;}&#8220;]<div  class=\"wpb_content_element   clearfix\"><style type=\"text\/css\">#ut_am_69f36ef63e6eb { opacity: 1; }#ut_am_wrap_69f36ef63e6ed img,#ut_am_wrap_69f36ef63e6ed .ut-image-gallery-image-caption,#ut_am_wrap_69f36ef63e6ed .ut-box-shadow-container,#ut_am_wrap_69f36ef63e6ed .ut-box-shadow-container-inner,#ut_am_wrap_69f36ef63e6ed .ut-block-revealer-element-container,#ut_am_wrap_69f36ef63e6ed .ut-animated-image-zoom { -webkit-border-radius: 9px; -moz-border-radius: 9px; border-radius: 9px; }#ut_am_wrap_69f36ef63e6ed .ut-image-gallery-item-caption-title h3 { letter-spacing: 0em; }#ut_am_wrap_69f36ef63e6ed .ut-gallery-slider-caption { color: #999999; }#ut_am_wrap_69f36ef63e6ed .ut-gallery-slider-caption { font-weight: normal; }#ut_am_wrap_69f36ef63e6ed { text-align: right; }@media (min-width: 768px) and (max-width: 1024px) { #ut_am_wrap_69f36ef63e6ed { text-align: right !important; } }@media (max-width: 767px) { #ut_am_wrap_69f36ef63e6ed { text-align: center !important; } }<\/style><div id=\"ut_am_wrap_69f36ef63e6ed\" class=\"ut-image-gallery-image \"><div id=\"ut_reveal_69f36ef63e6ef\"  data-appear-top-offset=\"auto\" class=\"ut-animated-image-item ut-image-gallery-item ut-animation-done \"><a class=\"ut-deactivated-link\" href=\"#\"><div class=\"ut-animated-image-zoom\"><img loading=\"lazy\" decoding=\"async\" class=\"ut-lazy skip-lazy ut-animated-image \"  id=\"ut_am_69f36ef63e6eb\" src=\"data:image\/svg+xml;charset=utf-8,%3Csvg xmlns%3D'http%3A%2F%2Fwww.w3.org%2F2000%2Fsvg' viewBox%3D'0 0 1492 1418'%2F%3E\" data-src=\"https:\/\/oxiplant.com\/wp-content\/uploads\/2025\/11\/eolico.jpg\" width=\"1492\" height=\"1418\" alt=\"\"\/><\/div><\/a><\/div><\/div><\/div>[\/vc_column][\/vc_row][vc_row][vc_column css=&#8220;.vc_custom_1764277413992{margin-top: 15px !important;}&#8220;]<div  class=\"wpb_content_element   clearfix\"><style type=\"text\/css\">#ut_am_69f36ef63fc11 { opacity: 1; }#ut_am_wrap_69f36ef63fc14 .ut-image-gallery-item-caption-title h3 { letter-spacing: 0em; }#ut_am_wrap_69f36ef63fc14 .ut-gallery-slider-caption { font-weight: bold; }#ut_am_wrap_69f36ef63fc14 { text-align: center; }@media (min-width: 768px) and (max-width: 1024px) { #ut_am_wrap_69f36ef63fc14 { text-align: center !important; } }@media (max-width: 767px) { #ut_am_wrap_69f36ef63fc14 { text-align: center !important; } }<\/style><div id=\"ut_am_wrap_69f36ef63fc14\" class=\"ut-image-gallery-image ani_zoom\"><div id=\"ut_reveal_69f36ef63fc15\"  data-appear-top-offset=\"auto\" class=\"ut-animated-image-item ut-image-gallery-item ut-animation-done \"><a class=\"ut-deactivated-link\" href=\"#\"><div class=\"ut-animated-image-zoom\"><img loading=\"lazy\" decoding=\"async\" class=\"ut-lazy skip-lazy ut-animated-image \"  id=\"ut_am_69f36ef63fc11\" src=\"data:image\/svg+xml;charset=utf-8,%3Csvg xmlns%3D'http%3A%2F%2Fwww.w3.org%2F2000%2Fsvg' viewBox%3D'0 0 300 190'%2F%3E\" data-src=\"https:\/\/oxiplant.com\/wp-content\/uploads\/2025\/10\/apqp.jpg\" width=\"300\" height=\"190\" alt=\"\"\/><\/div><\/a><\/div><\/div><\/div>[\/vc_column][\/vc_row][\/vc_section]<\/p>\n<\/div>","protected":false},"excerpt":{"rendered":"<p>[vc_section][vc_row css=&#8220;.vc_custom_1467568839237{margin-bottom: 80px !important;}&#8220;][vc_column width=&#8220;1\/2&#8243;][vc_column_text] Bei Oxiplant ist Qualit\u00e4t ein strategischer Leitgedanke, der s\u00e4mtliche Prozesse unseres Unternehmens bestimmt. Vor dem Hintergrund der hohen Bedeutung von Standardisierung und Effizienz entlang der Wertsch\u00f6pfungskette sind wir Mitglied von APQP4Wind, der internationalen Organisation, die einen gemeinsamen Rahmen f\u00fcr die Qualit\u00e4tssicherung in der Windenergieindustrie definiert. Als erstes Unternehmen aus Asturien, [&hellip;]<\/p>\n","protected":false},"author":1,"featured_media":0,"parent":0,"menu_order":0,"comment_status":"closed","ping_status":"closed","template":"","meta":{"footnotes":""},"class_list":["post-7819","page","type-page","status-publish","hentry"],"acf":[],"yoast_head":"<!-- This site is optimized with the Yoast SEO plugin v27.1.1 - https:\/\/yoast.com\/product\/yoast-seo-wordpress\/ -->\n<title>Branchenstandards - Oxiplant<\/title>\n<meta name=\"robots\" content=\"index, follow, max-snippet:-1, max-image-preview:large, max-video-preview:-1\" \/>\n<link rel=\"canonical\" href=\"https:\/\/oxiplant.com\/de\/windkraft\/\" \/>\n<meta property=\"og:locale\" content=\"de_DE\" \/>\n<meta property=\"og:type\" content=\"article\" \/>\n<meta property=\"og:title\" content=\"Branchenstandards - Oxiplant\" \/>\n<meta property=\"og:description\" content=\"[vc_section][vc_row css=&#8220;.vc_custom_1467568839237{margin-bottom: 80px !important;}&#8220;][vc_column width=&#8220;1\/2&#8243;][vc_column_text] Bei Oxiplant ist Qualit\u00e4t ein strategischer Leitgedanke, der s\u00e4mtliche Prozesse unseres Unternehmens bestimmt. Vor dem Hintergrund der hohen Bedeutung von Standardisierung und Effizienz entlang der Wertsch\u00f6pfungskette sind wir Mitglied von APQP4Wind, der internationalen Organisation, die einen gemeinsamen Rahmen f\u00fcr die Qualit\u00e4tssicherung in der Windenergieindustrie definiert. Als erstes Unternehmen aus Asturien, [&hellip;]\" \/>\n<meta property=\"og:url\" content=\"https:\/\/oxiplant.com\/de\/windkraft\/\" \/>\n<meta property=\"og:site_name\" content=\"Oxiplant\" \/>\n<meta property=\"article:modified_time\" content=\"2026-02-25T11:40:04+00:00\" \/>\n<meta name=\"twitter:card\" content=\"summary_large_image\" \/>\n<meta name=\"twitter:label1\" content=\"Gesch\u00e4tzte Lesezeit\" \/>\n\t<meta name=\"twitter:data1\" content=\"3\u00a0Minuten\" \/>\n<script type=\"application\/ld+json\" class=\"yoast-schema-graph\">{\"@context\":\"https:\/\/schema.org\",\"@graph\":[{\"@type\":\"WebPage\",\"@id\":\"https:\/\/oxiplant.com\/de\/windkraft\/\",\"url\":\"https:\/\/oxiplant.com\/de\/windkraft\/\",\"name\":\"Branchenstandards - Oxiplant\",\"isPartOf\":{\"@id\":\"https:\/\/oxiplant.com\/de\/#website\"},\"datePublished\":\"2025-11-12T19:44:44+00:00\",\"dateModified\":\"2026-02-25T11:40:04+00:00\",\"breadcrumb\":{\"@id\":\"https:\/\/oxiplant.com\/de\/windkraft\/#breadcrumb\"},\"inLanguage\":\"de\",\"potentialAction\":[{\"@type\":\"ReadAction\",\"target\":[\"https:\/\/oxiplant.com\/de\/windkraft\/\"]}]},{\"@type\":\"BreadcrumbList\",\"@id\":\"https:\/\/oxiplant.com\/de\/windkraft\/#breadcrumb\",\"itemListElement\":[{\"@type\":\"ListItem\",\"position\":1,\"name\":\"Portada\",\"item\":\"https:\/\/oxiplant.com\/de\/\"},{\"@type\":\"ListItem\",\"position\":2,\"name\":\"Branchenstandards\"}]},{\"@type\":\"WebSite\",\"@id\":\"https:\/\/oxiplant.com\/de\/#website\",\"url\":\"https:\/\/oxiplant.com\/de\/\",\"name\":\"Oxiplant\",\"description\":\"\",\"potentialAction\":[{\"@type\":\"SearchAction\",\"target\":{\"@type\":\"EntryPoint\",\"urlTemplate\":\"https:\/\/oxiplant.com\/de\/?s={search_term_string}\"},\"query-input\":{\"@type\":\"PropertyValueSpecification\",\"valueRequired\":true,\"valueName\":\"search_term_string\"}}],\"inLanguage\":\"de\"}]}<\/script>\n<!-- \/ Yoast SEO plugin. -->","yoast_head_json":{"title":"Branchenstandards - Oxiplant","robots":{"index":"index","follow":"follow","max-snippet":"max-snippet:-1","max-image-preview":"max-image-preview:large","max-video-preview":"max-video-preview:-1"},"canonical":"https:\/\/oxiplant.com\/de\/windkraft\/","og_locale":"de_DE","og_type":"article","og_title":"Branchenstandards - Oxiplant","og_description":"[vc_section][vc_row css=&#8220;.vc_custom_1467568839237{margin-bottom: 80px !important;}&#8220;][vc_column width=&#8220;1\/2&#8243;][vc_column_text] Bei Oxiplant ist Qualit\u00e4t ein strategischer Leitgedanke, der s\u00e4mtliche Prozesse unseres Unternehmens bestimmt. Vor dem Hintergrund der hohen Bedeutung von Standardisierung und Effizienz entlang der Wertsch\u00f6pfungskette sind wir Mitglied von APQP4Wind, der internationalen Organisation, die einen gemeinsamen Rahmen f\u00fcr die Qualit\u00e4tssicherung in der Windenergieindustrie definiert. Als erstes Unternehmen aus Asturien, [&hellip;]","og_url":"https:\/\/oxiplant.com\/de\/windkraft\/","og_site_name":"Oxiplant","article_modified_time":"2026-02-25T11:40:04+00:00","twitter_card":"summary_large_image","twitter_misc":{"Gesch\u00e4tzte Lesezeit":"3\u00a0Minuten"},"schema":{"@context":"https:\/\/schema.org","@graph":[{"@type":"WebPage","@id":"https:\/\/oxiplant.com\/de\/windkraft\/","url":"https:\/\/oxiplant.com\/de\/windkraft\/","name":"Branchenstandards - Oxiplant","isPartOf":{"@id":"https:\/\/oxiplant.com\/de\/#website"},"datePublished":"2025-11-12T19:44:44+00:00","dateModified":"2026-02-25T11:40:04+00:00","breadcrumb":{"@id":"https:\/\/oxiplant.com\/de\/windkraft\/#breadcrumb"},"inLanguage":"de","potentialAction":[{"@type":"ReadAction","target":["https:\/\/oxiplant.com\/de\/windkraft\/"]}]},{"@type":"BreadcrumbList","@id":"https:\/\/oxiplant.com\/de\/windkraft\/#breadcrumb","itemListElement":[{"@type":"ListItem","position":1,"name":"Portada","item":"https:\/\/oxiplant.com\/de\/"},{"@type":"ListItem","position":2,"name":"Branchenstandards"}]},{"@type":"WebSite","@id":"https:\/\/oxiplant.com\/de\/#website","url":"https:\/\/oxiplant.com\/de\/","name":"Oxiplant","description":"","potentialAction":[{"@type":"SearchAction","target":{"@type":"EntryPoint","urlTemplate":"https:\/\/oxiplant.com\/de\/?s={search_term_string}"},"query-input":{"@type":"PropertyValueSpecification","valueRequired":true,"valueName":"search_term_string"}}],"inLanguage":"de"}]}},"_links":{"self":[{"href":"https:\/\/oxiplant.com\/de\/wp-json\/wp\/v2\/pages\/7819","targetHints":{"allow":["GET"]}}],"collection":[{"href":"https:\/\/oxiplant.com\/de\/wp-json\/wp\/v2\/pages"}],"about":[{"href":"https:\/\/oxiplant.com\/de\/wp-json\/wp\/v2\/types\/page"}],"author":[{"embeddable":true,"href":"https:\/\/oxiplant.com\/de\/wp-json\/wp\/v2\/users\/1"}],"replies":[{"embeddable":true,"href":"https:\/\/oxiplant.com\/de\/wp-json\/wp\/v2\/comments?post=7819"}],"version-history":[{"count":1,"href":"https:\/\/oxiplant.com\/de\/wp-json\/wp\/v2\/pages\/7819\/revisions"}],"predecessor-version":[{"id":7997,"href":"https:\/\/oxiplant.com\/de\/wp-json\/wp\/v2\/pages\/7819\/revisions\/7997"}],"wp:attachment":[{"href":"https:\/\/oxiplant.com\/de\/wp-json\/wp\/v2\/media?parent=7819"}],"curies":[{"name":"wp","href":"https:\/\/api.w.org\/{rel}","templated":true}]}}