{"id":7822,"date":"2025-10-15T08:02:11","date_gmt":"2025-10-15T06:02:11","guid":{"rendered":"https:\/\/oxiplant.com\/new2\/bearbeitung\/"},"modified":"2026-03-26T16:42:25","modified_gmt":"2026-03-26T15:42:25","slug":"bearbeitung","status":"publish","type":"page","link":"https:\/\/oxiplant.com\/de\/bearbeitung\/","title":{"rendered":"Zerspanung"},"content":{"rendered":"<div class=\"wpb-content-wrapper\"><p>[vc_section][vc_row content_placement=&#8220;middle&#8220; css=&#8220;.vc_custom_1765487518362{margin-bottom: 0px !important;}&#8220;][vc_column width=&#8220;1\/2&#8243;][vc_column_text]Unsere <strong>vertikalen Bearbeitungszentren verf\u00fcgen \u00fcber einen L\u00e4ngsverfahrweg von bis zu 4.000 mm und sind f\u00fcr die Bearbeitung von Werkst\u00fccken bis zu 1.300 kg ausgelegt<\/strong>. Dadurch gew\u00e4hrleisten wir auch bei anspruchsvollen Zerspanungsaufgaben eine hohe Stabilit\u00e4t und Pr\u00e4zision.<\/p>\n<p>Dar\u00fcber hinaus sind unsere Schneidanlagen \u2013 sowohl f\u00fcr Blech als auch f\u00fcr Rohr \u2013 f\u00fcr integrierte Bearbeitungsschritte wie <strong>Anfasen, Stanzen, Bohren und Gewindeschneiden <\/strong>ausgelegt. Diese Mehrfachbearbeitung reduziert den Bedarf an nachgelagerten Prozessen erheblich, verk\u00fcrzt die Durchlaufzeiten und erm\u00f6glicht die Lieferung von Bauteilen, die optimal f\u00fcr die n\u00e4chste Montage- oder Bearbeitungsstufe vorbereitet sind.[\/vc_column_text][\/vc_column][vc_column width=&#8220;1\/2&#8243;]<div  class=\"wpb_content_element   clearfix\"><style type=\"text\/css\">#ut_am_69f310dfddc2a { opacity: 1; }#ut_am_wrap_69f310dfddc2d img,#ut_am_wrap_69f310dfddc2d .ut-image-gallery-image-caption,#ut_am_wrap_69f310dfddc2d .ut-box-shadow-container,#ut_am_wrap_69f310dfddc2d .ut-box-shadow-container-inner,#ut_am_wrap_69f310dfddc2d .ut-block-revealer-element-container,#ut_am_wrap_69f310dfddc2d .ut-animated-image-zoom { -webkit-border-radius: 9px; -moz-border-radius: 9px; border-radius: 9px; }#ut_am_wrap_69f310dfddc2d .ut-image-gallery-item-caption-title h3 { letter-spacing: 0em; }#ut_am_wrap_69f310dfddc2d .ut-gallery-slider-caption { color: #999999; }#ut_am_wrap_69f310dfddc2d .ut-gallery-slider-caption { font-weight: normal; }#ut_am_wrap_69f310dfddc2d { text-align: right; }@media (min-width: 768px) and (max-width: 1024px) { #ut_am_wrap_69f310dfddc2d { text-align: right !important; } }@media (max-width: 767px) { #ut_am_wrap_69f310dfddc2d { text-align: center !important; } }<\/style><div id=\"ut_am_wrap_69f310dfddc2d\" class=\"ut-image-gallery-image \"><div id=\"ut_reveal_69f310dfddc2f\"  data-appear-top-offset=\"auto\" class=\"ut-animated-image-item ut-image-gallery-item ut-animation-done \"><a class=\"ut-deactivated-link\" href=\"#\"><div class=\"ut-animated-image-zoom\"><img loading=\"lazy\" decoding=\"async\" class=\"ut-lazy skip-lazy ut-animated-image \"  id=\"ut_am_69f310dfddc2a\" src=\"data:image\/svg+xml;charset=utf-8,%3Csvg xmlns%3D'http%3A%2F%2Fwww.w3.org%2F2000%2Fsvg' viewBox%3D'0 0 907 517'%2F%3E\" data-src=\"https:\/\/oxiplant.com\/wp-content\/uploads\/2025\/11\/mecanizado-2.jpg\" width=\"907\" height=\"517\" alt=\"\"\/><\/div><\/a><\/div><\/div><\/div>[\/vc_column][\/vc_row][\/vc_section][vc_section css=&#8220;.vc_custom_1764278583828{background-color: #eeeeee !important;}&#8220;][vc_row full_width=&#8220;stretch_row_content&#8220; css=&#8220;.vc_custom_1764279994030{margin-bottom: 80px !important;}&#8220;][vc_column width=&#8220;1\/2&#8243;]<div  class=\"wpb_content_element   clearfix\"><style type=\"text\/css\">#ut_am_69f310dfde9fb { opacity: 1; }#ut_am_wrap_69f310dfde9fd .ut-image-gallery-item-caption-title h3 { letter-spacing: 0em; }#ut_am_wrap_69f310dfde9fd .ut-gallery-slider-caption { font-weight: bold; }#ut_am_wrap_69f310dfde9fd { text-align: left; }@media (min-width: 768px) and (max-width: 1024px) { #ut_am_wrap_69f310dfde9fd { text-align: left !important; } }@media (max-width: 767px) { #ut_am_wrap_69f310dfde9fd { text-align: center !important; } }<\/style><div id=\"ut_am_wrap_69f310dfde9fd\" class=\"ut-image-gallery-image ani_zoom\"><div id=\"ut_reveal_69f310dfde9fe\"  data-appear-top-offset=\"auto\" class=\"ut-animated-image-item ut-image-gallery-item ut-animation-done \"><a class=\"ut-deactivated-link\" href=\"#\"><div class=\"ut-animated-image-zoom\"><img loading=\"lazy\" decoding=\"async\" class=\"ut-lazy skip-lazy ut-animated-image \"  id=\"ut_am_69f310dfde9fb\" src=\"data:image\/svg+xml;charset=utf-8,%3Csvg xmlns%3D'http%3A%2F%2Fwww.w3.org%2F2000%2Fsvg' viewBox%3D'0 0 1367 564'%2F%3E\" data-src=\"https:\/\/oxiplant.com\/wp-content\/uploads\/2026\/03\/servi-mecanizado-de.jpg\" width=\"1367\" height=\"564\" alt=\"\"\/><\/div><\/a><\/div><\/div><\/div>[\/vc_column][vc_column width=&#8220;1\/2&#8243;]<div  class=\"wpb_content_element   clearfix\"><style type=\"text\/css\">#ut_am_69f310dfdf1a4 { opacity: 1; }#ut_am_wrap_69f310dfdf1a6 .ut-image-gallery-item-caption-title h3 { letter-spacing: 0em; }#ut_am_wrap_69f310dfdf1a6 .ut-gallery-slider-caption { font-weight: bold; }#ut_am_wrap_69f310dfdf1a6 { text-align: left; }@media (min-width: 768px) and (max-width: 1024px) { #ut_am_wrap_69f310dfdf1a6 { text-align: left !important; } }@media (max-width: 767px) { #ut_am_wrap_69f310dfdf1a6 { text-align: center !important; } }<\/style><div id=\"ut_am_wrap_69f310dfdf1a6\" class=\"ut-image-gallery-image ani_zoom\"><div id=\"ut_reveal_69f310dfdf1a7\"  data-appear-top-offset=\"auto\" class=\"ut-animated-image-item ut-image-gallery-item ut-animation-done \"><a class=\"ut-deactivated-link\" href=\"#\"><div class=\"ut-animated-image-zoom\"><img loading=\"lazy\" decoding=\"async\" class=\"ut-lazy skip-lazy ut-animated-image \"  id=\"ut_am_69f310dfdf1a4\" src=\"data:image\/svg+xml;charset=utf-8,%3Csvg xmlns%3D'http%3A%2F%2Fwww.w3.org%2F2000%2Fsvg' viewBox%3D'0 0 1367 564'%2F%3E\" data-src=\"https:\/\/oxiplant.com\/wp-content\/uploads\/2026\/03\/servi-fresadora-de.jpg\" width=\"1367\" height=\"564\" alt=\"\"\/><\/div><\/a><\/div><\/div><\/div>[\/vc_column][\/vc_row][vc_row full_width=&#8220;stretch_row_content&#8220; css=&#8220;.vc_custom_1764279253684{margin-top: 0px !important;}&#8220;][vc_column css=&#8220;.vc_custom_1762274329956{padding-top: 0px !important;}&#8220;][vc_row_inner][vc_column_inner width=&#8220;1\/2&#8243; css=&#8220;.vc_custom_1764280064229{margin-right: 40% !important;margin-left: 50% !important;padding-top: 10px !important;padding-right: 10px !important;padding-bottom: 10px !important;padding-left: 10px !important;}&#8220;]<div  class=\"wpb_content_element   clearfix\"><style type=\"text\/css\">#ut_am_69f310dfdfefe { opacity: 1; }#ut_am_wrap_69f310dfdff01 img,#ut_am_wrap_69f310dfdff01 .ut-image-gallery-image-caption,#ut_am_wrap_69f310dfdff01 .ut-box-shadow-container,#ut_am_wrap_69f310dfdff01 .ut-box-shadow-container-inner,#ut_am_wrap_69f310dfdff01 .ut-block-revealer-element-container,#ut_am_wrap_69f310dfdff01 .ut-animated-image-zoom { -webkit-border-radius: 9px; -moz-border-radius: 9px; border-radius: 9px; }#ut_am_wrap_69f310dfdff01 .ut-image-gallery-item-caption-title h3 { letter-spacing: 0em; }#ut_am_wrap_69f310dfdff01 .ut-gallery-slider-caption { font-weight: bold; }#ut_am_wrap_69f310dfdff01 { text-align: left; }@media (min-width: 768px) and (max-width: 1024px) { #ut_am_wrap_69f310dfdff01 { text-align: left !important; } }@media (max-width: 767px) { #ut_am_wrap_69f310dfdff01 { text-align: center !important; } }<\/style><div id=\"ut_am_wrap_69f310dfdff01\" class=\"ut-image-gallery-image ani_zoom\"><div id=\"ut_reveal_69f310dfdff02\"  data-appear-top-offset=\"auto\" class=\"ut-animated-image-item ut-image-gallery-item ut-animation-done \"><a class=\"ut-deactivated-link\" href=\"#\"><div class=\"ut-animated-image-zoom\"><img decoding=\"async\" class=\"ut-lazy skip-lazy ut-animated-image \"  id=\"ut_am_69f310dfdfefe\" src=\"data:image\/svg+xml;charset=utf-8,%3Csvg xmlns%3D'http%3A%2F%2Fwww.w3.org%2F2000%2Fsvg' viewBox%3D'0 0 92% 600'%2F%3E\" data-src=\"https:\/\/oxiplant.com\/wp-content\/uploads\/2026\/03\/servi-torno-de.jpg\" width=\"92%\" height=\"\" alt=\"\"\/><\/div><\/a><\/div><\/div><\/div>[\/vc_column_inner][\/vc_row_inner][\/vc_column][\/vc_row][\/vc_section][vc_section][vc_row][vc_column width=&#8220;1\/6&#8243; css=&#8220;.vc_custom_1764283621195{margin-top: 15px !important;}&#8220;]<div  class=\"wpb_content_element   clearfix\"><style type=\"text\/css\">#ut_am_69f310dfe0d55 { opacity: 1; }#ut_am_wrap_69f310dfe0d57 .ut-image-gallery-item-caption-title h3 { color: #ffffff; }#ut_am_wrap_69f310dfe0d57 .ut-image-gallery-item-caption-title-style-2 h3 { color: #ffffff; }#ut_am_wrap_69f310dfe0d57 .ut-image-gallery-item-caption-title h3 { letter-spacing: 0em; }#ut_am_wrap_69f310dfe0d57 .ut-gallery-slider-caption { font-weight: bold; }#ut_am_wrap_69f310dfe0d57 { text-align: center; }@media (min-width: 768px) and (max-width: 1024px) { #ut_am_wrap_69f310dfe0d57 { text-align: center !important; } }@media (max-width: 767px) { #ut_am_wrap_69f310dfe0d57 { text-align: center !important; } }<\/style><div id=\"ut_am_wrap_69f310dfe0d57\" class=\"ut-image-gallery-image ani_zoom\"><div id=\"ut_reveal_69f310dfe0d58\"  data-appear-top-offset=\"auto\" class=\"ut-animated-image-item ut-image-gallery-item ut-animation-done \"><a target=\"_blank\" href=\"https:\/\/oxiplant.com\/new2\/wp-content\/uploads\/2025\/11\/OXIP_0094-CPR-MAD-20160126-SPA_Iss04-9Jun25-FPC-cer-EN1090.pdf\" rel=\"nofollow\"><div class=\"ut-animated-image-zoom\"><img loading=\"lazy\" decoding=\"async\" class=\"ut-lazy skip-lazy ut-animated-image \"  id=\"ut_am_69f310dfe0d55\" src=\"data:image\/svg+xml;charset=utf-8,%3Csvg xmlns%3D'http%3A%2F%2Fwww.w3.org%2F2000%2Fsvg' viewBox%3D'0 0 300 190'%2F%3E\" data-src=\"https:\/\/oxiplant.com\/wp-content\/uploads\/2025\/11\/iso-1090-2.jpg\" width=\"300\" height=\"190\" alt=\"\"\/><\/div><\/a><\/div><\/div><\/div>[\/vc_column][vc_column width=&#8220;1\/6&#8243; css=&#8220;.vc_custom_1764283634822{margin-top: 15px !important;}&#8220;]<div  class=\"wpb_content_element   clearfix\"><style type=\"text\/css\">#ut_am_69f310dfe2198 { opacity: 1; }#ut_am_wrap_69f310dfe219b .ut-image-gallery-item-caption-title h3 { color: #ffffff; }#ut_am_wrap_69f310dfe219b .ut-image-gallery-item-caption-title-style-2 h3 { color: #ffffff; }#ut_am_wrap_69f310dfe219b .ut-image-gallery-item-caption-title h3 { letter-spacing: 0em; }#ut_am_wrap_69f310dfe219b .ut-gallery-slider-caption { font-weight: bold; }#ut_am_wrap_69f310dfe219b { text-align: center; }@media (min-width: 768px) and (max-width: 1024px) { #ut_am_wrap_69f310dfe219b { text-align: center !important; } }@media (max-width: 767px) { #ut_am_wrap_69f310dfe219b { text-align: center !important; } }<\/style><div id=\"ut_am_wrap_69f310dfe219b\" class=\"ut-image-gallery-image ani_zoom\"><div id=\"ut_reveal_69f310dfe219c\"  data-appear-top-offset=\"auto\" class=\"ut-animated-image-item ut-image-gallery-item ut-animation-done \"><a target=\"_blank\" href=\"https:\/\/oxiplant.com\/new2\/wp-content\/uploads\/2025\/11\/0038343-QMS-SPAES-UKAS.pdf\" rel=\"nofollow\"><div class=\"ut-animated-image-zoom\"><img loading=\"lazy\" decoding=\"async\" class=\"ut-lazy skip-lazy ut-animated-image \"  id=\"ut_am_69f310dfe2198\" src=\"data:image\/svg+xml;charset=utf-8,%3Csvg xmlns%3D'http%3A%2F%2Fwww.w3.org%2F2000%2Fsvg' viewBox%3D'0 0 300 190'%2F%3E\" data-src=\"https:\/\/oxiplant.com\/wp-content\/uploads\/2025\/10\/calidad-2.webp\" width=\"300\" height=\"190\" alt=\"\"\/><\/div><\/a><\/div><\/div><\/div>[\/vc_column][vc_column width=&#8220;1\/6&#8243; css=&#8220;.vc_custom_1764283649688{margin-top: 15px !important;}&#8220;]<div  class=\"wpb_content_element   clearfix\"><style type=\"text\/css\">#ut_am_69f310dfe2b9e { opacity: 1; }#ut_am_wrap_69f310dfe2ba0 .ut-image-gallery-item-caption-title h3 { color: #ffffff; }#ut_am_wrap_69f310dfe2ba0 .ut-image-gallery-item-caption-title-style-2 h3 { color: #ffffff; }#ut_am_wrap_69f310dfe2ba0 .ut-image-gallery-item-caption-title h3 { letter-spacing: 0em; }#ut_am_wrap_69f310dfe2ba0 .ut-gallery-slider-caption { font-weight: bold; }#ut_am_wrap_69f310dfe2ba0 { text-align: center; }@media (min-width: 768px) and (max-width: 1024px) { #ut_am_wrap_69f310dfe2ba0 { text-align: center !important; } }@media (max-width: 767px) { #ut_am_wrap_69f310dfe2ba0 { text-align: center !important; } }<\/style><div id=\"ut_am_wrap_69f310dfe2ba0\" class=\"ut-image-gallery-image ani_zoom\"><div id=\"ut_reveal_69f310dfe2ba1\"  data-appear-top-offset=\"auto\" class=\"ut-animated-image-item ut-image-gallery-item ut-animation-done \"><a target=\"_blank\" href=\"https:\/\/oxiplant.com\/new2\/wp-content\/uploads\/2025\/11\/00016995-EMS-SPAES-UKAS.pdf\" rel=\"nofollow\"><div class=\"ut-animated-image-zoom\"><img loading=\"lazy\" decoding=\"async\" class=\"ut-lazy skip-lazy ut-animated-image \"  id=\"ut_am_69f310dfe2b9e\" src=\"data:image\/svg+xml;charset=utf-8,%3Csvg xmlns%3D'http%3A%2F%2Fwww.w3.org%2F2000%2Fsvg' viewBox%3D'0 0 300 193'%2F%3E\" data-src=\"https:\/\/oxiplant.com\/wp-content\/uploads\/2025\/10\/medioambiente.webp\" width=\"300\" height=\"193\" alt=\"\"\/><\/div><\/a><\/div><\/div><\/div>[\/vc_column][vc_column width=&#8220;1\/6&#8243; css=&#8220;.vc_custom_1764283665569{margin-top: 15px !important;}&#8220;]<div  class=\"wpb_content_element   clearfix\"><style type=\"text\/css\">#ut_am_69f310dfe34b4 { opacity: 1; }#ut_am_wrap_69f310dfe34b7 .ut-image-gallery-item-caption-title h3 { color: #ffffff; }#ut_am_wrap_69f310dfe34b7 .ut-image-gallery-item-caption-title-style-2 h3 { color: #ffffff; }#ut_am_wrap_69f310dfe34b7 .ut-image-gallery-item-caption-title h3 { letter-spacing: 0em; }#ut_am_wrap_69f310dfe34b7 .ut-gallery-slider-caption { font-weight: bold; }#ut_am_wrap_69f310dfe34b7 { text-align: center; }@media (min-width: 768px) and (max-width: 1024px) { #ut_am_wrap_69f310dfe34b7 { text-align: center !important; } }@media (max-width: 767px) { #ut_am_wrap_69f310dfe34b7 { text-align: center !important; } }<\/style><div id=\"ut_am_wrap_69f310dfe34b7\" class=\"ut-image-gallery-image ani_zoom\"><div id=\"ut_reveal_69f310dfe34b8\"  data-appear-top-offset=\"auto\" class=\"ut-animated-image-item ut-image-gallery-item ut-animation-done \"><a target=\"_blank\" href=\"https:\/\/oxiplant.com\/new2\/wp-content\/uploads\/2025\/11\/OXIP_Cert-3834-R2-1Sep25-SPA.pdf\" rel=\"nofollow\"><div class=\"ut-animated-image-zoom\"><img loading=\"lazy\" decoding=\"async\" class=\"ut-lazy skip-lazy ut-animated-image \"  id=\"ut_am_69f310dfe34b4\" src=\"data:image\/svg+xml;charset=utf-8,%3Csvg xmlns%3D'http%3A%2F%2Fwww.w3.org%2F2000%2Fsvg' viewBox%3D'0 0 300 190'%2F%3E\" data-src=\"https:\/\/oxiplant.com\/wp-content\/uploads\/2025\/11\/iso-3834.jpg\" width=\"300\" height=\"190\" alt=\"\"\/><\/div><\/a><\/div><\/div><\/div>[\/vc_column][vc_column width=&#8220;1\/6&#8243; css=&#8220;.vc_custom_1764283681323{margin-top: 15px !important;}&#8220;]<div  class=\"wpb_content_element   clearfix\"><style type=\"text\/css\">#ut_am_69f310dfe415e { opacity: 1; }#ut_am_wrap_69f310dfe4161 .ut-image-gallery-item-caption-title h3 { color: #ffffff; }#ut_am_wrap_69f310dfe4161 .ut-image-gallery-item-caption-title-style-2 h3 { color: #ffffff; }#ut_am_wrap_69f310dfe4161 .ut-image-gallery-item-caption-title h3 { letter-spacing: 0em; }#ut_am_wrap_69f310dfe4161 .ut-gallery-slider-caption { font-weight: bold; }#ut_am_wrap_69f310dfe4161 { text-align: center; }@media (min-width: 768px) and (max-width: 1024px) { #ut_am_wrap_69f310dfe4161 { text-align: center !important; } }@media (max-width: 767px) { #ut_am_wrap_69f310dfe4161 { text-align: center !important; } }<\/style><div id=\"ut_am_wrap_69f310dfe4161\" class=\"ut-image-gallery-image ani_zoom\"><div id=\"ut_reveal_69f310dfe4162\"  data-appear-top-offset=\"auto\" class=\"ut-animated-image-item ut-image-gallery-item ut-animation-done \"><a target=\"_blank\" href=\"https:\/\/www.bureauveritas.dk\/en\/our-market\/apqp4wind?utm_source=google&#038;utm_medium=cpc&#038;gad_source=1&#038;gad_campaignid=1676330063&#038;gbraid=0AAAAAD28T32t2hKEXcw7JcM30Vaxr40iY&#038;gclid=CjwKCAiA55rJBhByEiwAFkY1QG0iBDQRekciHH0dIgsblVqHdnIgnglPMpL_zGsBaOnpgxHvH1W7aBoCFQQQAvD_BwE\" rel=\"nofollow\"><div class=\"ut-animated-image-zoom\"><img loading=\"lazy\" decoding=\"async\" class=\"ut-lazy skip-lazy ut-animated-image \"  id=\"ut_am_69f310dfe415e\" src=\"data:image\/svg+xml;charset=utf-8,%3Csvg xmlns%3D'http%3A%2F%2Fwww.w3.org%2F2000%2Fsvg' viewBox%3D'0 0 300 190'%2F%3E\" data-src=\"https:\/\/oxiplant.com\/wp-content\/uploads\/2025\/10\/apqp.jpg\" width=\"300\" height=\"190\" alt=\"\"\/><\/div><\/a><\/div><\/div><\/div>[\/vc_column][vc_column width=&#8220;1\/6&#8243; css=&#8220;.vc_custom_1764283694488{margin-top: 15px !important;}&#8220;]<div  class=\"wpb_content_element   clearfix\"><style type=\"text\/css\">#ut_am_69f310dfe5323 { opacity: 1; }#ut_am_wrap_69f310dfe5325 .ut-image-gallery-item-caption-title h3 { color: #ffffff; }#ut_am_wrap_69f310dfe5325 .ut-image-gallery-item-caption-title-style-2 h3 { color: #ffffff; }#ut_am_wrap_69f310dfe5325 .ut-image-gallery-item-caption-title h3 { letter-spacing: 0em; }#ut_am_wrap_69f310dfe5325 .ut-gallery-slider-caption { font-weight: bold; }#ut_am_wrap_69f310dfe5325 { text-align: center; }@media (min-width: 768px) and (max-width: 1024px) { #ut_am_wrap_69f310dfe5325 { text-align: center !important; } }@media (max-width: 767px) { #ut_am_wrap_69f310dfe5325 { text-align: center !important; } }<\/style><div id=\"ut_am_wrap_69f310dfe5325\" class=\"ut-image-gallery-image ani_zoom\"><div id=\"ut_reveal_69f310dfe5326\"  data-appear-top-offset=\"auto\" class=\"ut-animated-image-item ut-image-gallery-item ut-animation-done \"><a target=\"_blank\" href=\"https:\/\/ecovadis.com\/es\/\" rel=\"nofollow\"><div class=\"ut-animated-image-zoom\"><img decoding=\"async\" class=\"ut-lazy skip-lazy ut-animated-image \"  id=\"ut_am_69f310dfe5323\" src=\"data:image\/svg+xml;charset=utf-8,%3Csvg xmlns%3D'http%3A%2F%2Fwww.w3.org%2F2000%2Fsvg' viewBox%3D'0 0 118px 600'%2F%3E\" data-src=\"https:\/\/oxiplant.com\/wp-content\/uploads\/2025\/10\/reco-1.webp\" width=\"118px\" height=\"\" alt=\"\"\/><\/div><\/a><\/div><\/div><\/div>[\/vc_column][\/vc_row][\/vc_section]<\/p>\n<\/div>","protected":false},"excerpt":{"rendered":"<p>[vc_section][vc_row content_placement=&#8220;middle&#8220; css=&#8220;.vc_custom_1765487518362{margin-bottom: 0px !important;}&#8220;][vc_column width=&#8220;1\/2&#8243;][vc_column_text]Unsere vertikalen Bearbeitungszentren verf\u00fcgen \u00fcber einen L\u00e4ngsverfahrweg von bis zu 4.000 mm und sind f\u00fcr die Bearbeitung von Werkst\u00fccken bis zu 1.300 kg ausgelegt. Dadurch gew\u00e4hrleisten wir auch bei anspruchsvollen Zerspanungsaufgaben eine hohe Stabilit\u00e4t und Pr\u00e4zision. Dar\u00fcber hinaus sind unsere Schneidanlagen \u2013 sowohl f\u00fcr Blech als auch f\u00fcr Rohr \u2013 [&hellip;]<\/p>\n","protected":false},"author":1,"featured_media":0,"parent":0,"menu_order":0,"comment_status":"closed","ping_status":"closed","template":"","meta":{"footnotes":""},"class_list":["post-7822","page","type-page","status-publish","hentry"],"acf":[],"yoast_head":"<!-- This site is optimized with the Yoast SEO plugin v27.1.1 - https:\/\/yoast.com\/product\/yoast-seo-wordpress\/ -->\n<title>Zerspanung - Oxiplant<\/title>\n<meta name=\"robots\" content=\"index, follow, max-snippet:-1, max-image-preview:large, max-video-preview:-1\" \/>\n<link rel=\"canonical\" href=\"https:\/\/oxiplant.com\/de\/bearbeitung\/\" \/>\n<meta property=\"og:locale\" content=\"de_DE\" \/>\n<meta property=\"og:type\" content=\"article\" \/>\n<meta property=\"og:title\" content=\"Zerspanung - Oxiplant\" \/>\n<meta property=\"og:description\" content=\"[vc_section][vc_row content_placement=&#8220;middle&#8220; css=&#8220;.vc_custom_1765487518362{margin-bottom: 0px !important;}&#8220;][vc_column width=&#8220;1\/2&#8243;][vc_column_text]Unsere vertikalen Bearbeitungszentren verf\u00fcgen \u00fcber einen L\u00e4ngsverfahrweg von bis zu 4.000 mm und sind f\u00fcr die Bearbeitung von Werkst\u00fccken bis zu 1.300 kg ausgelegt. Dadurch gew\u00e4hrleisten wir auch bei anspruchsvollen Zerspanungsaufgaben eine hohe Stabilit\u00e4t und Pr\u00e4zision. Dar\u00fcber hinaus sind unsere Schneidanlagen \u2013 sowohl f\u00fcr Blech als auch f\u00fcr Rohr \u2013 [&hellip;]\" \/>\n<meta property=\"og:url\" content=\"https:\/\/oxiplant.com\/de\/bearbeitung\/\" \/>\n<meta property=\"og:site_name\" content=\"Oxiplant\" \/>\n<meta property=\"article:modified_time\" content=\"2026-03-26T15:42:25+00:00\" \/>\n<meta name=\"twitter:card\" content=\"summary_large_image\" \/>\n<meta name=\"twitter:label1\" content=\"Gesch\u00e4tzte Lesezeit\" \/>\n\t<meta name=\"twitter:data1\" content=\"11\u00a0Minuten\" \/>\n<script type=\"application\/ld+json\" class=\"yoast-schema-graph\">{\"@context\":\"https:\/\/schema.org\",\"@graph\":[{\"@type\":\"WebPage\",\"@id\":\"https:\/\/oxiplant.com\/de\/bearbeitung\/\",\"url\":\"https:\/\/oxiplant.com\/de\/bearbeitung\/\",\"name\":\"Zerspanung - Oxiplant\",\"isPartOf\":{\"@id\":\"https:\/\/oxiplant.com\/de\/#website\"},\"datePublished\":\"2025-10-15T06:02:11+00:00\",\"dateModified\":\"2026-03-26T15:42:25+00:00\",\"breadcrumb\":{\"@id\":\"https:\/\/oxiplant.com\/de\/bearbeitung\/#breadcrumb\"},\"inLanguage\":\"de\",\"potentialAction\":[{\"@type\":\"ReadAction\",\"target\":[\"https:\/\/oxiplant.com\/de\/bearbeitung\/\"]}]},{\"@type\":\"BreadcrumbList\",\"@id\":\"https:\/\/oxiplant.com\/de\/bearbeitung\/#breadcrumb\",\"itemListElement\":[{\"@type\":\"ListItem\",\"position\":1,\"name\":\"Portada\",\"item\":\"https:\/\/oxiplant.com\/de\/\"},{\"@type\":\"ListItem\",\"position\":2,\"name\":\"Zerspanung\"}]},{\"@type\":\"WebSite\",\"@id\":\"https:\/\/oxiplant.com\/de\/#website\",\"url\":\"https:\/\/oxiplant.com\/de\/\",\"name\":\"Oxiplant\",\"description\":\"\",\"potentialAction\":[{\"@type\":\"SearchAction\",\"target\":{\"@type\":\"EntryPoint\",\"urlTemplate\":\"https:\/\/oxiplant.com\/de\/?s={search_term_string}\"},\"query-input\":{\"@type\":\"PropertyValueSpecification\",\"valueRequired\":true,\"valueName\":\"search_term_string\"}}],\"inLanguage\":\"de\"}]}<\/script>\n<!-- \/ Yoast SEO plugin. -->","yoast_head_json":{"title":"Zerspanung - Oxiplant","robots":{"index":"index","follow":"follow","max-snippet":"max-snippet:-1","max-image-preview":"max-image-preview:large","max-video-preview":"max-video-preview:-1"},"canonical":"https:\/\/oxiplant.com\/de\/bearbeitung\/","og_locale":"de_DE","og_type":"article","og_title":"Zerspanung - Oxiplant","og_description":"[vc_section][vc_row content_placement=&#8220;middle&#8220; css=&#8220;.vc_custom_1765487518362{margin-bottom: 0px !important;}&#8220;][vc_column width=&#8220;1\/2&#8243;][vc_column_text]Unsere vertikalen Bearbeitungszentren verf\u00fcgen \u00fcber einen L\u00e4ngsverfahrweg von bis zu 4.000 mm und sind f\u00fcr die Bearbeitung von Werkst\u00fccken bis zu 1.300 kg ausgelegt. Dadurch gew\u00e4hrleisten wir auch bei anspruchsvollen Zerspanungsaufgaben eine hohe Stabilit\u00e4t und Pr\u00e4zision. Dar\u00fcber hinaus sind unsere Schneidanlagen \u2013 sowohl f\u00fcr Blech als auch f\u00fcr Rohr \u2013 [&hellip;]","og_url":"https:\/\/oxiplant.com\/de\/bearbeitung\/","og_site_name":"Oxiplant","article_modified_time":"2026-03-26T15:42:25+00:00","twitter_card":"summary_large_image","twitter_misc":{"Gesch\u00e4tzte Lesezeit":"11\u00a0Minuten"},"schema":{"@context":"https:\/\/schema.org","@graph":[{"@type":"WebPage","@id":"https:\/\/oxiplant.com\/de\/bearbeitung\/","url":"https:\/\/oxiplant.com\/de\/bearbeitung\/","name":"Zerspanung - Oxiplant","isPartOf":{"@id":"https:\/\/oxiplant.com\/de\/#website"},"datePublished":"2025-10-15T06:02:11+00:00","dateModified":"2026-03-26T15:42:25+00:00","breadcrumb":{"@id":"https:\/\/oxiplant.com\/de\/bearbeitung\/#breadcrumb"},"inLanguage":"de","potentialAction":[{"@type":"ReadAction","target":["https:\/\/oxiplant.com\/de\/bearbeitung\/"]}]},{"@type":"BreadcrumbList","@id":"https:\/\/oxiplant.com\/de\/bearbeitung\/#breadcrumb","itemListElement":[{"@type":"ListItem","position":1,"name":"Portada","item":"https:\/\/oxiplant.com\/de\/"},{"@type":"ListItem","position":2,"name":"Zerspanung"}]},{"@type":"WebSite","@id":"https:\/\/oxiplant.com\/de\/#website","url":"https:\/\/oxiplant.com\/de\/","name":"Oxiplant","description":"","potentialAction":[{"@type":"SearchAction","target":{"@type":"EntryPoint","urlTemplate":"https:\/\/oxiplant.com\/de\/?s={search_term_string}"},"query-input":{"@type":"PropertyValueSpecification","valueRequired":true,"valueName":"search_term_string"}}],"inLanguage":"de"}]}},"_links":{"self":[{"href":"https:\/\/oxiplant.com\/de\/wp-json\/wp\/v2\/pages\/7822","targetHints":{"allow":["GET"]}}],"collection":[{"href":"https:\/\/oxiplant.com\/de\/wp-json\/wp\/v2\/pages"}],"about":[{"href":"https:\/\/oxiplant.com\/de\/wp-json\/wp\/v2\/types\/page"}],"author":[{"embeddable":true,"href":"https:\/\/oxiplant.com\/de\/wp-json\/wp\/v2\/users\/1"}],"replies":[{"embeddable":true,"href":"https:\/\/oxiplant.com\/de\/wp-json\/wp\/v2\/comments?post=7822"}],"version-history":[{"count":2,"href":"https:\/\/oxiplant.com\/de\/wp-json\/wp\/v2\/pages\/7822\/revisions"}],"predecessor-version":[{"id":8131,"href":"https:\/\/oxiplant.com\/de\/wp-json\/wp\/v2\/pages\/7822\/revisions\/8131"}],"wp:attachment":[{"href":"https:\/\/oxiplant.com\/de\/wp-json\/wp\/v2\/media?parent=7822"}],"curies":[{"name":"wp","href":"https:\/\/api.w.org\/{rel}","templated":true}]}}