{"id":7836,"date":"2025-10-15T07:19:41","date_gmt":"2025-10-15T05:19:41","guid":{"rendered":"https:\/\/oxiplant.com\/new2\/schweissen\/"},"modified":"2026-02-25T12:26:26","modified_gmt":"2026-02-25T11:26:26","slug":"schweissen","status":"publish","type":"page","link":"https:\/\/oxiplant.com\/de\/schweissen\/","title":{"rendered":"Schweissen"},"content":{"rendered":"<div class=\"wpb-content-wrapper\"><p>[vc_section][vc_row content_placement=&#8220;middle&#8220; css=&#8220;.vc_custom_1765487482705{margin-bottom: 0px !important;}&#8220;][vc_column width=&#8220;1\/2&#8243;][vc_column_text]Wir bieten Schwei\u00dfl\u00f6sungen, die auf die Anforderungen industrieller Projekte unterschiedlicher Komplexit\u00e4t abgestimmt sind. Zum Einsatz kommen die Verfahren <strong>MIG\/MAG und WIG sowie spezialisierte Anlagen f\u00fcr das Bolzenschwei\u00dfen<\/strong>. Damit decken wir ein breites Anwendungsspektrum in Fertigung, Montage und Instandsetzung ab. <\/p>\n<p>Unsere Schwei\u00dfprozesse umfassen <strong>sowohl Blech- als auch Rohrbauteile<\/strong> und werden f\u00fcr unterschiedliche Werkstoffe und Wand- bzw. Materialst\u00e4rken ausgelegt. Dadurch bedienen wir unter anderem die Bereiche Stahl- und Anlagenbau, Metallkonstruktionen, Maschinenbau, erneuerbare Energien sowie Sonderkonstruktionen. <\/p>\n<p>Wir verf\u00fcgen \u00fcber <strong>Monoblock-Schwei\u00dfroboter,<\/strong> die eine hohe Pr\u00e4zision, Wiederholgenauigkeit und eine konstante Nahtqualit\u00e4t gew\u00e4hrleisten. Diese Anlagen eignen sich besonders f\u00fcr mittlere und gro\u00dfe Serien sowie f\u00fcr Anwendungen mit hohen Anforderungen an gleichbleibende und pr\u00fcfbare Qualit\u00e4t. Erg\u00e4nzend setzen wir manuelle und halbautomatische Schwei\u00dfsysteme ein, um auch komplexe Geometrien und Einzelteile flexibel bearbeiten zu k\u00f6nnen. <\/p>\n<p>Alle unsere Schwei\u00dfprozesse sind nach <strong>ISO 3834-2:2021 durch LRQA zertifiziert<\/strong>. Dies stellt sicher, dass wir h\u00f6chste Anforderungen an das Qualit\u00e4tsmanagement im Schwei\u00dfen erf\u00fcllen \u2013 einschlie\u00dflich R\u00fcckverfolgbarkeit, <strong>Schwei\u00dferqualifikation (WPQ), Schwei\u00dfanweisungen und -pr\u00fcfungen (WPS\/PQR)<\/strong> sowie Werkstoffkontrolle.[\/vc_column_text][\/vc_column][vc_column width=&#8220;1\/2&#8243;]<div  class=\"wpb_content_element   clearfix\"><style type=\"text\/css\">#ut_am_69f270ede4ac6 { opacity: 1; }#ut_am_wrap_69f270ede4ac8 img,#ut_am_wrap_69f270ede4ac8 .ut-image-gallery-image-caption,#ut_am_wrap_69f270ede4ac8 .ut-box-shadow-container,#ut_am_wrap_69f270ede4ac8 .ut-box-shadow-container-inner,#ut_am_wrap_69f270ede4ac8 .ut-block-revealer-element-container,#ut_am_wrap_69f270ede4ac8 .ut-animated-image-zoom { -webkit-border-radius: 9px; -moz-border-radius: 9px; border-radius: 9px; }#ut_am_wrap_69f270ede4ac8 .ut-image-gallery-item-caption-title h3 { letter-spacing: 0em; }#ut_am_wrap_69f270ede4ac8 .ut-gallery-slider-caption { color: #999999; }#ut_am_wrap_69f270ede4ac8 .ut-gallery-slider-caption { font-weight: normal; }#ut_am_wrap_69f270ede4ac8 { text-align: right; }@media (min-width: 768px) and (max-width: 1024px) { #ut_am_wrap_69f270ede4ac8 { text-align: right !important; } }@media (max-width: 767px) { #ut_am_wrap_69f270ede4ac8 { text-align: center !important; } }<\/style><div id=\"ut_am_wrap_69f270ede4ac8\" class=\"ut-image-gallery-image \"><div id=\"ut_reveal_69f270ede4aca\"  data-appear-top-offset=\"auto\" class=\"ut-animated-image-item ut-image-gallery-item ut-animation-done \"><a class=\"ut-deactivated-link\" href=\"#\"><div class=\"ut-animated-image-zoom\"><img loading=\"lazy\" decoding=\"async\" class=\"ut-lazy skip-lazy ut-animated-image \"  id=\"ut_am_69f270ede4ac6\" src=\"data:image\/svg+xml;charset=utf-8,%3Csvg xmlns%3D'http%3A%2F%2Fwww.w3.org%2F2000%2Fsvg' viewBox%3D'0 0 1396 1427'%2F%3E\" data-src=\"https:\/\/oxiplant.com\/wp-content\/uploads\/2025\/11\/soldadura-4.jpg\" width=\"1396\" height=\"1427\" alt=\"\"\/><\/div><\/a><\/div><\/div><\/div>[\/vc_column][\/vc_row][\/vc_section][vc_section][vc_row][vc_column width=&#8220;1\/6&#8243; css=&#8220;.vc_custom_1764283621195{margin-top: 15px !important;}&#8220;]<div  class=\"wpb_content_element   clearfix\"><style type=\"text\/css\">#ut_am_69f270ede548c { opacity: 1; }#ut_am_wrap_69f270ede548e .ut-image-gallery-item-caption-title h3 { color: #ffffff; }#ut_am_wrap_69f270ede548e .ut-image-gallery-item-caption-title-style-2 h3 { color: #ffffff; }#ut_am_wrap_69f270ede548e .ut-image-gallery-item-caption-title h3 { letter-spacing: 0em; }#ut_am_wrap_69f270ede548e .ut-gallery-slider-caption { font-weight: bold; }#ut_am_wrap_69f270ede548e { text-align: center; }@media (min-width: 768px) and (max-width: 1024px) { #ut_am_wrap_69f270ede548e { text-align: center !important; } }@media (max-width: 767px) { #ut_am_wrap_69f270ede548e { text-align: center !important; } }<\/style><div id=\"ut_am_wrap_69f270ede548e\" class=\"ut-image-gallery-image ani_zoom\"><div id=\"ut_reveal_69f270ede548f\"  data-appear-top-offset=\"auto\" class=\"ut-animated-image-item ut-image-gallery-item ut-animation-done \"><a target=\"_blank\" href=\"https:\/\/oxiplant.com\/new2\/wp-content\/uploads\/2025\/11\/OXIP_0094-CPR-MAD-20160126-SPA_Iss04-9Jun25-FPC-cer-EN1090.pdf\" rel=\"nofollow\"><div class=\"ut-animated-image-zoom\"><img loading=\"lazy\" decoding=\"async\" class=\"ut-lazy skip-lazy ut-animated-image \"  id=\"ut_am_69f270ede548c\" src=\"data:image\/svg+xml;charset=utf-8,%3Csvg xmlns%3D'http%3A%2F%2Fwww.w3.org%2F2000%2Fsvg' viewBox%3D'0 0 300 190'%2F%3E\" data-src=\"https:\/\/oxiplant.com\/wp-content\/uploads\/2025\/11\/iso-1090-2.jpg\" width=\"300\" height=\"190\" alt=\"\"\/><\/div><\/a><\/div><\/div><\/div>[\/vc_column][vc_column width=&#8220;1\/6&#8243; css=&#8220;.vc_custom_1764283634822{margin-top: 15px !important;}&#8220;]<div  class=\"wpb_content_element   clearfix\"><style type=\"text\/css\">#ut_am_69f270ede63b9 { opacity: 1; }#ut_am_wrap_69f270ede63bb .ut-image-gallery-item-caption-title h3 { color: #ffffff; }#ut_am_wrap_69f270ede63bb .ut-image-gallery-item-caption-title-style-2 h3 { color: #ffffff; }#ut_am_wrap_69f270ede63bb .ut-image-gallery-item-caption-title h3 { letter-spacing: 0em; }#ut_am_wrap_69f270ede63bb .ut-gallery-slider-caption { font-weight: bold; }#ut_am_wrap_69f270ede63bb { text-align: center; }@media (min-width: 768px) and (max-width: 1024px) { #ut_am_wrap_69f270ede63bb { text-align: center !important; } }@media (max-width: 767px) { #ut_am_wrap_69f270ede63bb { text-align: center !important; } }<\/style><div id=\"ut_am_wrap_69f270ede63bb\" class=\"ut-image-gallery-image ani_zoom\"><div id=\"ut_reveal_69f270ede63bc\"  data-appear-top-offset=\"auto\" class=\"ut-animated-image-item ut-image-gallery-item ut-animation-done \"><a target=\"_blank\" href=\"https:\/\/oxiplant.com\/new2\/wp-content\/uploads\/2025\/11\/0038343-QMS-SPAES-UKAS.pdf\" rel=\"nofollow\"><div class=\"ut-animated-image-zoom\"><img loading=\"lazy\" decoding=\"async\" class=\"ut-lazy skip-lazy ut-animated-image \"  id=\"ut_am_69f270ede63b9\" src=\"data:image\/svg+xml;charset=utf-8,%3Csvg xmlns%3D'http%3A%2F%2Fwww.w3.org%2F2000%2Fsvg' viewBox%3D'0 0 300 190'%2F%3E\" data-src=\"https:\/\/oxiplant.com\/wp-content\/uploads\/2025\/10\/calidad-2.webp\" width=\"300\" height=\"190\" alt=\"\"\/><\/div><\/a><\/div><\/div><\/div>[\/vc_column][vc_column width=&#8220;1\/6&#8243; css=&#8220;.vc_custom_1764283649688{margin-top: 15px !important;}&#8220;]<div  class=\"wpb_content_element   clearfix\"><style type=\"text\/css\">#ut_am_69f270ede6bb6 { opacity: 1; }#ut_am_wrap_69f270ede6bb8 .ut-image-gallery-item-caption-title h3 { color: #ffffff; }#ut_am_wrap_69f270ede6bb8 .ut-image-gallery-item-caption-title-style-2 h3 { color: #ffffff; }#ut_am_wrap_69f270ede6bb8 .ut-image-gallery-item-caption-title h3 { letter-spacing: 0em; }#ut_am_wrap_69f270ede6bb8 .ut-gallery-slider-caption { font-weight: bold; }#ut_am_wrap_69f270ede6bb8 { text-align: center; }@media (min-width: 768px) and (max-width: 1024px) { #ut_am_wrap_69f270ede6bb8 { text-align: center !important; } }@media (max-width: 767px) { #ut_am_wrap_69f270ede6bb8 { text-align: center !important; } }<\/style><div id=\"ut_am_wrap_69f270ede6bb8\" class=\"ut-image-gallery-image ani_zoom\"><div id=\"ut_reveal_69f270ede6bb9\"  data-appear-top-offset=\"auto\" class=\"ut-animated-image-item ut-image-gallery-item ut-animation-done \"><a target=\"_blank\" href=\"https:\/\/oxiplant.com\/new2\/wp-content\/uploads\/2025\/11\/00016995-EMS-SPAES-UKAS.pdf\" rel=\"nofollow\"><div class=\"ut-animated-image-zoom\"><img loading=\"lazy\" decoding=\"async\" class=\"ut-lazy skip-lazy ut-animated-image \"  id=\"ut_am_69f270ede6bb6\" src=\"data:image\/svg+xml;charset=utf-8,%3Csvg xmlns%3D'http%3A%2F%2Fwww.w3.org%2F2000%2Fsvg' viewBox%3D'0 0 300 193'%2F%3E\" data-src=\"https:\/\/oxiplant.com\/wp-content\/uploads\/2025\/10\/medioambiente.webp\" width=\"300\" height=\"193\" alt=\"\"\/><\/div><\/a><\/div><\/div><\/div>[\/vc_column][vc_column width=&#8220;1\/6&#8243; css=&#8220;.vc_custom_1764283665569{margin-top: 15px !important;}&#8220;]<div  class=\"wpb_content_element   clearfix\"><style type=\"text\/css\">#ut_am_69f270ede7354 { opacity: 1; }#ut_am_wrap_69f270ede7356 .ut-image-gallery-item-caption-title h3 { color: #ffffff; }#ut_am_wrap_69f270ede7356 .ut-image-gallery-item-caption-title-style-2 h3 { color: #ffffff; }#ut_am_wrap_69f270ede7356 .ut-image-gallery-item-caption-title h3 { letter-spacing: 0em; }#ut_am_wrap_69f270ede7356 .ut-gallery-slider-caption { font-weight: bold; }#ut_am_wrap_69f270ede7356 { text-align: center; }@media (min-width: 768px) and (max-width: 1024px) { #ut_am_wrap_69f270ede7356 { text-align: center !important; } }@media (max-width: 767px) { #ut_am_wrap_69f270ede7356 { text-align: center !important; } }<\/style><div id=\"ut_am_wrap_69f270ede7356\" class=\"ut-image-gallery-image ani_zoom\"><div id=\"ut_reveal_69f270ede7357\"  data-appear-top-offset=\"auto\" class=\"ut-animated-image-item ut-image-gallery-item ut-animation-done \"><a target=\"_blank\" href=\"https:\/\/oxiplant.com\/new2\/wp-content\/uploads\/2025\/11\/OXIP_Cert-3834-R2-1Sep25-SPA.pdf\" rel=\"nofollow\"><div class=\"ut-animated-image-zoom\"><img loading=\"lazy\" decoding=\"async\" class=\"ut-lazy skip-lazy ut-animated-image \"  id=\"ut_am_69f270ede7354\" src=\"data:image\/svg+xml;charset=utf-8,%3Csvg xmlns%3D'http%3A%2F%2Fwww.w3.org%2F2000%2Fsvg' viewBox%3D'0 0 300 190'%2F%3E\" data-src=\"https:\/\/oxiplant.com\/wp-content\/uploads\/2025\/11\/iso-3834.jpg\" width=\"300\" height=\"190\" alt=\"\"\/><\/div><\/a><\/div><\/div><\/div>[\/vc_column][vc_column width=&#8220;1\/6&#8243; css=&#8220;.vc_custom_1764283681323{margin-top: 15px !important;}&#8220;]<div  class=\"wpb_content_element   clearfix\"><style type=\"text\/css\">#ut_am_69f270ede7cf2 { opacity: 1; }#ut_am_wrap_69f270ede7cf5 .ut-image-gallery-item-caption-title h3 { color: #ffffff; }#ut_am_wrap_69f270ede7cf5 .ut-image-gallery-item-caption-title-style-2 h3 { color: #ffffff; }#ut_am_wrap_69f270ede7cf5 .ut-image-gallery-item-caption-title h3 { letter-spacing: 0em; }#ut_am_wrap_69f270ede7cf5 .ut-gallery-slider-caption { font-weight: bold; }#ut_am_wrap_69f270ede7cf5 { text-align: center; }@media (min-width: 768px) and (max-width: 1024px) { #ut_am_wrap_69f270ede7cf5 { text-align: center !important; } }@media (max-width: 767px) { #ut_am_wrap_69f270ede7cf5 { text-align: center !important; } }<\/style><div id=\"ut_am_wrap_69f270ede7cf5\" class=\"ut-image-gallery-image ani_zoom\"><div id=\"ut_reveal_69f270ede7cf6\"  data-appear-top-offset=\"auto\" class=\"ut-animated-image-item ut-image-gallery-item ut-animation-done \"><a target=\"_blank\" href=\"https:\/\/www.bureauveritas.dk\/en\/our-market\/apqp4wind?utm_source=google&#038;utm_medium=cpc&#038;gad_source=1&#038;gad_campaignid=1676330063&#038;gbraid=0AAAAAD28T32t2hKEXcw7JcM30Vaxr40iY&#038;gclid=CjwKCAiA55rJBhByEiwAFkY1QG0iBDQRekciHH0dIgsblVqHdnIgnglPMpL_zGsBaOnpgxHvH1W7aBoCFQQQAvD_BwE\" rel=\"nofollow\"><div class=\"ut-animated-image-zoom\"><img loading=\"lazy\" decoding=\"async\" class=\"ut-lazy skip-lazy ut-animated-image \"  id=\"ut_am_69f270ede7cf2\" src=\"data:image\/svg+xml;charset=utf-8,%3Csvg xmlns%3D'http%3A%2F%2Fwww.w3.org%2F2000%2Fsvg' viewBox%3D'0 0 300 190'%2F%3E\" data-src=\"https:\/\/oxiplant.com\/wp-content\/uploads\/2025\/10\/apqp.jpg\" width=\"300\" height=\"190\" alt=\"\"\/><\/div><\/a><\/div><\/div><\/div>[\/vc_column][vc_column width=&#8220;1\/6&#8243; css=&#8220;.vc_custom_1764283694488{margin-top: 15px !important;}&#8220;]<div  class=\"wpb_content_element   clearfix\"><style type=\"text\/css\">#ut_am_69f270ede95a1 { opacity: 1; }#ut_am_wrap_69f270ede95a4 .ut-image-gallery-item-caption-title h3 { color: #ffffff; }#ut_am_wrap_69f270ede95a4 .ut-image-gallery-item-caption-title-style-2 h3 { color: #ffffff; }#ut_am_wrap_69f270ede95a4 .ut-image-gallery-item-caption-title h3 { letter-spacing: 0em; }#ut_am_wrap_69f270ede95a4 .ut-gallery-slider-caption { font-weight: bold; }#ut_am_wrap_69f270ede95a4 { text-align: center; }@media (min-width: 768px) and (max-width: 1024px) { #ut_am_wrap_69f270ede95a4 { text-align: center !important; } }@media (max-width: 767px) { #ut_am_wrap_69f270ede95a4 { text-align: center !important; } }<\/style><div id=\"ut_am_wrap_69f270ede95a4\" class=\"ut-image-gallery-image ani_zoom\"><div id=\"ut_reveal_69f270ede95a5\"  data-appear-top-offset=\"auto\" class=\"ut-animated-image-item ut-image-gallery-item ut-animation-done \"><a target=\"_blank\" href=\"https:\/\/ecovadis.com\/es\/\" rel=\"nofollow\"><div class=\"ut-animated-image-zoom\"><img decoding=\"async\" class=\"ut-lazy skip-lazy ut-animated-image \"  id=\"ut_am_69f270ede95a1\" src=\"data:image\/svg+xml;charset=utf-8,%3Csvg xmlns%3D'http%3A%2F%2Fwww.w3.org%2F2000%2Fsvg' viewBox%3D'0 0 118px 600'%2F%3E\" data-src=\"https:\/\/oxiplant.com\/wp-content\/uploads\/2025\/10\/reco-1.webp\" width=\"118px\" height=\"\" alt=\"\"\/><\/div><\/a><\/div><\/div><\/div>[\/vc_column][\/vc_row][\/vc_section]<\/p>\n<\/div>","protected":false},"excerpt":{"rendered":"<p>[vc_section][vc_row content_placement=&#8220;middle&#8220; css=&#8220;.vc_custom_1765487482705{margin-bottom: 0px !important;}&#8220;][vc_column width=&#8220;1\/2&#8243;][vc_column_text]Wir bieten Schwei\u00dfl\u00f6sungen, die auf die Anforderungen industrieller Projekte unterschiedlicher Komplexit\u00e4t abgestimmt sind. Zum Einsatz kommen die Verfahren MIG\/MAG und WIG sowie spezialisierte Anlagen f\u00fcr das Bolzenschwei\u00dfen. Damit decken wir ein breites Anwendungsspektrum in Fertigung, Montage und Instandsetzung ab. Unsere Schwei\u00dfprozesse umfassen sowohl Blech- als auch Rohrbauteile und werden f\u00fcr [&hellip;]<\/p>\n","protected":false},"author":1,"featured_media":0,"parent":0,"menu_order":0,"comment_status":"closed","ping_status":"closed","template":"","meta":{"footnotes":""},"class_list":["post-7836","page","type-page","status-publish","hentry"],"acf":[],"yoast_head":"<!-- This site is optimized with the Yoast SEO plugin v27.1.1 - https:\/\/yoast.com\/product\/yoast-seo-wordpress\/ -->\n<title>Schweissen - Oxiplant<\/title>\n<meta name=\"robots\" content=\"index, follow, max-snippet:-1, max-image-preview:large, max-video-preview:-1\" \/>\n<link rel=\"canonical\" href=\"https:\/\/oxiplant.com\/de\/schweissen\/\" \/>\n<meta property=\"og:locale\" content=\"de_DE\" \/>\n<meta property=\"og:type\" content=\"article\" \/>\n<meta property=\"og:title\" content=\"Schweissen - Oxiplant\" \/>\n<meta property=\"og:description\" content=\"[vc_section][vc_row content_placement=&#8220;middle&#8220; css=&#8220;.vc_custom_1765487482705{margin-bottom: 0px !important;}&#8220;][vc_column width=&#8220;1\/2&#8243;][vc_column_text]Wir bieten Schwei\u00dfl\u00f6sungen, die auf die Anforderungen industrieller Projekte unterschiedlicher Komplexit\u00e4t abgestimmt sind. Zum Einsatz kommen die Verfahren MIG\/MAG und WIG sowie spezialisierte Anlagen f\u00fcr das Bolzenschwei\u00dfen. Damit decken wir ein breites Anwendungsspektrum in Fertigung, Montage und Instandsetzung ab. Unsere Schwei\u00dfprozesse umfassen sowohl Blech- als auch Rohrbauteile und werden f\u00fcr [&hellip;]\" \/>\n<meta property=\"og:url\" content=\"https:\/\/oxiplant.com\/de\/schweissen\/\" \/>\n<meta property=\"og:site_name\" content=\"Oxiplant\" \/>\n<meta property=\"article:modified_time\" content=\"2026-02-25T11:26:26+00:00\" \/>\n<meta name=\"twitter:card\" content=\"summary_large_image\" \/>\n<meta name=\"twitter:label1\" content=\"Gesch\u00e4tzte Lesezeit\" \/>\n\t<meta name=\"twitter:data1\" content=\"8\u00a0Minuten\" \/>\n<script type=\"application\/ld+json\" class=\"yoast-schema-graph\">{\"@context\":\"https:\/\/schema.org\",\"@graph\":[{\"@type\":\"WebPage\",\"@id\":\"https:\/\/oxiplant.com\/de\/schweissen\/\",\"url\":\"https:\/\/oxiplant.com\/de\/schweissen\/\",\"name\":\"Schweissen - Oxiplant\",\"isPartOf\":{\"@id\":\"https:\/\/oxiplant.com\/de\/#website\"},\"datePublished\":\"2025-10-15T05:19:41+00:00\",\"dateModified\":\"2026-02-25T11:26:26+00:00\",\"breadcrumb\":{\"@id\":\"https:\/\/oxiplant.com\/de\/schweissen\/#breadcrumb\"},\"inLanguage\":\"de\",\"potentialAction\":[{\"@type\":\"ReadAction\",\"target\":[\"https:\/\/oxiplant.com\/de\/schweissen\/\"]}]},{\"@type\":\"BreadcrumbList\",\"@id\":\"https:\/\/oxiplant.com\/de\/schweissen\/#breadcrumb\",\"itemListElement\":[{\"@type\":\"ListItem\",\"position\":1,\"name\":\"Portada\",\"item\":\"https:\/\/oxiplant.com\/de\/\"},{\"@type\":\"ListItem\",\"position\":2,\"name\":\"Schweissen\"}]},{\"@type\":\"WebSite\",\"@id\":\"https:\/\/oxiplant.com\/de\/#website\",\"url\":\"https:\/\/oxiplant.com\/de\/\",\"name\":\"Oxiplant\",\"description\":\"\",\"potentialAction\":[{\"@type\":\"SearchAction\",\"target\":{\"@type\":\"EntryPoint\",\"urlTemplate\":\"https:\/\/oxiplant.com\/de\/?s={search_term_string}\"},\"query-input\":{\"@type\":\"PropertyValueSpecification\",\"valueRequired\":true,\"valueName\":\"search_term_string\"}}],\"inLanguage\":\"de\"}]}<\/script>\n<!-- \/ Yoast SEO plugin. -->","yoast_head_json":{"title":"Schweissen - Oxiplant","robots":{"index":"index","follow":"follow","max-snippet":"max-snippet:-1","max-image-preview":"max-image-preview:large","max-video-preview":"max-video-preview:-1"},"canonical":"https:\/\/oxiplant.com\/de\/schweissen\/","og_locale":"de_DE","og_type":"article","og_title":"Schweissen - Oxiplant","og_description":"[vc_section][vc_row content_placement=&#8220;middle&#8220; css=&#8220;.vc_custom_1765487482705{margin-bottom: 0px !important;}&#8220;][vc_column width=&#8220;1\/2&#8243;][vc_column_text]Wir bieten Schwei\u00dfl\u00f6sungen, die auf die Anforderungen industrieller Projekte unterschiedlicher Komplexit\u00e4t abgestimmt sind. Zum Einsatz kommen die Verfahren MIG\/MAG und WIG sowie spezialisierte Anlagen f\u00fcr das Bolzenschwei\u00dfen. Damit decken wir ein breites Anwendungsspektrum in Fertigung, Montage und Instandsetzung ab. Unsere Schwei\u00dfprozesse umfassen sowohl Blech- als auch Rohrbauteile und werden f\u00fcr [&hellip;]","og_url":"https:\/\/oxiplant.com\/de\/schweissen\/","og_site_name":"Oxiplant","article_modified_time":"2026-02-25T11:26:26+00:00","twitter_card":"summary_large_image","twitter_misc":{"Gesch\u00e4tzte Lesezeit":"8\u00a0Minuten"},"schema":{"@context":"https:\/\/schema.org","@graph":[{"@type":"WebPage","@id":"https:\/\/oxiplant.com\/de\/schweissen\/","url":"https:\/\/oxiplant.com\/de\/schweissen\/","name":"Schweissen - Oxiplant","isPartOf":{"@id":"https:\/\/oxiplant.com\/de\/#website"},"datePublished":"2025-10-15T05:19:41+00:00","dateModified":"2026-02-25T11:26:26+00:00","breadcrumb":{"@id":"https:\/\/oxiplant.com\/de\/schweissen\/#breadcrumb"},"inLanguage":"de","potentialAction":[{"@type":"ReadAction","target":["https:\/\/oxiplant.com\/de\/schweissen\/"]}]},{"@type":"BreadcrumbList","@id":"https:\/\/oxiplant.com\/de\/schweissen\/#breadcrumb","itemListElement":[{"@type":"ListItem","position":1,"name":"Portada","item":"https:\/\/oxiplant.com\/de\/"},{"@type":"ListItem","position":2,"name":"Schweissen"}]},{"@type":"WebSite","@id":"https:\/\/oxiplant.com\/de\/#website","url":"https:\/\/oxiplant.com\/de\/","name":"Oxiplant","description":"","potentialAction":[{"@type":"SearchAction","target":{"@type":"EntryPoint","urlTemplate":"https:\/\/oxiplant.com\/de\/?s={search_term_string}"},"query-input":{"@type":"PropertyValueSpecification","valueRequired":true,"valueName":"search_term_string"}}],"inLanguage":"de"}]}},"_links":{"self":[{"href":"https:\/\/oxiplant.com\/de\/wp-json\/wp\/v2\/pages\/7836","targetHints":{"allow":["GET"]}}],"collection":[{"href":"https:\/\/oxiplant.com\/de\/wp-json\/wp\/v2\/pages"}],"about":[{"href":"https:\/\/oxiplant.com\/de\/wp-json\/wp\/v2\/types\/page"}],"author":[{"embeddable":true,"href":"https:\/\/oxiplant.com\/de\/wp-json\/wp\/v2\/users\/1"}],"replies":[{"embeddable":true,"href":"https:\/\/oxiplant.com\/de\/wp-json\/wp\/v2\/comments?post=7836"}],"version-history":[{"count":1,"href":"https:\/\/oxiplant.com\/de\/wp-json\/wp\/v2\/pages\/7836\/revisions"}],"predecessor-version":[{"id":7975,"href":"https:\/\/oxiplant.com\/de\/wp-json\/wp\/v2\/pages\/7836\/revisions\/7975"}],"wp:attachment":[{"href":"https:\/\/oxiplant.com\/de\/wp-json\/wp\/v2\/media?parent=7836"}],"curies":[{"name":"wp","href":"https:\/\/api.w.org\/{rel}","templated":true}]}}