{"id":6975,"date":"2025-10-15T07:19:41","date_gmt":"2025-10-15T05:19:41","guid":{"rendered":"https:\/\/oxiplant.com\/new2\/soudure\/"},"modified":"2026-02-17T16:05:02","modified_gmt":"2026-02-17T15:05:02","slug":"soudure","status":"publish","type":"page","link":"https:\/\/oxiplant.com\/fr\/soudure\/","title":{"rendered":"Soudure"},"content":{"rendered":"<div class=\"wpb-content-wrapper\"><p>[vc_section][vc_row content_placement=\u00a0\u00bbmiddle\u00a0\u00bb css=\u00a0\u00bb.vc_custom_1765487482705{margin-bottom: 0px !important;}\u00a0\u00bb][vc_column width=\u00a0\u00bb1\/2&Prime;][vc_column_text]Nous proposons des solutions de soudure, adapt\u00e9es aux besoins de projets industriels de complexit\u00e9 variable. Nous disposons des technologies <strong>MIG\/MAG, TIG et d\u2019\u00e9quipements sp\u00e9cialis\u00e9s pour le soudage de goujons par r\u00e9sistance<\/strong>, couvrant ainsi un large \u00e9ventail d\u2019applications dans la fabrication, le montage et les r\u00e9parations. <\/p>\n<p>Nous r\u00e9alisons des processus de soudure <strong>aussi bien sur t\u00f4le que sur tube<\/strong>, en travaillant avec une vari\u00e9t\u00e9 de mat\u00e9riaux et d\u2019\u00e9paisseurs. Cela nous permet de r\u00e9pondre aux besoins de secteurs tels que la chaudronnerie, les structures m\u00e9talliques, les machines industrielles, les \u00e9nergies renouvelables et les constructions sp\u00e9ciales. <\/p>\n<p>Nous disposons de <strong>robots Monoblock<\/strong> de soudure qui offrent une grande pr\u00e9cision, r\u00e9p\u00e9titivit\u00e9 et contr\u00f4le du cordon, particuli\u00e8rement adapt\u00e9s aux s\u00e9ries moyennes et grandes ou aux travaux qui exigent une qualit\u00e9 constante et v\u00e9rifiable. De plus, nous compl\u00e9tons cette capacit\u00e9 avec des \u00e9quipements manuels et semi-automatiques qui nous permettent de nous adapter aux g\u00e9om\u00e9tries complexes et aux pi\u00e8ces uniques. <\/p>\n<p>Tous nos processus de soudure sont certifi\u00e9s selon la norme <strong>ISO 3834-2:2021 par LRQA<\/strong>, une garantie que nous respectons les normes les plus exigeantes en mati\u00e8re de gestion de la qualit\u00e9 de la soudure, de tra\u00e7abilit\u00e9, de qualification des s<strong>oudeurs (WPQ), des proc\u00e9dures (WPS\/PQR)<\/strong> et de contr\u00f4le des mat\u00e9riaux.[\/vc_column_text][\/vc_column][vc_column width=\u00a0\u00bb1\/2&Prime;]<div  class=\"wpb_content_element   clearfix\"><style type=\"text\/css\">#ut_am_69e362d71b9f6 { opacity: 1; }#ut_am_wrap_69e362d71b9f9 img,#ut_am_wrap_69e362d71b9f9 .ut-image-gallery-image-caption,#ut_am_wrap_69e362d71b9f9 .ut-box-shadow-container,#ut_am_wrap_69e362d71b9f9 .ut-box-shadow-container-inner,#ut_am_wrap_69e362d71b9f9 .ut-block-revealer-element-container,#ut_am_wrap_69e362d71b9f9 .ut-animated-image-zoom { -webkit-border-radius: 9px; -moz-border-radius: 9px; border-radius: 9px; }#ut_am_wrap_69e362d71b9f9 .ut-image-gallery-item-caption-title h3 { letter-spacing: 0em; }#ut_am_wrap_69e362d71b9f9 .ut-gallery-slider-caption { color: #999999; }#ut_am_wrap_69e362d71b9f9 .ut-gallery-slider-caption { font-weight: normal; }#ut_am_wrap_69e362d71b9f9 { text-align: right; }@media (min-width: 768px) and (max-width: 1024px) { #ut_am_wrap_69e362d71b9f9 { text-align: right !important; } }@media (max-width: 767px) { #ut_am_wrap_69e362d71b9f9 { text-align: center !important; } }<\/style><div id=\"ut_am_wrap_69e362d71b9f9\" class=\"ut-image-gallery-image \"><div id=\"ut_reveal_69e362d71b9fa\"  data-appear-top-offset=\"auto\" class=\"ut-animated-image-item ut-image-gallery-item ut-animation-done \"><a class=\"ut-deactivated-link\" href=\"#\"><div class=\"ut-animated-image-zoom\"><img loading=\"lazy\" decoding=\"async\" class=\"ut-lazy skip-lazy ut-animated-image \"  id=\"ut_am_69e362d71b9f6\" src=\"data:image\/svg+xml;charset=utf-8,%3Csvg xmlns%3D'http%3A%2F%2Fwww.w3.org%2F2000%2Fsvg' viewBox%3D'0 0 1396 1427'%2F%3E\" data-src=\"https:\/\/oxiplant.com\/wp-content\/uploads\/2025\/11\/soldadura-4.jpg\" width=\"1396\" height=\"1427\" alt=\"\"\/><\/div><\/a><\/div><\/div><\/div>[\/vc_column][\/vc_row][\/vc_section][vc_section][vc_row][vc_column width=\u00a0\u00bb1\/6&Prime; css=\u00a0\u00bb.vc_custom_1764283621195{margin-top: 15px !important;}\u00a0\u00bb]<div  class=\"wpb_content_element   clearfix\"><style type=\"text\/css\">#ut_am_69e362d71c2a9 { opacity: 1; }#ut_am_wrap_69e362d71c2ab .ut-image-gallery-item-caption-title h3 { color: #ffffff; }#ut_am_wrap_69e362d71c2ab .ut-image-gallery-item-caption-title-style-2 h3 { color: #ffffff; }#ut_am_wrap_69e362d71c2ab .ut-image-gallery-item-caption-title h3 { letter-spacing: 0em; }#ut_am_wrap_69e362d71c2ab .ut-gallery-slider-caption { font-weight: bold; }#ut_am_wrap_69e362d71c2ab { text-align: center; }@media (min-width: 768px) and (max-width: 1024px) { #ut_am_wrap_69e362d71c2ab { text-align: center !important; } }@media (max-width: 767px) { #ut_am_wrap_69e362d71c2ab { text-align: center !important; } }<\/style><div id=\"ut_am_wrap_69e362d71c2ab\" class=\"ut-image-gallery-image ani_zoom\"><div id=\"ut_reveal_69e362d71c2ac\"  data-appear-top-offset=\"auto\" class=\"ut-animated-image-item ut-image-gallery-item ut-animation-done \"><a target=\"_blank\" href=\"https:\/\/oxiplant.com\/new2\/wp-content\/uploads\/2025\/11\/OXIP_0094-CPR-MAD-20160126-SPA_Iss04-9Jun25-FPC-cer-EN1090.pdf\" rel=\"nofollow\"><div class=\"ut-animated-image-zoom\"><img loading=\"lazy\" decoding=\"async\" class=\"ut-lazy skip-lazy ut-animated-image \"  id=\"ut_am_69e362d71c2a9\" src=\"data:image\/svg+xml;charset=utf-8,%3Csvg xmlns%3D'http%3A%2F%2Fwww.w3.org%2F2000%2Fsvg' viewBox%3D'0 0 300 190'%2F%3E\" data-src=\"https:\/\/oxiplant.com\/wp-content\/uploads\/2025\/11\/iso-1090-2.jpg\" width=\"300\" height=\"190\" alt=\"\"\/><\/div><\/a><\/div><\/div><\/div>[\/vc_column][vc_column width=\u00a0\u00bb1\/6&Prime; css=\u00a0\u00bb.vc_custom_1764283634822{margin-top: 15px !important;}\u00a0\u00bb]<div  class=\"wpb_content_element   clearfix\"><style type=\"text\/css\">#ut_am_69e362d71ca7e { opacity: 1; }#ut_am_wrap_69e362d71ca7f .ut-image-gallery-item-caption-title h3 { color: #ffffff; }#ut_am_wrap_69e362d71ca7f .ut-image-gallery-item-caption-title-style-2 h3 { color: #ffffff; }#ut_am_wrap_69e362d71ca7f .ut-image-gallery-item-caption-title h3 { letter-spacing: 0em; }#ut_am_wrap_69e362d71ca7f .ut-gallery-slider-caption { font-weight: bold; }#ut_am_wrap_69e362d71ca7f { text-align: center; }@media (min-width: 768px) and (max-width: 1024px) { #ut_am_wrap_69e362d71ca7f { text-align: center !important; } }@media (max-width: 767px) { #ut_am_wrap_69e362d71ca7f { text-align: center !important; } }<\/style><div id=\"ut_am_wrap_69e362d71ca7f\" class=\"ut-image-gallery-image ani_zoom\"><div id=\"ut_reveal_69e362d71ca80\"  data-appear-top-offset=\"auto\" class=\"ut-animated-image-item ut-image-gallery-item ut-animation-done \"><a target=\"_blank\" href=\"https:\/\/oxiplant.com\/new2\/wp-content\/uploads\/2025\/11\/0038343-QMS-SPAES-UKAS.pdf\" rel=\"nofollow\"><div class=\"ut-animated-image-zoom\"><img loading=\"lazy\" decoding=\"async\" class=\"ut-lazy skip-lazy ut-animated-image \"  id=\"ut_am_69e362d71ca7e\" src=\"data:image\/svg+xml;charset=utf-8,%3Csvg xmlns%3D'http%3A%2F%2Fwww.w3.org%2F2000%2Fsvg' viewBox%3D'0 0 300 190'%2F%3E\" data-src=\"https:\/\/oxiplant.com\/wp-content\/uploads\/2025\/10\/calidad-2.webp\" width=\"300\" height=\"190\" alt=\"\"\/><\/div><\/a><\/div><\/div><\/div>[\/vc_column][vc_column width=\u00a0\u00bb1\/6&Prime; css=\u00a0\u00bb.vc_custom_1764283649688{margin-top: 15px !important;}\u00a0\u00bb]<div  class=\"wpb_content_element   clearfix\"><style type=\"text\/css\">#ut_am_69e362d71d1ed { opacity: 1; }#ut_am_wrap_69e362d71d1ef .ut-image-gallery-item-caption-title h3 { color: #ffffff; }#ut_am_wrap_69e362d71d1ef .ut-image-gallery-item-caption-title-style-2 h3 { color: #ffffff; }#ut_am_wrap_69e362d71d1ef .ut-image-gallery-item-caption-title h3 { letter-spacing: 0em; }#ut_am_wrap_69e362d71d1ef .ut-gallery-slider-caption { font-weight: bold; }#ut_am_wrap_69e362d71d1ef { text-align: center; }@media (min-width: 768px) and (max-width: 1024px) { #ut_am_wrap_69e362d71d1ef { text-align: center !important; } }@media (max-width: 767px) { #ut_am_wrap_69e362d71d1ef { text-align: center !important; } }<\/style><div id=\"ut_am_wrap_69e362d71d1ef\" class=\"ut-image-gallery-image ani_zoom\"><div id=\"ut_reveal_69e362d71d1f0\"  data-appear-top-offset=\"auto\" class=\"ut-animated-image-item ut-image-gallery-item ut-animation-done \"><a target=\"_blank\" href=\"https:\/\/oxiplant.com\/new2\/wp-content\/uploads\/2025\/11\/00016995-EMS-SPAES-UKAS.pdf\" rel=\"nofollow\"><div class=\"ut-animated-image-zoom\"><img loading=\"lazy\" decoding=\"async\" class=\"ut-lazy skip-lazy ut-animated-image \"  id=\"ut_am_69e362d71d1ed\" src=\"data:image\/svg+xml;charset=utf-8,%3Csvg xmlns%3D'http%3A%2F%2Fwww.w3.org%2F2000%2Fsvg' viewBox%3D'0 0 300 193'%2F%3E\" data-src=\"https:\/\/oxiplant.com\/wp-content\/uploads\/2025\/10\/medioambiente.webp\" width=\"300\" height=\"193\" alt=\"\"\/><\/div><\/a><\/div><\/div><\/div>[\/vc_column][vc_column width=\u00a0\u00bb1\/6&Prime; css=\u00a0\u00bb.vc_custom_1764283665569{margin-top: 15px !important;}\u00a0\u00bb]<div  class=\"wpb_content_element   clearfix\"><style type=\"text\/css\">#ut_am_69e362d71d973 { opacity: 1; }#ut_am_wrap_69e362d71d975 .ut-image-gallery-item-caption-title h3 { color: #ffffff; }#ut_am_wrap_69e362d71d975 .ut-image-gallery-item-caption-title-style-2 h3 { color: #ffffff; }#ut_am_wrap_69e362d71d975 .ut-image-gallery-item-caption-title h3 { letter-spacing: 0em; }#ut_am_wrap_69e362d71d975 .ut-gallery-slider-caption { font-weight: bold; }#ut_am_wrap_69e362d71d975 { text-align: center; }@media (min-width: 768px) and (max-width: 1024px) { #ut_am_wrap_69e362d71d975 { text-align: center !important; } }@media (max-width: 767px) { #ut_am_wrap_69e362d71d975 { text-align: center !important; } }<\/style><div id=\"ut_am_wrap_69e362d71d975\" class=\"ut-image-gallery-image ani_zoom\"><div id=\"ut_reveal_69e362d71d976\"  data-appear-top-offset=\"auto\" class=\"ut-animated-image-item ut-image-gallery-item ut-animation-done \"><a target=\"_blank\" href=\"https:\/\/oxiplant.com\/new2\/wp-content\/uploads\/2025\/11\/OXIP_Cert-3834-R2-1Sep25-SPA.pdf\" rel=\"nofollow\"><div class=\"ut-animated-image-zoom\"><img loading=\"lazy\" decoding=\"async\" class=\"ut-lazy skip-lazy ut-animated-image \"  id=\"ut_am_69e362d71d973\" src=\"data:image\/svg+xml;charset=utf-8,%3Csvg xmlns%3D'http%3A%2F%2Fwww.w3.org%2F2000%2Fsvg' viewBox%3D'0 0 300 190'%2F%3E\" data-src=\"https:\/\/oxiplant.com\/wp-content\/uploads\/2025\/11\/iso-3834.jpg\" width=\"300\" height=\"190\" alt=\"\"\/><\/div><\/a><\/div><\/div><\/div>[\/vc_column][vc_column width=\u00a0\u00bb1\/6&Prime; css=\u00a0\u00bb.vc_custom_1764283681323{margin-top: 15px !important;}\u00a0\u00bb]<div  class=\"wpb_content_element   clearfix\"><style type=\"text\/css\">#ut_am_69e362d71e0d4 { opacity: 1; }#ut_am_wrap_69e362d71e0d6 .ut-image-gallery-item-caption-title h3 { color: #ffffff; }#ut_am_wrap_69e362d71e0d6 .ut-image-gallery-item-caption-title-style-2 h3 { color: #ffffff; }#ut_am_wrap_69e362d71e0d6 .ut-image-gallery-item-caption-title h3 { letter-spacing: 0em; }#ut_am_wrap_69e362d71e0d6 .ut-gallery-slider-caption { font-weight: bold; }#ut_am_wrap_69e362d71e0d6 { text-align: center; }@media (min-width: 768px) and (max-width: 1024px) { #ut_am_wrap_69e362d71e0d6 { text-align: center !important; } }@media (max-width: 767px) { #ut_am_wrap_69e362d71e0d6 { text-align: center !important; } }<\/style><div id=\"ut_am_wrap_69e362d71e0d6\" class=\"ut-image-gallery-image ani_zoom\"><div id=\"ut_reveal_69e362d71e0d7\"  data-appear-top-offset=\"auto\" class=\"ut-animated-image-item ut-image-gallery-item ut-animation-done \"><a target=\"_blank\" href=\"https:\/\/www.bureauveritas.dk\/en\/our-market\/apqp4wind?utm_source=google&#038;utm_medium=cpc&#038;gad_source=1&#038;gad_campaignid=1676330063&#038;gbraid=0AAAAAD28T32t2hKEXcw7JcM30Vaxr40iY&#038;gclid=CjwKCAiA55rJBhByEiwAFkY1QG0iBDQRekciHH0dIgsblVqHdnIgnglPMpL_zGsBaOnpgxHvH1W7aBoCFQQQAvD_BwE\" rel=\"nofollow\"><div class=\"ut-animated-image-zoom\"><img loading=\"lazy\" decoding=\"async\" class=\"ut-lazy skip-lazy ut-animated-image \"  id=\"ut_am_69e362d71e0d4\" src=\"data:image\/svg+xml;charset=utf-8,%3Csvg xmlns%3D'http%3A%2F%2Fwww.w3.org%2F2000%2Fsvg' viewBox%3D'0 0 300 190'%2F%3E\" data-src=\"https:\/\/oxiplant.com\/wp-content\/uploads\/2025\/10\/apqp.jpg\" width=\"300\" height=\"190\" alt=\"\"\/><\/div><\/a><\/div><\/div><\/div>[\/vc_column][vc_column width=\u00a0\u00bb1\/6&Prime; css=\u00a0\u00bb.vc_custom_1764283694488{margin-top: 15px !important;}\u00a0\u00bb]<div  class=\"wpb_content_element   clearfix\"><style type=\"text\/css\">#ut_am_69e362d71f041 { opacity: 1; }#ut_am_wrap_69e362d71f043 .ut-image-gallery-item-caption-title h3 { color: #ffffff; }#ut_am_wrap_69e362d71f043 .ut-image-gallery-item-caption-title-style-2 h3 { color: #ffffff; }#ut_am_wrap_69e362d71f043 .ut-image-gallery-item-caption-title h3 { letter-spacing: 0em; }#ut_am_wrap_69e362d71f043 .ut-gallery-slider-caption { font-weight: bold; }#ut_am_wrap_69e362d71f043 { text-align: center; }@media (min-width: 768px) and (max-width: 1024px) { #ut_am_wrap_69e362d71f043 { text-align: center !important; } }@media (max-width: 767px) { #ut_am_wrap_69e362d71f043 { text-align: center !important; } }<\/style><div id=\"ut_am_wrap_69e362d71f043\" class=\"ut-image-gallery-image ani_zoom\"><div id=\"ut_reveal_69e362d71f044\"  data-appear-top-offset=\"auto\" class=\"ut-animated-image-item ut-image-gallery-item ut-animation-done \"><a target=\"_blank\" href=\"https:\/\/ecovadis.com\/es\/\" rel=\"nofollow\"><div class=\"ut-animated-image-zoom\"><img decoding=\"async\" class=\"ut-lazy skip-lazy ut-animated-image \"  id=\"ut_am_69e362d71f041\" src=\"data:image\/svg+xml;charset=utf-8,%3Csvg xmlns%3D'http%3A%2F%2Fwww.w3.org%2F2000%2Fsvg' viewBox%3D'0 0 118px 600'%2F%3E\" data-src=\"https:\/\/oxiplant.com\/wp-content\/uploads\/2025\/10\/reco-1.webp\" width=\"118px\" height=\"\" alt=\"\"\/><\/div><\/a><\/div><\/div><\/div>[\/vc_column][\/vc_row][\/vc_section]<\/p>\n<\/div>","protected":false},"excerpt":{"rendered":"<p>[vc_section][vc_row content_placement=\u00a0\u00bbmiddle\u00a0\u00bb css=\u00a0\u00bb.vc_custom_1765487482705{margin-bottom: 0px !important;}\u00a0\u00bb][vc_column width=\u00a0\u00bb1\/2&Prime;][vc_column_text]Nous proposons des solutions de soudure, adapt\u00e9es aux besoins de projets industriels de complexit\u00e9 variable. Nous disposons des technologies MIG\/MAG, TIG et d\u2019\u00e9quipements sp\u00e9cialis\u00e9s pour le soudage de goujons par r\u00e9sistance, couvrant ainsi un large \u00e9ventail d\u2019applications dans la fabrication, le montage et les r\u00e9parations. Nous r\u00e9alisons des processus de [&hellip;]<\/p>\n","protected":false},"author":1,"featured_media":0,"parent":0,"menu_order":0,"comment_status":"closed","ping_status":"closed","template":"","meta":{"footnotes":""},"class_list":["post-6975","page","type-page","status-publish","hentry"],"acf":[],"yoast_head":"<!-- This site is optimized with the Yoast SEO plugin v27.1.1 - https:\/\/yoast.com\/product\/yoast-seo-wordpress\/ -->\n<title>Soudure - Oxiplant<\/title>\n<meta name=\"robots\" content=\"index, follow, max-snippet:-1, max-image-preview:large, max-video-preview:-1\" \/>\n<link rel=\"canonical\" href=\"https:\/\/oxiplant.com\/fr\/soudure\/\" \/>\n<meta property=\"og:locale\" content=\"fr_FR\" \/>\n<meta property=\"og:type\" content=\"article\" \/>\n<meta property=\"og:title\" content=\"Soudure - Oxiplant\" \/>\n<meta property=\"og:description\" content=\"[vc_section][vc_row content_placement=\u00a0\u00bbmiddle\u00a0\u00bb css=\u00a0\u00bb.vc_custom_1765487482705{margin-bottom: 0px !important;}\u00a0\u00bb][vc_column width=\u00a0\u00bb1\/2&Prime;][vc_column_text]Nous proposons des solutions de soudure, adapt\u00e9es aux besoins de projets industriels de complexit\u00e9 variable. Nous disposons des technologies MIG\/MAG, TIG et d\u2019\u00e9quipements sp\u00e9cialis\u00e9s pour le soudage de goujons par r\u00e9sistance, couvrant ainsi un large \u00e9ventail d\u2019applications dans la fabrication, le montage et les r\u00e9parations. Nous r\u00e9alisons des processus de [&hellip;]\" \/>\n<meta property=\"og:url\" content=\"https:\/\/oxiplant.com\/fr\/soudure\/\" \/>\n<meta property=\"og:site_name\" content=\"Oxiplant\" \/>\n<meta property=\"article:modified_time\" content=\"2026-02-17T15:05:02+00:00\" \/>\n<meta name=\"twitter:card\" content=\"summary_large_image\" \/>\n<meta name=\"twitter:label1\" content=\"Dur\u00e9e de lecture estim\u00e9e\" \/>\n\t<meta name=\"twitter:data1\" content=\"8 minutes\" \/>\n<script type=\"application\/ld+json\" class=\"yoast-schema-graph\">{\"@context\":\"https:\/\/schema.org\",\"@graph\":[{\"@type\":\"WebPage\",\"@id\":\"https:\/\/oxiplant.com\/fr\/soudure\/\",\"url\":\"https:\/\/oxiplant.com\/fr\/soudure\/\",\"name\":\"Soudure - Oxiplant\",\"isPartOf\":{\"@id\":\"https:\/\/oxiplant.com\/fr\/#website\"},\"datePublished\":\"2025-10-15T05:19:41+00:00\",\"dateModified\":\"2026-02-17T15:05:02+00:00\",\"breadcrumb\":{\"@id\":\"https:\/\/oxiplant.com\/fr\/soudure\/#breadcrumb\"},\"inLanguage\":\"fr-FR\",\"potentialAction\":[{\"@type\":\"ReadAction\",\"target\":[\"https:\/\/oxiplant.com\/fr\/soudure\/\"]}]},{\"@type\":\"BreadcrumbList\",\"@id\":\"https:\/\/oxiplant.com\/fr\/soudure\/#breadcrumb\",\"itemListElement\":[{\"@type\":\"ListItem\",\"position\":1,\"name\":\"Portada\",\"item\":\"https:\/\/oxiplant.com\/fr\/\"},{\"@type\":\"ListItem\",\"position\":2,\"name\":\"Soudure\"}]},{\"@type\":\"WebSite\",\"@id\":\"https:\/\/oxiplant.com\/fr\/#website\",\"url\":\"https:\/\/oxiplant.com\/fr\/\",\"name\":\"Oxiplant\",\"description\":\"\",\"potentialAction\":[{\"@type\":\"SearchAction\",\"target\":{\"@type\":\"EntryPoint\",\"urlTemplate\":\"https:\/\/oxiplant.com\/fr\/?s={search_term_string}\"},\"query-input\":{\"@type\":\"PropertyValueSpecification\",\"valueRequired\":true,\"valueName\":\"search_term_string\"}}],\"inLanguage\":\"fr-FR\"}]}<\/script>\n<!-- \/ Yoast SEO plugin. -->","yoast_head_json":{"title":"Soudure - Oxiplant","robots":{"index":"index","follow":"follow","max-snippet":"max-snippet:-1","max-image-preview":"max-image-preview:large","max-video-preview":"max-video-preview:-1"},"canonical":"https:\/\/oxiplant.com\/fr\/soudure\/","og_locale":"fr_FR","og_type":"article","og_title":"Soudure - Oxiplant","og_description":"[vc_section][vc_row content_placement=\u00a0\u00bbmiddle\u00a0\u00bb css=\u00a0\u00bb.vc_custom_1765487482705{margin-bottom: 0px !important;}\u00a0\u00bb][vc_column width=\u00a0\u00bb1\/2&Prime;][vc_column_text]Nous proposons des solutions de soudure, adapt\u00e9es aux besoins de projets industriels de complexit\u00e9 variable. Nous disposons des technologies MIG\/MAG, TIG et d\u2019\u00e9quipements sp\u00e9cialis\u00e9s pour le soudage de goujons par r\u00e9sistance, couvrant ainsi un large \u00e9ventail d\u2019applications dans la fabrication, le montage et les r\u00e9parations. Nous r\u00e9alisons des processus de [&hellip;]","og_url":"https:\/\/oxiplant.com\/fr\/soudure\/","og_site_name":"Oxiplant","article_modified_time":"2026-02-17T15:05:02+00:00","twitter_card":"summary_large_image","twitter_misc":{"Dur\u00e9e de lecture estim\u00e9e":"8 minutes"},"schema":{"@context":"https:\/\/schema.org","@graph":[{"@type":"WebPage","@id":"https:\/\/oxiplant.com\/fr\/soudure\/","url":"https:\/\/oxiplant.com\/fr\/soudure\/","name":"Soudure - Oxiplant","isPartOf":{"@id":"https:\/\/oxiplant.com\/fr\/#website"},"datePublished":"2025-10-15T05:19:41+00:00","dateModified":"2026-02-17T15:05:02+00:00","breadcrumb":{"@id":"https:\/\/oxiplant.com\/fr\/soudure\/#breadcrumb"},"inLanguage":"fr-FR","potentialAction":[{"@type":"ReadAction","target":["https:\/\/oxiplant.com\/fr\/soudure\/"]}]},{"@type":"BreadcrumbList","@id":"https:\/\/oxiplant.com\/fr\/soudure\/#breadcrumb","itemListElement":[{"@type":"ListItem","position":1,"name":"Portada","item":"https:\/\/oxiplant.com\/fr\/"},{"@type":"ListItem","position":2,"name":"Soudure"}]},{"@type":"WebSite","@id":"https:\/\/oxiplant.com\/fr\/#website","url":"https:\/\/oxiplant.com\/fr\/","name":"Oxiplant","description":"","potentialAction":[{"@type":"SearchAction","target":{"@type":"EntryPoint","urlTemplate":"https:\/\/oxiplant.com\/fr\/?s={search_term_string}"},"query-input":{"@type":"PropertyValueSpecification","valueRequired":true,"valueName":"search_term_string"}}],"inLanguage":"fr-FR"}]}},"_links":{"self":[{"href":"https:\/\/oxiplant.com\/fr\/wp-json\/wp\/v2\/pages\/6975","targetHints":{"allow":["GET"]}}],"collection":[{"href":"https:\/\/oxiplant.com\/fr\/wp-json\/wp\/v2\/pages"}],"about":[{"href":"https:\/\/oxiplant.com\/fr\/wp-json\/wp\/v2\/types\/page"}],"author":[{"embeddable":true,"href":"https:\/\/oxiplant.com\/fr\/wp-json\/wp\/v2\/users\/1"}],"replies":[{"embeddable":true,"href":"https:\/\/oxiplant.com\/fr\/wp-json\/wp\/v2\/comments?post=6975"}],"version-history":[{"count":1,"href":"https:\/\/oxiplant.com\/fr\/wp-json\/wp\/v2\/pages\/6975\/revisions"}],"predecessor-version":[{"id":7963,"href":"https:\/\/oxiplant.com\/fr\/wp-json\/wp\/v2\/pages\/6975\/revisions\/7963"}],"wp:attachment":[{"href":"https:\/\/oxiplant.com\/fr\/wp-json\/wp\/v2\/media?parent=6975"}],"curies":[{"name":"wp","href":"https:\/\/api.w.org\/{rel}","templated":true}]}}