{"id":7622,"date":"2025-10-14T19:10:13","date_gmt":"2025-10-14T17:10:13","guid":{"rendered":"https:\/\/oxiplant.com\/new2\/qualite\/"},"modified":"2026-03-03T12:55:40","modified_gmt":"2026-03-03T11:55:40","slug":"qualite","status":"publish","type":"page","link":"https:\/\/oxiplant.com\/fr\/qualite\/","title":{"rendered":"Qualit\u00e9"},"content":{"rendered":"<div class=\"wpb-content-wrapper\"><p>[vc_section][vc_row content_placement=\u00a0\u00bbmiddle\u00a0\u00bb css=\u00a0\u00bb.vc_custom_1764270883153{margin-bottom: 80px !important;}\u00a0\u00bb][vc_column width=\u00a0\u00bb1\/2&Prime;][vc_column_text]Chez Oxiplant, la qualit\u00e9 est une exigence structurelle int\u00e9gr\u00e9e \u00e0 tous les processus de production. Le syst\u00e8me de gestion de la qualit\u00e9 est certifi\u00e9 conforme \u00e0 la norme <strong>ISO 9001<\/strong>, qui d\u00e9finit les exigences en mati\u00e8re de gestion et de contr\u00f4le des processus, de documentation structur\u00e9e, de gestion des non-conformit\u00e9s, d&rsquo;analyse des risques, de tra\u00e7abilit\u00e9 op\u00e9rationnelle et de v\u00e9rification continue du respect des sp\u00e9cifications techniques. <\/p>\n<p>De m\u00eame, la certification <strong>EN 1090-1<\/strong> atteste la conformit\u00e9 aux exigences relatives \u00e0 la fabrication de composants structurels en acier, y compris le contr\u00f4le de la production en usine (FPC), la qualification du personnel et les proc\u00e9dures de soudage.<\/p>\n<p>La norme <strong>ISO 3834-2:2021<\/strong>, d&rsquo;application obligatoire dans les processus de soudage des mat\u00e9riaux m\u00e9talliques, certifie qu&rsquo;Oxiplant dispose des moyens techniques, du personnel qualifi\u00e9, des proc\u00e9dures approuv\u00e9es et des contr\u00f4les document\u00e9s n\u00e9cessaires \u00e0 la fabrication m\u00e9cano-soud\u00e9e de composants structurels et d&rsquo;\u00e9l\u00e9ments mobiles. Cette norme d\u00e9finit les exigences relatives \u00e0 la qualification des soudeurs, aux essais, aux inspections, aux consommables, au contr\u00f4le thermique et aux registres de fabrication. [\/vc_column_text][\/vc_column][vc_column width=\u00a0\u00bb1\/2&Prime; css=\u00a0\u00bb.vc_custom_1760485443069{padding-left: 50px !important;}\u00a0\u00bb]<div  class=\"wpb_content_element   clearfix\"><style type=\"text\/css\">#ut_am_69e3628930f78 { opacity: 1; }#ut_am_wrap_69e3628930f7b img,#ut_am_wrap_69e3628930f7b .ut-image-gallery-image-caption,#ut_am_wrap_69e3628930f7b .ut-box-shadow-container,#ut_am_wrap_69e3628930f7b .ut-box-shadow-container-inner,#ut_am_wrap_69e3628930f7b .ut-block-revealer-element-container,#ut_am_wrap_69e3628930f7b .ut-animated-image-zoom { -webkit-border-radius: 9px; -moz-border-radius: 9px; border-radius: 9px; }#ut_am_wrap_69e3628930f7b .ut-image-gallery-item-caption-title h3 { letter-spacing: 0em; }#ut_am_wrap_69e3628930f7b .ut-gallery-slider-caption { color: #999999; }#ut_am_wrap_69e3628930f7b .ut-gallery-slider-caption { font-weight: normal; }#ut_am_wrap_69e3628930f7b { text-align: right; }@media (min-width: 768px) and (max-width: 1024px) { #ut_am_wrap_69e3628930f7b { text-align: right !important; } }@media (max-width: 767px) { #ut_am_wrap_69e3628930f7b { text-align: center !important; } }<\/style><div id=\"ut_am_wrap_69e3628930f7b\" class=\"ut-image-gallery-image \"><div id=\"ut_reveal_69e3628930f7d\"  data-appear-top-offset=\"auto\" class=\"ut-animated-image-item ut-image-gallery-item ut-animation-done \"><a class=\"ut-deactivated-link\" href=\"#\"><div class=\"ut-animated-image-zoom\"><img loading=\"lazy\" decoding=\"async\" class=\"ut-lazy skip-lazy ut-animated-image \"  id=\"ut_am_69e3628930f78\" src=\"data:image\/svg+xml;charset=utf-8,%3Csvg xmlns%3D'http%3A%2F%2Fwww.w3.org%2F2000%2Fsvg' viewBox%3D'0 0 1492 1418'%2F%3E\" data-src=\"https:\/\/oxiplant.com\/wp-content\/uploads\/2025\/11\/calidad-1-1-1.jpg\" width=\"1492\" height=\"1418\" alt=\"\"\/><\/div><\/a><\/div><\/div><\/div>[\/vc_column][\/vc_row][vc_row content_placement=\u00a0\u00bbmiddle\u00a0\u00bb css=\u00a0\u00bb.vc_custom_1764270544976{margin-bottom: 80px !important;}\u00a0\u00bb][vc_column width=\u00a0\u00bb1\/2&Prime; css=\u00a0\u00bb.vc_custom_1760485443069{padding-left: 50px !important;}\u00a0\u00bb]<div  class=\"wpb_content_element   clearfix\"><style type=\"text\/css\">#ut_am_69e3628931ad5 { opacity: 1; }#ut_am_wrap_69e3628931ad8 img,#ut_am_wrap_69e3628931ad8 .ut-image-gallery-image-caption,#ut_am_wrap_69e3628931ad8 .ut-box-shadow-container,#ut_am_wrap_69e3628931ad8 .ut-box-shadow-container-inner,#ut_am_wrap_69e3628931ad8 .ut-block-revealer-element-container,#ut_am_wrap_69e3628931ad8 .ut-animated-image-zoom { -webkit-border-radius: 9px; -moz-border-radius: 9px; border-radius: 9px; }#ut_am_wrap_69e3628931ad8 .ut-image-gallery-item-caption-title h3 { letter-spacing: 0em; }#ut_am_wrap_69e3628931ad8 .ut-gallery-slider-caption { color: #999999; }#ut_am_wrap_69e3628931ad8 .ut-gallery-slider-caption { font-weight: normal; }#ut_am_wrap_69e3628931ad8 { text-align: right; }@media (min-width: 768px) and (max-width: 1024px) { #ut_am_wrap_69e3628931ad8 { text-align: right !important; } }@media (max-width: 767px) { #ut_am_wrap_69e3628931ad8 { text-align: center !important; } }<\/style><div id=\"ut_am_wrap_69e3628931ad8\" class=\"ut-image-gallery-image \"><div id=\"ut_reveal_69e3628931ad9\"  data-appear-top-offset=\"auto\" class=\"ut-animated-image-item ut-image-gallery-item ut-animation-done \"><a class=\"ut-deactivated-link\" href=\"#\"><div class=\"ut-animated-image-zoom\"><img loading=\"lazy\" decoding=\"async\" class=\"ut-lazy skip-lazy ut-animated-image \"  id=\"ut_am_69e3628931ad5\" src=\"data:image\/svg+xml;charset=utf-8,%3Csvg xmlns%3D'http%3A%2F%2Fwww.w3.org%2F2000%2Fsvg' viewBox%3D'0 0 1492 1060'%2F%3E\" data-src=\"https:\/\/oxiplant.com\/wp-content\/uploads\/2025\/11\/calidad-2-3.jpg\" width=\"1492\" height=\"1060\" alt=\"\"\/><\/div><\/a><\/div><\/div><\/div>[\/vc_column][vc_column width=\u00a0\u00bb1\/2&Prime; css=\u00a0\u00bb.vc_custom_1764271265295{margin-left: 40px !important;}\u00a0\u00bb][vc_column_text]Les processus sont d\u00e9velopp\u00e9s conform\u00e9ment aux normes techniques correspondant \u00e0 chaque op\u00e9ration:<\/p>\n<ul>\n<li><strong>D\u00e9coupe de l&rsquo;acier<\/strong>: normes <strong>9013-321<\/strong> et <strong>9013-322<\/strong> relatives \u00e0 la classification de la d\u00e9coupe thermique et aux crit\u00e8res de qualit\u00e9 des bords.<\/li>\n<li><strong>Cintrage et pliage<\/strong>: norme <strong>ISO 2768-C<\/strong>, applicable aux tol\u00e9rances dimensionnelles g\u00e9n\u00e9rales pour les pi\u00e8ces m\u00e9talliques non indiqu\u00e9es individuellement sur le plan.<\/li>\n<li><strong>Soudage<\/strong>: norme <strong>EN 1090<\/strong>, relative \u00e0 l&rsquo;ex\u00e9cution et au contr\u00f4le des structures m\u00e9talliques.<\/li>\n<\/ul>\n<p>Ces normes et certifications constituent le cadre technique de r\u00e9f\u00e9rence dans lequel les op\u00e9rations sont ex\u00e9cut\u00e9es et contr\u00f4l\u00e9es.[\/vc_column_text][\/vc_column][\/vc_row][vc_row][vc_column width=\u00a0\u00bb1\/5&Prime;][\/vc_column][vc_column width=\u00a0\u00bb1\/5&Prime; css=\u00a0\u00bb.vc_custom_1764277085816{margin-top: 15px !important;}\u00a0\u00bb]<div  class=\"wpb_content_element   clearfix\"><style type=\"text\/css\">#ut_am_69e362893233e { opacity: 1; }#ut_am_wrap_69e3628932341 .ut-image-gallery-item-caption-title h3 { color: #ffffff; }#ut_am_wrap_69e3628932341 .ut-image-gallery-item-caption-title-style-2 h3 { color: #ffffff; }#ut_am_wrap_69e3628932341 .ut-image-gallery-item-caption-title h3 { letter-spacing: 0em; }#ut_am_wrap_69e3628932341 .ut-gallery-slider-caption { font-weight: bold; }#ut_am_wrap_69e3628932341 { text-align: center; }@media (min-width: 768px) and (max-width: 1024px) { #ut_am_wrap_69e3628932341 { text-align: center !important; } }@media (max-width: 767px) { #ut_am_wrap_69e3628932341 { text-align: center !important; } }<\/style><div id=\"ut_am_wrap_69e3628932341\" class=\"ut-image-gallery-image ani_zoom\"><div id=\"ut_reveal_69e3628932342\"  data-appear-top-offset=\"auto\" class=\"ut-animated-image-item ut-image-gallery-item ut-animation-done \"><a target=\"_blank\" href=\"https:\/\/oxiplant.com\/new2\/wp-content\/uploads\/2025\/11\/OXIP_0094-CPR-MAD-20160126-SPA_Iss04-9Jun25-FPC-cer-EN1090.pdf\" rel=\"nofollow\"><div class=\"ut-animated-image-zoom\"><img loading=\"lazy\" decoding=\"async\" class=\"ut-lazy skip-lazy ut-animated-image \"  id=\"ut_am_69e362893233e\" src=\"data:image\/svg+xml;charset=utf-8,%3Csvg xmlns%3D'http%3A%2F%2Fwww.w3.org%2F2000%2Fsvg' viewBox%3D'0 0 300 190'%2F%3E\" data-src=\"https:\/\/oxiplant.com\/wp-content\/uploads\/2025\/11\/iso-1090-2.jpg\" width=\"300\" height=\"190\" alt=\"\"\/><\/div><\/a><\/div><\/div><\/div>[\/vc_column][vc_column width=\u00a0\u00bb1\/5&Prime; css=\u00a0\u00bb.vc_custom_1764277064480{margin-top: 15px !important;}\u00a0\u00bb]<div  class=\"wpb_content_element   clearfix\"><style type=\"text\/css\">#ut_am_69e3628932dc2 { opacity: 1; }#ut_am_wrap_69e3628932dc5 .ut-image-gallery-item-caption-title h3 { color: #ffffff; }#ut_am_wrap_69e3628932dc5 .ut-image-gallery-item-caption-title-style-2 h3 { color: #ffffff; }#ut_am_wrap_69e3628932dc5 .ut-image-gallery-item-caption-title h3 { letter-spacing: 0em; }#ut_am_wrap_69e3628932dc5 .ut-gallery-slider-caption { font-weight: bold; }#ut_am_wrap_69e3628932dc5 { text-align: center; }@media (min-width: 768px) and (max-width: 1024px) { #ut_am_wrap_69e3628932dc5 { text-align: center !important; } }@media (max-width: 767px) { #ut_am_wrap_69e3628932dc5 { text-align: center !important; } }<\/style><div id=\"ut_am_wrap_69e3628932dc5\" class=\"ut-image-gallery-image ani_zoom\"><div id=\"ut_reveal_69e3628932dc6\"  data-appear-top-offset=\"auto\" class=\"ut-animated-image-item ut-image-gallery-item ut-animation-done \"><a target=\"_blank\" href=\"https:\/\/oxiplant.com\/new2\/wp-content\/uploads\/2025\/11\/0038343-QMS-SPAES-UKAS.pdf\" rel=\"nofollow\"><div class=\"ut-animated-image-zoom\"><img loading=\"lazy\" decoding=\"async\" class=\"ut-lazy skip-lazy ut-animated-image \"  id=\"ut_am_69e3628932dc2\" src=\"data:image\/svg+xml;charset=utf-8,%3Csvg xmlns%3D'http%3A%2F%2Fwww.w3.org%2F2000%2Fsvg' viewBox%3D'0 0 300 190'%2F%3E\" data-src=\"https:\/\/oxiplant.com\/wp-content\/uploads\/2025\/10\/calidad-2.webp\" width=\"300\" height=\"190\" alt=\"\"\/><\/div><\/a><\/div><\/div><\/div>[\/vc_column][vc_column width=\u00a0\u00bb1\/5&Prime; css=\u00a0\u00bb.vc_custom_1764277101065{margin-top: 15px !important;}\u00a0\u00bb]<div  class=\"wpb_content_element   clearfix\"><style type=\"text\/css\">#ut_am_69e36289337b8 { opacity: 1; }#ut_am_wrap_69e36289337ba .ut-image-gallery-item-caption-title h3 { color: #ffffff; }#ut_am_wrap_69e36289337ba .ut-image-gallery-item-caption-title-style-2 h3 { color: #ffffff; }#ut_am_wrap_69e36289337ba .ut-image-gallery-item-caption-title h3 { letter-spacing: 0em; }#ut_am_wrap_69e36289337ba .ut-gallery-slider-caption { font-weight: bold; }#ut_am_wrap_69e36289337ba { text-align: center; }@media (min-width: 768px) and (max-width: 1024px) { #ut_am_wrap_69e36289337ba { text-align: center !important; } }@media (max-width: 767px) { #ut_am_wrap_69e36289337ba { text-align: center !important; } }<\/style><div id=\"ut_am_wrap_69e36289337ba\" class=\"ut-image-gallery-image ani_zoom\"><div id=\"ut_reveal_69e36289337bb\"  data-appear-top-offset=\"auto\" class=\"ut-animated-image-item ut-image-gallery-item ut-animation-done \"><a target=\"_blank\" href=\"https:\/\/oxiplant.com\/new2\/wp-content\/uploads\/2025\/11\/OXIP_Cert-3834-R2-1Sep25-SPA.pdf\" rel=\"nofollow\"><div class=\"ut-animated-image-zoom\"><img loading=\"lazy\" decoding=\"async\" class=\"ut-lazy skip-lazy ut-animated-image \"  id=\"ut_am_69e36289337b8\" src=\"data:image\/svg+xml;charset=utf-8,%3Csvg xmlns%3D'http%3A%2F%2Fwww.w3.org%2F2000%2Fsvg' viewBox%3D'0 0 300 190'%2F%3E\" data-src=\"https:\/\/oxiplant.com\/wp-content\/uploads\/2025\/11\/iso-3834.jpg\" width=\"300\" height=\"190\" alt=\"\"\/><\/div><\/a><\/div><\/div><\/div>[\/vc_column][vc_column width=\u00a0\u00bb1\/5&Prime;][\/vc_column][\/vc_row][vc_row][vc_column][\/vc_column][\/vc_row][\/vc_section]<\/p>\n<\/div>","protected":false},"excerpt":{"rendered":"<p>[vc_section][vc_row content_placement=\u00a0\u00bbmiddle\u00a0\u00bb css=\u00a0\u00bb.vc_custom_1764270883153{margin-bottom: 80px !important;}\u00a0\u00bb][vc_column width=\u00a0\u00bb1\/2&Prime;][vc_column_text]Chez Oxiplant, la qualit\u00e9 est une exigence structurelle int\u00e9gr\u00e9e \u00e0 tous les processus de production. Le syst\u00e8me de gestion de la qualit\u00e9 est certifi\u00e9 conforme \u00e0 la norme ISO 9001, qui d\u00e9finit les exigences en mati\u00e8re de gestion et de contr\u00f4le des processus, de documentation structur\u00e9e, de gestion des non-conformit\u00e9s, [&hellip;]<\/p>\n","protected":false},"author":1,"featured_media":0,"parent":0,"menu_order":0,"comment_status":"closed","ping_status":"closed","template":"","meta":{"footnotes":""},"class_list":["post-7622","page","type-page","status-publish","hentry"],"acf":[],"yoast_head":"<!-- This site is optimized with the Yoast SEO plugin v27.1.1 - https:\/\/yoast.com\/product\/yoast-seo-wordpress\/ -->\n<title>Qualit\u00e9 - Oxiplant<\/title>\n<meta name=\"robots\" content=\"index, follow, max-snippet:-1, max-image-preview:large, max-video-preview:-1\" \/>\n<link rel=\"canonical\" href=\"https:\/\/oxiplant.com\/fr\/qualite\/\" \/>\n<meta property=\"og:locale\" content=\"fr_FR\" \/>\n<meta property=\"og:type\" content=\"article\" \/>\n<meta property=\"og:title\" content=\"Qualit\u00e9 - Oxiplant\" \/>\n<meta property=\"og:description\" content=\"[vc_section][vc_row content_placement=\u00a0\u00bbmiddle\u00a0\u00bb css=\u00a0\u00bb.vc_custom_1764270883153{margin-bottom: 80px !important;}\u00a0\u00bb][vc_column width=\u00a0\u00bb1\/2&Prime;][vc_column_text]Chez Oxiplant, la qualit\u00e9 est une exigence structurelle int\u00e9gr\u00e9e \u00e0 tous les processus de production. Le syst\u00e8me de gestion de la qualit\u00e9 est certifi\u00e9 conforme \u00e0 la norme ISO 9001, qui d\u00e9finit les exigences en mati\u00e8re de gestion et de contr\u00f4le des processus, de documentation structur\u00e9e, de gestion des non-conformit\u00e9s, [&hellip;]\" \/>\n<meta property=\"og:url\" content=\"https:\/\/oxiplant.com\/fr\/qualite\/\" \/>\n<meta property=\"og:site_name\" content=\"Oxiplant\" \/>\n<meta property=\"article:modified_time\" content=\"2026-03-03T11:55:40+00:00\" \/>\n<meta name=\"twitter:card\" content=\"summary_large_image\" \/>\n<meta name=\"twitter:label1\" content=\"Dur\u00e9e de lecture estim\u00e9e\" \/>\n\t<meta name=\"twitter:data1\" content=\"7 minutes\" \/>\n<script type=\"application\/ld+json\" class=\"yoast-schema-graph\">{\"@context\":\"https:\/\/schema.org\",\"@graph\":[{\"@type\":\"WebPage\",\"@id\":\"https:\/\/oxiplant.com\/fr\/qualite\/\",\"url\":\"https:\/\/oxiplant.com\/fr\/qualite\/\",\"name\":\"Qualit\u00e9 - Oxiplant\",\"isPartOf\":{\"@id\":\"https:\/\/oxiplant.com\/fr\/#website\"},\"datePublished\":\"2025-10-14T17:10:13+00:00\",\"dateModified\":\"2026-03-03T11:55:40+00:00\",\"breadcrumb\":{\"@id\":\"https:\/\/oxiplant.com\/fr\/qualite\/#breadcrumb\"},\"inLanguage\":\"fr-FR\",\"potentialAction\":[{\"@type\":\"ReadAction\",\"target\":[\"https:\/\/oxiplant.com\/fr\/qualite\/\"]}]},{\"@type\":\"BreadcrumbList\",\"@id\":\"https:\/\/oxiplant.com\/fr\/qualite\/#breadcrumb\",\"itemListElement\":[{\"@type\":\"ListItem\",\"position\":1,\"name\":\"Portada\",\"item\":\"https:\/\/oxiplant.com\/fr\/\"},{\"@type\":\"ListItem\",\"position\":2,\"name\":\"Qualit\u00e9\"}]},{\"@type\":\"WebSite\",\"@id\":\"https:\/\/oxiplant.com\/fr\/#website\",\"url\":\"https:\/\/oxiplant.com\/fr\/\",\"name\":\"Oxiplant\",\"description\":\"\",\"potentialAction\":[{\"@type\":\"SearchAction\",\"target\":{\"@type\":\"EntryPoint\",\"urlTemplate\":\"https:\/\/oxiplant.com\/fr\/?s={search_term_string}\"},\"query-input\":{\"@type\":\"PropertyValueSpecification\",\"valueRequired\":true,\"valueName\":\"search_term_string\"}}],\"inLanguage\":\"fr-FR\"}]}<\/script>\n<!-- \/ Yoast SEO plugin. -->","yoast_head_json":{"title":"Qualit\u00e9 - Oxiplant","robots":{"index":"index","follow":"follow","max-snippet":"max-snippet:-1","max-image-preview":"max-image-preview:large","max-video-preview":"max-video-preview:-1"},"canonical":"https:\/\/oxiplant.com\/fr\/qualite\/","og_locale":"fr_FR","og_type":"article","og_title":"Qualit\u00e9 - Oxiplant","og_description":"[vc_section][vc_row content_placement=\u00a0\u00bbmiddle\u00a0\u00bb css=\u00a0\u00bb.vc_custom_1764270883153{margin-bottom: 80px !important;}\u00a0\u00bb][vc_column width=\u00a0\u00bb1\/2&Prime;][vc_column_text]Chez Oxiplant, la qualit\u00e9 est une exigence structurelle int\u00e9gr\u00e9e \u00e0 tous les processus de production. Le syst\u00e8me de gestion de la qualit\u00e9 est certifi\u00e9 conforme \u00e0 la norme ISO 9001, qui d\u00e9finit les exigences en mati\u00e8re de gestion et de contr\u00f4le des processus, de documentation structur\u00e9e, de gestion des non-conformit\u00e9s, [&hellip;]","og_url":"https:\/\/oxiplant.com\/fr\/qualite\/","og_site_name":"Oxiplant","article_modified_time":"2026-03-03T11:55:40+00:00","twitter_card":"summary_large_image","twitter_misc":{"Dur\u00e9e de lecture estim\u00e9e":"7 minutes"},"schema":{"@context":"https:\/\/schema.org","@graph":[{"@type":"WebPage","@id":"https:\/\/oxiplant.com\/fr\/qualite\/","url":"https:\/\/oxiplant.com\/fr\/qualite\/","name":"Qualit\u00e9 - Oxiplant","isPartOf":{"@id":"https:\/\/oxiplant.com\/fr\/#website"},"datePublished":"2025-10-14T17:10:13+00:00","dateModified":"2026-03-03T11:55:40+00:00","breadcrumb":{"@id":"https:\/\/oxiplant.com\/fr\/qualite\/#breadcrumb"},"inLanguage":"fr-FR","potentialAction":[{"@type":"ReadAction","target":["https:\/\/oxiplant.com\/fr\/qualite\/"]}]},{"@type":"BreadcrumbList","@id":"https:\/\/oxiplant.com\/fr\/qualite\/#breadcrumb","itemListElement":[{"@type":"ListItem","position":1,"name":"Portada","item":"https:\/\/oxiplant.com\/fr\/"},{"@type":"ListItem","position":2,"name":"Qualit\u00e9"}]},{"@type":"WebSite","@id":"https:\/\/oxiplant.com\/fr\/#website","url":"https:\/\/oxiplant.com\/fr\/","name":"Oxiplant","description":"","potentialAction":[{"@type":"SearchAction","target":{"@type":"EntryPoint","urlTemplate":"https:\/\/oxiplant.com\/fr\/?s={search_term_string}"},"query-input":{"@type":"PropertyValueSpecification","valueRequired":true,"valueName":"search_term_string"}}],"inLanguage":"fr-FR"}]}},"_links":{"self":[{"href":"https:\/\/oxiplant.com\/fr\/wp-json\/wp\/v2\/pages\/7622","targetHints":{"allow":["GET"]}}],"collection":[{"href":"https:\/\/oxiplant.com\/fr\/wp-json\/wp\/v2\/pages"}],"about":[{"href":"https:\/\/oxiplant.com\/fr\/wp-json\/wp\/v2\/types\/page"}],"author":[{"embeddable":true,"href":"https:\/\/oxiplant.com\/fr\/wp-json\/wp\/v2\/users\/1"}],"replies":[{"embeddable":true,"href":"https:\/\/oxiplant.com\/fr\/wp-json\/wp\/v2\/comments?post=7622"}],"version-history":[{"count":1,"href":"https:\/\/oxiplant.com\/fr\/wp-json\/wp\/v2\/pages\/7622\/revisions"}],"predecessor-version":[{"id":8036,"href":"https:\/\/oxiplant.com\/fr\/wp-json\/wp\/v2\/pages\/7622\/revisions\/8036"}],"wp:attachment":[{"href":"https:\/\/oxiplant.com\/fr\/wp-json\/wp\/v2\/media?parent=7622"}],"curies":[{"name":"wp","href":"https:\/\/api.w.org\/{rel}","templated":true}]}}