{"id":7633,"date":"2025-10-15T07:15:15","date_gmt":"2025-10-15T05:15:15","guid":{"rendered":"https:\/\/oxiplant.com\/new2\/formage\/"},"modified":"2026-03-26T16:15:27","modified_gmt":"2026-03-26T15:15:27","slug":"formage","status":"publish","type":"page","link":"https:\/\/oxiplant.com\/fr\/formage\/","title":{"rendered":"Formage"},"content":{"rendered":"<div class=\"wpb-content-wrapper\"><p>[vc_section][vc_row content_placement=\u00a0\u00bbmiddle\u00a0\u00bb css=\u00a0\u00bb.vc_custom_1765487462989{margin-bottom: 0px !important;}\u00a0\u00bb][vc_column width=\u00a0\u00bb1\/2&Prime;][vc_column_text]<\/p>\n<p class=\"p1\">Nos 4 presses plieuses CNC nous permettent de travailler des pi\u00e8ces jusqu\u2019\u00e0 8 000 mm et 1 500 t de pression, ce qui nous donne la capacit\u00e9 de r\u00e9aliser aussi bien de petites pi\u00e8ces que des \u00e9l\u00e9ments de grand format. \u00c0 cela s\u2019ajoutent plusieurs presses plieuses suppl\u00e9mentaires ainsi qu\u2019une presse hydraulique, qui \u00e9largissent les possibilit\u00e9s de formage dans diff\u00e9rentes configurations.<\/p>\n<p>Pour le cintrage, nous disposons de <strong>3 cintreuses \u00e0 rouleaux<\/strong> capables de travailler des \u00e9paisseurs allant jusqu&rsquo;\u00e0 <strong>45 mm<\/strong> et des pi\u00e8ces pesant jusqu&rsquo;\u00e0 <strong>2 tonnes<\/strong>, couvrant ainsi un large \u00e9ventail de besoins en termes de rayons et de dimensions.<\/p>\n<p>Dans l&rsquo;ensemble, cette gamme de machines (plieuses, presse hydraulique et cintreuses \u00e0 rouleaux) nous permet de nous adapter \u00e0 tous types de pi\u00e8ces et de maintenir un <strong>rythme de production \u00e9lev\u00e9<\/strong>, en optimisant les temps de travail dans des projets aux caract\u00e9ristiques diverses.[\/vc_column_text][\/vc_column][vc_column width=\u00a0\u00bb1\/2&Prime;]<div  class=\"wpb_content_element   clearfix\"><style type=\"text\/css\">#ut_am_69e35d26d03c1 { opacity: 1; }#ut_am_wrap_69e35d26d03c3 img,#ut_am_wrap_69e35d26d03c3 .ut-image-gallery-image-caption,#ut_am_wrap_69e35d26d03c3 .ut-box-shadow-container,#ut_am_wrap_69e35d26d03c3 .ut-box-shadow-container-inner,#ut_am_wrap_69e35d26d03c3 .ut-block-revealer-element-container,#ut_am_wrap_69e35d26d03c3 .ut-animated-image-zoom { -webkit-border-radius: 9px; -moz-border-radius: 9px; border-radius: 9px; }#ut_am_wrap_69e35d26d03c3 .ut-image-gallery-item-caption-title h3 { letter-spacing: 0em; }#ut_am_wrap_69e35d26d03c3 .ut-gallery-slider-caption { color: #999999; }#ut_am_wrap_69e35d26d03c3 .ut-gallery-slider-caption { font-weight: normal; }#ut_am_wrap_69e35d26d03c3 { text-align: right; }@media (min-width: 768px) and (max-width: 1024px) { #ut_am_wrap_69e35d26d03c3 { text-align: right !important; } }@media (max-width: 767px) { #ut_am_wrap_69e35d26d03c3 { text-align: center !important; } }<\/style><div id=\"ut_am_wrap_69e35d26d03c3\" class=\"ut-image-gallery-image \"><div id=\"ut_reveal_69e35d26d03c4\"  data-appear-top-offset=\"auto\" class=\"ut-animated-image-item ut-image-gallery-item ut-animation-done \"><a class=\"ut-deactivated-link\" href=\"#\"><div class=\"ut-animated-image-zoom\"><img loading=\"lazy\" decoding=\"async\" class=\"ut-lazy skip-lazy ut-animated-image \"  id=\"ut_am_69e35d26d03c1\" src=\"data:image\/svg+xml;charset=utf-8,%3Csvg xmlns%3D'http%3A%2F%2Fwww.w3.org%2F2000%2Fsvg' viewBox%3D'0 0 1204 925'%2F%3E\" data-src=\"https:\/\/oxiplant.com\/wp-content\/uploads\/2025\/10\/conformado-1.jpg\" width=\"1204\" height=\"925\" alt=\"\"\/><\/div><\/a><\/div><\/div><\/div>[\/vc_column][\/vc_row][\/vc_section][vc_section css=\u00a0\u00bb.vc_custom_1764279907549{margin-bottom: 0px !important;background-color: #eeeeee !important;}\u00a0\u00bb][vc_row full_width=\u00a0\u00bbstretch_row_content\u00a0\u00bb css=\u00a0\u00bb.vc_custom_1764279945138{margin-bottom: 80px !important;}\u00a0\u00bb][vc_column width=\u00a0\u00bb1\/2&Prime;]<div  class=\"wpb_content_element   clearfix\"><style type=\"text\/css\">#ut_am_69e35d26d0d9c { opacity: 1; }#ut_am_wrap_69e35d26d0d9d .ut-image-gallery-item-caption-title h3 { letter-spacing: 0em; }#ut_am_wrap_69e35d26d0d9d .ut-gallery-slider-caption { font-weight: bold; }#ut_am_wrap_69e35d26d0d9d { text-align: left; }@media (min-width: 768px) and (max-width: 1024px) { #ut_am_wrap_69e35d26d0d9d { text-align: left !important; } }@media (max-width: 767px) { #ut_am_wrap_69e35d26d0d9d { text-align: center !important; } }<\/style><div id=\"ut_am_wrap_69e35d26d0d9d\" class=\"ut-image-gallery-image ani_zoom\"><div id=\"ut_reveal_69e35d26d0d9e\"  data-appear-top-offset=\"auto\" class=\"ut-animated-image-item ut-image-gallery-item ut-animation-done \"><a class=\"ut-deactivated-link\" href=\"#\"><div class=\"ut-animated-image-zoom\"><img loading=\"lazy\" decoding=\"async\" class=\"ut-lazy skip-lazy ut-animated-image \"  id=\"ut_am_69e35d26d0d9c\" src=\"data:image\/svg+xml;charset=utf-8,%3Csvg xmlns%3D'http%3A%2F%2Fwww.w3.org%2F2000%2Fsvg' viewBox%3D'0 0 1367 564'%2F%3E\" data-src=\"https:\/\/oxiplant.com\/wp-content\/uploads\/2026\/03\/servi-plegado-fr.jpg\" width=\"1367\" height=\"564\" alt=\"\"\/><\/div><\/a><\/div><\/div><\/div>[\/vc_column][vc_column width=\u00a0\u00bb1\/2&Prime;]<div  class=\"wpb_content_element   clearfix\"><style type=\"text\/css\">#ut_am_69e35d26d1333 { opacity: 1; }#ut_am_wrap_69e35d26d1334 .ut-image-gallery-item-caption-title h3 { letter-spacing: 0em; }#ut_am_wrap_69e35d26d1334 .ut-gallery-slider-caption { font-weight: bold; }#ut_am_wrap_69e35d26d1334 { text-align: left; }@media (min-width: 768px) and (max-width: 1024px) { #ut_am_wrap_69e35d26d1334 { text-align: left !important; } }@media (max-width: 767px) { #ut_am_wrap_69e35d26d1334 { text-align: center !important; } }<\/style><div id=\"ut_am_wrap_69e35d26d1334\" class=\"ut-image-gallery-image ani_zoom\"><div id=\"ut_reveal_69e35d26d1335\"  data-appear-top-offset=\"auto\" class=\"ut-animated-image-item ut-image-gallery-item ut-animation-done \"><a class=\"ut-deactivated-link\" href=\"#\"><div class=\"ut-animated-image-zoom\"><img loading=\"lazy\" decoding=\"async\" class=\"ut-lazy skip-lazy ut-animated-image \"  id=\"ut_am_69e35d26d1333\" src=\"data:image\/svg+xml;charset=utf-8,%3Csvg xmlns%3D'http%3A%2F%2Fwww.w3.org%2F2000%2Fsvg' viewBox%3D'0 0 1367 564'%2F%3E\" data-src=\"https:\/\/oxiplant.com\/wp-content\/uploads\/2026\/03\/servi-curvado-fr.jpg\" width=\"1367\" height=\"564\" alt=\"\"\/><\/div><\/a><\/div><\/div><\/div>[\/vc_column][\/vc_row][\/vc_section][vc_section][vc_row][vc_column width=\u00a0\u00bb1\/6&Prime; css=\u00a0\u00bb.vc_custom_1764283621195{margin-top: 15px !important;}\u00a0\u00bb]<div  class=\"wpb_content_element   clearfix\"><style type=\"text\/css\">#ut_am_69e35d26d1e1d { opacity: 1; }#ut_am_wrap_69e35d26d1e1e .ut-image-gallery-item-caption-title h3 { color: #ffffff; }#ut_am_wrap_69e35d26d1e1e .ut-image-gallery-item-caption-title-style-2 h3 { color: #ffffff; }#ut_am_wrap_69e35d26d1e1e .ut-image-gallery-item-caption-title h3 { letter-spacing: 0em; }#ut_am_wrap_69e35d26d1e1e .ut-gallery-slider-caption { font-weight: bold; }#ut_am_wrap_69e35d26d1e1e { text-align: center; }@media (min-width: 768px) and (max-width: 1024px) { #ut_am_wrap_69e35d26d1e1e { text-align: center !important; } }@media (max-width: 767px) { #ut_am_wrap_69e35d26d1e1e { text-align: center !important; } }<\/style><div id=\"ut_am_wrap_69e35d26d1e1e\" class=\"ut-image-gallery-image ani_zoom\"><div id=\"ut_reveal_69e35d26d1e1f\"  data-appear-top-offset=\"auto\" class=\"ut-animated-image-item ut-image-gallery-item ut-animation-done \"><a target=\"_blank\" href=\"https:\/\/oxiplant.com\/new2\/wp-content\/uploads\/2025\/11\/OXIP_0094-CPR-MAD-20160126-SPA_Iss04-9Jun25-FPC-cer-EN1090.pdf\" rel=\"nofollow\"><div class=\"ut-animated-image-zoom\"><img loading=\"lazy\" decoding=\"async\" class=\"ut-lazy skip-lazy ut-animated-image \"  id=\"ut_am_69e35d26d1e1d\" src=\"data:image\/svg+xml;charset=utf-8,%3Csvg xmlns%3D'http%3A%2F%2Fwww.w3.org%2F2000%2Fsvg' viewBox%3D'0 0 300 190'%2F%3E\" data-src=\"https:\/\/oxiplant.com\/wp-content\/uploads\/2025\/11\/iso-1090-2.jpg\" width=\"300\" height=\"190\" alt=\"\"\/><\/div><\/a><\/div><\/div><\/div>[\/vc_column][vc_column width=\u00a0\u00bb1\/6&Prime; css=\u00a0\u00bb.vc_custom_1764283634822{margin-top: 15px !important;}\u00a0\u00bb]<div  class=\"wpb_content_element   clearfix\"><style type=\"text\/css\">#ut_am_69e35d26d28dc { opacity: 1; }#ut_am_wrap_69e35d26d28de .ut-image-gallery-item-caption-title h3 { color: #ffffff; }#ut_am_wrap_69e35d26d28de .ut-image-gallery-item-caption-title-style-2 h3 { color: #ffffff; }#ut_am_wrap_69e35d26d28de .ut-image-gallery-item-caption-title h3 { letter-spacing: 0em; }#ut_am_wrap_69e35d26d28de .ut-gallery-slider-caption { font-weight: bold; }#ut_am_wrap_69e35d26d28de { text-align: center; }@media (min-width: 768px) and (max-width: 1024px) { #ut_am_wrap_69e35d26d28de { text-align: center !important; } }@media (max-width: 767px) { #ut_am_wrap_69e35d26d28de { text-align: center !important; } }<\/style><div id=\"ut_am_wrap_69e35d26d28de\" class=\"ut-image-gallery-image ani_zoom\"><div id=\"ut_reveal_69e35d26d28df\"  data-appear-top-offset=\"auto\" class=\"ut-animated-image-item ut-image-gallery-item ut-animation-done \"><a target=\"_blank\" href=\"https:\/\/oxiplant.com\/new2\/wp-content\/uploads\/2025\/11\/0038343-QMS-SPAES-UKAS.pdf\" rel=\"nofollow\"><div class=\"ut-animated-image-zoom\"><img loading=\"lazy\" decoding=\"async\" class=\"ut-lazy skip-lazy ut-animated-image \"  id=\"ut_am_69e35d26d28dc\" src=\"data:image\/svg+xml;charset=utf-8,%3Csvg xmlns%3D'http%3A%2F%2Fwww.w3.org%2F2000%2Fsvg' viewBox%3D'0 0 300 190'%2F%3E\" data-src=\"https:\/\/oxiplant.com\/wp-content\/uploads\/2025\/10\/calidad-2.webp\" width=\"300\" height=\"190\" alt=\"\"\/><\/div><\/a><\/div><\/div><\/div>[\/vc_column][vc_column width=\u00a0\u00bb1\/6&Prime; css=\u00a0\u00bb.vc_custom_1764283649688{margin-top: 15px !important;}\u00a0\u00bb]<div  class=\"wpb_content_element   clearfix\"><style type=\"text\/css\">#ut_am_69e35d26d33f0 { opacity: 1; }#ut_am_wrap_69e35d26d33f3 .ut-image-gallery-item-caption-title h3 { color: #ffffff; }#ut_am_wrap_69e35d26d33f3 .ut-image-gallery-item-caption-title-style-2 h3 { color: #ffffff; }#ut_am_wrap_69e35d26d33f3 .ut-image-gallery-item-caption-title h3 { letter-spacing: 0em; }#ut_am_wrap_69e35d26d33f3 .ut-gallery-slider-caption { font-weight: bold; }#ut_am_wrap_69e35d26d33f3 { text-align: center; }@media (min-width: 768px) and (max-width: 1024px) { #ut_am_wrap_69e35d26d33f3 { text-align: center !important; } }@media (max-width: 767px) { #ut_am_wrap_69e35d26d33f3 { text-align: center !important; } }<\/style><div id=\"ut_am_wrap_69e35d26d33f3\" class=\"ut-image-gallery-image ani_zoom\"><div id=\"ut_reveal_69e35d26d33f4\"  data-appear-top-offset=\"auto\" class=\"ut-animated-image-item ut-image-gallery-item ut-animation-done \"><a target=\"_blank\" href=\"https:\/\/oxiplant.com\/new2\/wp-content\/uploads\/2025\/11\/00016995-EMS-SPAES-UKAS.pdf\" rel=\"nofollow\"><div class=\"ut-animated-image-zoom\"><img loading=\"lazy\" decoding=\"async\" class=\"ut-lazy skip-lazy ut-animated-image \"  id=\"ut_am_69e35d26d33f0\" src=\"data:image\/svg+xml;charset=utf-8,%3Csvg xmlns%3D'http%3A%2F%2Fwww.w3.org%2F2000%2Fsvg' viewBox%3D'0 0 300 193'%2F%3E\" data-src=\"https:\/\/oxiplant.com\/wp-content\/uploads\/2025\/10\/medioambiente.webp\" width=\"300\" height=\"193\" alt=\"\"\/><\/div><\/a><\/div><\/div><\/div>[\/vc_column][vc_column width=\u00a0\u00bb1\/6&Prime; css=\u00a0\u00bb.vc_custom_1764283665569{margin-top: 15px !important;}\u00a0\u00bb]<div  class=\"wpb_content_element   clearfix\"><style type=\"text\/css\">#ut_am_69e35d26d3dfc { opacity: 1; }#ut_am_wrap_69e35d26d3dff .ut-image-gallery-item-caption-title h3 { color: #ffffff; }#ut_am_wrap_69e35d26d3dff .ut-image-gallery-item-caption-title-style-2 h3 { color: #ffffff; }#ut_am_wrap_69e35d26d3dff .ut-image-gallery-item-caption-title h3 { letter-spacing: 0em; }#ut_am_wrap_69e35d26d3dff .ut-gallery-slider-caption { font-weight: bold; }#ut_am_wrap_69e35d26d3dff { text-align: center; }@media (min-width: 768px) and (max-width: 1024px) { #ut_am_wrap_69e35d26d3dff { text-align: center !important; } }@media (max-width: 767px) { #ut_am_wrap_69e35d26d3dff { text-align: center !important; } }<\/style><div id=\"ut_am_wrap_69e35d26d3dff\" class=\"ut-image-gallery-image ani_zoom\"><div id=\"ut_reveal_69e35d26d3e00\"  data-appear-top-offset=\"auto\" class=\"ut-animated-image-item ut-image-gallery-item ut-animation-done \"><a target=\"_blank\" href=\"https:\/\/oxiplant.com\/new2\/wp-content\/uploads\/2025\/11\/OXIP_Cert-3834-R2-1Sep25-SPA.pdf\" rel=\"nofollow\"><div class=\"ut-animated-image-zoom\"><img loading=\"lazy\" decoding=\"async\" class=\"ut-lazy skip-lazy ut-animated-image \"  id=\"ut_am_69e35d26d3dfc\" src=\"data:image\/svg+xml;charset=utf-8,%3Csvg xmlns%3D'http%3A%2F%2Fwww.w3.org%2F2000%2Fsvg' viewBox%3D'0 0 300 190'%2F%3E\" data-src=\"https:\/\/oxiplant.com\/wp-content\/uploads\/2025\/11\/iso-3834.jpg\" width=\"300\" height=\"190\" alt=\"\"\/><\/div><\/a><\/div><\/div><\/div>[\/vc_column][vc_column width=\u00a0\u00bb1\/6&Prime; css=\u00a0\u00bb.vc_custom_1764283681323{margin-top: 15px !important;}\u00a0\u00bb]<div  class=\"wpb_content_element   clearfix\"><style type=\"text\/css\">#ut_am_69e35d26d488c { opacity: 1; }#ut_am_wrap_69e35d26d488e .ut-image-gallery-item-caption-title h3 { color: #ffffff; }#ut_am_wrap_69e35d26d488e .ut-image-gallery-item-caption-title-style-2 h3 { color: #ffffff; }#ut_am_wrap_69e35d26d488e .ut-image-gallery-item-caption-title h3 { letter-spacing: 0em; }#ut_am_wrap_69e35d26d488e .ut-gallery-slider-caption { font-weight: bold; }#ut_am_wrap_69e35d26d488e { text-align: center; }@media (min-width: 768px) and (max-width: 1024px) { #ut_am_wrap_69e35d26d488e { text-align: center !important; } }@media (max-width: 767px) { #ut_am_wrap_69e35d26d488e { text-align: center !important; } }<\/style><div id=\"ut_am_wrap_69e35d26d488e\" class=\"ut-image-gallery-image ani_zoom\"><div id=\"ut_reveal_69e35d26d488f\"  data-appear-top-offset=\"auto\" class=\"ut-animated-image-item ut-image-gallery-item ut-animation-done \"><a target=\"_blank\" href=\"https:\/\/www.bureauveritas.dk\/en\/our-market\/apqp4wind?utm_source=google&#038;utm_medium=cpc&#038;gad_source=1&#038;gad_campaignid=1676330063&#038;gbraid=0AAAAAD28T32t2hKEXcw7JcM30Vaxr40iY&#038;gclid=CjwKCAiA55rJBhByEiwAFkY1QG0iBDQRekciHH0dIgsblVqHdnIgnglPMpL_zGsBaOnpgxHvH1W7aBoCFQQQAvD_BwE\" rel=\"nofollow\"><div class=\"ut-animated-image-zoom\"><img loading=\"lazy\" decoding=\"async\" class=\"ut-lazy skip-lazy ut-animated-image \"  id=\"ut_am_69e35d26d488c\" src=\"data:image\/svg+xml;charset=utf-8,%3Csvg xmlns%3D'http%3A%2F%2Fwww.w3.org%2F2000%2Fsvg' viewBox%3D'0 0 300 190'%2F%3E\" data-src=\"https:\/\/oxiplant.com\/wp-content\/uploads\/2025\/10\/apqp.jpg\" width=\"300\" height=\"190\" alt=\"\"\/><\/div><\/a><\/div><\/div><\/div>[\/vc_column][vc_column width=\u00a0\u00bb1\/6&Prime; css=\u00a0\u00bb.vc_custom_1764283694488{margin-top: 15px !important;}\u00a0\u00bb]<div  class=\"wpb_content_element   clearfix\"><style type=\"text\/css\">#ut_am_69e35d26d5611 { opacity: 1; }#ut_am_wrap_69e35d26d5613 .ut-image-gallery-item-caption-title h3 { color: #ffffff; }#ut_am_wrap_69e35d26d5613 .ut-image-gallery-item-caption-title-style-2 h3 { color: #ffffff; }#ut_am_wrap_69e35d26d5613 .ut-image-gallery-item-caption-title h3 { letter-spacing: 0em; }#ut_am_wrap_69e35d26d5613 .ut-gallery-slider-caption { font-weight: bold; }#ut_am_wrap_69e35d26d5613 { text-align: center; }@media (min-width: 768px) and (max-width: 1024px) { #ut_am_wrap_69e35d26d5613 { text-align: center !important; } }@media (max-width: 767px) { #ut_am_wrap_69e35d26d5613 { text-align: center !important; } }<\/style><div id=\"ut_am_wrap_69e35d26d5613\" class=\"ut-image-gallery-image ani_zoom\"><div id=\"ut_reveal_69e35d26d5614\"  data-appear-top-offset=\"auto\" class=\"ut-animated-image-item ut-image-gallery-item ut-animation-done \"><a target=\"_blank\" href=\"https:\/\/ecovadis.com\/es\/\" rel=\"nofollow\"><div class=\"ut-animated-image-zoom\"><img decoding=\"async\" class=\"ut-lazy skip-lazy ut-animated-image \"  id=\"ut_am_69e35d26d5611\" src=\"data:image\/svg+xml;charset=utf-8,%3Csvg xmlns%3D'http%3A%2F%2Fwww.w3.org%2F2000%2Fsvg' viewBox%3D'0 0 118px 600'%2F%3E\" data-src=\"https:\/\/oxiplant.com\/wp-content\/uploads\/2025\/10\/reco-1.webp\" width=\"118px\" height=\"\" alt=\"\"\/><\/div><\/a><\/div><\/div><\/div>[\/vc_column][\/vc_row][\/vc_section]<\/p>\n<\/div>","protected":false},"excerpt":{"rendered":"<p>[vc_section][vc_row content_placement=\u00a0\u00bbmiddle\u00a0\u00bb css=\u00a0\u00bb.vc_custom_1765487462989{margin-bottom: 0px !important;}\u00a0\u00bb][vc_column width=\u00a0\u00bb1\/2&Prime;][vc_column_text] Nos 4 presses plieuses CNC nous permettent de travailler des pi\u00e8ces jusqu\u2019\u00e0 8 000 mm et 1 500 t de pression, ce qui nous donne la capacit\u00e9 de r\u00e9aliser aussi bien de petites pi\u00e8ces que des \u00e9l\u00e9ments de grand format. \u00c0 cela s\u2019ajoutent plusieurs presses plieuses suppl\u00e9mentaires ainsi qu\u2019une [&hellip;]<\/p>\n","protected":false},"author":1,"featured_media":0,"parent":0,"menu_order":0,"comment_status":"closed","ping_status":"closed","template":"","meta":{"footnotes":""},"class_list":["post-7633","page","type-page","status-publish","hentry"],"acf":[],"yoast_head":"<!-- This site is optimized with the Yoast SEO plugin v27.1.1 - https:\/\/yoast.com\/product\/yoast-seo-wordpress\/ -->\n<title>Formage - Oxiplant<\/title>\n<meta name=\"robots\" content=\"index, follow, max-snippet:-1, max-image-preview:large, max-video-preview:-1\" \/>\n<link rel=\"canonical\" href=\"https:\/\/oxiplant.com\/fr\/formage\/\" \/>\n<meta property=\"og:locale\" content=\"fr_FR\" \/>\n<meta property=\"og:type\" content=\"article\" \/>\n<meta property=\"og:title\" content=\"Formage - Oxiplant\" \/>\n<meta property=\"og:description\" content=\"[vc_section][vc_row content_placement=\u00a0\u00bbmiddle\u00a0\u00bb css=\u00a0\u00bb.vc_custom_1765487462989{margin-bottom: 0px !important;}\u00a0\u00bb][vc_column width=\u00a0\u00bb1\/2&Prime;][vc_column_text] Nos 4 presses plieuses CNC nous permettent de travailler des pi\u00e8ces jusqu\u2019\u00e0 8 000 mm et 1 500 t de pression, ce qui nous donne la capacit\u00e9 de r\u00e9aliser aussi bien de petites pi\u00e8ces que des \u00e9l\u00e9ments de grand format. \u00c0 cela s\u2019ajoutent plusieurs presses plieuses suppl\u00e9mentaires ainsi qu\u2019une [&hellip;]\" \/>\n<meta property=\"og:url\" content=\"https:\/\/oxiplant.com\/fr\/formage\/\" \/>\n<meta property=\"og:site_name\" content=\"Oxiplant\" \/>\n<meta property=\"article:modified_time\" content=\"2026-03-26T15:15:27+00:00\" \/>\n<meta name=\"twitter:card\" content=\"summary_large_image\" \/>\n<meta name=\"twitter:label1\" content=\"Dur\u00e9e de lecture estim\u00e9e\" \/>\n\t<meta name=\"twitter:data1\" content=\"10 minutes\" \/>\n<script type=\"application\/ld+json\" class=\"yoast-schema-graph\">{\"@context\":\"https:\/\/schema.org\",\"@graph\":[{\"@type\":\"WebPage\",\"@id\":\"https:\/\/oxiplant.com\/fr\/formage\/\",\"url\":\"https:\/\/oxiplant.com\/fr\/formage\/\",\"name\":\"Formage - Oxiplant\",\"isPartOf\":{\"@id\":\"https:\/\/oxiplant.com\/fr\/#website\"},\"datePublished\":\"2025-10-15T05:15:15+00:00\",\"dateModified\":\"2026-03-26T15:15:27+00:00\",\"breadcrumb\":{\"@id\":\"https:\/\/oxiplant.com\/fr\/formage\/#breadcrumb\"},\"inLanguage\":\"fr-FR\",\"potentialAction\":[{\"@type\":\"ReadAction\",\"target\":[\"https:\/\/oxiplant.com\/fr\/formage\/\"]}]},{\"@type\":\"BreadcrumbList\",\"@id\":\"https:\/\/oxiplant.com\/fr\/formage\/#breadcrumb\",\"itemListElement\":[{\"@type\":\"ListItem\",\"position\":1,\"name\":\"Portada\",\"item\":\"https:\/\/oxiplant.com\/fr\/\"},{\"@type\":\"ListItem\",\"position\":2,\"name\":\"Formage\"}]},{\"@type\":\"WebSite\",\"@id\":\"https:\/\/oxiplant.com\/fr\/#website\",\"url\":\"https:\/\/oxiplant.com\/fr\/\",\"name\":\"Oxiplant\",\"description\":\"\",\"potentialAction\":[{\"@type\":\"SearchAction\",\"target\":{\"@type\":\"EntryPoint\",\"urlTemplate\":\"https:\/\/oxiplant.com\/fr\/?s={search_term_string}\"},\"query-input\":{\"@type\":\"PropertyValueSpecification\",\"valueRequired\":true,\"valueName\":\"search_term_string\"}}],\"inLanguage\":\"fr-FR\"}]}<\/script>\n<!-- \/ Yoast SEO plugin. -->","yoast_head_json":{"title":"Formage - Oxiplant","robots":{"index":"index","follow":"follow","max-snippet":"max-snippet:-1","max-image-preview":"max-image-preview:large","max-video-preview":"max-video-preview:-1"},"canonical":"https:\/\/oxiplant.com\/fr\/formage\/","og_locale":"fr_FR","og_type":"article","og_title":"Formage - Oxiplant","og_description":"[vc_section][vc_row content_placement=\u00a0\u00bbmiddle\u00a0\u00bb css=\u00a0\u00bb.vc_custom_1765487462989{margin-bottom: 0px !important;}\u00a0\u00bb][vc_column width=\u00a0\u00bb1\/2&Prime;][vc_column_text] Nos 4 presses plieuses CNC nous permettent de travailler des pi\u00e8ces jusqu\u2019\u00e0 8 000 mm et 1 500 t de pression, ce qui nous donne la capacit\u00e9 de r\u00e9aliser aussi bien de petites pi\u00e8ces que des \u00e9l\u00e9ments de grand format. \u00c0 cela s\u2019ajoutent plusieurs presses plieuses suppl\u00e9mentaires ainsi qu\u2019une [&hellip;]","og_url":"https:\/\/oxiplant.com\/fr\/formage\/","og_site_name":"Oxiplant","article_modified_time":"2026-03-26T15:15:27+00:00","twitter_card":"summary_large_image","twitter_misc":{"Dur\u00e9e de lecture estim\u00e9e":"10 minutes"},"schema":{"@context":"https:\/\/schema.org","@graph":[{"@type":"WebPage","@id":"https:\/\/oxiplant.com\/fr\/formage\/","url":"https:\/\/oxiplant.com\/fr\/formage\/","name":"Formage - Oxiplant","isPartOf":{"@id":"https:\/\/oxiplant.com\/fr\/#website"},"datePublished":"2025-10-15T05:15:15+00:00","dateModified":"2026-03-26T15:15:27+00:00","breadcrumb":{"@id":"https:\/\/oxiplant.com\/fr\/formage\/#breadcrumb"},"inLanguage":"fr-FR","potentialAction":[{"@type":"ReadAction","target":["https:\/\/oxiplant.com\/fr\/formage\/"]}]},{"@type":"BreadcrumbList","@id":"https:\/\/oxiplant.com\/fr\/formage\/#breadcrumb","itemListElement":[{"@type":"ListItem","position":1,"name":"Portada","item":"https:\/\/oxiplant.com\/fr\/"},{"@type":"ListItem","position":2,"name":"Formage"}]},{"@type":"WebSite","@id":"https:\/\/oxiplant.com\/fr\/#website","url":"https:\/\/oxiplant.com\/fr\/","name":"Oxiplant","description":"","potentialAction":[{"@type":"SearchAction","target":{"@type":"EntryPoint","urlTemplate":"https:\/\/oxiplant.com\/fr\/?s={search_term_string}"},"query-input":{"@type":"PropertyValueSpecification","valueRequired":true,"valueName":"search_term_string"}}],"inLanguage":"fr-FR"}]}},"_links":{"self":[{"href":"https:\/\/oxiplant.com\/fr\/wp-json\/wp\/v2\/pages\/7633","targetHints":{"allow":["GET"]}}],"collection":[{"href":"https:\/\/oxiplant.com\/fr\/wp-json\/wp\/v2\/pages"}],"about":[{"href":"https:\/\/oxiplant.com\/fr\/wp-json\/wp\/v2\/types\/page"}],"author":[{"embeddable":true,"href":"https:\/\/oxiplant.com\/fr\/wp-json\/wp\/v2\/users\/1"}],"replies":[{"embeddable":true,"href":"https:\/\/oxiplant.com\/fr\/wp-json\/wp\/v2\/comments?post=7633"}],"version-history":[{"count":3,"href":"https:\/\/oxiplant.com\/fr\/wp-json\/wp\/v2\/pages\/7633\/revisions"}],"predecessor-version":[{"id":8115,"href":"https:\/\/oxiplant.com\/fr\/wp-json\/wp\/v2\/pages\/7633\/revisions\/8115"}],"wp:attachment":[{"href":"https:\/\/oxiplant.com\/fr\/wp-json\/wp\/v2\/media?parent=7633"}],"curies":[{"name":"wp","href":"https:\/\/api.w.org\/{rel}","templated":true}]}}