{"id":7639,"date":"2025-10-15T01:56:51","date_gmt":"2025-10-14T23:56:51","guid":{"rendered":"https:\/\/oxiplant.com\/new2\/coupe-de-tole\/"},"modified":"2026-03-26T15:40:51","modified_gmt":"2026-03-26T14:40:51","slug":"coupe-de-tole","status":"publish","type":"page","link":"https:\/\/oxiplant.com\/fr\/coupe-de-tole\/","title":{"rendered":"Coupe de t\u00f4le"},"content":{"rendered":"<div class=\"wpb-content-wrapper\"><p>[vc_section][vc_row content_placement=\u00a0\u00bbmiddle\u00a0\u00bb css=\u00a0\u00bb.vc_custom_1765486870981{margin-bottom: 0px !important;}\u00a0\u00bb][vc_column width=\u00a0\u00bb1\/2&Prime;][vc_column_text]Nos 4 machines de d\u00e9coupe laser permettent non seulement de d\u00e9couper des <strong>longueurs allant jusqu&rsquo;\u00e0 16 m\u00e8tres et des \u00e9paisseurs allant jusqu&rsquo;\u00e0 25 mm<\/strong>, mais aussi de r\u00e9aliser le biseautage directement sur la machine, garantissant ainsi une pr\u00e9cision optimale.<\/p>\n<p>La <strong>d\u00e9coupe plasma haute d\u00e9finition<\/strong> permet d&rsquo;obtenir des chanfreins pr\u00e9cis sur des <strong>\u00e9paisseurs allant jusqu&rsquo;\u00e0 60 mm<\/strong>.<\/p>\n<p>Les 4 machines d&rsquo;<strong>oxycoupage<\/strong>, \u00e9quip\u00e9es de <strong>12 chalumeaux<\/strong>, permettent de couper jusqu&rsquo;\u00e0 4 t\u00f4les \u00e0 la fois, optimisant ainsi la production pour des <strong>\u00e9paisseurs allant jusqu&rsquo;\u00e0 300 mm<\/strong>.<\/p>\n<p>De plus, nous disposons de<strong> plus de 10 \u00e9quipements de d\u00e9coupe<\/strong> r\u00e9partis entre les trois technologies, ce qui nous conf\u00e8re une grande capacit\u00e9 de production et une grande polyvalence pour r\u00e9pondre \u00e0 des projets de taille et de complexit\u00e9 variables. Plusieurs de ces machines ont \u00e9t\u00e9 <strong>d\u00e9velopp\u00e9es sp\u00e9cifiquement pour Oxiplant<\/strong>, int\u00e9grant des solutions techniques sur mesure qui am\u00e9liorent les performances, augmentent l&rsquo;efficacit\u00e9 du processus et permettent de r\u00e9aliser des travaux qui n\u00e9cessitent des configurations sp\u00e9ciales ou hors normes.[\/vc_column_text][\/vc_column][vc_column width=\u00a0\u00bb1\/2&Prime;]<div  class=\"wpb_content_element   clearfix\"><style type=\"text\/css\">#ut_am_69e362d6be4a5 { opacity: 1; }#ut_am_wrap_69e362d6be4a8 img,#ut_am_wrap_69e362d6be4a8 .ut-image-gallery-image-caption,#ut_am_wrap_69e362d6be4a8 .ut-box-shadow-container,#ut_am_wrap_69e362d6be4a8 .ut-box-shadow-container-inner,#ut_am_wrap_69e362d6be4a8 .ut-block-revealer-element-container,#ut_am_wrap_69e362d6be4a8 .ut-animated-image-zoom { -webkit-border-radius: 9px; -moz-border-radius: 9px; border-radius: 9px; }#ut_am_wrap_69e362d6be4a8 .ut-image-gallery-item-caption-title h3 { letter-spacing: 0em; }#ut_am_wrap_69e362d6be4a8 .ut-gallery-slider-caption { color: #999999; }#ut_am_wrap_69e362d6be4a8 .ut-gallery-slider-caption { font-weight: normal; }#ut_am_wrap_69e362d6be4a8 { text-align: right; }@media (min-width: 768px) and (max-width: 1024px) { #ut_am_wrap_69e362d6be4a8 { text-align: right !important; } }@media (max-width: 767px) { #ut_am_wrap_69e362d6be4a8 { text-align: center !important; } }<\/style><div id=\"ut_am_wrap_69e362d6be4a8\" class=\"ut-image-gallery-image \"><div id=\"ut_reveal_69e362d6be4aa\"  data-appear-top-offset=\"auto\" class=\"ut-animated-image-item ut-image-gallery-item ut-animation-done \"><a class=\"ut-deactivated-link\" href=\"#\"><div class=\"ut-animated-image-zoom\"><img decoding=\"async\" class=\"ut-lazy skip-lazy ut-animated-image \"  id=\"ut_am_69e362d6be4a5\" src=\"data:image\/svg+xml;charset=utf-8,%3Csvg xmlns%3D'http%3A%2F%2Fwww.w3.org%2F2000%2Fsvg' viewBox%3D'0 0 800 90%'%2F%3E\" data-src=\"https:\/\/oxiplant.com\/wp-content\/uploads\/2025\/11\/corte-chapa-5-1.jpg\" width=\"\" height=\"90%\" alt=\"\"\/><\/div><\/a><\/div><\/div><\/div>[\/vc_column][\/vc_row][\/vc_section][vc_section css=\u00a0\u00bb.vc_custom_1765486940785{background-color: #eeeeee !important;}\u00a0\u00bb][vc_row full_width=\u00a0\u00bbstretch_row_content\u00a0\u00bb css=\u00a0\u00bb.vc_custom_1764279994030{margin-bottom: 80px !important;}\u00a0\u00bb][vc_column width=\u00a0\u00bb1\/2&Prime;]<div  class=\"wpb_content_element   clearfix\"><style type=\"text\/css\">#ut_am_69e362d6bedd8 { opacity: 1; }#ut_am_wrap_69e362d6beddb .ut-image-gallery-item-caption-title h3 { letter-spacing: 0em; }#ut_am_wrap_69e362d6beddb .ut-gallery-slider-caption { font-weight: bold; }#ut_am_wrap_69e362d6beddb { text-align: left; }@media (min-width: 768px) and (max-width: 1024px) { #ut_am_wrap_69e362d6beddb { text-align: left !important; } }@media (max-width: 767px) { #ut_am_wrap_69e362d6beddb { text-align: center !important; } }<\/style><div id=\"ut_am_wrap_69e362d6beddb\" class=\"ut-image-gallery-image ani_zoom\"><div id=\"ut_reveal_69e362d6beddc\"  data-appear-top-offset=\"auto\" class=\"ut-animated-image-item ut-image-gallery-item ut-animation-done \"><a class=\"ut-deactivated-link\" href=\"#\"><div class=\"ut-animated-image-zoom\"><img loading=\"lazy\" decoding=\"async\" class=\"ut-lazy skip-lazy ut-animated-image \"  id=\"ut_am_69e362d6bedd8\" src=\"data:image\/svg+xml;charset=utf-8,%3Csvg xmlns%3D'http%3A%2F%2Fwww.w3.org%2F2000%2Fsvg' viewBox%3D'0 0 1367 564'%2F%3E\" data-src=\"https:\/\/oxiplant.com\/wp-content\/uploads\/2026\/03\/servi-corte-laser-fr.jpg\" width=\"1367\" height=\"564\" alt=\"\"\/><\/div><\/a><\/div><\/div><\/div>[\/vc_column][vc_column width=\u00a0\u00bb1\/2&Prime;]<div  class=\"wpb_content_element   clearfix\"><style type=\"text\/css\">#ut_am_69e362d6bf629 { opacity: 1; }#ut_am_wrap_69e362d6bf62c .ut-image-gallery-item-caption-title h3 { letter-spacing: 0em; }#ut_am_wrap_69e362d6bf62c .ut-gallery-slider-caption { font-weight: bold; }#ut_am_wrap_69e362d6bf62c { text-align: left; }@media (min-width: 768px) and (max-width: 1024px) { #ut_am_wrap_69e362d6bf62c { text-align: left !important; } }@media (max-width: 767px) { #ut_am_wrap_69e362d6bf62c { text-align: center !important; } }<\/style><div id=\"ut_am_wrap_69e362d6bf62c\" class=\"ut-image-gallery-image ani_zoom\"><div id=\"ut_reveal_69e362d6bf62d\"  data-appear-top-offset=\"auto\" class=\"ut-animated-image-item ut-image-gallery-item ut-animation-done \"><a class=\"ut-deactivated-link\" href=\"#\"><div class=\"ut-animated-image-zoom\"><img loading=\"lazy\" decoding=\"async\" class=\"ut-lazy skip-lazy ut-animated-image \"  id=\"ut_am_69e362d6bf629\" src=\"data:image\/svg+xml;charset=utf-8,%3Csvg xmlns%3D'http%3A%2F%2Fwww.w3.org%2F2000%2Fsvg' viewBox%3D'0 0 1367 564'%2F%3E\" data-src=\"https:\/\/oxiplant.com\/wp-content\/uploads\/2026\/03\/servi-oxicorte-fr.jpg\" width=\"1367\" height=\"564\" alt=\"\"\/><\/div><\/a><\/div><\/div><\/div>[\/vc_column][\/vc_row][vc_row full_width=\u00a0\u00bbstretch_row_content\u00a0\u00bb css=\u00a0\u00bb.vc_custom_1764279253684{margin-top: 0px !important;}\u00a0\u00bb][vc_column css=\u00a0\u00bb.vc_custom_1762274329956{padding-top: 0px !important;}\u00a0\u00bb][vc_row_inner][vc_column_inner width=\u00a0\u00bb1\/2&Prime; css=\u00a0\u00bb.vc_custom_1764280064229{margin-right: 40% !important;margin-left: 50% !important;padding-top: 10px !important;padding-right: 10px !important;padding-bottom: 10px !important;padding-left: 10px !important;}\u00a0\u00bb]<div  class=\"wpb_content_element   clearfix\"><style type=\"text\/css\">#ut_am_69e362d6c0451 { opacity: 1; }#ut_am_wrap_69e362d6c0453 img,#ut_am_wrap_69e362d6c0453 .ut-image-gallery-image-caption,#ut_am_wrap_69e362d6c0453 .ut-box-shadow-container,#ut_am_wrap_69e362d6c0453 .ut-box-shadow-container-inner,#ut_am_wrap_69e362d6c0453 .ut-block-revealer-element-container,#ut_am_wrap_69e362d6c0453 .ut-animated-image-zoom { -webkit-border-radius: 9px; -moz-border-radius: 9px; border-radius: 9px; }#ut_am_wrap_69e362d6c0453 .ut-image-gallery-item-caption-title h3 { letter-spacing: 0em; }#ut_am_wrap_69e362d6c0453 .ut-gallery-slider-caption { font-weight: bold; }#ut_am_wrap_69e362d6c0453 { text-align: left; }@media (min-width: 768px) and (max-width: 1024px) { #ut_am_wrap_69e362d6c0453 { text-align: left !important; } }@media (max-width: 767px) { #ut_am_wrap_69e362d6c0453 { text-align: center !important; } }<\/style><div id=\"ut_am_wrap_69e362d6c0453\" class=\"ut-image-gallery-image ani_zoom\"><div id=\"ut_reveal_69e362d6c0454\"  data-appear-top-offset=\"auto\" class=\"ut-animated-image-item ut-image-gallery-item ut-animation-done \"><a class=\"ut-deactivated-link\" href=\"#\"><div class=\"ut-animated-image-zoom\"><img decoding=\"async\" class=\"ut-lazy skip-lazy ut-animated-image \"  id=\"ut_am_69e362d6c0451\" src=\"data:image\/svg+xml;charset=utf-8,%3Csvg xmlns%3D'http%3A%2F%2Fwww.w3.org%2F2000%2Fsvg' viewBox%3D'0 0 92% 600'%2F%3E\" data-src=\"https:\/\/oxiplant.com\/wp-content\/uploads\/2026\/03\/servi-plasmaalta-fr.jpg\" width=\"92%\" height=\"\" alt=\"\"\/><\/div><\/a><\/div><\/div><\/div>[\/vc_column_inner][\/vc_row_inner][\/vc_column][\/vc_row][\/vc_section][vc_section][vc_row][vc_column width=\u00a0\u00bb1\/6&Prime; css=\u00a0\u00bb.vc_custom_1764283621195{margin-top: 15px !important;}\u00a0\u00bb]<div  class=\"wpb_content_element   clearfix\"><style type=\"text\/css\">#ut_am_69e362d6c0cf7 { opacity: 1; }#ut_am_wrap_69e362d6c0cf9 .ut-image-gallery-item-caption-title h3 { color: #ffffff; }#ut_am_wrap_69e362d6c0cf9 .ut-image-gallery-item-caption-title-style-2 h3 { color: #ffffff; }#ut_am_wrap_69e362d6c0cf9 .ut-image-gallery-item-caption-title h3 { letter-spacing: 0em; }#ut_am_wrap_69e362d6c0cf9 .ut-gallery-slider-caption { font-weight: bold; }#ut_am_wrap_69e362d6c0cf9 { text-align: center; }@media (min-width: 768px) and (max-width: 1024px) { #ut_am_wrap_69e362d6c0cf9 { text-align: center !important; } }@media (max-width: 767px) { #ut_am_wrap_69e362d6c0cf9 { text-align: center !important; } }<\/style><div id=\"ut_am_wrap_69e362d6c0cf9\" class=\"ut-image-gallery-image ani_zoom\"><div id=\"ut_reveal_69e362d6c0cfa\"  data-appear-top-offset=\"auto\" class=\"ut-animated-image-item ut-image-gallery-item ut-animation-done \"><a target=\"_blank\" href=\"https:\/\/oxiplant.com\/new2\/wp-content\/uploads\/2025\/11\/OXIP_0094-CPR-MAD-20160126-SPA_Iss04-9Jun25-FPC-cer-EN1090.pdf\" rel=\"nofollow\"><div class=\"ut-animated-image-zoom\"><img loading=\"lazy\" decoding=\"async\" class=\"ut-lazy skip-lazy ut-animated-image \"  id=\"ut_am_69e362d6c0cf7\" src=\"data:image\/svg+xml;charset=utf-8,%3Csvg xmlns%3D'http%3A%2F%2Fwww.w3.org%2F2000%2Fsvg' viewBox%3D'0 0 300 190'%2F%3E\" data-src=\"https:\/\/oxiplant.com\/wp-content\/uploads\/2025\/11\/iso-1090-2.jpg\" width=\"300\" height=\"190\" alt=\"\"\/><\/div><\/a><\/div><\/div><\/div>[\/vc_column][vc_column width=\u00a0\u00bb1\/6&Prime; css=\u00a0\u00bb.vc_custom_1764283634822{margin-top: 15px !important;}\u00a0\u00bb]<div  class=\"wpb_content_element   clearfix\"><style type=\"text\/css\">#ut_am_69e362d6c16cf { opacity: 1; }#ut_am_wrap_69e362d6c16d2 .ut-image-gallery-item-caption-title h3 { color: #ffffff; }#ut_am_wrap_69e362d6c16d2 .ut-image-gallery-item-caption-title-style-2 h3 { color: #ffffff; }#ut_am_wrap_69e362d6c16d2 .ut-image-gallery-item-caption-title h3 { letter-spacing: 0em; }#ut_am_wrap_69e362d6c16d2 .ut-gallery-slider-caption { font-weight: bold; }#ut_am_wrap_69e362d6c16d2 { text-align: center; }@media (min-width: 768px) and (max-width: 1024px) { #ut_am_wrap_69e362d6c16d2 { text-align: center !important; } }@media (max-width: 767px) { #ut_am_wrap_69e362d6c16d2 { text-align: center !important; } }<\/style><div id=\"ut_am_wrap_69e362d6c16d2\" class=\"ut-image-gallery-image ani_zoom\"><div id=\"ut_reveal_69e362d6c16d3\"  data-appear-top-offset=\"auto\" class=\"ut-animated-image-item ut-image-gallery-item ut-animation-done \"><a target=\"_blank\" href=\"https:\/\/oxiplant.com\/new2\/wp-content\/uploads\/2025\/11\/0038343-QMS-SPAES-UKAS.pdf\" rel=\"nofollow\"><div class=\"ut-animated-image-zoom\"><img loading=\"lazy\" decoding=\"async\" class=\"ut-lazy skip-lazy ut-animated-image \"  id=\"ut_am_69e362d6c16cf\" src=\"data:image\/svg+xml;charset=utf-8,%3Csvg xmlns%3D'http%3A%2F%2Fwww.w3.org%2F2000%2Fsvg' viewBox%3D'0 0 300 190'%2F%3E\" data-src=\"https:\/\/oxiplant.com\/wp-content\/uploads\/2025\/10\/calidad-2.webp\" width=\"300\" height=\"190\" alt=\"\"\/><\/div><\/a><\/div><\/div><\/div>[\/vc_column][vc_column width=\u00a0\u00bb1\/6&Prime; css=\u00a0\u00bb.vc_custom_1764283649688{margin-top: 15px !important;}\u00a0\u00bb]<div  class=\"wpb_content_element   clearfix\"><style type=\"text\/css\">#ut_am_69e362d6c201f { opacity: 1; }#ut_am_wrap_69e362d6c2022 .ut-image-gallery-item-caption-title h3 { color: #ffffff; }#ut_am_wrap_69e362d6c2022 .ut-image-gallery-item-caption-title-style-2 h3 { color: #ffffff; }#ut_am_wrap_69e362d6c2022 .ut-image-gallery-item-caption-title h3 { letter-spacing: 0em; }#ut_am_wrap_69e362d6c2022 .ut-gallery-slider-caption { font-weight: bold; }#ut_am_wrap_69e362d6c2022 { text-align: center; }@media (min-width: 768px) and (max-width: 1024px) { #ut_am_wrap_69e362d6c2022 { text-align: center !important; } }@media (max-width: 767px) { #ut_am_wrap_69e362d6c2022 { text-align: center !important; } }<\/style><div id=\"ut_am_wrap_69e362d6c2022\" class=\"ut-image-gallery-image ani_zoom\"><div id=\"ut_reveal_69e362d6c2023\"  data-appear-top-offset=\"auto\" class=\"ut-animated-image-item ut-image-gallery-item ut-animation-done \"><a target=\"_blank\" href=\"https:\/\/oxiplant.com\/new2\/wp-content\/uploads\/2025\/11\/00016995-EMS-SPAES-UKAS.pdf\" rel=\"nofollow\"><div class=\"ut-animated-image-zoom\"><img loading=\"lazy\" decoding=\"async\" class=\"ut-lazy skip-lazy ut-animated-image \"  id=\"ut_am_69e362d6c201f\" src=\"data:image\/svg+xml;charset=utf-8,%3Csvg xmlns%3D'http%3A%2F%2Fwww.w3.org%2F2000%2Fsvg' viewBox%3D'0 0 300 193'%2F%3E\" data-src=\"https:\/\/oxiplant.com\/wp-content\/uploads\/2025\/10\/medioambiente.webp\" width=\"300\" height=\"193\" alt=\"\"\/><\/div><\/a><\/div><\/div><\/div>[\/vc_column][vc_column width=\u00a0\u00bb1\/6&Prime; css=\u00a0\u00bb.vc_custom_1764283665569{margin-top: 15px !important;}\u00a0\u00bb]<div  class=\"wpb_content_element   clearfix\"><style type=\"text\/css\">#ut_am_69e362d6c2bc1 { opacity: 1; }#ut_am_wrap_69e362d6c2bc5 .ut-image-gallery-item-caption-title h3 { color: #ffffff; }#ut_am_wrap_69e362d6c2bc5 .ut-image-gallery-item-caption-title-style-2 h3 { color: #ffffff; }#ut_am_wrap_69e362d6c2bc5 .ut-image-gallery-item-caption-title h3 { letter-spacing: 0em; }#ut_am_wrap_69e362d6c2bc5 .ut-gallery-slider-caption { font-weight: bold; }#ut_am_wrap_69e362d6c2bc5 { text-align: center; }@media (min-width: 768px) and (max-width: 1024px) { #ut_am_wrap_69e362d6c2bc5 { text-align: center !important; } }@media (max-width: 767px) { #ut_am_wrap_69e362d6c2bc5 { text-align: center !important; } }<\/style><div id=\"ut_am_wrap_69e362d6c2bc5\" class=\"ut-image-gallery-image ani_zoom\"><div id=\"ut_reveal_69e362d6c2bc6\"  data-appear-top-offset=\"auto\" class=\"ut-animated-image-item ut-image-gallery-item ut-animation-done \"><a target=\"_blank\" href=\"https:\/\/oxiplant.com\/new2\/wp-content\/uploads\/2025\/11\/OXIP_Cert-3834-R2-1Sep25-SPA.pdf\" rel=\"nofollow\"><div class=\"ut-animated-image-zoom\"><img loading=\"lazy\" decoding=\"async\" class=\"ut-lazy skip-lazy ut-animated-image \"  id=\"ut_am_69e362d6c2bc1\" src=\"data:image\/svg+xml;charset=utf-8,%3Csvg xmlns%3D'http%3A%2F%2Fwww.w3.org%2F2000%2Fsvg' viewBox%3D'0 0 300 190'%2F%3E\" data-src=\"https:\/\/oxiplant.com\/wp-content\/uploads\/2025\/11\/iso-3834.jpg\" width=\"300\" height=\"190\" alt=\"\"\/><\/div><\/a><\/div><\/div><\/div>[\/vc_column][vc_column width=\u00a0\u00bb1\/6&Prime; css=\u00a0\u00bb.vc_custom_1764283681323{margin-top: 15px !important;}\u00a0\u00bb]<div  class=\"wpb_content_element   clearfix\"><style type=\"text\/css\">#ut_am_69e362d6c3980 { opacity: 1; }#ut_am_wrap_69e362d6c3984 .ut-image-gallery-item-caption-title h3 { color: #ffffff; }#ut_am_wrap_69e362d6c3984 .ut-image-gallery-item-caption-title-style-2 h3 { color: #ffffff; }#ut_am_wrap_69e362d6c3984 .ut-image-gallery-item-caption-title h3 { letter-spacing: 0em; }#ut_am_wrap_69e362d6c3984 .ut-gallery-slider-caption { font-weight: bold; }#ut_am_wrap_69e362d6c3984 { text-align: center; }@media (min-width: 768px) and (max-width: 1024px) { #ut_am_wrap_69e362d6c3984 { text-align: center !important; } }@media (max-width: 767px) { #ut_am_wrap_69e362d6c3984 { text-align: center !important; } }<\/style><div id=\"ut_am_wrap_69e362d6c3984\" class=\"ut-image-gallery-image ani_zoom\"><div id=\"ut_reveal_69e362d6c3985\"  data-appear-top-offset=\"auto\" class=\"ut-animated-image-item ut-image-gallery-item ut-animation-done \"><a target=\"_blank\" href=\"https:\/\/www.bureauveritas.dk\/en\/our-market\/apqp4wind?utm_source=google&#038;utm_medium=cpc&#038;gad_source=1&#038;gad_campaignid=1676330063&#038;gbraid=0AAAAAD28T32t2hKEXcw7JcM30Vaxr40iY&#038;gclid=CjwKCAiA55rJBhByEiwAFkY1QG0iBDQRekciHH0dIgsblVqHdnIgnglPMpL_zGsBaOnpgxHvH1W7aBoCFQQQAvD_BwE\" rel=\"nofollow\"><div class=\"ut-animated-image-zoom\"><img loading=\"lazy\" decoding=\"async\" class=\"ut-lazy skip-lazy ut-animated-image \"  id=\"ut_am_69e362d6c3980\" src=\"data:image\/svg+xml;charset=utf-8,%3Csvg xmlns%3D'http%3A%2F%2Fwww.w3.org%2F2000%2Fsvg' viewBox%3D'0 0 300 190'%2F%3E\" data-src=\"https:\/\/oxiplant.com\/wp-content\/uploads\/2025\/10\/apqp.jpg\" width=\"300\" height=\"190\" alt=\"\"\/><\/div><\/a><\/div><\/div><\/div>[\/vc_column][vc_column width=\u00a0\u00bb1\/6&Prime; css=\u00a0\u00bb.vc_custom_1764283694488{margin-top: 15px !important;}\u00a0\u00bb]<div  class=\"wpb_content_element   clearfix\"><style type=\"text\/css\">#ut_am_69e362d6c4b4f { opacity: 1; }#ut_am_wrap_69e362d6c4b52 .ut-image-gallery-item-caption-title h3 { color: #ffffff; }#ut_am_wrap_69e362d6c4b52 .ut-image-gallery-item-caption-title-style-2 h3 { color: #ffffff; }#ut_am_wrap_69e362d6c4b52 .ut-image-gallery-item-caption-title h3 { letter-spacing: 0em; }#ut_am_wrap_69e362d6c4b52 .ut-gallery-slider-caption { font-weight: bold; }#ut_am_wrap_69e362d6c4b52 { text-align: center; }@media (min-width: 768px) and (max-width: 1024px) { #ut_am_wrap_69e362d6c4b52 { text-align: center !important; } }@media (max-width: 767px) { #ut_am_wrap_69e362d6c4b52 { text-align: center !important; } }<\/style><div id=\"ut_am_wrap_69e362d6c4b52\" class=\"ut-image-gallery-image ani_zoom\"><div id=\"ut_reveal_69e362d6c4b54\"  data-appear-top-offset=\"auto\" class=\"ut-animated-image-item ut-image-gallery-item ut-animation-done \"><a target=\"_blank\" href=\"https:\/\/ecovadis.com\/es\/\" rel=\"nofollow\"><div class=\"ut-animated-image-zoom\"><img decoding=\"async\" class=\"ut-lazy skip-lazy ut-animated-image \"  id=\"ut_am_69e362d6c4b4f\" src=\"data:image\/svg+xml;charset=utf-8,%3Csvg xmlns%3D'http%3A%2F%2Fwww.w3.org%2F2000%2Fsvg' viewBox%3D'0 0 118px 600'%2F%3E\" data-src=\"https:\/\/oxiplant.com\/wp-content\/uploads\/2025\/10\/reco-1.webp\" width=\"118px\" height=\"\" alt=\"\"\/><\/div><\/a><\/div><\/div><\/div>[\/vc_column][\/vc_row][\/vc_section]<\/p>\n<\/div>","protected":false},"excerpt":{"rendered":"<p>[vc_section][vc_row content_placement=\u00a0\u00bbmiddle\u00a0\u00bb css=\u00a0\u00bb.vc_custom_1765486870981{margin-bottom: 0px !important;}\u00a0\u00bb][vc_column width=\u00a0\u00bb1\/2&Prime;][vc_column_text]Nos 4 machines de d\u00e9coupe laser permettent non seulement de d\u00e9couper des longueurs allant jusqu&rsquo;\u00e0 16 m\u00e8tres et des \u00e9paisseurs allant jusqu&rsquo;\u00e0 25 mm, mais aussi de r\u00e9aliser le biseautage directement sur la machine, garantissant ainsi une pr\u00e9cision optimale. La d\u00e9coupe plasma haute d\u00e9finition permet d&rsquo;obtenir des chanfreins pr\u00e9cis sur [&hellip;]<\/p>\n","protected":false},"author":1,"featured_media":0,"parent":0,"menu_order":0,"comment_status":"closed","ping_status":"closed","template":"","meta":{"footnotes":""},"class_list":["post-7639","page","type-page","status-publish","hentry"],"acf":[],"yoast_head":"<!-- This site is optimized with the Yoast SEO plugin v27.1.1 - https:\/\/yoast.com\/product\/yoast-seo-wordpress\/ -->\n<title>Coupe de t\u00f4le - Oxiplant<\/title>\n<meta name=\"robots\" content=\"index, follow, max-snippet:-1, max-image-preview:large, max-video-preview:-1\" \/>\n<link rel=\"canonical\" href=\"https:\/\/oxiplant.com\/fr\/coupe-de-tole\/\" \/>\n<meta property=\"og:locale\" content=\"fr_FR\" \/>\n<meta property=\"og:type\" content=\"article\" \/>\n<meta property=\"og:title\" content=\"Coupe de t\u00f4le - Oxiplant\" \/>\n<meta property=\"og:description\" content=\"[vc_section][vc_row content_placement=\u00a0\u00bbmiddle\u00a0\u00bb css=\u00a0\u00bb.vc_custom_1765486870981{margin-bottom: 0px !important;}\u00a0\u00bb][vc_column width=\u00a0\u00bb1\/2&Prime;][vc_column_text]Nos 4 machines de d\u00e9coupe laser permettent non seulement de d\u00e9couper des longueurs allant jusqu&rsquo;\u00e0 16 m\u00e8tres et des \u00e9paisseurs allant jusqu&rsquo;\u00e0 25 mm, mais aussi de r\u00e9aliser le biseautage directement sur la machine, garantissant ainsi une pr\u00e9cision optimale. La d\u00e9coupe plasma haute d\u00e9finition permet d&rsquo;obtenir des chanfreins pr\u00e9cis sur [&hellip;]\" \/>\n<meta property=\"og:url\" content=\"https:\/\/oxiplant.com\/fr\/coupe-de-tole\/\" \/>\n<meta property=\"og:site_name\" content=\"Oxiplant\" \/>\n<meta property=\"article:modified_time\" content=\"2026-03-26T14:40:51+00:00\" \/>\n<meta name=\"twitter:card\" content=\"summary_large_image\" \/>\n<meta name=\"twitter:label1\" content=\"Dur\u00e9e de lecture estim\u00e9e\" \/>\n\t<meta name=\"twitter:data1\" content=\"11 minutes\" \/>\n<script type=\"application\/ld+json\" class=\"yoast-schema-graph\">{\"@context\":\"https:\/\/schema.org\",\"@graph\":[{\"@type\":\"WebPage\",\"@id\":\"https:\/\/oxiplant.com\/fr\/coupe-de-tole\/\",\"url\":\"https:\/\/oxiplant.com\/fr\/coupe-de-tole\/\",\"name\":\"Coupe de t\u00f4le - Oxiplant\",\"isPartOf\":{\"@id\":\"https:\/\/oxiplant.com\/fr\/#website\"},\"datePublished\":\"2025-10-14T23:56:51+00:00\",\"dateModified\":\"2026-03-26T14:40:51+00:00\",\"breadcrumb\":{\"@id\":\"https:\/\/oxiplant.com\/fr\/coupe-de-tole\/#breadcrumb\"},\"inLanguage\":\"fr-FR\",\"potentialAction\":[{\"@type\":\"ReadAction\",\"target\":[\"https:\/\/oxiplant.com\/fr\/coupe-de-tole\/\"]}]},{\"@type\":\"BreadcrumbList\",\"@id\":\"https:\/\/oxiplant.com\/fr\/coupe-de-tole\/#breadcrumb\",\"itemListElement\":[{\"@type\":\"ListItem\",\"position\":1,\"name\":\"Portada\",\"item\":\"https:\/\/oxiplant.com\/fr\/\"},{\"@type\":\"ListItem\",\"position\":2,\"name\":\"Coupe de t\u00f4le\"}]},{\"@type\":\"WebSite\",\"@id\":\"https:\/\/oxiplant.com\/fr\/#website\",\"url\":\"https:\/\/oxiplant.com\/fr\/\",\"name\":\"Oxiplant\",\"description\":\"\",\"potentialAction\":[{\"@type\":\"SearchAction\",\"target\":{\"@type\":\"EntryPoint\",\"urlTemplate\":\"https:\/\/oxiplant.com\/fr\/?s={search_term_string}\"},\"query-input\":{\"@type\":\"PropertyValueSpecification\",\"valueRequired\":true,\"valueName\":\"search_term_string\"}}],\"inLanguage\":\"fr-FR\"}]}<\/script>\n<!-- \/ Yoast SEO plugin. -->","yoast_head_json":{"title":"Coupe de t\u00f4le - Oxiplant","robots":{"index":"index","follow":"follow","max-snippet":"max-snippet:-1","max-image-preview":"max-image-preview:large","max-video-preview":"max-video-preview:-1"},"canonical":"https:\/\/oxiplant.com\/fr\/coupe-de-tole\/","og_locale":"fr_FR","og_type":"article","og_title":"Coupe de t\u00f4le - Oxiplant","og_description":"[vc_section][vc_row content_placement=\u00a0\u00bbmiddle\u00a0\u00bb css=\u00a0\u00bb.vc_custom_1765486870981{margin-bottom: 0px !important;}\u00a0\u00bb][vc_column width=\u00a0\u00bb1\/2&Prime;][vc_column_text]Nos 4 machines de d\u00e9coupe laser permettent non seulement de d\u00e9couper des longueurs allant jusqu&rsquo;\u00e0 16 m\u00e8tres et des \u00e9paisseurs allant jusqu&rsquo;\u00e0 25 mm, mais aussi de r\u00e9aliser le biseautage directement sur la machine, garantissant ainsi une pr\u00e9cision optimale. La d\u00e9coupe plasma haute d\u00e9finition permet d&rsquo;obtenir des chanfreins pr\u00e9cis sur [&hellip;]","og_url":"https:\/\/oxiplant.com\/fr\/coupe-de-tole\/","og_site_name":"Oxiplant","article_modified_time":"2026-03-26T14:40:51+00:00","twitter_card":"summary_large_image","twitter_misc":{"Dur\u00e9e de lecture estim\u00e9e":"11 minutes"},"schema":{"@context":"https:\/\/schema.org","@graph":[{"@type":"WebPage","@id":"https:\/\/oxiplant.com\/fr\/coupe-de-tole\/","url":"https:\/\/oxiplant.com\/fr\/coupe-de-tole\/","name":"Coupe de t\u00f4le - Oxiplant","isPartOf":{"@id":"https:\/\/oxiplant.com\/fr\/#website"},"datePublished":"2025-10-14T23:56:51+00:00","dateModified":"2026-03-26T14:40:51+00:00","breadcrumb":{"@id":"https:\/\/oxiplant.com\/fr\/coupe-de-tole\/#breadcrumb"},"inLanguage":"fr-FR","potentialAction":[{"@type":"ReadAction","target":["https:\/\/oxiplant.com\/fr\/coupe-de-tole\/"]}]},{"@type":"BreadcrumbList","@id":"https:\/\/oxiplant.com\/fr\/coupe-de-tole\/#breadcrumb","itemListElement":[{"@type":"ListItem","position":1,"name":"Portada","item":"https:\/\/oxiplant.com\/fr\/"},{"@type":"ListItem","position":2,"name":"Coupe de t\u00f4le"}]},{"@type":"WebSite","@id":"https:\/\/oxiplant.com\/fr\/#website","url":"https:\/\/oxiplant.com\/fr\/","name":"Oxiplant","description":"","potentialAction":[{"@type":"SearchAction","target":{"@type":"EntryPoint","urlTemplate":"https:\/\/oxiplant.com\/fr\/?s={search_term_string}"},"query-input":{"@type":"PropertyValueSpecification","valueRequired":true,"valueName":"search_term_string"}}],"inLanguage":"fr-FR"}]}},"_links":{"self":[{"href":"https:\/\/oxiplant.com\/fr\/wp-json\/wp\/v2\/pages\/7639","targetHints":{"allow":["GET"]}}],"collection":[{"href":"https:\/\/oxiplant.com\/fr\/wp-json\/wp\/v2\/pages"}],"about":[{"href":"https:\/\/oxiplant.com\/fr\/wp-json\/wp\/v2\/types\/page"}],"author":[{"embeddable":true,"href":"https:\/\/oxiplant.com\/fr\/wp-json\/wp\/v2\/users\/1"}],"replies":[{"embeddable":true,"href":"https:\/\/oxiplant.com\/fr\/wp-json\/wp\/v2\/comments?post=7639"}],"version-history":[{"count":2,"href":"https:\/\/oxiplant.com\/fr\/wp-json\/wp\/v2\/pages\/7639\/revisions"}],"predecessor-version":[{"id":8095,"href":"https:\/\/oxiplant.com\/fr\/wp-json\/wp\/v2\/pages\/7639\/revisions\/8095"}],"wp:attachment":[{"href":"https:\/\/oxiplant.com\/fr\/wp-json\/wp\/v2\/media?parent=7639"}],"curies":[{"name":"wp","href":"https:\/\/api.w.org\/{rel}","templated":true}]}}