{"id":7649,"date":"2025-10-15T06:59:01","date_gmt":"2025-10-15T04:59:01","guid":{"rendered":"https:\/\/oxiplant.com\/new2\/coupe-tube\/"},"modified":"2026-03-26T15:59:08","modified_gmt":"2026-03-26T14:59:08","slug":"coupe-tube","status":"publish","type":"page","link":"https:\/\/oxiplant.com\/fr\/coupe-tube\/","title":{"rendered":"Coupe tube"},"content":{"rendered":"<div class=\"wpb-content-wrapper\"><p>[vc_section][vc_row content_placement=\u00a0\u00bbmiddle\u00a0\u00bb css=\u00a0\u00bb.vc_custom_1765487011651{margin-bottom: 0px !important;}\u00a0\u00bb][vc_column width=\u00a0\u00bb1\/2&Prime;][vc_column_text]Gr\u00e2ce \u00e0 la technologie <strong>laser et plasma haute d\u00e9finition<\/strong>, nous offrons une d\u00e9coupe de tubes d&rsquo;une pr\u00e9cision sup\u00e9rieure.<\/p>\n<p>Notre <strong>laser d\u00e9coupe des tubes jusqu&rsquo;\u00e0 6 500 mm de longueur et 6,5 mm d&rsquo;\u00e9paisseur<\/strong>, garantissant une g\u00e9om\u00e9trie nette et une finition optimale, m\u00eame sur des pi\u00e8ces complexes.<\/p>\n<p>Notre plasma traite des tubes jusqu&rsquo;\u00e0 12 000 mm et 25 mm d&rsquo;\u00e9paisseur, garantissant des r\u00e9sultats de haute qualit\u00e9 et une grande stabilit\u00e9 du processus.<\/p>\n<p>De plus, nos \u00e9quipements permettent d&rsquo;effectuer des op\u00e9rations int\u00e9gr\u00e9es telles que le <strong>chanfreinage, le per\u00e7age et le filetage<\/strong>, ce qui r\u00e9duit consid\u00e9rablement les d\u00e9lais lors des \u00e9tapes ult\u00e9rieures et \u00e9vite le recours \u00e0 des usinages suppl\u00e9mentaires. Cela nous permet de livrer des pi\u00e8ces plus compl\u00e8tes, plus pr\u00e9cises et pr\u00eates \u00e0 passer aux phases suivantes du projet.[\/vc_column_text][\/vc_column][vc_column width=\u00a0\u00bb1\/2&Prime;]<div  class=\"wpb_content_element   clearfix\"><style type=\"text\/css\">#ut_am_69e361c3beece { opacity: 1; }#ut_am_wrap_69e361c3beed0 img,#ut_am_wrap_69e361c3beed0 .ut-image-gallery-image-caption,#ut_am_wrap_69e361c3beed0 .ut-box-shadow-container,#ut_am_wrap_69e361c3beed0 .ut-box-shadow-container-inner,#ut_am_wrap_69e361c3beed0 .ut-block-revealer-element-container,#ut_am_wrap_69e361c3beed0 .ut-animated-image-zoom { -webkit-border-radius: 9px; -moz-border-radius: 9px; border-radius: 9px; }#ut_am_wrap_69e361c3beed0 .ut-image-gallery-item-caption-title h3 { letter-spacing: 0em; }#ut_am_wrap_69e361c3beed0 .ut-gallery-slider-caption { color: #999999; }#ut_am_wrap_69e361c3beed0 .ut-gallery-slider-caption { font-weight: normal; }#ut_am_wrap_69e361c3beed0 { text-align: right; }@media (min-width: 768px) and (max-width: 1024px) { #ut_am_wrap_69e361c3beed0 { text-align: right !important; } }@media (max-width: 767px) { #ut_am_wrap_69e361c3beed0 { text-align: center !important; } }<\/style><div id=\"ut_am_wrap_69e361c3beed0\" class=\"ut-image-gallery-image \"><div id=\"ut_reveal_69e361c3beed2\"  data-appear-top-offset=\"auto\" class=\"ut-animated-image-item ut-image-gallery-item ut-animation-done \"><a class=\"ut-deactivated-link\" href=\"#\"><div class=\"ut-animated-image-zoom\"><img loading=\"lazy\" decoding=\"async\" class=\"ut-lazy skip-lazy ut-animated-image \"  id=\"ut_am_69e361c3beece\" src=\"data:image\/svg+xml;charset=utf-8,%3Csvg xmlns%3D'http%3A%2F%2Fwww.w3.org%2F2000%2Fsvg' viewBox%3D'0 0 1600 987'%2F%3E\" data-src=\"https:\/\/oxiplant.com\/wp-content\/uploads\/2025\/11\/corte-tubo-5.jpg\" width=\"1600\" height=\"987\" alt=\"\"\/><\/div><\/a><\/div><\/div><\/div>[\/vc_column][\/vc_row][\/vc_section][vc_section css=\u00a0\u00bb.vc_custom_1764279907549{margin-bottom: 0px !important;background-color: #eeeeee !important;}\u00a0\u00bb][vc_row full_width=\u00a0\u00bbstretch_row_content\u00a0\u00bb css=\u00a0\u00bb.vc_custom_1764279945138{margin-bottom: 80px !important;}\u00a0\u00bb][vc_column width=\u00a0\u00bb1\/2&Prime;]<div  class=\"wpb_content_element   clearfix\"><style type=\"text\/css\">#ut_am_69e361c3bf7fd { opacity: 1; }#ut_am_wrap_69e361c3bf7fe .ut-image-gallery-item-caption-title h3 { letter-spacing: 0em; }#ut_am_wrap_69e361c3bf7fe .ut-gallery-slider-caption { font-weight: bold; }#ut_am_wrap_69e361c3bf7fe { text-align: left; }@media (min-width: 768px) and (max-width: 1024px) { #ut_am_wrap_69e361c3bf7fe { text-align: left !important; } }@media (max-width: 767px) { #ut_am_wrap_69e361c3bf7fe { text-align: center !important; } }<\/style><div id=\"ut_am_wrap_69e361c3bf7fe\" class=\"ut-image-gallery-image ani_zoom\"><div id=\"ut_reveal_69e361c3bf7ff\"  data-appear-top-offset=\"auto\" class=\"ut-animated-image-item ut-image-gallery-item ut-animation-done \"><a class=\"ut-deactivated-link\" href=\"#\"><div class=\"ut-animated-image-zoom\"><img loading=\"lazy\" decoding=\"async\" class=\"ut-lazy skip-lazy ut-animated-image \"  id=\"ut_am_69e361c3bf7fd\" src=\"data:image\/svg+xml;charset=utf-8,%3Csvg xmlns%3D'http%3A%2F%2Fwww.w3.org%2F2000%2Fsvg' viewBox%3D'0 0 1367 564'%2F%3E\" data-src=\"https:\/\/oxiplant.com\/wp-content\/uploads\/2026\/03\/servi-corte-laser-tubo-fr.jpg\" width=\"1367\" height=\"564\" alt=\"\"\/><\/div><\/a><\/div><\/div><\/div>[\/vc_column][vc_column width=\u00a0\u00bb1\/2&Prime;]<div  class=\"wpb_content_element   clearfix\"><style type=\"text\/css\">#ut_am_69e361c3bfea5 { opacity: 1; }#ut_am_wrap_69e361c3bfea7 .ut-image-gallery-item-caption-title h3 { letter-spacing: 0em; }#ut_am_wrap_69e361c3bfea7 .ut-gallery-slider-caption { font-weight: bold; }#ut_am_wrap_69e361c3bfea7 { text-align: left; }@media (min-width: 768px) and (max-width: 1024px) { #ut_am_wrap_69e361c3bfea7 { text-align: left !important; } }@media (max-width: 767px) { #ut_am_wrap_69e361c3bfea7 { text-align: center !important; } }<\/style><div id=\"ut_am_wrap_69e361c3bfea7\" class=\"ut-image-gallery-image ani_zoom\"><div id=\"ut_reveal_69e361c3bfea8\"  data-appear-top-offset=\"auto\" class=\"ut-animated-image-item ut-image-gallery-item ut-animation-done \"><a class=\"ut-deactivated-link\" href=\"#\"><div class=\"ut-animated-image-zoom\"><img loading=\"lazy\" decoding=\"async\" class=\"ut-lazy skip-lazy ut-animated-image \"  id=\"ut_am_69e361c3bfea5\" src=\"data:image\/svg+xml;charset=utf-8,%3Csvg xmlns%3D'http%3A%2F%2Fwww.w3.org%2F2000%2Fsvg' viewBox%3D'0 0 1367 564'%2F%3E\" data-src=\"https:\/\/oxiplant.com\/wp-content\/uploads\/2026\/03\/servi-corte-plasma-tubo-fr.jpg\" width=\"1367\" height=\"564\" alt=\"\"\/><\/div><\/a><\/div><\/div><\/div>[\/vc_column][\/vc_row][\/vc_section][vc_section][vc_row][vc_column width=\u00a0\u00bb1\/6&Prime; css=\u00a0\u00bb.vc_custom_1764283621195{margin-top: 15px !important;}\u00a0\u00bb]<div  class=\"wpb_content_element   clearfix\"><style type=\"text\/css\">#ut_am_69e361c3c072b { opacity: 1; }#ut_am_wrap_69e361c3c072d .ut-image-gallery-item-caption-title h3 { color: #ffffff; }#ut_am_wrap_69e361c3c072d .ut-image-gallery-item-caption-title-style-2 h3 { color: #ffffff; }#ut_am_wrap_69e361c3c072d .ut-image-gallery-item-caption-title h3 { letter-spacing: 0em; }#ut_am_wrap_69e361c3c072d .ut-gallery-slider-caption { font-weight: bold; }#ut_am_wrap_69e361c3c072d { text-align: center; }@media (min-width: 768px) and (max-width: 1024px) { #ut_am_wrap_69e361c3c072d { text-align: center !important; } }@media (max-width: 767px) { #ut_am_wrap_69e361c3c072d { text-align: center !important; } }<\/style><div id=\"ut_am_wrap_69e361c3c072d\" class=\"ut-image-gallery-image ani_zoom\"><div id=\"ut_reveal_69e361c3c072e\"  data-appear-top-offset=\"auto\" class=\"ut-animated-image-item ut-image-gallery-item ut-animation-done \"><a target=\"_blank\" href=\"https:\/\/oxiplant.com\/new2\/wp-content\/uploads\/2025\/11\/OXIP_0094-CPR-MAD-20160126-SPA_Iss04-9Jun25-FPC-cer-EN1090.pdf\" rel=\"nofollow\"><div class=\"ut-animated-image-zoom\"><img loading=\"lazy\" decoding=\"async\" class=\"ut-lazy skip-lazy ut-animated-image \"  id=\"ut_am_69e361c3c072b\" src=\"data:image\/svg+xml;charset=utf-8,%3Csvg xmlns%3D'http%3A%2F%2Fwww.w3.org%2F2000%2Fsvg' viewBox%3D'0 0 300 190'%2F%3E\" data-src=\"https:\/\/oxiplant.com\/wp-content\/uploads\/2025\/11\/iso-1090-2.jpg\" width=\"300\" height=\"190\" alt=\"\"\/><\/div><\/a><\/div><\/div><\/div>[\/vc_column][vc_column width=\u00a0\u00bb1\/6&Prime; css=\u00a0\u00bb.vc_custom_1764283634822{margin-top: 15px !important;}\u00a0\u00bb]<div  class=\"wpb_content_element   clearfix\"><style type=\"text\/css\">#ut_am_69e361c3c1122 { opacity: 1; }#ut_am_wrap_69e361c3c1124 .ut-image-gallery-item-caption-title h3 { color: #ffffff; }#ut_am_wrap_69e361c3c1124 .ut-image-gallery-item-caption-title-style-2 h3 { color: #ffffff; }#ut_am_wrap_69e361c3c1124 .ut-image-gallery-item-caption-title h3 { letter-spacing: 0em; }#ut_am_wrap_69e361c3c1124 .ut-gallery-slider-caption { font-weight: bold; }#ut_am_wrap_69e361c3c1124 { text-align: center; }@media (min-width: 768px) and (max-width: 1024px) { #ut_am_wrap_69e361c3c1124 { text-align: center !important; } }@media (max-width: 767px) { #ut_am_wrap_69e361c3c1124 { text-align: center !important; } }<\/style><div id=\"ut_am_wrap_69e361c3c1124\" class=\"ut-image-gallery-image ani_zoom\"><div id=\"ut_reveal_69e361c3c1125\"  data-appear-top-offset=\"auto\" class=\"ut-animated-image-item ut-image-gallery-item ut-animation-done \"><a target=\"_blank\" href=\"https:\/\/oxiplant.com\/new2\/wp-content\/uploads\/2025\/11\/0038343-QMS-SPAES-UKAS.pdf\" rel=\"nofollow\"><div class=\"ut-animated-image-zoom\"><img loading=\"lazy\" decoding=\"async\" class=\"ut-lazy skip-lazy ut-animated-image \"  id=\"ut_am_69e361c3c1122\" src=\"data:image\/svg+xml;charset=utf-8,%3Csvg xmlns%3D'http%3A%2F%2Fwww.w3.org%2F2000%2Fsvg' viewBox%3D'0 0 300 190'%2F%3E\" data-src=\"https:\/\/oxiplant.com\/wp-content\/uploads\/2025\/10\/calidad-2.webp\" width=\"300\" height=\"190\" alt=\"\"\/><\/div><\/a><\/div><\/div><\/div>[\/vc_column][vc_column width=\u00a0\u00bb1\/6&Prime; css=\u00a0\u00bb.vc_custom_1764283649688{margin-top: 15px !important;}\u00a0\u00bb]<div  class=\"wpb_content_element   clearfix\"><style type=\"text\/css\">#ut_am_69e361c3c1ad8 { opacity: 1; }#ut_am_wrap_69e361c3c1ada .ut-image-gallery-item-caption-title h3 { color: #ffffff; }#ut_am_wrap_69e361c3c1ada .ut-image-gallery-item-caption-title-style-2 h3 { color: #ffffff; }#ut_am_wrap_69e361c3c1ada .ut-image-gallery-item-caption-title h3 { letter-spacing: 0em; }#ut_am_wrap_69e361c3c1ada .ut-gallery-slider-caption { font-weight: bold; }#ut_am_wrap_69e361c3c1ada { text-align: center; }@media (min-width: 768px) and (max-width: 1024px) { #ut_am_wrap_69e361c3c1ada { text-align: center !important; } }@media (max-width: 767px) { #ut_am_wrap_69e361c3c1ada { text-align: center !important; } }<\/style><div id=\"ut_am_wrap_69e361c3c1ada\" class=\"ut-image-gallery-image ani_zoom\"><div id=\"ut_reveal_69e361c3c1adb\"  data-appear-top-offset=\"auto\" class=\"ut-animated-image-item ut-image-gallery-item ut-animation-done \"><a target=\"_blank\" href=\"https:\/\/oxiplant.com\/new2\/wp-content\/uploads\/2025\/11\/00016995-EMS-SPAES-UKAS.pdf\" rel=\"nofollow\"><div class=\"ut-animated-image-zoom\"><img loading=\"lazy\" decoding=\"async\" class=\"ut-lazy skip-lazy ut-animated-image \"  id=\"ut_am_69e361c3c1ad8\" src=\"data:image\/svg+xml;charset=utf-8,%3Csvg xmlns%3D'http%3A%2F%2Fwww.w3.org%2F2000%2Fsvg' viewBox%3D'0 0 300 193'%2F%3E\" data-src=\"https:\/\/oxiplant.com\/wp-content\/uploads\/2025\/10\/medioambiente.webp\" width=\"300\" height=\"193\" alt=\"\"\/><\/div><\/a><\/div><\/div><\/div>[\/vc_column][vc_column width=\u00a0\u00bb1\/6&Prime; css=\u00a0\u00bb.vc_custom_1764283665569{margin-top: 15px !important;}\u00a0\u00bb]<div  class=\"wpb_content_element   clearfix\"><style type=\"text\/css\">#ut_am_69e361c3c25fd { opacity: 1; }#ut_am_wrap_69e361c3c25ff .ut-image-gallery-item-caption-title h3 { color: #ffffff; }#ut_am_wrap_69e361c3c25ff .ut-image-gallery-item-caption-title-style-2 h3 { color: #ffffff; }#ut_am_wrap_69e361c3c25ff .ut-image-gallery-item-caption-title h3 { letter-spacing: 0em; }#ut_am_wrap_69e361c3c25ff .ut-gallery-slider-caption { font-weight: bold; }#ut_am_wrap_69e361c3c25ff { text-align: center; }@media (min-width: 768px) and (max-width: 1024px) { #ut_am_wrap_69e361c3c25ff { text-align: center !important; } }@media (max-width: 767px) { #ut_am_wrap_69e361c3c25ff { text-align: center !important; } }<\/style><div id=\"ut_am_wrap_69e361c3c25ff\" class=\"ut-image-gallery-image ani_zoom\"><div id=\"ut_reveal_69e361c3c2601\"  data-appear-top-offset=\"auto\" class=\"ut-animated-image-item ut-image-gallery-item ut-animation-done \"><a target=\"_blank\" href=\"https:\/\/oxiplant.com\/new2\/wp-content\/uploads\/2025\/11\/OXIP_Cert-3834-R2-1Sep25-SPA.pdf\" rel=\"nofollow\"><div class=\"ut-animated-image-zoom\"><img loading=\"lazy\" decoding=\"async\" class=\"ut-lazy skip-lazy ut-animated-image \"  id=\"ut_am_69e361c3c25fd\" src=\"data:image\/svg+xml;charset=utf-8,%3Csvg xmlns%3D'http%3A%2F%2Fwww.w3.org%2F2000%2Fsvg' viewBox%3D'0 0 300 190'%2F%3E\" data-src=\"https:\/\/oxiplant.com\/wp-content\/uploads\/2025\/11\/iso-3834.jpg\" width=\"300\" height=\"190\" alt=\"\"\/><\/div><\/a><\/div><\/div><\/div>[\/vc_column][vc_column width=\u00a0\u00bb1\/6&Prime; css=\u00a0\u00bb.vc_custom_1764283681323{margin-top: 15px !important;}\u00a0\u00bb]<div  class=\"wpb_content_element   clearfix\"><style type=\"text\/css\">#ut_am_69e361c3c2fb1 { opacity: 1; }#ut_am_wrap_69e361c3c2fb3 .ut-image-gallery-item-caption-title h3 { color: #ffffff; }#ut_am_wrap_69e361c3c2fb3 .ut-image-gallery-item-caption-title-style-2 h3 { color: #ffffff; }#ut_am_wrap_69e361c3c2fb3 .ut-image-gallery-item-caption-title h3 { letter-spacing: 0em; }#ut_am_wrap_69e361c3c2fb3 .ut-gallery-slider-caption { font-weight: bold; }#ut_am_wrap_69e361c3c2fb3 { text-align: center; }@media (min-width: 768px) and (max-width: 1024px) { #ut_am_wrap_69e361c3c2fb3 { text-align: center !important; } }@media (max-width: 767px) { #ut_am_wrap_69e361c3c2fb3 { text-align: center !important; } }<\/style><div id=\"ut_am_wrap_69e361c3c2fb3\" class=\"ut-image-gallery-image ani_zoom\"><div id=\"ut_reveal_69e361c3c2fb4\"  data-appear-top-offset=\"auto\" class=\"ut-animated-image-item ut-image-gallery-item ut-animation-done \"><a target=\"_blank\" href=\"https:\/\/www.bureauveritas.dk\/en\/our-market\/apqp4wind?utm_source=google&#038;utm_medium=cpc&#038;gad_source=1&#038;gad_campaignid=1676330063&#038;gbraid=0AAAAAD28T32t2hKEXcw7JcM30Vaxr40iY&#038;gclid=CjwKCAiA55rJBhByEiwAFkY1QG0iBDQRekciHH0dIgsblVqHdnIgnglPMpL_zGsBaOnpgxHvH1W7aBoCFQQQAvD_BwE\" rel=\"nofollow\"><div class=\"ut-animated-image-zoom\"><img loading=\"lazy\" decoding=\"async\" class=\"ut-lazy skip-lazy ut-animated-image \"  id=\"ut_am_69e361c3c2fb1\" src=\"data:image\/svg+xml;charset=utf-8,%3Csvg xmlns%3D'http%3A%2F%2Fwww.w3.org%2F2000%2Fsvg' viewBox%3D'0 0 300 190'%2F%3E\" data-src=\"https:\/\/oxiplant.com\/wp-content\/uploads\/2025\/10\/apqp.jpg\" width=\"300\" height=\"190\" alt=\"\"\/><\/div><\/a><\/div><\/div><\/div>[\/vc_column][vc_column width=\u00a0\u00bb1\/6&Prime; css=\u00a0\u00bb.vc_custom_1764283694488{margin-top: 15px !important;}\u00a0\u00bb]<div  class=\"wpb_content_element   clearfix\"><style type=\"text\/css\">#ut_am_69e361c3c3ead { opacity: 1; }#ut_am_wrap_69e361c3c3eb0 .ut-image-gallery-item-caption-title h3 { color: #ffffff; }#ut_am_wrap_69e361c3c3eb0 .ut-image-gallery-item-caption-title-style-2 h3 { color: #ffffff; }#ut_am_wrap_69e361c3c3eb0 .ut-image-gallery-item-caption-title h3 { letter-spacing: 0em; }#ut_am_wrap_69e361c3c3eb0 .ut-gallery-slider-caption { font-weight: bold; }#ut_am_wrap_69e361c3c3eb0 { text-align: center; }@media (min-width: 768px) and (max-width: 1024px) { #ut_am_wrap_69e361c3c3eb0 { text-align: center !important; } }@media (max-width: 767px) { #ut_am_wrap_69e361c3c3eb0 { text-align: center !important; } }<\/style><div id=\"ut_am_wrap_69e361c3c3eb0\" class=\"ut-image-gallery-image ani_zoom\"><div id=\"ut_reveal_69e361c3c3eb1\"  data-appear-top-offset=\"auto\" class=\"ut-animated-image-item ut-image-gallery-item ut-animation-done \"><a target=\"_blank\" href=\"https:\/\/ecovadis.com\/es\/\" rel=\"nofollow\"><div class=\"ut-animated-image-zoom\"><img decoding=\"async\" class=\"ut-lazy skip-lazy ut-animated-image \"  id=\"ut_am_69e361c3c3ead\" src=\"data:image\/svg+xml;charset=utf-8,%3Csvg xmlns%3D'http%3A%2F%2Fwww.w3.org%2F2000%2Fsvg' viewBox%3D'0 0 118px 600'%2F%3E\" data-src=\"https:\/\/oxiplant.com\/wp-content\/uploads\/2025\/10\/reco-1.webp\" width=\"118px\" height=\"\" alt=\"\"\/><\/div><\/a><\/div><\/div><\/div>[\/vc_column][\/vc_row][\/vc_section]<\/p>\n<\/div>","protected":false},"excerpt":{"rendered":"<p>[vc_section][vc_row content_placement=\u00a0\u00bbmiddle\u00a0\u00bb css=\u00a0\u00bb.vc_custom_1765487011651{margin-bottom: 0px !important;}\u00a0\u00bb][vc_column width=\u00a0\u00bb1\/2&Prime;][vc_column_text]Gr\u00e2ce \u00e0 la technologie laser et plasma haute d\u00e9finition, nous offrons une d\u00e9coupe de tubes d&rsquo;une pr\u00e9cision sup\u00e9rieure. Notre laser d\u00e9coupe des tubes jusqu&rsquo;\u00e0 6 500 mm de longueur et 6,5 mm d&rsquo;\u00e9paisseur, garantissant une g\u00e9om\u00e9trie nette et une finition optimale, m\u00eame sur des pi\u00e8ces complexes. Notre plasma traite des [&hellip;]<\/p>\n","protected":false},"author":1,"featured_media":0,"parent":0,"menu_order":0,"comment_status":"closed","ping_status":"closed","template":"","meta":{"footnotes":""},"class_list":["post-7649","page","type-page","status-publish","hentry"],"acf":[],"yoast_head":"<!-- This site is optimized with the Yoast SEO plugin v27.1.1 - https:\/\/yoast.com\/product\/yoast-seo-wordpress\/ -->\n<title>Coupe tube - Oxiplant<\/title>\n<meta name=\"robots\" content=\"index, follow, max-snippet:-1, max-image-preview:large, max-video-preview:-1\" \/>\n<link rel=\"canonical\" href=\"https:\/\/oxiplant.com\/fr\/coupe-tube\/\" \/>\n<meta property=\"og:locale\" content=\"fr_FR\" \/>\n<meta property=\"og:type\" content=\"article\" \/>\n<meta property=\"og:title\" content=\"Coupe tube - Oxiplant\" \/>\n<meta property=\"og:description\" content=\"[vc_section][vc_row content_placement=\u00a0\u00bbmiddle\u00a0\u00bb css=\u00a0\u00bb.vc_custom_1765487011651{margin-bottom: 0px !important;}\u00a0\u00bb][vc_column width=\u00a0\u00bb1\/2&Prime;][vc_column_text]Gr\u00e2ce \u00e0 la technologie laser et plasma haute d\u00e9finition, nous offrons une d\u00e9coupe de tubes d&rsquo;une pr\u00e9cision sup\u00e9rieure. Notre laser d\u00e9coupe des tubes jusqu&rsquo;\u00e0 6 500 mm de longueur et 6,5 mm d&rsquo;\u00e9paisseur, garantissant une g\u00e9om\u00e9trie nette et une finition optimale, m\u00eame sur des pi\u00e8ces complexes. Notre plasma traite des [&hellip;]\" \/>\n<meta property=\"og:url\" content=\"https:\/\/oxiplant.com\/fr\/coupe-tube\/\" \/>\n<meta property=\"og:site_name\" content=\"Oxiplant\" \/>\n<meta property=\"article:modified_time\" content=\"2026-03-26T14:59:08+00:00\" \/>\n<meta name=\"twitter:card\" content=\"summary_large_image\" \/>\n<meta name=\"twitter:label1\" content=\"Dur\u00e9e de lecture estim\u00e9e\" \/>\n\t<meta name=\"twitter:data1\" content=\"10 minutes\" \/>\n<script type=\"application\/ld+json\" class=\"yoast-schema-graph\">{\"@context\":\"https:\/\/schema.org\",\"@graph\":[{\"@type\":\"WebPage\",\"@id\":\"https:\/\/oxiplant.com\/fr\/coupe-tube\/\",\"url\":\"https:\/\/oxiplant.com\/fr\/coupe-tube\/\",\"name\":\"Coupe tube - Oxiplant\",\"isPartOf\":{\"@id\":\"https:\/\/oxiplant.com\/fr\/#website\"},\"datePublished\":\"2025-10-15T04:59:01+00:00\",\"dateModified\":\"2026-03-26T14:59:08+00:00\",\"breadcrumb\":{\"@id\":\"https:\/\/oxiplant.com\/fr\/coupe-tube\/#breadcrumb\"},\"inLanguage\":\"fr-FR\",\"potentialAction\":[{\"@type\":\"ReadAction\",\"target\":[\"https:\/\/oxiplant.com\/fr\/coupe-tube\/\"]}]},{\"@type\":\"BreadcrumbList\",\"@id\":\"https:\/\/oxiplant.com\/fr\/coupe-tube\/#breadcrumb\",\"itemListElement\":[{\"@type\":\"ListItem\",\"position\":1,\"name\":\"Portada\",\"item\":\"https:\/\/oxiplant.com\/fr\/\"},{\"@type\":\"ListItem\",\"position\":2,\"name\":\"Coupe tube\"}]},{\"@type\":\"WebSite\",\"@id\":\"https:\/\/oxiplant.com\/fr\/#website\",\"url\":\"https:\/\/oxiplant.com\/fr\/\",\"name\":\"Oxiplant\",\"description\":\"\",\"potentialAction\":[{\"@type\":\"SearchAction\",\"target\":{\"@type\":\"EntryPoint\",\"urlTemplate\":\"https:\/\/oxiplant.com\/fr\/?s={search_term_string}\"},\"query-input\":{\"@type\":\"PropertyValueSpecification\",\"valueRequired\":true,\"valueName\":\"search_term_string\"}}],\"inLanguage\":\"fr-FR\"}]}<\/script>\n<!-- \/ Yoast SEO plugin. -->","yoast_head_json":{"title":"Coupe tube - Oxiplant","robots":{"index":"index","follow":"follow","max-snippet":"max-snippet:-1","max-image-preview":"max-image-preview:large","max-video-preview":"max-video-preview:-1"},"canonical":"https:\/\/oxiplant.com\/fr\/coupe-tube\/","og_locale":"fr_FR","og_type":"article","og_title":"Coupe tube - Oxiplant","og_description":"[vc_section][vc_row content_placement=\u00a0\u00bbmiddle\u00a0\u00bb css=\u00a0\u00bb.vc_custom_1765487011651{margin-bottom: 0px !important;}\u00a0\u00bb][vc_column width=\u00a0\u00bb1\/2&Prime;][vc_column_text]Gr\u00e2ce \u00e0 la technologie laser et plasma haute d\u00e9finition, nous offrons une d\u00e9coupe de tubes d&rsquo;une pr\u00e9cision sup\u00e9rieure. Notre laser d\u00e9coupe des tubes jusqu&rsquo;\u00e0 6 500 mm de longueur et 6,5 mm d&rsquo;\u00e9paisseur, garantissant une g\u00e9om\u00e9trie nette et une finition optimale, m\u00eame sur des pi\u00e8ces complexes. Notre plasma traite des [&hellip;]","og_url":"https:\/\/oxiplant.com\/fr\/coupe-tube\/","og_site_name":"Oxiplant","article_modified_time":"2026-03-26T14:59:08+00:00","twitter_card":"summary_large_image","twitter_misc":{"Dur\u00e9e de lecture estim\u00e9e":"10 minutes"},"schema":{"@context":"https:\/\/schema.org","@graph":[{"@type":"WebPage","@id":"https:\/\/oxiplant.com\/fr\/coupe-tube\/","url":"https:\/\/oxiplant.com\/fr\/coupe-tube\/","name":"Coupe tube - Oxiplant","isPartOf":{"@id":"https:\/\/oxiplant.com\/fr\/#website"},"datePublished":"2025-10-15T04:59:01+00:00","dateModified":"2026-03-26T14:59:08+00:00","breadcrumb":{"@id":"https:\/\/oxiplant.com\/fr\/coupe-tube\/#breadcrumb"},"inLanguage":"fr-FR","potentialAction":[{"@type":"ReadAction","target":["https:\/\/oxiplant.com\/fr\/coupe-tube\/"]}]},{"@type":"BreadcrumbList","@id":"https:\/\/oxiplant.com\/fr\/coupe-tube\/#breadcrumb","itemListElement":[{"@type":"ListItem","position":1,"name":"Portada","item":"https:\/\/oxiplant.com\/fr\/"},{"@type":"ListItem","position":2,"name":"Coupe tube"}]},{"@type":"WebSite","@id":"https:\/\/oxiplant.com\/fr\/#website","url":"https:\/\/oxiplant.com\/fr\/","name":"Oxiplant","description":"","potentialAction":[{"@type":"SearchAction","target":{"@type":"EntryPoint","urlTemplate":"https:\/\/oxiplant.com\/fr\/?s={search_term_string}"},"query-input":{"@type":"PropertyValueSpecification","valueRequired":true,"valueName":"search_term_string"}}],"inLanguage":"fr-FR"}]}},"_links":{"self":[{"href":"https:\/\/oxiplant.com\/fr\/wp-json\/wp\/v2\/pages\/7649","targetHints":{"allow":["GET"]}}],"collection":[{"href":"https:\/\/oxiplant.com\/fr\/wp-json\/wp\/v2\/pages"}],"about":[{"href":"https:\/\/oxiplant.com\/fr\/wp-json\/wp\/v2\/types\/page"}],"author":[{"embeddable":true,"href":"https:\/\/oxiplant.com\/fr\/wp-json\/wp\/v2\/users\/1"}],"replies":[{"embeddable":true,"href":"https:\/\/oxiplant.com\/fr\/wp-json\/wp\/v2\/comments?post=7649"}],"version-history":[{"count":3,"href":"https:\/\/oxiplant.com\/fr\/wp-json\/wp\/v2\/pages\/7649\/revisions"}],"predecessor-version":[{"id":8105,"href":"https:\/\/oxiplant.com\/fr\/wp-json\/wp\/v2\/pages\/7649\/revisions\/8105"}],"wp:attachment":[{"href":"https:\/\/oxiplant.com\/fr\/wp-json\/wp\/v2\/media?parent=7649"}],"curies":[{"name":"wp","href":"https:\/\/api.w.org\/{rel}","templated":true}]}}