{"id":7654,"date":"2025-11-12T20:44:44","date_gmt":"2025-11-12T19:44:44","guid":{"rendered":"https:\/\/oxiplant.com\/new2\/eolien\/"},"modified":"2026-03-03T14:19:27","modified_gmt":"2026-03-03T13:19:27","slug":"eolien","status":"publish","type":"page","link":"https:\/\/oxiplant.com\/fr\/eolien\/","title":{"rendered":"\u00c9olien"},"content":{"rendered":"<div class=\"wpb-content-wrapper\"><p>[vc_section][vc_row css=\u00a0\u00bb.vc_custom_1467568839237{margin-bottom: 80px !important;}\u00a0\u00bb][vc_column width=\u00a0\u00bb1\/2&Prime;][vc_column_text]<\/p>\n<p class=\"p1\">Chez <b>Oxiplant<\/b>, la qualit\u00e9 est un axe strat\u00e9gique qui guide chacun de nos processus.<\/p>\n<p class=\"p1\">Conscients de l&rsquo;importance de la normalisation et de l&rsquo;efficacit\u00e9 dans la cha\u00eene de valeur, nous faisons partie de l&rsquo;<b>APQP4Wind<\/b>, l&rsquo;organisation internationale qui \u00e9tablit le cadre commun pour l&rsquo;assurance qualit\u00e9 dans l&rsquo;industrie \u00e9olienne.<\/p>\n<p class=\"p1\">\u00catre <b>la premi\u00e8re entreprise asturienne certifi\u00e9e par APQP4Wind<\/b> et l&rsquo;<b>une des dix<\/b> <b>premi\u00e8res en Espagne<\/b> repr\u00e9sente une reconnaissance de l&rsquo;engagement d&rsquo;Oxiplant en faveur de l&rsquo;<b>am\u00e9lioration continue <\/b>et de l&rsquo;<b>adoption des normes internationales les plus exigeantes<\/b> <b>du secteur<\/b>.<\/p>\n<p class=\"p1\">Le mod\u00e8le <b>APQP4Wind<\/b> favorise la mise en place de <b>processus plus efficaces<\/b>, c<b>oordonn\u00e9s et transparents entre les fabricants et les fournisseurs<\/b>, favorisant une communication fluide et une plus grande fiabilit\u00e9 \u00e0 toutes les \u00e9tapes du d\u00e9veloppement et de la production.<\/p>\n<p class=\"p1\">Cette accr\u00e9ditation renforce notre position sur le march\u00e9 \u00e9olien et t\u00e9moigne de notre contribution active \u00e0 <b>l&rsquo;am\u00e9lioration des normes de qualit\u00e9, de comp\u00e9titivit\u00e9<\/b> et de <b>durabilit\u00e9 <\/b>dans le secteur, en garantissant des solutions qui r\u00e9pondent aux niveaux d&rsquo;exigence techniques et industriels les plus \u00e9lev\u00e9s.<\/p>\n<p>[\/vc_column_text][\/vc_column][vc_column width=\u00a0\u00bb1\/2&Prime; css=\u00a0\u00bb.vc_custom_1760485443069{padding-left: 50px !important;}\u00a0\u00bb]<div  class=\"wpb_content_element   clearfix\"><style type=\"text\/css\">#ut_am_69e35d228a561 { opacity: 1; }#ut_am_wrap_69e35d228a563 img,#ut_am_wrap_69e35d228a563 .ut-image-gallery-image-caption,#ut_am_wrap_69e35d228a563 .ut-box-shadow-container,#ut_am_wrap_69e35d228a563 .ut-box-shadow-container-inner,#ut_am_wrap_69e35d228a563 .ut-block-revealer-element-container,#ut_am_wrap_69e35d228a563 .ut-animated-image-zoom { -webkit-border-radius: 9px; -moz-border-radius: 9px; border-radius: 9px; }#ut_am_wrap_69e35d228a563 .ut-image-gallery-item-caption-title h3 { letter-spacing: 0em; }#ut_am_wrap_69e35d228a563 .ut-gallery-slider-caption { color: #999999; }#ut_am_wrap_69e35d228a563 .ut-gallery-slider-caption { font-weight: normal; }#ut_am_wrap_69e35d228a563 { text-align: right; }@media (min-width: 768px) and (max-width: 1024px) { #ut_am_wrap_69e35d228a563 { text-align: right !important; } }@media (max-width: 767px) { #ut_am_wrap_69e35d228a563 { text-align: center !important; } }<\/style><div id=\"ut_am_wrap_69e35d228a563\" class=\"ut-image-gallery-image \"><div id=\"ut_reveal_69e35d228a564\"  data-appear-top-offset=\"auto\" class=\"ut-animated-image-item ut-image-gallery-item ut-animation-done \"><a class=\"ut-deactivated-link\" href=\"#\"><div class=\"ut-animated-image-zoom\"><img loading=\"lazy\" decoding=\"async\" class=\"ut-lazy skip-lazy ut-animated-image \"  id=\"ut_am_69e35d228a561\" src=\"data:image\/svg+xml;charset=utf-8,%3Csvg xmlns%3D'http%3A%2F%2Fwww.w3.org%2F2000%2Fsvg' viewBox%3D'0 0 1492 1418'%2F%3E\" data-src=\"https:\/\/oxiplant.com\/wp-content\/uploads\/2025\/11\/eolico.jpg\" width=\"1492\" height=\"1418\" alt=\"\"\/><\/div><\/a><\/div><\/div><\/div>[\/vc_column][\/vc_row][vc_row][vc_column css=\u00a0\u00bb.vc_custom_1764277413992{margin-top: 15px !important;}\u00a0\u00bb]<div  class=\"wpb_content_element   clearfix\"><style type=\"text\/css\">#ut_am_69e35d228b23e { opacity: 1; }#ut_am_wrap_69e35d228b240 .ut-image-gallery-item-caption-title h3 { letter-spacing: 0em; }#ut_am_wrap_69e35d228b240 .ut-gallery-slider-caption { font-weight: bold; }#ut_am_wrap_69e35d228b240 { text-align: center; }@media (min-width: 768px) and (max-width: 1024px) { #ut_am_wrap_69e35d228b240 { text-align: center !important; } }@media (max-width: 767px) { #ut_am_wrap_69e35d228b240 { text-align: center !important; } }<\/style><div id=\"ut_am_wrap_69e35d228b240\" class=\"ut-image-gallery-image ani_zoom\"><div id=\"ut_reveal_69e35d228b241\"  data-appear-top-offset=\"auto\" class=\"ut-animated-image-item ut-image-gallery-item ut-animation-done \"><a class=\"ut-deactivated-link\" href=\"#\"><div class=\"ut-animated-image-zoom\"><img loading=\"lazy\" decoding=\"async\" class=\"ut-lazy skip-lazy ut-animated-image \"  id=\"ut_am_69e35d228b23e\" src=\"data:image\/svg+xml;charset=utf-8,%3Csvg xmlns%3D'http%3A%2F%2Fwww.w3.org%2F2000%2Fsvg' viewBox%3D'0 0 300 190'%2F%3E\" data-src=\"https:\/\/oxiplant.com\/wp-content\/uploads\/2025\/10\/apqp.jpg\" width=\"300\" height=\"190\" alt=\"\"\/><\/div><\/a><\/div><\/div><\/div>[\/vc_column][\/vc_row][\/vc_section]<\/p>\n<\/div>","protected":false},"excerpt":{"rendered":"<p>[vc_section][vc_row css=\u00a0\u00bb.vc_custom_1467568839237{margin-bottom: 80px !important;}\u00a0\u00bb][vc_column width=\u00a0\u00bb1\/2&Prime;][vc_column_text] Chez Oxiplant, la qualit\u00e9 est un axe strat\u00e9gique qui guide chacun de nos processus. Conscients de l&rsquo;importance de la normalisation et de l&rsquo;efficacit\u00e9 dans la cha\u00eene de valeur, nous faisons partie de l&rsquo;APQP4Wind, l&rsquo;organisation internationale qui \u00e9tablit le cadre commun pour l&rsquo;assurance qualit\u00e9 dans l&rsquo;industrie \u00e9olienne. \u00catre la premi\u00e8re entreprise [&hellip;]<\/p>\n","protected":false},"author":1,"featured_media":0,"parent":0,"menu_order":0,"comment_status":"closed","ping_status":"closed","template":"","meta":{"footnotes":""},"class_list":["post-7654","page","type-page","status-publish","hentry"],"acf":[],"yoast_head":"<!-- This site is optimized with the Yoast SEO plugin v27.1.1 - https:\/\/yoast.com\/product\/yoast-seo-wordpress\/ -->\n<title>\u00c9olien - Oxiplant<\/title>\n<meta name=\"robots\" content=\"index, follow, max-snippet:-1, max-image-preview:large, max-video-preview:-1\" \/>\n<link rel=\"canonical\" href=\"https:\/\/oxiplant.com\/fr\/eolien\/\" \/>\n<meta property=\"og:locale\" content=\"fr_FR\" \/>\n<meta property=\"og:type\" content=\"article\" \/>\n<meta property=\"og:title\" content=\"\u00c9olien - Oxiplant\" \/>\n<meta property=\"og:description\" content=\"[vc_section][vc_row css=\u00a0\u00bb.vc_custom_1467568839237{margin-bottom: 80px !important;}\u00a0\u00bb][vc_column width=\u00a0\u00bb1\/2&Prime;][vc_column_text] Chez Oxiplant, la qualit\u00e9 est un axe strat\u00e9gique qui guide chacun de nos processus. Conscients de l&rsquo;importance de la normalisation et de l&rsquo;efficacit\u00e9 dans la cha\u00eene de valeur, nous faisons partie de l&rsquo;APQP4Wind, l&rsquo;organisation internationale qui \u00e9tablit le cadre commun pour l&rsquo;assurance qualit\u00e9 dans l&rsquo;industrie \u00e9olienne. \u00catre la premi\u00e8re entreprise [&hellip;]\" \/>\n<meta property=\"og:url\" content=\"https:\/\/oxiplant.com\/fr\/eolien\/\" \/>\n<meta property=\"og:site_name\" content=\"Oxiplant\" \/>\n<meta property=\"article:modified_time\" content=\"2026-03-03T13:19:27+00:00\" \/>\n<meta name=\"twitter:card\" content=\"summary_large_image\" \/>\n<meta name=\"twitter:label1\" content=\"Dur\u00e9e de lecture estim\u00e9e\" \/>\n\t<meta name=\"twitter:data1\" content=\"3 minutes\" \/>\n<script type=\"application\/ld+json\" class=\"yoast-schema-graph\">{\"@context\":\"https:\/\/schema.org\",\"@graph\":[{\"@type\":\"WebPage\",\"@id\":\"https:\/\/oxiplant.com\/fr\/eolien\/\",\"url\":\"https:\/\/oxiplant.com\/fr\/eolien\/\",\"name\":\"\u00c9olien - Oxiplant\",\"isPartOf\":{\"@id\":\"https:\/\/oxiplant.com\/fr\/#website\"},\"datePublished\":\"2025-11-12T19:44:44+00:00\",\"dateModified\":\"2026-03-03T13:19:27+00:00\",\"breadcrumb\":{\"@id\":\"https:\/\/oxiplant.com\/fr\/eolien\/#breadcrumb\"},\"inLanguage\":\"fr-FR\",\"potentialAction\":[{\"@type\":\"ReadAction\",\"target\":[\"https:\/\/oxiplant.com\/fr\/eolien\/\"]}]},{\"@type\":\"BreadcrumbList\",\"@id\":\"https:\/\/oxiplant.com\/fr\/eolien\/#breadcrumb\",\"itemListElement\":[{\"@type\":\"ListItem\",\"position\":1,\"name\":\"Portada\",\"item\":\"https:\/\/oxiplant.com\/fr\/\"},{\"@type\":\"ListItem\",\"position\":2,\"name\":\"\u00c9olien\"}]},{\"@type\":\"WebSite\",\"@id\":\"https:\/\/oxiplant.com\/fr\/#website\",\"url\":\"https:\/\/oxiplant.com\/fr\/\",\"name\":\"Oxiplant\",\"description\":\"\",\"potentialAction\":[{\"@type\":\"SearchAction\",\"target\":{\"@type\":\"EntryPoint\",\"urlTemplate\":\"https:\/\/oxiplant.com\/fr\/?s={search_term_string}\"},\"query-input\":{\"@type\":\"PropertyValueSpecification\",\"valueRequired\":true,\"valueName\":\"search_term_string\"}}],\"inLanguage\":\"fr-FR\"}]}<\/script>\n<!-- \/ Yoast SEO plugin. -->","yoast_head_json":{"title":"\u00c9olien - Oxiplant","robots":{"index":"index","follow":"follow","max-snippet":"max-snippet:-1","max-image-preview":"max-image-preview:large","max-video-preview":"max-video-preview:-1"},"canonical":"https:\/\/oxiplant.com\/fr\/eolien\/","og_locale":"fr_FR","og_type":"article","og_title":"\u00c9olien - Oxiplant","og_description":"[vc_section][vc_row css=\u00a0\u00bb.vc_custom_1467568839237{margin-bottom: 80px !important;}\u00a0\u00bb][vc_column width=\u00a0\u00bb1\/2&Prime;][vc_column_text] Chez Oxiplant, la qualit\u00e9 est un axe strat\u00e9gique qui guide chacun de nos processus. Conscients de l&rsquo;importance de la normalisation et de l&rsquo;efficacit\u00e9 dans la cha\u00eene de valeur, nous faisons partie de l&rsquo;APQP4Wind, l&rsquo;organisation internationale qui \u00e9tablit le cadre commun pour l&rsquo;assurance qualit\u00e9 dans l&rsquo;industrie \u00e9olienne. \u00catre la premi\u00e8re entreprise [&hellip;]","og_url":"https:\/\/oxiplant.com\/fr\/eolien\/","og_site_name":"Oxiplant","article_modified_time":"2026-03-03T13:19:27+00:00","twitter_card":"summary_large_image","twitter_misc":{"Dur\u00e9e de lecture estim\u00e9e":"3 minutes"},"schema":{"@context":"https:\/\/schema.org","@graph":[{"@type":"WebPage","@id":"https:\/\/oxiplant.com\/fr\/eolien\/","url":"https:\/\/oxiplant.com\/fr\/eolien\/","name":"\u00c9olien - Oxiplant","isPartOf":{"@id":"https:\/\/oxiplant.com\/fr\/#website"},"datePublished":"2025-11-12T19:44:44+00:00","dateModified":"2026-03-03T13:19:27+00:00","breadcrumb":{"@id":"https:\/\/oxiplant.com\/fr\/eolien\/#breadcrumb"},"inLanguage":"fr-FR","potentialAction":[{"@type":"ReadAction","target":["https:\/\/oxiplant.com\/fr\/eolien\/"]}]},{"@type":"BreadcrumbList","@id":"https:\/\/oxiplant.com\/fr\/eolien\/#breadcrumb","itemListElement":[{"@type":"ListItem","position":1,"name":"Portada","item":"https:\/\/oxiplant.com\/fr\/"},{"@type":"ListItem","position":2,"name":"\u00c9olien"}]},{"@type":"WebSite","@id":"https:\/\/oxiplant.com\/fr\/#website","url":"https:\/\/oxiplant.com\/fr\/","name":"Oxiplant","description":"","potentialAction":[{"@type":"SearchAction","target":{"@type":"EntryPoint","urlTemplate":"https:\/\/oxiplant.com\/fr\/?s={search_term_string}"},"query-input":{"@type":"PropertyValueSpecification","valueRequired":true,"valueName":"search_term_string"}}],"inLanguage":"fr-FR"}]}},"_links":{"self":[{"href":"https:\/\/oxiplant.com\/fr\/wp-json\/wp\/v2\/pages\/7654","targetHints":{"allow":["GET"]}}],"collection":[{"href":"https:\/\/oxiplant.com\/fr\/wp-json\/wp\/v2\/pages"}],"about":[{"href":"https:\/\/oxiplant.com\/fr\/wp-json\/wp\/v2\/types\/page"}],"author":[{"embeddable":true,"href":"https:\/\/oxiplant.com\/fr\/wp-json\/wp\/v2\/users\/1"}],"replies":[{"embeddable":true,"href":"https:\/\/oxiplant.com\/fr\/wp-json\/wp\/v2\/comments?post=7654"}],"version-history":[{"count":1,"href":"https:\/\/oxiplant.com\/fr\/wp-json\/wp\/v2\/pages\/7654\/revisions"}],"predecessor-version":[{"id":8039,"href":"https:\/\/oxiplant.com\/fr\/wp-json\/wp\/v2\/pages\/7654\/revisions\/8039"}],"wp:attachment":[{"href":"https:\/\/oxiplant.com\/fr\/wp-json\/wp\/v2\/media?parent=7654"}],"curies":[{"name":"wp","href":"https:\/\/api.w.org\/{rel}","templated":true}]}}