{"id":7657,"date":"2025-10-14T19:10:40","date_gmt":"2025-10-14T17:10:40","guid":{"rendered":"https:\/\/oxiplant.com\/new2\/rd\/"},"modified":"2026-02-16T21:27:17","modified_gmt":"2026-02-16T20:27:17","slug":"rd","status":"publish","type":"page","link":"https:\/\/oxiplant.com\/fr\/rd\/","title":{"rendered":"R&amp;D"},"content":{"rendered":"<div class=\"wpb-content-wrapper\"><p>[vc_section][vc_row css=\u00a0\u00bb.vc_custom_1467568839237{margin-bottom: 80px !important;}\u00a0\u00bb][vc_column width=\u00a0\u00bb1\/2&Prime;][vc_empty_space height=\u00a0\u00bb15px\u00a0\u00bb][vc_column_text]Nous stimulons l&rsquo;avenir industriel gr\u00e2ce \u00e0 une R&amp;D de pointe.<\/p>\n<p>Nous int\u00e9grons des traitements de surface tels que le grenaillage et le meulage, ainsi que <strong>l&rsquo;automatisation et la robotisation<\/strong> pour un fonctionnement continu.<\/p>\n<p>Notre strat\u00e9gie d&rsquo;innovation s&rsquo;\u00e9tend \u00e0 tous les d\u00e9partements, y compris le marketing, la logistique et la qualit\u00e9, et nous utilisons l&rsquo;intelligence artificielle et les technologies de tra\u00e7abilit\u00e9 telles que les codes QR pour un suivi pr\u00e9cis de chaque pi\u00e8ce.<\/p>\n<p>Nous sommes \u00e9galement sp\u00e9cialis\u00e9s dans la conception et le d\u00e9veloppement personnalis\u00e9s, avec des projets EPC et une assistance technique au montage.[\/vc_column_text][\/vc_column][vc_column width=\u00a0\u00bb1\/2&Prime; css=\u00a0\u00bb.vc_custom_1760485591380{padding-left: 50px !important;}\u00a0\u00bb]<div  class=\"wpb_content_element   clearfix\"><style type=\"text\/css\">#ut_am_69e3628932856 { opacity: 1; }#ut_am_wrap_69e3628932859 img,#ut_am_wrap_69e3628932859 .ut-image-gallery-image-caption,#ut_am_wrap_69e3628932859 .ut-box-shadow-container,#ut_am_wrap_69e3628932859 .ut-box-shadow-container-inner,#ut_am_wrap_69e3628932859 .ut-block-revealer-element-container,#ut_am_wrap_69e3628932859 .ut-animated-image-zoom { -webkit-border-radius: 9px; -moz-border-radius: 9px; border-radius: 9px; }#ut_am_wrap_69e3628932859 .ut-image-gallery-item-caption-title h3 { letter-spacing: 0em; }#ut_am_wrap_69e3628932859 .ut-gallery-slider-caption { color: #999999; }#ut_am_wrap_69e3628932859 .ut-gallery-slider-caption { font-weight: normal; }#ut_am_wrap_69e3628932859 { text-align: right; }@media (min-width: 768px) and (max-width: 1024px) { #ut_am_wrap_69e3628932859 { text-align: right !important; } }@media (max-width: 767px) { #ut_am_wrap_69e3628932859 { text-align: center !important; } }<\/style><div id=\"ut_am_wrap_69e3628932859\" class=\"ut-image-gallery-image \"><div id=\"ut_reveal_69e362893285c\"  data-appear-top-offset=\"auto\" class=\"ut-animated-image-item ut-image-gallery-item ut-animation-done \"><a class=\"ut-deactivated-link\" href=\"#\"><div class=\"ut-animated-image-zoom\"><img loading=\"lazy\" decoding=\"async\" class=\"ut-lazy skip-lazy ut-animated-image \"  id=\"ut_am_69e3628932856\" src=\"data:image\/svg+xml;charset=utf-8,%3Csvg xmlns%3D'http%3A%2F%2Fwww.w3.org%2F2000%2Fsvg' viewBox%3D'0 0 1492 952'%2F%3E\" data-src=\"https:\/\/oxiplant.com\/wp-content\/uploads\/2025\/12\/id-1-4.jpg\" width=\"1492\" height=\"952\" alt=\"\"\/><\/div><\/a><\/div><\/div><\/div>[\/vc_column][\/vc_row][vc_row css=\u00a0\u00bb.vc_custom_1467568839237{margin-bottom: 80px !important;}\u00a0\u00bb][vc_column width=\u00a0\u00bb1\/2&Prime;]<div  class=\"wpb_content_element   clearfix\"><style type=\"text\/css\">#ut_am_69e362893366c { opacity: 1; }#ut_am_wrap_69e3628933670 img,#ut_am_wrap_69e3628933670 .ut-image-gallery-image-caption,#ut_am_wrap_69e3628933670 .ut-box-shadow-container,#ut_am_wrap_69e3628933670 .ut-box-shadow-container-inner,#ut_am_wrap_69e3628933670 .ut-block-revealer-element-container,#ut_am_wrap_69e3628933670 .ut-animated-image-zoom { -webkit-border-radius: 9px; -moz-border-radius: 9px; border-radius: 9px; }#ut_am_wrap_69e3628933670 .ut-image-gallery-item-caption-title h3 { letter-spacing: 0em; }#ut_am_wrap_69e3628933670 .ut-gallery-slider-caption { font-weight: bold; }#ut_am_wrap_69e3628933670 { text-align: left; }@media (min-width: 768px) and (max-width: 1024px) { #ut_am_wrap_69e3628933670 { text-align: left !important; } }@media (max-width: 767px) { #ut_am_wrap_69e3628933670 { text-align: center !important; } }<\/style><div id=\"ut_am_wrap_69e3628933670\" class=\"ut-image-gallery-image \"><div id=\"ut_reveal_69e3628933672\"  data-appear-top-offset=\"auto\" class=\"ut-animated-image-item ut-image-gallery-item ut-animation-done \"><a class=\"ut-deactivated-link\" href=\"#\"><div class=\"ut-animated-image-zoom\"><img loading=\"lazy\" decoding=\"async\" class=\"ut-lazy skip-lazy ut-animated-image \"  id=\"ut_am_69e362893366c\" src=\"data:image\/svg+xml;charset=utf-8,%3Csvg xmlns%3D'http%3A%2F%2Fwww.w3.org%2F2000%2Fsvg' viewBox%3D'0 0 1492 1418'%2F%3E\" data-src=\"https:\/\/oxiplant.com\/wp-content\/uploads\/2025\/10\/id-2.jpg\" width=\"1492\" height=\"1418\" alt=\"\"\/><\/div><\/a><\/div><\/div><\/div>[\/vc_column][vc_column width=\u00a0\u00bb1\/2&Prime;]<div class=\"wpb_content_element \"><style type=\"text\/css\">#ut_header_69e36289349c1 h2.section-title { font-size:24px !important; }<\/style><header id=\"ut_header_69e36289349c1\" class=\"section-header  ut-no-title-linebreak-mobile ut-no-lead-linebreak-mobile pt-style-2 header-left header-tablet-left header-mobile-center\"><h2 data-title=\"Mod\u00e9lisation 3D\"  data-responsive-font=\"section_title\" data-responsive-font-settings=\"{&quot;base-font-size&quot;:&quot;24&quot;,&quot;font-size-unit&quot;:&quot;px&quot;,&quot;font-size&quot;:{&quot;desktop_large&quot;:&quot;24&quot;},&quot;base-line-height&quot;:&quot;global&quot;,&quot;base-letter-spacing&quot;:&quot;global&quot;}\" class=\"section-title  \"><span>Mod\u00e9lisation 3D<\/span><\/h2><\/header><\/div>[vc_column_text]Chez Oxiplant, nous combinons notre expertise dans la d\u00e9coupe de t\u00f4les et de tubes en acier avec la technologie de <strong>mod\u00e9lisation 3D<\/strong> la plus avanc\u00e9e afin d&rsquo;offrir des r\u00e9sultats d&rsquo;une pr\u00e9cision maximale. Chaque projet commence par une reconstitution num\u00e9rique d\u00e9taill\u00e9e du produit demand\u00e9, ce qui nous permet d&rsquo;anticiper les ajustements \u00e9ventuels, d&rsquo;optimiser les processus et de garantir un d\u00e9veloppement impeccable d\u00e8s la phase initiale. <\/p>\n<p>La mod\u00e9lisation en trois dimensions am\u00e9liore non seulement la pr\u00e9cision technique, mais offre \u00e9galement \u00e0 nos clients une <strong>visualisation claire et r\u00e9aliste des pi\u00e8ces avant leur fabrication<\/strong>. Ils peuvent ainsi v\u00e9rifier les mesures, les finitions et les assemblages en toute s\u00e9curit\u00e9, ce qui r\u00e9duit les d\u00e9lais de production et \u00e9vite les erreurs co\u00fbteuses.<\/p>\n<p>Gr\u00e2ce \u00e0 cette approche, chez Oxiplant, nous obtenons une <strong>synergie parfaite entre l&rsquo;ing\u00e9nierie, la conception et la fabrication<\/strong>, garantissant que chaque d\u00e9coupe, pliage ou usinage est r\u00e9alis\u00e9 avec la plus grande pr\u00e9cision possible. Notre engagement en faveur de la qualit\u00e9 et de l&rsquo;innovation nous permet d&rsquo;offrir des solutions personnalis\u00e9es et efficaces pour les secteurs les plus exigeants : industriel, m\u00e9tallurgique, architectural et \u00e9nerg\u00e9tique. [\/vc_column_text][\/vc_column][\/vc_row][\/vc_section][vc_section css=\u00a0\u00bb.vc_custom_1763489782277{margin-top: 0px !important;border-top-width: 0px !important;padding-top: 0px !important;}\u00a0\u00bb][vc_row css=\u00a0\u00bb.vc_custom_1467568839237{margin-bottom: 80px !important;}\u00a0\u00bb][vc_column width=\u00a0\u00bb1\/2&Prime;]<div class=\"wpb_content_element \"><style type=\"text\/css\">#ut_header_69e36289439cf h2.section-title { font-size:36px !important; }<\/style><header id=\"ut_header_69e36289439cf\" class=\"section-header  ut-no-title-linebreak-mobile ut-no-lead-linebreak-mobile pt-style-1 header-left header-tablet-left header-mobile-center\"><h2 data-title=\"ACC\u00c9SIT NUM\u00c9RISATION ET INNOVATION 2024\"  data-responsive-font=\"section_title\" data-responsive-font-settings=\"{&quot;base-font-size&quot;:&quot;global&quot;,&quot;font-size&quot;:{&quot;desktop_large&quot;:&quot;36&quot;},&quot;base-line-height&quot;:&quot;global&quot;,&quot;base-letter-spacing&quot;:&quot;global&quot;}\" class=\"bklyn-divider-styles bklyn-divider-style-1 section-title \"><span>ACC\u00c9SIT NUM\u00c9RISATION ET INNOVATION 2024<\/span><\/h2><\/header><\/div>[vc_column_text]<\/p>\n<p class=\"p1\"><b>Oxiplant<\/b> a re\u00e7u le deuxi\u00e8me prix DIGITALISATION ET INNOVATION 2024 lors de la VIIIe \u00e9dition du Prix PME de l&rsquo;ann\u00e9e des Asturies 2024.<\/p>\n<p>[\/vc_column_text][\/vc_column][vc_column width=\u00a0\u00bb1\/2&Prime; css=\u00a0\u00bb.vc_custom_1760485443069{padding-left: 50px !important;}\u00a0\u00bb]<div  class=\"wpb_content_element   clearfix\"><style type=\"text\/css\">#ut_am_69e362894640a { opacity: 1; }#ut_am_wrap_69e362894640c img,#ut_am_wrap_69e362894640c .ut-image-gallery-image-caption,#ut_am_wrap_69e362894640c .ut-box-shadow-container,#ut_am_wrap_69e362894640c .ut-box-shadow-container-inner,#ut_am_wrap_69e362894640c .ut-block-revealer-element-container,#ut_am_wrap_69e362894640c .ut-animated-image-zoom { -webkit-border-radius: 9px; -moz-border-radius: 9px; border-radius: 9px; }#ut_am_wrap_69e362894640c .ut-image-gallery-item-caption-title h3 { letter-spacing: 0em; }#ut_am_wrap_69e362894640c .ut-gallery-slider-caption { color: #999999; }#ut_am_wrap_69e362894640c .ut-gallery-slider-caption { font-weight: normal; }#ut_am_wrap_69e362894640c { text-align: right; }@media (min-width: 768px) and (max-width: 1024px) { #ut_am_wrap_69e362894640c { text-align: right !important; } }@media (max-width: 767px) { #ut_am_wrap_69e362894640c { text-align: center !important; } }<\/style><div id=\"ut_am_wrap_69e362894640c\" class=\"ut-image-gallery-image \"><div id=\"ut_reveal_69e362894640d\"  data-appear-top-offset=\"auto\" class=\"ut-animated-image-item ut-image-gallery-item ut-animation-done \"><a class=\"ut-deactivated-link\" href=\"#\"><div class=\"ut-animated-image-zoom\"><img loading=\"lazy\" decoding=\"async\" class=\"ut-lazy skip-lazy ut-animated-image \"  id=\"ut_am_69e362894640a\" src=\"data:image\/svg+xml;charset=utf-8,%3Csvg xmlns%3D'http%3A%2F%2Fwww.w3.org%2F2000%2Fsvg' viewBox%3D'0 0 1600 1315'%2F%3E\" data-src=\"https:\/\/oxiplant.com\/wp-content\/uploads\/2025\/11\/id-1.jpg\" width=\"1600\" height=\"1315\" alt=\"\"\/><\/div><\/a><\/div><\/div><\/div>[\/vc_column][\/vc_row][vc_row][vc_column width=\u00a0\u00bb1\/6&Prime; css=\u00a0\u00bb.vc_custom_1764283621195{margin-top: 15px !important;}\u00a0\u00bb]<div  class=\"wpb_content_element   clearfix\"><style type=\"text\/css\">#ut_am_69e3628947144 { opacity: 1; }#ut_am_wrap_69e3628947148 .ut-image-gallery-item-caption-title h3 { color: #ffffff; }#ut_am_wrap_69e3628947148 .ut-image-gallery-item-caption-title-style-2 h3 { color: #ffffff; }#ut_am_wrap_69e3628947148 .ut-image-gallery-item-caption-title h3 { letter-spacing: 0em; }#ut_am_wrap_69e3628947148 .ut-gallery-slider-caption { font-weight: bold; }#ut_am_wrap_69e3628947148 { text-align: center; }@media (min-width: 768px) and (max-width: 1024px) { #ut_am_wrap_69e3628947148 { text-align: center !important; } }@media (max-width: 767px) { #ut_am_wrap_69e3628947148 { text-align: center !important; } }<\/style><div id=\"ut_am_wrap_69e3628947148\" class=\"ut-image-gallery-image ani_zoom\"><div id=\"ut_reveal_69e3628947149\"  data-appear-top-offset=\"auto\" class=\"ut-animated-image-item ut-image-gallery-item ut-animation-done \"><a target=\"_blank\" href=\"https:\/\/oxiplant.com\/new2\/wp-content\/uploads\/2025\/11\/OXIP_0094-CPR-MAD-20160126-SPA_Iss04-9Jun25-FPC-cer-EN1090.pdf\" rel=\"nofollow\"><div class=\"ut-animated-image-zoom\"><img loading=\"lazy\" decoding=\"async\" class=\"ut-lazy skip-lazy ut-animated-image \"  id=\"ut_am_69e3628947144\" src=\"data:image\/svg+xml;charset=utf-8,%3Csvg xmlns%3D'http%3A%2F%2Fwww.w3.org%2F2000%2Fsvg' viewBox%3D'0 0 300 190'%2F%3E\" data-src=\"https:\/\/oxiplant.com\/wp-content\/uploads\/2025\/11\/iso-1090-2.jpg\" width=\"300\" height=\"190\" alt=\"\"\/><\/div><\/a><\/div><\/div><\/div>[\/vc_column][vc_column width=\u00a0\u00bb1\/6&Prime; css=\u00a0\u00bb.vc_custom_1764283634822{margin-top: 15px !important;}\u00a0\u00bb]<div  class=\"wpb_content_element   clearfix\"><style type=\"text\/css\">#ut_am_69e3628948897 { opacity: 1; }#ut_am_wrap_69e362894889b .ut-image-gallery-item-caption-title h3 { color: #ffffff; }#ut_am_wrap_69e362894889b .ut-image-gallery-item-caption-title-style-2 h3 { color: #ffffff; }#ut_am_wrap_69e362894889b .ut-image-gallery-item-caption-title h3 { letter-spacing: 0em; }#ut_am_wrap_69e362894889b .ut-gallery-slider-caption { font-weight: bold; }#ut_am_wrap_69e362894889b { text-align: center; }@media (min-width: 768px) and (max-width: 1024px) { #ut_am_wrap_69e362894889b { text-align: center !important; } }@media (max-width: 767px) { #ut_am_wrap_69e362894889b { text-align: center !important; } }<\/style><div id=\"ut_am_wrap_69e362894889b\" class=\"ut-image-gallery-image ani_zoom\"><div id=\"ut_reveal_69e362894889d\"  data-appear-top-offset=\"auto\" class=\"ut-animated-image-item ut-image-gallery-item ut-animation-done \"><a target=\"_blank\" href=\"https:\/\/oxiplant.com\/new2\/wp-content\/uploads\/2025\/11\/0038343-QMS-SPAES-UKAS.pdf\" rel=\"nofollow\"><div class=\"ut-animated-image-zoom\"><img loading=\"lazy\" decoding=\"async\" class=\"ut-lazy skip-lazy ut-animated-image \"  id=\"ut_am_69e3628948897\" src=\"data:image\/svg+xml;charset=utf-8,%3Csvg xmlns%3D'http%3A%2F%2Fwww.w3.org%2F2000%2Fsvg' viewBox%3D'0 0 300 190'%2F%3E\" data-src=\"https:\/\/oxiplant.com\/wp-content\/uploads\/2025\/10\/calidad-2.webp\" width=\"300\" height=\"190\" alt=\"\"\/><\/div><\/a><\/div><\/div><\/div>[\/vc_column][vc_column width=\u00a0\u00bb1\/6&Prime; css=\u00a0\u00bb.vc_custom_1764283649688{margin-top: 15px !important;}\u00a0\u00bb]<div  class=\"wpb_content_element   clearfix\"><style type=\"text\/css\">#ut_am_69e362894a447 { opacity: 1; }#ut_am_wrap_69e362894a449 .ut-image-gallery-item-caption-title h3 { color: #ffffff; }#ut_am_wrap_69e362894a449 .ut-image-gallery-item-caption-title-style-2 h3 { color: #ffffff; }#ut_am_wrap_69e362894a449 .ut-image-gallery-item-caption-title h3 { letter-spacing: 0em; }#ut_am_wrap_69e362894a449 .ut-gallery-slider-caption { font-weight: bold; }#ut_am_wrap_69e362894a449 { text-align: center; }@media (min-width: 768px) and (max-width: 1024px) { #ut_am_wrap_69e362894a449 { text-align: center !important; } }@media (max-width: 767px) { #ut_am_wrap_69e362894a449 { text-align: center !important; } }<\/style><div id=\"ut_am_wrap_69e362894a449\" class=\"ut-image-gallery-image ani_zoom\"><div id=\"ut_reveal_69e362894a44a\"  data-appear-top-offset=\"auto\" class=\"ut-animated-image-item ut-image-gallery-item ut-animation-done \"><a target=\"_blank\" href=\"https:\/\/oxiplant.com\/new2\/wp-content\/uploads\/2025\/11\/00016995-EMS-SPAES-UKAS.pdf\" rel=\"nofollow\"><div class=\"ut-animated-image-zoom\"><img loading=\"lazy\" decoding=\"async\" class=\"ut-lazy skip-lazy ut-animated-image \"  id=\"ut_am_69e362894a447\" src=\"data:image\/svg+xml;charset=utf-8,%3Csvg xmlns%3D'http%3A%2F%2Fwww.w3.org%2F2000%2Fsvg' viewBox%3D'0 0 300 193'%2F%3E\" data-src=\"https:\/\/oxiplant.com\/wp-content\/uploads\/2025\/10\/medioambiente.webp\" width=\"300\" height=\"193\" alt=\"\"\/><\/div><\/a><\/div><\/div><\/div>[\/vc_column][vc_column width=\u00a0\u00bb1\/6&Prime; css=\u00a0\u00bb.vc_custom_1764283665569{margin-top: 15px !important;}\u00a0\u00bb]<div  class=\"wpb_content_element   clearfix\"><style type=\"text\/css\">#ut_am_69e362894b012 { opacity: 1; }#ut_am_wrap_69e362894b015 .ut-image-gallery-item-caption-title h3 { color: #ffffff; }#ut_am_wrap_69e362894b015 .ut-image-gallery-item-caption-title-style-2 h3 { color: #ffffff; }#ut_am_wrap_69e362894b015 .ut-image-gallery-item-caption-title h3 { letter-spacing: 0em; }#ut_am_wrap_69e362894b015 .ut-gallery-slider-caption { font-weight: bold; }#ut_am_wrap_69e362894b015 { text-align: center; }@media (min-width: 768px) and (max-width: 1024px) { #ut_am_wrap_69e362894b015 { text-align: center !important; } }@media (max-width: 767px) { #ut_am_wrap_69e362894b015 { text-align: center !important; } }<\/style><div id=\"ut_am_wrap_69e362894b015\" class=\"ut-image-gallery-image ani_zoom\"><div id=\"ut_reveal_69e362894b016\"  data-appear-top-offset=\"auto\" class=\"ut-animated-image-item ut-image-gallery-item ut-animation-done \"><a target=\"_blank\" href=\"https:\/\/oxiplant.com\/new2\/wp-content\/uploads\/2025\/11\/OXIP_Cert-3834-R2-1Sep25-SPA.pdf\" rel=\"nofollow\"><div class=\"ut-animated-image-zoom\"><img loading=\"lazy\" decoding=\"async\" class=\"ut-lazy skip-lazy ut-animated-image \"  id=\"ut_am_69e362894b012\" src=\"data:image\/svg+xml;charset=utf-8,%3Csvg xmlns%3D'http%3A%2F%2Fwww.w3.org%2F2000%2Fsvg' viewBox%3D'0 0 300 190'%2F%3E\" data-src=\"https:\/\/oxiplant.com\/wp-content\/uploads\/2025\/11\/iso-3834.jpg\" width=\"300\" height=\"190\" alt=\"\"\/><\/div><\/a><\/div><\/div><\/div>[\/vc_column][vc_column width=\u00a0\u00bb1\/6&Prime; css=\u00a0\u00bb.vc_custom_1764283681323{margin-top: 15px !important;}\u00a0\u00bb]<div  class=\"wpb_content_element   clearfix\"><style type=\"text\/css\">#ut_am_69e362894bb9f { opacity: 1; }#ut_am_wrap_69e362894bba2 .ut-image-gallery-item-caption-title h3 { color: #ffffff; }#ut_am_wrap_69e362894bba2 .ut-image-gallery-item-caption-title-style-2 h3 { color: #ffffff; }#ut_am_wrap_69e362894bba2 .ut-image-gallery-item-caption-title h3 { letter-spacing: 0em; }#ut_am_wrap_69e362894bba2 .ut-gallery-slider-caption { font-weight: bold; }#ut_am_wrap_69e362894bba2 { text-align: center; }@media (min-width: 768px) and (max-width: 1024px) { #ut_am_wrap_69e362894bba2 { text-align: center !important; } }@media (max-width: 767px) { #ut_am_wrap_69e362894bba2 { text-align: center !important; } }<\/style><div id=\"ut_am_wrap_69e362894bba2\" class=\"ut-image-gallery-image ani_zoom\"><div id=\"ut_reveal_69e362894bba3\"  data-appear-top-offset=\"auto\" class=\"ut-animated-image-item ut-image-gallery-item ut-animation-done \"><a target=\"_blank\" href=\"https:\/\/www.bureauveritas.dk\/en\/our-market\/apqp4wind?utm_source=google&#038;utm_medium=cpc&#038;gad_source=1&#038;gad_campaignid=1676330063&#038;gbraid=0AAAAAD28T32t2hKEXcw7JcM30Vaxr40iY&#038;gclid=CjwKCAiA55rJBhByEiwAFkY1QG0iBDQRekciHH0dIgsblVqHdnIgnglPMpL_zGsBaOnpgxHvH1W7aBoCFQQQAvD_BwE\" rel=\"nofollow\"><div class=\"ut-animated-image-zoom\"><img loading=\"lazy\" decoding=\"async\" class=\"ut-lazy skip-lazy ut-animated-image \"  id=\"ut_am_69e362894bb9f\" src=\"data:image\/svg+xml;charset=utf-8,%3Csvg xmlns%3D'http%3A%2F%2Fwww.w3.org%2F2000%2Fsvg' viewBox%3D'0 0 300 190'%2F%3E\" data-src=\"https:\/\/oxiplant.com\/wp-content\/uploads\/2025\/10\/apqp.jpg\" width=\"300\" height=\"190\" alt=\"\"\/><\/div><\/a><\/div><\/div><\/div>[\/vc_column][vc_column width=\u00a0\u00bb1\/6&Prime; css=\u00a0\u00bb.vc_custom_1764283694488{margin-top: 15px !important;}\u00a0\u00bb]<div  class=\"wpb_content_element   clearfix\"><style type=\"text\/css\">#ut_am_69e362894d43f { opacity: 1; }#ut_am_wrap_69e362894d442 .ut-image-gallery-item-caption-title h3 { color: #ffffff; }#ut_am_wrap_69e362894d442 .ut-image-gallery-item-caption-title-style-2 h3 { color: #ffffff; }#ut_am_wrap_69e362894d442 .ut-image-gallery-item-caption-title h3 { letter-spacing: 0em; }#ut_am_wrap_69e362894d442 .ut-gallery-slider-caption { font-weight: bold; }#ut_am_wrap_69e362894d442 { text-align: center; }@media (min-width: 768px) and (max-width: 1024px) { #ut_am_wrap_69e362894d442 { text-align: center !important; } }@media (max-width: 767px) { #ut_am_wrap_69e362894d442 { text-align: center !important; } }<\/style><div id=\"ut_am_wrap_69e362894d442\" class=\"ut-image-gallery-image ani_zoom\"><div id=\"ut_reveal_69e362894d443\"  data-appear-top-offset=\"auto\" class=\"ut-animated-image-item ut-image-gallery-item ut-animation-done \"><a target=\"_blank\" href=\"https:\/\/ecovadis.com\/es\/\" rel=\"nofollow\"><div class=\"ut-animated-image-zoom\"><img decoding=\"async\" class=\"ut-lazy skip-lazy ut-animated-image \"  id=\"ut_am_69e362894d43f\" src=\"data:image\/svg+xml;charset=utf-8,%3Csvg xmlns%3D'http%3A%2F%2Fwww.w3.org%2F2000%2Fsvg' viewBox%3D'0 0 118px 600'%2F%3E\" data-src=\"https:\/\/oxiplant.com\/wp-content\/uploads\/2025\/10\/reco-1.webp\" width=\"118px\" height=\"\" alt=\"\"\/><\/div><\/a><\/div><\/div><\/div>[\/vc_column][\/vc_row][\/vc_section]<\/p>\n<\/div>","protected":false},"excerpt":{"rendered":"<p>[vc_section][vc_row css=\u00a0\u00bb.vc_custom_1467568839237{margin-bottom: 80px !important;}\u00a0\u00bb][vc_column width=\u00a0\u00bb1\/2&Prime;][vc_empty_space height=\u00a0\u00bb15px\u00a0\u00bb][vc_column_text]Nous stimulons l&rsquo;avenir industriel gr\u00e2ce \u00e0 une R&amp;D de pointe. Nous int\u00e9grons des traitements de surface tels que le grenaillage et le meulage, ainsi que l&rsquo;automatisation et la robotisation pour un fonctionnement continu. Notre strat\u00e9gie d&rsquo;innovation s&rsquo;\u00e9tend \u00e0 tous les d\u00e9partements, y compris le marketing, la logistique et la qualit\u00e9, [&hellip;]<\/p>\n","protected":false},"author":1,"featured_media":0,"parent":0,"menu_order":0,"comment_status":"closed","ping_status":"closed","template":"","meta":{"footnotes":""},"class_list":["post-7657","page","type-page","status-publish","hentry"],"acf":[],"yoast_head":"<!-- This site is optimized with the Yoast SEO plugin v27.1.1 - https:\/\/yoast.com\/product\/yoast-seo-wordpress\/ -->\n<title>R&amp;D - Oxiplant<\/title>\n<meta name=\"robots\" content=\"index, follow, max-snippet:-1, max-image-preview:large, max-video-preview:-1\" \/>\n<link rel=\"canonical\" href=\"https:\/\/oxiplant.com\/fr\/rd\/\" \/>\n<meta property=\"og:locale\" content=\"fr_FR\" \/>\n<meta property=\"og:type\" content=\"article\" \/>\n<meta property=\"og:title\" content=\"R&amp;D - Oxiplant\" \/>\n<meta property=\"og:description\" content=\"[vc_section][vc_row css=\u00a0\u00bb.vc_custom_1467568839237{margin-bottom: 80px !important;}\u00a0\u00bb][vc_column width=\u00a0\u00bb1\/2&Prime;][vc_empty_space height=\u00a0\u00bb15px\u00a0\u00bb][vc_column_text]Nous stimulons l&rsquo;avenir industriel gr\u00e2ce \u00e0 une R&amp;D de pointe. Nous int\u00e9grons des traitements de surface tels que le grenaillage et le meulage, ainsi que l&rsquo;automatisation et la robotisation pour un fonctionnement continu. Notre strat\u00e9gie d&rsquo;innovation s&rsquo;\u00e9tend \u00e0 tous les d\u00e9partements, y compris le marketing, la logistique et la qualit\u00e9, [&hellip;]\" \/>\n<meta property=\"og:url\" content=\"https:\/\/oxiplant.com\/fr\/rd\/\" \/>\n<meta property=\"og:site_name\" content=\"Oxiplant\" \/>\n<meta property=\"article:modified_time\" content=\"2026-02-16T20:27:17+00:00\" \/>\n<meta name=\"twitter:card\" content=\"summary_large_image\" \/>\n<meta name=\"twitter:label1\" content=\"Dur\u00e9e de lecture estim\u00e9e\" \/>\n\t<meta name=\"twitter:data1\" content=\"12 minutes\" \/>\n<script type=\"application\/ld+json\" class=\"yoast-schema-graph\">{\"@context\":\"https:\/\/schema.org\",\"@graph\":[{\"@type\":\"WebPage\",\"@id\":\"https:\/\/oxiplant.com\/fr\/rd\/\",\"url\":\"https:\/\/oxiplant.com\/fr\/rd\/\",\"name\":\"R&amp;D - Oxiplant\",\"isPartOf\":{\"@id\":\"https:\/\/oxiplant.com\/fr\/#website\"},\"datePublished\":\"2025-10-14T17:10:40+00:00\",\"dateModified\":\"2026-02-16T20:27:17+00:00\",\"breadcrumb\":{\"@id\":\"https:\/\/oxiplant.com\/fr\/rd\/#breadcrumb\"},\"inLanguage\":\"fr-FR\",\"potentialAction\":[{\"@type\":\"ReadAction\",\"target\":[\"https:\/\/oxiplant.com\/fr\/rd\/\"]}]},{\"@type\":\"BreadcrumbList\",\"@id\":\"https:\/\/oxiplant.com\/fr\/rd\/#breadcrumb\",\"itemListElement\":[{\"@type\":\"ListItem\",\"position\":1,\"name\":\"Portada\",\"item\":\"https:\/\/oxiplant.com\/fr\/\"},{\"@type\":\"ListItem\",\"position\":2,\"name\":\"R&amp;D\"}]},{\"@type\":\"WebSite\",\"@id\":\"https:\/\/oxiplant.com\/fr\/#website\",\"url\":\"https:\/\/oxiplant.com\/fr\/\",\"name\":\"Oxiplant\",\"description\":\"\",\"potentialAction\":[{\"@type\":\"SearchAction\",\"target\":{\"@type\":\"EntryPoint\",\"urlTemplate\":\"https:\/\/oxiplant.com\/fr\/?s={search_term_string}\"},\"query-input\":{\"@type\":\"PropertyValueSpecification\",\"valueRequired\":true,\"valueName\":\"search_term_string\"}}],\"inLanguage\":\"fr-FR\"}]}<\/script>\n<!-- \/ Yoast SEO plugin. -->","yoast_head_json":{"title":"R&amp;D - Oxiplant","robots":{"index":"index","follow":"follow","max-snippet":"max-snippet:-1","max-image-preview":"max-image-preview:large","max-video-preview":"max-video-preview:-1"},"canonical":"https:\/\/oxiplant.com\/fr\/rd\/","og_locale":"fr_FR","og_type":"article","og_title":"R&amp;D - Oxiplant","og_description":"[vc_section][vc_row css=\u00a0\u00bb.vc_custom_1467568839237{margin-bottom: 80px !important;}\u00a0\u00bb][vc_column width=\u00a0\u00bb1\/2&Prime;][vc_empty_space height=\u00a0\u00bb15px\u00a0\u00bb][vc_column_text]Nous stimulons l&rsquo;avenir industriel gr\u00e2ce \u00e0 une R&amp;D de pointe. Nous int\u00e9grons des traitements de surface tels que le grenaillage et le meulage, ainsi que l&rsquo;automatisation et la robotisation pour un fonctionnement continu. Notre strat\u00e9gie d&rsquo;innovation s&rsquo;\u00e9tend \u00e0 tous les d\u00e9partements, y compris le marketing, la logistique et la qualit\u00e9, [&hellip;]","og_url":"https:\/\/oxiplant.com\/fr\/rd\/","og_site_name":"Oxiplant","article_modified_time":"2026-02-16T20:27:17+00:00","twitter_card":"summary_large_image","twitter_misc":{"Dur\u00e9e de lecture estim\u00e9e":"12 minutes"},"schema":{"@context":"https:\/\/schema.org","@graph":[{"@type":"WebPage","@id":"https:\/\/oxiplant.com\/fr\/rd\/","url":"https:\/\/oxiplant.com\/fr\/rd\/","name":"R&amp;D - Oxiplant","isPartOf":{"@id":"https:\/\/oxiplant.com\/fr\/#website"},"datePublished":"2025-10-14T17:10:40+00:00","dateModified":"2026-02-16T20:27:17+00:00","breadcrumb":{"@id":"https:\/\/oxiplant.com\/fr\/rd\/#breadcrumb"},"inLanguage":"fr-FR","potentialAction":[{"@type":"ReadAction","target":["https:\/\/oxiplant.com\/fr\/rd\/"]}]},{"@type":"BreadcrumbList","@id":"https:\/\/oxiplant.com\/fr\/rd\/#breadcrumb","itemListElement":[{"@type":"ListItem","position":1,"name":"Portada","item":"https:\/\/oxiplant.com\/fr\/"},{"@type":"ListItem","position":2,"name":"R&amp;D"}]},{"@type":"WebSite","@id":"https:\/\/oxiplant.com\/fr\/#website","url":"https:\/\/oxiplant.com\/fr\/","name":"Oxiplant","description":"","potentialAction":[{"@type":"SearchAction","target":{"@type":"EntryPoint","urlTemplate":"https:\/\/oxiplant.com\/fr\/?s={search_term_string}"},"query-input":{"@type":"PropertyValueSpecification","valueRequired":true,"valueName":"search_term_string"}}],"inLanguage":"fr-FR"}]}},"_links":{"self":[{"href":"https:\/\/oxiplant.com\/fr\/wp-json\/wp\/v2\/pages\/7657","targetHints":{"allow":["GET"]}}],"collection":[{"href":"https:\/\/oxiplant.com\/fr\/wp-json\/wp\/v2\/pages"}],"about":[{"href":"https:\/\/oxiplant.com\/fr\/wp-json\/wp\/v2\/types\/page"}],"author":[{"embeddable":true,"href":"https:\/\/oxiplant.com\/fr\/wp-json\/wp\/v2\/users\/1"}],"replies":[{"embeddable":true,"href":"https:\/\/oxiplant.com\/fr\/wp-json\/wp\/v2\/comments?post=7657"}],"version-history":[{"count":1,"href":"https:\/\/oxiplant.com\/fr\/wp-json\/wp\/v2\/pages\/7657\/revisions"}],"predecessor-version":[{"id":7665,"href":"https:\/\/oxiplant.com\/fr\/wp-json\/wp\/v2\/pages\/7657\/revisions\/7665"}],"wp:attachment":[{"href":"https:\/\/oxiplant.com\/fr\/wp-json\/wp\/v2\/media?parent=7657"}],"curies":[{"name":"wp","href":"https:\/\/api.w.org\/{rel}","templated":true}]}}