{"id":7666,"date":"2025-10-28T12:03:27","date_gmt":"2025-10-28T11:03:27","guid":{"rendered":"https:\/\/oxiplant.com\/new2\/iso-9001\/"},"modified":"2026-02-12T13:08:23","modified_gmt":"2026-02-12T12:08:23","slug":"iso-9001","status":"publish","type":"page","link":"https:\/\/oxiplant.com\/fr\/iso-9001\/","title":{"rendered":"ISO 9001"},"content":{"rendered":"<div class=\"wpb-content-wrapper\"><p>[vc_section][vc_row css=\u00a0\u00bb.vc_custom_1467568839237{margin-bottom: 80px !important;}\u00a0\u00bb][vc_column width=\u00a0\u00bb1\/2&Prime;][vc_empty_space][vc_column_text]Nous stimulons l&rsquo;avenir industriel gr\u00e2ce \u00e0 une R&amp;D de pointe.<\/p>\n<p>Nous int\u00e9grons des traitements de surface tels que le grenaillage et le meulage, ainsi que l&rsquo;automatisation et la robotisation pour un fonctionnement continu.<\/p>\n<p>Notre strat\u00e9gie d&rsquo;innovation s&rsquo;\u00e9tend \u00e0 tous les d\u00e9partements, y compris le marketing, la logistique et la qualit\u00e9, et nous utilisons l&rsquo;intelligence artificielle et les technologies de tra\u00e7abilit\u00e9 telles que les codes QR pour un suivi pr\u00e9cis de chaque pi\u00e8ce.<\/p>\n<p>Nous sommes \u00e9galement sp\u00e9cialis\u00e9s dans la conception et le d\u00e9veloppement personnalis\u00e9s, avec des projets EPC et une assistance technique au montage.[\/vc_column_text][\/vc_column][vc_column width=\u00a0\u00bb1\/2&Prime; css=\u00a0\u00bb.vc_custom_1760485591380{padding-left: 50px !important;}\u00a0\u00bb]<div  class=\"wpb_content_element   clearfix\"><style type=\"text\/css\">#ut_am_69f4187cf12e6 { opacity: 1; }#ut_am_wrap_69f4187cf12e8 img,#ut_am_wrap_69f4187cf12e8 .ut-image-gallery-image-caption,#ut_am_wrap_69f4187cf12e8 .ut-box-shadow-container,#ut_am_wrap_69f4187cf12e8 .ut-box-shadow-container-inner,#ut_am_wrap_69f4187cf12e8 .ut-block-revealer-element-container,#ut_am_wrap_69f4187cf12e8 .ut-animated-image-zoom { -webkit-border-radius: 9px; -moz-border-radius: 9px; border-radius: 9px; }#ut_am_wrap_69f4187cf12e8 .ut-image-gallery-item-caption-title h3 { letter-spacing: 0em; }#ut_am_wrap_69f4187cf12e8 .ut-gallery-slider-caption { color: #999999; }#ut_am_wrap_69f4187cf12e8 .ut-gallery-slider-caption { font-weight: normal; }#ut_am_wrap_69f4187cf12e8 { text-align: right; }@media (min-width: 768px) and (max-width: 1024px) { #ut_am_wrap_69f4187cf12e8 { text-align: right !important; } }@media (max-width: 767px) { #ut_am_wrap_69f4187cf12e8 { text-align: center !important; } }<\/style><div id=\"ut_am_wrap_69f4187cf12e8\" class=\"ut-image-gallery-image \"><div id=\"ut_reveal_69f4187cf12ea\"  data-appear-top-offset=\"auto\" class=\"ut-animated-image-item ut-image-gallery-item ut-animation-done \"><a class=\"ut-deactivated-link\" href=\"#\"><div class=\"ut-animated-image-zoom\"><img loading=\"lazy\" decoding=\"async\" class=\"ut-lazy skip-lazy ut-animated-image \"  id=\"ut_am_69f4187cf12e6\" src=\"data:image\/svg+xml;charset=utf-8,%3Csvg xmlns%3D'http%3A%2F%2Fwww.w3.org%2F2000%2Fsvg' viewBox%3D'0 0 1492 1418'%2F%3E\" data-src=\"https:\/\/oxiplant.com\/wp-content\/uploads\/2025\/10\/id-1.jpg\" width=\"1492\" height=\"1418\" alt=\"\"\/><\/div><\/a><\/div><\/div><\/div>[\/vc_column][\/vc_row][vc_row css=\u00a0\u00bb.vc_custom_1467568839237{margin-bottom: 80px !important;}\u00a0\u00bb][vc_column width=\u00a0\u00bb1\/2&Prime;]<div  class=\"wpb_content_element   clearfix\"><style type=\"text\/css\">#ut_am_69f4187cf1e57 { opacity: 1; }#ut_am_wrap_69f4187cf1e59 img,#ut_am_wrap_69f4187cf1e59 .ut-image-gallery-image-caption,#ut_am_wrap_69f4187cf1e59 .ut-box-shadow-container,#ut_am_wrap_69f4187cf1e59 .ut-box-shadow-container-inner,#ut_am_wrap_69f4187cf1e59 .ut-block-revealer-element-container,#ut_am_wrap_69f4187cf1e59 .ut-animated-image-zoom { -webkit-border-radius: 9px; -moz-border-radius: 9px; border-radius: 9px; }#ut_am_wrap_69f4187cf1e59 .ut-image-gallery-item-caption-title h3 { letter-spacing: 0em; }#ut_am_wrap_69f4187cf1e59 .ut-gallery-slider-caption { font-weight: bold; }#ut_am_wrap_69f4187cf1e59 { text-align: left; }@media (min-width: 768px) and (max-width: 1024px) { #ut_am_wrap_69f4187cf1e59 { text-align: left !important; } }@media (max-width: 767px) { #ut_am_wrap_69f4187cf1e59 { text-align: center !important; } }<\/style><div id=\"ut_am_wrap_69f4187cf1e59\" class=\"ut-image-gallery-image \"><div id=\"ut_reveal_69f4187cf1e5a\"  data-appear-top-offset=\"auto\" class=\"ut-animated-image-item ut-image-gallery-item ut-animation-done \"><a class=\"ut-deactivated-link\" href=\"#\"><div class=\"ut-animated-image-zoom\"><img loading=\"lazy\" decoding=\"async\" class=\"ut-lazy skip-lazy ut-animated-image \"  id=\"ut_am_69f4187cf1e57\" src=\"data:image\/svg+xml;charset=utf-8,%3Csvg xmlns%3D'http%3A%2F%2Fwww.w3.org%2F2000%2Fsvg' viewBox%3D'0 0 1492 1418'%2F%3E\" data-src=\"https:\/\/oxiplant.com\/wp-content\/uploads\/2025\/10\/id-2.jpg\" width=\"1492\" height=\"1418\" alt=\"\"\/><\/div><\/a><\/div><\/div><\/div>[\/vc_column][vc_column width=\u00a0\u00bb1\/2&Prime;]<div class=\"wpb_content_element \"><style type=\"text\/css\">#ut_header_69f4187cf2dbc h2.section-title { font-size:24px !important; }<\/style><header id=\"ut_header_69f4187cf2dbc\" class=\"section-header  ut-no-title-linebreak-mobile ut-no-lead-linebreak-mobile pt-style-2 header-left header-tablet-left header-mobile-center\"><h2 data-title=\"Mod\u00e9lisation 3D\"  data-responsive-font=\"section_title\" data-responsive-font-settings=\"{&quot;base-font-size&quot;:&quot;24&quot;,&quot;font-size-unit&quot;:&quot;px&quot;,&quot;font-size&quot;:{&quot;desktop_large&quot;:&quot;24&quot;},&quot;base-line-height&quot;:&quot;global&quot;,&quot;base-letter-spacing&quot;:&quot;global&quot;}\" class=\"section-title  \"><span>Mod\u00e9lisation 3D<\/span><\/h2><\/header><\/div>[vc_column_text]Chez Oxiplant, nous combinons notre expertise dans la d\u00e9coupe de t\u00f4les et de tubes en acier avec la technologie de mod\u00e9lisation 3D la plus avanc\u00e9e afin d&rsquo;offrir des r\u00e9sultats d&rsquo;une pr\u00e9cision maximale. Chaque projet commence par une reconstitution num\u00e9rique d\u00e9taill\u00e9e du produit demand\u00e9, ce qui nous permet d&rsquo;anticiper les ajustements \u00e9ventuels, d&rsquo;optimiser les processus et de garantir un d\u00e9veloppement impeccable d\u00e8s la phase initiale. <\/p>\n<p>La mod\u00e9lisation en trois dimensions am\u00e9liore non seulement la pr\u00e9cision technique, mais offre \u00e9galement \u00e0 nos clients une visualisation claire et r\u00e9aliste des pi\u00e8ces avant leur fabrication. Ils peuvent ainsi v\u00e9rifier les mesures, les finitions et les assemblages en toute s\u00e9curit\u00e9, ce qui r\u00e9duit les d\u00e9lais de production et \u00e9vite les erreurs co\u00fbteuses. <\/p>\n<p>Gr\u00e2ce \u00e0 cette approche, chez Oxiplant, nous obtenons une synergie parfaite entre l&rsquo;ing\u00e9nierie, la conception et la fabrication, garantissant que chaque d\u00e9coupe, pliage ou usinage est r\u00e9alis\u00e9 avec la plus grande pr\u00e9cision possible. Notre engagement en faveur de la qualit\u00e9 et de l&rsquo;innovation nous permet d&rsquo;offrir des solutions personnalis\u00e9es et efficaces pour les secteurs les plus exigeants : industriel, m\u00e9tallurgique, architectural et \u00e9nerg\u00e9tique. [\/vc_column_text][\/vc_column][\/vc_row][\/vc_section]<\/p>\n<\/div>","protected":false},"excerpt":{"rendered":"<p>[vc_section][vc_row css=\u00a0\u00bb.vc_custom_1467568839237{margin-bottom: 80px !important;}\u00a0\u00bb][vc_column width=\u00a0\u00bb1\/2&Prime;][vc_empty_space][vc_column_text]Nous stimulons l&rsquo;avenir industriel gr\u00e2ce \u00e0 une R&amp;D de pointe. Nous int\u00e9grons des traitements de surface tels que le grenaillage et le meulage, ainsi que l&rsquo;automatisation et la robotisation pour un fonctionnement continu. Notre strat\u00e9gie d&rsquo;innovation s&rsquo;\u00e9tend \u00e0 tous les d\u00e9partements, y compris le marketing, la logistique et la qualit\u00e9, et [&hellip;]<\/p>\n","protected":false},"author":1,"featured_media":0,"parent":0,"menu_order":0,"comment_status":"closed","ping_status":"closed","template":"","meta":{"footnotes":""},"class_list":["post-7666","page","type-page","status-publish","hentry"],"acf":[],"yoast_head":"<!-- This site is optimized with the Yoast SEO plugin v27.1.1 - https:\/\/yoast.com\/product\/yoast-seo-wordpress\/ -->\n<title>ISO 9001 - Oxiplant<\/title>\n<meta name=\"robots\" content=\"index, follow, max-snippet:-1, max-image-preview:large, max-video-preview:-1\" \/>\n<link rel=\"canonical\" href=\"https:\/\/oxiplant.com\/fr\/iso-9001\/\" \/>\n<meta property=\"og:locale\" content=\"fr_FR\" \/>\n<meta property=\"og:type\" content=\"article\" \/>\n<meta property=\"og:title\" content=\"ISO 9001 - Oxiplant\" \/>\n<meta property=\"og:description\" content=\"[vc_section][vc_row css=\u00a0\u00bb.vc_custom_1467568839237{margin-bottom: 80px !important;}\u00a0\u00bb][vc_column width=\u00a0\u00bb1\/2&Prime;][vc_empty_space][vc_column_text]Nous stimulons l&rsquo;avenir industriel gr\u00e2ce \u00e0 une R&amp;D de pointe. Nous int\u00e9grons des traitements de surface tels que le grenaillage et le meulage, ainsi que l&rsquo;automatisation et la robotisation pour un fonctionnement continu. Notre strat\u00e9gie d&rsquo;innovation s&rsquo;\u00e9tend \u00e0 tous les d\u00e9partements, y compris le marketing, la logistique et la qualit\u00e9, et [&hellip;]\" \/>\n<meta property=\"og:url\" content=\"https:\/\/oxiplant.com\/fr\/iso-9001\/\" \/>\n<meta property=\"og:site_name\" content=\"Oxiplant\" \/>\n<meta property=\"article:modified_time\" content=\"2026-02-12T12:08:23+00:00\" \/>\n<meta name=\"twitter:card\" content=\"summary_large_image\" \/>\n<meta name=\"twitter:label1\" content=\"Dur\u00e9e de lecture estim\u00e9e\" \/>\n\t<meta name=\"twitter:data1\" content=\"4 minutes\" \/>\n<script type=\"application\/ld+json\" class=\"yoast-schema-graph\">{\"@context\":\"https:\/\/schema.org\",\"@graph\":[{\"@type\":\"WebPage\",\"@id\":\"https:\/\/oxiplant.com\/fr\/iso-9001\/\",\"url\":\"https:\/\/oxiplant.com\/fr\/iso-9001\/\",\"name\":\"ISO 9001 - Oxiplant\",\"isPartOf\":{\"@id\":\"https:\/\/oxiplant.com\/fr\/#website\"},\"datePublished\":\"2025-10-28T11:03:27+00:00\",\"dateModified\":\"2026-02-12T12:08:23+00:00\",\"breadcrumb\":{\"@id\":\"https:\/\/oxiplant.com\/fr\/iso-9001\/#breadcrumb\"},\"inLanguage\":\"fr-FR\",\"potentialAction\":[{\"@type\":\"ReadAction\",\"target\":[\"https:\/\/oxiplant.com\/fr\/iso-9001\/\"]}]},{\"@type\":\"BreadcrumbList\",\"@id\":\"https:\/\/oxiplant.com\/fr\/iso-9001\/#breadcrumb\",\"itemListElement\":[{\"@type\":\"ListItem\",\"position\":1,\"name\":\"Portada\",\"item\":\"https:\/\/oxiplant.com\/fr\/\"},{\"@type\":\"ListItem\",\"position\":2,\"name\":\"ISO 9001\"}]},{\"@type\":\"WebSite\",\"@id\":\"https:\/\/oxiplant.com\/fr\/#website\",\"url\":\"https:\/\/oxiplant.com\/fr\/\",\"name\":\"Oxiplant\",\"description\":\"\",\"potentialAction\":[{\"@type\":\"SearchAction\",\"target\":{\"@type\":\"EntryPoint\",\"urlTemplate\":\"https:\/\/oxiplant.com\/fr\/?s={search_term_string}\"},\"query-input\":{\"@type\":\"PropertyValueSpecification\",\"valueRequired\":true,\"valueName\":\"search_term_string\"}}],\"inLanguage\":\"fr-FR\"}]}<\/script>\n<!-- \/ Yoast SEO plugin. -->","yoast_head_json":{"title":"ISO 9001 - Oxiplant","robots":{"index":"index","follow":"follow","max-snippet":"max-snippet:-1","max-image-preview":"max-image-preview:large","max-video-preview":"max-video-preview:-1"},"canonical":"https:\/\/oxiplant.com\/fr\/iso-9001\/","og_locale":"fr_FR","og_type":"article","og_title":"ISO 9001 - Oxiplant","og_description":"[vc_section][vc_row css=\u00a0\u00bb.vc_custom_1467568839237{margin-bottom: 80px !important;}\u00a0\u00bb][vc_column width=\u00a0\u00bb1\/2&Prime;][vc_empty_space][vc_column_text]Nous stimulons l&rsquo;avenir industriel gr\u00e2ce \u00e0 une R&amp;D de pointe. Nous int\u00e9grons des traitements de surface tels que le grenaillage et le meulage, ainsi que l&rsquo;automatisation et la robotisation pour un fonctionnement continu. Notre strat\u00e9gie d&rsquo;innovation s&rsquo;\u00e9tend \u00e0 tous les d\u00e9partements, y compris le marketing, la logistique et la qualit\u00e9, et [&hellip;]","og_url":"https:\/\/oxiplant.com\/fr\/iso-9001\/","og_site_name":"Oxiplant","article_modified_time":"2026-02-12T12:08:23+00:00","twitter_card":"summary_large_image","twitter_misc":{"Dur\u00e9e de lecture estim\u00e9e":"4 minutes"},"schema":{"@context":"https:\/\/schema.org","@graph":[{"@type":"WebPage","@id":"https:\/\/oxiplant.com\/fr\/iso-9001\/","url":"https:\/\/oxiplant.com\/fr\/iso-9001\/","name":"ISO 9001 - Oxiplant","isPartOf":{"@id":"https:\/\/oxiplant.com\/fr\/#website"},"datePublished":"2025-10-28T11:03:27+00:00","dateModified":"2026-02-12T12:08:23+00:00","breadcrumb":{"@id":"https:\/\/oxiplant.com\/fr\/iso-9001\/#breadcrumb"},"inLanguage":"fr-FR","potentialAction":[{"@type":"ReadAction","target":["https:\/\/oxiplant.com\/fr\/iso-9001\/"]}]},{"@type":"BreadcrumbList","@id":"https:\/\/oxiplant.com\/fr\/iso-9001\/#breadcrumb","itemListElement":[{"@type":"ListItem","position":1,"name":"Portada","item":"https:\/\/oxiplant.com\/fr\/"},{"@type":"ListItem","position":2,"name":"ISO 9001"}]},{"@type":"WebSite","@id":"https:\/\/oxiplant.com\/fr\/#website","url":"https:\/\/oxiplant.com\/fr\/","name":"Oxiplant","description":"","potentialAction":[{"@type":"SearchAction","target":{"@type":"EntryPoint","urlTemplate":"https:\/\/oxiplant.com\/fr\/?s={search_term_string}"},"query-input":{"@type":"PropertyValueSpecification","valueRequired":true,"valueName":"search_term_string"}}],"inLanguage":"fr-FR"}]}},"_links":{"self":[{"href":"https:\/\/oxiplant.com\/fr\/wp-json\/wp\/v2\/pages\/7666","targetHints":{"allow":["GET"]}}],"collection":[{"href":"https:\/\/oxiplant.com\/fr\/wp-json\/wp\/v2\/pages"}],"about":[{"href":"https:\/\/oxiplant.com\/fr\/wp-json\/wp\/v2\/types\/page"}],"author":[{"embeddable":true,"href":"https:\/\/oxiplant.com\/fr\/wp-json\/wp\/v2\/users\/1"}],"replies":[{"embeddable":true,"href":"https:\/\/oxiplant.com\/fr\/wp-json\/wp\/v2\/comments?post=7666"}],"version-history":[{"count":1,"href":"https:\/\/oxiplant.com\/fr\/wp-json\/wp\/v2\/pages\/7666\/revisions"}],"predecessor-version":[{"id":7667,"href":"https:\/\/oxiplant.com\/fr\/wp-json\/wp\/v2\/pages\/7666\/revisions\/7667"}],"wp:attachment":[{"href":"https:\/\/oxiplant.com\/fr\/wp-json\/wp\/v2\/media?parent=7666"}],"curies":[{"name":"wp","href":"https:\/\/api.w.org\/{rel}","templated":true}]}}