{"id":7668,"date":"2025-10-15T08:02:11","date_gmt":"2025-10-15T06:02:11","guid":{"rendered":"https:\/\/oxiplant.com\/new2\/usinage\/"},"modified":"2026-03-26T16:39:56","modified_gmt":"2026-03-26T15:39:56","slug":"usinage","status":"publish","type":"page","link":"https:\/\/oxiplant.com\/fr\/usinage\/","title":{"rendered":"Usinage"},"content":{"rendered":"<div class=\"wpb-content-wrapper\"><p>[vc_section][vc_row content_placement=\u00a0\u00bbmiddle\u00a0\u00bb css=\u00a0\u00bb.vc_custom_1765487518362{margin-bottom: 0px !important;}\u00a0\u00bb][vc_column width=\u00a0\u00bb1\/2&Prime;][vc_column_text]Nos <strong>centres d&rsquo;usinage verticaux ont une course longitudinale de 4 000 mm et sont con\u00e7us pour usiner des pi\u00e8ces pouvant peser jusqu&rsquo;\u00e0 1 300 kg<\/strong>, offrant une excellente stabilit\u00e9 et pr\u00e9cision, m\u00eame dans les op\u00e9rations exigeantes.<\/p>\n<p>De plus, nos machines de d\u00e9coupe, tant pour la t\u00f4le que pour les tubes, sont con\u00e7ues pour r\u00e9aliser des <strong>chanfreinages, des poin\u00e7onnages, des per\u00e7ages et des filetages<\/strong> directement pendant le processus. Cette polyvalence r\u00e9duit consid\u00e9rablement les op\u00e9rations ult\u00e9rieures, acc\u00e9l\u00e8re la fabrication et permet de livrer des pi\u00e8ces pr\u00eates pour la phase suivante d&rsquo;assemblage ou d&rsquo;usinage.[\/vc_column_text][\/vc_column][vc_column width=\u00a0\u00bb1\/2&Prime;]<div  class=\"wpb_content_element   clearfix\"><style type=\"text\/css\">#ut_am_69e3661007576 { opacity: 1; }#ut_am_wrap_69e3661007579 img,#ut_am_wrap_69e3661007579 .ut-image-gallery-image-caption,#ut_am_wrap_69e3661007579 .ut-box-shadow-container,#ut_am_wrap_69e3661007579 .ut-box-shadow-container-inner,#ut_am_wrap_69e3661007579 .ut-block-revealer-element-container,#ut_am_wrap_69e3661007579 .ut-animated-image-zoom { -webkit-border-radius: 9px; -moz-border-radius: 9px; border-radius: 9px; }#ut_am_wrap_69e3661007579 .ut-image-gallery-item-caption-title h3 { letter-spacing: 0em; }#ut_am_wrap_69e3661007579 .ut-gallery-slider-caption { color: #999999; }#ut_am_wrap_69e3661007579 .ut-gallery-slider-caption { font-weight: normal; }#ut_am_wrap_69e3661007579 { text-align: right; }@media (min-width: 768px) and (max-width: 1024px) { #ut_am_wrap_69e3661007579 { text-align: right !important; } }@media (max-width: 767px) { #ut_am_wrap_69e3661007579 { text-align: center !important; } }<\/style><div id=\"ut_am_wrap_69e3661007579\" class=\"ut-image-gallery-image \"><div id=\"ut_reveal_69e366100757b\"  data-appear-top-offset=\"auto\" class=\"ut-animated-image-item ut-image-gallery-item ut-animation-done \"><a class=\"ut-deactivated-link\" href=\"#\"><div class=\"ut-animated-image-zoom\"><img loading=\"lazy\" decoding=\"async\" class=\"ut-lazy skip-lazy ut-animated-image \"  id=\"ut_am_69e3661007576\" src=\"data:image\/svg+xml;charset=utf-8,%3Csvg xmlns%3D'http%3A%2F%2Fwww.w3.org%2F2000%2Fsvg' viewBox%3D'0 0 907 517'%2F%3E\" data-src=\"https:\/\/oxiplant.com\/wp-content\/uploads\/2025\/11\/mecanizado-2.jpg\" width=\"907\" height=\"517\" alt=\"\"\/><\/div><\/a><\/div><\/div><\/div>[\/vc_column][\/vc_row][\/vc_section][vc_section css=\u00a0\u00bb.vc_custom_1764278583828{background-color: #eeeeee !important;}\u00a0\u00bb][vc_row full_width=\u00a0\u00bbstretch_row_content\u00a0\u00bb css=\u00a0\u00bb.vc_custom_1764279994030{margin-bottom: 80px !important;}\u00a0\u00bb][vc_column width=\u00a0\u00bb1\/2&Prime;]<div  class=\"wpb_content_element   clearfix\"><style type=\"text\/css\">#ut_am_69e36610081bf { opacity: 1; }#ut_am_wrap_69e36610081c3 .ut-image-gallery-item-caption-title h3 { letter-spacing: 0em; }#ut_am_wrap_69e36610081c3 .ut-gallery-slider-caption { font-weight: bold; }#ut_am_wrap_69e36610081c3 { text-align: left; }@media (min-width: 768px) and (max-width: 1024px) { #ut_am_wrap_69e36610081c3 { text-align: left !important; } }@media (max-width: 767px) { #ut_am_wrap_69e36610081c3 { text-align: center !important; } }<\/style><div id=\"ut_am_wrap_69e36610081c3\" class=\"ut-image-gallery-image ani_zoom\"><div id=\"ut_reveal_69e36610081c4\"  data-appear-top-offset=\"auto\" class=\"ut-animated-image-item ut-image-gallery-item ut-animation-done \"><a class=\"ut-deactivated-link\" href=\"#\"><div class=\"ut-animated-image-zoom\"><img loading=\"lazy\" decoding=\"async\" class=\"ut-lazy skip-lazy ut-animated-image \"  id=\"ut_am_69e36610081bf\" src=\"data:image\/svg+xml;charset=utf-8,%3Csvg xmlns%3D'http%3A%2F%2Fwww.w3.org%2F2000%2Fsvg' viewBox%3D'0 0 1367 564'%2F%3E\" data-src=\"https:\/\/oxiplant.com\/wp-content\/uploads\/2026\/03\/servi-mecanizado-fr.jpg\" width=\"1367\" height=\"564\" alt=\"\"\/><\/div><\/a><\/div><\/div><\/div>[\/vc_column][vc_column width=\u00a0\u00bb1\/2&Prime;]<div  class=\"wpb_content_element   clearfix\"><style type=\"text\/css\">#ut_am_69e3661008bd2 { opacity: 1; }#ut_am_wrap_69e3661008bd5 .ut-image-gallery-item-caption-title h3 { letter-spacing: 0em; }#ut_am_wrap_69e3661008bd5 .ut-gallery-slider-caption { font-weight: bold; }#ut_am_wrap_69e3661008bd5 { text-align: left; }@media (min-width: 768px) and (max-width: 1024px) { #ut_am_wrap_69e3661008bd5 { text-align: left !important; } }@media (max-width: 767px) { #ut_am_wrap_69e3661008bd5 { text-align: center !important; } }<\/style><div id=\"ut_am_wrap_69e3661008bd5\" class=\"ut-image-gallery-image ani_zoom\"><div id=\"ut_reveal_69e3661008bd6\"  data-appear-top-offset=\"auto\" class=\"ut-animated-image-item ut-image-gallery-item ut-animation-done \"><a class=\"ut-deactivated-link\" href=\"#\"><div class=\"ut-animated-image-zoom\"><img loading=\"lazy\" decoding=\"async\" class=\"ut-lazy skip-lazy ut-animated-image \"  id=\"ut_am_69e3661008bd2\" src=\"data:image\/svg+xml;charset=utf-8,%3Csvg xmlns%3D'http%3A%2F%2Fwww.w3.org%2F2000%2Fsvg' viewBox%3D'0 0 1367 564'%2F%3E\" data-src=\"https:\/\/oxiplant.com\/wp-content\/uploads\/2026\/03\/servi-fresadora-fr-1.jpg\" width=\"1367\" height=\"564\" alt=\"\"\/><\/div><\/a><\/div><\/div><\/div>[\/vc_column][\/vc_row][vc_row full_width=\u00a0\u00bbstretch_row_content\u00a0\u00bb css=\u00a0\u00bb.vc_custom_1764279253684{margin-top: 0px !important;}\u00a0\u00bb][vc_column css=\u00a0\u00bb.vc_custom_1762274329956{padding-top: 0px !important;}\u00a0\u00bb][vc_row_inner][vc_column_inner width=\u00a0\u00bb1\/2&Prime; css=\u00a0\u00bb.vc_custom_1764280064229{margin-right: 40% !important;margin-left: 50% !important;padding-top: 10px !important;padding-right: 10px !important;padding-bottom: 10px !important;padding-left: 10px !important;}\u00a0\u00bb]<div  class=\"wpb_content_element   clearfix\"><style type=\"text\/css\">#ut_am_69e366100a049 { opacity: 1; }#ut_am_wrap_69e366100a04d img,#ut_am_wrap_69e366100a04d .ut-image-gallery-image-caption,#ut_am_wrap_69e366100a04d .ut-box-shadow-container,#ut_am_wrap_69e366100a04d .ut-box-shadow-container-inner,#ut_am_wrap_69e366100a04d .ut-block-revealer-element-container,#ut_am_wrap_69e366100a04d .ut-animated-image-zoom { -webkit-border-radius: 9px; -moz-border-radius: 9px; border-radius: 9px; }#ut_am_wrap_69e366100a04d .ut-image-gallery-item-caption-title h3 { letter-spacing: 0em; }#ut_am_wrap_69e366100a04d .ut-gallery-slider-caption { font-weight: bold; }#ut_am_wrap_69e366100a04d { text-align: left; }@media (min-width: 768px) and (max-width: 1024px) { #ut_am_wrap_69e366100a04d { text-align: left !important; } }@media (max-width: 767px) { #ut_am_wrap_69e366100a04d { text-align: center !important; } }<\/style><div id=\"ut_am_wrap_69e366100a04d\" class=\"ut-image-gallery-image ani_zoom\"><div id=\"ut_reveal_69e366100a04e\"  data-appear-top-offset=\"auto\" class=\"ut-animated-image-item ut-image-gallery-item ut-animation-done \"><a class=\"ut-deactivated-link\" href=\"#\"><div class=\"ut-animated-image-zoom\"><img decoding=\"async\" class=\"ut-lazy skip-lazy ut-animated-image \"  id=\"ut_am_69e366100a049\" src=\"data:image\/svg+xml;charset=utf-8,%3Csvg xmlns%3D'http%3A%2F%2Fwww.w3.org%2F2000%2Fsvg' viewBox%3D'0 0 92% 600'%2F%3E\" data-src=\"https:\/\/oxiplant.com\/wp-content\/uploads\/2026\/03\/servi-torno-fr.jpg\" width=\"92%\" height=\"\" alt=\"\"\/><\/div><\/a><\/div><\/div><\/div>[\/vc_column_inner][\/vc_row_inner][\/vc_column][\/vc_row][\/vc_section][vc_section][vc_row][vc_column width=\u00a0\u00bb1\/6&Prime; css=\u00a0\u00bb.vc_custom_1764283621195{margin-top: 15px !important;}\u00a0\u00bb]<div  class=\"wpb_content_element   clearfix\"><style type=\"text\/css\">#ut_am_69e366100b02d { opacity: 1; }#ut_am_wrap_69e366100b031 .ut-image-gallery-item-caption-title h3 { color: #ffffff; }#ut_am_wrap_69e366100b031 .ut-image-gallery-item-caption-title-style-2 h3 { color: #ffffff; }#ut_am_wrap_69e366100b031 .ut-image-gallery-item-caption-title h3 { letter-spacing: 0em; }#ut_am_wrap_69e366100b031 .ut-gallery-slider-caption { font-weight: bold; }#ut_am_wrap_69e366100b031 { text-align: center; }@media (min-width: 768px) and (max-width: 1024px) { #ut_am_wrap_69e366100b031 { text-align: center !important; } }@media (max-width: 767px) { #ut_am_wrap_69e366100b031 { text-align: center !important; } }<\/style><div id=\"ut_am_wrap_69e366100b031\" class=\"ut-image-gallery-image ani_zoom\"><div id=\"ut_reveal_69e366100b032\"  data-appear-top-offset=\"auto\" class=\"ut-animated-image-item ut-image-gallery-item ut-animation-done \"><a target=\"_blank\" href=\"https:\/\/oxiplant.com\/new2\/wp-content\/uploads\/2025\/11\/OXIP_0094-CPR-MAD-20160126-SPA_Iss04-9Jun25-FPC-cer-EN1090.pdf\" rel=\"nofollow\"><div class=\"ut-animated-image-zoom\"><img loading=\"lazy\" decoding=\"async\" class=\"ut-lazy skip-lazy ut-animated-image \"  id=\"ut_am_69e366100b02d\" src=\"data:image\/svg+xml;charset=utf-8,%3Csvg xmlns%3D'http%3A%2F%2Fwww.w3.org%2F2000%2Fsvg' viewBox%3D'0 0 300 190'%2F%3E\" data-src=\"https:\/\/oxiplant.com\/wp-content\/uploads\/2025\/11\/iso-1090-2.jpg\" width=\"300\" height=\"190\" alt=\"\"\/><\/div><\/a><\/div><\/div><\/div>[\/vc_column][vc_column width=\u00a0\u00bb1\/6&Prime; css=\u00a0\u00bb.vc_custom_1764283634822{margin-top: 15px !important;}\u00a0\u00bb]<div  class=\"wpb_content_element   clearfix\"><style type=\"text\/css\">#ut_am_69e366100bdb7 { opacity: 1; }#ut_am_wrap_69e366100bdbb .ut-image-gallery-item-caption-title h3 { color: #ffffff; }#ut_am_wrap_69e366100bdbb .ut-image-gallery-item-caption-title-style-2 h3 { color: #ffffff; }#ut_am_wrap_69e366100bdbb .ut-image-gallery-item-caption-title h3 { letter-spacing: 0em; }#ut_am_wrap_69e366100bdbb .ut-gallery-slider-caption { font-weight: bold; }#ut_am_wrap_69e366100bdbb { text-align: center; }@media (min-width: 768px) and (max-width: 1024px) { #ut_am_wrap_69e366100bdbb { text-align: center !important; } }@media (max-width: 767px) { #ut_am_wrap_69e366100bdbb { text-align: center !important; } }<\/style><div id=\"ut_am_wrap_69e366100bdbb\" class=\"ut-image-gallery-image ani_zoom\"><div id=\"ut_reveal_69e366100bdbc\"  data-appear-top-offset=\"auto\" class=\"ut-animated-image-item ut-image-gallery-item ut-animation-done \"><a target=\"_blank\" href=\"https:\/\/oxiplant.com\/new2\/wp-content\/uploads\/2025\/11\/0038343-QMS-SPAES-UKAS.pdf\" rel=\"nofollow\"><div class=\"ut-animated-image-zoom\"><img loading=\"lazy\" decoding=\"async\" class=\"ut-lazy skip-lazy ut-animated-image \"  id=\"ut_am_69e366100bdb7\" src=\"data:image\/svg+xml;charset=utf-8,%3Csvg xmlns%3D'http%3A%2F%2Fwww.w3.org%2F2000%2Fsvg' viewBox%3D'0 0 300 190'%2F%3E\" data-src=\"https:\/\/oxiplant.com\/wp-content\/uploads\/2025\/10\/calidad-2.webp\" width=\"300\" height=\"190\" alt=\"\"\/><\/div><\/a><\/div><\/div><\/div>[\/vc_column][vc_column width=\u00a0\u00bb1\/6&Prime; css=\u00a0\u00bb.vc_custom_1764283649688{margin-top: 15px !important;}\u00a0\u00bb]<div  class=\"wpb_content_element   clearfix\"><style type=\"text\/css\">#ut_am_69e366100c90b { opacity: 1; }#ut_am_wrap_69e366100c90e .ut-image-gallery-item-caption-title h3 { color: #ffffff; }#ut_am_wrap_69e366100c90e .ut-image-gallery-item-caption-title-style-2 h3 { color: #ffffff; }#ut_am_wrap_69e366100c90e .ut-image-gallery-item-caption-title h3 { letter-spacing: 0em; }#ut_am_wrap_69e366100c90e .ut-gallery-slider-caption { font-weight: bold; }#ut_am_wrap_69e366100c90e { text-align: center; }@media (min-width: 768px) and (max-width: 1024px) { #ut_am_wrap_69e366100c90e { text-align: center !important; } }@media (max-width: 767px) { #ut_am_wrap_69e366100c90e { text-align: center !important; } }<\/style><div id=\"ut_am_wrap_69e366100c90e\" class=\"ut-image-gallery-image ani_zoom\"><div id=\"ut_reveal_69e366100c90f\"  data-appear-top-offset=\"auto\" class=\"ut-animated-image-item ut-image-gallery-item ut-animation-done \"><a target=\"_blank\" href=\"https:\/\/oxiplant.com\/new2\/wp-content\/uploads\/2025\/11\/00016995-EMS-SPAES-UKAS.pdf\" rel=\"nofollow\"><div class=\"ut-animated-image-zoom\"><img loading=\"lazy\" decoding=\"async\" class=\"ut-lazy skip-lazy ut-animated-image \"  id=\"ut_am_69e366100c90b\" src=\"data:image\/svg+xml;charset=utf-8,%3Csvg xmlns%3D'http%3A%2F%2Fwww.w3.org%2F2000%2Fsvg' viewBox%3D'0 0 300 193'%2F%3E\" data-src=\"https:\/\/oxiplant.com\/wp-content\/uploads\/2025\/10\/medioambiente.webp\" width=\"300\" height=\"193\" alt=\"\"\/><\/div><\/a><\/div><\/div><\/div>[\/vc_column][vc_column width=\u00a0\u00bb1\/6&Prime; css=\u00a0\u00bb.vc_custom_1764283665569{margin-top: 15px !important;}\u00a0\u00bb]<div  class=\"wpb_content_element   clearfix\"><style type=\"text\/css\">#ut_am_69e366100d476 { opacity: 1; }#ut_am_wrap_69e366100d478 .ut-image-gallery-item-caption-title h3 { color: #ffffff; }#ut_am_wrap_69e366100d478 .ut-image-gallery-item-caption-title-style-2 h3 { color: #ffffff; }#ut_am_wrap_69e366100d478 .ut-image-gallery-item-caption-title h3 { letter-spacing: 0em; }#ut_am_wrap_69e366100d478 .ut-gallery-slider-caption { font-weight: bold; }#ut_am_wrap_69e366100d478 { text-align: center; }@media (min-width: 768px) and (max-width: 1024px) { #ut_am_wrap_69e366100d478 { text-align: center !important; } }@media (max-width: 767px) { #ut_am_wrap_69e366100d478 { text-align: center !important; } }<\/style><div id=\"ut_am_wrap_69e366100d478\" class=\"ut-image-gallery-image ani_zoom\"><div id=\"ut_reveal_69e366100d479\"  data-appear-top-offset=\"auto\" class=\"ut-animated-image-item ut-image-gallery-item ut-animation-done \"><a target=\"_blank\" href=\"https:\/\/oxiplant.com\/new2\/wp-content\/uploads\/2025\/11\/OXIP_Cert-3834-R2-1Sep25-SPA.pdf\" rel=\"nofollow\"><div class=\"ut-animated-image-zoom\"><img loading=\"lazy\" decoding=\"async\" class=\"ut-lazy skip-lazy ut-animated-image \"  id=\"ut_am_69e366100d476\" src=\"data:image\/svg+xml;charset=utf-8,%3Csvg xmlns%3D'http%3A%2F%2Fwww.w3.org%2F2000%2Fsvg' viewBox%3D'0 0 300 190'%2F%3E\" data-src=\"https:\/\/oxiplant.com\/wp-content\/uploads\/2025\/11\/iso-3834.jpg\" width=\"300\" height=\"190\" alt=\"\"\/><\/div><\/a><\/div><\/div><\/div>[\/vc_column][vc_column width=\u00a0\u00bb1\/6&Prime; css=\u00a0\u00bb.vc_custom_1764283681323{margin-top: 15px !important;}\u00a0\u00bb]<div  class=\"wpb_content_element   clearfix\"><style type=\"text\/css\">#ut_am_69e366100dee4 { opacity: 1; }#ut_am_wrap_69e366100dee7 .ut-image-gallery-item-caption-title h3 { color: #ffffff; }#ut_am_wrap_69e366100dee7 .ut-image-gallery-item-caption-title-style-2 h3 { color: #ffffff; }#ut_am_wrap_69e366100dee7 .ut-image-gallery-item-caption-title h3 { letter-spacing: 0em; }#ut_am_wrap_69e366100dee7 .ut-gallery-slider-caption { font-weight: bold; }#ut_am_wrap_69e366100dee7 { text-align: center; }@media (min-width: 768px) and (max-width: 1024px) { #ut_am_wrap_69e366100dee7 { text-align: center !important; } }@media (max-width: 767px) { #ut_am_wrap_69e366100dee7 { text-align: center !important; } }<\/style><div id=\"ut_am_wrap_69e366100dee7\" class=\"ut-image-gallery-image ani_zoom\"><div id=\"ut_reveal_69e366100dee9\"  data-appear-top-offset=\"auto\" class=\"ut-animated-image-item ut-image-gallery-item ut-animation-done \"><a target=\"_blank\" href=\"https:\/\/www.bureauveritas.dk\/en\/our-market\/apqp4wind?utm_source=google&#038;utm_medium=cpc&#038;gad_source=1&#038;gad_campaignid=1676330063&#038;gbraid=0AAAAAD28T32t2hKEXcw7JcM30Vaxr40iY&#038;gclid=CjwKCAiA55rJBhByEiwAFkY1QG0iBDQRekciHH0dIgsblVqHdnIgnglPMpL_zGsBaOnpgxHvH1W7aBoCFQQQAvD_BwE\" rel=\"nofollow\"><div class=\"ut-animated-image-zoom\"><img loading=\"lazy\" decoding=\"async\" class=\"ut-lazy skip-lazy ut-animated-image \"  id=\"ut_am_69e366100dee4\" src=\"data:image\/svg+xml;charset=utf-8,%3Csvg xmlns%3D'http%3A%2F%2Fwww.w3.org%2F2000%2Fsvg' viewBox%3D'0 0 300 190'%2F%3E\" data-src=\"https:\/\/oxiplant.com\/wp-content\/uploads\/2025\/10\/apqp.jpg\" width=\"300\" height=\"190\" alt=\"\"\/><\/div><\/a><\/div><\/div><\/div>[\/vc_column][vc_column width=\u00a0\u00bb1\/6&Prime; css=\u00a0\u00bb.vc_custom_1764283694488{margin-top: 15px !important;}\u00a0\u00bb]<div  class=\"wpb_content_element   clearfix\"><style type=\"text\/css\">#ut_am_69e366100f04c { opacity: 1; }#ut_am_wrap_69e366100f050 .ut-image-gallery-item-caption-title h3 { color: #ffffff; }#ut_am_wrap_69e366100f050 .ut-image-gallery-item-caption-title-style-2 h3 { color: #ffffff; }#ut_am_wrap_69e366100f050 .ut-image-gallery-item-caption-title h3 { letter-spacing: 0em; }#ut_am_wrap_69e366100f050 .ut-gallery-slider-caption { font-weight: bold; }#ut_am_wrap_69e366100f050 { text-align: center; }@media (min-width: 768px) and (max-width: 1024px) { #ut_am_wrap_69e366100f050 { text-align: center !important; } }@media (max-width: 767px) { #ut_am_wrap_69e366100f050 { text-align: center !important; } }<\/style><div id=\"ut_am_wrap_69e366100f050\" class=\"ut-image-gallery-image ani_zoom\"><div id=\"ut_reveal_69e366100f051\"  data-appear-top-offset=\"auto\" class=\"ut-animated-image-item ut-image-gallery-item ut-animation-done \"><a target=\"_blank\" href=\"https:\/\/ecovadis.com\/es\/\" rel=\"nofollow\"><div class=\"ut-animated-image-zoom\"><img decoding=\"async\" class=\"ut-lazy skip-lazy ut-animated-image \"  id=\"ut_am_69e366100f04c\" src=\"data:image\/svg+xml;charset=utf-8,%3Csvg xmlns%3D'http%3A%2F%2Fwww.w3.org%2F2000%2Fsvg' viewBox%3D'0 0 118px 600'%2F%3E\" data-src=\"https:\/\/oxiplant.com\/wp-content\/uploads\/2025\/10\/reco-1.webp\" width=\"118px\" height=\"\" alt=\"\"\/><\/div><\/a><\/div><\/div><\/div>[\/vc_column][\/vc_row][\/vc_section]<\/p>\n<\/div>","protected":false},"excerpt":{"rendered":"<p>[vc_section][vc_row content_placement=\u00a0\u00bbmiddle\u00a0\u00bb css=\u00a0\u00bb.vc_custom_1765487518362{margin-bottom: 0px !important;}\u00a0\u00bb][vc_column width=\u00a0\u00bb1\/2&Prime;][vc_column_text]Nos centres d&rsquo;usinage verticaux ont une course longitudinale de 4 000 mm et sont con\u00e7us pour usiner des pi\u00e8ces pouvant peser jusqu&rsquo;\u00e0 1 300 kg, offrant une excellente stabilit\u00e9 et pr\u00e9cision, m\u00eame dans les op\u00e9rations exigeantes. De plus, nos machines de d\u00e9coupe, tant pour la t\u00f4le que pour les tubes, [&hellip;]<\/p>\n","protected":false},"author":1,"featured_media":0,"parent":0,"menu_order":0,"comment_status":"closed","ping_status":"closed","template":"","meta":{"footnotes":""},"class_list":["post-7668","page","type-page","status-publish","hentry"],"acf":[],"yoast_head":"<!-- This site is optimized with the Yoast SEO plugin v27.1.1 - https:\/\/yoast.com\/product\/yoast-seo-wordpress\/ -->\n<title>Usinage - Oxiplant<\/title>\n<meta name=\"robots\" content=\"index, follow, max-snippet:-1, max-image-preview:large, max-video-preview:-1\" \/>\n<link rel=\"canonical\" href=\"https:\/\/oxiplant.com\/fr\/usinage\/\" \/>\n<meta property=\"og:locale\" content=\"fr_FR\" \/>\n<meta property=\"og:type\" content=\"article\" \/>\n<meta property=\"og:title\" content=\"Usinage - Oxiplant\" \/>\n<meta property=\"og:description\" content=\"[vc_section][vc_row content_placement=\u00a0\u00bbmiddle\u00a0\u00bb css=\u00a0\u00bb.vc_custom_1765487518362{margin-bottom: 0px !important;}\u00a0\u00bb][vc_column width=\u00a0\u00bb1\/2&Prime;][vc_column_text]Nos centres d&rsquo;usinage verticaux ont une course longitudinale de 4 000 mm et sont con\u00e7us pour usiner des pi\u00e8ces pouvant peser jusqu&rsquo;\u00e0 1 300 kg, offrant une excellente stabilit\u00e9 et pr\u00e9cision, m\u00eame dans les op\u00e9rations exigeantes. De plus, nos machines de d\u00e9coupe, tant pour la t\u00f4le que pour les tubes, [&hellip;]\" \/>\n<meta property=\"og:url\" content=\"https:\/\/oxiplant.com\/fr\/usinage\/\" \/>\n<meta property=\"og:site_name\" content=\"Oxiplant\" \/>\n<meta property=\"article:modified_time\" content=\"2026-03-26T15:39:56+00:00\" \/>\n<meta name=\"twitter:card\" content=\"summary_large_image\" \/>\n<meta name=\"twitter:label1\" content=\"Dur\u00e9e de lecture estim\u00e9e\" \/>\n\t<meta name=\"twitter:data1\" content=\"11 minutes\" \/>\n<script type=\"application\/ld+json\" class=\"yoast-schema-graph\">{\"@context\":\"https:\/\/schema.org\",\"@graph\":[{\"@type\":\"WebPage\",\"@id\":\"https:\/\/oxiplant.com\/fr\/usinage\/\",\"url\":\"https:\/\/oxiplant.com\/fr\/usinage\/\",\"name\":\"Usinage - Oxiplant\",\"isPartOf\":{\"@id\":\"https:\/\/oxiplant.com\/fr\/#website\"},\"datePublished\":\"2025-10-15T06:02:11+00:00\",\"dateModified\":\"2026-03-26T15:39:56+00:00\",\"breadcrumb\":{\"@id\":\"https:\/\/oxiplant.com\/fr\/usinage\/#breadcrumb\"},\"inLanguage\":\"fr-FR\",\"potentialAction\":[{\"@type\":\"ReadAction\",\"target\":[\"https:\/\/oxiplant.com\/fr\/usinage\/\"]}]},{\"@type\":\"BreadcrumbList\",\"@id\":\"https:\/\/oxiplant.com\/fr\/usinage\/#breadcrumb\",\"itemListElement\":[{\"@type\":\"ListItem\",\"position\":1,\"name\":\"Portada\",\"item\":\"https:\/\/oxiplant.com\/fr\/\"},{\"@type\":\"ListItem\",\"position\":2,\"name\":\"Usinage\"}]},{\"@type\":\"WebSite\",\"@id\":\"https:\/\/oxiplant.com\/fr\/#website\",\"url\":\"https:\/\/oxiplant.com\/fr\/\",\"name\":\"Oxiplant\",\"description\":\"\",\"potentialAction\":[{\"@type\":\"SearchAction\",\"target\":{\"@type\":\"EntryPoint\",\"urlTemplate\":\"https:\/\/oxiplant.com\/fr\/?s={search_term_string}\"},\"query-input\":{\"@type\":\"PropertyValueSpecification\",\"valueRequired\":true,\"valueName\":\"search_term_string\"}}],\"inLanguage\":\"fr-FR\"}]}<\/script>\n<!-- \/ Yoast SEO plugin. -->","yoast_head_json":{"title":"Usinage - Oxiplant","robots":{"index":"index","follow":"follow","max-snippet":"max-snippet:-1","max-image-preview":"max-image-preview:large","max-video-preview":"max-video-preview:-1"},"canonical":"https:\/\/oxiplant.com\/fr\/usinage\/","og_locale":"fr_FR","og_type":"article","og_title":"Usinage - Oxiplant","og_description":"[vc_section][vc_row content_placement=\u00a0\u00bbmiddle\u00a0\u00bb css=\u00a0\u00bb.vc_custom_1765487518362{margin-bottom: 0px !important;}\u00a0\u00bb][vc_column width=\u00a0\u00bb1\/2&Prime;][vc_column_text]Nos centres d&rsquo;usinage verticaux ont une course longitudinale de 4 000 mm et sont con\u00e7us pour usiner des pi\u00e8ces pouvant peser jusqu&rsquo;\u00e0 1 300 kg, offrant une excellente stabilit\u00e9 et pr\u00e9cision, m\u00eame dans les op\u00e9rations exigeantes. De plus, nos machines de d\u00e9coupe, tant pour la t\u00f4le que pour les tubes, [&hellip;]","og_url":"https:\/\/oxiplant.com\/fr\/usinage\/","og_site_name":"Oxiplant","article_modified_time":"2026-03-26T15:39:56+00:00","twitter_card":"summary_large_image","twitter_misc":{"Dur\u00e9e de lecture estim\u00e9e":"11 minutes"},"schema":{"@context":"https:\/\/schema.org","@graph":[{"@type":"WebPage","@id":"https:\/\/oxiplant.com\/fr\/usinage\/","url":"https:\/\/oxiplant.com\/fr\/usinage\/","name":"Usinage - Oxiplant","isPartOf":{"@id":"https:\/\/oxiplant.com\/fr\/#website"},"datePublished":"2025-10-15T06:02:11+00:00","dateModified":"2026-03-26T15:39:56+00:00","breadcrumb":{"@id":"https:\/\/oxiplant.com\/fr\/usinage\/#breadcrumb"},"inLanguage":"fr-FR","potentialAction":[{"@type":"ReadAction","target":["https:\/\/oxiplant.com\/fr\/usinage\/"]}]},{"@type":"BreadcrumbList","@id":"https:\/\/oxiplant.com\/fr\/usinage\/#breadcrumb","itemListElement":[{"@type":"ListItem","position":1,"name":"Portada","item":"https:\/\/oxiplant.com\/fr\/"},{"@type":"ListItem","position":2,"name":"Usinage"}]},{"@type":"WebSite","@id":"https:\/\/oxiplant.com\/fr\/#website","url":"https:\/\/oxiplant.com\/fr\/","name":"Oxiplant","description":"","potentialAction":[{"@type":"SearchAction","target":{"@type":"EntryPoint","urlTemplate":"https:\/\/oxiplant.com\/fr\/?s={search_term_string}"},"query-input":{"@type":"PropertyValueSpecification","valueRequired":true,"valueName":"search_term_string"}}],"inLanguage":"fr-FR"}]}},"_links":{"self":[{"href":"https:\/\/oxiplant.com\/fr\/wp-json\/wp\/v2\/pages\/7668","targetHints":{"allow":["GET"]}}],"collection":[{"href":"https:\/\/oxiplant.com\/fr\/wp-json\/wp\/v2\/pages"}],"about":[{"href":"https:\/\/oxiplant.com\/fr\/wp-json\/wp\/v2\/types\/page"}],"author":[{"embeddable":true,"href":"https:\/\/oxiplant.com\/fr\/wp-json\/wp\/v2\/users\/1"}],"replies":[{"embeddable":true,"href":"https:\/\/oxiplant.com\/fr\/wp-json\/wp\/v2\/comments?post=7668"}],"version-history":[{"count":3,"href":"https:\/\/oxiplant.com\/fr\/wp-json\/wp\/v2\/pages\/7668\/revisions"}],"predecessor-version":[{"id":8127,"href":"https:\/\/oxiplant.com\/fr\/wp-json\/wp\/v2\/pages\/7668\/revisions\/8127"}],"wp:attachment":[{"href":"https:\/\/oxiplant.com\/fr\/wp-json\/wp\/v2\/media?parent=7668"}],"curies":[{"name":"wp","href":"https:\/\/api.w.org\/{rel}","templated":true}]}}