{"id":7676,"date":"2025-11-12T20:44:23","date_gmt":"2025-11-12T19:44:23","guid":{"rendered":"https:\/\/oxiplant.com\/new2\/environnement\/"},"modified":"2026-03-03T14:19:42","modified_gmt":"2026-03-03T13:19:42","slug":"environnement","status":"publish","type":"page","link":"https:\/\/oxiplant.com\/fr\/environnement\/","title":{"rendered":"Environnement"},"content":{"rendered":"<div class=\"wpb-content-wrapper\"><p>[vc_section][vc_row css=\u00a0\u00bb.vc_custom_1467568839237{margin-bottom: 80px !important;}\u00a0\u00bb][vc_column width=\u00a0\u00bb1\/2&Prime;][vc_column_text]<\/p>\n<p class=\"p1\">Chez <b>Oxiplant<\/b>, nous comprenons que la croissance industrielle n&rsquo;est durable que si elle se d\u00e9veloppe en \u00e9quilibre avec l&rsquo;environnement.<\/p>\n<p class=\"p1\">C&rsquo;est pourquoi nous disposons d&rsquo;un <b>syst\u00e8me de gestion environnementale certifi\u00e9 selon la norme<\/b> <b>ISO 14001:2015<\/b>, qui garantit le contr\u00f4le et l&rsquo;am\u00e9lioration continue de nos processus, en minimisant l&rsquo;impact sur l&rsquo;environnement et en optimisant l&rsquo;utilisation des ressources naturelles.<\/p>\n<p class=\"p1\">Notre travail a \u00e9t\u00e9 r\u00e9compens\u00e9 par la <b>m\u00e9daille \u00ab Committed \u00bb d\u00e9cern\u00e9e par<\/b> <b>EcoVadis<\/b>, plateforme internationale de r\u00e9f\u00e9rence en mati\u00e8re d&rsquo;\u00e9valuation de la durabilit\u00e9.<\/p>\n<p class=\"p1\">Cette distinction atteste de notre engagement dans des domaines cl\u00e9s tels que la gestion environnementale, les pratiques de travail responsables, l&rsquo;\u00e9thique et les achats durables.<\/p>\n<p class=\"p1\">Conform\u00e9ment \u00e0 cette politique, nous avons mis en place un syst\u00e8me <b>d&rsquo;autoconsommation solaire de 700 kW<\/b>, compos\u00e9 de <b>plus de 1 300 panneaux photovolta\u00efques<\/b>, qui produit de l&rsquo;\u00e9nergie propre et couvre pr\u00e8s de <b>50 % de nos besoins en \u00e9lectricit\u00e9<\/b>.<\/p>\n<p class=\"p1\">Un investissement qui refl\u00e8te notre engagement en faveur de l&rsquo;efficacit\u00e9 \u00e9nerg\u00e9tique, de la r\u00e9duction des \u00e9missions et de la transition vers une industrie plus respectueuse de la plan\u00e8te.<\/p>\n<p>[\/vc_column_text][\/vc_column][vc_column width=\u00a0\u00bb1\/2&Prime; css=\u00a0\u00bb.vc_custom_1760485443069{padding-left: 50px !important;}\u00a0\u00bb]<div  class=\"wpb_content_element   clearfix\"><style type=\"text\/css\">#ut_am_69e35d6ff3b42 { opacity: 1; }#ut_am_wrap_69e35d6ff3b45 img,#ut_am_wrap_69e35d6ff3b45 .ut-image-gallery-image-caption,#ut_am_wrap_69e35d6ff3b45 .ut-box-shadow-container,#ut_am_wrap_69e35d6ff3b45 .ut-box-shadow-container-inner,#ut_am_wrap_69e35d6ff3b45 .ut-block-revealer-element-container,#ut_am_wrap_69e35d6ff3b45 .ut-animated-image-zoom { -webkit-border-radius: 9px; -moz-border-radius: 9px; border-radius: 9px; }#ut_am_wrap_69e35d6ff3b45 .ut-image-gallery-item-caption-title h3 { letter-spacing: 0em; }#ut_am_wrap_69e35d6ff3b45 .ut-gallery-slider-caption { color: #999999; }#ut_am_wrap_69e35d6ff3b45 .ut-gallery-slider-caption { font-weight: normal; }#ut_am_wrap_69e35d6ff3b45 { text-align: right; }@media (min-width: 768px) and (max-width: 1024px) { #ut_am_wrap_69e35d6ff3b45 { text-align: right !important; } }@media (max-width: 767px) { #ut_am_wrap_69e35d6ff3b45 { text-align: center !important; } }<\/style><div id=\"ut_am_wrap_69e35d6ff3b45\" class=\"ut-image-gallery-image \"><div id=\"ut_reveal_69e35d6ff3b47\"  data-appear-top-offset=\"auto\" class=\"ut-animated-image-item ut-image-gallery-item ut-animation-done \"><a class=\"ut-deactivated-link\" href=\"#\"><div class=\"ut-animated-image-zoom\"><img loading=\"lazy\" decoding=\"async\" class=\"ut-lazy skip-lazy ut-animated-image \"  id=\"ut_am_69e35d6ff3b42\" src=\"data:image\/svg+xml;charset=utf-8,%3Csvg xmlns%3D'http%3A%2F%2Fwww.w3.org%2F2000%2Fsvg' viewBox%3D'0 0 1492 1418'%2F%3E\" data-src=\"https:\/\/oxiplant.com\/wp-content\/uploads\/2025\/11\/medioambiente-1-1-1.jpg\" width=\"1492\" height=\"1418\" alt=\"\"\/><\/div><\/a><\/div><\/div><\/div>[\/vc_column][\/vc_row][\/vc_section][vc_section css=\u00a0\u00bb.vc_custom_1763489782277{margin-top: 0px !important;border-top-width: 0px !important;padding-top: 0px !important;}\u00a0\u00bb][vc_row css=\u00a0\u00bb.vc_custom_1467568839237{margin-bottom: 80px !important;}\u00a0\u00bb][vc_column width=\u00a0\u00bb1\/2&Prime; css=\u00a0\u00bb.vc_custom_1760485443069{padding-left: 50px !important;}\u00a0\u00bb]<div  class=\"wpb_content_element   clearfix\"><style type=\"text\/css\">#ut_am_69e35d700041d { opacity: 1; }#ut_am_wrap_69e35d7000420 img,#ut_am_wrap_69e35d7000420 .ut-image-gallery-image-caption,#ut_am_wrap_69e35d7000420 .ut-box-shadow-container,#ut_am_wrap_69e35d7000420 .ut-box-shadow-container-inner,#ut_am_wrap_69e35d7000420 .ut-block-revealer-element-container,#ut_am_wrap_69e35d7000420 .ut-animated-image-zoom { -webkit-border-radius: 9px; -moz-border-radius: 9px; border-radius: 9px; }#ut_am_wrap_69e35d7000420 .ut-image-gallery-item-caption-title h3 { letter-spacing: 0em; }#ut_am_wrap_69e35d7000420 .ut-gallery-slider-caption { color: #999999; }#ut_am_wrap_69e35d7000420 .ut-gallery-slider-caption { font-weight: normal; }#ut_am_wrap_69e35d7000420 { text-align: right; }@media (min-width: 768px) and (max-width: 1024px) { #ut_am_wrap_69e35d7000420 { text-align: right !important; } }@media (max-width: 767px) { #ut_am_wrap_69e35d7000420 { text-align: center !important; } }<\/style><div id=\"ut_am_wrap_69e35d7000420\" class=\"ut-image-gallery-image \"><div id=\"ut_reveal_69e35d7000421\"  data-appear-top-offset=\"auto\" class=\"ut-animated-image-item ut-image-gallery-item ut-animation-done \"><a class=\"ut-deactivated-link\" href=\"#\"><div class=\"ut-animated-image-zoom\"><img loading=\"lazy\" decoding=\"async\" class=\"ut-lazy skip-lazy ut-animated-image \"  id=\"ut_am_69e35d700041d\" src=\"data:image\/svg+xml;charset=utf-8,%3Csvg xmlns%3D'http%3A%2F%2Fwww.w3.org%2F2000%2Fsvg' viewBox%3D'0 0 1600 1303'%2F%3E\" data-src=\"https:\/\/oxiplant.com\/wp-content\/uploads\/2025\/11\/medioambiente-1.jpg\" width=\"1600\" height=\"1303\" alt=\"\"\/><\/div><\/a><\/div><\/div><\/div>[\/vc_column][vc_column width=\u00a0\u00bb1\/2&Prime;]<div class=\"wpb_content_element \"><style type=\"text\/css\">#ut_header_69e35d7000ea2 h2.section-title { font-size:36px !important; }<\/style><header id=\"ut_header_69e35d7000ea2\" class=\"section-header  ut-no-title-linebreak-mobile ut-no-lead-linebreak-mobile pt-style-1 header-left header-tablet-left header-mobile-center\"><h2 data-title=\"ACC\u00c9DIT PME DURABLE 2025\"  data-responsive-font=\"section_title\" data-responsive-font-settings=\"{&quot;base-font-size&quot;:&quot;global&quot;,&quot;font-size&quot;:{&quot;desktop_large&quot;:&quot;36&quot;},&quot;base-line-height&quot;:&quot;global&quot;,&quot;base-letter-spacing&quot;:&quot;global&quot;}\" class=\"bklyn-divider-styles bklyn-divider-style-1 section-title \"><span>ACC\u00c9DIT PME DURABLE 2025<\/span><\/h2><\/header><\/div>[vc_column_text]<\/p>\n<p class=\"p1\"><b>Oxiplant <\/b>a re\u00e7u le deuxi\u00e8me prix SME DURABLE 2025 lors de la IXe \u00e9dition du Prix SME de l&rsquo;ann\u00e9e Asturies 2025.<\/p>\n<p>[\/vc_column_text][\/vc_column][\/vc_row][vc_row][vc_column width=\u00a0\u00bb1\/3&Prime; css=\u00a0\u00bb.vc_custom_1764277270364{margin-top: 15px !important;}\u00a0\u00bb]<div  class=\"wpb_content_element   clearfix\"><style type=\"text\/css\">#ut_am_69e35d700c2cd { opacity: 1; }#ut_am_wrap_69e35d700c2d0 .ut-image-gallery-item-caption-title h3 { color: #ffffff; }#ut_am_wrap_69e35d700c2d0 .ut-image-gallery-item-caption-title-style-2 h3 { color: #ffffff; }#ut_am_wrap_69e35d700c2d0 .ut-image-gallery-item-caption-title h3 { letter-spacing: 0em; }#ut_am_wrap_69e35d700c2d0 .ut-gallery-slider-caption { font-weight: bold; }#ut_am_wrap_69e35d700c2d0 { text-align: center; }@media (min-width: 768px) and (max-width: 1024px) { #ut_am_wrap_69e35d700c2d0 { text-align: center !important; } }@media (max-width: 767px) { #ut_am_wrap_69e35d700c2d0 { text-align: center !important; } }<\/style><div id=\"ut_am_wrap_69e35d700c2d0\" class=\"ut-image-gallery-image ani_zoom\"><div id=\"ut_reveal_69e35d700c2d1\"  data-appear-top-offset=\"auto\" class=\"ut-animated-image-item ut-image-gallery-item ut-animation-done \"><a target=\"_blank\" href=\"https:\/\/oxiplant.com\/new2\/wp-content\/uploads\/2025\/11\/00016995-EMS-SPAES-UKAS.pdf\" rel=\"nofollow\"><div class=\"ut-animated-image-zoom\"><img loading=\"lazy\" decoding=\"async\" class=\"ut-lazy skip-lazy ut-animated-image \"  id=\"ut_am_69e35d700c2cd\" src=\"data:image\/svg+xml;charset=utf-8,%3Csvg xmlns%3D'http%3A%2F%2Fwww.w3.org%2F2000%2Fsvg' viewBox%3D'0 0 300 193'%2F%3E\" data-src=\"https:\/\/oxiplant.com\/wp-content\/uploads\/2025\/10\/medioambiente.webp\" width=\"300\" height=\"193\" alt=\"\"\/><\/div><\/a><\/div><\/div><\/div>[\/vc_column][vc_column width=\u00a0\u00bb1\/3&Prime;][\/vc_column][vc_column width=\u00a0\u00bb1\/3&Prime; css=\u00a0\u00bb.vc_custom_1764277282807{margin-top: 15px !important;}\u00a0\u00bb]<div  class=\"wpb_content_element   clearfix\"><style type=\"text\/css\">#ut_am_69e35d700ce9a { opacity: 1; }#ut_am_wrap_69e35d700ce9c .ut-image-gallery-item-caption-title h3 { color: #ffffff; }#ut_am_wrap_69e35d700ce9c .ut-image-gallery-item-caption-title-style-2 h3 { color: #ffffff; }#ut_am_wrap_69e35d700ce9c .ut-image-gallery-item-caption-title h3 { letter-spacing: 0em; }#ut_am_wrap_69e35d700ce9c .ut-gallery-slider-caption { font-weight: bold; }#ut_am_wrap_69e35d700ce9c { text-align: center; }@media (min-width: 768px) and (max-width: 1024px) { #ut_am_wrap_69e35d700ce9c { text-align: center !important; } }@media (max-width: 767px) { #ut_am_wrap_69e35d700ce9c { text-align: center !important; } }<\/style><div id=\"ut_am_wrap_69e35d700ce9c\" class=\"ut-image-gallery-image ani_zoom\"><div id=\"ut_reveal_69e35d700ce9d\"  data-appear-top-offset=\"auto\" class=\"ut-animated-image-item ut-image-gallery-item ut-animation-done \"><a target=\"_blank\" href=\"https:\/\/ecovadis.com\/es\/\" rel=\"nofollow\"><div class=\"ut-animated-image-zoom\"><img loading=\"lazy\" decoding=\"async\" class=\"ut-lazy skip-lazy ut-animated-image \"  id=\"ut_am_69e35d700ce9a\" src=\"data:image\/svg+xml;charset=utf-8,%3Csvg xmlns%3D'http%3A%2F%2Fwww.w3.org%2F2000%2Fsvg' viewBox%3D'0 0 1421 826'%2F%3E\" data-src=\"https:\/\/oxiplant.com\/wp-content\/uploads\/2025\/11\/ecovadis.png\" width=\"1421\" height=\"826\" alt=\"\"\/><\/div><\/a><\/div><\/div><\/div>[\/vc_column][\/vc_row][\/vc_section]<\/p>\n<\/div>","protected":false},"excerpt":{"rendered":"<p>[vc_section][vc_row css=\u00a0\u00bb.vc_custom_1467568839237{margin-bottom: 80px !important;}\u00a0\u00bb][vc_column width=\u00a0\u00bb1\/2&Prime;][vc_column_text] Chez Oxiplant, nous comprenons que la croissance industrielle n&rsquo;est durable que si elle se d\u00e9veloppe en \u00e9quilibre avec l&rsquo;environnement. C&rsquo;est pourquoi nous disposons d&rsquo;un syst\u00e8me de gestion environnementale certifi\u00e9 selon la norme ISO 14001:2015, qui garantit le contr\u00f4le et l&rsquo;am\u00e9lioration continue de nos processus, en minimisant l&rsquo;impact sur l&rsquo;environnement et [&hellip;]<\/p>\n","protected":false},"author":1,"featured_media":0,"parent":0,"menu_order":0,"comment_status":"closed","ping_status":"closed","template":"","meta":{"footnotes":""},"class_list":["post-7676","page","type-page","status-publish","hentry"],"acf":[],"yoast_head":"<!-- This site is optimized with the Yoast SEO plugin v27.1.1 - https:\/\/yoast.com\/product\/yoast-seo-wordpress\/ -->\n<title>Environnement - Oxiplant<\/title>\n<meta name=\"robots\" content=\"index, follow, max-snippet:-1, max-image-preview:large, max-video-preview:-1\" \/>\n<link rel=\"canonical\" href=\"https:\/\/oxiplant.com\/fr\/environnement\/\" \/>\n<meta property=\"og:locale\" content=\"fr_FR\" \/>\n<meta property=\"og:type\" content=\"article\" \/>\n<meta property=\"og:title\" content=\"Environnement - Oxiplant\" \/>\n<meta property=\"og:description\" content=\"[vc_section][vc_row css=\u00a0\u00bb.vc_custom_1467568839237{margin-bottom: 80px !important;}\u00a0\u00bb][vc_column width=\u00a0\u00bb1\/2&Prime;][vc_column_text] Chez Oxiplant, nous comprenons que la croissance industrielle n&rsquo;est durable que si elle se d\u00e9veloppe en \u00e9quilibre avec l&rsquo;environnement. C&rsquo;est pourquoi nous disposons d&rsquo;un syst\u00e8me de gestion environnementale certifi\u00e9 selon la norme ISO 14001:2015, qui garantit le contr\u00f4le et l&rsquo;am\u00e9lioration continue de nos processus, en minimisant l&rsquo;impact sur l&rsquo;environnement et [&hellip;]\" \/>\n<meta property=\"og:url\" content=\"https:\/\/oxiplant.com\/fr\/environnement\/\" \/>\n<meta property=\"og:site_name\" content=\"Oxiplant\" \/>\n<meta property=\"article:modified_time\" content=\"2026-03-03T13:19:42+00:00\" \/>\n<meta name=\"twitter:card\" content=\"summary_large_image\" \/>\n<meta name=\"twitter:label1\" content=\"Dur\u00e9e de lecture estim\u00e9e\" \/>\n\t<meta name=\"twitter:data1\" content=\"5 minutes\" \/>\n<script type=\"application\/ld+json\" class=\"yoast-schema-graph\">{\"@context\":\"https:\/\/schema.org\",\"@graph\":[{\"@type\":\"WebPage\",\"@id\":\"https:\/\/oxiplant.com\/fr\/environnement\/\",\"url\":\"https:\/\/oxiplant.com\/fr\/environnement\/\",\"name\":\"Environnement - Oxiplant\",\"isPartOf\":{\"@id\":\"https:\/\/oxiplant.com\/fr\/#website\"},\"datePublished\":\"2025-11-12T19:44:23+00:00\",\"dateModified\":\"2026-03-03T13:19:42+00:00\",\"breadcrumb\":{\"@id\":\"https:\/\/oxiplant.com\/fr\/environnement\/#breadcrumb\"},\"inLanguage\":\"fr-FR\",\"potentialAction\":[{\"@type\":\"ReadAction\",\"target\":[\"https:\/\/oxiplant.com\/fr\/environnement\/\"]}]},{\"@type\":\"BreadcrumbList\",\"@id\":\"https:\/\/oxiplant.com\/fr\/environnement\/#breadcrumb\",\"itemListElement\":[{\"@type\":\"ListItem\",\"position\":1,\"name\":\"Portada\",\"item\":\"https:\/\/oxiplant.com\/fr\/\"},{\"@type\":\"ListItem\",\"position\":2,\"name\":\"Environnement\"}]},{\"@type\":\"WebSite\",\"@id\":\"https:\/\/oxiplant.com\/fr\/#website\",\"url\":\"https:\/\/oxiplant.com\/fr\/\",\"name\":\"Oxiplant\",\"description\":\"\",\"potentialAction\":[{\"@type\":\"SearchAction\",\"target\":{\"@type\":\"EntryPoint\",\"urlTemplate\":\"https:\/\/oxiplant.com\/fr\/?s={search_term_string}\"},\"query-input\":{\"@type\":\"PropertyValueSpecification\",\"valueRequired\":true,\"valueName\":\"search_term_string\"}}],\"inLanguage\":\"fr-FR\"}]}<\/script>\n<!-- \/ Yoast SEO plugin. -->","yoast_head_json":{"title":"Environnement - Oxiplant","robots":{"index":"index","follow":"follow","max-snippet":"max-snippet:-1","max-image-preview":"max-image-preview:large","max-video-preview":"max-video-preview:-1"},"canonical":"https:\/\/oxiplant.com\/fr\/environnement\/","og_locale":"fr_FR","og_type":"article","og_title":"Environnement - Oxiplant","og_description":"[vc_section][vc_row css=\u00a0\u00bb.vc_custom_1467568839237{margin-bottom: 80px !important;}\u00a0\u00bb][vc_column width=\u00a0\u00bb1\/2&Prime;][vc_column_text] Chez Oxiplant, nous comprenons que la croissance industrielle n&rsquo;est durable que si elle se d\u00e9veloppe en \u00e9quilibre avec l&rsquo;environnement. C&rsquo;est pourquoi nous disposons d&rsquo;un syst\u00e8me de gestion environnementale certifi\u00e9 selon la norme ISO 14001:2015, qui garantit le contr\u00f4le et l&rsquo;am\u00e9lioration continue de nos processus, en minimisant l&rsquo;impact sur l&rsquo;environnement et [&hellip;]","og_url":"https:\/\/oxiplant.com\/fr\/environnement\/","og_site_name":"Oxiplant","article_modified_time":"2026-03-03T13:19:42+00:00","twitter_card":"summary_large_image","twitter_misc":{"Dur\u00e9e de lecture estim\u00e9e":"5 minutes"},"schema":{"@context":"https:\/\/schema.org","@graph":[{"@type":"WebPage","@id":"https:\/\/oxiplant.com\/fr\/environnement\/","url":"https:\/\/oxiplant.com\/fr\/environnement\/","name":"Environnement - Oxiplant","isPartOf":{"@id":"https:\/\/oxiplant.com\/fr\/#website"},"datePublished":"2025-11-12T19:44:23+00:00","dateModified":"2026-03-03T13:19:42+00:00","breadcrumb":{"@id":"https:\/\/oxiplant.com\/fr\/environnement\/#breadcrumb"},"inLanguage":"fr-FR","potentialAction":[{"@type":"ReadAction","target":["https:\/\/oxiplant.com\/fr\/environnement\/"]}]},{"@type":"BreadcrumbList","@id":"https:\/\/oxiplant.com\/fr\/environnement\/#breadcrumb","itemListElement":[{"@type":"ListItem","position":1,"name":"Portada","item":"https:\/\/oxiplant.com\/fr\/"},{"@type":"ListItem","position":2,"name":"Environnement"}]},{"@type":"WebSite","@id":"https:\/\/oxiplant.com\/fr\/#website","url":"https:\/\/oxiplant.com\/fr\/","name":"Oxiplant","description":"","potentialAction":[{"@type":"SearchAction","target":{"@type":"EntryPoint","urlTemplate":"https:\/\/oxiplant.com\/fr\/?s={search_term_string}"},"query-input":{"@type":"PropertyValueSpecification","valueRequired":true,"valueName":"search_term_string"}}],"inLanguage":"fr-FR"}]}},"_links":{"self":[{"href":"https:\/\/oxiplant.com\/fr\/wp-json\/wp\/v2\/pages\/7676","targetHints":{"allow":["GET"]}}],"collection":[{"href":"https:\/\/oxiplant.com\/fr\/wp-json\/wp\/v2\/pages"}],"about":[{"href":"https:\/\/oxiplant.com\/fr\/wp-json\/wp\/v2\/types\/page"}],"author":[{"embeddable":true,"href":"https:\/\/oxiplant.com\/fr\/wp-json\/wp\/v2\/users\/1"}],"replies":[{"embeddable":true,"href":"https:\/\/oxiplant.com\/fr\/wp-json\/wp\/v2\/comments?post=7676"}],"version-history":[{"count":1,"href":"https:\/\/oxiplant.com\/fr\/wp-json\/wp\/v2\/pages\/7676\/revisions"}],"predecessor-version":[{"id":7681,"href":"https:\/\/oxiplant.com\/fr\/wp-json\/wp\/v2\/pages\/7676\/revisions\/7681"}],"wp:attachment":[{"href":"https:\/\/oxiplant.com\/fr\/wp-json\/wp\/v2\/media?parent=7676"}],"curies":[{"name":"wp","href":"https:\/\/api.w.org\/{rel}","templated":true}]}}