{"id":7682,"date":"2025-11-18T20:26:14","date_gmt":"2025-11-18T19:26:14","guid":{"rendered":"https:\/\/oxiplant.com\/new2\/peinture-et-traitements\/"},"modified":"2026-02-17T16:05:17","modified_gmt":"2026-02-17T15:05:17","slug":"peinture-et-traitements","status":"publish","type":"page","link":"https:\/\/oxiplant.com\/fr\/peinture-et-traitements\/","title":{"rendered":"Peinture et traitements"},"content":{"rendered":"<div class=\"wpb-content-wrapper\"><p>[vc_section][vc_row content_placement=\u00a0\u00bbmiddle\u00a0\u00bb css=\u00a0\u00bb.vc_custom_1765487663276{margin-bottom: 0px !important;}\u00a0\u00bb][vc_column width=\u00a0\u00bb1\/2&Prime;][vc_column_text]Chez Oxiplant, nous proposons <strong>un service complet de peinture industrielle et de traitements de surface <\/strong>qui couvre aussi bien les travaux en atelier que les interventions sur chantier. Nous disposons d&rsquo;installations o\u00f9 nous effectuons le sablage et le grenaillage de <strong>pi\u00e8ces pouvant peser jusqu&rsquo;\u00e0 20 tonnes et mesurer jusqu&rsquo;\u00e0 6 000 x 18 000 mm<\/strong>, garantissant ainsi une pr\u00e9paration ad\u00e9quate des surfaces. Nous effectuons \u00e9galement des traitements de sablage <em>sur site<\/em>, en nous adaptant \u00e0 des pi\u00e8ces de toutes tailles lorsque le travail doit \u00eatre effectu\u00e9 directement dans les installations du client.  <\/p>\n<p>Nous appliquons une large gamme de syst\u00e8mes anticorrosion, allant des <strong>peintures alkyde, chlor\u00e9caoutchouc et \u00e9poxy aux polyur\u00e9thanes, silicates ou rev\u00eatements vinyliques<\/strong>, en utilisant la m\u00e9thode la plus adapt\u00e9e aux besoins du projet : application manuelle, pistolet conventionnel ou \u00e9quipement airless. Tant sur chantier qu&rsquo;en atelier, nous combinons des techniques de pr\u00e9paration et de peinture afin de garantir des rev\u00eatements durables et adapt\u00e9s aux exigences de chaque structure m\u00e9tallique. [\/vc_column_text][\/vc_column][vc_column width=\u00a0\u00bb1\/2&Prime;]<div  class=\"wpb_content_element   clearfix\"><style type=\"text\/css\">#ut_am_69e5fbcf86731 { opacity: 1; }#ut_am_wrap_69e5fbcf86733 img,#ut_am_wrap_69e5fbcf86733 .ut-image-gallery-image-caption,#ut_am_wrap_69e5fbcf86733 .ut-box-shadow-container,#ut_am_wrap_69e5fbcf86733 .ut-box-shadow-container-inner,#ut_am_wrap_69e5fbcf86733 .ut-block-revealer-element-container,#ut_am_wrap_69e5fbcf86733 .ut-animated-image-zoom { -webkit-border-radius: 9px; -moz-border-radius: 9px; border-radius: 9px; }#ut_am_wrap_69e5fbcf86733 .ut-image-gallery-item-caption-title h3 { letter-spacing: 0em; }#ut_am_wrap_69e5fbcf86733 .ut-gallery-slider-caption { color: #999999; }#ut_am_wrap_69e5fbcf86733 .ut-gallery-slider-caption { font-weight: normal; }#ut_am_wrap_69e5fbcf86733 { text-align: right; }@media (min-width: 768px) and (max-width: 1024px) { #ut_am_wrap_69e5fbcf86733 { text-align: right !important; } }@media (max-width: 767px) { #ut_am_wrap_69e5fbcf86733 { text-align: center !important; } }<\/style><div id=\"ut_am_wrap_69e5fbcf86733\" class=\"ut-image-gallery-image \"><div id=\"ut_reveal_69e5fbcf86735\"  data-appear-top-offset=\"auto\" class=\"ut-animated-image-item ut-image-gallery-item ut-animation-done \"><a class=\"ut-deactivated-link\" href=\"#\"><div class=\"ut-animated-image-zoom\"><img loading=\"lazy\" decoding=\"async\" class=\"ut-lazy skip-lazy ut-animated-image \"  id=\"ut_am_69e5fbcf86731\" src=\"data:image\/svg+xml;charset=utf-8,%3Csvg xmlns%3D'http%3A%2F%2Fwww.w3.org%2F2000%2Fsvg' viewBox%3D'0 0 1492 1191'%2F%3E\" data-src=\"https:\/\/oxiplant.com\/wp-content\/uploads\/2025\/11\/pintura-1-2.jpg\" width=\"1492\" height=\"1191\" alt=\"\"\/><\/div><\/a><\/div><\/div><\/div>[\/vc_column][\/vc_row][\/vc_section][vc_section][vc_row][vc_column width=\u00a0\u00bb1\/6&Prime; css=\u00a0\u00bb.vc_custom_1764283621195{margin-top: 15px !important;}\u00a0\u00bb]<div  class=\"wpb_content_element   clearfix\"><style type=\"text\/css\">#ut_am_69e5fbcf873d2 { opacity: 1; }#ut_am_wrap_69e5fbcf873d4 .ut-image-gallery-item-caption-title h3 { color: #ffffff; }#ut_am_wrap_69e5fbcf873d4 .ut-image-gallery-item-caption-title-style-2 h3 { color: #ffffff; }#ut_am_wrap_69e5fbcf873d4 .ut-image-gallery-item-caption-title h3 { letter-spacing: 0em; }#ut_am_wrap_69e5fbcf873d4 .ut-gallery-slider-caption { font-weight: bold; }#ut_am_wrap_69e5fbcf873d4 { text-align: center; }@media (min-width: 768px) and (max-width: 1024px) { #ut_am_wrap_69e5fbcf873d4 { text-align: center !important; } }@media (max-width: 767px) { #ut_am_wrap_69e5fbcf873d4 { text-align: center !important; } }<\/style><div id=\"ut_am_wrap_69e5fbcf873d4\" class=\"ut-image-gallery-image ani_zoom\"><div id=\"ut_reveal_69e5fbcf873d5\"  data-appear-top-offset=\"auto\" class=\"ut-animated-image-item ut-image-gallery-item ut-animation-done \"><a target=\"_blank\" href=\"https:\/\/oxiplant.com\/new2\/wp-content\/uploads\/2025\/11\/OXIP_0094-CPR-MAD-20160126-SPA_Iss04-9Jun25-FPC-cer-EN1090.pdf\" rel=\"nofollow\"><div class=\"ut-animated-image-zoom\"><img loading=\"lazy\" decoding=\"async\" class=\"ut-lazy skip-lazy ut-animated-image \"  id=\"ut_am_69e5fbcf873d2\" src=\"data:image\/svg+xml;charset=utf-8,%3Csvg xmlns%3D'http%3A%2F%2Fwww.w3.org%2F2000%2Fsvg' viewBox%3D'0 0 300 190'%2F%3E\" data-src=\"https:\/\/oxiplant.com\/wp-content\/uploads\/2025\/11\/iso-1090-2.jpg\" width=\"300\" height=\"190\" alt=\"\"\/><\/div><\/a><\/div><\/div><\/div>[\/vc_column][vc_column width=\u00a0\u00bb1\/6&Prime; css=\u00a0\u00bb.vc_custom_1764283634822{margin-top: 15px !important;}\u00a0\u00bb]<div  class=\"wpb_content_element   clearfix\"><style type=\"text\/css\">#ut_am_69e5fbcf88165 { opacity: 1; }#ut_am_wrap_69e5fbcf88166 .ut-image-gallery-item-caption-title h3 { color: #ffffff; }#ut_am_wrap_69e5fbcf88166 .ut-image-gallery-item-caption-title-style-2 h3 { color: #ffffff; }#ut_am_wrap_69e5fbcf88166 .ut-image-gallery-item-caption-title h3 { letter-spacing: 0em; }#ut_am_wrap_69e5fbcf88166 .ut-gallery-slider-caption { font-weight: bold; }#ut_am_wrap_69e5fbcf88166 { text-align: center; }@media (min-width: 768px) and (max-width: 1024px) { #ut_am_wrap_69e5fbcf88166 { text-align: center !important; } }@media (max-width: 767px) { #ut_am_wrap_69e5fbcf88166 { text-align: center !important; } }<\/style><div id=\"ut_am_wrap_69e5fbcf88166\" class=\"ut-image-gallery-image ani_zoom\"><div id=\"ut_reveal_69e5fbcf88167\"  data-appear-top-offset=\"auto\" class=\"ut-animated-image-item ut-image-gallery-item ut-animation-done \"><a target=\"_blank\" href=\"https:\/\/oxiplant.com\/new2\/wp-content\/uploads\/2025\/11\/0038343-QMS-SPAES-UKAS.pdf\" rel=\"nofollow\"><div class=\"ut-animated-image-zoom\"><img loading=\"lazy\" decoding=\"async\" class=\"ut-lazy skip-lazy ut-animated-image \"  id=\"ut_am_69e5fbcf88165\" src=\"data:image\/svg+xml;charset=utf-8,%3Csvg xmlns%3D'http%3A%2F%2Fwww.w3.org%2F2000%2Fsvg' viewBox%3D'0 0 300 190'%2F%3E\" data-src=\"https:\/\/oxiplant.com\/wp-content\/uploads\/2025\/10\/calidad-2.webp\" width=\"300\" height=\"190\" alt=\"\"\/><\/div><\/a><\/div><\/div><\/div>[\/vc_column][vc_column width=\u00a0\u00bb1\/6&Prime; css=\u00a0\u00bb.vc_custom_1764283649688{margin-top: 15px !important;}\u00a0\u00bb]<div  class=\"wpb_content_element   clearfix\"><style type=\"text\/css\">#ut_am_69e5fbcf88aa1 { opacity: 1; }#ut_am_wrap_69e5fbcf88aa2 .ut-image-gallery-item-caption-title h3 { color: #ffffff; }#ut_am_wrap_69e5fbcf88aa2 .ut-image-gallery-item-caption-title-style-2 h3 { color: #ffffff; }#ut_am_wrap_69e5fbcf88aa2 .ut-image-gallery-item-caption-title h3 { letter-spacing: 0em; }#ut_am_wrap_69e5fbcf88aa2 .ut-gallery-slider-caption { font-weight: bold; }#ut_am_wrap_69e5fbcf88aa2 { text-align: center; }@media (min-width: 768px) and (max-width: 1024px) { #ut_am_wrap_69e5fbcf88aa2 { text-align: center !important; } }@media (max-width: 767px) { #ut_am_wrap_69e5fbcf88aa2 { text-align: center !important; } }<\/style><div id=\"ut_am_wrap_69e5fbcf88aa2\" class=\"ut-image-gallery-image ani_zoom\"><div id=\"ut_reveal_69e5fbcf88aa3\"  data-appear-top-offset=\"auto\" class=\"ut-animated-image-item ut-image-gallery-item ut-animation-done \"><a target=\"_blank\" href=\"https:\/\/oxiplant.com\/new2\/wp-content\/uploads\/2025\/11\/00016995-EMS-SPAES-UKAS.pdf\" rel=\"nofollow\"><div class=\"ut-animated-image-zoom\"><img loading=\"lazy\" decoding=\"async\" class=\"ut-lazy skip-lazy ut-animated-image \"  id=\"ut_am_69e5fbcf88aa1\" src=\"data:image\/svg+xml;charset=utf-8,%3Csvg xmlns%3D'http%3A%2F%2Fwww.w3.org%2F2000%2Fsvg' viewBox%3D'0 0 300 193'%2F%3E\" data-src=\"https:\/\/oxiplant.com\/wp-content\/uploads\/2025\/10\/medioambiente.webp\" width=\"300\" height=\"193\" alt=\"\"\/><\/div><\/a><\/div><\/div><\/div>[\/vc_column][vc_column width=\u00a0\u00bb1\/6&Prime; css=\u00a0\u00bb.vc_custom_1764283665569{margin-top: 15px !important;}\u00a0\u00bb]<div  class=\"wpb_content_element   clearfix\"><style type=\"text\/css\">#ut_am_69e5fbcf89308 { opacity: 1; }#ut_am_wrap_69e5fbcf8930a .ut-image-gallery-item-caption-title h3 { color: #ffffff; }#ut_am_wrap_69e5fbcf8930a .ut-image-gallery-item-caption-title-style-2 h3 { color: #ffffff; }#ut_am_wrap_69e5fbcf8930a .ut-image-gallery-item-caption-title h3 { letter-spacing: 0em; }#ut_am_wrap_69e5fbcf8930a .ut-gallery-slider-caption { font-weight: bold; }#ut_am_wrap_69e5fbcf8930a { text-align: center; }@media (min-width: 768px) and (max-width: 1024px) { #ut_am_wrap_69e5fbcf8930a { text-align: center !important; } }@media (max-width: 767px) { #ut_am_wrap_69e5fbcf8930a { text-align: center !important; } }<\/style><div id=\"ut_am_wrap_69e5fbcf8930a\" class=\"ut-image-gallery-image ani_zoom\"><div id=\"ut_reveal_69e5fbcf8930b\"  data-appear-top-offset=\"auto\" class=\"ut-animated-image-item ut-image-gallery-item ut-animation-done \"><a target=\"_blank\" href=\"https:\/\/oxiplant.com\/new2\/wp-content\/uploads\/2025\/11\/OXIP_Cert-3834-R2-1Sep25-SPA.pdf\" rel=\"nofollow\"><div class=\"ut-animated-image-zoom\"><img loading=\"lazy\" decoding=\"async\" class=\"ut-lazy skip-lazy ut-animated-image \"  id=\"ut_am_69e5fbcf89308\" src=\"data:image\/svg+xml;charset=utf-8,%3Csvg xmlns%3D'http%3A%2F%2Fwww.w3.org%2F2000%2Fsvg' viewBox%3D'0 0 300 190'%2F%3E\" data-src=\"https:\/\/oxiplant.com\/wp-content\/uploads\/2025\/11\/iso-3834.jpg\" width=\"300\" height=\"190\" alt=\"\"\/><\/div><\/a><\/div><\/div><\/div>[\/vc_column][vc_column width=\u00a0\u00bb1\/6&Prime; css=\u00a0\u00bb.vc_custom_1764283681323{margin-top: 15px !important;}\u00a0\u00bb]<div  class=\"wpb_content_element   clearfix\"><style type=\"text\/css\">#ut_am_69e5fbcf8a009 { opacity: 1; }#ut_am_wrap_69e5fbcf8a00b .ut-image-gallery-item-caption-title h3 { color: #ffffff; }#ut_am_wrap_69e5fbcf8a00b .ut-image-gallery-item-caption-title-style-2 h3 { color: #ffffff; }#ut_am_wrap_69e5fbcf8a00b .ut-image-gallery-item-caption-title h3 { letter-spacing: 0em; }#ut_am_wrap_69e5fbcf8a00b .ut-gallery-slider-caption { font-weight: bold; }#ut_am_wrap_69e5fbcf8a00b { text-align: center; }@media (min-width: 768px) and (max-width: 1024px) { #ut_am_wrap_69e5fbcf8a00b { text-align: center !important; } }@media (max-width: 767px) { #ut_am_wrap_69e5fbcf8a00b { text-align: center !important; } }<\/style><div id=\"ut_am_wrap_69e5fbcf8a00b\" class=\"ut-image-gallery-image ani_zoom\"><div id=\"ut_reveal_69e5fbcf8a00c\"  data-appear-top-offset=\"auto\" class=\"ut-animated-image-item ut-image-gallery-item ut-animation-done \"><a target=\"_blank\" href=\"https:\/\/www.bureauveritas.dk\/en\/our-market\/apqp4wind?utm_source=google&#038;utm_medium=cpc&#038;gad_source=1&#038;gad_campaignid=1676330063&#038;gbraid=0AAAAAD28T32t2hKEXcw7JcM30Vaxr40iY&#038;gclid=CjwKCAiA55rJBhByEiwAFkY1QG0iBDQRekciHH0dIgsblVqHdnIgnglPMpL_zGsBaOnpgxHvH1W7aBoCFQQQAvD_BwE\" rel=\"nofollow\"><div class=\"ut-animated-image-zoom\"><img loading=\"lazy\" decoding=\"async\" class=\"ut-lazy skip-lazy ut-animated-image \"  id=\"ut_am_69e5fbcf8a009\" src=\"data:image\/svg+xml;charset=utf-8,%3Csvg xmlns%3D'http%3A%2F%2Fwww.w3.org%2F2000%2Fsvg' viewBox%3D'0 0 300 190'%2F%3E\" data-src=\"https:\/\/oxiplant.com\/wp-content\/uploads\/2025\/10\/apqp.jpg\" width=\"300\" height=\"190\" alt=\"\"\/><\/div><\/a><\/div><\/div><\/div>[\/vc_column][vc_column width=\u00a0\u00bb1\/6&Prime; css=\u00a0\u00bb.vc_custom_1764283694488{margin-top: 15px !important;}\u00a0\u00bb]<div  class=\"wpb_content_element   clearfix\"><style type=\"text\/css\">#ut_am_69e5fbcf8b1b7 { opacity: 1; }#ut_am_wrap_69e5fbcf8b1bb .ut-image-gallery-item-caption-title h3 { color: #ffffff; }#ut_am_wrap_69e5fbcf8b1bb .ut-image-gallery-item-caption-title-style-2 h3 { color: #ffffff; }#ut_am_wrap_69e5fbcf8b1bb .ut-image-gallery-item-caption-title h3 { letter-spacing: 0em; }#ut_am_wrap_69e5fbcf8b1bb .ut-gallery-slider-caption { font-weight: bold; }#ut_am_wrap_69e5fbcf8b1bb { text-align: center; }@media (min-width: 768px) and (max-width: 1024px) { #ut_am_wrap_69e5fbcf8b1bb { text-align: center !important; } }@media (max-width: 767px) { #ut_am_wrap_69e5fbcf8b1bb { text-align: center !important; } }<\/style><div id=\"ut_am_wrap_69e5fbcf8b1bb\" class=\"ut-image-gallery-image ani_zoom\"><div id=\"ut_reveal_69e5fbcf8b1bc\"  data-appear-top-offset=\"auto\" class=\"ut-animated-image-item ut-image-gallery-item ut-animation-done \"><a target=\"_blank\" href=\"https:\/\/ecovadis.com\/es\/\" rel=\"nofollow\"><div class=\"ut-animated-image-zoom\"><img decoding=\"async\" class=\"ut-lazy skip-lazy ut-animated-image \"  id=\"ut_am_69e5fbcf8b1b7\" src=\"data:image\/svg+xml;charset=utf-8,%3Csvg xmlns%3D'http%3A%2F%2Fwww.w3.org%2F2000%2Fsvg' viewBox%3D'0 0 118px 600'%2F%3E\" data-src=\"https:\/\/oxiplant.com\/wp-content\/uploads\/2025\/10\/reco-1.webp\" width=\"118px\" height=\"\" alt=\"\"\/><\/div><\/a><\/div><\/div><\/div>[\/vc_column][\/vc_row][\/vc_section]<\/p>\n<\/div>","protected":false},"excerpt":{"rendered":"<p>[vc_section][vc_row content_placement=\u00a0\u00bbmiddle\u00a0\u00bb css=\u00a0\u00bb.vc_custom_1765487663276{margin-bottom: 0px !important;}\u00a0\u00bb][vc_column width=\u00a0\u00bb1\/2&Prime;][vc_column_text]Chez Oxiplant, nous proposons un service complet de peinture industrielle et de traitements de surface qui couvre aussi bien les travaux en atelier que les interventions sur chantier. Nous disposons d&rsquo;installations o\u00f9 nous effectuons le sablage et le grenaillage de pi\u00e8ces pouvant peser jusqu&rsquo;\u00e0 20 tonnes et mesurer jusqu&rsquo;\u00e0 6 [&hellip;]<\/p>\n","protected":false},"author":1,"featured_media":0,"parent":0,"menu_order":0,"comment_status":"closed","ping_status":"closed","template":"","meta":{"footnotes":""},"class_list":["post-7682","page","type-page","status-publish","hentry"],"acf":[],"yoast_head":"<!-- This site is optimized with the Yoast SEO plugin v27.1.1 - https:\/\/yoast.com\/product\/yoast-seo-wordpress\/ -->\n<title>Peinture et traitements - Oxiplant<\/title>\n<meta name=\"robots\" content=\"index, follow, max-snippet:-1, max-image-preview:large, max-video-preview:-1\" \/>\n<link rel=\"canonical\" href=\"https:\/\/oxiplant.com\/fr\/peinture-et-traitements\/\" \/>\n<meta property=\"og:locale\" content=\"fr_FR\" \/>\n<meta property=\"og:type\" content=\"article\" \/>\n<meta property=\"og:title\" content=\"Peinture et traitements - Oxiplant\" \/>\n<meta property=\"og:description\" content=\"[vc_section][vc_row content_placement=\u00a0\u00bbmiddle\u00a0\u00bb css=\u00a0\u00bb.vc_custom_1765487663276{margin-bottom: 0px !important;}\u00a0\u00bb][vc_column width=\u00a0\u00bb1\/2&Prime;][vc_column_text]Chez Oxiplant, nous proposons un service complet de peinture industrielle et de traitements de surface qui couvre aussi bien les travaux en atelier que les interventions sur chantier. Nous disposons d&rsquo;installations o\u00f9 nous effectuons le sablage et le grenaillage de pi\u00e8ces pouvant peser jusqu&rsquo;\u00e0 20 tonnes et mesurer jusqu&rsquo;\u00e0 6 [&hellip;]\" \/>\n<meta property=\"og:url\" content=\"https:\/\/oxiplant.com\/fr\/peinture-et-traitements\/\" \/>\n<meta property=\"og:site_name\" content=\"Oxiplant\" \/>\n<meta property=\"article:modified_time\" content=\"2026-02-17T15:05:17+00:00\" \/>\n<meta name=\"twitter:card\" content=\"summary_large_image\" \/>\n<meta name=\"twitter:label1\" content=\"Dur\u00e9e de lecture estim\u00e9e\" \/>\n\t<meta name=\"twitter:data1\" content=\"8 minutes\" \/>\n<script type=\"application\/ld+json\" class=\"yoast-schema-graph\">{\"@context\":\"https:\/\/schema.org\",\"@graph\":[{\"@type\":\"WebPage\",\"@id\":\"https:\/\/oxiplant.com\/fr\/peinture-et-traitements\/\",\"url\":\"https:\/\/oxiplant.com\/fr\/peinture-et-traitements\/\",\"name\":\"Peinture et traitements - Oxiplant\",\"isPartOf\":{\"@id\":\"https:\/\/oxiplant.com\/fr\/#website\"},\"datePublished\":\"2025-11-18T19:26:14+00:00\",\"dateModified\":\"2026-02-17T15:05:17+00:00\",\"breadcrumb\":{\"@id\":\"https:\/\/oxiplant.com\/fr\/peinture-et-traitements\/#breadcrumb\"},\"inLanguage\":\"fr-FR\",\"potentialAction\":[{\"@type\":\"ReadAction\",\"target\":[\"https:\/\/oxiplant.com\/fr\/peinture-et-traitements\/\"]}]},{\"@type\":\"BreadcrumbList\",\"@id\":\"https:\/\/oxiplant.com\/fr\/peinture-et-traitements\/#breadcrumb\",\"itemListElement\":[{\"@type\":\"ListItem\",\"position\":1,\"name\":\"Portada\",\"item\":\"https:\/\/oxiplant.com\/fr\/\"},{\"@type\":\"ListItem\",\"position\":2,\"name\":\"Peinture et traitements\"}]},{\"@type\":\"WebSite\",\"@id\":\"https:\/\/oxiplant.com\/fr\/#website\",\"url\":\"https:\/\/oxiplant.com\/fr\/\",\"name\":\"Oxiplant\",\"description\":\"\",\"potentialAction\":[{\"@type\":\"SearchAction\",\"target\":{\"@type\":\"EntryPoint\",\"urlTemplate\":\"https:\/\/oxiplant.com\/fr\/?s={search_term_string}\"},\"query-input\":{\"@type\":\"PropertyValueSpecification\",\"valueRequired\":true,\"valueName\":\"search_term_string\"}}],\"inLanguage\":\"fr-FR\"}]}<\/script>\n<!-- \/ Yoast SEO plugin. -->","yoast_head_json":{"title":"Peinture et traitements - Oxiplant","robots":{"index":"index","follow":"follow","max-snippet":"max-snippet:-1","max-image-preview":"max-image-preview:large","max-video-preview":"max-video-preview:-1"},"canonical":"https:\/\/oxiplant.com\/fr\/peinture-et-traitements\/","og_locale":"fr_FR","og_type":"article","og_title":"Peinture et traitements - Oxiplant","og_description":"[vc_section][vc_row content_placement=\u00a0\u00bbmiddle\u00a0\u00bb css=\u00a0\u00bb.vc_custom_1765487663276{margin-bottom: 0px !important;}\u00a0\u00bb][vc_column width=\u00a0\u00bb1\/2&Prime;][vc_column_text]Chez Oxiplant, nous proposons un service complet de peinture industrielle et de traitements de surface qui couvre aussi bien les travaux en atelier que les interventions sur chantier. Nous disposons d&rsquo;installations o\u00f9 nous effectuons le sablage et le grenaillage de pi\u00e8ces pouvant peser jusqu&rsquo;\u00e0 20 tonnes et mesurer jusqu&rsquo;\u00e0 6 [&hellip;]","og_url":"https:\/\/oxiplant.com\/fr\/peinture-et-traitements\/","og_site_name":"Oxiplant","article_modified_time":"2026-02-17T15:05:17+00:00","twitter_card":"summary_large_image","twitter_misc":{"Dur\u00e9e de lecture estim\u00e9e":"8 minutes"},"schema":{"@context":"https:\/\/schema.org","@graph":[{"@type":"WebPage","@id":"https:\/\/oxiplant.com\/fr\/peinture-et-traitements\/","url":"https:\/\/oxiplant.com\/fr\/peinture-et-traitements\/","name":"Peinture et traitements - Oxiplant","isPartOf":{"@id":"https:\/\/oxiplant.com\/fr\/#website"},"datePublished":"2025-11-18T19:26:14+00:00","dateModified":"2026-02-17T15:05:17+00:00","breadcrumb":{"@id":"https:\/\/oxiplant.com\/fr\/peinture-et-traitements\/#breadcrumb"},"inLanguage":"fr-FR","potentialAction":[{"@type":"ReadAction","target":["https:\/\/oxiplant.com\/fr\/peinture-et-traitements\/"]}]},{"@type":"BreadcrumbList","@id":"https:\/\/oxiplant.com\/fr\/peinture-et-traitements\/#breadcrumb","itemListElement":[{"@type":"ListItem","position":1,"name":"Portada","item":"https:\/\/oxiplant.com\/fr\/"},{"@type":"ListItem","position":2,"name":"Peinture et traitements"}]},{"@type":"WebSite","@id":"https:\/\/oxiplant.com\/fr\/#website","url":"https:\/\/oxiplant.com\/fr\/","name":"Oxiplant","description":"","potentialAction":[{"@type":"SearchAction","target":{"@type":"EntryPoint","urlTemplate":"https:\/\/oxiplant.com\/fr\/?s={search_term_string}"},"query-input":{"@type":"PropertyValueSpecification","valueRequired":true,"valueName":"search_term_string"}}],"inLanguage":"fr-FR"}]}},"_links":{"self":[{"href":"https:\/\/oxiplant.com\/fr\/wp-json\/wp\/v2\/pages\/7682","targetHints":{"allow":["GET"]}}],"collection":[{"href":"https:\/\/oxiplant.com\/fr\/wp-json\/wp\/v2\/pages"}],"about":[{"href":"https:\/\/oxiplant.com\/fr\/wp-json\/wp\/v2\/types\/page"}],"author":[{"embeddable":true,"href":"https:\/\/oxiplant.com\/fr\/wp-json\/wp\/v2\/users\/1"}],"replies":[{"embeddable":true,"href":"https:\/\/oxiplant.com\/fr\/wp-json\/wp\/v2\/comments?post=7682"}],"version-history":[{"count":1,"href":"https:\/\/oxiplant.com\/fr\/wp-json\/wp\/v2\/pages\/7682\/revisions"}],"predecessor-version":[{"id":7962,"href":"https:\/\/oxiplant.com\/fr\/wp-json\/wp\/v2\/pages\/7682\/revisions\/7962"}],"wp:attachment":[{"href":"https:\/\/oxiplant.com\/fr\/wp-json\/wp\/v2\/media?parent=7682"}],"curies":[{"name":"wp","href":"https:\/\/api.w.org\/{rel}","templated":true}]}}