{"id":7688,"date":"2025-11-20T15:14:43","date_gmt":"2025-11-20T14:14:43","guid":{"rendered":"https:\/\/oxiplant.com\/new2\/ressources\/"},"modified":"2026-03-03T14:12:56","modified_gmt":"2026-03-03T13:12:56","slug":"ressources","status":"publish","type":"page","link":"https:\/\/oxiplant.com\/fr\/ressources\/","title":{"rendered":"Ressources"},"content":{"rendered":"<div class=\"wpb-content-wrapper\"><p>[vc_section el_name=\u00a0\u00bbRecursos\u00a0\u00bb][vc_row content_placement=\u00a0\u00bbmiddle\u00a0\u00bb css=\u00a0\u00bb.vc_custom_1764271684458{margin-bottom: 80px !important;}\u00a0\u00bb][vc_column width=\u00a0\u00bb1\/2&Prime;][vc_column_text]Le d\u00e9partement qualit\u00e9 d&rsquo;Oxiplant dispose de ressources techniques avanc\u00e9es qui garantissent la pr\u00e9cision dimensionnelle, la fiabilit\u00e9 et la r\u00e9p\u00e9tabilit\u00e9 dans tout type de v\u00e9rification.<\/p>\n<p>Parmi les \u00e9quipements sp\u00e9cialis\u00e9s, on peut citer:<\/p>\n<ul>\n<li><strong>Bras de mesure Hexagon<\/strong>, pour un contr\u00f4le m\u00e9trologique de haute pr\u00e9cision.<\/li>\n<li><strong>Scanner 3D Creaform<\/strong>, id\u00e9al pour les g\u00e9om\u00e9tries complexes et la num\u00e9risation avanc\u00e9e.<\/li>\n<\/ul>\n<p>Ces investissements refl\u00e8tent l&rsquo;importance que rev\u00eat la qualit\u00e9 dans notre processus de production, ainsi que notre engagement \u00e0 respecter les normes industrielles les plus strictes.<\/p>\n<p>Tous les \u00e9quipements sont soumis \u00e0 des <strong>m\u00e9thodes standardis\u00e9es d&rsquo;\u00e9talonnage et de contr\u00f4le<\/strong>, conform\u00e9ment aux proc\u00e9dures internes et ex\u00e9cut\u00e9es tant en interne que par des <strong>laboratoires externes agr\u00e9\u00e9s<\/strong>, comme indiqu\u00e9 dans la fiche technique de chaque instrument.<\/p>\n<p>Notre syst\u00e8me interne d&rsquo;\u00e9talonnage garantit:<\/p>\n<ul>\n<li>Pr\u00e9cision continue de tous les \u00e9quipements de mesure.<\/li>\n<li>R\u00e9p\u00e9tabilit\u00e9 et stabilit\u00e9 des r\u00e9sultats.<\/li>\n<li>Une confiance maximale dans chaque v\u00e9rification effectu\u00e9e.<\/li>\n<\/ul>\n<p>[\/vc_column_text][\/vc_column][vc_column width=\u00a0\u00bb1\/2&Prime;]<div  class=\"wpb_content_element   clearfix\"><style type=\"text\/css\">#ut_am_69e362dd1b545 { opacity: 1; }#ut_am_wrap_69e362dd1b547 img,#ut_am_wrap_69e362dd1b547 .ut-image-gallery-image-caption,#ut_am_wrap_69e362dd1b547 .ut-box-shadow-container,#ut_am_wrap_69e362dd1b547 .ut-box-shadow-container-inner,#ut_am_wrap_69e362dd1b547 .ut-block-revealer-element-container,#ut_am_wrap_69e362dd1b547 .ut-animated-image-zoom { -webkit-border-radius: 9px; -moz-border-radius: 9px; border-radius: 9px; }#ut_am_wrap_69e362dd1b547 .ut-image-gallery-item-caption-title h3 { letter-spacing: 0em; }#ut_am_wrap_69e362dd1b547 .ut-gallery-slider-caption { color: #999999; }#ut_am_wrap_69e362dd1b547 .ut-gallery-slider-caption { font-weight: normal; }#ut_am_wrap_69e362dd1b547 { text-align: right; }@media (min-width: 768px) and (max-width: 1024px) { #ut_am_wrap_69e362dd1b547 { text-align: right !important; } }@media (max-width: 767px) { #ut_am_wrap_69e362dd1b547 { text-align: center !important; } }<\/style><div id=\"ut_am_wrap_69e362dd1b547\" class=\"ut-image-gallery-image ani_zoom\"><div id=\"ut_reveal_69e362dd1b549\"  data-appear-top-offset=\"auto\" class=\"ut-animated-image-item ut-image-gallery-item ut-animation-done \"><a class=\"ut-deactivated-link\" href=\"#\"><div class=\"ut-animated-image-zoom\"><img loading=\"lazy\" decoding=\"async\" class=\"ut-lazy skip-lazy ut-animated-image \"  id=\"ut_am_69e362dd1b545\" src=\"data:image\/svg+xml;charset=utf-8,%3Csvg xmlns%3D'http%3A%2F%2Fwww.w3.org%2F2000%2Fsvg' viewBox%3D'0 0 1200 1384'%2F%3E\" data-src=\"https:\/\/oxiplant.com\/wp-content\/uploads\/2025\/12\/recursos-5.jpg\" width=\"1200\" height=\"1384\" alt=\"\"\/><\/div><\/a><\/div><\/div><\/div>[\/vc_column][\/vc_row][vc_row][vc_column width=\u00a0\u00bb1\/6&Prime; css=\u00a0\u00bb.vc_custom_1764283621195{margin-top: 15px !important;}\u00a0\u00bb]<div  class=\"wpb_content_element   clearfix\"><style type=\"text\/css\">#ut_am_69e362dd1bdc9 { opacity: 1; }#ut_am_wrap_69e362dd1bdcb .ut-image-gallery-item-caption-title h3 { color: #ffffff; }#ut_am_wrap_69e362dd1bdcb .ut-image-gallery-item-caption-title-style-2 h3 { color: #ffffff; }#ut_am_wrap_69e362dd1bdcb .ut-image-gallery-item-caption-title h3 { letter-spacing: 0em; }#ut_am_wrap_69e362dd1bdcb .ut-gallery-slider-caption { font-weight: bold; }#ut_am_wrap_69e362dd1bdcb { text-align: center; }@media (min-width: 768px) and (max-width: 1024px) { #ut_am_wrap_69e362dd1bdcb { text-align: center !important; } }@media (max-width: 767px) { #ut_am_wrap_69e362dd1bdcb { text-align: center !important; } }<\/style><div id=\"ut_am_wrap_69e362dd1bdcb\" class=\"ut-image-gallery-image ani_zoom\"><div id=\"ut_reveal_69e362dd1bdcc\"  data-appear-top-offset=\"auto\" class=\"ut-animated-image-item ut-image-gallery-item ut-animation-done \"><a target=\"_blank\" href=\"https:\/\/oxiplant.com\/new2\/wp-content\/uploads\/2025\/11\/OXIP_0094-CPR-MAD-20160126-SPA_Iss04-9Jun25-FPC-cer-EN1090.pdf\" rel=\"nofollow\"><div class=\"ut-animated-image-zoom\"><img loading=\"lazy\" decoding=\"async\" class=\"ut-lazy skip-lazy ut-animated-image \"  id=\"ut_am_69e362dd1bdc9\" src=\"data:image\/svg+xml;charset=utf-8,%3Csvg xmlns%3D'http%3A%2F%2Fwww.w3.org%2F2000%2Fsvg' viewBox%3D'0 0 300 190'%2F%3E\" data-src=\"https:\/\/oxiplant.com\/wp-content\/uploads\/2025\/11\/iso-1090-2.jpg\" width=\"300\" height=\"190\" alt=\"\"\/><\/div><\/a><\/div><\/div><\/div>[\/vc_column][vc_column width=\u00a0\u00bb1\/6&Prime; css=\u00a0\u00bb.vc_custom_1764283634822{margin-top: 15px !important;}\u00a0\u00bb]<div  class=\"wpb_content_element   clearfix\"><style type=\"text\/css\">#ut_am_69e362dd1c5df { opacity: 1; }#ut_am_wrap_69e362dd1c5e1 .ut-image-gallery-item-caption-title h3 { color: #ffffff; }#ut_am_wrap_69e362dd1c5e1 .ut-image-gallery-item-caption-title-style-2 h3 { color: #ffffff; }#ut_am_wrap_69e362dd1c5e1 .ut-image-gallery-item-caption-title h3 { letter-spacing: 0em; }#ut_am_wrap_69e362dd1c5e1 .ut-gallery-slider-caption { font-weight: bold; }#ut_am_wrap_69e362dd1c5e1 { text-align: center; }@media (min-width: 768px) and (max-width: 1024px) { #ut_am_wrap_69e362dd1c5e1 { text-align: center !important; } }@media (max-width: 767px) { #ut_am_wrap_69e362dd1c5e1 { text-align: center !important; } }<\/style><div id=\"ut_am_wrap_69e362dd1c5e1\" class=\"ut-image-gallery-image ani_zoom\"><div id=\"ut_reveal_69e362dd1c5e2\"  data-appear-top-offset=\"auto\" class=\"ut-animated-image-item ut-image-gallery-item ut-animation-done \"><a target=\"_blank\" href=\"https:\/\/oxiplant.com\/new2\/wp-content\/uploads\/2025\/11\/0038343-QMS-SPAES-UKAS.pdf\" rel=\"nofollow\"><div class=\"ut-animated-image-zoom\"><img loading=\"lazy\" decoding=\"async\" class=\"ut-lazy skip-lazy ut-animated-image \"  id=\"ut_am_69e362dd1c5df\" src=\"data:image\/svg+xml;charset=utf-8,%3Csvg xmlns%3D'http%3A%2F%2Fwww.w3.org%2F2000%2Fsvg' viewBox%3D'0 0 300 190'%2F%3E\" data-src=\"https:\/\/oxiplant.com\/wp-content\/uploads\/2025\/10\/calidad-2.webp\" width=\"300\" height=\"190\" alt=\"\"\/><\/div><\/a><\/div><\/div><\/div>[\/vc_column][vc_column width=\u00a0\u00bb1\/6&Prime; css=\u00a0\u00bb.vc_custom_1764283649688{margin-top: 15px !important;}\u00a0\u00bb]<div  class=\"wpb_content_element   clearfix\"><style type=\"text\/css\">#ut_am_69e362dd1ce66 { opacity: 1; }#ut_am_wrap_69e362dd1ce68 .ut-image-gallery-item-caption-title h3 { color: #ffffff; }#ut_am_wrap_69e362dd1ce68 .ut-image-gallery-item-caption-title-style-2 h3 { color: #ffffff; }#ut_am_wrap_69e362dd1ce68 .ut-image-gallery-item-caption-title h3 { letter-spacing: 0em; }#ut_am_wrap_69e362dd1ce68 .ut-gallery-slider-caption { font-weight: bold; }#ut_am_wrap_69e362dd1ce68 { text-align: center; }@media (min-width: 768px) and (max-width: 1024px) { #ut_am_wrap_69e362dd1ce68 { text-align: center !important; } }@media (max-width: 767px) { #ut_am_wrap_69e362dd1ce68 { text-align: center !important; } }<\/style><div id=\"ut_am_wrap_69e362dd1ce68\" class=\"ut-image-gallery-image ani_zoom\"><div id=\"ut_reveal_69e362dd1ce69\"  data-appear-top-offset=\"auto\" class=\"ut-animated-image-item ut-image-gallery-item ut-animation-done \"><a target=\"_blank\" href=\"https:\/\/oxiplant.com\/new2\/wp-content\/uploads\/2025\/11\/00016995-EMS-SPAES-UKAS.pdf\" rel=\"nofollow\"><div class=\"ut-animated-image-zoom\"><img loading=\"lazy\" decoding=\"async\" class=\"ut-lazy skip-lazy ut-animated-image \"  id=\"ut_am_69e362dd1ce66\" src=\"data:image\/svg+xml;charset=utf-8,%3Csvg xmlns%3D'http%3A%2F%2Fwww.w3.org%2F2000%2Fsvg' viewBox%3D'0 0 300 193'%2F%3E\" data-src=\"https:\/\/oxiplant.com\/wp-content\/uploads\/2025\/10\/medioambiente.webp\" width=\"300\" height=\"193\" alt=\"\"\/><\/div><\/a><\/div><\/div><\/div>[\/vc_column][vc_column width=\u00a0\u00bb1\/6&Prime; css=\u00a0\u00bb.vc_custom_1764283665569{margin-top: 15px !important;}\u00a0\u00bb]<div  class=\"wpb_content_element   clearfix\"><style type=\"text\/css\">#ut_am_69e362dd1d771 { opacity: 1; }#ut_am_wrap_69e362dd1d773 .ut-image-gallery-item-caption-title h3 { color: #ffffff; }#ut_am_wrap_69e362dd1d773 .ut-image-gallery-item-caption-title-style-2 h3 { color: #ffffff; }#ut_am_wrap_69e362dd1d773 .ut-image-gallery-item-caption-title h3 { letter-spacing: 0em; }#ut_am_wrap_69e362dd1d773 .ut-gallery-slider-caption { font-weight: bold; }#ut_am_wrap_69e362dd1d773 { text-align: center; }@media (min-width: 768px) and (max-width: 1024px) { #ut_am_wrap_69e362dd1d773 { text-align: center !important; } }@media (max-width: 767px) { #ut_am_wrap_69e362dd1d773 { text-align: center !important; } }<\/style><div id=\"ut_am_wrap_69e362dd1d773\" class=\"ut-image-gallery-image ani_zoom\"><div id=\"ut_reveal_69e362dd1d775\"  data-appear-top-offset=\"auto\" class=\"ut-animated-image-item ut-image-gallery-item ut-animation-done \"><a target=\"_blank\" href=\"https:\/\/oxiplant.com\/new2\/wp-content\/uploads\/2025\/11\/OXIP_Cert-3834-R2-1Sep25-SPA.pdf\" rel=\"nofollow\"><div class=\"ut-animated-image-zoom\"><img loading=\"lazy\" decoding=\"async\" class=\"ut-lazy skip-lazy ut-animated-image \"  id=\"ut_am_69e362dd1d771\" src=\"data:image\/svg+xml;charset=utf-8,%3Csvg xmlns%3D'http%3A%2F%2Fwww.w3.org%2F2000%2Fsvg' viewBox%3D'0 0 300 190'%2F%3E\" data-src=\"https:\/\/oxiplant.com\/wp-content\/uploads\/2025\/11\/iso-3834.jpg\" width=\"300\" height=\"190\" alt=\"\"\/><\/div><\/a><\/div><\/div><\/div>[\/vc_column][vc_column width=\u00a0\u00bb1\/6&Prime; css=\u00a0\u00bb.vc_custom_1764283681323{margin-top: 15px !important;}\u00a0\u00bb]<div  class=\"wpb_content_element   clearfix\"><style type=\"text\/css\">#ut_am_69e362dd1df8f { opacity: 1; }#ut_am_wrap_69e362dd1df91 .ut-image-gallery-item-caption-title h3 { color: #ffffff; }#ut_am_wrap_69e362dd1df91 .ut-image-gallery-item-caption-title-style-2 h3 { color: #ffffff; }#ut_am_wrap_69e362dd1df91 .ut-image-gallery-item-caption-title h3 { letter-spacing: 0em; }#ut_am_wrap_69e362dd1df91 .ut-gallery-slider-caption { font-weight: bold; }#ut_am_wrap_69e362dd1df91 { text-align: center; }@media (min-width: 768px) and (max-width: 1024px) { #ut_am_wrap_69e362dd1df91 { text-align: center !important; } }@media (max-width: 767px) { #ut_am_wrap_69e362dd1df91 { text-align: center !important; } }<\/style><div id=\"ut_am_wrap_69e362dd1df91\" class=\"ut-image-gallery-image ani_zoom\"><div id=\"ut_reveal_69e362dd1df92\"  data-appear-top-offset=\"auto\" class=\"ut-animated-image-item ut-image-gallery-item ut-animation-done \"><a target=\"_blank\" href=\"https:\/\/www.bureauveritas.dk\/en\/our-market\/apqp4wind?utm_source=google&#038;utm_medium=cpc&#038;gad_source=1&#038;gad_campaignid=1676330063&#038;gbraid=0AAAAAD28T32t2hKEXcw7JcM30Vaxr40iY&#038;gclid=CjwKCAiA55rJBhByEiwAFkY1QG0iBDQRekciHH0dIgsblVqHdnIgnglPMpL_zGsBaOnpgxHvH1W7aBoCFQQQAvD_BwE\" rel=\"nofollow\"><div class=\"ut-animated-image-zoom\"><img loading=\"lazy\" decoding=\"async\" class=\"ut-lazy skip-lazy ut-animated-image \"  id=\"ut_am_69e362dd1df8f\" src=\"data:image\/svg+xml;charset=utf-8,%3Csvg xmlns%3D'http%3A%2F%2Fwww.w3.org%2F2000%2Fsvg' viewBox%3D'0 0 300 190'%2F%3E\" data-src=\"https:\/\/oxiplant.com\/wp-content\/uploads\/2025\/10\/apqp.jpg\" width=\"300\" height=\"190\" alt=\"\"\/><\/div><\/a><\/div><\/div><\/div>[\/vc_column][vc_column width=\u00a0\u00bb1\/6&Prime; css=\u00a0\u00bb.vc_custom_1764283694488{margin-top: 15px !important;}\u00a0\u00bb]<div  class=\"wpb_content_element   clearfix\"><style type=\"text\/css\">#ut_am_69e362dd1ee24 { opacity: 1; }#ut_am_wrap_69e362dd1ee27 .ut-image-gallery-item-caption-title h3 { color: #ffffff; }#ut_am_wrap_69e362dd1ee27 .ut-image-gallery-item-caption-title-style-2 h3 { color: #ffffff; }#ut_am_wrap_69e362dd1ee27 .ut-image-gallery-item-caption-title h3 { letter-spacing: 0em; }#ut_am_wrap_69e362dd1ee27 .ut-gallery-slider-caption { font-weight: bold; }#ut_am_wrap_69e362dd1ee27 { text-align: center; }@media (min-width: 768px) and (max-width: 1024px) { #ut_am_wrap_69e362dd1ee27 { text-align: center !important; } }@media (max-width: 767px) { #ut_am_wrap_69e362dd1ee27 { text-align: center !important; } }<\/style><div id=\"ut_am_wrap_69e362dd1ee27\" class=\"ut-image-gallery-image ani_zoom\"><div id=\"ut_reveal_69e362dd1ee28\"  data-appear-top-offset=\"auto\" class=\"ut-animated-image-item ut-image-gallery-item ut-animation-done \"><a target=\"_blank\" href=\"https:\/\/ecovadis.com\/es\/\" rel=\"nofollow\"><div class=\"ut-animated-image-zoom\"><img decoding=\"async\" class=\"ut-lazy skip-lazy ut-animated-image \"  id=\"ut_am_69e362dd1ee24\" src=\"data:image\/svg+xml;charset=utf-8,%3Csvg xmlns%3D'http%3A%2F%2Fwww.w3.org%2F2000%2Fsvg' viewBox%3D'0 0 118px 600'%2F%3E\" data-src=\"https:\/\/oxiplant.com\/wp-content\/uploads\/2025\/10\/reco-1.webp\" width=\"118px\" height=\"\" alt=\"\"\/><\/div><\/a><\/div><\/div><\/div>[\/vc_column][\/vc_row][\/vc_section]<\/p>\n<\/div>","protected":false},"excerpt":{"rendered":"<p>[vc_section el_name=\u00a0\u00bbRecursos\u00a0\u00bb][vc_row content_placement=\u00a0\u00bbmiddle\u00a0\u00bb css=\u00a0\u00bb.vc_custom_1764271684458{margin-bottom: 80px !important;}\u00a0\u00bb][vc_column width=\u00a0\u00bb1\/2&Prime;][vc_column_text]Le d\u00e9partement qualit\u00e9 d&rsquo;Oxiplant dispose de ressources techniques avanc\u00e9es qui garantissent la pr\u00e9cision dimensionnelle, la fiabilit\u00e9 et la r\u00e9p\u00e9tabilit\u00e9 dans tout type de v\u00e9rification. Parmi les \u00e9quipements sp\u00e9cialis\u00e9s, on peut citer: Bras de mesure Hexagon, pour un contr\u00f4le m\u00e9trologique de haute pr\u00e9cision. Scanner 3D Creaform, id\u00e9al pour les g\u00e9om\u00e9tries [&hellip;]<\/p>\n","protected":false},"author":1,"featured_media":0,"parent":0,"menu_order":0,"comment_status":"closed","ping_status":"closed","template":"","meta":{"footnotes":""},"class_list":["post-7688","page","type-page","status-publish","hentry"],"acf":[],"yoast_head":"<!-- This site is optimized with the Yoast SEO plugin v27.1.1 - https:\/\/yoast.com\/product\/yoast-seo-wordpress\/ -->\n<title>Ressources - Oxiplant<\/title>\n<meta name=\"robots\" content=\"index, follow, max-snippet:-1, max-image-preview:large, max-video-preview:-1\" \/>\n<link rel=\"canonical\" href=\"https:\/\/oxiplant.com\/fr\/ressources\/\" \/>\n<meta property=\"og:locale\" content=\"fr_FR\" \/>\n<meta property=\"og:type\" content=\"article\" \/>\n<meta property=\"og:title\" content=\"Ressources - Oxiplant\" \/>\n<meta property=\"og:description\" content=\"[vc_section el_name=\u00a0\u00bbRecursos\u00a0\u00bb][vc_row content_placement=\u00a0\u00bbmiddle\u00a0\u00bb css=\u00a0\u00bb.vc_custom_1764271684458{margin-bottom: 80px !important;}\u00a0\u00bb][vc_column width=\u00a0\u00bb1\/2&Prime;][vc_column_text]Le d\u00e9partement qualit\u00e9 d&rsquo;Oxiplant dispose de ressources techniques avanc\u00e9es qui garantissent la pr\u00e9cision dimensionnelle, la fiabilit\u00e9 et la r\u00e9p\u00e9tabilit\u00e9 dans tout type de v\u00e9rification. Parmi les \u00e9quipements sp\u00e9cialis\u00e9s, on peut citer: Bras de mesure Hexagon, pour un contr\u00f4le m\u00e9trologique de haute pr\u00e9cision. Scanner 3D Creaform, id\u00e9al pour les g\u00e9om\u00e9tries [&hellip;]\" \/>\n<meta property=\"og:url\" content=\"https:\/\/oxiplant.com\/fr\/ressources\/\" \/>\n<meta property=\"og:site_name\" content=\"Oxiplant\" \/>\n<meta property=\"article:modified_time\" content=\"2026-03-03T13:12:56+00:00\" \/>\n<meta name=\"twitter:card\" content=\"summary_large_image\" \/>\n<meta name=\"twitter:label1\" content=\"Dur\u00e9e de lecture estim\u00e9e\" \/>\n\t<meta name=\"twitter:data1\" content=\"8 minutes\" \/>\n<script type=\"application\/ld+json\" class=\"yoast-schema-graph\">{\"@context\":\"https:\/\/schema.org\",\"@graph\":[{\"@type\":\"WebPage\",\"@id\":\"https:\/\/oxiplant.com\/fr\/ressources\/\",\"url\":\"https:\/\/oxiplant.com\/fr\/ressources\/\",\"name\":\"Ressources - Oxiplant\",\"isPartOf\":{\"@id\":\"https:\/\/oxiplant.com\/fr\/#website\"},\"datePublished\":\"2025-11-20T14:14:43+00:00\",\"dateModified\":\"2026-03-03T13:12:56+00:00\",\"breadcrumb\":{\"@id\":\"https:\/\/oxiplant.com\/fr\/ressources\/#breadcrumb\"},\"inLanguage\":\"fr-FR\",\"potentialAction\":[{\"@type\":\"ReadAction\",\"target\":[\"https:\/\/oxiplant.com\/fr\/ressources\/\"]}]},{\"@type\":\"BreadcrumbList\",\"@id\":\"https:\/\/oxiplant.com\/fr\/ressources\/#breadcrumb\",\"itemListElement\":[{\"@type\":\"ListItem\",\"position\":1,\"name\":\"Portada\",\"item\":\"https:\/\/oxiplant.com\/fr\/\"},{\"@type\":\"ListItem\",\"position\":2,\"name\":\"Ressources\"}]},{\"@type\":\"WebSite\",\"@id\":\"https:\/\/oxiplant.com\/fr\/#website\",\"url\":\"https:\/\/oxiplant.com\/fr\/\",\"name\":\"Oxiplant\",\"description\":\"\",\"potentialAction\":[{\"@type\":\"SearchAction\",\"target\":{\"@type\":\"EntryPoint\",\"urlTemplate\":\"https:\/\/oxiplant.com\/fr\/?s={search_term_string}\"},\"query-input\":{\"@type\":\"PropertyValueSpecification\",\"valueRequired\":true,\"valueName\":\"search_term_string\"}}],\"inLanguage\":\"fr-FR\"}]}<\/script>\n<!-- \/ Yoast SEO plugin. -->","yoast_head_json":{"title":"Ressources - Oxiplant","robots":{"index":"index","follow":"follow","max-snippet":"max-snippet:-1","max-image-preview":"max-image-preview:large","max-video-preview":"max-video-preview:-1"},"canonical":"https:\/\/oxiplant.com\/fr\/ressources\/","og_locale":"fr_FR","og_type":"article","og_title":"Ressources - Oxiplant","og_description":"[vc_section el_name=\u00a0\u00bbRecursos\u00a0\u00bb][vc_row content_placement=\u00a0\u00bbmiddle\u00a0\u00bb css=\u00a0\u00bb.vc_custom_1764271684458{margin-bottom: 80px !important;}\u00a0\u00bb][vc_column width=\u00a0\u00bb1\/2&Prime;][vc_column_text]Le d\u00e9partement qualit\u00e9 d&rsquo;Oxiplant dispose de ressources techniques avanc\u00e9es qui garantissent la pr\u00e9cision dimensionnelle, la fiabilit\u00e9 et la r\u00e9p\u00e9tabilit\u00e9 dans tout type de v\u00e9rification. Parmi les \u00e9quipements sp\u00e9cialis\u00e9s, on peut citer: Bras de mesure Hexagon, pour un contr\u00f4le m\u00e9trologique de haute pr\u00e9cision. Scanner 3D Creaform, id\u00e9al pour les g\u00e9om\u00e9tries [&hellip;]","og_url":"https:\/\/oxiplant.com\/fr\/ressources\/","og_site_name":"Oxiplant","article_modified_time":"2026-03-03T13:12:56+00:00","twitter_card":"summary_large_image","twitter_misc":{"Dur\u00e9e de lecture estim\u00e9e":"8 minutes"},"schema":{"@context":"https:\/\/schema.org","@graph":[{"@type":"WebPage","@id":"https:\/\/oxiplant.com\/fr\/ressources\/","url":"https:\/\/oxiplant.com\/fr\/ressources\/","name":"Ressources - Oxiplant","isPartOf":{"@id":"https:\/\/oxiplant.com\/fr\/#website"},"datePublished":"2025-11-20T14:14:43+00:00","dateModified":"2026-03-03T13:12:56+00:00","breadcrumb":{"@id":"https:\/\/oxiplant.com\/fr\/ressources\/#breadcrumb"},"inLanguage":"fr-FR","potentialAction":[{"@type":"ReadAction","target":["https:\/\/oxiplant.com\/fr\/ressources\/"]}]},{"@type":"BreadcrumbList","@id":"https:\/\/oxiplant.com\/fr\/ressources\/#breadcrumb","itemListElement":[{"@type":"ListItem","position":1,"name":"Portada","item":"https:\/\/oxiplant.com\/fr\/"},{"@type":"ListItem","position":2,"name":"Ressources"}]},{"@type":"WebSite","@id":"https:\/\/oxiplant.com\/fr\/#website","url":"https:\/\/oxiplant.com\/fr\/","name":"Oxiplant","description":"","potentialAction":[{"@type":"SearchAction","target":{"@type":"EntryPoint","urlTemplate":"https:\/\/oxiplant.com\/fr\/?s={search_term_string}"},"query-input":{"@type":"PropertyValueSpecification","valueRequired":true,"valueName":"search_term_string"}}],"inLanguage":"fr-FR"}]}},"_links":{"self":[{"href":"https:\/\/oxiplant.com\/fr\/wp-json\/wp\/v2\/pages\/7688","targetHints":{"allow":["GET"]}}],"collection":[{"href":"https:\/\/oxiplant.com\/fr\/wp-json\/wp\/v2\/pages"}],"about":[{"href":"https:\/\/oxiplant.com\/fr\/wp-json\/wp\/v2\/types\/page"}],"author":[{"embeddable":true,"href":"https:\/\/oxiplant.com\/fr\/wp-json\/wp\/v2\/users\/1"}],"replies":[{"embeddable":true,"href":"https:\/\/oxiplant.com\/fr\/wp-json\/wp\/v2\/comments?post=7688"}],"version-history":[{"count":1,"href":"https:\/\/oxiplant.com\/fr\/wp-json\/wp\/v2\/pages\/7688\/revisions"}],"predecessor-version":[{"id":8038,"href":"https:\/\/oxiplant.com\/fr\/wp-json\/wp\/v2\/pages\/7688\/revisions\/8038"}],"wp:attachment":[{"href":"https:\/\/oxiplant.com\/fr\/wp-json\/wp\/v2\/media?parent=7688"}],"curies":[{"name":"wp","href":"https:\/\/api.w.org\/{rel}","templated":true}]}}