{"id":7715,"date":"2025-10-27T16:27:47","date_gmt":"2025-10-27T15:27:47","guid":{"rendered":"https:\/\/oxiplant.com\/new2\/chaine-dapprovisionnement-2\/"},"modified":"2025-10-27T16:27:47","modified_gmt":"2025-10-27T15:27:47","slug":"chaine-dapprovisionnement-2","status":"publish","type":"page","link":"https:\/\/oxiplant.com\/fr\/chaine-dapprovisionnement-2\/","title":{"rendered":"Cha\u00eene d&rsquo;approvisionnement 2"},"content":{"rendered":"<div class=\"wpb-content-wrapper\"><p>[vc_section][vc_row css=\u00a0\u00bb.vc_custom_1467568839237{margin-bottom: 80px !important;}\u00a0\u00bb][vc_column width=\u00a0\u00bb1\/2&Prime;][vc_empty_space][vc_column_text]Chez Oxiplant, nous garantissons un service logistique efficace et flexible, soutenu par un r\u00e9seau d&rsquo;approvisionnement solide et strat\u00e9giquement situ\u00e9.<\/p>\n<p>Notre usine est situ\u00e9e \u00e0 seulement 500 m\u00e8tres du train de t\u00f4les d&rsquo;ArcelorMittal et \u00e0 100 m\u00e8tres de Norsider, ce qui nous permet d&rsquo;avoir un acc\u00e8s rapide \u00e0 des mati\u00e8res premi\u00e8res de haute qualit\u00e9.<br \/>Gr\u00e2ce au stock moyen de 40 000 tonnes de t\u00f4les fortes en acier au carbone que Norsider maintient, nous garantissons une disponibilit\u00e9 imm\u00e9diate et une r\u00e9ponse rapide \u00e0 toute demande.<\/p>\n<p>Nous faisons partie du groupe Norsider, une entreprise priv\u00e9e fond\u00e9e en 1979, dont le si\u00e8ge social se trouve \u00e0 Gij\u00f3n et qui se consacre \u00e0 la distribution et \u00e0 la commercialisation de t\u00f4les \u00e9paisses en acier au carbone.[\/vc_column_text][\/vc_column][vc_column width=\u00a0\u00bb1\/2&Prime; css=\u00a0\u00bb.vc_custom_1760485591380{padding-left: 50px !important;}\u00a0\u00bb]<div  class=\"wpb_content_element   clearfix\"><style type=\"text\/css\">#ut_am_69f28fa0556af { opacity: 1; }#ut_am_wrap_69f28fa0556b1 img,#ut_am_wrap_69f28fa0556b1 .ut-image-gallery-image-caption,#ut_am_wrap_69f28fa0556b1 .ut-box-shadow-container,#ut_am_wrap_69f28fa0556b1 .ut-box-shadow-container-inner,#ut_am_wrap_69f28fa0556b1 .ut-block-revealer-element-container,#ut_am_wrap_69f28fa0556b1 .ut-animated-image-zoom { -webkit-border-radius: 9px; -moz-border-radius: 9px; border-radius: 9px; }#ut_am_wrap_69f28fa0556b1 .ut-image-gallery-item-caption-title h3 { letter-spacing: 0em; }#ut_am_wrap_69f28fa0556b1 .ut-gallery-slider-caption { color: #999999; }#ut_am_wrap_69f28fa0556b1 .ut-gallery-slider-caption { font-weight: normal; }#ut_am_wrap_69f28fa0556b1 { text-align: right; }@media (min-width: 768px) and (max-width: 1024px) { #ut_am_wrap_69f28fa0556b1 { text-align: right !important; } }@media (max-width: 767px) { #ut_am_wrap_69f28fa0556b1 { text-align: center !important; } }<\/style><div id=\"ut_am_wrap_69f28fa0556b1\" class=\"ut-image-gallery-image \"><div id=\"ut_reveal_69f28fa0556b3\"  data-appear-top-offset=\"auto\" class=\"ut-animated-image-item ut-image-gallery-item ut-animation-done \"><a class=\"ut-deactivated-link\" href=\"#\"><div class=\"ut-animated-image-zoom\"><img loading=\"lazy\" decoding=\"async\" class=\"ut-lazy skip-lazy ut-animated-image \"  id=\"ut_am_69f28fa0556af\" src=\"data:image\/svg+xml;charset=utf-8,%3Csvg xmlns%3D'http%3A%2F%2Fwww.w3.org%2F2000%2Fsvg' viewBox%3D'0 0 1396 1106'%2F%3E\" data-src=\"https:\/\/oxiplant.com\/wp-content\/uploads\/2025\/10\/supply-chain-1.jpg\" width=\"1396\" height=\"1106\" alt=\"\"\/><\/div><\/a><\/div><\/div><\/div>[\/vc_column][\/vc_row][vc_row css=\u00a0\u00bb.vc_custom_1467568839237{margin-bottom: 80px !important;}\u00a0\u00bb][vc_column width=\u00a0\u00bb1\/2&Prime; css=\u00a0\u00bb.vc_custom_1760485591380{padding-left: 50px !important;}\u00a0\u00bb]<div class=\"wpb_content_element  vc_custom_1764182519782\"><style type=\"text\/css\">#ut_vs_69f28fa055cf6.ut-shortcode-video-wrap .ut-video-module-caption-text span { font-weight: bold; }<\/style><div id=\"ut_vs_69f28fa055cf6\" class=\"ut-shortcode-video-wrap  ut-shortcode-video-wrap-tablet- ut-shortcode-video-wrap-mobile- clearfix\" ><div id=\"ut_reveal_69f28fa055cf8\"  class=\"ut-video-module \"><div class=\"ut-video-module-caption \"><a class=\"ut-load-video \" data-source=\"mp4\" data-autoplay=\"0\" data-nonce=\"98409d6e4d\" data-location=\"inline\"   data-video=\"https:\/\/oxiplant.com\/wp-content\/uploads\/2025\/11\/norsider.mp4\" data-html=\"#ut_vid_69f28fa070646\">\r\n        <img loading=\"lazy\" decoding=\"async\" data-adaptive-images=\"{&quot;300&quot;:&quot;https:\\\/\\\/oxiplant.com\\\/wp-content\\\/uploads\\\/2025\\\/11\\\/norsider-video-300x169.jpg&quot;,&quot;500&quot;:&quot;https:\\\/\\\/oxiplant.com\\\/wp-content\\\/uploads\\\/2025\\\/11\\\/norsider-video-500x281.jpg&quot;,&quot;750&quot;:&quot;https:\\\/\\\/oxiplant.com\\\/wp-content\\\/uploads\\\/2025\\\/11\\\/norsider-video-750x421.jpg&quot;,&quot;1000&quot;:&quot;https:\\\/\\\/oxiplant.com\\\/wp-content\\\/uploads\\\/2025\\\/11\\\/norsider-video-1000x562.jpg&quot;,&quot;1500&quot;:&quot;https:\\\/\\\/oxiplant.com\\\/wp-content\\\/uploads\\\/2025\\\/11\\\/norsider-video-1500x843.jpg&quot;,&quot;2500&quot;:&quot;https:\\\/\\\/oxiplant.com\\\/wp-content\\\/uploads\\\/2025\\\/11\\\/norsider-video-2500x1405.jpg&quot;}\" src=\"data:image\/svg+xml;charset=utf-8,%3Csvg xmlns%3D&#039;http%3A%2F%2Fwww.w3.org%2F2000%2Fsvg&#039; viewBox%3D&#039;0 0 1500 843&#039;%2F%3E\" width=\"1500\" height=\"843\" data-src=\"https:\/\/oxiplant.com\/wp-content\/uploads\/2025\/11\/norsider-video-1500x843.jpg\" data-image-id=\"5954\" class=\"ut-adaptive-image wp-post-image skip-lazy \">\r\n\r\n        <div class=\"ut-video-module-caption-text\"><div class=\"ut-video-module-inner-caption-text ut-video-module-empty-caption ut-video-module-caption-position-default\"><div class=\"ut-video-module-play-icon \"><i class=\"Bklyn-Core-Right-6\" aria-hidden=\"true\"><\/i><\/div><\/div><\/div><\/a><\/div><div class=\"ut-video-module-loading\"><div class=\"ut-image-gallery-loader\"><div class=\"ut-image-gallery-loader-inner\"><\/div><\/div><\/div><\/div><\/div><\/div>[\/vc_column][vc_column width=\u00a0\u00bb1\/2&Prime; css=\u00a0\u00bb.vc_custom_1764183015144{margin-left: 40px !important;}\u00a0\u00bb][vc_empty_space][vc_column_text]Norsider a \u00e9t\u00e9 le premier entrep\u00f4t de t\u00f4les d&rsquo;acier en Espagne \u00e0 obtenir la certification de qualit\u00e9 ISO 9001 d\u00e9livr\u00e9e par Lloyd&rsquo;s Register, une reconnaissance qui refl\u00e8te son engagement en faveur de la qualit\u00e9, de la tra\u00e7abilit\u00e9 et de l&rsquo;excellence du service.<\/p>\n<p>Chez Oxiplant, nous disposons de deux entrep\u00f4ts propres, d&rsquo;une flotte de camions et de camionnettes et d&rsquo;itin\u00e9raires commerciaux hebdomadaires vers l&rsquo;Allemagne, la France et le Portugal, ce qui nous permet d&rsquo;offrir des livraisons rapides, pr\u00e9cises et s\u00fbres dans toute l&rsquo;Europe, toujours orient\u00e9es vers la satisfaction maximale de nos clients.[\/vc_column_text][\/vc_column][\/vc_row][vc_row full_width=\u00a0\u00bb\u00a0\u00bb css=\u00a0\u00bb.vc_custom_1762974096816{margin-bottom: 80px !important;}\u00a0\u00bb][vc_column][\/vc_column][\/vc_row][\/vc_section]<\/p>\n<\/div>","protected":false},"excerpt":{"rendered":"<p>[vc_section][vc_row css=\u00a0\u00bb.vc_custom_1467568839237{margin-bottom: 80px !important;}\u00a0\u00bb][vc_column width=\u00a0\u00bb1\/2&Prime;][vc_empty_space][vc_column_text]Chez Oxiplant, nous garantissons un service logistique efficace et flexible, soutenu par un r\u00e9seau d&rsquo;approvisionnement solide et strat\u00e9giquement situ\u00e9. Notre usine est situ\u00e9e \u00e0 seulement 500 m\u00e8tres du train de t\u00f4les d&rsquo;ArcelorMittal et \u00e0 100 m\u00e8tres de Norsider, ce qui nous permet d&rsquo;avoir un acc\u00e8s rapide \u00e0 des mati\u00e8res premi\u00e8res de [&hellip;]<\/p>\n","protected":false},"author":1,"featured_media":0,"parent":0,"menu_order":0,"comment_status":"closed","ping_status":"closed","template":"","meta":{"footnotes":""},"class_list":["post-7715","page","type-page","status-publish","hentry"],"acf":[],"yoast_head":"<!-- This site is optimized with the Yoast SEO plugin v27.1.1 - https:\/\/yoast.com\/product\/yoast-seo-wordpress\/ -->\n<title>Cha\u00eene d&#039;approvisionnement 2 - Oxiplant<\/title>\n<meta name=\"robots\" content=\"index, follow, max-snippet:-1, max-image-preview:large, max-video-preview:-1\" \/>\n<link rel=\"canonical\" href=\"https:\/\/oxiplant.com\/fr\/chaine-dapprovisionnement-2\/\" \/>\n<meta property=\"og:locale\" content=\"fr_FR\" \/>\n<meta property=\"og:type\" content=\"article\" \/>\n<meta property=\"og:title\" content=\"Cha\u00eene d&#039;approvisionnement 2 - Oxiplant\" \/>\n<meta property=\"og:description\" content=\"[vc_section][vc_row css=\u00a0\u00bb.vc_custom_1467568839237{margin-bottom: 80px !important;}\u00a0\u00bb][vc_column width=\u00a0\u00bb1\/2&Prime;][vc_empty_space][vc_column_text]Chez Oxiplant, nous garantissons un service logistique efficace et flexible, soutenu par un r\u00e9seau d&rsquo;approvisionnement solide et strat\u00e9giquement situ\u00e9. Notre usine est situ\u00e9e \u00e0 seulement 500 m\u00e8tres du train de t\u00f4les d&rsquo;ArcelorMittal et \u00e0 100 m\u00e8tres de Norsider, ce qui nous permet d&rsquo;avoir un acc\u00e8s rapide \u00e0 des mati\u00e8res premi\u00e8res de [&hellip;]\" \/>\n<meta property=\"og:url\" content=\"https:\/\/oxiplant.com\/fr\/chaine-dapprovisionnement-2\/\" \/>\n<meta property=\"og:site_name\" content=\"Oxiplant\" \/>\n<meta name=\"twitter:card\" content=\"summary_large_image\" \/>\n<meta name=\"twitter:label1\" content=\"Dur\u00e9e de lecture estim\u00e9e\" \/>\n\t<meta name=\"twitter:data1\" content=\"3 minutes\" \/>\n<script type=\"application\/ld+json\" class=\"yoast-schema-graph\">{\"@context\":\"https:\/\/schema.org\",\"@graph\":[{\"@type\":\"WebPage\",\"@id\":\"https:\/\/oxiplant.com\/fr\/chaine-dapprovisionnement-2\/\",\"url\":\"https:\/\/oxiplant.com\/fr\/chaine-dapprovisionnement-2\/\",\"name\":\"Cha\u00eene d'approvisionnement 2 - Oxiplant\",\"isPartOf\":{\"@id\":\"https:\/\/oxiplant.com\/fr\/#website\"},\"datePublished\":\"2025-10-27T15:27:47+00:00\",\"breadcrumb\":{\"@id\":\"https:\/\/oxiplant.com\/fr\/chaine-dapprovisionnement-2\/#breadcrumb\"},\"inLanguage\":\"fr-FR\",\"potentialAction\":[{\"@type\":\"ReadAction\",\"target\":[\"https:\/\/oxiplant.com\/fr\/chaine-dapprovisionnement-2\/\"]}]},{\"@type\":\"BreadcrumbList\",\"@id\":\"https:\/\/oxiplant.com\/fr\/chaine-dapprovisionnement-2\/#breadcrumb\",\"itemListElement\":[{\"@type\":\"ListItem\",\"position\":1,\"name\":\"Portada\",\"item\":\"https:\/\/oxiplant.com\/fr\/\"},{\"@type\":\"ListItem\",\"position\":2,\"name\":\"Cha\u00eene d&#8217;approvisionnement 2\"}]},{\"@type\":\"WebSite\",\"@id\":\"https:\/\/oxiplant.com\/fr\/#website\",\"url\":\"https:\/\/oxiplant.com\/fr\/\",\"name\":\"Oxiplant\",\"description\":\"\",\"potentialAction\":[{\"@type\":\"SearchAction\",\"target\":{\"@type\":\"EntryPoint\",\"urlTemplate\":\"https:\/\/oxiplant.com\/fr\/?s={search_term_string}\"},\"query-input\":{\"@type\":\"PropertyValueSpecification\",\"valueRequired\":true,\"valueName\":\"search_term_string\"}}],\"inLanguage\":\"fr-FR\"}]}<\/script>\n<!-- \/ Yoast SEO plugin. -->","yoast_head_json":{"title":"Cha\u00eene d'approvisionnement 2 - Oxiplant","robots":{"index":"index","follow":"follow","max-snippet":"max-snippet:-1","max-image-preview":"max-image-preview:large","max-video-preview":"max-video-preview:-1"},"canonical":"https:\/\/oxiplant.com\/fr\/chaine-dapprovisionnement-2\/","og_locale":"fr_FR","og_type":"article","og_title":"Cha\u00eene d'approvisionnement 2 - Oxiplant","og_description":"[vc_section][vc_row css=\u00a0\u00bb.vc_custom_1467568839237{margin-bottom: 80px !important;}\u00a0\u00bb][vc_column width=\u00a0\u00bb1\/2&Prime;][vc_empty_space][vc_column_text]Chez Oxiplant, nous garantissons un service logistique efficace et flexible, soutenu par un r\u00e9seau d&rsquo;approvisionnement solide et strat\u00e9giquement situ\u00e9. Notre usine est situ\u00e9e \u00e0 seulement 500 m\u00e8tres du train de t\u00f4les d&rsquo;ArcelorMittal et \u00e0 100 m\u00e8tres de Norsider, ce qui nous permet d&rsquo;avoir un acc\u00e8s rapide \u00e0 des mati\u00e8res premi\u00e8res de [&hellip;]","og_url":"https:\/\/oxiplant.com\/fr\/chaine-dapprovisionnement-2\/","og_site_name":"Oxiplant","twitter_card":"summary_large_image","twitter_misc":{"Dur\u00e9e de lecture estim\u00e9e":"3 minutes"},"schema":{"@context":"https:\/\/schema.org","@graph":[{"@type":"WebPage","@id":"https:\/\/oxiplant.com\/fr\/chaine-dapprovisionnement-2\/","url":"https:\/\/oxiplant.com\/fr\/chaine-dapprovisionnement-2\/","name":"Cha\u00eene d'approvisionnement 2 - Oxiplant","isPartOf":{"@id":"https:\/\/oxiplant.com\/fr\/#website"},"datePublished":"2025-10-27T15:27:47+00:00","breadcrumb":{"@id":"https:\/\/oxiplant.com\/fr\/chaine-dapprovisionnement-2\/#breadcrumb"},"inLanguage":"fr-FR","potentialAction":[{"@type":"ReadAction","target":["https:\/\/oxiplant.com\/fr\/chaine-dapprovisionnement-2\/"]}]},{"@type":"BreadcrumbList","@id":"https:\/\/oxiplant.com\/fr\/chaine-dapprovisionnement-2\/#breadcrumb","itemListElement":[{"@type":"ListItem","position":1,"name":"Portada","item":"https:\/\/oxiplant.com\/fr\/"},{"@type":"ListItem","position":2,"name":"Cha\u00eene d&#8217;approvisionnement 2"}]},{"@type":"WebSite","@id":"https:\/\/oxiplant.com\/fr\/#website","url":"https:\/\/oxiplant.com\/fr\/","name":"Oxiplant","description":"","potentialAction":[{"@type":"SearchAction","target":{"@type":"EntryPoint","urlTemplate":"https:\/\/oxiplant.com\/fr\/?s={search_term_string}"},"query-input":{"@type":"PropertyValueSpecification","valueRequired":true,"valueName":"search_term_string"}}],"inLanguage":"fr-FR"}]}},"_links":{"self":[{"href":"https:\/\/oxiplant.com\/fr\/wp-json\/wp\/v2\/pages\/7715","targetHints":{"allow":["GET"]}}],"collection":[{"href":"https:\/\/oxiplant.com\/fr\/wp-json\/wp\/v2\/pages"}],"about":[{"href":"https:\/\/oxiplant.com\/fr\/wp-json\/wp\/v2\/types\/page"}],"author":[{"embeddable":true,"href":"https:\/\/oxiplant.com\/fr\/wp-json\/wp\/v2\/users\/1"}],"replies":[{"embeddable":true,"href":"https:\/\/oxiplant.com\/fr\/wp-json\/wp\/v2\/comments?post=7715"}],"version-history":[{"count":0,"href":"https:\/\/oxiplant.com\/fr\/wp-json\/wp\/v2\/pages\/7715\/revisions"}],"wp:attachment":[{"href":"https:\/\/oxiplant.com\/fr\/wp-json\/wp\/v2\/media?parent=7715"}],"curies":[{"name":"wp","href":"https:\/\/api.w.org\/{rel}","templated":true}]}}