{"id":7719,"date":"2025-11-12T20:43:55","date_gmt":"2025-11-12T19:43:55","guid":{"rendered":"https:\/\/oxiplant.com\/new2\/tracabilite\/"},"modified":"2026-03-03T14:12:44","modified_gmt":"2026-03-03T13:12:44","slug":"tracabilite","status":"publish","type":"page","link":"https:\/\/oxiplant.com\/fr\/tracabilite\/","title":{"rendered":"Tra\u00e7abilit\u00e9"},"content":{"rendered":"<div class=\"wpb-content-wrapper\"><p>[vc_section][vc_row content_placement=\u00a0\u00bbmiddle\u00a0\u00bb css=\u00a0\u00bb.vc_custom_1764184956141{margin-bottom: 80px !important;}\u00a0\u00bb][vc_column width=\u00a0\u00bb1\/2&Prime;][vc_column_text]<\/p>\n<p class=\"p1\">Chez <b>Oxiplant<\/b>, la tra\u00e7abilit\u00e9 est bien plus qu&rsquo;une simple exigence r\u00e9glementaire : c&rsquo;est un outil essentiel pour garantir la <b>qualit\u00e9, la transparence et la fiabilit\u00e9<\/b> de chacun de nos processus de production.<\/p>\n<p class=\"p1\">De la r\u00e9ception de la mati\u00e8re premi\u00e8re \u00e0 la livraison du produit final, chaque \u00e9l\u00e9ment est identifi\u00e9, contr\u00f4l\u00e9 et document\u00e9, ce qui permet de conna\u00eetre \u00e0 tout moment son origine, les op\u00e9rations effectu\u00e9es et les responsables de chaque \u00e9tape du processus.<\/p>\n<p class=\"p1\">Notre syst\u00e8me de tra\u00e7abilit\u00e9 est enti\u00e8rement int\u00e9gr\u00e9 au syst\u00e8me de gestion ERP, ce qui nous permet un contr\u00f4le num\u00e9rique et bidirectionnel de toutes les informations associ\u00e9es \u00e0 chaque commande ou projet.<\/p>\n<p class=\"p1\">Chaque plaque ou mat\u00e9riau re\u00e7u fait l&rsquo;objet d&rsquo;une v\u00e9rification documentaire, qui consiste \u00e0 valider les certificats et les caract\u00e9ristiques techniques. Un num\u00e9ro de tra\u00e7abilit\u00e9 unique lui est ensuite attribu\u00e9, qui l&rsquo;accompagne tout au long de son cycle de vie au sein d&rsquo;Oxiplant. <\/p>\n<p class=\"p1\">[\/vc_column_text][\/vc_column][vc_column width=\u00a0\u00bb1\/2&Prime; css=\u00a0\u00bb.vc_custom_1760485443069{padding-left: 50px !important;}\u00a0\u00bb]<div  class=\"wpb_content_element   clearfix\"><style type=\"text\/css\">#ut_am_69e362e27a321 { opacity: 1; }#ut_am_wrap_69e362e27a324 img,#ut_am_wrap_69e362e27a324 .ut-image-gallery-image-caption,#ut_am_wrap_69e362e27a324 .ut-box-shadow-container,#ut_am_wrap_69e362e27a324 .ut-box-shadow-container-inner,#ut_am_wrap_69e362e27a324 .ut-block-revealer-element-container,#ut_am_wrap_69e362e27a324 .ut-animated-image-zoom { -webkit-border-radius: 9px; -moz-border-radius: 9px; border-radius: 9px; }#ut_am_wrap_69e362e27a324 .ut-image-gallery-item-caption-title h3 { letter-spacing: 0em; }#ut_am_wrap_69e362e27a324 .ut-gallery-slider-caption { color: #999999; }#ut_am_wrap_69e362e27a324 .ut-gallery-slider-caption { font-weight: normal; }#ut_am_wrap_69e362e27a324 { text-align: right; }@media (min-width: 768px) and (max-width: 1024px) { #ut_am_wrap_69e362e27a324 { text-align: right !important; } }@media (max-width: 767px) { #ut_am_wrap_69e362e27a324 { text-align: center !important; } }<\/style><div id=\"ut_am_wrap_69e362e27a324\" class=\"ut-image-gallery-image \"><div id=\"ut_reveal_69e362e27a326\"  data-appear-top-offset=\"auto\" class=\"ut-animated-image-item ut-image-gallery-item ut-animation-done \"><a class=\"ut-deactivated-link\" href=\"#\"><div class=\"ut-animated-image-zoom\"><img loading=\"lazy\" decoding=\"async\" class=\"ut-lazy skip-lazy ut-animated-image \"  id=\"ut_am_69e362e27a321\" src=\"data:image\/svg+xml;charset=utf-8,%3Csvg xmlns%3D'http%3A%2F%2Fwww.w3.org%2F2000%2Fsvg' viewBox%3D'0 0 1492 1244'%2F%3E\" data-src=\"https:\/\/oxiplant.com\/wp-content\/uploads\/2025\/11\/trazabilidad-1-2.jpg\" width=\"1492\" height=\"1244\" alt=\"\"\/><\/div><\/a><\/div><\/div><\/div>[\/vc_column][\/vc_row][\/vc_section][vc_section css=\u00a0\u00bb.vc_custom_1763492255251{margin-top: 0px !important;border-top-width: 0px !important;padding-top: 0px !important;}\u00a0\u00bb][vc_row content_placement=\u00a0\u00bbmiddle\u00a0\u00bb css=\u00a0\u00bb.vc_custom_1764184906853{margin-bottom: 80px !important;}\u00a0\u00bb][vc_column width=\u00a0\u00bb1\/2&Prime; css=\u00a0\u00bb.vc_custom_1760485443069{padding-left: 50px !important;}\u00a0\u00bb]<div  class=\"wpb_content_element   clearfix\"><style type=\"text\/css\">#ut_am_69e362e27b072 { opacity: 1; }#ut_am_wrap_69e362e27b074 img,#ut_am_wrap_69e362e27b074 .ut-image-gallery-image-caption,#ut_am_wrap_69e362e27b074 .ut-box-shadow-container,#ut_am_wrap_69e362e27b074 .ut-box-shadow-container-inner,#ut_am_wrap_69e362e27b074 .ut-block-revealer-element-container,#ut_am_wrap_69e362e27b074 .ut-animated-image-zoom { -webkit-border-radius: 9px; -moz-border-radius: 9px; border-radius: 9px; }#ut_am_wrap_69e362e27b074 .ut-image-gallery-item-caption-title h3 { letter-spacing: 0em; }#ut_am_wrap_69e362e27b074 .ut-gallery-slider-caption { color: #999999; }#ut_am_wrap_69e362e27b074 .ut-gallery-slider-caption { font-weight: normal; }#ut_am_wrap_69e362e27b074 { text-align: right; }@media (min-width: 768px) and (max-width: 1024px) { #ut_am_wrap_69e362e27b074 { text-align: right !important; } }@media (max-width: 767px) { #ut_am_wrap_69e362e27b074 { text-align: center !important; } }<\/style><div id=\"ut_am_wrap_69e362e27b074\" class=\"ut-image-gallery-image \"><div id=\"ut_reveal_69e362e27b076\"  data-appear-top-offset=\"auto\" class=\"ut-animated-image-item ut-image-gallery-item ut-animation-done \"><a class=\"ut-deactivated-link\" href=\"#\"><div class=\"ut-animated-image-zoom\"><img loading=\"lazy\" decoding=\"async\" class=\"ut-lazy skip-lazy ut-animated-image \"  id=\"ut_am_69e362e27b072\" src=\"data:image\/svg+xml;charset=utf-8,%3Csvg xmlns%3D'http%3A%2F%2Fwww.w3.org%2F2000%2Fsvg' viewBox%3D'0 0 1492 1128'%2F%3E\" data-src=\"https:\/\/oxiplant.com\/wp-content\/uploads\/2025\/11\/trazabilidad-2-2.jpg\" width=\"1492\" height=\"1128\" alt=\"\"\/><\/div><\/a><\/div><\/div><\/div>[\/vc_column][vc_column width=\u00a0\u00bb1\/2&Prime;][vc_column_text]<\/p>\n<p class=\"p1\">\u00c0 partir de ce moment, toutes les op\u00e9rations effectu\u00e9es sur ce mat\u00e9riau (d\u00e9coupe, pliage, cintrage, usinage, soudage ou traitement de surface) sont enregistr\u00e9es sous ce m\u00eame code. Cela permet de relier imm\u00e9diatement chaque pi\u00e8ce finie \u00e0 la t\u00f4le d&rsquo;origine, \u00e0 la commande d&rsquo;achat et aux certificats de qualit\u00e9 correspondants. <\/p>\n<p class=\"p1\">Le <b>suivi s&rsquo;effectue aussi bien en amont qu&rsquo;en aval<\/b>, ce qui permet d&rsquo;identifier rapidement les mat\u00e9riaux utilis\u00e9s pour une commande donn\u00e9e ou, inversement, les produits dans lesquels une t\u00f4le donn\u00e9e a \u00e9t\u00e9 utilis\u00e9e. Cette <b>tra\u00e7abilit\u00e9 bidirectionnelle<\/b> constitue une garantie fondamentale dans les secteurs qui exigent une pr\u00e9cision et un contr\u00f4le documentaire maximaux, tels que la construction <b>navale, l&rsquo;\u00e9nergie, l&rsquo;industrie, le nucl\u00e9aire ou la d\u00e9fense<\/b>. <\/p>\n<p>[\/vc_column_text][\/vc_column][\/vc_row][vc_row][vc_column width=\u00a0\u00bb1\/6&Prime; css=\u00a0\u00bb.vc_custom_1764283621195{margin-top: 15px !important;}\u00a0\u00bb]<div  class=\"wpb_content_element   clearfix\"><style type=\"text\/css\">#ut_am_69e362e27bbf9 { opacity: 1; }#ut_am_wrap_69e362e27bbfb .ut-image-gallery-item-caption-title h3 { color: #ffffff; }#ut_am_wrap_69e362e27bbfb .ut-image-gallery-item-caption-title-style-2 h3 { color: #ffffff; }#ut_am_wrap_69e362e27bbfb .ut-image-gallery-item-caption-title h3 { letter-spacing: 0em; }#ut_am_wrap_69e362e27bbfb .ut-gallery-slider-caption { font-weight: bold; }#ut_am_wrap_69e362e27bbfb { text-align: center; }@media (min-width: 768px) and (max-width: 1024px) { #ut_am_wrap_69e362e27bbfb { text-align: center !important; } }@media (max-width: 767px) { #ut_am_wrap_69e362e27bbfb { text-align: center !important; } }<\/style><div id=\"ut_am_wrap_69e362e27bbfb\" class=\"ut-image-gallery-image ani_zoom\"><div id=\"ut_reveal_69e362e27bbfc\"  data-appear-top-offset=\"auto\" class=\"ut-animated-image-item ut-image-gallery-item ut-animation-done \"><a target=\"_blank\" href=\"https:\/\/oxiplant.com\/new2\/wp-content\/uploads\/2025\/11\/OXIP_0094-CPR-MAD-20160126-SPA_Iss04-9Jun25-FPC-cer-EN1090.pdf\" rel=\"nofollow\"><div class=\"ut-animated-image-zoom\"><img loading=\"lazy\" decoding=\"async\" class=\"ut-lazy skip-lazy ut-animated-image \"  id=\"ut_am_69e362e27bbf9\" src=\"data:image\/svg+xml;charset=utf-8,%3Csvg xmlns%3D'http%3A%2F%2Fwww.w3.org%2F2000%2Fsvg' viewBox%3D'0 0 300 190'%2F%3E\" data-src=\"https:\/\/oxiplant.com\/wp-content\/uploads\/2025\/11\/iso-1090-2.jpg\" width=\"300\" height=\"190\" alt=\"\"\/><\/div><\/a><\/div><\/div><\/div>[\/vc_column][vc_column width=\u00a0\u00bb1\/6&Prime; css=\u00a0\u00bb.vc_custom_1764283634822{margin-top: 15px !important;}\u00a0\u00bb]<div  class=\"wpb_content_element   clearfix\"><style type=\"text\/css\">#ut_am_69e362e27c5c1 { opacity: 1; }#ut_am_wrap_69e362e27c5c3 .ut-image-gallery-item-caption-title h3 { color: #ffffff; }#ut_am_wrap_69e362e27c5c3 .ut-image-gallery-item-caption-title-style-2 h3 { color: #ffffff; }#ut_am_wrap_69e362e27c5c3 .ut-image-gallery-item-caption-title h3 { letter-spacing: 0em; }#ut_am_wrap_69e362e27c5c3 .ut-gallery-slider-caption { font-weight: bold; }#ut_am_wrap_69e362e27c5c3 { text-align: center; }@media (min-width: 768px) and (max-width: 1024px) { #ut_am_wrap_69e362e27c5c3 { text-align: center !important; } }@media (max-width: 767px) { #ut_am_wrap_69e362e27c5c3 { text-align: center !important; } }<\/style><div id=\"ut_am_wrap_69e362e27c5c3\" class=\"ut-image-gallery-image ani_zoom\"><div id=\"ut_reveal_69e362e27c5c4\"  data-appear-top-offset=\"auto\" class=\"ut-animated-image-item ut-image-gallery-item ut-animation-done \"><a target=\"_blank\" href=\"https:\/\/oxiplant.com\/new2\/wp-content\/uploads\/2025\/11\/0038343-QMS-SPAES-UKAS.pdf\" rel=\"nofollow\"><div class=\"ut-animated-image-zoom\"><img loading=\"lazy\" decoding=\"async\" class=\"ut-lazy skip-lazy ut-animated-image \"  id=\"ut_am_69e362e27c5c1\" src=\"data:image\/svg+xml;charset=utf-8,%3Csvg xmlns%3D'http%3A%2F%2Fwww.w3.org%2F2000%2Fsvg' viewBox%3D'0 0 300 190'%2F%3E\" data-src=\"https:\/\/oxiplant.com\/wp-content\/uploads\/2025\/10\/calidad-2.webp\" width=\"300\" height=\"190\" alt=\"\"\/><\/div><\/a><\/div><\/div><\/div>[\/vc_column][vc_column width=\u00a0\u00bb1\/6&Prime; css=\u00a0\u00bb.vc_custom_1764283649688{margin-top: 15px !important;}\u00a0\u00bb]<div  class=\"wpb_content_element   clearfix\"><style type=\"text\/css\">#ut_am_69e362e27cea3 { opacity: 1; }#ut_am_wrap_69e362e27cea5 .ut-image-gallery-item-caption-title h3 { color: #ffffff; }#ut_am_wrap_69e362e27cea5 .ut-image-gallery-item-caption-title-style-2 h3 { color: #ffffff; }#ut_am_wrap_69e362e27cea5 .ut-image-gallery-item-caption-title h3 { letter-spacing: 0em; }#ut_am_wrap_69e362e27cea5 .ut-gallery-slider-caption { font-weight: bold; }#ut_am_wrap_69e362e27cea5 { text-align: center; }@media (min-width: 768px) and (max-width: 1024px) { #ut_am_wrap_69e362e27cea5 { text-align: center !important; } }@media (max-width: 767px) { #ut_am_wrap_69e362e27cea5 { text-align: center !important; } }<\/style><div id=\"ut_am_wrap_69e362e27cea5\" class=\"ut-image-gallery-image ani_zoom\"><div id=\"ut_reveal_69e362e27cea6\"  data-appear-top-offset=\"auto\" class=\"ut-animated-image-item ut-image-gallery-item ut-animation-done \"><a target=\"_blank\" href=\"https:\/\/oxiplant.com\/new2\/wp-content\/uploads\/2025\/11\/00016995-EMS-SPAES-UKAS.pdf\" rel=\"nofollow\"><div class=\"ut-animated-image-zoom\"><img loading=\"lazy\" decoding=\"async\" class=\"ut-lazy skip-lazy ut-animated-image \"  id=\"ut_am_69e362e27cea3\" src=\"data:image\/svg+xml;charset=utf-8,%3Csvg xmlns%3D'http%3A%2F%2Fwww.w3.org%2F2000%2Fsvg' viewBox%3D'0 0 300 193'%2F%3E\" data-src=\"https:\/\/oxiplant.com\/wp-content\/uploads\/2025\/10\/medioambiente.webp\" width=\"300\" height=\"193\" alt=\"\"\/><\/div><\/a><\/div><\/div><\/div>[\/vc_column][vc_column width=\u00a0\u00bb1\/6&Prime; css=\u00a0\u00bb.vc_custom_1764283665569{margin-top: 15px !important;}\u00a0\u00bb]<div  class=\"wpb_content_element   clearfix\"><style type=\"text\/css\">#ut_am_69e362e27d73a { opacity: 1; }#ut_am_wrap_69e362e27d73c .ut-image-gallery-item-caption-title h3 { color: #ffffff; }#ut_am_wrap_69e362e27d73c .ut-image-gallery-item-caption-title-style-2 h3 { color: #ffffff; }#ut_am_wrap_69e362e27d73c .ut-image-gallery-item-caption-title h3 { letter-spacing: 0em; }#ut_am_wrap_69e362e27d73c .ut-gallery-slider-caption { font-weight: bold; }#ut_am_wrap_69e362e27d73c { text-align: center; }@media (min-width: 768px) and (max-width: 1024px) { #ut_am_wrap_69e362e27d73c { text-align: center !important; } }@media (max-width: 767px) { #ut_am_wrap_69e362e27d73c { text-align: center !important; } }<\/style><div id=\"ut_am_wrap_69e362e27d73c\" class=\"ut-image-gallery-image ani_zoom\"><div id=\"ut_reveal_69e362e27d73d\"  data-appear-top-offset=\"auto\" class=\"ut-animated-image-item ut-image-gallery-item ut-animation-done \"><a target=\"_blank\" href=\"https:\/\/oxiplant.com\/new2\/wp-content\/uploads\/2025\/11\/OXIP_Cert-3834-R2-1Sep25-SPA.pdf\" rel=\"nofollow\"><div class=\"ut-animated-image-zoom\"><img loading=\"lazy\" decoding=\"async\" class=\"ut-lazy skip-lazy ut-animated-image \"  id=\"ut_am_69e362e27d73a\" src=\"data:image\/svg+xml;charset=utf-8,%3Csvg xmlns%3D'http%3A%2F%2Fwww.w3.org%2F2000%2Fsvg' viewBox%3D'0 0 300 190'%2F%3E\" data-src=\"https:\/\/oxiplant.com\/wp-content\/uploads\/2025\/11\/iso-3834.jpg\" width=\"300\" height=\"190\" alt=\"\"\/><\/div><\/a><\/div><\/div><\/div>[\/vc_column][vc_column width=\u00a0\u00bb1\/6&Prime; css=\u00a0\u00bb.vc_custom_1764283681323{margin-top: 15px !important;}\u00a0\u00bb]<div  class=\"wpb_content_element   clearfix\"><style type=\"text\/css\">#ut_am_69e362e27e014 { opacity: 1; }#ut_am_wrap_69e362e27e016 .ut-image-gallery-item-caption-title h3 { color: #ffffff; }#ut_am_wrap_69e362e27e016 .ut-image-gallery-item-caption-title-style-2 h3 { color: #ffffff; }#ut_am_wrap_69e362e27e016 .ut-image-gallery-item-caption-title h3 { letter-spacing: 0em; }#ut_am_wrap_69e362e27e016 .ut-gallery-slider-caption { font-weight: bold; }#ut_am_wrap_69e362e27e016 { text-align: center; }@media (min-width: 768px) and (max-width: 1024px) { #ut_am_wrap_69e362e27e016 { text-align: center !important; } }@media (max-width: 767px) { #ut_am_wrap_69e362e27e016 { text-align: center !important; } }<\/style><div id=\"ut_am_wrap_69e362e27e016\" class=\"ut-image-gallery-image ani_zoom\"><div id=\"ut_reveal_69e362e27e017\"  data-appear-top-offset=\"auto\" class=\"ut-animated-image-item ut-image-gallery-item ut-animation-done \"><a target=\"_blank\" href=\"https:\/\/www.bureauveritas.dk\/en\/our-market\/apqp4wind?utm_source=google&#038;utm_medium=cpc&#038;gad_source=1&#038;gad_campaignid=1676330063&#038;gbraid=0AAAAAD28T32t2hKEXcw7JcM30Vaxr40iY&#038;gclid=CjwKCAiA55rJBhByEiwAFkY1QG0iBDQRekciHH0dIgsblVqHdnIgnglPMpL_zGsBaOnpgxHvH1W7aBoCFQQQAvD_BwE\" rel=\"nofollow\"><div class=\"ut-animated-image-zoom\"><img loading=\"lazy\" decoding=\"async\" class=\"ut-lazy skip-lazy ut-animated-image \"  id=\"ut_am_69e362e27e014\" src=\"data:image\/svg+xml;charset=utf-8,%3Csvg xmlns%3D'http%3A%2F%2Fwww.w3.org%2F2000%2Fsvg' viewBox%3D'0 0 300 190'%2F%3E\" data-src=\"https:\/\/oxiplant.com\/wp-content\/uploads\/2025\/10\/apqp.jpg\" width=\"300\" height=\"190\" alt=\"\"\/><\/div><\/a><\/div><\/div><\/div>[\/vc_column][vc_column width=\u00a0\u00bb1\/6&Prime; css=\u00a0\u00bb.vc_custom_1764283694488{margin-top: 15px !important;}\u00a0\u00bb]<div  class=\"wpb_content_element   clearfix\"><style type=\"text\/css\">#ut_am_69e362e27f0d5 { opacity: 1; }#ut_am_wrap_69e362e27f0d7 .ut-image-gallery-item-caption-title h3 { color: #ffffff; }#ut_am_wrap_69e362e27f0d7 .ut-image-gallery-item-caption-title-style-2 h3 { color: #ffffff; }#ut_am_wrap_69e362e27f0d7 .ut-image-gallery-item-caption-title h3 { letter-spacing: 0em; }#ut_am_wrap_69e362e27f0d7 .ut-gallery-slider-caption { font-weight: bold; }#ut_am_wrap_69e362e27f0d7 { text-align: center; }@media (min-width: 768px) and (max-width: 1024px) { #ut_am_wrap_69e362e27f0d7 { text-align: center !important; } }@media (max-width: 767px) { #ut_am_wrap_69e362e27f0d7 { text-align: center !important; } }<\/style><div id=\"ut_am_wrap_69e362e27f0d7\" class=\"ut-image-gallery-image ani_zoom\"><div id=\"ut_reveal_69e362e27f0d8\"  data-appear-top-offset=\"auto\" class=\"ut-animated-image-item ut-image-gallery-item ut-animation-done \"><a target=\"_blank\" href=\"https:\/\/ecovadis.com\/es\/\" rel=\"nofollow\"><div class=\"ut-animated-image-zoom\"><img decoding=\"async\" class=\"ut-lazy skip-lazy ut-animated-image \"  id=\"ut_am_69e362e27f0d5\" src=\"data:image\/svg+xml;charset=utf-8,%3Csvg xmlns%3D'http%3A%2F%2Fwww.w3.org%2F2000%2Fsvg' viewBox%3D'0 0 118px 600'%2F%3E\" data-src=\"https:\/\/oxiplant.com\/wp-content\/uploads\/2025\/10\/reco-1.webp\" width=\"118px\" height=\"\" alt=\"\"\/><\/div><\/a><\/div><\/div><\/div>[\/vc_column][\/vc_row][\/vc_section]<\/p>\n<\/div>","protected":false},"excerpt":{"rendered":"<p>[vc_section][vc_row content_placement=\u00a0\u00bbmiddle\u00a0\u00bb css=\u00a0\u00bb.vc_custom_1764184956141{margin-bottom: 80px !important;}\u00a0\u00bb][vc_column width=\u00a0\u00bb1\/2&Prime;][vc_column_text] Chez Oxiplant, la tra\u00e7abilit\u00e9 est bien plus qu&rsquo;une simple exigence r\u00e9glementaire : c&rsquo;est un outil essentiel pour garantir la qualit\u00e9, la transparence et la fiabilit\u00e9 de chacun de nos processus de production. De la r\u00e9ception de la mati\u00e8re premi\u00e8re \u00e0 la livraison du produit final, chaque \u00e9l\u00e9ment est identifi\u00e9, [&hellip;]<\/p>\n","protected":false},"author":1,"featured_media":0,"parent":0,"menu_order":0,"comment_status":"closed","ping_status":"closed","template":"","meta":{"footnotes":""},"class_list":["post-7719","page","type-page","status-publish","hentry"],"acf":[],"yoast_head":"<!-- This site is optimized with the Yoast SEO plugin v27.1.1 - https:\/\/yoast.com\/product\/yoast-seo-wordpress\/ -->\n<title>Tra\u00e7abilit\u00e9 - Oxiplant<\/title>\n<meta name=\"robots\" content=\"index, follow, max-snippet:-1, max-image-preview:large, max-video-preview:-1\" \/>\n<link rel=\"canonical\" href=\"https:\/\/oxiplant.com\/fr\/tracabilite\/\" \/>\n<meta property=\"og:locale\" content=\"fr_FR\" \/>\n<meta property=\"og:type\" content=\"article\" \/>\n<meta property=\"og:title\" content=\"Tra\u00e7abilit\u00e9 - Oxiplant\" \/>\n<meta property=\"og:description\" content=\"[vc_section][vc_row content_placement=\u00a0\u00bbmiddle\u00a0\u00bb css=\u00a0\u00bb.vc_custom_1764184956141{margin-bottom: 80px !important;}\u00a0\u00bb][vc_column width=\u00a0\u00bb1\/2&Prime;][vc_column_text] Chez Oxiplant, la tra\u00e7abilit\u00e9 est bien plus qu&rsquo;une simple exigence r\u00e9glementaire : c&rsquo;est un outil essentiel pour garantir la qualit\u00e9, la transparence et la fiabilit\u00e9 de chacun de nos processus de production. De la r\u00e9ception de la mati\u00e8re premi\u00e8re \u00e0 la livraison du produit final, chaque \u00e9l\u00e9ment est identifi\u00e9, [&hellip;]\" \/>\n<meta property=\"og:url\" content=\"https:\/\/oxiplant.com\/fr\/tracabilite\/\" \/>\n<meta property=\"og:site_name\" content=\"Oxiplant\" \/>\n<meta property=\"article:modified_time\" content=\"2026-03-03T13:12:44+00:00\" \/>\n<meta name=\"twitter:card\" content=\"summary_large_image\" \/>\n<meta name=\"twitter:label1\" content=\"Dur\u00e9e de lecture estim\u00e9e\" \/>\n\t<meta name=\"twitter:data1\" content=\"10 minutes\" \/>\n<script type=\"application\/ld+json\" class=\"yoast-schema-graph\">{\"@context\":\"https:\/\/schema.org\",\"@graph\":[{\"@type\":\"WebPage\",\"@id\":\"https:\/\/oxiplant.com\/fr\/tracabilite\/\",\"url\":\"https:\/\/oxiplant.com\/fr\/tracabilite\/\",\"name\":\"Tra\u00e7abilit\u00e9 - Oxiplant\",\"isPartOf\":{\"@id\":\"https:\/\/oxiplant.com\/fr\/#website\"},\"datePublished\":\"2025-11-12T19:43:55+00:00\",\"dateModified\":\"2026-03-03T13:12:44+00:00\",\"breadcrumb\":{\"@id\":\"https:\/\/oxiplant.com\/fr\/tracabilite\/#breadcrumb\"},\"inLanguage\":\"fr-FR\",\"potentialAction\":[{\"@type\":\"ReadAction\",\"target\":[\"https:\/\/oxiplant.com\/fr\/tracabilite\/\"]}]},{\"@type\":\"BreadcrumbList\",\"@id\":\"https:\/\/oxiplant.com\/fr\/tracabilite\/#breadcrumb\",\"itemListElement\":[{\"@type\":\"ListItem\",\"position\":1,\"name\":\"Portada\",\"item\":\"https:\/\/oxiplant.com\/fr\/\"},{\"@type\":\"ListItem\",\"position\":2,\"name\":\"Tra\u00e7abilit\u00e9\"}]},{\"@type\":\"WebSite\",\"@id\":\"https:\/\/oxiplant.com\/fr\/#website\",\"url\":\"https:\/\/oxiplant.com\/fr\/\",\"name\":\"Oxiplant\",\"description\":\"\",\"potentialAction\":[{\"@type\":\"SearchAction\",\"target\":{\"@type\":\"EntryPoint\",\"urlTemplate\":\"https:\/\/oxiplant.com\/fr\/?s={search_term_string}\"},\"query-input\":{\"@type\":\"PropertyValueSpecification\",\"valueRequired\":true,\"valueName\":\"search_term_string\"}}],\"inLanguage\":\"fr-FR\"}]}<\/script>\n<!-- \/ Yoast SEO plugin. -->","yoast_head_json":{"title":"Tra\u00e7abilit\u00e9 - Oxiplant","robots":{"index":"index","follow":"follow","max-snippet":"max-snippet:-1","max-image-preview":"max-image-preview:large","max-video-preview":"max-video-preview:-1"},"canonical":"https:\/\/oxiplant.com\/fr\/tracabilite\/","og_locale":"fr_FR","og_type":"article","og_title":"Tra\u00e7abilit\u00e9 - Oxiplant","og_description":"[vc_section][vc_row content_placement=\u00a0\u00bbmiddle\u00a0\u00bb css=\u00a0\u00bb.vc_custom_1764184956141{margin-bottom: 80px !important;}\u00a0\u00bb][vc_column width=\u00a0\u00bb1\/2&Prime;][vc_column_text] Chez Oxiplant, la tra\u00e7abilit\u00e9 est bien plus qu&rsquo;une simple exigence r\u00e9glementaire : c&rsquo;est un outil essentiel pour garantir la qualit\u00e9, la transparence et la fiabilit\u00e9 de chacun de nos processus de production. De la r\u00e9ception de la mati\u00e8re premi\u00e8re \u00e0 la livraison du produit final, chaque \u00e9l\u00e9ment est identifi\u00e9, [&hellip;]","og_url":"https:\/\/oxiplant.com\/fr\/tracabilite\/","og_site_name":"Oxiplant","article_modified_time":"2026-03-03T13:12:44+00:00","twitter_card":"summary_large_image","twitter_misc":{"Dur\u00e9e de lecture estim\u00e9e":"10 minutes"},"schema":{"@context":"https:\/\/schema.org","@graph":[{"@type":"WebPage","@id":"https:\/\/oxiplant.com\/fr\/tracabilite\/","url":"https:\/\/oxiplant.com\/fr\/tracabilite\/","name":"Tra\u00e7abilit\u00e9 - Oxiplant","isPartOf":{"@id":"https:\/\/oxiplant.com\/fr\/#website"},"datePublished":"2025-11-12T19:43:55+00:00","dateModified":"2026-03-03T13:12:44+00:00","breadcrumb":{"@id":"https:\/\/oxiplant.com\/fr\/tracabilite\/#breadcrumb"},"inLanguage":"fr-FR","potentialAction":[{"@type":"ReadAction","target":["https:\/\/oxiplant.com\/fr\/tracabilite\/"]}]},{"@type":"BreadcrumbList","@id":"https:\/\/oxiplant.com\/fr\/tracabilite\/#breadcrumb","itemListElement":[{"@type":"ListItem","position":1,"name":"Portada","item":"https:\/\/oxiplant.com\/fr\/"},{"@type":"ListItem","position":2,"name":"Tra\u00e7abilit\u00e9"}]},{"@type":"WebSite","@id":"https:\/\/oxiplant.com\/fr\/#website","url":"https:\/\/oxiplant.com\/fr\/","name":"Oxiplant","description":"","potentialAction":[{"@type":"SearchAction","target":{"@type":"EntryPoint","urlTemplate":"https:\/\/oxiplant.com\/fr\/?s={search_term_string}"},"query-input":{"@type":"PropertyValueSpecification","valueRequired":true,"valueName":"search_term_string"}}],"inLanguage":"fr-FR"}]}},"_links":{"self":[{"href":"https:\/\/oxiplant.com\/fr\/wp-json\/wp\/v2\/pages\/7719","targetHints":{"allow":["GET"]}}],"collection":[{"href":"https:\/\/oxiplant.com\/fr\/wp-json\/wp\/v2\/pages"}],"about":[{"href":"https:\/\/oxiplant.com\/fr\/wp-json\/wp\/v2\/types\/page"}],"author":[{"embeddable":true,"href":"https:\/\/oxiplant.com\/fr\/wp-json\/wp\/v2\/users\/1"}],"replies":[{"embeddable":true,"href":"https:\/\/oxiplant.com\/fr\/wp-json\/wp\/v2\/comments?post=7719"}],"version-history":[{"count":1,"href":"https:\/\/oxiplant.com\/fr\/wp-json\/wp\/v2\/pages\/7719\/revisions"}],"predecessor-version":[{"id":8037,"href":"https:\/\/oxiplant.com\/fr\/wp-json\/wp\/v2\/pages\/7719\/revisions\/8037"}],"wp:attachment":[{"href":"https:\/\/oxiplant.com\/fr\/wp-json\/wp\/v2\/media?parent=7719"}],"curies":[{"name":"wp","href":"https:\/\/api.w.org\/{rel}","templated":true}]}}