{"id":7728,"date":"2025-10-15T07:05:08","date_gmt":"2025-10-15T05:05:08","guid":{"rendered":"https:\/\/oxiplant.com\/new2\/abschraegen\/"},"modified":"2026-02-25T12:23:02","modified_gmt":"2026-02-25T11:23:02","slug":"abschraegen","status":"publish","type":"page","link":"https:\/\/oxiplant.com\/new2\/de\/abschraegen\/","title":{"rendered":"Anfasen"},"content":{"rendered":"<div class=\"wpb-content-wrapper\"><p>[vc_section][vc_row content_placement=&#8220;middle&#8220; css=&#8220;.vc_custom_1765487578438{margin-bottom: 0px !important;}&#8220;][vc_column width=&#8220;1\/2&#8243;][vc_column_text]Unsere Anfasleistungen umfassen sowohl spanende Bearbeitung als auch thermisches Schneiden und erm\u00f6glichen eine gro\u00dfe Bandbreite an Fasen\u00adgeometrien \u2013 <strong>V-, Y-, X- und K-Fasen<\/strong> \u2013 abgestimmt auf die technischen Anforderungen jedes Projekts.<\/p>\n<p>Das Anfasen kann direkt auf unseren eigenen Schneidanlagen erfolgen. Dadurch optimieren wir die Durchlaufzeiten und stellen eine nahtlose Integration in die einzelnen Fertigungsstufen sicher. So liefern wir Bauteile, die optimal f\u00fcr nachgelagerte Schwei\u00df- oder Zerspanungsprozesse vorbereitet sind. <\/p>\n<p>Wir bearbeiten sowohl Bleche als auch Rohre und decken damit ein breites Anwendungsspektrum ab \u2013 unter anderem f\u00fcr den Stahl- und Anlagenbau, Metallkonstruktionen, die mechanische Bearbeitung sowie den industriellen Hoch- und Tiefbau.<\/p>\n<p>Zur Umsetzung stehen uns spezialisierte Anlagen zur Verf\u00fcgung, mit denen wir s\u00e4mtliche Anforderungen der Kanten- und Schwei\u00dfnahtvorbereitung abdecken:<\/p>\n<ul>\n<li><strong>Manuelle Anfasmaschinen<\/strong>, ideal f\u00fcr Feinjustierungen oder schwer zug\u00e4ngliche Bauteile<\/li>\n<li><strong>Autogen-Fasenbrenner<\/strong>, geeignet f\u00fcr hochproduktives Anfasen mittels Autogenschneiden<\/li>\n<li><strong>Manuelle Fr\u00e4smaschinen<\/strong>, f\u00fcr pr\u00e4zise und gleichm\u00e4\u00dfige Oberfl\u00e4chen bei mechanisch gefr\u00e4sten Fasen<\/li>\n<li><strong>Erg\u00e4nzend Plasma- und Zerspanungstechnik<\/strong>, die auch bei hohen technischen Anforderungen eine konstant hohe Qualit\u00e4t sicherstellt<\/li>\n<\/ul>\n<p>[\/vc_column_text][\/vc_column][vc_column width=&#8220;1\/2&#8243;]<div  class=\"wpb_content_element   clearfix\"><style type=\"text\/css\">#ut_am_69f21aef0549b { opacity: 1; }#ut_am_wrap_69f21aef0549d img,#ut_am_wrap_69f21aef0549d .ut-image-gallery-image-caption,#ut_am_wrap_69f21aef0549d .ut-box-shadow-container,#ut_am_wrap_69f21aef0549d .ut-box-shadow-container-inner,#ut_am_wrap_69f21aef0549d .ut-block-revealer-element-container,#ut_am_wrap_69f21aef0549d .ut-animated-image-zoom { -webkit-border-radius: 9px; -moz-border-radius: 9px; border-radius: 9px; }#ut_am_wrap_69f21aef0549d .ut-image-gallery-item-caption-title h3 { letter-spacing: 0em; }#ut_am_wrap_69f21aef0549d .ut-gallery-slider-caption { color: #999999; }#ut_am_wrap_69f21aef0549d .ut-gallery-slider-caption { font-weight: normal; }#ut_am_wrap_69f21aef0549d { text-align: right; }@media (min-width: 768px) and (max-width: 1024px) { #ut_am_wrap_69f21aef0549d { text-align: right !important; } }@media (max-width: 767px) { #ut_am_wrap_69f21aef0549d { text-align: center !important; } }<\/style><div id=\"ut_am_wrap_69f21aef0549d\" class=\"ut-image-gallery-image \"><div id=\"ut_reveal_69f21aef054a0\"  data-appear-top-offset=\"auto\" class=\"ut-animated-image-item ut-image-gallery-item ut-animation-done \"><a class=\"ut-deactivated-link\" href=\"#\"><div class=\"ut-animated-image-zoom\"><img loading=\"lazy\" decoding=\"async\" class=\"ut-lazy skip-lazy ut-animated-image \"  id=\"ut_am_69f21aef0549b\" src=\"data:image\/svg+xml;charset=utf-8,%3Csvg xmlns%3D'http%3A%2F%2Fwww.w3.org%2F2000%2Fsvg' viewBox%3D'0 0 1492 1592'%2F%3E\" data-src=\"https:\/\/oxiplant.com\/new2\/wp-content\/uploads\/2025\/12\/biselado-7.jpg\" width=\"1492\" height=\"1592\" alt=\"\"\/><\/div><\/a><\/div><\/div><\/div>[\/vc_column][\/vc_row][\/vc_section][vc_section][vc_row][vc_column width=&#8220;1\/6&#8243; css=&#8220;.vc_custom_1764283621195{margin-top: 15px !important;}&#8220;]<div  class=\"wpb_content_element   clearfix\"><style type=\"text\/css\">#ut_am_69f21aef05ebc { opacity: 1; }#ut_am_wrap_69f21aef05ebe .ut-image-gallery-item-caption-title h3 { color: #ffffff; }#ut_am_wrap_69f21aef05ebe .ut-image-gallery-item-caption-title-style-2 h3 { color: #ffffff; }#ut_am_wrap_69f21aef05ebe .ut-image-gallery-item-caption-title h3 { letter-spacing: 0em; }#ut_am_wrap_69f21aef05ebe .ut-gallery-slider-caption { font-weight: bold; }#ut_am_wrap_69f21aef05ebe { text-align: center; }@media (min-width: 768px) and (max-width: 1024px) { #ut_am_wrap_69f21aef05ebe { text-align: center !important; } }@media (max-width: 767px) { #ut_am_wrap_69f21aef05ebe { text-align: center !important; } }<\/style><div id=\"ut_am_wrap_69f21aef05ebe\" class=\"ut-image-gallery-image ani_zoom\"><div id=\"ut_reveal_69f21aef05ebf\"  data-appear-top-offset=\"auto\" class=\"ut-animated-image-item ut-image-gallery-item ut-animation-done \"><a target=\"_blank\" href=\"https:\/\/oxiplant.com\/new2\/wp-content\/uploads\/2025\/11\/OXIP_0094-CPR-MAD-20160126-SPA_Iss04-9Jun25-FPC-cer-EN1090.pdf\" rel=\"nofollow\"><div class=\"ut-animated-image-zoom\"><img loading=\"lazy\" decoding=\"async\" class=\"ut-lazy skip-lazy ut-animated-image \"  id=\"ut_am_69f21aef05ebc\" src=\"data:image\/svg+xml;charset=utf-8,%3Csvg xmlns%3D'http%3A%2F%2Fwww.w3.org%2F2000%2Fsvg' viewBox%3D'0 0 300 190'%2F%3E\" data-src=\"https:\/\/oxiplant.com\/new2\/wp-content\/uploads\/2025\/11\/iso-1090-2.jpg\" width=\"300\" height=\"190\" alt=\"\"\/><\/div><\/a><\/div><\/div><\/div>[\/vc_column][vc_column width=&#8220;1\/6&#8243; css=&#8220;.vc_custom_1764283634822{margin-top: 15px !important;}&#8220;]<div  class=\"wpb_content_element   clearfix\"><style type=\"text\/css\">#ut_am_69f21aef067e5 { opacity: 1; }#ut_am_wrap_69f21aef067e6 .ut-image-gallery-item-caption-title h3 { color: #ffffff; }#ut_am_wrap_69f21aef067e6 .ut-image-gallery-item-caption-title-style-2 h3 { color: #ffffff; }#ut_am_wrap_69f21aef067e6 .ut-image-gallery-item-caption-title h3 { letter-spacing: 0em; }#ut_am_wrap_69f21aef067e6 .ut-gallery-slider-caption { font-weight: bold; }#ut_am_wrap_69f21aef067e6 { text-align: center; }@media (min-width: 768px) and (max-width: 1024px) { #ut_am_wrap_69f21aef067e6 { text-align: center !important; } }@media (max-width: 767px) { #ut_am_wrap_69f21aef067e6 { text-align: center !important; } }<\/style><div id=\"ut_am_wrap_69f21aef067e6\" class=\"ut-image-gallery-image ani_zoom\"><div id=\"ut_reveal_69f21aef067e7\"  data-appear-top-offset=\"auto\" class=\"ut-animated-image-item ut-image-gallery-item ut-animation-done \"><a target=\"_blank\" href=\"https:\/\/oxiplant.com\/new2\/wp-content\/uploads\/2025\/11\/0038343-QMS-SPAES-UKAS.pdf\" rel=\"nofollow\"><div class=\"ut-animated-image-zoom\"><img loading=\"lazy\" decoding=\"async\" class=\"ut-lazy skip-lazy ut-animated-image \"  id=\"ut_am_69f21aef067e5\" src=\"data:image\/svg+xml;charset=utf-8,%3Csvg xmlns%3D'http%3A%2F%2Fwww.w3.org%2F2000%2Fsvg' viewBox%3D'0 0 300 190'%2F%3E\" data-src=\"https:\/\/oxiplant.com\/new2\/wp-content\/uploads\/2025\/10\/calidad-2.webp\" width=\"300\" height=\"190\" alt=\"\"\/><\/div><\/a><\/div><\/div><\/div>[\/vc_column][vc_column width=&#8220;1\/6&#8243; css=&#8220;.vc_custom_1764283649688{margin-top: 15px !important;}&#8220;]<div  class=\"wpb_content_element   clearfix\"><style type=\"text\/css\">#ut_am_69f21aef07085 { opacity: 1; }#ut_am_wrap_69f21aef07087 .ut-image-gallery-item-caption-title h3 { color: #ffffff; }#ut_am_wrap_69f21aef07087 .ut-image-gallery-item-caption-title-style-2 h3 { color: #ffffff; }#ut_am_wrap_69f21aef07087 .ut-image-gallery-item-caption-title h3 { letter-spacing: 0em; }#ut_am_wrap_69f21aef07087 .ut-gallery-slider-caption { font-weight: bold; }#ut_am_wrap_69f21aef07087 { text-align: center; }@media (min-width: 768px) and (max-width: 1024px) { #ut_am_wrap_69f21aef07087 { text-align: center !important; } }@media (max-width: 767px) { #ut_am_wrap_69f21aef07087 { text-align: center !important; } }<\/style><div id=\"ut_am_wrap_69f21aef07087\" class=\"ut-image-gallery-image ani_zoom\"><div id=\"ut_reveal_69f21aef07088\"  data-appear-top-offset=\"auto\" class=\"ut-animated-image-item ut-image-gallery-item ut-animation-done \"><a target=\"_blank\" href=\"https:\/\/oxiplant.com\/new2\/wp-content\/uploads\/2025\/11\/00016995-EMS-SPAES-UKAS.pdf\" rel=\"nofollow\"><div class=\"ut-animated-image-zoom\"><img loading=\"lazy\" decoding=\"async\" class=\"ut-lazy skip-lazy ut-animated-image \"  id=\"ut_am_69f21aef07085\" src=\"data:image\/svg+xml;charset=utf-8,%3Csvg xmlns%3D'http%3A%2F%2Fwww.w3.org%2F2000%2Fsvg' viewBox%3D'0 0 300 193'%2F%3E\" data-src=\"https:\/\/oxiplant.com\/new2\/wp-content\/uploads\/2025\/10\/medioambiente.webp\" width=\"300\" height=\"193\" alt=\"\"\/><\/div><\/a><\/div><\/div><\/div>[\/vc_column][vc_column width=&#8220;1\/6&#8243; css=&#8220;.vc_custom_1764283665569{margin-top: 15px !important;}&#8220;]<div  class=\"wpb_content_element   clearfix\"><style type=\"text\/css\">#ut_am_69f21aef0791c { opacity: 1; }#ut_am_wrap_69f21aef0791d .ut-image-gallery-item-caption-title h3 { color: #ffffff; }#ut_am_wrap_69f21aef0791d .ut-image-gallery-item-caption-title-style-2 h3 { color: #ffffff; }#ut_am_wrap_69f21aef0791d .ut-image-gallery-item-caption-title h3 { letter-spacing: 0em; }#ut_am_wrap_69f21aef0791d .ut-gallery-slider-caption { font-weight: bold; }#ut_am_wrap_69f21aef0791d { text-align: center; }@media (min-width: 768px) and (max-width: 1024px) { #ut_am_wrap_69f21aef0791d { text-align: center !important; } }@media (max-width: 767px) { #ut_am_wrap_69f21aef0791d { text-align: center !important; } }<\/style><div id=\"ut_am_wrap_69f21aef0791d\" class=\"ut-image-gallery-image ani_zoom\"><div id=\"ut_reveal_69f21aef0791e\"  data-appear-top-offset=\"auto\" class=\"ut-animated-image-item ut-image-gallery-item ut-animation-done \"><a target=\"_blank\" href=\"https:\/\/oxiplant.com\/new2\/wp-content\/uploads\/2025\/11\/OXIP_Cert-3834-R2-1Sep25-SPA.pdf\" rel=\"nofollow\"><div class=\"ut-animated-image-zoom\"><img loading=\"lazy\" decoding=\"async\" class=\"ut-lazy skip-lazy ut-animated-image \"  id=\"ut_am_69f21aef0791c\" src=\"data:image\/svg+xml;charset=utf-8,%3Csvg xmlns%3D'http%3A%2F%2Fwww.w3.org%2F2000%2Fsvg' viewBox%3D'0 0 300 190'%2F%3E\" data-src=\"https:\/\/oxiplant.com\/new2\/wp-content\/uploads\/2025\/11\/iso-3834.jpg\" width=\"300\" height=\"190\" alt=\"\"\/><\/div><\/a><\/div><\/div><\/div>[\/vc_column][vc_column width=&#8220;1\/6&#8243; css=&#8220;.vc_custom_1764283681323{margin-top: 15px !important;}&#8220;]<div  class=\"wpb_content_element   clearfix\"><style type=\"text\/css\">#ut_am_69f21aef0800e { opacity: 1; }#ut_am_wrap_69f21aef08010 .ut-image-gallery-item-caption-title h3 { color: #ffffff; }#ut_am_wrap_69f21aef08010 .ut-image-gallery-item-caption-title-style-2 h3 { color: #ffffff; }#ut_am_wrap_69f21aef08010 .ut-image-gallery-item-caption-title h3 { letter-spacing: 0em; }#ut_am_wrap_69f21aef08010 .ut-gallery-slider-caption { font-weight: bold; }#ut_am_wrap_69f21aef08010 { text-align: center; }@media (min-width: 768px) and (max-width: 1024px) { #ut_am_wrap_69f21aef08010 { text-align: center !important; } }@media (max-width: 767px) { #ut_am_wrap_69f21aef08010 { text-align: center !important; } }<\/style><div id=\"ut_am_wrap_69f21aef08010\" class=\"ut-image-gallery-image ani_zoom\"><div id=\"ut_reveal_69f21aef08011\"  data-appear-top-offset=\"auto\" class=\"ut-animated-image-item ut-image-gallery-item ut-animation-done \"><a target=\"_blank\" href=\"https:\/\/www.bureauveritas.dk\/en\/our-market\/apqp4wind?utm_source=google&#038;utm_medium=cpc&#038;gad_source=1&#038;gad_campaignid=1676330063&#038;gbraid=0AAAAAD28T32t2hKEXcw7JcM30Vaxr40iY&#038;gclid=CjwKCAiA55rJBhByEiwAFkY1QG0iBDQRekciHH0dIgsblVqHdnIgnglPMpL_zGsBaOnpgxHvH1W7aBoCFQQQAvD_BwE\" rel=\"nofollow\"><div class=\"ut-animated-image-zoom\"><img loading=\"lazy\" decoding=\"async\" class=\"ut-lazy skip-lazy ut-animated-image \"  id=\"ut_am_69f21aef0800e\" src=\"data:image\/svg+xml;charset=utf-8,%3Csvg xmlns%3D'http%3A%2F%2Fwww.w3.org%2F2000%2Fsvg' viewBox%3D'0 0 300 190'%2F%3E\" data-src=\"https:\/\/oxiplant.com\/new2\/wp-content\/uploads\/2025\/10\/apqp.jpg\" width=\"300\" height=\"190\" alt=\"\"\/><\/div><\/a><\/div><\/div><\/div>[\/vc_column][vc_column width=&#8220;1\/6&#8243; css=&#8220;.vc_custom_1764283694488{margin-top: 15px !important;}&#8220;]<div  class=\"wpb_content_element   clearfix\"><style type=\"text\/css\">#ut_am_69f21aef08c68 { opacity: 1; }#ut_am_wrap_69f21aef08c6a .ut-image-gallery-item-caption-title h3 { color: #ffffff; }#ut_am_wrap_69f21aef08c6a .ut-image-gallery-item-caption-title-style-2 h3 { color: #ffffff; }#ut_am_wrap_69f21aef08c6a .ut-image-gallery-item-caption-title h3 { letter-spacing: 0em; }#ut_am_wrap_69f21aef08c6a .ut-gallery-slider-caption { font-weight: bold; }#ut_am_wrap_69f21aef08c6a { text-align: center; }@media (min-width: 768px) and (max-width: 1024px) { #ut_am_wrap_69f21aef08c6a { text-align: center !important; } }@media (max-width: 767px) { #ut_am_wrap_69f21aef08c6a { text-align: center !important; } }<\/style><div id=\"ut_am_wrap_69f21aef08c6a\" class=\"ut-image-gallery-image ani_zoom\"><div id=\"ut_reveal_69f21aef08c6b\"  data-appear-top-offset=\"auto\" class=\"ut-animated-image-item ut-image-gallery-item ut-animation-done \"><a target=\"_blank\" href=\"https:\/\/ecovadis.com\/es\/\" rel=\"nofollow\"><div class=\"ut-animated-image-zoom\"><img decoding=\"async\" class=\"ut-lazy skip-lazy ut-animated-image \"  id=\"ut_am_69f21aef08c68\" src=\"data:image\/svg+xml;charset=utf-8,%3Csvg xmlns%3D'http%3A%2F%2Fwww.w3.org%2F2000%2Fsvg' viewBox%3D'0 0 118px 600'%2F%3E\" data-src=\"https:\/\/oxiplant.com\/new2\/wp-content\/uploads\/2025\/10\/reco-1.webp\" width=\"118px\" height=\"\" alt=\"\"\/><\/div><\/a><\/div><\/div><\/div>[\/vc_column][\/vc_row][\/vc_section]<\/p>\n<\/div>","protected":false},"excerpt":{"rendered":"<p>[vc_section][vc_row content_placement=&#8220;middle&#8220; css=&#8220;.vc_custom_1765487578438{margin-bottom: 0px !important;}&#8220;][vc_column width=&#8220;1\/2&#8243;][vc_column_text]Unsere Anfasleistungen umfassen sowohl spanende Bearbeitung als auch thermisches Schneiden und erm\u00f6glichen eine gro\u00dfe Bandbreite an Fasen\u00adgeometrien \u2013 V-, Y-, X- und K-Fasen \u2013 abgestimmt auf die technischen Anforderungen jedes Projekts. Das Anfasen kann direkt auf unseren eigenen Schneidanlagen erfolgen. Dadurch optimieren wir die Durchlaufzeiten und stellen eine nahtlose Integration [&hellip;]<\/p>\n","protected":false},"author":1,"featured_media":0,"parent":0,"menu_order":0,"comment_status":"closed","ping_status":"closed","template":"","meta":{"footnotes":""},"class_list":["post-7728","page","type-page","status-publish","hentry"],"acf":[],"_links":{"self":[{"href":"https:\/\/oxiplant.com\/new2\/de\/wp-json\/wp\/v2\/pages\/7728","targetHints":{"allow":["GET"]}}],"collection":[{"href":"https:\/\/oxiplant.com\/new2\/de\/wp-json\/wp\/v2\/pages"}],"about":[{"href":"https:\/\/oxiplant.com\/new2\/de\/wp-json\/wp\/v2\/types\/page"}],"author":[{"embeddable":true,"href":"https:\/\/oxiplant.com\/new2\/de\/wp-json\/wp\/v2\/users\/1"}],"replies":[{"embeddable":true,"href":"https:\/\/oxiplant.com\/new2\/de\/wp-json\/wp\/v2\/comments?post=7728"}],"version-history":[{"count":1,"href":"https:\/\/oxiplant.com\/new2\/de\/wp-json\/wp\/v2\/pages\/7728\/revisions"}],"predecessor-version":[{"id":7973,"href":"https:\/\/oxiplant.com\/new2\/de\/wp-json\/wp\/v2\/pages\/7728\/revisions\/7973"}],"wp:attachment":[{"href":"https:\/\/oxiplant.com\/new2\/de\/wp-json\/wp\/v2\/media?parent=7728"}],"curies":[{"name":"wp","href":"https:\/\/api.w.org\/{rel}","templated":true}]}}