{"id":7799,"date":"2025-10-15T01:56:51","date_gmt":"2025-10-14T23:56:51","guid":{"rendered":"https:\/\/oxiplant.com\/new2\/blech-schneiden\/"},"modified":"2026-02-25T12:18:25","modified_gmt":"2026-02-25T11:18:25","slug":"blech-schneiden","status":"publish","type":"page","link":"https:\/\/oxiplant.com\/new2\/de\/blech-schneiden\/","title":{"rendered":"Blechzuschnitt"},"content":{"rendered":"<div class=\"wpb-content-wrapper\"><p>[vc_section][vc_row content_placement=&#8220;middle&#8220; css=&#8220;.vc_custom_1765486870981{margin-bottom: 0px !important;}&#8220;][vc_column width=&#8220;1\/2&#8243;][vc_column_text]Unsere vier Laserschneidanlagen schneiden nicht nur <strong>L\u00e4ngen bis zu 16 Metern und Materialst\u00e4rken bis 25 mm,<\/strong> sondern f\u00fchren das Anfasen auch direkt an der Maschine aus und gew\u00e4hrleisten so h\u00f6chste Pr\u00e4zision.<\/p>\n<p>Das <strong>hochaufl\u00f6sende Plasmaschneiden<\/strong> erm\u00f6glicht pr\u00e4zise Fasen bei <strong>Materialst\u00e4rken bis 60 mm<\/strong>.<\/p>\n<p>Die vier Autogenschneidanlagen mit jeweils bis zu 12 Brennern erlauben das gleichzeitige Schneiden von bis zu vier Blechen und optimieren so die Produktivit\u00e4t bei Materialst\u00e4rken bis 300 mm.<\/p>\n<p>Dar\u00fcber hinaus verf\u00fcgen wir \u00fcber mehr als zehn Schneidanlagen \u00fcber alle drei Technologien hinweg. Dies verschafft uns eine hohe Produktionskapazit\u00e4t und gro\u00dfe Flexibilit\u00e4t, um Projekte unterschiedlicher Gr\u00f6\u00dfe und Komplexit\u00e4t effizient umzusetzen. Mehrere dieser Maschinen wurden speziell f\u00fcr Oxiplant entwickelt und mit ma\u00dfgeschneiderten technischen L\u00f6sungen ausgestattet, die die Leistungsf\u00e4higkeit erh\u00f6hen, die Prozesseffizienz steigern und die Bearbeitung von Aufgaben mit besonderen oder au\u00dferhalb \u00fcblicher Standards liegenden Anforderungen erm\u00f6glichen. [\/vc_column_text][\/vc_column][vc_column width=&#8220;1\/2&#8243;]<div  class=\"wpb_content_element   clearfix\"><style type=\"text\/css\">#ut_am_69f21cb22f314 { opacity: 1; }#ut_am_wrap_69f21cb22f318 img,#ut_am_wrap_69f21cb22f318 .ut-image-gallery-image-caption,#ut_am_wrap_69f21cb22f318 .ut-box-shadow-container,#ut_am_wrap_69f21cb22f318 .ut-box-shadow-container-inner,#ut_am_wrap_69f21cb22f318 .ut-block-revealer-element-container,#ut_am_wrap_69f21cb22f318 .ut-animated-image-zoom { -webkit-border-radius: 9px; -moz-border-radius: 9px; border-radius: 9px; }#ut_am_wrap_69f21cb22f318 .ut-image-gallery-item-caption-title h3 { letter-spacing: 0em; }#ut_am_wrap_69f21cb22f318 .ut-gallery-slider-caption { color: #999999; }#ut_am_wrap_69f21cb22f318 .ut-gallery-slider-caption { font-weight: normal; }#ut_am_wrap_69f21cb22f318 { text-align: right; }@media (min-width: 768px) and (max-width: 1024px) { #ut_am_wrap_69f21cb22f318 { text-align: right !important; } }@media (max-width: 767px) { #ut_am_wrap_69f21cb22f318 { text-align: center !important; } }<\/style><div id=\"ut_am_wrap_69f21cb22f318\" class=\"ut-image-gallery-image \"><div id=\"ut_reveal_69f21cb22f31a\"  data-appear-top-offset=\"auto\" class=\"ut-animated-image-item ut-image-gallery-item ut-animation-done \"><a class=\"ut-deactivated-link\" href=\"#\"><div class=\"ut-animated-image-zoom\"><img decoding=\"async\" class=\"ut-lazy skip-lazy ut-animated-image \"  id=\"ut_am_69f21cb22f314\" src=\"data:image\/svg+xml;charset=utf-8,%3Csvg xmlns%3D'http%3A%2F%2Fwww.w3.org%2F2000%2Fsvg' viewBox%3D'0 0 800 90%'%2F%3E\" data-src=\"https:\/\/oxiplant.com\/new2\/wp-content\/uploads\/2025\/11\/corte-chapa-5-1.jpg\" width=\"\" height=\"90%\" alt=\"\"\/><\/div><\/a><\/div><\/div><\/div>[\/vc_column][\/vc_row][\/vc_section][vc_section css=&#8220;.vc_custom_1765486940785{background-color: #eeeeee !important;}&#8220;][vc_row full_width=&#8220;stretch_row_content&#8220; css=&#8220;.vc_custom_1764279994030{margin-bottom: 80px !important;}&#8220;][vc_column width=&#8220;1\/2&#8243;]<div  class=\"wpb_content_element   clearfix\"><style type=\"text\/css\">#ut_am_69f21cb22fe2c { opacity: 1; }#ut_am_wrap_69f21cb22fe2f .ut-image-gallery-item-caption-title h3 { letter-spacing: 0em; }#ut_am_wrap_69f21cb22fe2f .ut-gallery-slider-caption { font-weight: bold; }#ut_am_wrap_69f21cb22fe2f { text-align: left; }@media (min-width: 768px) and (max-width: 1024px) { #ut_am_wrap_69f21cb22fe2f { text-align: left !important; } }@media (max-width: 767px) { #ut_am_wrap_69f21cb22fe2f { text-align: center !important; } }<\/style><div id=\"ut_am_wrap_69f21cb22fe2f\" class=\"ut-image-gallery-image ani_zoom\"><div id=\"ut_reveal_69f21cb22fe30\"  data-appear-top-offset=\"auto\" class=\"ut-animated-image-item ut-image-gallery-item ut-animation-done \"><a class=\"ut-deactivated-link\" href=\"#\"><div class=\"ut-animated-image-zoom\"><img loading=\"lazy\" decoding=\"async\" class=\"ut-lazy skip-lazy ut-animated-image \"  id=\"ut_am_69f21cb22fe2c\" src=\"data:image\/svg+xml;charset=utf-8,%3Csvg xmlns%3D'http%3A%2F%2Fwww.w3.org%2F2000%2Fsvg' viewBox%3D'0 0 1367 564'%2F%3E\" data-src=\"https:\/\/oxiplant.com\/new2\/wp-content\/uploads\/2025\/12\/servi-corte-laser-1.jpg\" width=\"1367\" height=\"564\" alt=\"\"\/><\/div><\/a><\/div><\/div><\/div>[\/vc_column][vc_column width=&#8220;1\/2&#8243;]<div  class=\"wpb_content_element   clearfix\"><style type=\"text\/css\">#ut_am_69f21cb230639 { opacity: 1; }#ut_am_wrap_69f21cb23063b .ut-image-gallery-item-caption-title h3 { letter-spacing: 0em; }#ut_am_wrap_69f21cb23063b .ut-gallery-slider-caption { font-weight: bold; }#ut_am_wrap_69f21cb23063b { text-align: left; }@media (min-width: 768px) and (max-width: 1024px) { #ut_am_wrap_69f21cb23063b { text-align: left !important; } }@media (max-width: 767px) { #ut_am_wrap_69f21cb23063b { text-align: center !important; } }<\/style><div id=\"ut_am_wrap_69f21cb23063b\" class=\"ut-image-gallery-image ani_zoom\"><div id=\"ut_reveal_69f21cb23063c\"  data-appear-top-offset=\"auto\" class=\"ut-animated-image-item ut-image-gallery-item ut-animation-done \"><a class=\"ut-deactivated-link\" href=\"#\"><div class=\"ut-animated-image-zoom\"><img loading=\"lazy\" decoding=\"async\" class=\"ut-lazy skip-lazy ut-animated-image \"  id=\"ut_am_69f21cb230639\" src=\"data:image\/svg+xml;charset=utf-8,%3Csvg xmlns%3D'http%3A%2F%2Fwww.w3.org%2F2000%2Fsvg' viewBox%3D'0 0 1367 564'%2F%3E\" data-src=\"https:\/\/oxiplant.com\/new2\/wp-content\/uploads\/2025\/12\/servi-oxicorte.jpg\" width=\"1367\" height=\"564\" alt=\"\"\/><\/div><\/a><\/div><\/div><\/div>[\/vc_column][\/vc_row][vc_row full_width=&#8220;stretch_row_content&#8220; css=&#8220;.vc_custom_1764279253684{margin-top: 0px !important;}&#8220;][vc_column css=&#8220;.vc_custom_1762274329956{padding-top: 0px !important;}&#8220;][vc_row_inner][vc_column_inner width=&#8220;1\/2&#8243; css=&#8220;.vc_custom_1764280064229{margin-right: 40% !important;margin-left: 50% !important;padding-top: 10px !important;padding-right: 10px !important;padding-bottom: 10px !important;padding-left: 10px !important;}&#8220;]<div  class=\"wpb_content_element   clearfix\"><style type=\"text\/css\">#ut_am_69f21cb2314a8 { opacity: 1; }#ut_am_wrap_69f21cb2314aa img,#ut_am_wrap_69f21cb2314aa .ut-image-gallery-image-caption,#ut_am_wrap_69f21cb2314aa .ut-box-shadow-container,#ut_am_wrap_69f21cb2314aa .ut-box-shadow-container-inner,#ut_am_wrap_69f21cb2314aa .ut-block-revealer-element-container,#ut_am_wrap_69f21cb2314aa .ut-animated-image-zoom { -webkit-border-radius: 9px; -moz-border-radius: 9px; border-radius: 9px; }#ut_am_wrap_69f21cb2314aa .ut-image-gallery-item-caption-title h3 { letter-spacing: 0em; }#ut_am_wrap_69f21cb2314aa .ut-gallery-slider-caption { font-weight: bold; }#ut_am_wrap_69f21cb2314aa { text-align: left; }@media (min-width: 768px) and (max-width: 1024px) { #ut_am_wrap_69f21cb2314aa { text-align: left !important; } }@media (max-width: 767px) { #ut_am_wrap_69f21cb2314aa { text-align: center !important; } }<\/style><div id=\"ut_am_wrap_69f21cb2314aa\" class=\"ut-image-gallery-image ani_zoom\"><div id=\"ut_reveal_69f21cb2314ab\"  data-appear-top-offset=\"auto\" class=\"ut-animated-image-item ut-image-gallery-item ut-animation-done \"><a class=\"ut-deactivated-link\" href=\"#\"><div class=\"ut-animated-image-zoom\"><img decoding=\"async\" class=\"ut-lazy skip-lazy ut-animated-image \"  id=\"ut_am_69f21cb2314a8\" src=\"data:image\/svg+xml;charset=utf-8,%3Csvg xmlns%3D'http%3A%2F%2Fwww.w3.org%2F2000%2Fsvg' viewBox%3D'0 0 92% 600'%2F%3E\" data-src=\"https:\/\/oxiplant.com\/new2\/wp-content\/uploads\/2025\/11\/servi-plasmaalta.jpg\" width=\"92%\" height=\"\" alt=\"\"\/><\/div><\/a><\/div><\/div><\/div>[\/vc_column_inner][\/vc_row_inner][\/vc_column][\/vc_row][\/vc_section][vc_section][vc_row][vc_column width=&#8220;1\/6&#8243; css=&#8220;.vc_custom_1764283621195{margin-top: 15px !important;}&#8220;]<div  class=\"wpb_content_element   clearfix\"><style type=\"text\/css\">#ut_am_69f21cb231d7e { opacity: 1; }#ut_am_wrap_69f21cb231d80 .ut-image-gallery-item-caption-title h3 { color: #ffffff; }#ut_am_wrap_69f21cb231d80 .ut-image-gallery-item-caption-title-style-2 h3 { color: #ffffff; }#ut_am_wrap_69f21cb231d80 .ut-image-gallery-item-caption-title h3 { letter-spacing: 0em; }#ut_am_wrap_69f21cb231d80 .ut-gallery-slider-caption { font-weight: bold; }#ut_am_wrap_69f21cb231d80 { text-align: center; }@media (min-width: 768px) and (max-width: 1024px) { #ut_am_wrap_69f21cb231d80 { text-align: center !important; } }@media (max-width: 767px) { #ut_am_wrap_69f21cb231d80 { text-align: center !important; } }<\/style><div id=\"ut_am_wrap_69f21cb231d80\" class=\"ut-image-gallery-image ani_zoom\"><div id=\"ut_reveal_69f21cb231d81\"  data-appear-top-offset=\"auto\" class=\"ut-animated-image-item ut-image-gallery-item ut-animation-done \"><a target=\"_blank\" href=\"https:\/\/oxiplant.com\/new2\/wp-content\/uploads\/2025\/11\/OXIP_0094-CPR-MAD-20160126-SPA_Iss04-9Jun25-FPC-cer-EN1090.pdf\" rel=\"nofollow\"><div class=\"ut-animated-image-zoom\"><img loading=\"lazy\" decoding=\"async\" class=\"ut-lazy skip-lazy ut-animated-image \"  id=\"ut_am_69f21cb231d7e\" src=\"data:image\/svg+xml;charset=utf-8,%3Csvg xmlns%3D'http%3A%2F%2Fwww.w3.org%2F2000%2Fsvg' viewBox%3D'0 0 300 190'%2F%3E\" data-src=\"https:\/\/oxiplant.com\/new2\/wp-content\/uploads\/2025\/11\/iso-1090-2.jpg\" width=\"300\" height=\"190\" alt=\"\"\/><\/div><\/a><\/div><\/div><\/div>[\/vc_column][vc_column width=&#8220;1\/6&#8243; css=&#8220;.vc_custom_1764283634822{margin-top: 15px !important;}&#8220;]<div  class=\"wpb_content_element   clearfix\"><style type=\"text\/css\">#ut_am_69f21cb23264e { opacity: 1; }#ut_am_wrap_69f21cb232650 .ut-image-gallery-item-caption-title h3 { color: #ffffff; }#ut_am_wrap_69f21cb232650 .ut-image-gallery-item-caption-title-style-2 h3 { color: #ffffff; }#ut_am_wrap_69f21cb232650 .ut-image-gallery-item-caption-title h3 { letter-spacing: 0em; }#ut_am_wrap_69f21cb232650 .ut-gallery-slider-caption { font-weight: bold; }#ut_am_wrap_69f21cb232650 { text-align: center; }@media (min-width: 768px) and (max-width: 1024px) { #ut_am_wrap_69f21cb232650 { text-align: center !important; } }@media (max-width: 767px) { #ut_am_wrap_69f21cb232650 { text-align: center !important; } }<\/style><div id=\"ut_am_wrap_69f21cb232650\" class=\"ut-image-gallery-image ani_zoom\"><div id=\"ut_reveal_69f21cb232651\"  data-appear-top-offset=\"auto\" class=\"ut-animated-image-item ut-image-gallery-item ut-animation-done \"><a target=\"_blank\" href=\"https:\/\/oxiplant.com\/new2\/wp-content\/uploads\/2025\/11\/0038343-QMS-SPAES-UKAS.pdf\" rel=\"nofollow\"><div class=\"ut-animated-image-zoom\"><img loading=\"lazy\" decoding=\"async\" class=\"ut-lazy skip-lazy ut-animated-image \"  id=\"ut_am_69f21cb23264e\" src=\"data:image\/svg+xml;charset=utf-8,%3Csvg xmlns%3D'http%3A%2F%2Fwww.w3.org%2F2000%2Fsvg' viewBox%3D'0 0 300 190'%2F%3E\" data-src=\"https:\/\/oxiplant.com\/new2\/wp-content\/uploads\/2025\/10\/calidad-2.webp\" width=\"300\" height=\"190\" alt=\"\"\/><\/div><\/a><\/div><\/div><\/div>[\/vc_column][vc_column width=&#8220;1\/6&#8243; css=&#8220;.vc_custom_1764283649688{margin-top: 15px !important;}&#8220;]<div  class=\"wpb_content_element   clearfix\"><style type=\"text\/css\">#ut_am_69f21cb233058 { opacity: 1; }#ut_am_wrap_69f21cb23305a .ut-image-gallery-item-caption-title h3 { color: #ffffff; }#ut_am_wrap_69f21cb23305a .ut-image-gallery-item-caption-title-style-2 h3 { color: #ffffff; }#ut_am_wrap_69f21cb23305a .ut-image-gallery-item-caption-title h3 { letter-spacing: 0em; }#ut_am_wrap_69f21cb23305a .ut-gallery-slider-caption { font-weight: bold; }#ut_am_wrap_69f21cb23305a { text-align: center; }@media (min-width: 768px) and (max-width: 1024px) { #ut_am_wrap_69f21cb23305a { text-align: center !important; } }@media (max-width: 767px) { #ut_am_wrap_69f21cb23305a { text-align: center !important; } }<\/style><div id=\"ut_am_wrap_69f21cb23305a\" class=\"ut-image-gallery-image ani_zoom\"><div id=\"ut_reveal_69f21cb23305b\"  data-appear-top-offset=\"auto\" class=\"ut-animated-image-item ut-image-gallery-item ut-animation-done \"><a target=\"_blank\" href=\"https:\/\/oxiplant.com\/new2\/wp-content\/uploads\/2025\/11\/00016995-EMS-SPAES-UKAS.pdf\" rel=\"nofollow\"><div class=\"ut-animated-image-zoom\"><img loading=\"lazy\" decoding=\"async\" class=\"ut-lazy skip-lazy ut-animated-image \"  id=\"ut_am_69f21cb233058\" src=\"data:image\/svg+xml;charset=utf-8,%3Csvg xmlns%3D'http%3A%2F%2Fwww.w3.org%2F2000%2Fsvg' viewBox%3D'0 0 300 193'%2F%3E\" data-src=\"https:\/\/oxiplant.com\/new2\/wp-content\/uploads\/2025\/10\/medioambiente.webp\" width=\"300\" height=\"193\" alt=\"\"\/><\/div><\/a><\/div><\/div><\/div>[\/vc_column][vc_column width=&#8220;1\/6&#8243; css=&#8220;.vc_custom_1764283665569{margin-top: 15px !important;}&#8220;]<div  class=\"wpb_content_element   clearfix\"><style type=\"text\/css\">#ut_am_69f21cb233885 { opacity: 1; }#ut_am_wrap_69f21cb233887 .ut-image-gallery-item-caption-title h3 { color: #ffffff; }#ut_am_wrap_69f21cb233887 .ut-image-gallery-item-caption-title-style-2 h3 { color: #ffffff; }#ut_am_wrap_69f21cb233887 .ut-image-gallery-item-caption-title h3 { letter-spacing: 0em; }#ut_am_wrap_69f21cb233887 .ut-gallery-slider-caption { font-weight: bold; }#ut_am_wrap_69f21cb233887 { text-align: center; }@media (min-width: 768px) and (max-width: 1024px) { #ut_am_wrap_69f21cb233887 { text-align: center !important; } }@media (max-width: 767px) { #ut_am_wrap_69f21cb233887 { text-align: center !important; } }<\/style><div id=\"ut_am_wrap_69f21cb233887\" class=\"ut-image-gallery-image ani_zoom\"><div id=\"ut_reveal_69f21cb233888\"  data-appear-top-offset=\"auto\" class=\"ut-animated-image-item ut-image-gallery-item ut-animation-done \"><a target=\"_blank\" href=\"https:\/\/oxiplant.com\/new2\/wp-content\/uploads\/2025\/11\/OXIP_Cert-3834-R2-1Sep25-SPA.pdf\" rel=\"nofollow\"><div class=\"ut-animated-image-zoom\"><img loading=\"lazy\" decoding=\"async\" class=\"ut-lazy skip-lazy ut-animated-image \"  id=\"ut_am_69f21cb233885\" src=\"data:image\/svg+xml;charset=utf-8,%3Csvg xmlns%3D'http%3A%2F%2Fwww.w3.org%2F2000%2Fsvg' viewBox%3D'0 0 300 190'%2F%3E\" data-src=\"https:\/\/oxiplant.com\/new2\/wp-content\/uploads\/2025\/11\/iso-3834.jpg\" width=\"300\" height=\"190\" alt=\"\"\/><\/div><\/a><\/div><\/div><\/div>[\/vc_column][vc_column width=&#8220;1\/6&#8243; css=&#8220;.vc_custom_1764283681323{margin-top: 15px !important;}&#8220;]<div  class=\"wpb_content_element   clearfix\"><style type=\"text\/css\">#ut_am_69f21cb2341f8 { opacity: 1; }#ut_am_wrap_69f21cb2341fa .ut-image-gallery-item-caption-title h3 { color: #ffffff; }#ut_am_wrap_69f21cb2341fa .ut-image-gallery-item-caption-title-style-2 h3 { color: #ffffff; }#ut_am_wrap_69f21cb2341fa .ut-image-gallery-item-caption-title h3 { letter-spacing: 0em; }#ut_am_wrap_69f21cb2341fa .ut-gallery-slider-caption { font-weight: bold; }#ut_am_wrap_69f21cb2341fa { text-align: center; }@media (min-width: 768px) and (max-width: 1024px) { #ut_am_wrap_69f21cb2341fa { text-align: center !important; } }@media (max-width: 767px) { #ut_am_wrap_69f21cb2341fa { text-align: center !important; } }<\/style><div id=\"ut_am_wrap_69f21cb2341fa\" class=\"ut-image-gallery-image ani_zoom\"><div id=\"ut_reveal_69f21cb2341fb\"  data-appear-top-offset=\"auto\" class=\"ut-animated-image-item ut-image-gallery-item ut-animation-done \"><a target=\"_blank\" href=\"https:\/\/www.bureauveritas.dk\/en\/our-market\/apqp4wind?utm_source=google&#038;utm_medium=cpc&#038;gad_source=1&#038;gad_campaignid=1676330063&#038;gbraid=0AAAAAD28T32t2hKEXcw7JcM30Vaxr40iY&#038;gclid=CjwKCAiA55rJBhByEiwAFkY1QG0iBDQRekciHH0dIgsblVqHdnIgnglPMpL_zGsBaOnpgxHvH1W7aBoCFQQQAvD_BwE\" rel=\"nofollow\"><div class=\"ut-animated-image-zoom\"><img loading=\"lazy\" decoding=\"async\" class=\"ut-lazy skip-lazy ut-animated-image \"  id=\"ut_am_69f21cb2341f8\" src=\"data:image\/svg+xml;charset=utf-8,%3Csvg xmlns%3D'http%3A%2F%2Fwww.w3.org%2F2000%2Fsvg' viewBox%3D'0 0 300 190'%2F%3E\" data-src=\"https:\/\/oxiplant.com\/new2\/wp-content\/uploads\/2025\/10\/apqp.jpg\" width=\"300\" height=\"190\" alt=\"\"\/><\/div><\/a><\/div><\/div><\/div>[\/vc_column][vc_column width=&#8220;1\/6&#8243; css=&#8220;.vc_custom_1764283694488{margin-top: 15px !important;}&#8220;]<div  class=\"wpb_content_element   clearfix\"><style type=\"text\/css\">#ut_am_69f21cb2355df { opacity: 1; }#ut_am_wrap_69f21cb2355e1 .ut-image-gallery-item-caption-title h3 { color: #ffffff; }#ut_am_wrap_69f21cb2355e1 .ut-image-gallery-item-caption-title-style-2 h3 { color: #ffffff; }#ut_am_wrap_69f21cb2355e1 .ut-image-gallery-item-caption-title h3 { letter-spacing: 0em; }#ut_am_wrap_69f21cb2355e1 .ut-gallery-slider-caption { font-weight: bold; }#ut_am_wrap_69f21cb2355e1 { text-align: center; }@media (min-width: 768px) and (max-width: 1024px) { #ut_am_wrap_69f21cb2355e1 { text-align: center !important; } }@media (max-width: 767px) { #ut_am_wrap_69f21cb2355e1 { text-align: center !important; } }<\/style><div id=\"ut_am_wrap_69f21cb2355e1\" class=\"ut-image-gallery-image ani_zoom\"><div id=\"ut_reveal_69f21cb2355e2\"  data-appear-top-offset=\"auto\" class=\"ut-animated-image-item ut-image-gallery-item ut-animation-done \"><a target=\"_blank\" href=\"https:\/\/ecovadis.com\/es\/\" rel=\"nofollow\"><div class=\"ut-animated-image-zoom\"><img decoding=\"async\" class=\"ut-lazy skip-lazy ut-animated-image \"  id=\"ut_am_69f21cb2355df\" src=\"data:image\/svg+xml;charset=utf-8,%3Csvg xmlns%3D'http%3A%2F%2Fwww.w3.org%2F2000%2Fsvg' viewBox%3D'0 0 118px 600'%2F%3E\" data-src=\"https:\/\/oxiplant.com\/new2\/wp-content\/uploads\/2025\/10\/reco-1.webp\" width=\"118px\" height=\"\" alt=\"\"\/><\/div><\/a><\/div><\/div><\/div>[\/vc_column][\/vc_row][\/vc_section]<\/p>\n<\/div>","protected":false},"excerpt":{"rendered":"<p>[vc_section][vc_row content_placement=&#8220;middle&#8220; css=&#8220;.vc_custom_1765486870981{margin-bottom: 0px !important;}&#8220;][vc_column width=&#8220;1\/2&#8243;][vc_column_text]Unsere vier Laserschneidanlagen schneiden nicht nur L\u00e4ngen bis zu 16 Metern und Materialst\u00e4rken bis 25 mm, sondern f\u00fchren das Anfasen auch direkt an der Maschine aus und gew\u00e4hrleisten so h\u00f6chste Pr\u00e4zision. Das hochaufl\u00f6sende Plasmaschneiden erm\u00f6glicht pr\u00e4zise Fasen bei Materialst\u00e4rken bis 60 mm. Die vier Autogenschneidanlagen mit jeweils bis zu 12 [&hellip;]<\/p>\n","protected":false},"author":1,"featured_media":0,"parent":0,"menu_order":0,"comment_status":"closed","ping_status":"closed","template":"","meta":{"footnotes":""},"class_list":["post-7799","page","type-page","status-publish","hentry"],"acf":[],"_links":{"self":[{"href":"https:\/\/oxiplant.com\/new2\/de\/wp-json\/wp\/v2\/pages\/7799","targetHints":{"allow":["GET"]}}],"collection":[{"href":"https:\/\/oxiplant.com\/new2\/de\/wp-json\/wp\/v2\/pages"}],"about":[{"href":"https:\/\/oxiplant.com\/new2\/de\/wp-json\/wp\/v2\/types\/page"}],"author":[{"embeddable":true,"href":"https:\/\/oxiplant.com\/new2\/de\/wp-json\/wp\/v2\/users\/1"}],"replies":[{"embeddable":true,"href":"https:\/\/oxiplant.com\/new2\/de\/wp-json\/wp\/v2\/comments?post=7799"}],"version-history":[{"count":1,"href":"https:\/\/oxiplant.com\/new2\/de\/wp-json\/wp\/v2\/pages\/7799\/revisions"}],"predecessor-version":[{"id":7968,"href":"https:\/\/oxiplant.com\/new2\/de\/wp-json\/wp\/v2\/pages\/7799\/revisions\/7968"}],"wp:attachment":[{"href":"https:\/\/oxiplant.com\/new2\/de\/wp-json\/wp\/v2\/media?parent=7799"}],"curies":[{"name":"wp","href":"https:\/\/api.w.org\/{rel}","templated":true}]}}