{"id":7614,"date":"2025-10-15T07:05:08","date_gmt":"2025-10-15T05:05:08","guid":{"rendered":"https:\/\/oxiplant.com\/new2\/biseautage\/"},"modified":"2025-10-15T07:05:08","modified_gmt":"2025-10-15T05:05:08","slug":"biseautage","status":"publish","type":"page","link":"https:\/\/oxiplant.com\/new2\/fr\/biseautage\/","title":{"rendered":"Biseautage"},"content":{"rendered":"<div class=\"wpb-content-wrapper\"><p>[vc_section][vc_row content_placement=\u00a0\u00bbmiddle\u00a0\u00bb css=\u00a0\u00bb.vc_custom_1765487578438{margin-bottom: 0px !important;}\u00a0\u00bb][vc_column width=\u00a0\u00bb1\/2&Prime;][vc_column_text]Notre capacit\u00e9 de chanfreinage couvre \u00e0 la fois l&rsquo;usinage par <strong>enl\u00e8vement de copeaux et la d\u00e9coupe thermique<\/strong>, offrant une grande vari\u00e9t\u00e9 de g\u00e9om\u00e9tries : <strong>chanfrein en V, Y, X et K<\/strong>, en nous adaptant aux exigences techniques de chaque projet.<\/p>\n<p>Nous pouvons r\u00e9aliser le chanfreinage <strong>directement \u00e0 partir de nos propres machines<\/strong> de d\u00e9coupe, ce qui optimise les d\u00e9lais et garantit une int\u00e9gration parfaite entre les diff\u00e9rentes phases de production. Cela nous permet de livrer des pi\u00e8ces pr\u00eates \u00e0 l&#8217;emploi pour les processus de soudage ou d&rsquo;usinage ult\u00e9rieurs. <\/p>\n<p>Nous travaillons aussi bien la t\u00f4le que les tubes, couvrant ainsi l&rsquo;ensemble des besoins de secteurs tels que la chaudronnerie, les structures m\u00e9talliques, l&rsquo;usinage et la construction industrielle.<\/p>\n<p>Pour cela, nous disposons d&rsquo;un ensemble d&rsquo;\u00e9quipements sp\u00e9cialis\u00e9s qui nous permettent d&rsquo;aborder tout type de pr\u00e9paration des bords:<\/p>\n<ul>\n<li><strong>Meuleuses manuelles<\/strong>, id\u00e9ales pour les r\u00e9glages fins ou les pi\u00e8ces difficiles d&rsquo;acc\u00e8s.<\/li>\n<li><strong>Pirotomo<\/strong>, adapt\u00e9 aux chanfreinages \u00e0 haute productivit\u00e9 par oxycoupage.<\/li>\n<li><strong>Fraiseuses manuelles<\/strong>, id\u00e9ales pour obtenir une finition pr\u00e9cise et uniforme sur les chanfreins usin\u00e9s.<\/li>\n<li>En plus des <strong>machines \u00e0 plasma et d&rsquo;usinage<\/strong>, qui garantissent des r\u00e9sultats de grande qualit\u00e9 dans les projets tr\u00e8s exigeants sur le plan technique.<\/li>\n<\/ul>\n<p>[\/vc_column_text][\/vc_column][vc_column width=\u00a0\u00bb1\/2&Prime;]<div  class=\"wpb_content_element   clearfix\"><style type=\"text\/css\">#ut_am_69f21d2b4f424 { opacity: 1; }#ut_am_wrap_69f21d2b4f426 img,#ut_am_wrap_69f21d2b4f426 .ut-image-gallery-image-caption,#ut_am_wrap_69f21d2b4f426 .ut-box-shadow-container,#ut_am_wrap_69f21d2b4f426 .ut-box-shadow-container-inner,#ut_am_wrap_69f21d2b4f426 .ut-block-revealer-element-container,#ut_am_wrap_69f21d2b4f426 .ut-animated-image-zoom { -webkit-border-radius: 9px; -moz-border-radius: 9px; border-radius: 9px; }#ut_am_wrap_69f21d2b4f426 .ut-image-gallery-item-caption-title h3 { letter-spacing: 0em; }#ut_am_wrap_69f21d2b4f426 .ut-gallery-slider-caption { color: #999999; }#ut_am_wrap_69f21d2b4f426 .ut-gallery-slider-caption { font-weight: normal; }#ut_am_wrap_69f21d2b4f426 { text-align: right; }@media (min-width: 768px) and (max-width: 1024px) { #ut_am_wrap_69f21d2b4f426 { text-align: right !important; } }@media (max-width: 767px) { #ut_am_wrap_69f21d2b4f426 { text-align: center !important; } }<\/style><div id=\"ut_am_wrap_69f21d2b4f426\" class=\"ut-image-gallery-image \"><div id=\"ut_reveal_69f21d2b4f428\"  data-appear-top-offset=\"auto\" class=\"ut-animated-image-item ut-image-gallery-item ut-animation-done \"><a class=\"ut-deactivated-link\" href=\"#\"><div class=\"ut-animated-image-zoom\"><img loading=\"lazy\" decoding=\"async\" class=\"ut-lazy skip-lazy ut-animated-image \"  id=\"ut_am_69f21d2b4f424\" src=\"data:image\/svg+xml;charset=utf-8,%3Csvg xmlns%3D'http%3A%2F%2Fwww.w3.org%2F2000%2Fsvg' viewBox%3D'0 0 1492 1592'%2F%3E\" data-src=\"https:\/\/oxiplant.com\/new2\/wp-content\/uploads\/2025\/12\/biselado-7.jpg\" width=\"1492\" height=\"1592\" alt=\"\"\/><\/div><\/a><\/div><\/div><\/div>[\/vc_column][\/vc_row][\/vc_section][vc_section][vc_row][vc_column width=\u00a0\u00bb1\/6&Prime; css=\u00a0\u00bb.vc_custom_1764283621195{margin-top: 15px !important;}\u00a0\u00bb]<div  class=\"wpb_content_element   clearfix\"><style type=\"text\/css\">#ut_am_69f21d2b4ff70 { opacity: 1; }#ut_am_wrap_69f21d2b4ff73 .ut-image-gallery-item-caption-title h3 { color: #ffffff; }#ut_am_wrap_69f21d2b4ff73 .ut-image-gallery-item-caption-title-style-2 h3 { color: #ffffff; }#ut_am_wrap_69f21d2b4ff73 .ut-image-gallery-item-caption-title h3 { letter-spacing: 0em; }#ut_am_wrap_69f21d2b4ff73 .ut-gallery-slider-caption { font-weight: bold; }#ut_am_wrap_69f21d2b4ff73 { text-align: center; }@media (min-width: 768px) and (max-width: 1024px) { #ut_am_wrap_69f21d2b4ff73 { text-align: center !important; } }@media (max-width: 767px) { #ut_am_wrap_69f21d2b4ff73 { text-align: center !important; } }<\/style><div id=\"ut_am_wrap_69f21d2b4ff73\" class=\"ut-image-gallery-image ani_zoom\"><div id=\"ut_reveal_69f21d2b4ff74\"  data-appear-top-offset=\"auto\" class=\"ut-animated-image-item ut-image-gallery-item ut-animation-done \"><a target=\"_blank\" href=\"https:\/\/oxiplant.com\/new2\/wp-content\/uploads\/2025\/11\/OXIP_0094-CPR-MAD-20160126-SPA_Iss04-9Jun25-FPC-cer-EN1090.pdf\" rel=\"nofollow\"><div class=\"ut-animated-image-zoom\"><img loading=\"lazy\" decoding=\"async\" class=\"ut-lazy skip-lazy ut-animated-image \"  id=\"ut_am_69f21d2b4ff70\" src=\"data:image\/svg+xml;charset=utf-8,%3Csvg xmlns%3D'http%3A%2F%2Fwww.w3.org%2F2000%2Fsvg' viewBox%3D'0 0 300 190'%2F%3E\" data-src=\"https:\/\/oxiplant.com\/new2\/wp-content\/uploads\/2025\/11\/iso-1090-2.jpg\" width=\"300\" height=\"190\" alt=\"\"\/><\/div><\/a><\/div><\/div><\/div>[\/vc_column][vc_column width=\u00a0\u00bb1\/6&Prime; css=\u00a0\u00bb.vc_custom_1764283634822{margin-top: 15px !important;}\u00a0\u00bb]<div  class=\"wpb_content_element   clearfix\"><style type=\"text\/css\">#ut_am_69f21d2b508d3 { opacity: 1; }#ut_am_wrap_69f21d2b508d6 .ut-image-gallery-item-caption-title h3 { color: #ffffff; }#ut_am_wrap_69f21d2b508d6 .ut-image-gallery-item-caption-title-style-2 h3 { color: #ffffff; }#ut_am_wrap_69f21d2b508d6 .ut-image-gallery-item-caption-title h3 { letter-spacing: 0em; }#ut_am_wrap_69f21d2b508d6 .ut-gallery-slider-caption { font-weight: bold; }#ut_am_wrap_69f21d2b508d6 { text-align: center; }@media (min-width: 768px) and (max-width: 1024px) { #ut_am_wrap_69f21d2b508d6 { text-align: center !important; } }@media (max-width: 767px) { #ut_am_wrap_69f21d2b508d6 { text-align: center !important; } }<\/style><div id=\"ut_am_wrap_69f21d2b508d6\" class=\"ut-image-gallery-image ani_zoom\"><div id=\"ut_reveal_69f21d2b508d7\"  data-appear-top-offset=\"auto\" class=\"ut-animated-image-item ut-image-gallery-item ut-animation-done \"><a target=\"_blank\" href=\"https:\/\/oxiplant.com\/new2\/wp-content\/uploads\/2025\/11\/0038343-QMS-SPAES-UKAS.pdf\" rel=\"nofollow\"><div class=\"ut-animated-image-zoom\"><img loading=\"lazy\" decoding=\"async\" class=\"ut-lazy skip-lazy ut-animated-image \"  id=\"ut_am_69f21d2b508d3\" src=\"data:image\/svg+xml;charset=utf-8,%3Csvg xmlns%3D'http%3A%2F%2Fwww.w3.org%2F2000%2Fsvg' viewBox%3D'0 0 300 190'%2F%3E\" data-src=\"https:\/\/oxiplant.com\/new2\/wp-content\/uploads\/2025\/10\/calidad-2.webp\" width=\"300\" height=\"190\" alt=\"\"\/><\/div><\/a><\/div><\/div><\/div>[\/vc_column][vc_column width=\u00a0\u00bb1\/6&Prime; css=\u00a0\u00bb.vc_custom_1764283649688{margin-top: 15px !important;}\u00a0\u00bb]<div  class=\"wpb_content_element   clearfix\"><style type=\"text\/css\">#ut_am_69f21d2b51296 { opacity: 1; }#ut_am_wrap_69f21d2b51298 .ut-image-gallery-item-caption-title h3 { color: #ffffff; }#ut_am_wrap_69f21d2b51298 .ut-image-gallery-item-caption-title-style-2 h3 { color: #ffffff; }#ut_am_wrap_69f21d2b51298 .ut-image-gallery-item-caption-title h3 { letter-spacing: 0em; }#ut_am_wrap_69f21d2b51298 .ut-gallery-slider-caption { font-weight: bold; }#ut_am_wrap_69f21d2b51298 { text-align: center; }@media (min-width: 768px) and (max-width: 1024px) { #ut_am_wrap_69f21d2b51298 { text-align: center !important; } }@media (max-width: 767px) { #ut_am_wrap_69f21d2b51298 { text-align: center !important; } }<\/style><div id=\"ut_am_wrap_69f21d2b51298\" class=\"ut-image-gallery-image ani_zoom\"><div id=\"ut_reveal_69f21d2b51299\"  data-appear-top-offset=\"auto\" class=\"ut-animated-image-item ut-image-gallery-item ut-animation-done \"><a target=\"_blank\" href=\"https:\/\/oxiplant.com\/new2\/wp-content\/uploads\/2025\/11\/00016995-EMS-SPAES-UKAS.pdf\" rel=\"nofollow\"><div class=\"ut-animated-image-zoom\"><img loading=\"lazy\" decoding=\"async\" class=\"ut-lazy skip-lazy ut-animated-image \"  id=\"ut_am_69f21d2b51296\" src=\"data:image\/svg+xml;charset=utf-8,%3Csvg xmlns%3D'http%3A%2F%2Fwww.w3.org%2F2000%2Fsvg' viewBox%3D'0 0 300 193'%2F%3E\" data-src=\"https:\/\/oxiplant.com\/new2\/wp-content\/uploads\/2025\/10\/medioambiente.webp\" width=\"300\" height=\"193\" alt=\"\"\/><\/div><\/a><\/div><\/div><\/div>[\/vc_column][vc_column width=\u00a0\u00bb1\/6&Prime; css=\u00a0\u00bb.vc_custom_1764283665569{margin-top: 15px !important;}\u00a0\u00bb]<div  class=\"wpb_content_element   clearfix\"><style type=\"text\/css\">#ut_am_69f21d2b519ab { opacity: 1; }#ut_am_wrap_69f21d2b519ad .ut-image-gallery-item-caption-title h3 { color: #ffffff; }#ut_am_wrap_69f21d2b519ad .ut-image-gallery-item-caption-title-style-2 h3 { color: #ffffff; }#ut_am_wrap_69f21d2b519ad .ut-image-gallery-item-caption-title h3 { letter-spacing: 0em; }#ut_am_wrap_69f21d2b519ad .ut-gallery-slider-caption { font-weight: bold; }#ut_am_wrap_69f21d2b519ad { text-align: center; }@media (min-width: 768px) and (max-width: 1024px) { #ut_am_wrap_69f21d2b519ad { text-align: center !important; } }@media (max-width: 767px) { #ut_am_wrap_69f21d2b519ad { text-align: center !important; } }<\/style><div id=\"ut_am_wrap_69f21d2b519ad\" class=\"ut-image-gallery-image ani_zoom\"><div id=\"ut_reveal_69f21d2b519ae\"  data-appear-top-offset=\"auto\" class=\"ut-animated-image-item ut-image-gallery-item ut-animation-done \"><a target=\"_blank\" href=\"https:\/\/oxiplant.com\/new2\/wp-content\/uploads\/2025\/11\/OXIP_Cert-3834-R2-1Sep25-SPA.pdf\" rel=\"nofollow\"><div class=\"ut-animated-image-zoom\"><img loading=\"lazy\" decoding=\"async\" class=\"ut-lazy skip-lazy ut-animated-image \"  id=\"ut_am_69f21d2b519ab\" src=\"data:image\/svg+xml;charset=utf-8,%3Csvg xmlns%3D'http%3A%2F%2Fwww.w3.org%2F2000%2Fsvg' viewBox%3D'0 0 300 190'%2F%3E\" data-src=\"https:\/\/oxiplant.com\/new2\/wp-content\/uploads\/2025\/11\/iso-3834.jpg\" width=\"300\" height=\"190\" alt=\"\"\/><\/div><\/a><\/div><\/div><\/div>[\/vc_column][vc_column width=\u00a0\u00bb1\/6&Prime; css=\u00a0\u00bb.vc_custom_1764283681323{margin-top: 15px !important;}\u00a0\u00bb]<div  class=\"wpb_content_element   clearfix\"><style type=\"text\/css\">#ut_am_69f21d2b5207c { opacity: 1; }#ut_am_wrap_69f21d2b5207d .ut-image-gallery-item-caption-title h3 { color: #ffffff; }#ut_am_wrap_69f21d2b5207d .ut-image-gallery-item-caption-title-style-2 h3 { color: #ffffff; }#ut_am_wrap_69f21d2b5207d .ut-image-gallery-item-caption-title h3 { letter-spacing: 0em; }#ut_am_wrap_69f21d2b5207d .ut-gallery-slider-caption { font-weight: bold; }#ut_am_wrap_69f21d2b5207d { text-align: center; }@media (min-width: 768px) and (max-width: 1024px) { #ut_am_wrap_69f21d2b5207d { text-align: center !important; } }@media (max-width: 767px) { #ut_am_wrap_69f21d2b5207d { text-align: center !important; } }<\/style><div id=\"ut_am_wrap_69f21d2b5207d\" class=\"ut-image-gallery-image ani_zoom\"><div id=\"ut_reveal_69f21d2b5207e\"  data-appear-top-offset=\"auto\" class=\"ut-animated-image-item ut-image-gallery-item ut-animation-done \"><a target=\"_blank\" href=\"https:\/\/www.bureauveritas.dk\/en\/our-market\/apqp4wind?utm_source=google&#038;utm_medium=cpc&#038;gad_source=1&#038;gad_campaignid=1676330063&#038;gbraid=0AAAAAD28T32t2hKEXcw7JcM30Vaxr40iY&#038;gclid=CjwKCAiA55rJBhByEiwAFkY1QG0iBDQRekciHH0dIgsblVqHdnIgnglPMpL_zGsBaOnpgxHvH1W7aBoCFQQQAvD_BwE\" rel=\"nofollow\"><div class=\"ut-animated-image-zoom\"><img loading=\"lazy\" decoding=\"async\" class=\"ut-lazy skip-lazy ut-animated-image \"  id=\"ut_am_69f21d2b5207c\" src=\"data:image\/svg+xml;charset=utf-8,%3Csvg xmlns%3D'http%3A%2F%2Fwww.w3.org%2F2000%2Fsvg' viewBox%3D'0 0 300 190'%2F%3E\" data-src=\"https:\/\/oxiplant.com\/new2\/wp-content\/uploads\/2025\/10\/apqp.jpg\" width=\"300\" height=\"190\" alt=\"\"\/><\/div><\/a><\/div><\/div><\/div>[\/vc_column][vc_column width=\u00a0\u00bb1\/6&Prime; css=\u00a0\u00bb.vc_custom_1764283694488{margin-top: 15px !important;}\u00a0\u00bb]<div  class=\"wpb_content_element   clearfix\"><style type=\"text\/css\">#ut_am_69f21d2b53089 { opacity: 1; }#ut_am_wrap_69f21d2b5308b .ut-image-gallery-item-caption-title h3 { color: #ffffff; }#ut_am_wrap_69f21d2b5308b .ut-image-gallery-item-caption-title-style-2 h3 { color: #ffffff; }#ut_am_wrap_69f21d2b5308b .ut-image-gallery-item-caption-title h3 { letter-spacing: 0em; }#ut_am_wrap_69f21d2b5308b .ut-gallery-slider-caption { font-weight: bold; }#ut_am_wrap_69f21d2b5308b { text-align: center; }@media (min-width: 768px) and (max-width: 1024px) { #ut_am_wrap_69f21d2b5308b { text-align: center !important; } }@media (max-width: 767px) { #ut_am_wrap_69f21d2b5308b { text-align: center !important; } }<\/style><div id=\"ut_am_wrap_69f21d2b5308b\" class=\"ut-image-gallery-image ani_zoom\"><div id=\"ut_reveal_69f21d2b5308c\"  data-appear-top-offset=\"auto\" class=\"ut-animated-image-item ut-image-gallery-item ut-animation-done \"><a target=\"_blank\" href=\"https:\/\/ecovadis.com\/es\/\" rel=\"nofollow\"><div class=\"ut-animated-image-zoom\"><img decoding=\"async\" class=\"ut-lazy skip-lazy ut-animated-image \"  id=\"ut_am_69f21d2b53089\" src=\"data:image\/svg+xml;charset=utf-8,%3Csvg xmlns%3D'http%3A%2F%2Fwww.w3.org%2F2000%2Fsvg' viewBox%3D'0 0 118px 600'%2F%3E\" data-src=\"https:\/\/oxiplant.com\/new2\/wp-content\/uploads\/2025\/10\/reco-1.webp\" width=\"118px\" height=\"\" alt=\"\"\/><\/div><\/a><\/div><\/div><\/div>[\/vc_column][\/vc_row][\/vc_section]<\/p>\n<\/div>","protected":false},"excerpt":{"rendered":"<p>[vc_section][vc_row content_placement=\u00a0\u00bbmiddle\u00a0\u00bb css=\u00a0\u00bb.vc_custom_1765487578438{margin-bottom: 0px !important;}\u00a0\u00bb][vc_column width=\u00a0\u00bb1\/2&Prime;][vc_column_text]Notre capacit\u00e9 de chanfreinage couvre \u00e0 la fois l&rsquo;usinage par enl\u00e8vement de copeaux et la d\u00e9coupe thermique, offrant une grande vari\u00e9t\u00e9 de g\u00e9om\u00e9tries : chanfrein en V, Y, X et K, en nous adaptant aux exigences techniques de chaque projet. Nous pouvons r\u00e9aliser le chanfreinage directement \u00e0 partir de nos [&hellip;]<\/p>\n","protected":false},"author":1,"featured_media":0,"parent":0,"menu_order":0,"comment_status":"closed","ping_status":"closed","template":"","meta":{"footnotes":""},"class_list":["post-7614","page","type-page","status-publish","hentry"],"acf":[],"_links":{"self":[{"href":"https:\/\/oxiplant.com\/new2\/fr\/wp-json\/wp\/v2\/pages\/7614","targetHints":{"allow":["GET"]}}],"collection":[{"href":"https:\/\/oxiplant.com\/new2\/fr\/wp-json\/wp\/v2\/pages"}],"about":[{"href":"https:\/\/oxiplant.com\/new2\/fr\/wp-json\/wp\/v2\/types\/page"}],"author":[{"embeddable":true,"href":"https:\/\/oxiplant.com\/new2\/fr\/wp-json\/wp\/v2\/users\/1"}],"replies":[{"embeddable":true,"href":"https:\/\/oxiplant.com\/new2\/fr\/wp-json\/wp\/v2\/comments?post=7614"}],"version-history":[{"count":0,"href":"https:\/\/oxiplant.com\/new2\/fr\/wp-json\/wp\/v2\/pages\/7614\/revisions"}],"wp:attachment":[{"href":"https:\/\/oxiplant.com\/new2\/fr\/wp-json\/wp\/v2\/media?parent=7614"}],"curies":[{"name":"wp","href":"https:\/\/api.w.org\/{rel}","templated":true}]}}