{"id":7633,"date":"2025-10-15T07:15:15","date_gmt":"2025-10-15T05:15:15","guid":{"rendered":"https:\/\/oxiplant.com\/new2\/formage\/"},"modified":"2026-02-17T15:58:47","modified_gmt":"2026-02-17T14:58:47","slug":"formage","status":"publish","type":"page","link":"https:\/\/oxiplant.com\/new2\/fr\/formage\/","title":{"rendered":"Formage"},"content":{"rendered":"<div class=\"wpb-content-wrapper\"><p>[vc_section][vc_row content_placement=\u00a0\u00bbmiddle\u00a0\u00bb css=\u00a0\u00bb.vc_custom_1765487462989{margin-bottom: 0px !important;}\u00a0\u00bb][vc_column width=\u00a0\u00bb1\/2&Prime;][vc_column_text]Nuestras <strong>4 plegadoras CNC<\/strong> permiten trabajar piezas de hasta <strong>8.000 mm<\/strong> y <strong>1.500 t de presi\u00f3n<\/strong>, lo que nos da capacidad para abordar desde piezas peque\u00f1as hasta elementos de gran formato. A esto se suman varias <strong>plegadoras adicionales<\/strong> y una <strong>prensa hidr\u00e1ulica<\/strong>, que ampl\u00edan las posibilidades de conformado en diferentes configuraciones. <\/p>\n<p>Pour le cintrage, nous disposons de <strong>3 cintreuses \u00e0 rouleaux<\/strong> capables de travailler des \u00e9paisseurs allant jusqu&rsquo;\u00e0 <strong>45 mm<\/strong> et des pi\u00e8ces pesant jusqu&rsquo;\u00e0 <strong>2 tonnes<\/strong>, couvrant ainsi un large \u00e9ventail de besoins en termes de rayons et de dimensions.<\/p>\n<p>Dans l&rsquo;ensemble, cette gamme de machines (plieuses, presse hydraulique et cintreuses \u00e0 rouleaux) nous permet de nous adapter \u00e0 tous types de pi\u00e8ces et de maintenir un <strong>rythme de production \u00e9lev\u00e9<\/strong>, en optimisant les temps de travail dans des projets aux caract\u00e9ristiques diverses.[\/vc_column_text][\/vc_column][vc_column width=\u00a0\u00bb1\/2&Prime;]<div  class=\"wpb_content_element   clearfix\"><style type=\"text\/css\">#ut_am_69f215aee5359 { opacity: 1; }#ut_am_wrap_69f215aee535c img,#ut_am_wrap_69f215aee535c .ut-image-gallery-image-caption,#ut_am_wrap_69f215aee535c .ut-box-shadow-container,#ut_am_wrap_69f215aee535c .ut-box-shadow-container-inner,#ut_am_wrap_69f215aee535c .ut-block-revealer-element-container,#ut_am_wrap_69f215aee535c .ut-animated-image-zoom { -webkit-border-radius: 9px; -moz-border-radius: 9px; border-radius: 9px; }#ut_am_wrap_69f215aee535c .ut-image-gallery-item-caption-title h3 { letter-spacing: 0em; }#ut_am_wrap_69f215aee535c .ut-gallery-slider-caption { color: #999999; }#ut_am_wrap_69f215aee535c .ut-gallery-slider-caption { font-weight: normal; }#ut_am_wrap_69f215aee535c { text-align: right; }@media (min-width: 768px) and (max-width: 1024px) { #ut_am_wrap_69f215aee535c { text-align: right !important; } }@media (max-width: 767px) { #ut_am_wrap_69f215aee535c { text-align: center !important; } }<\/style><div id=\"ut_am_wrap_69f215aee535c\" class=\"ut-image-gallery-image \"><div id=\"ut_reveal_69f215aee535f\"  data-appear-top-offset=\"auto\" class=\"ut-animated-image-item ut-image-gallery-item ut-animation-done \"><a class=\"ut-deactivated-link\" href=\"#\"><div class=\"ut-animated-image-zoom\"><img loading=\"lazy\" decoding=\"async\" class=\"ut-lazy skip-lazy ut-animated-image \"  id=\"ut_am_69f215aee5359\" src=\"data:image\/svg+xml;charset=utf-8,%3Csvg xmlns%3D'http%3A%2F%2Fwww.w3.org%2F2000%2Fsvg' viewBox%3D'0 0 1204 925'%2F%3E\" data-src=\"https:\/\/oxiplant.com\/new2\/wp-content\/uploads\/2025\/10\/conformado-1.jpg\" width=\"1204\" height=\"925\" alt=\"\"\/><\/div><\/a><\/div><\/div><\/div>[\/vc_column][\/vc_row][\/vc_section][vc_section css=\u00a0\u00bb.vc_custom_1764279907549{margin-bottom: 0px !important;background-color: #eeeeee !important;}\u00a0\u00bb][vc_row full_width=\u00a0\u00bbstretch_row_content\u00a0\u00bb css=\u00a0\u00bb.vc_custom_1764279945138{margin-bottom: 80px !important;}\u00a0\u00bb][vc_column width=\u00a0\u00bb1\/2&Prime;]<div  class=\"wpb_content_element   clearfix\"><style type=\"text\/css\">#ut_am_69f215aee5eb3 { opacity: 1; }#ut_am_wrap_69f215aee5eb5 .ut-image-gallery-item-caption-title h3 { letter-spacing: 0em; }#ut_am_wrap_69f215aee5eb5 .ut-gallery-slider-caption { font-weight: bold; }#ut_am_wrap_69f215aee5eb5 { text-align: left; }@media (min-width: 768px) and (max-width: 1024px) { #ut_am_wrap_69f215aee5eb5 { text-align: left !important; } }@media (max-width: 767px) { #ut_am_wrap_69f215aee5eb5 { text-align: center !important; } }<\/style><div id=\"ut_am_wrap_69f215aee5eb5\" class=\"ut-image-gallery-image ani_zoom\"><div id=\"ut_reveal_69f215aee5eb6\"  data-appear-top-offset=\"auto\" class=\"ut-animated-image-item ut-image-gallery-item ut-animation-done \"><a class=\"ut-deactivated-link\" href=\"#\"><div class=\"ut-animated-image-zoom\"><img loading=\"lazy\" decoding=\"async\" class=\"ut-lazy skip-lazy ut-animated-image \"  id=\"ut_am_69f215aee5eb3\" src=\"data:image\/svg+xml;charset=utf-8,%3Csvg xmlns%3D'http%3A%2F%2Fwww.w3.org%2F2000%2Fsvg' viewBox%3D'0 0 1367 564'%2F%3E\" data-src=\"https:\/\/oxiplant.com\/new2\/wp-content\/uploads\/2025\/11\/servi-plegado.jpg\" width=\"1367\" height=\"564\" alt=\"\"\/><\/div><\/a><\/div><\/div><\/div>[\/vc_column][vc_column width=\u00a0\u00bb1\/2&Prime;]<div  class=\"wpb_content_element   clearfix\"><style type=\"text\/css\">#ut_am_69f215aee66f2 { opacity: 1; }#ut_am_wrap_69f215aee66f4 .ut-image-gallery-item-caption-title h3 { letter-spacing: 0em; }#ut_am_wrap_69f215aee66f4 .ut-gallery-slider-caption { font-weight: bold; }#ut_am_wrap_69f215aee66f4 { text-align: left; }@media (min-width: 768px) and (max-width: 1024px) { #ut_am_wrap_69f215aee66f4 { text-align: left !important; } }@media (max-width: 767px) { #ut_am_wrap_69f215aee66f4 { text-align: center !important; } }<\/style><div id=\"ut_am_wrap_69f215aee66f4\" class=\"ut-image-gallery-image ani_zoom\"><div id=\"ut_reveal_69f215aee66f5\"  data-appear-top-offset=\"auto\" class=\"ut-animated-image-item ut-image-gallery-item ut-animation-done \"><a class=\"ut-deactivated-link\" href=\"#\"><div class=\"ut-animated-image-zoom\"><img loading=\"lazy\" decoding=\"async\" class=\"ut-lazy skip-lazy ut-animated-image \"  id=\"ut_am_69f215aee66f2\" src=\"data:image\/svg+xml;charset=utf-8,%3Csvg xmlns%3D'http%3A%2F%2Fwww.w3.org%2F2000%2Fsvg' viewBox%3D'0 0 1367 564'%2F%3E\" data-src=\"https:\/\/oxiplant.com\/new2\/wp-content\/uploads\/2025\/12\/servi-curvado-1.jpg\" width=\"1367\" height=\"564\" alt=\"\"\/><\/div><\/a><\/div><\/div><\/div>[\/vc_column][\/vc_row][\/vc_section][vc_section][vc_row][vc_column width=\u00a0\u00bb1\/6&Prime; css=\u00a0\u00bb.vc_custom_1764283621195{margin-top: 15px !important;}\u00a0\u00bb]<div  class=\"wpb_content_element   clearfix\"><style type=\"text\/css\">#ut_am_69f215aee6d3f { opacity: 1; }#ut_am_wrap_69f215aee6d40 .ut-image-gallery-item-caption-title h3 { color: #ffffff; }#ut_am_wrap_69f215aee6d40 .ut-image-gallery-item-caption-title-style-2 h3 { color: #ffffff; }#ut_am_wrap_69f215aee6d40 .ut-image-gallery-item-caption-title h3 { letter-spacing: 0em; }#ut_am_wrap_69f215aee6d40 .ut-gallery-slider-caption { font-weight: bold; }#ut_am_wrap_69f215aee6d40 { text-align: center; }@media (min-width: 768px) and (max-width: 1024px) { #ut_am_wrap_69f215aee6d40 { text-align: center !important; } }@media (max-width: 767px) { #ut_am_wrap_69f215aee6d40 { text-align: center !important; } }<\/style><div id=\"ut_am_wrap_69f215aee6d40\" class=\"ut-image-gallery-image ani_zoom\"><div id=\"ut_reveal_69f215aee6d41\"  data-appear-top-offset=\"auto\" class=\"ut-animated-image-item ut-image-gallery-item ut-animation-done \"><a target=\"_blank\" href=\"https:\/\/oxiplant.com\/new2\/wp-content\/uploads\/2025\/11\/OXIP_0094-CPR-MAD-20160126-SPA_Iss04-9Jun25-FPC-cer-EN1090.pdf\" rel=\"nofollow\"><div class=\"ut-animated-image-zoom\"><img loading=\"lazy\" decoding=\"async\" class=\"ut-lazy skip-lazy ut-animated-image \"  id=\"ut_am_69f215aee6d3f\" src=\"data:image\/svg+xml;charset=utf-8,%3Csvg xmlns%3D'http%3A%2F%2Fwww.w3.org%2F2000%2Fsvg' viewBox%3D'0 0 300 190'%2F%3E\" data-src=\"https:\/\/oxiplant.com\/new2\/wp-content\/uploads\/2025\/11\/iso-1090-2.jpg\" width=\"300\" height=\"190\" alt=\"\"\/><\/div><\/a><\/div><\/div><\/div>[\/vc_column][vc_column width=\u00a0\u00bb1\/6&Prime; css=\u00a0\u00bb.vc_custom_1764283634822{margin-top: 15px !important;}\u00a0\u00bb]<div  class=\"wpb_content_element   clearfix\"><style type=\"text\/css\">#ut_am_69f215aee74a1 { opacity: 1; }#ut_am_wrap_69f215aee74a3 .ut-image-gallery-item-caption-title h3 { color: #ffffff; }#ut_am_wrap_69f215aee74a3 .ut-image-gallery-item-caption-title-style-2 h3 { color: #ffffff; }#ut_am_wrap_69f215aee74a3 .ut-image-gallery-item-caption-title h3 { letter-spacing: 0em; }#ut_am_wrap_69f215aee74a3 .ut-gallery-slider-caption { font-weight: bold; }#ut_am_wrap_69f215aee74a3 { text-align: center; }@media (min-width: 768px) and (max-width: 1024px) { #ut_am_wrap_69f215aee74a3 { text-align: center !important; } }@media (max-width: 767px) { #ut_am_wrap_69f215aee74a3 { text-align: center !important; } }<\/style><div id=\"ut_am_wrap_69f215aee74a3\" class=\"ut-image-gallery-image ani_zoom\"><div id=\"ut_reveal_69f215aee74a4\"  data-appear-top-offset=\"auto\" class=\"ut-animated-image-item ut-image-gallery-item ut-animation-done \"><a target=\"_blank\" href=\"https:\/\/oxiplant.com\/new2\/wp-content\/uploads\/2025\/11\/0038343-QMS-SPAES-UKAS.pdf\" rel=\"nofollow\"><div class=\"ut-animated-image-zoom\"><img loading=\"lazy\" decoding=\"async\" class=\"ut-lazy skip-lazy ut-animated-image \"  id=\"ut_am_69f215aee74a1\" src=\"data:image\/svg+xml;charset=utf-8,%3Csvg xmlns%3D'http%3A%2F%2Fwww.w3.org%2F2000%2Fsvg' viewBox%3D'0 0 300 190'%2F%3E\" data-src=\"https:\/\/oxiplant.com\/new2\/wp-content\/uploads\/2025\/10\/calidad-2.webp\" width=\"300\" height=\"190\" alt=\"\"\/><\/div><\/a><\/div><\/div><\/div>[\/vc_column][vc_column width=\u00a0\u00bb1\/6&Prime; css=\u00a0\u00bb.vc_custom_1764283649688{margin-top: 15px !important;}\u00a0\u00bb]<div  class=\"wpb_content_element   clearfix\"><style type=\"text\/css\">#ut_am_69f215aee7d03 { opacity: 1; }#ut_am_wrap_69f215aee7d04 .ut-image-gallery-item-caption-title h3 { color: #ffffff; }#ut_am_wrap_69f215aee7d04 .ut-image-gallery-item-caption-title-style-2 h3 { color: #ffffff; }#ut_am_wrap_69f215aee7d04 .ut-image-gallery-item-caption-title h3 { letter-spacing: 0em; }#ut_am_wrap_69f215aee7d04 .ut-gallery-slider-caption { font-weight: bold; }#ut_am_wrap_69f215aee7d04 { text-align: center; }@media (min-width: 768px) and (max-width: 1024px) { #ut_am_wrap_69f215aee7d04 { text-align: center !important; } }@media (max-width: 767px) { #ut_am_wrap_69f215aee7d04 { text-align: center !important; } }<\/style><div id=\"ut_am_wrap_69f215aee7d04\" class=\"ut-image-gallery-image ani_zoom\"><div id=\"ut_reveal_69f215aee7d05\"  data-appear-top-offset=\"auto\" class=\"ut-animated-image-item ut-image-gallery-item ut-animation-done \"><a target=\"_blank\" href=\"https:\/\/oxiplant.com\/new2\/wp-content\/uploads\/2025\/11\/00016995-EMS-SPAES-UKAS.pdf\" rel=\"nofollow\"><div class=\"ut-animated-image-zoom\"><img loading=\"lazy\" decoding=\"async\" class=\"ut-lazy skip-lazy ut-animated-image \"  id=\"ut_am_69f215aee7d03\" src=\"data:image\/svg+xml;charset=utf-8,%3Csvg xmlns%3D'http%3A%2F%2Fwww.w3.org%2F2000%2Fsvg' viewBox%3D'0 0 300 193'%2F%3E\" data-src=\"https:\/\/oxiplant.com\/new2\/wp-content\/uploads\/2025\/10\/medioambiente.webp\" width=\"300\" height=\"193\" alt=\"\"\/><\/div><\/a><\/div><\/div><\/div>[\/vc_column][vc_column width=\u00a0\u00bb1\/6&Prime; css=\u00a0\u00bb.vc_custom_1764283665569{margin-top: 15px !important;}\u00a0\u00bb]<div  class=\"wpb_content_element   clearfix\"><style type=\"text\/css\">#ut_am_69f215aee84f7 { opacity: 1; }#ut_am_wrap_69f215aee84f9 .ut-image-gallery-item-caption-title h3 { color: #ffffff; }#ut_am_wrap_69f215aee84f9 .ut-image-gallery-item-caption-title-style-2 h3 { color: #ffffff; }#ut_am_wrap_69f215aee84f9 .ut-image-gallery-item-caption-title h3 { letter-spacing: 0em; }#ut_am_wrap_69f215aee84f9 .ut-gallery-slider-caption { font-weight: bold; }#ut_am_wrap_69f215aee84f9 { text-align: center; }@media (min-width: 768px) and (max-width: 1024px) { #ut_am_wrap_69f215aee84f9 { text-align: center !important; } }@media (max-width: 767px) { #ut_am_wrap_69f215aee84f9 { text-align: center !important; } }<\/style><div id=\"ut_am_wrap_69f215aee84f9\" class=\"ut-image-gallery-image ani_zoom\"><div id=\"ut_reveal_69f215aee84fa\"  data-appear-top-offset=\"auto\" class=\"ut-animated-image-item ut-image-gallery-item ut-animation-done \"><a target=\"_blank\" href=\"https:\/\/oxiplant.com\/new2\/wp-content\/uploads\/2025\/11\/OXIP_Cert-3834-R2-1Sep25-SPA.pdf\" rel=\"nofollow\"><div class=\"ut-animated-image-zoom\"><img loading=\"lazy\" decoding=\"async\" class=\"ut-lazy skip-lazy ut-animated-image \"  id=\"ut_am_69f215aee84f7\" src=\"data:image\/svg+xml;charset=utf-8,%3Csvg xmlns%3D'http%3A%2F%2Fwww.w3.org%2F2000%2Fsvg' viewBox%3D'0 0 300 190'%2F%3E\" data-src=\"https:\/\/oxiplant.com\/new2\/wp-content\/uploads\/2025\/11\/iso-3834.jpg\" width=\"300\" height=\"190\" alt=\"\"\/><\/div><\/a><\/div><\/div><\/div>[\/vc_column][vc_column width=\u00a0\u00bb1\/6&Prime; css=\u00a0\u00bb.vc_custom_1764283681323{margin-top: 15px !important;}\u00a0\u00bb]<div  class=\"wpb_content_element   clearfix\"><style type=\"text\/css\">#ut_am_69f215aee8d46 { opacity: 1; }#ut_am_wrap_69f215aee8d48 .ut-image-gallery-item-caption-title h3 { color: #ffffff; }#ut_am_wrap_69f215aee8d48 .ut-image-gallery-item-caption-title-style-2 h3 { color: #ffffff; }#ut_am_wrap_69f215aee8d48 .ut-image-gallery-item-caption-title h3 { letter-spacing: 0em; }#ut_am_wrap_69f215aee8d48 .ut-gallery-slider-caption { font-weight: bold; }#ut_am_wrap_69f215aee8d48 { text-align: center; }@media (min-width: 768px) and (max-width: 1024px) { #ut_am_wrap_69f215aee8d48 { text-align: center !important; } }@media (max-width: 767px) { #ut_am_wrap_69f215aee8d48 { text-align: center !important; } }<\/style><div id=\"ut_am_wrap_69f215aee8d48\" class=\"ut-image-gallery-image ani_zoom\"><div id=\"ut_reveal_69f215aee8d49\"  data-appear-top-offset=\"auto\" class=\"ut-animated-image-item ut-image-gallery-item ut-animation-done \"><a target=\"_blank\" href=\"https:\/\/www.bureauveritas.dk\/en\/our-market\/apqp4wind?utm_source=google&#038;utm_medium=cpc&#038;gad_source=1&#038;gad_campaignid=1676330063&#038;gbraid=0AAAAAD28T32t2hKEXcw7JcM30Vaxr40iY&#038;gclid=CjwKCAiA55rJBhByEiwAFkY1QG0iBDQRekciHH0dIgsblVqHdnIgnglPMpL_zGsBaOnpgxHvH1W7aBoCFQQQAvD_BwE\" rel=\"nofollow\"><div class=\"ut-animated-image-zoom\"><img loading=\"lazy\" decoding=\"async\" class=\"ut-lazy skip-lazy ut-animated-image \"  id=\"ut_am_69f215aee8d46\" src=\"data:image\/svg+xml;charset=utf-8,%3Csvg xmlns%3D'http%3A%2F%2Fwww.w3.org%2F2000%2Fsvg' viewBox%3D'0 0 300 190'%2F%3E\" data-src=\"https:\/\/oxiplant.com\/new2\/wp-content\/uploads\/2025\/10\/apqp.jpg\" width=\"300\" height=\"190\" alt=\"\"\/><\/div><\/a><\/div><\/div><\/div>[\/vc_column][vc_column width=\u00a0\u00bb1\/6&Prime; css=\u00a0\u00bb.vc_custom_1764283694488{margin-top: 15px !important;}\u00a0\u00bb]<div  class=\"wpb_content_element   clearfix\"><style type=\"text\/css\">#ut_am_69f215aee9cd8 { opacity: 1; }#ut_am_wrap_69f215aee9cda .ut-image-gallery-item-caption-title h3 { color: #ffffff; }#ut_am_wrap_69f215aee9cda .ut-image-gallery-item-caption-title-style-2 h3 { color: #ffffff; }#ut_am_wrap_69f215aee9cda .ut-image-gallery-item-caption-title h3 { letter-spacing: 0em; }#ut_am_wrap_69f215aee9cda .ut-gallery-slider-caption { font-weight: bold; }#ut_am_wrap_69f215aee9cda { text-align: center; }@media (min-width: 768px) and (max-width: 1024px) { #ut_am_wrap_69f215aee9cda { text-align: center !important; } }@media (max-width: 767px) { #ut_am_wrap_69f215aee9cda { text-align: center !important; } }<\/style><div id=\"ut_am_wrap_69f215aee9cda\" class=\"ut-image-gallery-image ani_zoom\"><div id=\"ut_reveal_69f215aee9cdb\"  data-appear-top-offset=\"auto\" class=\"ut-animated-image-item ut-image-gallery-item ut-animation-done \"><a target=\"_blank\" href=\"https:\/\/ecovadis.com\/es\/\" rel=\"nofollow\"><div class=\"ut-animated-image-zoom\"><img decoding=\"async\" class=\"ut-lazy skip-lazy ut-animated-image \"  id=\"ut_am_69f215aee9cd8\" src=\"data:image\/svg+xml;charset=utf-8,%3Csvg xmlns%3D'http%3A%2F%2Fwww.w3.org%2F2000%2Fsvg' viewBox%3D'0 0 118px 600'%2F%3E\" data-src=\"https:\/\/oxiplant.com\/new2\/wp-content\/uploads\/2025\/10\/reco-1.webp\" width=\"118px\" height=\"\" alt=\"\"\/><\/div><\/a><\/div><\/div><\/div>[\/vc_column][\/vc_row][\/vc_section]<\/p>\n<\/div>","protected":false},"excerpt":{"rendered":"<p>[vc_section][vc_row content_placement=\u00a0\u00bbmiddle\u00a0\u00bb css=\u00a0\u00bb.vc_custom_1765487462989{margin-bottom: 0px !important;}\u00a0\u00bb][vc_column width=\u00a0\u00bb1\/2&Prime;][vc_column_text]Nuestras 4 plegadoras CNC permiten trabajar piezas de hasta 8.000 mm y 1.500 t de presi\u00f3n, lo que nos da capacidad para abordar desde piezas peque\u00f1as hasta elementos de gran formato. A esto se suman varias plegadoras adicionales y una prensa hidr\u00e1ulica, que ampl\u00edan las posibilidades de conformado en diferentes [&hellip;]<\/p>\n","protected":false},"author":1,"featured_media":0,"parent":0,"menu_order":0,"comment_status":"closed","ping_status":"closed","template":"","meta":{"footnotes":""},"class_list":["post-7633","page","type-page","status-publish","hentry"],"acf":[],"_links":{"self":[{"href":"https:\/\/oxiplant.com\/new2\/fr\/wp-json\/wp\/v2\/pages\/7633","targetHints":{"allow":["GET"]}}],"collection":[{"href":"https:\/\/oxiplant.com\/new2\/fr\/wp-json\/wp\/v2\/pages"}],"about":[{"href":"https:\/\/oxiplant.com\/new2\/fr\/wp-json\/wp\/v2\/types\/page"}],"author":[{"embeddable":true,"href":"https:\/\/oxiplant.com\/new2\/fr\/wp-json\/wp\/v2\/users\/1"}],"replies":[{"embeddable":true,"href":"https:\/\/oxiplant.com\/new2\/fr\/wp-json\/wp\/v2\/comments?post=7633"}],"version-history":[{"count":1,"href":"https:\/\/oxiplant.com\/new2\/fr\/wp-json\/wp\/v2\/pages\/7633\/revisions"}],"predecessor-version":[{"id":7960,"href":"https:\/\/oxiplant.com\/new2\/fr\/wp-json\/wp\/v2\/pages\/7633\/revisions\/7960"}],"wp:attachment":[{"href":"https:\/\/oxiplant.com\/new2\/fr\/wp-json\/wp\/v2\/media?parent=7633"}],"curies":[{"name":"wp","href":"https:\/\/api.w.org\/{rel}","templated":true}]}}