{"id":7654,"date":"2025-11-12T20:44:44","date_gmt":"2025-11-12T19:44:44","guid":{"rendered":"https:\/\/oxiplant.com\/new2\/eolien\/"},"modified":"2025-11-12T20:44:44","modified_gmt":"2025-11-12T19:44:44","slug":"eolien","status":"publish","type":"page","link":"https:\/\/oxiplant.com\/new2\/fr\/eolien\/","title":{"rendered":"\u00c9olien"},"content":{"rendered":"<div class=\"wpb-content-wrapper\"><p>[vc_section][vc_row css=\u00a0\u00bb.vc_custom_1467568839237{margin-bottom: 80px !important;}\u00a0\u00bb][vc_column width=\u00a0\u00bb1\/2&Prime;][vc_column_text]<\/p>\n<p class=\"p1\">Chez <b>Oxiplant<\/b>, la qualit\u00e9 est un axe strat\u00e9gique qui guide chacun de nos processus.<\/p>\n<p class=\"p1\">Conscients de l&rsquo;importance de la normalisation et de l&rsquo;efficacit\u00e9 dans la cha\u00eene de valeur, nous faisons partie de l&rsquo;<b>APQP4Wind<\/b>, l&rsquo;organisation internationale qui \u00e9tablit le cadre commun pour l&rsquo;assurance qualit\u00e9 dans l&rsquo;industrie \u00e9olienne.<\/p>\n<p class=\"p1\">\u00catre <b>la premi\u00e8re entreprise asturienne certifi\u00e9e par APQP4Wind<\/b> et l&rsquo;<b>une des dix<\/b> <b>premi\u00e8res en Espagne<\/b> repr\u00e9sente une reconnaissance de l&rsquo;engagement d&rsquo;Oxiplant en faveur de l&rsquo;<b>am\u00e9lioration continue <\/b>et de l&rsquo;<b>adoption des normes internationales les plus exigeantes<\/b> <b>du secteur<\/b>.<\/p>\n<p class=\"p1\">Le mod\u00e8le <b>APQP4Wind<\/b> favorise la mise en place de <b>processus plus efficaces<\/b>, c<b>oordonn\u00e9s et transparents entre les fabricants et les fournisseurs<\/b>, favorisant une communication fluide et une plus grande fiabilit\u00e9 \u00e0 toutes les \u00e9tapes du d\u00e9veloppement et de la production.<\/p>\n<p class=\"p1\">Cette accr\u00e9ditation renforce notre position sur le march\u00e9 \u00e9olien et t\u00e9moigne de notre contribution active \u00e0 <b>l&rsquo;am\u00e9lioration des normes de qualit\u00e9, de comp\u00e9titivit\u00e9<\/b> et de <b>durabilit\u00e9 <\/b>dans le secteur, en garantissant des solutions qui r\u00e9pondent aux niveaux d&rsquo;exigence techniques et industriels les plus \u00e9lev\u00e9s.<\/p>\n<p>[\/vc_column_text][\/vc_column][vc_column width=\u00a0\u00bb1\/2&Prime; css=\u00a0\u00bb.vc_custom_1760485443069{padding-left: 50px !important;}\u00a0\u00bb]<div  class=\"wpb_content_element   clearfix\"><style type=\"text\/css\">#ut_am_69f24b0fe3065 { opacity: 1; }#ut_am_wrap_69f24b0fe3067 img,#ut_am_wrap_69f24b0fe3067 .ut-image-gallery-image-caption,#ut_am_wrap_69f24b0fe3067 .ut-box-shadow-container,#ut_am_wrap_69f24b0fe3067 .ut-box-shadow-container-inner,#ut_am_wrap_69f24b0fe3067 .ut-block-revealer-element-container,#ut_am_wrap_69f24b0fe3067 .ut-animated-image-zoom { -webkit-border-radius: 9px; -moz-border-radius: 9px; border-radius: 9px; }#ut_am_wrap_69f24b0fe3067 .ut-image-gallery-item-caption-title h3 { letter-spacing: 0em; }#ut_am_wrap_69f24b0fe3067 .ut-gallery-slider-caption { color: #999999; }#ut_am_wrap_69f24b0fe3067 .ut-gallery-slider-caption { font-weight: normal; }#ut_am_wrap_69f24b0fe3067 { text-align: right; }@media (min-width: 768px) and (max-width: 1024px) { #ut_am_wrap_69f24b0fe3067 { text-align: right !important; } }@media (max-width: 767px) { #ut_am_wrap_69f24b0fe3067 { text-align: center !important; } }<\/style><div id=\"ut_am_wrap_69f24b0fe3067\" class=\"ut-image-gallery-image \"><div id=\"ut_reveal_69f24b0fe3069\"  data-appear-top-offset=\"auto\" class=\"ut-animated-image-item ut-image-gallery-item ut-animation-done \"><a class=\"ut-deactivated-link\" href=\"#\"><div class=\"ut-animated-image-zoom\"><img loading=\"lazy\" decoding=\"async\" class=\"ut-lazy skip-lazy ut-animated-image \"  id=\"ut_am_69f24b0fe3065\" src=\"data:image\/svg+xml;charset=utf-8,%3Csvg xmlns%3D'http%3A%2F%2Fwww.w3.org%2F2000%2Fsvg' viewBox%3D'0 0 1492 1418'%2F%3E\" data-src=\"https:\/\/oxiplant.com\/new2\/wp-content\/uploads\/2025\/11\/eolico.jpg\" width=\"1492\" height=\"1418\" alt=\"\"\/><\/div><\/a><\/div><\/div><\/div>[\/vc_column][\/vc_row][vc_row][vc_column css=\u00a0\u00bb.vc_custom_1764277413992{margin-top: 15px !important;}\u00a0\u00bb]<div  class=\"wpb_content_element   clearfix\"><style type=\"text\/css\">#ut_am_69f24b0fe3bc5 { opacity: 1; }#ut_am_wrap_69f24b0fe3bc8 .ut-image-gallery-item-caption-title h3 { letter-spacing: 0em; }#ut_am_wrap_69f24b0fe3bc8 .ut-gallery-slider-caption { font-weight: bold; }#ut_am_wrap_69f24b0fe3bc8 { text-align: center; }@media (min-width: 768px) and (max-width: 1024px) { #ut_am_wrap_69f24b0fe3bc8 { text-align: center !important; } }@media (max-width: 767px) { #ut_am_wrap_69f24b0fe3bc8 { text-align: center !important; } }<\/style><div id=\"ut_am_wrap_69f24b0fe3bc8\" class=\"ut-image-gallery-image ani_zoom\"><div id=\"ut_reveal_69f24b0fe3bca\"  data-appear-top-offset=\"auto\" class=\"ut-animated-image-item ut-image-gallery-item ut-animation-done \"><a class=\"ut-deactivated-link\" href=\"#\"><div class=\"ut-animated-image-zoom\"><img loading=\"lazy\" decoding=\"async\" class=\"ut-lazy skip-lazy ut-animated-image \"  id=\"ut_am_69f24b0fe3bc5\" src=\"data:image\/svg+xml;charset=utf-8,%3Csvg xmlns%3D'http%3A%2F%2Fwww.w3.org%2F2000%2Fsvg' viewBox%3D'0 0 300 190'%2F%3E\" data-src=\"https:\/\/oxiplant.com\/new2\/wp-content\/uploads\/2025\/10\/apqp.jpg\" width=\"300\" height=\"190\" alt=\"\"\/><\/div><\/a><\/div><\/div><\/div>[\/vc_column][\/vc_row][\/vc_section]<\/p>\n<\/div>","protected":false},"excerpt":{"rendered":"<p>[vc_section][vc_row css=\u00a0\u00bb.vc_custom_1467568839237{margin-bottom: 80px !important;}\u00a0\u00bb][vc_column width=\u00a0\u00bb1\/2&Prime;][vc_column_text] Chez Oxiplant, la qualit\u00e9 est un axe strat\u00e9gique qui guide chacun de nos processus. Conscients de l&rsquo;importance de la normalisation et de l&rsquo;efficacit\u00e9 dans la cha\u00eene de valeur, nous faisons partie de l&rsquo;APQP4Wind, l&rsquo;organisation internationale qui \u00e9tablit le cadre commun pour l&rsquo;assurance qualit\u00e9 dans l&rsquo;industrie \u00e9olienne. \u00catre la premi\u00e8re entreprise [&hellip;]<\/p>\n","protected":false},"author":1,"featured_media":0,"parent":0,"menu_order":0,"comment_status":"closed","ping_status":"closed","template":"","meta":{"footnotes":""},"class_list":["post-7654","page","type-page","status-publish","hentry"],"acf":[],"_links":{"self":[{"href":"https:\/\/oxiplant.com\/new2\/fr\/wp-json\/wp\/v2\/pages\/7654","targetHints":{"allow":["GET"]}}],"collection":[{"href":"https:\/\/oxiplant.com\/new2\/fr\/wp-json\/wp\/v2\/pages"}],"about":[{"href":"https:\/\/oxiplant.com\/new2\/fr\/wp-json\/wp\/v2\/types\/page"}],"author":[{"embeddable":true,"href":"https:\/\/oxiplant.com\/new2\/fr\/wp-json\/wp\/v2\/users\/1"}],"replies":[{"embeddable":true,"href":"https:\/\/oxiplant.com\/new2\/fr\/wp-json\/wp\/v2\/comments?post=7654"}],"version-history":[{"count":0,"href":"https:\/\/oxiplant.com\/new2\/fr\/wp-json\/wp\/v2\/pages\/7654\/revisions"}],"wp:attachment":[{"href":"https:\/\/oxiplant.com\/new2\/fr\/wp-json\/wp\/v2\/media?parent=7654"}],"curies":[{"name":"wp","href":"https:\/\/api.w.org\/{rel}","templated":true}]}}