{"id":7668,"date":"2025-10-15T08:02:11","date_gmt":"2025-10-15T06:02:11","guid":{"rendered":"https:\/\/oxiplant.com\/new2\/usinage\/"},"modified":"2026-02-17T16:05:11","modified_gmt":"2026-02-17T15:05:11","slug":"usinage","status":"publish","type":"page","link":"https:\/\/oxiplant.com\/new2\/fr\/usinage\/","title":{"rendered":"Usinage"},"content":{"rendered":"<div class=\"wpb-content-wrapper\"><p>[vc_section][vc_row content_placement=\u00a0\u00bbmiddle\u00a0\u00bb css=\u00a0\u00bb.vc_custom_1765487518362{margin-bottom: 0px !important;}\u00a0\u00bb][vc_column width=\u00a0\u00bb1\/2&Prime;][vc_column_text]Nos <strong>centres d&rsquo;usinage verticaux ont une course longitudinale de 4 000 mm et sont con\u00e7us pour usiner des pi\u00e8ces pouvant peser jusqu&rsquo;\u00e0 1 300 kg<\/strong>, offrant une excellente stabilit\u00e9 et pr\u00e9cision, m\u00eame dans les op\u00e9rations exigeantes.<\/p>\n<p>De plus, nos machines de d\u00e9coupe, tant pour la t\u00f4le que pour les tubes, sont con\u00e7ues pour r\u00e9aliser des <strong>chanfreinages, des poin\u00e7onnages, des per\u00e7ages et des filetages<\/strong> directement pendant le processus. Cette polyvalence r\u00e9duit consid\u00e9rablement les op\u00e9rations ult\u00e9rieures, acc\u00e9l\u00e8re la fabrication et permet de livrer des pi\u00e8ces pr\u00eates pour la phase suivante d&rsquo;assemblage ou d&rsquo;usinage. [\/vc_column_text][\/vc_column][vc_column width=\u00a0\u00bb1\/2&Prime;]<div  class=\"wpb_content_element   clearfix\"><style type=\"text\/css\">#ut_am_69f2247c14312 { opacity: 1; }#ut_am_wrap_69f2247c14313 img,#ut_am_wrap_69f2247c14313 .ut-image-gallery-image-caption,#ut_am_wrap_69f2247c14313 .ut-box-shadow-container,#ut_am_wrap_69f2247c14313 .ut-box-shadow-container-inner,#ut_am_wrap_69f2247c14313 .ut-block-revealer-element-container,#ut_am_wrap_69f2247c14313 .ut-animated-image-zoom { -webkit-border-radius: 9px; -moz-border-radius: 9px; border-radius: 9px; }#ut_am_wrap_69f2247c14313 .ut-image-gallery-item-caption-title h3 { letter-spacing: 0em; }#ut_am_wrap_69f2247c14313 .ut-gallery-slider-caption { color: #999999; }#ut_am_wrap_69f2247c14313 .ut-gallery-slider-caption { font-weight: normal; }#ut_am_wrap_69f2247c14313 { text-align: right; }@media (min-width: 768px) and (max-width: 1024px) { #ut_am_wrap_69f2247c14313 { text-align: right !important; } }@media (max-width: 767px) { #ut_am_wrap_69f2247c14313 { text-align: center !important; } }<\/style><div id=\"ut_am_wrap_69f2247c14313\" class=\"ut-image-gallery-image \"><div id=\"ut_reveal_69f2247c14315\"  data-appear-top-offset=\"auto\" class=\"ut-animated-image-item ut-image-gallery-item ut-animation-done \"><a class=\"ut-deactivated-link\" href=\"#\"><div class=\"ut-animated-image-zoom\"><img loading=\"lazy\" decoding=\"async\" class=\"ut-lazy skip-lazy ut-animated-image \"  id=\"ut_am_69f2247c14312\" src=\"data:image\/svg+xml;charset=utf-8,%3Csvg xmlns%3D'http%3A%2F%2Fwww.w3.org%2F2000%2Fsvg' viewBox%3D'0 0 907 517'%2F%3E\" data-src=\"https:\/\/oxiplant.com\/new2\/wp-content\/uploads\/2025\/11\/mecanizado-2.jpg\" width=\"907\" height=\"517\" alt=\"\"\/><\/div><\/a><\/div><\/div><\/div>[\/vc_column][\/vc_row][\/vc_section][vc_section css=\u00a0\u00bb.vc_custom_1764278583828{background-color: #eeeeee !important;}\u00a0\u00bb][vc_row full_width=\u00a0\u00bbstretch_row_content\u00a0\u00bb css=\u00a0\u00bb.vc_custom_1764279994030{margin-bottom: 80px !important;}\u00a0\u00bb][vc_column width=\u00a0\u00bb1\/2&Prime;]<div  class=\"wpb_content_element   clearfix\"><style type=\"text\/css\">#ut_am_69f2247c14d86 { opacity: 1; }#ut_am_wrap_69f2247c14d89 .ut-image-gallery-item-caption-title h3 { letter-spacing: 0em; }#ut_am_wrap_69f2247c14d89 .ut-gallery-slider-caption { font-weight: bold; }#ut_am_wrap_69f2247c14d89 { text-align: left; }@media (min-width: 768px) and (max-width: 1024px) { #ut_am_wrap_69f2247c14d89 { text-align: left !important; } }@media (max-width: 767px) { #ut_am_wrap_69f2247c14d89 { text-align: center !important; } }<\/style><div id=\"ut_am_wrap_69f2247c14d89\" class=\"ut-image-gallery-image ani_zoom\"><div id=\"ut_reveal_69f2247c14d8a\"  data-appear-top-offset=\"auto\" class=\"ut-animated-image-item ut-image-gallery-item ut-animation-done \"><a class=\"ut-deactivated-link\" href=\"#\"><div class=\"ut-animated-image-zoom\"><img loading=\"lazy\" decoding=\"async\" class=\"ut-lazy skip-lazy ut-animated-image \"  id=\"ut_am_69f2247c14d86\" src=\"data:image\/svg+xml;charset=utf-8,%3Csvg xmlns%3D'http%3A%2F%2Fwww.w3.org%2F2000%2Fsvg' viewBox%3D'0 0 1367 564'%2F%3E\" data-src=\"https:\/\/oxiplant.com\/new2\/wp-content\/uploads\/2025\/11\/servi-mecanizado.jpg\" width=\"1367\" height=\"564\" alt=\"\"\/><\/div><\/a><\/div><\/div><\/div>[\/vc_column][vc_column width=\u00a0\u00bb1\/2&Prime;]<div  class=\"wpb_content_element   clearfix\"><style type=\"text\/css\">#ut_am_69f2247c15791 { opacity: 1; }#ut_am_wrap_69f2247c15792 .ut-image-gallery-item-caption-title h3 { letter-spacing: 0em; }#ut_am_wrap_69f2247c15792 .ut-gallery-slider-caption { font-weight: bold; }#ut_am_wrap_69f2247c15792 { text-align: left; }@media (min-width: 768px) and (max-width: 1024px) { #ut_am_wrap_69f2247c15792 { text-align: left !important; } }@media (max-width: 767px) { #ut_am_wrap_69f2247c15792 { text-align: center !important; } }<\/style><div id=\"ut_am_wrap_69f2247c15792\" class=\"ut-image-gallery-image ani_zoom\"><div id=\"ut_reveal_69f2247c15793\"  data-appear-top-offset=\"auto\" class=\"ut-animated-image-item ut-image-gallery-item ut-animation-done \"><a class=\"ut-deactivated-link\" href=\"#\"><div class=\"ut-animated-image-zoom\"><img loading=\"lazy\" decoding=\"async\" class=\"ut-lazy skip-lazy ut-animated-image \"  id=\"ut_am_69f2247c15791\" src=\"data:image\/svg+xml;charset=utf-8,%3Csvg xmlns%3D'http%3A%2F%2Fwww.w3.org%2F2000%2Fsvg' viewBox%3D'0 0 1367 564'%2F%3E\" data-src=\"https:\/\/oxiplant.com\/new2\/wp-content\/uploads\/2025\/12\/servi-fresadora.jpg\" width=\"1367\" height=\"564\" alt=\"\"\/><\/div><\/a><\/div><\/div><\/div>[\/vc_column][\/vc_row][vc_row full_width=\u00a0\u00bbstretch_row_content\u00a0\u00bb css=\u00a0\u00bb.vc_custom_1764279253684{margin-top: 0px !important;}\u00a0\u00bb][vc_column css=\u00a0\u00bb.vc_custom_1762274329956{padding-top: 0px !important;}\u00a0\u00bb][vc_row_inner][vc_column_inner width=\u00a0\u00bb1\/2&Prime; css=\u00a0\u00bb.vc_custom_1764280064229{margin-right: 40% !important;margin-left: 50% !important;padding-top: 10px !important;padding-right: 10px !important;padding-bottom: 10px !important;padding-left: 10px !important;}\u00a0\u00bb]<div  class=\"wpb_content_element   clearfix\"><style type=\"text\/css\">#ut_am_69f2247c166d0 { opacity: 1; }#ut_am_wrap_69f2247c166d3 img,#ut_am_wrap_69f2247c166d3 .ut-image-gallery-image-caption,#ut_am_wrap_69f2247c166d3 .ut-box-shadow-container,#ut_am_wrap_69f2247c166d3 .ut-box-shadow-container-inner,#ut_am_wrap_69f2247c166d3 .ut-block-revealer-element-container,#ut_am_wrap_69f2247c166d3 .ut-animated-image-zoom { -webkit-border-radius: 9px; -moz-border-radius: 9px; border-radius: 9px; }#ut_am_wrap_69f2247c166d3 .ut-image-gallery-item-caption-title h3 { letter-spacing: 0em; }#ut_am_wrap_69f2247c166d3 .ut-gallery-slider-caption { font-weight: bold; }#ut_am_wrap_69f2247c166d3 { text-align: left; }@media (min-width: 768px) and (max-width: 1024px) { #ut_am_wrap_69f2247c166d3 { text-align: left !important; } }@media (max-width: 767px) { #ut_am_wrap_69f2247c166d3 { text-align: center !important; } }<\/style><div id=\"ut_am_wrap_69f2247c166d3\" class=\"ut-image-gallery-image ani_zoom\"><div id=\"ut_reveal_69f2247c166d4\"  data-appear-top-offset=\"auto\" class=\"ut-animated-image-item ut-image-gallery-item ut-animation-done \"><a class=\"ut-deactivated-link\" href=\"#\"><div class=\"ut-animated-image-zoom\"><img decoding=\"async\" class=\"ut-lazy skip-lazy ut-animated-image \"  id=\"ut_am_69f2247c166d0\" src=\"data:image\/svg+xml;charset=utf-8,%3Csvg xmlns%3D'http%3A%2F%2Fwww.w3.org%2F2000%2Fsvg' viewBox%3D'0 0 92% 600'%2F%3E\" data-src=\"https:\/\/oxiplant.com\/new2\/wp-content\/uploads\/2025\/12\/servi-torno.jpg\" width=\"92%\" height=\"\" alt=\"\"\/><\/div><\/a><\/div><\/div><\/div>[\/vc_column_inner][\/vc_row_inner][\/vc_column][\/vc_row][\/vc_section][vc_section][vc_row][vc_column width=\u00a0\u00bb1\/6&Prime; css=\u00a0\u00bb.vc_custom_1764283621195{margin-top: 15px !important;}\u00a0\u00bb]<div  class=\"wpb_content_element   clearfix\"><style type=\"text\/css\">#ut_am_69f2247c17263 { opacity: 1; }#ut_am_wrap_69f2247c17265 .ut-image-gallery-item-caption-title h3 { color: #ffffff; }#ut_am_wrap_69f2247c17265 .ut-image-gallery-item-caption-title-style-2 h3 { color: #ffffff; }#ut_am_wrap_69f2247c17265 .ut-image-gallery-item-caption-title h3 { letter-spacing: 0em; }#ut_am_wrap_69f2247c17265 .ut-gallery-slider-caption { font-weight: bold; }#ut_am_wrap_69f2247c17265 { text-align: center; }@media (min-width: 768px) and (max-width: 1024px) { #ut_am_wrap_69f2247c17265 { text-align: center !important; } }@media (max-width: 767px) { #ut_am_wrap_69f2247c17265 { text-align: center !important; } }<\/style><div id=\"ut_am_wrap_69f2247c17265\" class=\"ut-image-gallery-image ani_zoom\"><div id=\"ut_reveal_69f2247c17266\"  data-appear-top-offset=\"auto\" class=\"ut-animated-image-item ut-image-gallery-item ut-animation-done \"><a target=\"_blank\" href=\"https:\/\/oxiplant.com\/new2\/wp-content\/uploads\/2025\/11\/OXIP_0094-CPR-MAD-20160126-SPA_Iss04-9Jun25-FPC-cer-EN1090.pdf\" rel=\"nofollow\"><div class=\"ut-animated-image-zoom\"><img loading=\"lazy\" decoding=\"async\" class=\"ut-lazy skip-lazy ut-animated-image \"  id=\"ut_am_69f2247c17263\" src=\"data:image\/svg+xml;charset=utf-8,%3Csvg xmlns%3D'http%3A%2F%2Fwww.w3.org%2F2000%2Fsvg' viewBox%3D'0 0 300 190'%2F%3E\" data-src=\"https:\/\/oxiplant.com\/new2\/wp-content\/uploads\/2025\/11\/iso-1090-2.jpg\" width=\"300\" height=\"190\" alt=\"\"\/><\/div><\/a><\/div><\/div><\/div>[\/vc_column][vc_column width=\u00a0\u00bb1\/6&Prime; css=\u00a0\u00bb.vc_custom_1764283634822{margin-top: 15px !important;}\u00a0\u00bb]<div  class=\"wpb_content_element   clearfix\"><style type=\"text\/css\">#ut_am_69f2247c17d8a { opacity: 1; }#ut_am_wrap_69f2247c17d8c .ut-image-gallery-item-caption-title h3 { color: #ffffff; }#ut_am_wrap_69f2247c17d8c .ut-image-gallery-item-caption-title-style-2 h3 { color: #ffffff; }#ut_am_wrap_69f2247c17d8c .ut-image-gallery-item-caption-title h3 { letter-spacing: 0em; }#ut_am_wrap_69f2247c17d8c .ut-gallery-slider-caption { font-weight: bold; }#ut_am_wrap_69f2247c17d8c { text-align: center; }@media (min-width: 768px) and (max-width: 1024px) { #ut_am_wrap_69f2247c17d8c { text-align: center !important; } }@media (max-width: 767px) { #ut_am_wrap_69f2247c17d8c { text-align: center !important; } }<\/style><div id=\"ut_am_wrap_69f2247c17d8c\" class=\"ut-image-gallery-image ani_zoom\"><div id=\"ut_reveal_69f2247c17d8d\"  data-appear-top-offset=\"auto\" class=\"ut-animated-image-item ut-image-gallery-item ut-animation-done \"><a target=\"_blank\" href=\"https:\/\/oxiplant.com\/new2\/wp-content\/uploads\/2025\/11\/0038343-QMS-SPAES-UKAS.pdf\" rel=\"nofollow\"><div class=\"ut-animated-image-zoom\"><img loading=\"lazy\" decoding=\"async\" class=\"ut-lazy skip-lazy ut-animated-image \"  id=\"ut_am_69f2247c17d8a\" src=\"data:image\/svg+xml;charset=utf-8,%3Csvg xmlns%3D'http%3A%2F%2Fwww.w3.org%2F2000%2Fsvg' viewBox%3D'0 0 300 190'%2F%3E\" data-src=\"https:\/\/oxiplant.com\/new2\/wp-content\/uploads\/2025\/10\/calidad-2.webp\" width=\"300\" height=\"190\" alt=\"\"\/><\/div><\/a><\/div><\/div><\/div>[\/vc_column][vc_column width=\u00a0\u00bb1\/6&Prime; css=\u00a0\u00bb.vc_custom_1764283649688{margin-top: 15px !important;}\u00a0\u00bb]<div  class=\"wpb_content_element   clearfix\"><style type=\"text\/css\">#ut_am_69f2247c187a4 { opacity: 1; }#ut_am_wrap_69f2247c187a7 .ut-image-gallery-item-caption-title h3 { color: #ffffff; }#ut_am_wrap_69f2247c187a7 .ut-image-gallery-item-caption-title-style-2 h3 { color: #ffffff; }#ut_am_wrap_69f2247c187a7 .ut-image-gallery-item-caption-title h3 { letter-spacing: 0em; }#ut_am_wrap_69f2247c187a7 .ut-gallery-slider-caption { font-weight: bold; }#ut_am_wrap_69f2247c187a7 { text-align: center; }@media (min-width: 768px) and (max-width: 1024px) { #ut_am_wrap_69f2247c187a7 { text-align: center !important; } }@media (max-width: 767px) { #ut_am_wrap_69f2247c187a7 { text-align: center !important; } }<\/style><div id=\"ut_am_wrap_69f2247c187a7\" class=\"ut-image-gallery-image ani_zoom\"><div id=\"ut_reveal_69f2247c187a8\"  data-appear-top-offset=\"auto\" class=\"ut-animated-image-item ut-image-gallery-item ut-animation-done \"><a target=\"_blank\" href=\"https:\/\/oxiplant.com\/new2\/wp-content\/uploads\/2025\/11\/00016995-EMS-SPAES-UKAS.pdf\" rel=\"nofollow\"><div class=\"ut-animated-image-zoom\"><img loading=\"lazy\" decoding=\"async\" class=\"ut-lazy skip-lazy ut-animated-image \"  id=\"ut_am_69f2247c187a4\" src=\"data:image\/svg+xml;charset=utf-8,%3Csvg xmlns%3D'http%3A%2F%2Fwww.w3.org%2F2000%2Fsvg' viewBox%3D'0 0 300 193'%2F%3E\" data-src=\"https:\/\/oxiplant.com\/new2\/wp-content\/uploads\/2025\/10\/medioambiente.webp\" width=\"300\" height=\"193\" alt=\"\"\/><\/div><\/a><\/div><\/div><\/div>[\/vc_column][vc_column width=\u00a0\u00bb1\/6&Prime; css=\u00a0\u00bb.vc_custom_1764283665569{margin-top: 15px !important;}\u00a0\u00bb]<div  class=\"wpb_content_element   clearfix\"><style type=\"text\/css\">#ut_am_69f2247c19195 { opacity: 1; }#ut_am_wrap_69f2247c19197 .ut-image-gallery-item-caption-title h3 { color: #ffffff; }#ut_am_wrap_69f2247c19197 .ut-image-gallery-item-caption-title-style-2 h3 { color: #ffffff; }#ut_am_wrap_69f2247c19197 .ut-image-gallery-item-caption-title h3 { letter-spacing: 0em; }#ut_am_wrap_69f2247c19197 .ut-gallery-slider-caption { font-weight: bold; }#ut_am_wrap_69f2247c19197 { text-align: center; }@media (min-width: 768px) and (max-width: 1024px) { #ut_am_wrap_69f2247c19197 { text-align: center !important; } }@media (max-width: 767px) { #ut_am_wrap_69f2247c19197 { text-align: center !important; } }<\/style><div id=\"ut_am_wrap_69f2247c19197\" class=\"ut-image-gallery-image ani_zoom\"><div id=\"ut_reveal_69f2247c19198\"  data-appear-top-offset=\"auto\" class=\"ut-animated-image-item ut-image-gallery-item ut-animation-done \"><a target=\"_blank\" href=\"https:\/\/oxiplant.com\/new2\/wp-content\/uploads\/2025\/11\/OXIP_Cert-3834-R2-1Sep25-SPA.pdf\" rel=\"nofollow\"><div class=\"ut-animated-image-zoom\"><img loading=\"lazy\" decoding=\"async\" class=\"ut-lazy skip-lazy ut-animated-image \"  id=\"ut_am_69f2247c19195\" src=\"data:image\/svg+xml;charset=utf-8,%3Csvg xmlns%3D'http%3A%2F%2Fwww.w3.org%2F2000%2Fsvg' viewBox%3D'0 0 300 190'%2F%3E\" data-src=\"https:\/\/oxiplant.com\/new2\/wp-content\/uploads\/2025\/11\/iso-3834.jpg\" width=\"300\" height=\"190\" alt=\"\"\/><\/div><\/a><\/div><\/div><\/div>[\/vc_column][vc_column width=\u00a0\u00bb1\/6&Prime; css=\u00a0\u00bb.vc_custom_1764283681323{margin-top: 15px !important;}\u00a0\u00bb]<div  class=\"wpb_content_element   clearfix\"><style type=\"text\/css\">#ut_am_69f2247c19ca2 { opacity: 1; }#ut_am_wrap_69f2247c19ca4 .ut-image-gallery-item-caption-title h3 { color: #ffffff; }#ut_am_wrap_69f2247c19ca4 .ut-image-gallery-item-caption-title-style-2 h3 { color: #ffffff; }#ut_am_wrap_69f2247c19ca4 .ut-image-gallery-item-caption-title h3 { letter-spacing: 0em; }#ut_am_wrap_69f2247c19ca4 .ut-gallery-slider-caption { font-weight: bold; }#ut_am_wrap_69f2247c19ca4 { text-align: center; }@media (min-width: 768px) and (max-width: 1024px) { #ut_am_wrap_69f2247c19ca4 { text-align: center !important; } }@media (max-width: 767px) { #ut_am_wrap_69f2247c19ca4 { text-align: center !important; } }<\/style><div id=\"ut_am_wrap_69f2247c19ca4\" class=\"ut-image-gallery-image ani_zoom\"><div id=\"ut_reveal_69f2247c19ca5\"  data-appear-top-offset=\"auto\" class=\"ut-animated-image-item ut-image-gallery-item ut-animation-done \"><a target=\"_blank\" href=\"https:\/\/www.bureauveritas.dk\/en\/our-market\/apqp4wind?utm_source=google&#038;utm_medium=cpc&#038;gad_source=1&#038;gad_campaignid=1676330063&#038;gbraid=0AAAAAD28T32t2hKEXcw7JcM30Vaxr40iY&#038;gclid=CjwKCAiA55rJBhByEiwAFkY1QG0iBDQRekciHH0dIgsblVqHdnIgnglPMpL_zGsBaOnpgxHvH1W7aBoCFQQQAvD_BwE\" rel=\"nofollow\"><div class=\"ut-animated-image-zoom\"><img loading=\"lazy\" decoding=\"async\" class=\"ut-lazy skip-lazy ut-animated-image \"  id=\"ut_am_69f2247c19ca2\" src=\"data:image\/svg+xml;charset=utf-8,%3Csvg xmlns%3D'http%3A%2F%2Fwww.w3.org%2F2000%2Fsvg' viewBox%3D'0 0 300 190'%2F%3E\" data-src=\"https:\/\/oxiplant.com\/new2\/wp-content\/uploads\/2025\/10\/apqp.jpg\" width=\"300\" height=\"190\" alt=\"\"\/><\/div><\/a><\/div><\/div><\/div>[\/vc_column][vc_column width=\u00a0\u00bb1\/6&Prime; css=\u00a0\u00bb.vc_custom_1764283694488{margin-top: 15px !important;}\u00a0\u00bb]<div  class=\"wpb_content_element   clearfix\"><style type=\"text\/css\">#ut_am_69f2247c1aff4 { opacity: 1; }#ut_am_wrap_69f2247c1aff7 .ut-image-gallery-item-caption-title h3 { color: #ffffff; }#ut_am_wrap_69f2247c1aff7 .ut-image-gallery-item-caption-title-style-2 h3 { color: #ffffff; }#ut_am_wrap_69f2247c1aff7 .ut-image-gallery-item-caption-title h3 { letter-spacing: 0em; }#ut_am_wrap_69f2247c1aff7 .ut-gallery-slider-caption { font-weight: bold; }#ut_am_wrap_69f2247c1aff7 { text-align: center; }@media (min-width: 768px) and (max-width: 1024px) { #ut_am_wrap_69f2247c1aff7 { text-align: center !important; } }@media (max-width: 767px) { #ut_am_wrap_69f2247c1aff7 { text-align: center !important; } }<\/style><div id=\"ut_am_wrap_69f2247c1aff7\" class=\"ut-image-gallery-image ani_zoom\"><div id=\"ut_reveal_69f2247c1aff8\"  data-appear-top-offset=\"auto\" class=\"ut-animated-image-item ut-image-gallery-item ut-animation-done \"><a target=\"_blank\" href=\"https:\/\/ecovadis.com\/es\/\" rel=\"nofollow\"><div class=\"ut-animated-image-zoom\"><img decoding=\"async\" class=\"ut-lazy skip-lazy ut-animated-image \"  id=\"ut_am_69f2247c1aff4\" src=\"data:image\/svg+xml;charset=utf-8,%3Csvg xmlns%3D'http%3A%2F%2Fwww.w3.org%2F2000%2Fsvg' viewBox%3D'0 0 118px 600'%2F%3E\" data-src=\"https:\/\/oxiplant.com\/new2\/wp-content\/uploads\/2025\/10\/reco-1.webp\" width=\"118px\" height=\"\" alt=\"\"\/><\/div><\/a><\/div><\/div><\/div>[\/vc_column][\/vc_row][\/vc_section]<\/p>\n<\/div>","protected":false},"excerpt":{"rendered":"<p>[vc_section][vc_row content_placement=\u00a0\u00bbmiddle\u00a0\u00bb css=\u00a0\u00bb.vc_custom_1765487518362{margin-bottom: 0px !important;}\u00a0\u00bb][vc_column width=\u00a0\u00bb1\/2&Prime;][vc_column_text]Nos centres d&rsquo;usinage verticaux ont une course longitudinale de 4 000 mm et sont con\u00e7us pour usiner des pi\u00e8ces pouvant peser jusqu&rsquo;\u00e0 1 300 kg, offrant une excellente stabilit\u00e9 et pr\u00e9cision, m\u00eame dans les op\u00e9rations exigeantes. De plus, nos machines de d\u00e9coupe, tant pour la t\u00f4le que pour les tubes, [&hellip;]<\/p>\n","protected":false},"author":1,"featured_media":0,"parent":0,"menu_order":0,"comment_status":"closed","ping_status":"closed","template":"","meta":{"footnotes":""},"class_list":["post-7668","page","type-page","status-publish","hentry"],"acf":[],"_links":{"self":[{"href":"https:\/\/oxiplant.com\/new2\/fr\/wp-json\/wp\/v2\/pages\/7668","targetHints":{"allow":["GET"]}}],"collection":[{"href":"https:\/\/oxiplant.com\/new2\/fr\/wp-json\/wp\/v2\/pages"}],"about":[{"href":"https:\/\/oxiplant.com\/new2\/fr\/wp-json\/wp\/v2\/types\/page"}],"author":[{"embeddable":true,"href":"https:\/\/oxiplant.com\/new2\/fr\/wp-json\/wp\/v2\/users\/1"}],"replies":[{"embeddable":true,"href":"https:\/\/oxiplant.com\/new2\/fr\/wp-json\/wp\/v2\/comments?post=7668"}],"version-history":[{"count":2,"href":"https:\/\/oxiplant.com\/new2\/fr\/wp-json\/wp\/v2\/pages\/7668\/revisions"}],"predecessor-version":[{"id":7964,"href":"https:\/\/oxiplant.com\/new2\/fr\/wp-json\/wp\/v2\/pages\/7668\/revisions\/7964"}],"wp:attachment":[{"href":"https:\/\/oxiplant.com\/new2\/fr\/wp-json\/wp\/v2\/media?parent=7668"}],"curies":[{"name":"wp","href":"https:\/\/api.w.org\/{rel}","templated":true}]}}