{"id":7688,"date":"2025-11-20T15:14:43","date_gmt":"2025-11-20T14:14:43","guid":{"rendered":"https:\/\/oxiplant.com\/new2\/ressources\/"},"modified":"2025-11-20T15:14:43","modified_gmt":"2025-11-20T14:14:43","slug":"ressources","status":"publish","type":"page","link":"https:\/\/oxiplant.com\/new2\/fr\/ressources\/","title":{"rendered":"Ressources"},"content":{"rendered":"<div class=\"wpb-content-wrapper\"><p>[vc_section el_name=\u00a0\u00bbRecursos\u00a0\u00bb][vc_row content_placement=\u00a0\u00bbmiddle\u00a0\u00bb css=\u00a0\u00bb.vc_custom_1764271684458{margin-bottom: 80px !important;}\u00a0\u00bb][vc_column width=\u00a0\u00bb1\/2&Prime;][vc_column_text]Le d\u00e9partement qualit\u00e9 d&rsquo;Oxiplant dispose de ressources techniques avanc\u00e9es qui garantissent la pr\u00e9cision dimensionnelle, la fiabilit\u00e9 et la r\u00e9p\u00e9tabilit\u00e9 dans tout type de v\u00e9rification.<\/p>\n<p>Parmi les \u00e9quipements sp\u00e9cialis\u00e9s, on peut citer:<\/p>\n<ul>\n<li><strong>Bras de mesure Hexagon<\/strong>, pour un contr\u00f4le m\u00e9trologique de haute pr\u00e9cision.<\/li>\n<li><strong>Scanner 3D Creaform<\/strong>, id\u00e9al pour les g\u00e9om\u00e9tries complexes et la num\u00e9risation avanc\u00e9e.<\/li>\n<\/ul>\n<p>Ces investissements refl\u00e8tent l&rsquo;importance que rev\u00eat la qualit\u00e9 dans notre processus de production, ainsi que notre engagement \u00e0 respecter les normes industrielles les plus strictes.<\/p>\n<p>Tous les \u00e9quipements sont soumis \u00e0 des <strong>m\u00e9thodes standardis\u00e9es d&rsquo;\u00e9talonnage et de contr\u00f4le<\/strong>, conform\u00e9ment aux proc\u00e9dures internes et ex\u00e9cut\u00e9es tant en interne que par des <strong>laboratoires externes agr\u00e9\u00e9s<\/strong>, comme indiqu\u00e9 dans la fiche technique de chaque instrument.<\/p>\n<p>Notre syst\u00e8me interne d&rsquo;\u00e9talonnage garantit:<\/p>\n<ul>\n<li>Pr\u00e9cision continue de tous les \u00e9quipements de mesure.<\/li>\n<li>R\u00e9p\u00e9tabilit\u00e9 et stabilit\u00e9 des r\u00e9sultats.<\/li>\n<li>Une confiance maximale dans chaque v\u00e9rification effectu\u00e9e.<\/li>\n<\/ul>\n<p>[\/vc_column_text][\/vc_column][vc_column width=\u00a0\u00bb1\/2&Prime;]<div  class=\"wpb_content_element   clearfix\"><style type=\"text\/css\">#ut_am_69f24b23babbf { opacity: 1; }#ut_am_wrap_69f24b23babc2 img,#ut_am_wrap_69f24b23babc2 .ut-image-gallery-image-caption,#ut_am_wrap_69f24b23babc2 .ut-box-shadow-container,#ut_am_wrap_69f24b23babc2 .ut-box-shadow-container-inner,#ut_am_wrap_69f24b23babc2 .ut-block-revealer-element-container,#ut_am_wrap_69f24b23babc2 .ut-animated-image-zoom { -webkit-border-radius: 9px; -moz-border-radius: 9px; border-radius: 9px; }#ut_am_wrap_69f24b23babc2 .ut-image-gallery-item-caption-title h3 { letter-spacing: 0em; }#ut_am_wrap_69f24b23babc2 .ut-gallery-slider-caption { color: #999999; }#ut_am_wrap_69f24b23babc2 .ut-gallery-slider-caption { font-weight: normal; }#ut_am_wrap_69f24b23babc2 { text-align: right; }@media (min-width: 768px) and (max-width: 1024px) { #ut_am_wrap_69f24b23babc2 { text-align: right !important; } }@media (max-width: 767px) { #ut_am_wrap_69f24b23babc2 { text-align: center !important; } }<\/style><div id=\"ut_am_wrap_69f24b23babc2\" class=\"ut-image-gallery-image ani_zoom\"><div id=\"ut_reveal_69f24b23babc5\"  data-appear-top-offset=\"auto\" class=\"ut-animated-image-item ut-image-gallery-item ut-animation-done \"><a class=\"ut-deactivated-link\" href=\"#\"><div class=\"ut-animated-image-zoom\"><img loading=\"lazy\" decoding=\"async\" class=\"ut-lazy skip-lazy ut-animated-image \"  id=\"ut_am_69f24b23babbf\" src=\"data:image\/svg+xml;charset=utf-8,%3Csvg xmlns%3D'http%3A%2F%2Fwww.w3.org%2F2000%2Fsvg' viewBox%3D'0 0 1200 1384'%2F%3E\" data-src=\"https:\/\/oxiplant.com\/new2\/wp-content\/uploads\/2025\/12\/recursos-5.jpg\" width=\"1200\" height=\"1384\" alt=\"\"\/><\/div><\/a><\/div><\/div><\/div>[\/vc_column][\/vc_row][vc_row][vc_column width=\u00a0\u00bb1\/6&Prime; css=\u00a0\u00bb.vc_custom_1764283621195{margin-top: 15px !important;}\u00a0\u00bb]<div  class=\"wpb_content_element   clearfix\"><style type=\"text\/css\">#ut_am_69f24b23bb7f6 { opacity: 1; }#ut_am_wrap_69f24b23bb7f8 .ut-image-gallery-item-caption-title h3 { color: #ffffff; }#ut_am_wrap_69f24b23bb7f8 .ut-image-gallery-item-caption-title-style-2 h3 { color: #ffffff; }#ut_am_wrap_69f24b23bb7f8 .ut-image-gallery-item-caption-title h3 { letter-spacing: 0em; }#ut_am_wrap_69f24b23bb7f8 .ut-gallery-slider-caption { font-weight: bold; }#ut_am_wrap_69f24b23bb7f8 { text-align: center; }@media (min-width: 768px) and (max-width: 1024px) { #ut_am_wrap_69f24b23bb7f8 { text-align: center !important; } }@media (max-width: 767px) { #ut_am_wrap_69f24b23bb7f8 { text-align: center !important; } }<\/style><div id=\"ut_am_wrap_69f24b23bb7f8\" class=\"ut-image-gallery-image ani_zoom\"><div id=\"ut_reveal_69f24b23bb7f9\"  data-appear-top-offset=\"auto\" class=\"ut-animated-image-item ut-image-gallery-item ut-animation-done \"><a target=\"_blank\" href=\"https:\/\/oxiplant.com\/new2\/wp-content\/uploads\/2025\/11\/OXIP_0094-CPR-MAD-20160126-SPA_Iss04-9Jun25-FPC-cer-EN1090.pdf\" rel=\"nofollow\"><div class=\"ut-animated-image-zoom\"><img loading=\"lazy\" decoding=\"async\" class=\"ut-lazy skip-lazy ut-animated-image \"  id=\"ut_am_69f24b23bb7f6\" src=\"data:image\/svg+xml;charset=utf-8,%3Csvg xmlns%3D'http%3A%2F%2Fwww.w3.org%2F2000%2Fsvg' viewBox%3D'0 0 300 190'%2F%3E\" data-src=\"https:\/\/oxiplant.com\/new2\/wp-content\/uploads\/2025\/11\/iso-1090-2.jpg\" width=\"300\" height=\"190\" alt=\"\"\/><\/div><\/a><\/div><\/div><\/div>[\/vc_column][vc_column width=\u00a0\u00bb1\/6&Prime; css=\u00a0\u00bb.vc_custom_1764283634822{margin-top: 15px !important;}\u00a0\u00bb]<div  class=\"wpb_content_element   clearfix\"><style type=\"text\/css\">#ut_am_69f24b23bc29a { opacity: 1; }#ut_am_wrap_69f24b23bc29c .ut-image-gallery-item-caption-title h3 { color: #ffffff; }#ut_am_wrap_69f24b23bc29c .ut-image-gallery-item-caption-title-style-2 h3 { color: #ffffff; }#ut_am_wrap_69f24b23bc29c .ut-image-gallery-item-caption-title h3 { letter-spacing: 0em; }#ut_am_wrap_69f24b23bc29c .ut-gallery-slider-caption { font-weight: bold; }#ut_am_wrap_69f24b23bc29c { text-align: center; }@media (min-width: 768px) and (max-width: 1024px) { #ut_am_wrap_69f24b23bc29c { text-align: center !important; } }@media (max-width: 767px) { #ut_am_wrap_69f24b23bc29c { text-align: center !important; } }<\/style><div id=\"ut_am_wrap_69f24b23bc29c\" class=\"ut-image-gallery-image ani_zoom\"><div id=\"ut_reveal_69f24b23bc29d\"  data-appear-top-offset=\"auto\" class=\"ut-animated-image-item ut-image-gallery-item ut-animation-done \"><a target=\"_blank\" href=\"https:\/\/oxiplant.com\/new2\/wp-content\/uploads\/2025\/11\/0038343-QMS-SPAES-UKAS.pdf\" rel=\"nofollow\"><div class=\"ut-animated-image-zoom\"><img loading=\"lazy\" decoding=\"async\" class=\"ut-lazy skip-lazy ut-animated-image \"  id=\"ut_am_69f24b23bc29a\" src=\"data:image\/svg+xml;charset=utf-8,%3Csvg xmlns%3D'http%3A%2F%2Fwww.w3.org%2F2000%2Fsvg' viewBox%3D'0 0 300 190'%2F%3E\" data-src=\"https:\/\/oxiplant.com\/new2\/wp-content\/uploads\/2025\/10\/calidad-2.webp\" width=\"300\" height=\"190\" alt=\"\"\/><\/div><\/a><\/div><\/div><\/div>[\/vc_column][vc_column width=\u00a0\u00bb1\/6&Prime; css=\u00a0\u00bb.vc_custom_1764283649688{margin-top: 15px !important;}\u00a0\u00bb]<div  class=\"wpb_content_element   clearfix\"><style type=\"text\/css\">#ut_am_69f24b23bcc63 { opacity: 1; }#ut_am_wrap_69f24b23bcc64 .ut-image-gallery-item-caption-title h3 { color: #ffffff; }#ut_am_wrap_69f24b23bcc64 .ut-image-gallery-item-caption-title-style-2 h3 { color: #ffffff; }#ut_am_wrap_69f24b23bcc64 .ut-image-gallery-item-caption-title h3 { letter-spacing: 0em; }#ut_am_wrap_69f24b23bcc64 .ut-gallery-slider-caption { font-weight: bold; }#ut_am_wrap_69f24b23bcc64 { text-align: center; }@media (min-width: 768px) and (max-width: 1024px) { #ut_am_wrap_69f24b23bcc64 { text-align: center !important; } }@media (max-width: 767px) { #ut_am_wrap_69f24b23bcc64 { text-align: center !important; } }<\/style><div id=\"ut_am_wrap_69f24b23bcc64\" class=\"ut-image-gallery-image ani_zoom\"><div id=\"ut_reveal_69f24b23bcc65\"  data-appear-top-offset=\"auto\" class=\"ut-animated-image-item ut-image-gallery-item ut-animation-done \"><a target=\"_blank\" href=\"https:\/\/oxiplant.com\/new2\/wp-content\/uploads\/2025\/11\/00016995-EMS-SPAES-UKAS.pdf\" rel=\"nofollow\"><div class=\"ut-animated-image-zoom\"><img loading=\"lazy\" decoding=\"async\" class=\"ut-lazy skip-lazy ut-animated-image \"  id=\"ut_am_69f24b23bcc63\" src=\"data:image\/svg+xml;charset=utf-8,%3Csvg xmlns%3D'http%3A%2F%2Fwww.w3.org%2F2000%2Fsvg' viewBox%3D'0 0 300 193'%2F%3E\" data-src=\"https:\/\/oxiplant.com\/new2\/wp-content\/uploads\/2025\/10\/medioambiente.webp\" width=\"300\" height=\"193\" alt=\"\"\/><\/div><\/a><\/div><\/div><\/div>[\/vc_column][vc_column width=\u00a0\u00bb1\/6&Prime; css=\u00a0\u00bb.vc_custom_1764283665569{margin-top: 15px !important;}\u00a0\u00bb]<div  class=\"wpb_content_element   clearfix\"><style type=\"text\/css\">#ut_am_69f24b23bd515 { opacity: 1; }#ut_am_wrap_69f24b23bd517 .ut-image-gallery-item-caption-title h3 { color: #ffffff; }#ut_am_wrap_69f24b23bd517 .ut-image-gallery-item-caption-title-style-2 h3 { color: #ffffff; }#ut_am_wrap_69f24b23bd517 .ut-image-gallery-item-caption-title h3 { letter-spacing: 0em; }#ut_am_wrap_69f24b23bd517 .ut-gallery-slider-caption { font-weight: bold; }#ut_am_wrap_69f24b23bd517 { text-align: center; }@media (min-width: 768px) and (max-width: 1024px) { #ut_am_wrap_69f24b23bd517 { text-align: center !important; } }@media (max-width: 767px) { #ut_am_wrap_69f24b23bd517 { text-align: center !important; } }<\/style><div id=\"ut_am_wrap_69f24b23bd517\" class=\"ut-image-gallery-image ani_zoom\"><div id=\"ut_reveal_69f24b23bd518\"  data-appear-top-offset=\"auto\" class=\"ut-animated-image-item ut-image-gallery-item ut-animation-done \"><a target=\"_blank\" href=\"https:\/\/oxiplant.com\/new2\/wp-content\/uploads\/2025\/11\/OXIP_Cert-3834-R2-1Sep25-SPA.pdf\" rel=\"nofollow\"><div class=\"ut-animated-image-zoom\"><img loading=\"lazy\" decoding=\"async\" class=\"ut-lazy skip-lazy ut-animated-image \"  id=\"ut_am_69f24b23bd515\" src=\"data:image\/svg+xml;charset=utf-8,%3Csvg xmlns%3D'http%3A%2F%2Fwww.w3.org%2F2000%2Fsvg' viewBox%3D'0 0 300 190'%2F%3E\" data-src=\"https:\/\/oxiplant.com\/new2\/wp-content\/uploads\/2025\/11\/iso-3834.jpg\" width=\"300\" height=\"190\" alt=\"\"\/><\/div><\/a><\/div><\/div><\/div>[\/vc_column][vc_column width=\u00a0\u00bb1\/6&Prime; css=\u00a0\u00bb.vc_custom_1764283681323{margin-top: 15px !important;}\u00a0\u00bb]<div  class=\"wpb_content_element   clearfix\"><style type=\"text\/css\">#ut_am_69f24b23bdd89 { opacity: 1; }#ut_am_wrap_69f24b23bdd8b .ut-image-gallery-item-caption-title h3 { color: #ffffff; }#ut_am_wrap_69f24b23bdd8b .ut-image-gallery-item-caption-title-style-2 h3 { color: #ffffff; }#ut_am_wrap_69f24b23bdd8b .ut-image-gallery-item-caption-title h3 { letter-spacing: 0em; }#ut_am_wrap_69f24b23bdd8b .ut-gallery-slider-caption { font-weight: bold; }#ut_am_wrap_69f24b23bdd8b { text-align: center; }@media (min-width: 768px) and (max-width: 1024px) { #ut_am_wrap_69f24b23bdd8b { text-align: center !important; } }@media (max-width: 767px) { #ut_am_wrap_69f24b23bdd8b { text-align: center !important; } }<\/style><div id=\"ut_am_wrap_69f24b23bdd8b\" class=\"ut-image-gallery-image ani_zoom\"><div id=\"ut_reveal_69f24b23bdd8c\"  data-appear-top-offset=\"auto\" class=\"ut-animated-image-item ut-image-gallery-item ut-animation-done \"><a target=\"_blank\" href=\"https:\/\/www.bureauveritas.dk\/en\/our-market\/apqp4wind?utm_source=google&#038;utm_medium=cpc&#038;gad_source=1&#038;gad_campaignid=1676330063&#038;gbraid=0AAAAAD28T32t2hKEXcw7JcM30Vaxr40iY&#038;gclid=CjwKCAiA55rJBhByEiwAFkY1QG0iBDQRekciHH0dIgsblVqHdnIgnglPMpL_zGsBaOnpgxHvH1W7aBoCFQQQAvD_BwE\" rel=\"nofollow\"><div class=\"ut-animated-image-zoom\"><img loading=\"lazy\" decoding=\"async\" class=\"ut-lazy skip-lazy ut-animated-image \"  id=\"ut_am_69f24b23bdd89\" src=\"data:image\/svg+xml;charset=utf-8,%3Csvg xmlns%3D'http%3A%2F%2Fwww.w3.org%2F2000%2Fsvg' viewBox%3D'0 0 300 190'%2F%3E\" data-src=\"https:\/\/oxiplant.com\/new2\/wp-content\/uploads\/2025\/10\/apqp.jpg\" width=\"300\" height=\"190\" alt=\"\"\/><\/div><\/a><\/div><\/div><\/div>[\/vc_column][vc_column width=\u00a0\u00bb1\/6&Prime; css=\u00a0\u00bb.vc_custom_1764283694488{margin-top: 15px !important;}\u00a0\u00bb]<div  class=\"wpb_content_element   clearfix\"><style type=\"text\/css\">#ut_am_69f24b23becd8 { opacity: 1; }#ut_am_wrap_69f24b23becda .ut-image-gallery-item-caption-title h3 { color: #ffffff; }#ut_am_wrap_69f24b23becda .ut-image-gallery-item-caption-title-style-2 h3 { color: #ffffff; }#ut_am_wrap_69f24b23becda .ut-image-gallery-item-caption-title h3 { letter-spacing: 0em; }#ut_am_wrap_69f24b23becda .ut-gallery-slider-caption { font-weight: bold; }#ut_am_wrap_69f24b23becda { text-align: center; }@media (min-width: 768px) and (max-width: 1024px) { #ut_am_wrap_69f24b23becda { text-align: center !important; } }@media (max-width: 767px) { #ut_am_wrap_69f24b23becda { text-align: center !important; } }<\/style><div id=\"ut_am_wrap_69f24b23becda\" class=\"ut-image-gallery-image ani_zoom\"><div id=\"ut_reveal_69f24b23becdb\"  data-appear-top-offset=\"auto\" class=\"ut-animated-image-item ut-image-gallery-item ut-animation-done \"><a target=\"_blank\" href=\"https:\/\/ecovadis.com\/es\/\" rel=\"nofollow\"><div class=\"ut-animated-image-zoom\"><img decoding=\"async\" class=\"ut-lazy skip-lazy ut-animated-image \"  id=\"ut_am_69f24b23becd8\" src=\"data:image\/svg+xml;charset=utf-8,%3Csvg xmlns%3D'http%3A%2F%2Fwww.w3.org%2F2000%2Fsvg' viewBox%3D'0 0 118px 600'%2F%3E\" data-src=\"https:\/\/oxiplant.com\/new2\/wp-content\/uploads\/2025\/10\/reco-1.webp\" width=\"118px\" height=\"\" alt=\"\"\/><\/div><\/a><\/div><\/div><\/div>[\/vc_column][\/vc_row][\/vc_section]<\/p>\n<\/div>","protected":false},"excerpt":{"rendered":"<p>[vc_section el_name=\u00a0\u00bbRecursos\u00a0\u00bb][vc_row content_placement=\u00a0\u00bbmiddle\u00a0\u00bb css=\u00a0\u00bb.vc_custom_1764271684458{margin-bottom: 80px !important;}\u00a0\u00bb][vc_column width=\u00a0\u00bb1\/2&Prime;][vc_column_text]Le d\u00e9partement qualit\u00e9 d&rsquo;Oxiplant dispose de ressources techniques avanc\u00e9es qui garantissent la pr\u00e9cision dimensionnelle, la fiabilit\u00e9 et la r\u00e9p\u00e9tabilit\u00e9 dans tout type de v\u00e9rification. Parmi les \u00e9quipements sp\u00e9cialis\u00e9s, on peut citer: Bras de mesure Hexagon, pour un contr\u00f4le m\u00e9trologique de haute pr\u00e9cision. Scanner 3D Creaform, id\u00e9al pour les g\u00e9om\u00e9tries [&hellip;]<\/p>\n","protected":false},"author":1,"featured_media":0,"parent":0,"menu_order":0,"comment_status":"closed","ping_status":"closed","template":"","meta":{"footnotes":""},"class_list":["post-7688","page","type-page","status-publish","hentry"],"acf":[],"_links":{"self":[{"href":"https:\/\/oxiplant.com\/new2\/fr\/wp-json\/wp\/v2\/pages\/7688","targetHints":{"allow":["GET"]}}],"collection":[{"href":"https:\/\/oxiplant.com\/new2\/fr\/wp-json\/wp\/v2\/pages"}],"about":[{"href":"https:\/\/oxiplant.com\/new2\/fr\/wp-json\/wp\/v2\/types\/page"}],"author":[{"embeddable":true,"href":"https:\/\/oxiplant.com\/new2\/fr\/wp-json\/wp\/v2\/users\/1"}],"replies":[{"embeddable":true,"href":"https:\/\/oxiplant.com\/new2\/fr\/wp-json\/wp\/v2\/comments?post=7688"}],"version-history":[{"count":0,"href":"https:\/\/oxiplant.com\/new2\/fr\/wp-json\/wp\/v2\/pages\/7688\/revisions"}],"wp:attachment":[{"href":"https:\/\/oxiplant.com\/new2\/fr\/wp-json\/wp\/v2\/media?parent=7688"}],"curies":[{"name":"wp","href":"https:\/\/api.w.org\/{rel}","templated":true}]}}