{"id":5751,"date":"2025-10-15T07:05:08","date_gmt":"2025-10-15T05:05:08","guid":{"rendered":"https:\/\/oxiplant.com\/new2\/?page_id=5751"},"modified":"2025-12-11T22:14:47","modified_gmt":"2025-12-11T21:14:47","slug":"biselado","status":"publish","type":"page","link":"https:\/\/oxiplant.com\/new2\/biselado\/","title":{"rendered":"Biselado"},"content":{"rendered":"<div class=\"wpb-content-wrapper\"><p>[vc_section][vc_row content_placement=\u00bbmiddle\u00bb css=\u00bb.vc_custom_1765487578438{margin-bottom: 0px !important;}\u00bb][vc_column width=\u00bb1\/2&#8243;][vc_column_text]Nuestra capacidad de biselado abarca tanto el <strong>arranque de viruta como el corte t\u00e9rmico<\/strong>, ofreciendo una amplia variedad de geometr\u00edas: <strong>bisel en V, Y, X y K<\/strong>, adapt\u00e1ndonos a los requisitos t\u00e9cnicos de cada proyecto.<\/p>\n<p>Podemos realizar el biselado <strong>directamente desde nuestras propias m\u00e1quinas<\/strong> de corte, optimizando tiempos y garantizando una perfecta integraci\u00f3n entre las fases de producci\u00f3n. Esto nos permite entregar piezas listas para su uso en procesos de soldadura o mecanizaci\u00f3n posterior.<\/p>\n<p>Trabajamos tanto en chapa como en tubo, cubriendo as\u00ed un espectro completo de necesidades para sectores como calderer\u00eda, estructuras met\u00e1licas, mecanizados y construcci\u00f3n industrial.<\/p>\n<p>Para ello, contamos con un conjunto de equipos especializados que nos permite abordar cualquier tipo de preparaci\u00f3n de bordes:<\/p>\n<ul>\n<li><strong>Biseladoras manuales<\/strong>, ideales para ajustes finos o piezas de dif\u00edcil acceso.<\/li>\n<li><strong>Pirotomo<\/strong>, adecuado para biselados de alta productividad mediante oxicorte.<\/li>\n<li><strong>Fresadoras manuales<\/strong>, perfectas para obtener un acabado preciso y uniforme en biseles mecanizados.<\/li>\n<li>Adem\u00e1s de <strong>maquinaria de plasma y mecanizado<\/strong>, que asegura resultados de gran calidad en proyectos de alta exigencia t\u00e9cnica.<\/li>\n<\/ul>\n<p>[\/vc_column_text][\/vc_column][vc_column width=\u00bb1\/2&#8243;]<div  class=\"wpb_content_element   clearfix\"><style type=\"text\/css\">#ut_am_69f20a93c2fc6 { opacity: 1; }#ut_am_wrap_69f20a93c2fc9 img,#ut_am_wrap_69f20a93c2fc9 .ut-image-gallery-image-caption,#ut_am_wrap_69f20a93c2fc9 .ut-box-shadow-container,#ut_am_wrap_69f20a93c2fc9 .ut-box-shadow-container-inner,#ut_am_wrap_69f20a93c2fc9 .ut-block-revealer-element-container,#ut_am_wrap_69f20a93c2fc9 .ut-animated-image-zoom { -webkit-border-radius: 9px; -moz-border-radius: 9px; border-radius: 9px; }#ut_am_wrap_69f20a93c2fc9 .ut-image-gallery-item-caption-title h3 { letter-spacing: 0em; }#ut_am_wrap_69f20a93c2fc9 .ut-gallery-slider-caption { color: #999999; }#ut_am_wrap_69f20a93c2fc9 .ut-gallery-slider-caption { font-weight: normal; }#ut_am_wrap_69f20a93c2fc9 { text-align: right; }@media (min-width: 768px) and (max-width: 1024px) { #ut_am_wrap_69f20a93c2fc9 { text-align: right !important; } }@media (max-width: 767px) { #ut_am_wrap_69f20a93c2fc9 { text-align: center !important; } }<\/style><div id=\"ut_am_wrap_69f20a93c2fc9\" class=\"ut-image-gallery-image \"><div id=\"ut_reveal_69f20a93c2fca\"  data-appear-top-offset=\"auto\" class=\"ut-animated-image-item ut-image-gallery-item ut-animation-done \"><a class=\"ut-deactivated-link\" href=\"#\"><div class=\"ut-animated-image-zoom\"><img loading=\"lazy\" decoding=\"async\" class=\"ut-lazy skip-lazy ut-animated-image \"  id=\"ut_am_69f20a93c2fc6\" src=\"data:image\/svg+xml;charset=utf-8,%3Csvg xmlns%3D'http%3A%2F%2Fwww.w3.org%2F2000%2Fsvg' viewBox%3D'0 0 1492 1592'%2F%3E\" data-src=\"https:\/\/oxiplant.com\/new2\/wp-content\/uploads\/2025\/12\/biselado-7.jpg\" width=\"1492\" height=\"1592\" alt=\"\"\/><\/div><\/a><\/div><\/div><\/div>[\/vc_column][\/vc_row][\/vc_section][vc_section][vc_row][vc_column width=\u00bb1\/6&#8243; css=\u00bb.vc_custom_1764283621195{margin-top: 15px !important;}\u00bb]<div  class=\"wpb_content_element   clearfix\"><style type=\"text\/css\">#ut_am_69f20a93c371a { opacity: 1; }#ut_am_wrap_69f20a93c371c .ut-image-gallery-item-caption-title h3 { color: #ffffff; }#ut_am_wrap_69f20a93c371c .ut-image-gallery-item-caption-title-style-2 h3 { color: #ffffff; }#ut_am_wrap_69f20a93c371c .ut-image-gallery-item-caption-title h3 { letter-spacing: 0em; }#ut_am_wrap_69f20a93c371c .ut-gallery-slider-caption { font-weight: bold; }#ut_am_wrap_69f20a93c371c { text-align: center; }@media (min-width: 768px) and (max-width: 1024px) { #ut_am_wrap_69f20a93c371c { text-align: center !important; } }@media (max-width: 767px) { #ut_am_wrap_69f20a93c371c { text-align: center !important; } }<\/style><div id=\"ut_am_wrap_69f20a93c371c\" class=\"ut-image-gallery-image ani_zoom\"><div id=\"ut_reveal_69f20a93c371d\"  data-appear-top-offset=\"auto\" class=\"ut-animated-image-item ut-image-gallery-item ut-animation-done \"><a target=\"_blank\" href=\"https:\/\/oxiplant.com\/new2\/wp-content\/uploads\/2025\/11\/OXIP_0094-CPR-MAD-20160126-SPA_Iss04-9Jun25-FPC-cer-EN1090.pdf\" rel=\"nofollow\"><div class=\"ut-animated-image-zoom\"><img loading=\"lazy\" decoding=\"async\" class=\"ut-lazy skip-lazy ut-animated-image \"  id=\"ut_am_69f20a93c371a\" src=\"data:image\/svg+xml;charset=utf-8,%3Csvg xmlns%3D'http%3A%2F%2Fwww.w3.org%2F2000%2Fsvg' viewBox%3D'0 0 300 190'%2F%3E\" data-src=\"https:\/\/oxiplant.com\/new2\/wp-content\/uploads\/2025\/11\/iso-1090-2.jpg\" width=\"300\" height=\"190\" alt=\"\"\/><\/div><\/a><\/div><\/div><\/div>[\/vc_column][vc_column width=\u00bb1\/6&#8243; css=\u00bb.vc_custom_1764283634822{margin-top: 15px !important;}\u00bb]<div  class=\"wpb_content_element   clearfix\"><style type=\"text\/css\">#ut_am_69f20a93c3ed2 { opacity: 1; }#ut_am_wrap_69f20a93c3ed4 .ut-image-gallery-item-caption-title h3 { color: #ffffff; }#ut_am_wrap_69f20a93c3ed4 .ut-image-gallery-item-caption-title-style-2 h3 { color: #ffffff; }#ut_am_wrap_69f20a93c3ed4 .ut-image-gallery-item-caption-title h3 { letter-spacing: 0em; }#ut_am_wrap_69f20a93c3ed4 .ut-gallery-slider-caption { font-weight: bold; }#ut_am_wrap_69f20a93c3ed4 { text-align: center; }@media (min-width: 768px) and (max-width: 1024px) { #ut_am_wrap_69f20a93c3ed4 { text-align: center !important; } }@media (max-width: 767px) { #ut_am_wrap_69f20a93c3ed4 { text-align: center !important; } }<\/style><div id=\"ut_am_wrap_69f20a93c3ed4\" class=\"ut-image-gallery-image ani_zoom\"><div id=\"ut_reveal_69f20a93c3ed5\"  data-appear-top-offset=\"auto\" class=\"ut-animated-image-item ut-image-gallery-item ut-animation-done \"><a target=\"_blank\" href=\"https:\/\/oxiplant.com\/new2\/wp-content\/uploads\/2025\/11\/0038343-QMS-SPAES-UKAS.pdf\" rel=\"nofollow\"><div class=\"ut-animated-image-zoom\"><img loading=\"lazy\" decoding=\"async\" class=\"ut-lazy skip-lazy ut-animated-image \"  id=\"ut_am_69f20a93c3ed2\" src=\"data:image\/svg+xml;charset=utf-8,%3Csvg xmlns%3D'http%3A%2F%2Fwww.w3.org%2F2000%2Fsvg' viewBox%3D'0 0 300 190'%2F%3E\" data-src=\"https:\/\/oxiplant.com\/new2\/wp-content\/uploads\/2025\/10\/calidad-2.webp\" width=\"300\" height=\"190\" alt=\"\"\/><\/div><\/a><\/div><\/div><\/div>[\/vc_column][vc_column width=\u00bb1\/6&#8243; css=\u00bb.vc_custom_1764283649688{margin-top: 15px !important;}\u00bb]<div  class=\"wpb_content_element   clearfix\"><style type=\"text\/css\">#ut_am_69f20a93c46e0 { opacity: 1; }#ut_am_wrap_69f20a93c46e2 .ut-image-gallery-item-caption-title h3 { color: #ffffff; }#ut_am_wrap_69f20a93c46e2 .ut-image-gallery-item-caption-title-style-2 h3 { color: #ffffff; }#ut_am_wrap_69f20a93c46e2 .ut-image-gallery-item-caption-title h3 { letter-spacing: 0em; }#ut_am_wrap_69f20a93c46e2 .ut-gallery-slider-caption { font-weight: bold; }#ut_am_wrap_69f20a93c46e2 { text-align: center; }@media (min-width: 768px) and (max-width: 1024px) { #ut_am_wrap_69f20a93c46e2 { text-align: center !important; } }@media (max-width: 767px) { #ut_am_wrap_69f20a93c46e2 { text-align: center !important; } }<\/style><div id=\"ut_am_wrap_69f20a93c46e2\" class=\"ut-image-gallery-image ani_zoom\"><div id=\"ut_reveal_69f20a93c46e3\"  data-appear-top-offset=\"auto\" class=\"ut-animated-image-item ut-image-gallery-item ut-animation-done \"><a target=\"_blank\" href=\"https:\/\/oxiplant.com\/new2\/wp-content\/uploads\/2025\/11\/00016995-EMS-SPAES-UKAS.pdf\" rel=\"nofollow\"><div class=\"ut-animated-image-zoom\"><img loading=\"lazy\" decoding=\"async\" class=\"ut-lazy skip-lazy ut-animated-image \"  id=\"ut_am_69f20a93c46e0\" src=\"data:image\/svg+xml;charset=utf-8,%3Csvg xmlns%3D'http%3A%2F%2Fwww.w3.org%2F2000%2Fsvg' viewBox%3D'0 0 300 193'%2F%3E\" data-src=\"https:\/\/oxiplant.com\/new2\/wp-content\/uploads\/2025\/10\/medioambiente.webp\" width=\"300\" height=\"193\" alt=\"\"\/><\/div><\/a><\/div><\/div><\/div>[\/vc_column][vc_column width=\u00bb1\/6&#8243; css=\u00bb.vc_custom_1764283665569{margin-top: 15px !important;}\u00bb]<div  class=\"wpb_content_element   clearfix\"><style type=\"text\/css\">#ut_am_69f20a93c4e12 { opacity: 1; }#ut_am_wrap_69f20a93c4e14 .ut-image-gallery-item-caption-title h3 { color: #ffffff; }#ut_am_wrap_69f20a93c4e14 .ut-image-gallery-item-caption-title-style-2 h3 { color: #ffffff; }#ut_am_wrap_69f20a93c4e14 .ut-image-gallery-item-caption-title h3 { letter-spacing: 0em; }#ut_am_wrap_69f20a93c4e14 .ut-gallery-slider-caption { font-weight: bold; }#ut_am_wrap_69f20a93c4e14 { text-align: center; }@media (min-width: 768px) and (max-width: 1024px) { #ut_am_wrap_69f20a93c4e14 { text-align: center !important; } }@media (max-width: 767px) { #ut_am_wrap_69f20a93c4e14 { text-align: center !important; } }<\/style><div id=\"ut_am_wrap_69f20a93c4e14\" class=\"ut-image-gallery-image ani_zoom\"><div id=\"ut_reveal_69f20a93c4e15\"  data-appear-top-offset=\"auto\" class=\"ut-animated-image-item ut-image-gallery-item ut-animation-done \"><a target=\"_blank\" href=\"https:\/\/oxiplant.com\/new2\/wp-content\/uploads\/2025\/11\/OXIP_Cert-3834-R2-1Sep25-SPA.pdf\" rel=\"nofollow\"><div class=\"ut-animated-image-zoom\"><img loading=\"lazy\" decoding=\"async\" class=\"ut-lazy skip-lazy ut-animated-image \"  id=\"ut_am_69f20a93c4e12\" src=\"data:image\/svg+xml;charset=utf-8,%3Csvg xmlns%3D'http%3A%2F%2Fwww.w3.org%2F2000%2Fsvg' viewBox%3D'0 0 300 190'%2F%3E\" data-src=\"https:\/\/oxiplant.com\/new2\/wp-content\/uploads\/2025\/11\/iso-3834.jpg\" width=\"300\" height=\"190\" alt=\"\"\/><\/div><\/a><\/div><\/div><\/div>[\/vc_column][vc_column width=\u00bb1\/6&#8243; css=\u00bb.vc_custom_1764283681323{margin-top: 15px !important;}\u00bb]<div  class=\"wpb_content_element   clearfix\"><style type=\"text\/css\">#ut_am_69f20a93c54e5 { opacity: 1; }#ut_am_wrap_69f20a93c54e7 .ut-image-gallery-item-caption-title h3 { color: #ffffff; }#ut_am_wrap_69f20a93c54e7 .ut-image-gallery-item-caption-title-style-2 h3 { color: #ffffff; }#ut_am_wrap_69f20a93c54e7 .ut-image-gallery-item-caption-title h3 { letter-spacing: 0em; }#ut_am_wrap_69f20a93c54e7 .ut-gallery-slider-caption { font-weight: bold; }#ut_am_wrap_69f20a93c54e7 { text-align: center; }@media (min-width: 768px) and (max-width: 1024px) { #ut_am_wrap_69f20a93c54e7 { text-align: center !important; } }@media (max-width: 767px) { #ut_am_wrap_69f20a93c54e7 { text-align: center !important; } }<\/style><div id=\"ut_am_wrap_69f20a93c54e7\" class=\"ut-image-gallery-image ani_zoom\"><div id=\"ut_reveal_69f20a93c54e8\"  data-appear-top-offset=\"auto\" class=\"ut-animated-image-item ut-image-gallery-item ut-animation-done \"><a target=\"_blank\" href=\"https:\/\/www.bureauveritas.dk\/en\/our-market\/apqp4wind?utm_source=google&#038;utm_medium=cpc&#038;gad_source=1&#038;gad_campaignid=1676330063&#038;gbraid=0AAAAAD28T32t2hKEXcw7JcM30Vaxr40iY&#038;gclid=CjwKCAiA55rJBhByEiwAFkY1QG0iBDQRekciHH0dIgsblVqHdnIgnglPMpL_zGsBaOnpgxHvH1W7aBoCFQQQAvD_BwE\" rel=\"nofollow\"><div class=\"ut-animated-image-zoom\"><img loading=\"lazy\" decoding=\"async\" class=\"ut-lazy skip-lazy ut-animated-image \"  id=\"ut_am_69f20a93c54e5\" src=\"data:image\/svg+xml;charset=utf-8,%3Csvg xmlns%3D'http%3A%2F%2Fwww.w3.org%2F2000%2Fsvg' viewBox%3D'0 0 300 190'%2F%3E\" data-src=\"https:\/\/oxiplant.com\/new2\/wp-content\/uploads\/2025\/10\/apqp.jpg\" width=\"300\" height=\"190\" alt=\"\"\/><\/div><\/a><\/div><\/div><\/div>[\/vc_column][vc_column width=\u00bb1\/6&#8243; css=\u00bb.vc_custom_1764283694488{margin-top: 15px !important;}\u00bb]<div  class=\"wpb_content_element   clearfix\"><style type=\"text\/css\">#ut_am_69f20a93c6461 { opacity: 1; }#ut_am_wrap_69f20a93c6464 .ut-image-gallery-item-caption-title h3 { color: #ffffff; }#ut_am_wrap_69f20a93c6464 .ut-image-gallery-item-caption-title-style-2 h3 { color: #ffffff; }#ut_am_wrap_69f20a93c6464 .ut-image-gallery-item-caption-title h3 { letter-spacing: 0em; }#ut_am_wrap_69f20a93c6464 .ut-gallery-slider-caption { font-weight: bold; }#ut_am_wrap_69f20a93c6464 { text-align: center; }@media (min-width: 768px) and (max-width: 1024px) { #ut_am_wrap_69f20a93c6464 { text-align: center !important; } }@media (max-width: 767px) { #ut_am_wrap_69f20a93c6464 { text-align: center !important; } }<\/style><div id=\"ut_am_wrap_69f20a93c6464\" class=\"ut-image-gallery-image ani_zoom\"><div id=\"ut_reveal_69f20a93c6465\"  data-appear-top-offset=\"auto\" class=\"ut-animated-image-item ut-image-gallery-item ut-animation-done \"><a target=\"_blank\" href=\"https:\/\/ecovadis.com\/es\/\" rel=\"nofollow\"><div class=\"ut-animated-image-zoom\"><img decoding=\"async\" class=\"ut-lazy skip-lazy ut-animated-image \"  id=\"ut_am_69f20a93c6461\" src=\"data:image\/svg+xml;charset=utf-8,%3Csvg xmlns%3D'http%3A%2F%2Fwww.w3.org%2F2000%2Fsvg' viewBox%3D'0 0 118px 600'%2F%3E\" data-src=\"https:\/\/oxiplant.com\/new2\/wp-content\/uploads\/2025\/10\/reco-1.webp\" width=\"118px\" height=\"\" alt=\"\"\/><\/div><\/a><\/div><\/div><\/div>[\/vc_column][\/vc_row][\/vc_section]<\/p>\n<\/div>","protected":false},"excerpt":{"rendered":"<p>[vc_section][vc_row content_placement=\u00bbmiddle\u00bb css=\u00bb.vc_custom_1765487578438{margin-bottom: 0px !important;}\u00bb][vc_column width=\u00bb1\/2&#8243;][vc_column_text]Nuestra capacidad de biselado abarca tanto el arranque de viruta como el corte t\u00e9rmico, ofreciendo una amplia variedad de geometr\u00edas: bisel en V, Y, X y K, adapt\u00e1ndonos a los requisitos t\u00e9cnicos de cada proyecto. Podemos realizar el biselado directamente desde nuestras propias m\u00e1quinas de corte, optimizando tiempos y garantizando [&hellip;]<\/p>\n","protected":false},"author":1,"featured_media":0,"parent":0,"menu_order":0,"comment_status":"closed","ping_status":"closed","template":"","meta":{"footnotes":""},"class_list":["post-5751","page","type-page","status-publish","hentry"],"acf":[],"_links":{"self":[{"href":"https:\/\/oxiplant.com\/new2\/wp-json\/wp\/v2\/pages\/5751","targetHints":{"allow":["GET"]}}],"collection":[{"href":"https:\/\/oxiplant.com\/new2\/wp-json\/wp\/v2\/pages"}],"about":[{"href":"https:\/\/oxiplant.com\/new2\/wp-json\/wp\/v2\/types\/page"}],"author":[{"embeddable":true,"href":"https:\/\/oxiplant.com\/new2\/wp-json\/wp\/v2\/users\/1"}],"replies":[{"embeddable":true,"href":"https:\/\/oxiplant.com\/new2\/wp-json\/wp\/v2\/comments?post=5751"}],"version-history":[{"count":14,"href":"https:\/\/oxiplant.com\/new2\/wp-json\/wp\/v2\/pages\/5751\/revisions"}],"predecessor-version":[{"id":6706,"href":"https:\/\/oxiplant.com\/new2\/wp-json\/wp\/v2\/pages\/5751\/revisions\/6706"}],"wp:attachment":[{"href":"https:\/\/oxiplant.com\/new2\/wp-json\/wp\/v2\/media?parent=5751"}],"curies":[{"name":"wp","href":"https:\/\/api.w.org\/{rel}","templated":true}]}}