{"id":5759,"date":"2025-10-15T07:15:15","date_gmt":"2025-10-15T05:15:15","guid":{"rendered":"https:\/\/oxiplant.com\/new2\/?page_id=5759"},"modified":"2025-12-11T22:11:10","modified_gmt":"2025-12-11T21:11:10","slug":"conformado","status":"publish","type":"page","link":"https:\/\/oxiplant.com\/new2\/conformado\/","title":{"rendered":"Conformado"},"content":{"rendered":"<div class=\"wpb-content-wrapper\"><p>[vc_section][vc_row content_placement=\u00bbmiddle\u00bb css=\u00bb.vc_custom_1765487462989{margin-bottom: 0px !important;}\u00bb][vc_column width=\u00bb1\/2&#8243;][vc_column_text]Nuestras <strong>4 plegadoras CNC<\/strong> permiten trabajar piezas de hasta <strong>8.000 mm<\/strong> y <strong>1.500 t de presi\u00f3n<\/strong>, lo que nos da capacidad para abordar desde piezas peque\u00f1as hasta elementos de gran formato. A esto se suman varias <strong>plegadoras adicionales<\/strong> y una <strong>prensa hidr\u00e1ulica<\/strong>, que ampl\u00edan las posibilidades de conformado en diferentes configuraciones.<\/p>\n<p>Para el curvado, contamos con <strong>3 curvadoras de rodillos<\/strong> capaces de trabajar espesores de hasta <strong>45 mm<\/strong> y piezas de hasta <strong>2 t<\/strong>, cubriendo un amplio rango de necesidades en radios y dimensiones.<\/p>\n<p>En conjunto, esta gama de maquinaria \u2014plegadoras, prensa hidr\u00e1ulica y curvadoras de rodillos\u2014 nos permite adaptarnos a todo tipo de piezas y mantener un <strong>ritmo de producci\u00f3n elevado<\/strong>, optimizando los tiempos de trabajo en proyectos de diversas caracter\u00edsticas.[\/vc_column_text][\/vc_column][vc_column width=\u00bb1\/2&#8243;]<div  class=\"wpb_content_element   clearfix\"><style type=\"text\/css\">#ut_am_69f2087904503 { opacity: 1; }#ut_am_wrap_69f2087904505 img,#ut_am_wrap_69f2087904505 .ut-image-gallery-image-caption,#ut_am_wrap_69f2087904505 .ut-box-shadow-container,#ut_am_wrap_69f2087904505 .ut-box-shadow-container-inner,#ut_am_wrap_69f2087904505 .ut-block-revealer-element-container,#ut_am_wrap_69f2087904505 .ut-animated-image-zoom { -webkit-border-radius: 9px; -moz-border-radius: 9px; border-radius: 9px; }#ut_am_wrap_69f2087904505 .ut-image-gallery-item-caption-title h3 { letter-spacing: 0em; }#ut_am_wrap_69f2087904505 .ut-gallery-slider-caption { color: #999999; }#ut_am_wrap_69f2087904505 .ut-gallery-slider-caption { font-weight: normal; }#ut_am_wrap_69f2087904505 { text-align: right; }@media (min-width: 768px) and (max-width: 1024px) { #ut_am_wrap_69f2087904505 { text-align: right !important; } }@media (max-width: 767px) { #ut_am_wrap_69f2087904505 { text-align: center !important; } }<\/style><div id=\"ut_am_wrap_69f2087904505\" class=\"ut-image-gallery-image \"><div id=\"ut_reveal_69f2087904507\"  data-appear-top-offset=\"auto\" class=\"ut-animated-image-item ut-image-gallery-item ut-animation-done \"><a class=\"ut-deactivated-link\" href=\"#\"><div class=\"ut-animated-image-zoom\"><img loading=\"lazy\" decoding=\"async\" class=\"ut-lazy skip-lazy ut-animated-image \"  id=\"ut_am_69f2087904503\" src=\"data:image\/svg+xml;charset=utf-8,%3Csvg xmlns%3D'http%3A%2F%2Fwww.w3.org%2F2000%2Fsvg' viewBox%3D'0 0 1204 925'%2F%3E\" data-src=\"https:\/\/oxiplant.com\/new2\/wp-content\/uploads\/2025\/10\/conformado-1.jpg\" width=\"1204\" height=\"925\" alt=\"\"\/><\/div><\/a><\/div><\/div><\/div>[\/vc_column][\/vc_row][\/vc_section][vc_section css=\u00bb.vc_custom_1764279907549{margin-bottom: 0px !important;background-color: #eeeeee !important;}\u00bb][vc_row full_width=\u00bbstretch_row_content\u00bb css=\u00bb.vc_custom_1764279945138{margin-bottom: 80px !important;}\u00bb][vc_column width=\u00bb1\/2&#8243;]<div  class=\"wpb_content_element   clearfix\"><style type=\"text\/css\">#ut_am_69f2087904e5f { opacity: 1; }#ut_am_wrap_69f2087904e62 .ut-image-gallery-item-caption-title h3 { letter-spacing: 0em; }#ut_am_wrap_69f2087904e62 .ut-gallery-slider-caption { font-weight: bold; }#ut_am_wrap_69f2087904e62 { text-align: left; }@media (min-width: 768px) and (max-width: 1024px) { #ut_am_wrap_69f2087904e62 { text-align: left !important; } }@media (max-width: 767px) { #ut_am_wrap_69f2087904e62 { text-align: center !important; } }<\/style><div id=\"ut_am_wrap_69f2087904e62\" class=\"ut-image-gallery-image ani_zoom\"><div id=\"ut_reveal_69f2087904e63\"  data-appear-top-offset=\"auto\" class=\"ut-animated-image-item ut-image-gallery-item ut-animation-done \"><a class=\"ut-deactivated-link\" href=\"#\"><div class=\"ut-animated-image-zoom\"><img loading=\"lazy\" decoding=\"async\" class=\"ut-lazy skip-lazy ut-animated-image \"  id=\"ut_am_69f2087904e5f\" src=\"data:image\/svg+xml;charset=utf-8,%3Csvg xmlns%3D'http%3A%2F%2Fwww.w3.org%2F2000%2Fsvg' viewBox%3D'0 0 1367 564'%2F%3E\" data-src=\"https:\/\/oxiplant.com\/new2\/wp-content\/uploads\/2025\/11\/servi-plegado.jpg\" width=\"1367\" height=\"564\" alt=\"\"\/><\/div><\/a><\/div><\/div><\/div>[\/vc_column][vc_column width=\u00bb1\/2&#8243;]<div  class=\"wpb_content_element   clearfix\"><style type=\"text\/css\">#ut_am_69f20879058f8 { opacity: 1; }#ut_am_wrap_69f20879058fa .ut-image-gallery-item-caption-title h3 { letter-spacing: 0em; }#ut_am_wrap_69f20879058fa .ut-gallery-slider-caption { font-weight: bold; }#ut_am_wrap_69f20879058fa { text-align: left; }@media (min-width: 768px) and (max-width: 1024px) { #ut_am_wrap_69f20879058fa { text-align: left !important; } }@media (max-width: 767px) { #ut_am_wrap_69f20879058fa { text-align: center !important; } }<\/style><div id=\"ut_am_wrap_69f20879058fa\" class=\"ut-image-gallery-image ani_zoom\"><div id=\"ut_reveal_69f20879058fb\"  data-appear-top-offset=\"auto\" class=\"ut-animated-image-item ut-image-gallery-item ut-animation-done \"><a class=\"ut-deactivated-link\" href=\"#\"><div class=\"ut-animated-image-zoom\"><img loading=\"lazy\" decoding=\"async\" class=\"ut-lazy skip-lazy ut-animated-image \"  id=\"ut_am_69f20879058f8\" src=\"data:image\/svg+xml;charset=utf-8,%3Csvg xmlns%3D'http%3A%2F%2Fwww.w3.org%2F2000%2Fsvg' viewBox%3D'0 0 1367 564'%2F%3E\" data-src=\"https:\/\/oxiplant.com\/new2\/wp-content\/uploads\/2025\/12\/servi-curvado-1.jpg\" width=\"1367\" height=\"564\" alt=\"\"\/><\/div><\/a><\/div><\/div><\/div>[\/vc_column][\/vc_row][\/vc_section][vc_section][vc_row][vc_column width=\u00bb1\/6&#8243; css=\u00bb.vc_custom_1764283621195{margin-top: 15px !important;}\u00bb]<div  class=\"wpb_content_element   clearfix\"><style type=\"text\/css\">#ut_am_69f2087906217 { opacity: 1; }#ut_am_wrap_69f2087906219 .ut-image-gallery-item-caption-title h3 { color: #ffffff; }#ut_am_wrap_69f2087906219 .ut-image-gallery-item-caption-title-style-2 h3 { color: #ffffff; }#ut_am_wrap_69f2087906219 .ut-image-gallery-item-caption-title h3 { letter-spacing: 0em; }#ut_am_wrap_69f2087906219 .ut-gallery-slider-caption { font-weight: bold; }#ut_am_wrap_69f2087906219 { text-align: center; }@media (min-width: 768px) and (max-width: 1024px) { #ut_am_wrap_69f2087906219 { text-align: center !important; } }@media (max-width: 767px) { #ut_am_wrap_69f2087906219 { text-align: center !important; } }<\/style><div id=\"ut_am_wrap_69f2087906219\" class=\"ut-image-gallery-image ani_zoom\"><div id=\"ut_reveal_69f208790621a\"  data-appear-top-offset=\"auto\" class=\"ut-animated-image-item ut-image-gallery-item ut-animation-done \"><a target=\"_blank\" href=\"https:\/\/oxiplant.com\/new2\/wp-content\/uploads\/2025\/11\/OXIP_0094-CPR-MAD-20160126-SPA_Iss04-9Jun25-FPC-cer-EN1090.pdf\" rel=\"nofollow\"><div class=\"ut-animated-image-zoom\"><img loading=\"lazy\" decoding=\"async\" class=\"ut-lazy skip-lazy ut-animated-image \"  id=\"ut_am_69f2087906217\" src=\"data:image\/svg+xml;charset=utf-8,%3Csvg xmlns%3D'http%3A%2F%2Fwww.w3.org%2F2000%2Fsvg' viewBox%3D'0 0 300 190'%2F%3E\" data-src=\"https:\/\/oxiplant.com\/new2\/wp-content\/uploads\/2025\/11\/iso-1090-2.jpg\" width=\"300\" height=\"190\" alt=\"\"\/><\/div><\/a><\/div><\/div><\/div>[\/vc_column][vc_column width=\u00bb1\/6&#8243; css=\u00bb.vc_custom_1764283634822{margin-top: 15px !important;}\u00bb]<div  class=\"wpb_content_element   clearfix\"><style type=\"text\/css\">#ut_am_69f2087906a84 { opacity: 1; }#ut_am_wrap_69f2087906a86 .ut-image-gallery-item-caption-title h3 { color: #ffffff; }#ut_am_wrap_69f2087906a86 .ut-image-gallery-item-caption-title-style-2 h3 { color: #ffffff; }#ut_am_wrap_69f2087906a86 .ut-image-gallery-item-caption-title h3 { letter-spacing: 0em; }#ut_am_wrap_69f2087906a86 .ut-gallery-slider-caption { font-weight: bold; }#ut_am_wrap_69f2087906a86 { text-align: center; }@media (min-width: 768px) and (max-width: 1024px) { #ut_am_wrap_69f2087906a86 { text-align: center !important; } }@media (max-width: 767px) { #ut_am_wrap_69f2087906a86 { text-align: center !important; } }<\/style><div id=\"ut_am_wrap_69f2087906a86\" class=\"ut-image-gallery-image ani_zoom\"><div id=\"ut_reveal_69f2087906a87\"  data-appear-top-offset=\"auto\" class=\"ut-animated-image-item ut-image-gallery-item ut-animation-done \"><a target=\"_blank\" href=\"https:\/\/oxiplant.com\/new2\/wp-content\/uploads\/2025\/11\/0038343-QMS-SPAES-UKAS.pdf\" rel=\"nofollow\"><div class=\"ut-animated-image-zoom\"><img loading=\"lazy\" decoding=\"async\" class=\"ut-lazy skip-lazy ut-animated-image \"  id=\"ut_am_69f2087906a84\" src=\"data:image\/svg+xml;charset=utf-8,%3Csvg xmlns%3D'http%3A%2F%2Fwww.w3.org%2F2000%2Fsvg' viewBox%3D'0 0 300 190'%2F%3E\" data-src=\"https:\/\/oxiplant.com\/new2\/wp-content\/uploads\/2025\/10\/calidad-2.webp\" width=\"300\" height=\"190\" alt=\"\"\/><\/div><\/a><\/div><\/div><\/div>[\/vc_column][vc_column width=\u00bb1\/6&#8243; css=\u00bb.vc_custom_1764283649688{margin-top: 15px !important;}\u00bb]<div  class=\"wpb_content_element   clearfix\"><style type=\"text\/css\">#ut_am_69f2087907365 { opacity: 1; }#ut_am_wrap_69f2087907367 .ut-image-gallery-item-caption-title h3 { color: #ffffff; }#ut_am_wrap_69f2087907367 .ut-image-gallery-item-caption-title-style-2 h3 { color: #ffffff; }#ut_am_wrap_69f2087907367 .ut-image-gallery-item-caption-title h3 { letter-spacing: 0em; }#ut_am_wrap_69f2087907367 .ut-gallery-slider-caption { font-weight: bold; }#ut_am_wrap_69f2087907367 { text-align: center; }@media (min-width: 768px) and (max-width: 1024px) { #ut_am_wrap_69f2087907367 { text-align: center !important; } }@media (max-width: 767px) { #ut_am_wrap_69f2087907367 { text-align: center !important; } }<\/style><div id=\"ut_am_wrap_69f2087907367\" class=\"ut-image-gallery-image ani_zoom\"><div id=\"ut_reveal_69f2087907368\"  data-appear-top-offset=\"auto\" class=\"ut-animated-image-item ut-image-gallery-item ut-animation-done \"><a target=\"_blank\" href=\"https:\/\/oxiplant.com\/new2\/wp-content\/uploads\/2025\/11\/00016995-EMS-SPAES-UKAS.pdf\" rel=\"nofollow\"><div class=\"ut-animated-image-zoom\"><img loading=\"lazy\" decoding=\"async\" class=\"ut-lazy skip-lazy ut-animated-image \"  id=\"ut_am_69f2087907365\" src=\"data:image\/svg+xml;charset=utf-8,%3Csvg xmlns%3D'http%3A%2F%2Fwww.w3.org%2F2000%2Fsvg' viewBox%3D'0 0 300 193'%2F%3E\" data-src=\"https:\/\/oxiplant.com\/new2\/wp-content\/uploads\/2025\/10\/medioambiente.webp\" width=\"300\" height=\"193\" alt=\"\"\/><\/div><\/a><\/div><\/div><\/div>[\/vc_column][vc_column width=\u00bb1\/6&#8243; css=\u00bb.vc_custom_1764283665569{margin-top: 15px !important;}\u00bb]<div  class=\"wpb_content_element   clearfix\"><style type=\"text\/css\">#ut_am_69f2087907c17 { opacity: 1; }#ut_am_wrap_69f2087907c19 .ut-image-gallery-item-caption-title h3 { color: #ffffff; }#ut_am_wrap_69f2087907c19 .ut-image-gallery-item-caption-title-style-2 h3 { color: #ffffff; }#ut_am_wrap_69f2087907c19 .ut-image-gallery-item-caption-title h3 { letter-spacing: 0em; }#ut_am_wrap_69f2087907c19 .ut-gallery-slider-caption { font-weight: bold; }#ut_am_wrap_69f2087907c19 { text-align: center; }@media (min-width: 768px) and (max-width: 1024px) { #ut_am_wrap_69f2087907c19 { text-align: center !important; } }@media (max-width: 767px) { #ut_am_wrap_69f2087907c19 { text-align: center !important; } }<\/style><div id=\"ut_am_wrap_69f2087907c19\" class=\"ut-image-gallery-image ani_zoom\"><div id=\"ut_reveal_69f2087907c1a\"  data-appear-top-offset=\"auto\" class=\"ut-animated-image-item ut-image-gallery-item ut-animation-done \"><a target=\"_blank\" href=\"https:\/\/oxiplant.com\/new2\/wp-content\/uploads\/2025\/11\/OXIP_Cert-3834-R2-1Sep25-SPA.pdf\" rel=\"nofollow\"><div class=\"ut-animated-image-zoom\"><img loading=\"lazy\" decoding=\"async\" class=\"ut-lazy skip-lazy ut-animated-image \"  id=\"ut_am_69f2087907c17\" src=\"data:image\/svg+xml;charset=utf-8,%3Csvg xmlns%3D'http%3A%2F%2Fwww.w3.org%2F2000%2Fsvg' viewBox%3D'0 0 300 190'%2F%3E\" data-src=\"https:\/\/oxiplant.com\/new2\/wp-content\/uploads\/2025\/11\/iso-3834.jpg\" width=\"300\" height=\"190\" alt=\"\"\/><\/div><\/a><\/div><\/div><\/div>[\/vc_column][vc_column width=\u00bb1\/6&#8243; css=\u00bb.vc_custom_1764283681323{margin-top: 15px !important;}\u00bb]<div  class=\"wpb_content_element   clearfix\"><style type=\"text\/css\">#ut_am_69f208790854f { opacity: 1; }#ut_am_wrap_69f2087908553 .ut-image-gallery-item-caption-title h3 { color: #ffffff; }#ut_am_wrap_69f2087908553 .ut-image-gallery-item-caption-title-style-2 h3 { color: #ffffff; }#ut_am_wrap_69f2087908553 .ut-image-gallery-item-caption-title h3 { letter-spacing: 0em; }#ut_am_wrap_69f2087908553 .ut-gallery-slider-caption { font-weight: bold; }#ut_am_wrap_69f2087908553 { text-align: center; }@media (min-width: 768px) and (max-width: 1024px) { #ut_am_wrap_69f2087908553 { text-align: center !important; } }@media (max-width: 767px) { #ut_am_wrap_69f2087908553 { text-align: center !important; } }<\/style><div id=\"ut_am_wrap_69f2087908553\" class=\"ut-image-gallery-image ani_zoom\"><div id=\"ut_reveal_69f2087908554\"  data-appear-top-offset=\"auto\" class=\"ut-animated-image-item ut-image-gallery-item ut-animation-done \"><a target=\"_blank\" href=\"https:\/\/www.bureauveritas.dk\/en\/our-market\/apqp4wind?utm_source=google&#038;utm_medium=cpc&#038;gad_source=1&#038;gad_campaignid=1676330063&#038;gbraid=0AAAAAD28T32t2hKEXcw7JcM30Vaxr40iY&#038;gclid=CjwKCAiA55rJBhByEiwAFkY1QG0iBDQRekciHH0dIgsblVqHdnIgnglPMpL_zGsBaOnpgxHvH1W7aBoCFQQQAvD_BwE\" rel=\"nofollow\"><div class=\"ut-animated-image-zoom\"><img loading=\"lazy\" decoding=\"async\" class=\"ut-lazy skip-lazy ut-animated-image \"  id=\"ut_am_69f208790854f\" src=\"data:image\/svg+xml;charset=utf-8,%3Csvg xmlns%3D'http%3A%2F%2Fwww.w3.org%2F2000%2Fsvg' viewBox%3D'0 0 300 190'%2F%3E\" data-src=\"https:\/\/oxiplant.com\/new2\/wp-content\/uploads\/2025\/10\/apqp.jpg\" width=\"300\" height=\"190\" alt=\"\"\/><\/div><\/a><\/div><\/div><\/div>[\/vc_column][vc_column width=\u00bb1\/6&#8243; css=\u00bb.vc_custom_1764283694488{margin-top: 15px !important;}\u00bb]<div  class=\"wpb_content_element   clearfix\"><style type=\"text\/css\">#ut_am_69f2087909c5a { opacity: 1; }#ut_am_wrap_69f2087909c5d .ut-image-gallery-item-caption-title h3 { color: #ffffff; }#ut_am_wrap_69f2087909c5d .ut-image-gallery-item-caption-title-style-2 h3 { color: #ffffff; }#ut_am_wrap_69f2087909c5d .ut-image-gallery-item-caption-title h3 { letter-spacing: 0em; }#ut_am_wrap_69f2087909c5d .ut-gallery-slider-caption { font-weight: bold; }#ut_am_wrap_69f2087909c5d { text-align: center; }@media (min-width: 768px) and (max-width: 1024px) { #ut_am_wrap_69f2087909c5d { text-align: center !important; } }@media (max-width: 767px) { #ut_am_wrap_69f2087909c5d { text-align: center !important; } }<\/style><div id=\"ut_am_wrap_69f2087909c5d\" class=\"ut-image-gallery-image ani_zoom\"><div id=\"ut_reveal_69f2087909c5f\"  data-appear-top-offset=\"auto\" class=\"ut-animated-image-item ut-image-gallery-item ut-animation-done \"><a target=\"_blank\" href=\"https:\/\/ecovadis.com\/es\/\" rel=\"nofollow\"><div class=\"ut-animated-image-zoom\"><img decoding=\"async\" class=\"ut-lazy skip-lazy ut-animated-image \"  id=\"ut_am_69f2087909c5a\" src=\"data:image\/svg+xml;charset=utf-8,%3Csvg xmlns%3D'http%3A%2F%2Fwww.w3.org%2F2000%2Fsvg' viewBox%3D'0 0 118px 600'%2F%3E\" data-src=\"https:\/\/oxiplant.com\/new2\/wp-content\/uploads\/2025\/10\/reco-1.webp\" width=\"118px\" height=\"\" alt=\"\"\/><\/div><\/a><\/div><\/div><\/div>[\/vc_column][\/vc_row][\/vc_section]<\/p>\n<\/div>","protected":false},"excerpt":{"rendered":"<p>[vc_section][vc_row content_placement=\u00bbmiddle\u00bb css=\u00bb.vc_custom_1765487462989{margin-bottom: 0px !important;}\u00bb][vc_column width=\u00bb1\/2&#8243;][vc_column_text]Nuestras 4 plegadoras CNC permiten trabajar piezas de hasta 8.000 mm y 1.500 t de presi\u00f3n, lo que nos da capacidad para abordar desde piezas peque\u00f1as hasta elementos de gran formato. A esto se suman varias plegadoras adicionales y una prensa hidr\u00e1ulica, que ampl\u00edan las posibilidades de conformado en diferentes [&hellip;]<\/p>\n","protected":false},"author":1,"featured_media":0,"parent":0,"menu_order":0,"comment_status":"closed","ping_status":"closed","template":"","meta":{"footnotes":""},"class_list":["post-5759","page","type-page","status-publish","hentry"],"acf":[],"_links":{"self":[{"href":"https:\/\/oxiplant.com\/new2\/wp-json\/wp\/v2\/pages\/5759","targetHints":{"allow":["GET"]}}],"collection":[{"href":"https:\/\/oxiplant.com\/new2\/wp-json\/wp\/v2\/pages"}],"about":[{"href":"https:\/\/oxiplant.com\/new2\/wp-json\/wp\/v2\/types\/page"}],"author":[{"embeddable":true,"href":"https:\/\/oxiplant.com\/new2\/wp-json\/wp\/v2\/users\/1"}],"replies":[{"embeddable":true,"href":"https:\/\/oxiplant.com\/new2\/wp-json\/wp\/v2\/comments?post=5759"}],"version-history":[{"count":11,"href":"https:\/\/oxiplant.com\/new2\/wp-json\/wp\/v2\/pages\/5759\/revisions"}],"predecessor-version":[{"id":6702,"href":"https:\/\/oxiplant.com\/new2\/wp-json\/wp\/v2\/pages\/5759\/revisions\/6702"}],"wp:attachment":[{"href":"https:\/\/oxiplant.com\/new2\/wp-json\/wp\/v2\/media?parent=5759"}],"curies":[{"name":"wp","href":"https:\/\/api.w.org\/{rel}","templated":true}]}}