{"id":5763,"date":"2025-10-15T07:19:41","date_gmt":"2025-10-15T05:19:41","guid":{"rendered":"https:\/\/oxiplant.com\/new2\/?page_id=5763"},"modified":"2025-12-11T22:14:01","modified_gmt":"2025-12-11T21:14:01","slug":"soldadura","status":"publish","type":"page","link":"https:\/\/oxiplant.com\/new2\/soldadura\/","title":{"rendered":"Soldadura"},"content":{"rendered":"<div class=\"wpb-content-wrapper\"><p>[vc_section][vc_row content_placement=\u00bbmiddle\u00bb css=\u00bb.vc_custom_1765487482705{margin-bottom: 0px !important;}\u00bb][vc_column width=\u00bb1\/2&#8243;][vc_column_text]Ofrecemos soluciones de soldadura, adaptadas a las necesidades de proyectos industriales de distinta complejidad. Disponemos de tecnolog\u00edas <strong>MIG\/MAG, TIG y equipos especializados para soldadura de pernos por resistencia<\/strong>, cubriendo as\u00ed un amplio rango de aplicaciones en fabricaci\u00f3n, montaje y reparaciones.<\/p>\n<p>Realizamos procesos de soldadura <strong>tanto en chapa como en tubo<\/strong>, trabajando con una variedad de materiales y espesores. Esto nos permite dar respuesta a sectores como calderer\u00eda, estructuras met\u00e1licas, maquinaria industrial, energ\u00edas renovables y construcciones especiales.<\/p>\n<p>Contamos con <strong>robots Monoblock<\/strong> de soldadura que ofrecen una gran precisi\u00f3n, repetitividad y control del cord\u00f3n, especialmente adecuados para series medianas y grandes o para trabajos que requieren una calidad constante y verificable. Adem\u00e1s, complementamos esta capacidad con equipos manuales y semiautom\u00e1ticos que nos permiten adaptarnos a geometr\u00edas complejas y a piezas \u00fanicas.<\/p>\n<p>Todos nuestros procesos de soldadura est\u00e1n certificados bajo la norma <strong>ISO 3834-2:2021 por LRQA<\/strong>, una garant\u00eda de que cumplimos con los est\u00e1ndares m\u00e1s exigentes en gesti\u00f3n de calidad de soldadura, trazabilidad, cualificaci\u00f3n de s<strong>oldadores (WPQ), procedimientos (WPS\/PQR)<\/strong> y control de materiales.[\/vc_column_text][\/vc_column][vc_column width=\u00bb1\/2&#8243;]<div  class=\"wpb_content_element   clearfix\"><style type=\"text\/css\">#ut_am_69f211d046fc6 { opacity: 1; }#ut_am_wrap_69f211d046fca img,#ut_am_wrap_69f211d046fca .ut-image-gallery-image-caption,#ut_am_wrap_69f211d046fca .ut-box-shadow-container,#ut_am_wrap_69f211d046fca .ut-box-shadow-container-inner,#ut_am_wrap_69f211d046fca .ut-block-revealer-element-container,#ut_am_wrap_69f211d046fca .ut-animated-image-zoom { -webkit-border-radius: 9px; -moz-border-radius: 9px; border-radius: 9px; }#ut_am_wrap_69f211d046fca .ut-image-gallery-item-caption-title h3 { letter-spacing: 0em; }#ut_am_wrap_69f211d046fca .ut-gallery-slider-caption { color: #999999; }#ut_am_wrap_69f211d046fca .ut-gallery-slider-caption { font-weight: normal; }#ut_am_wrap_69f211d046fca { text-align: right; }@media (min-width: 768px) and (max-width: 1024px) { #ut_am_wrap_69f211d046fca { text-align: right !important; } }@media (max-width: 767px) { #ut_am_wrap_69f211d046fca { text-align: center !important; } }<\/style><div id=\"ut_am_wrap_69f211d046fca\" class=\"ut-image-gallery-image \"><div id=\"ut_reveal_69f211d046fce\"  data-appear-top-offset=\"auto\" class=\"ut-animated-image-item ut-image-gallery-item ut-animation-done \"><a class=\"ut-deactivated-link\" href=\"#\"><div class=\"ut-animated-image-zoom\"><img loading=\"lazy\" decoding=\"async\" class=\"ut-lazy skip-lazy ut-animated-image \"  id=\"ut_am_69f211d046fc6\" src=\"data:image\/svg+xml;charset=utf-8,%3Csvg xmlns%3D'http%3A%2F%2Fwww.w3.org%2F2000%2Fsvg' viewBox%3D'0 0 1396 1427'%2F%3E\" data-src=\"https:\/\/oxiplant.com\/new2\/wp-content\/uploads\/2025\/11\/soldadura-4.jpg\" width=\"1396\" height=\"1427\" alt=\"\"\/><\/div><\/a><\/div><\/div><\/div>[\/vc_column][\/vc_row][\/vc_section][vc_section][vc_row][vc_column width=\u00bb1\/6&#8243; css=\u00bb.vc_custom_1764283621195{margin-top: 15px !important;}\u00bb]<div  class=\"wpb_content_element   clearfix\"><style type=\"text\/css\">#ut_am_69f211d048012 { opacity: 1; }#ut_am_wrap_69f211d048015 .ut-image-gallery-item-caption-title h3 { color: #ffffff; }#ut_am_wrap_69f211d048015 .ut-image-gallery-item-caption-title-style-2 h3 { color: #ffffff; }#ut_am_wrap_69f211d048015 .ut-image-gallery-item-caption-title h3 { letter-spacing: 0em; }#ut_am_wrap_69f211d048015 .ut-gallery-slider-caption { font-weight: bold; }#ut_am_wrap_69f211d048015 { text-align: center; }@media (min-width: 768px) and (max-width: 1024px) { #ut_am_wrap_69f211d048015 { text-align: center !important; } }@media (max-width: 767px) { #ut_am_wrap_69f211d048015 { text-align: center !important; } }<\/style><div id=\"ut_am_wrap_69f211d048015\" class=\"ut-image-gallery-image ani_zoom\"><div id=\"ut_reveal_69f211d048016\"  data-appear-top-offset=\"auto\" class=\"ut-animated-image-item ut-image-gallery-item ut-animation-done \"><a target=\"_blank\" href=\"https:\/\/oxiplant.com\/new2\/wp-content\/uploads\/2025\/11\/OXIP_0094-CPR-MAD-20160126-SPA_Iss04-9Jun25-FPC-cer-EN1090.pdf\" rel=\"nofollow\"><div class=\"ut-animated-image-zoom\"><img loading=\"lazy\" decoding=\"async\" class=\"ut-lazy skip-lazy ut-animated-image \"  id=\"ut_am_69f211d048012\" src=\"data:image\/svg+xml;charset=utf-8,%3Csvg xmlns%3D'http%3A%2F%2Fwww.w3.org%2F2000%2Fsvg' viewBox%3D'0 0 300 190'%2F%3E\" data-src=\"https:\/\/oxiplant.com\/new2\/wp-content\/uploads\/2025\/11\/iso-1090-2.jpg\" width=\"300\" height=\"190\" alt=\"\"\/><\/div><\/a><\/div><\/div><\/div>[\/vc_column][vc_column width=\u00bb1\/6&#8243; css=\u00bb.vc_custom_1764283634822{margin-top: 15px !important;}\u00bb]<div  class=\"wpb_content_element   clearfix\"><style type=\"text\/css\">#ut_am_69f211d0492be { opacity: 1; }#ut_am_wrap_69f211d0492c2 .ut-image-gallery-item-caption-title h3 { color: #ffffff; }#ut_am_wrap_69f211d0492c2 .ut-image-gallery-item-caption-title-style-2 h3 { color: #ffffff; }#ut_am_wrap_69f211d0492c2 .ut-image-gallery-item-caption-title h3 { letter-spacing: 0em; }#ut_am_wrap_69f211d0492c2 .ut-gallery-slider-caption { font-weight: bold; }#ut_am_wrap_69f211d0492c2 { text-align: center; }@media (min-width: 768px) and (max-width: 1024px) { #ut_am_wrap_69f211d0492c2 { text-align: center !important; } }@media (max-width: 767px) { #ut_am_wrap_69f211d0492c2 { text-align: center !important; } }<\/style><div id=\"ut_am_wrap_69f211d0492c2\" class=\"ut-image-gallery-image ani_zoom\"><div id=\"ut_reveal_69f211d0492c3\"  data-appear-top-offset=\"auto\" class=\"ut-animated-image-item ut-image-gallery-item ut-animation-done \"><a target=\"_blank\" href=\"https:\/\/oxiplant.com\/new2\/wp-content\/uploads\/2025\/11\/0038343-QMS-SPAES-UKAS.pdf\" rel=\"nofollow\"><div class=\"ut-animated-image-zoom\"><img loading=\"lazy\" decoding=\"async\" class=\"ut-lazy skip-lazy ut-animated-image \"  id=\"ut_am_69f211d0492be\" src=\"data:image\/svg+xml;charset=utf-8,%3Csvg xmlns%3D'http%3A%2F%2Fwww.w3.org%2F2000%2Fsvg' viewBox%3D'0 0 300 190'%2F%3E\" data-src=\"https:\/\/oxiplant.com\/new2\/wp-content\/uploads\/2025\/10\/calidad-2.webp\" width=\"300\" height=\"190\" alt=\"\"\/><\/div><\/a><\/div><\/div><\/div>[\/vc_column][vc_column width=\u00bb1\/6&#8243; css=\u00bb.vc_custom_1764283649688{margin-top: 15px !important;}\u00bb]<div  class=\"wpb_content_element   clearfix\"><style type=\"text\/css\">#ut_am_69f211d049cd9 { opacity: 1; }#ut_am_wrap_69f211d049cde .ut-image-gallery-item-caption-title h3 { color: #ffffff; }#ut_am_wrap_69f211d049cde .ut-image-gallery-item-caption-title-style-2 h3 { color: #ffffff; }#ut_am_wrap_69f211d049cde .ut-image-gallery-item-caption-title h3 { letter-spacing: 0em; }#ut_am_wrap_69f211d049cde .ut-gallery-slider-caption { font-weight: bold; }#ut_am_wrap_69f211d049cde { text-align: center; }@media (min-width: 768px) and (max-width: 1024px) { #ut_am_wrap_69f211d049cde { text-align: center !important; } }@media (max-width: 767px) { #ut_am_wrap_69f211d049cde { text-align: center !important; } }<\/style><div id=\"ut_am_wrap_69f211d049cde\" class=\"ut-image-gallery-image ani_zoom\"><div id=\"ut_reveal_69f211d049cdf\"  data-appear-top-offset=\"auto\" class=\"ut-animated-image-item ut-image-gallery-item ut-animation-done \"><a target=\"_blank\" href=\"https:\/\/oxiplant.com\/new2\/wp-content\/uploads\/2025\/11\/00016995-EMS-SPAES-UKAS.pdf\" rel=\"nofollow\"><div class=\"ut-animated-image-zoom\"><img loading=\"lazy\" decoding=\"async\" class=\"ut-lazy skip-lazy ut-animated-image \"  id=\"ut_am_69f211d049cd9\" src=\"data:image\/svg+xml;charset=utf-8,%3Csvg xmlns%3D'http%3A%2F%2Fwww.w3.org%2F2000%2Fsvg' viewBox%3D'0 0 300 193'%2F%3E\" data-src=\"https:\/\/oxiplant.com\/new2\/wp-content\/uploads\/2025\/10\/medioambiente.webp\" width=\"300\" height=\"193\" alt=\"\"\/><\/div><\/a><\/div><\/div><\/div>[\/vc_column][vc_column width=\u00bb1\/6&#8243; css=\u00bb.vc_custom_1764283665569{margin-top: 15px !important;}\u00bb]<div  class=\"wpb_content_element   clearfix\"><style type=\"text\/css\">#ut_am_69f211d04a677 { opacity: 1; }#ut_am_wrap_69f211d04a679 .ut-image-gallery-item-caption-title h3 { color: #ffffff; }#ut_am_wrap_69f211d04a679 .ut-image-gallery-item-caption-title-style-2 h3 { color: #ffffff; }#ut_am_wrap_69f211d04a679 .ut-image-gallery-item-caption-title h3 { letter-spacing: 0em; }#ut_am_wrap_69f211d04a679 .ut-gallery-slider-caption { font-weight: bold; }#ut_am_wrap_69f211d04a679 { text-align: center; }@media (min-width: 768px) and (max-width: 1024px) { #ut_am_wrap_69f211d04a679 { text-align: center !important; } }@media (max-width: 767px) { #ut_am_wrap_69f211d04a679 { text-align: center !important; } }<\/style><div id=\"ut_am_wrap_69f211d04a679\" class=\"ut-image-gallery-image ani_zoom\"><div id=\"ut_reveal_69f211d04a67b\"  data-appear-top-offset=\"auto\" class=\"ut-animated-image-item ut-image-gallery-item ut-animation-done \"><a target=\"_blank\" href=\"https:\/\/oxiplant.com\/new2\/wp-content\/uploads\/2025\/11\/OXIP_Cert-3834-R2-1Sep25-SPA.pdf\" rel=\"nofollow\"><div class=\"ut-animated-image-zoom\"><img loading=\"lazy\" decoding=\"async\" class=\"ut-lazy skip-lazy ut-animated-image \"  id=\"ut_am_69f211d04a677\" src=\"data:image\/svg+xml;charset=utf-8,%3Csvg xmlns%3D'http%3A%2F%2Fwww.w3.org%2F2000%2Fsvg' viewBox%3D'0 0 300 190'%2F%3E\" data-src=\"https:\/\/oxiplant.com\/new2\/wp-content\/uploads\/2025\/11\/iso-3834.jpg\" width=\"300\" height=\"190\" alt=\"\"\/><\/div><\/a><\/div><\/div><\/div>[\/vc_column][vc_column width=\u00bb1\/6&#8243; css=\u00bb.vc_custom_1764283681323{margin-top: 15px !important;}\u00bb]<div  class=\"wpb_content_element   clearfix\"><style type=\"text\/css\">#ut_am_69f211d04b548 { opacity: 1; }#ut_am_wrap_69f211d04b54b .ut-image-gallery-item-caption-title h3 { color: #ffffff; }#ut_am_wrap_69f211d04b54b .ut-image-gallery-item-caption-title-style-2 h3 { color: #ffffff; }#ut_am_wrap_69f211d04b54b .ut-image-gallery-item-caption-title h3 { letter-spacing: 0em; }#ut_am_wrap_69f211d04b54b .ut-gallery-slider-caption { font-weight: bold; }#ut_am_wrap_69f211d04b54b { text-align: center; }@media (min-width: 768px) and (max-width: 1024px) { #ut_am_wrap_69f211d04b54b { text-align: center !important; } }@media (max-width: 767px) { #ut_am_wrap_69f211d04b54b { text-align: center !important; } }<\/style><div id=\"ut_am_wrap_69f211d04b54b\" class=\"ut-image-gallery-image ani_zoom\"><div id=\"ut_reveal_69f211d04b54d\"  data-appear-top-offset=\"auto\" class=\"ut-animated-image-item ut-image-gallery-item ut-animation-done \"><a target=\"_blank\" href=\"https:\/\/www.bureauveritas.dk\/en\/our-market\/apqp4wind?utm_source=google&#038;utm_medium=cpc&#038;gad_source=1&#038;gad_campaignid=1676330063&#038;gbraid=0AAAAAD28T32t2hKEXcw7JcM30Vaxr40iY&#038;gclid=CjwKCAiA55rJBhByEiwAFkY1QG0iBDQRekciHH0dIgsblVqHdnIgnglPMpL_zGsBaOnpgxHvH1W7aBoCFQQQAvD_BwE\" rel=\"nofollow\"><div class=\"ut-animated-image-zoom\"><img loading=\"lazy\" decoding=\"async\" class=\"ut-lazy skip-lazy ut-animated-image \"  id=\"ut_am_69f211d04b548\" src=\"data:image\/svg+xml;charset=utf-8,%3Csvg xmlns%3D'http%3A%2F%2Fwww.w3.org%2F2000%2Fsvg' viewBox%3D'0 0 300 190'%2F%3E\" data-src=\"https:\/\/oxiplant.com\/new2\/wp-content\/uploads\/2025\/10\/apqp.jpg\" width=\"300\" height=\"190\" alt=\"\"\/><\/div><\/a><\/div><\/div><\/div>[\/vc_column][vc_column width=\u00bb1\/6&#8243; css=\u00bb.vc_custom_1764283694488{margin-top: 15px !important;}\u00bb]<div  class=\"wpb_content_element   clearfix\"><style type=\"text\/css\">#ut_am_69f211d04c77b { opacity: 1; }#ut_am_wrap_69f211d04c77d .ut-image-gallery-item-caption-title h3 { color: #ffffff; }#ut_am_wrap_69f211d04c77d .ut-image-gallery-item-caption-title-style-2 h3 { color: #ffffff; }#ut_am_wrap_69f211d04c77d .ut-image-gallery-item-caption-title h3 { letter-spacing: 0em; }#ut_am_wrap_69f211d04c77d .ut-gallery-slider-caption { font-weight: bold; }#ut_am_wrap_69f211d04c77d { text-align: center; }@media (min-width: 768px) and (max-width: 1024px) { #ut_am_wrap_69f211d04c77d { text-align: center !important; } }@media (max-width: 767px) { #ut_am_wrap_69f211d04c77d { text-align: center !important; } }<\/style><div id=\"ut_am_wrap_69f211d04c77d\" class=\"ut-image-gallery-image ani_zoom\"><div id=\"ut_reveal_69f211d04c77e\"  data-appear-top-offset=\"auto\" class=\"ut-animated-image-item ut-image-gallery-item ut-animation-done \"><a target=\"_blank\" href=\"https:\/\/ecovadis.com\/es\/\" rel=\"nofollow\"><div class=\"ut-animated-image-zoom\"><img decoding=\"async\" class=\"ut-lazy skip-lazy ut-animated-image \"  id=\"ut_am_69f211d04c77b\" src=\"data:image\/svg+xml;charset=utf-8,%3Csvg xmlns%3D'http%3A%2F%2Fwww.w3.org%2F2000%2Fsvg' viewBox%3D'0 0 118px 600'%2F%3E\" data-src=\"https:\/\/oxiplant.com\/new2\/wp-content\/uploads\/2025\/10\/reco-1.webp\" width=\"118px\" height=\"\" alt=\"\"\/><\/div><\/a><\/div><\/div><\/div>[\/vc_column][\/vc_row][\/vc_section]<\/p>\n<\/div>","protected":false},"excerpt":{"rendered":"<p>[vc_section][vc_row content_placement=\u00bbmiddle\u00bb css=\u00bb.vc_custom_1765487482705{margin-bottom: 0px !important;}\u00bb][vc_column width=\u00bb1\/2&#8243;][vc_column_text]Ofrecemos soluciones de soldadura, adaptadas a las necesidades de proyectos industriales de distinta complejidad. Disponemos de tecnolog\u00edas MIG\/MAG, TIG y equipos especializados para soldadura de pernos por resistencia, cubriendo as\u00ed un amplio rango de aplicaciones en fabricaci\u00f3n, montaje y reparaciones. Realizamos procesos de soldadura tanto en chapa como en tubo, [&hellip;]<\/p>\n","protected":false},"author":1,"featured_media":0,"parent":0,"menu_order":0,"comment_status":"closed","ping_status":"closed","template":"","meta":{"footnotes":""},"class_list":["post-5763","page","type-page","status-publish","hentry"],"acf":[],"_links":{"self":[{"href":"https:\/\/oxiplant.com\/new2\/wp-json\/wp\/v2\/pages\/5763","targetHints":{"allow":["GET"]}}],"collection":[{"href":"https:\/\/oxiplant.com\/new2\/wp-json\/wp\/v2\/pages"}],"about":[{"href":"https:\/\/oxiplant.com\/new2\/wp-json\/wp\/v2\/types\/page"}],"author":[{"embeddable":true,"href":"https:\/\/oxiplant.com\/new2\/wp-json\/wp\/v2\/users\/1"}],"replies":[{"embeddable":true,"href":"https:\/\/oxiplant.com\/new2\/wp-json\/wp\/v2\/comments?post=5763"}],"version-history":[{"count":10,"href":"https:\/\/oxiplant.com\/new2\/wp-json\/wp\/v2\/pages\/5763\/revisions"}],"predecessor-version":[{"id":6703,"href":"https:\/\/oxiplant.com\/new2\/wp-json\/wp\/v2\/pages\/5763\/revisions\/6703"}],"wp:attachment":[{"href":"https:\/\/oxiplant.com\/new2\/wp-json\/wp\/v2\/media?parent=5763"}],"curies":[{"name":"wp","href":"https:\/\/api.w.org\/{rel}","templated":true}]}}