{"id":5768,"date":"2025-10-15T08:02:11","date_gmt":"2025-10-15T06:02:11","guid":{"rendered":"https:\/\/oxiplant.com\/new2\/?page_id=5768"},"modified":"2025-12-11T22:40:02","modified_gmt":"2025-12-11T21:40:02","slug":"mecanizado","status":"publish","type":"page","link":"https:\/\/oxiplant.com\/new2\/mecanizado\/","title":{"rendered":"Mecanizado"},"content":{"rendered":"<div class=\"wpb-content-wrapper\"><p>[vc_section][vc_row content_placement=\u00bbmiddle\u00bb css=\u00bb.vc_custom_1765487518362{margin-bottom: 0px !important;}\u00bb][vc_column width=\u00bb1\/2&#8243;][vc_column_text]Nuestros <strong>centros de mecanizado vertical cuentan con un curso longitudinal de 4000 mm y est\u00e1n dise\u00f1ados para trabajar piezas de hasta 1300 kg<\/strong>, ofreciendo una excelente estabilidad y precisi\u00f3n incluso en operaciones exigentes.<\/p>\n<p>Adem\u00e1s, nuestras m\u00e1quinas de corte \u2014tanto para chapa como para tubo\u2014 est\u00e1n preparadas para realizar <strong>biselados, punzonados, taladros y roscas<\/strong> directamente durante el proceso. Esta capacidad m\u00faltiple reduce significativamente las operaciones posteriores, agiliza la fabricaci\u00f3n y permite entregar piezas listas para su siguiente fase de montaje o mecanizado.[\/vc_column_text][\/vc_column][vc_column width=\u00bb1\/2&#8243;]<div  class=\"wpb_content_element   clearfix\"><style type=\"text\/css\">#ut_am_69f2087c24c5f { opacity: 1; }#ut_am_wrap_69f2087c24c61 img,#ut_am_wrap_69f2087c24c61 .ut-image-gallery-image-caption,#ut_am_wrap_69f2087c24c61 .ut-box-shadow-container,#ut_am_wrap_69f2087c24c61 .ut-box-shadow-container-inner,#ut_am_wrap_69f2087c24c61 .ut-block-revealer-element-container,#ut_am_wrap_69f2087c24c61 .ut-animated-image-zoom { -webkit-border-radius: 9px; -moz-border-radius: 9px; border-radius: 9px; }#ut_am_wrap_69f2087c24c61 .ut-image-gallery-item-caption-title h3 { letter-spacing: 0em; }#ut_am_wrap_69f2087c24c61 .ut-gallery-slider-caption { color: #999999; }#ut_am_wrap_69f2087c24c61 .ut-gallery-slider-caption { font-weight: normal; }#ut_am_wrap_69f2087c24c61 { text-align: right; }@media (min-width: 768px) and (max-width: 1024px) { #ut_am_wrap_69f2087c24c61 { text-align: right !important; } }@media (max-width: 767px) { #ut_am_wrap_69f2087c24c61 { text-align: center !important; } }<\/style><div id=\"ut_am_wrap_69f2087c24c61\" class=\"ut-image-gallery-image \"><div id=\"ut_reveal_69f2087c24c63\"  data-appear-top-offset=\"auto\" class=\"ut-animated-image-item ut-image-gallery-item ut-animation-done \"><a class=\"ut-deactivated-link\" href=\"#\"><div class=\"ut-animated-image-zoom\"><img loading=\"lazy\" decoding=\"async\" class=\"ut-lazy skip-lazy ut-animated-image \"  id=\"ut_am_69f2087c24c5f\" src=\"data:image\/svg+xml;charset=utf-8,%3Csvg xmlns%3D'http%3A%2F%2Fwww.w3.org%2F2000%2Fsvg' viewBox%3D'0 0 907 517'%2F%3E\" data-src=\"https:\/\/oxiplant.com\/new2\/wp-content\/uploads\/2025\/11\/mecanizado-2.jpg\" width=\"907\" height=\"517\" alt=\"\"\/><\/div><\/a><\/div><\/div><\/div>[\/vc_column][\/vc_row][\/vc_section][vc_section css=\u00bb.vc_custom_1764278583828{background-color: #eeeeee !important;}\u00bb][vc_row full_width=\u00bbstretch_row_content\u00bb css=\u00bb.vc_custom_1764279994030{margin-bottom: 80px !important;}\u00bb][vc_column width=\u00bb1\/2&#8243;]<div  class=\"wpb_content_element   clearfix\"><style type=\"text\/css\">#ut_am_69f2087c254d9 { opacity: 1; }#ut_am_wrap_69f2087c254db .ut-image-gallery-item-caption-title h3 { letter-spacing: 0em; }#ut_am_wrap_69f2087c254db .ut-gallery-slider-caption { font-weight: bold; }#ut_am_wrap_69f2087c254db { text-align: left; }@media (min-width: 768px) and (max-width: 1024px) { #ut_am_wrap_69f2087c254db { text-align: left !important; } }@media (max-width: 767px) { #ut_am_wrap_69f2087c254db { text-align: center !important; } }<\/style><div id=\"ut_am_wrap_69f2087c254db\" class=\"ut-image-gallery-image ani_zoom\"><div id=\"ut_reveal_69f2087c254dc\"  data-appear-top-offset=\"auto\" class=\"ut-animated-image-item ut-image-gallery-item ut-animation-done \"><a class=\"ut-deactivated-link\" href=\"#\"><div class=\"ut-animated-image-zoom\"><img loading=\"lazy\" decoding=\"async\" class=\"ut-lazy skip-lazy ut-animated-image \"  id=\"ut_am_69f2087c254d9\" src=\"data:image\/svg+xml;charset=utf-8,%3Csvg xmlns%3D'http%3A%2F%2Fwww.w3.org%2F2000%2Fsvg' viewBox%3D'0 0 1367 564'%2F%3E\" data-src=\"https:\/\/oxiplant.com\/new2\/wp-content\/uploads\/2025\/11\/servi-mecanizado.jpg\" width=\"1367\" height=\"564\" alt=\"\"\/><\/div><\/a><\/div><\/div><\/div>[\/vc_column][vc_column width=\u00bb1\/2&#8243;]<div  class=\"wpb_content_element   clearfix\"><style type=\"text\/css\">#ut_am_69f2087c25d37 { opacity: 1; }#ut_am_wrap_69f2087c25d39 .ut-image-gallery-item-caption-title h3 { letter-spacing: 0em; }#ut_am_wrap_69f2087c25d39 .ut-gallery-slider-caption { font-weight: bold; }#ut_am_wrap_69f2087c25d39 { text-align: left; }@media (min-width: 768px) and (max-width: 1024px) { #ut_am_wrap_69f2087c25d39 { text-align: left !important; } }@media (max-width: 767px) { #ut_am_wrap_69f2087c25d39 { text-align: center !important; } }<\/style><div id=\"ut_am_wrap_69f2087c25d39\" class=\"ut-image-gallery-image ani_zoom\"><div id=\"ut_reveal_69f2087c25d3a\"  data-appear-top-offset=\"auto\" class=\"ut-animated-image-item ut-image-gallery-item ut-animation-done \"><a class=\"ut-deactivated-link\" href=\"#\"><div class=\"ut-animated-image-zoom\"><img loading=\"lazy\" decoding=\"async\" class=\"ut-lazy skip-lazy ut-animated-image \"  id=\"ut_am_69f2087c25d37\" src=\"data:image\/svg+xml;charset=utf-8,%3Csvg xmlns%3D'http%3A%2F%2Fwww.w3.org%2F2000%2Fsvg' viewBox%3D'0 0 1367 564'%2F%3E\" data-src=\"https:\/\/oxiplant.com\/new2\/wp-content\/uploads\/2025\/12\/servi-fresadora.jpg\" width=\"1367\" height=\"564\" alt=\"\"\/><\/div><\/a><\/div><\/div><\/div>[\/vc_column][\/vc_row][vc_row full_width=\u00bbstretch_row_content\u00bb css=\u00bb.vc_custom_1764279253684{margin-top: 0px !important;}\u00bb][vc_column css=\u00bb.vc_custom_1762274329956{padding-top: 0px !important;}\u00bb][vc_row_inner][vc_column_inner width=\u00bb1\/2&#8243; css=\u00bb.vc_custom_1764280064229{margin-right: 40% !important;margin-left: 50% !important;padding-top: 10px !important;padding-right: 10px !important;padding-bottom: 10px !important;padding-left: 10px !important;}\u00bb]<div  class=\"wpb_content_element   clearfix\"><style type=\"text\/css\">#ut_am_69f2087c26a1b { opacity: 1; }#ut_am_wrap_69f2087c26a1d img,#ut_am_wrap_69f2087c26a1d .ut-image-gallery-image-caption,#ut_am_wrap_69f2087c26a1d .ut-box-shadow-container,#ut_am_wrap_69f2087c26a1d .ut-box-shadow-container-inner,#ut_am_wrap_69f2087c26a1d .ut-block-revealer-element-container,#ut_am_wrap_69f2087c26a1d .ut-animated-image-zoom { -webkit-border-radius: 9px; -moz-border-radius: 9px; border-radius: 9px; }#ut_am_wrap_69f2087c26a1d .ut-image-gallery-item-caption-title h3 { letter-spacing: 0em; }#ut_am_wrap_69f2087c26a1d .ut-gallery-slider-caption { font-weight: bold; }#ut_am_wrap_69f2087c26a1d { text-align: left; }@media (min-width: 768px) and (max-width: 1024px) { #ut_am_wrap_69f2087c26a1d { text-align: left !important; } }@media (max-width: 767px) { #ut_am_wrap_69f2087c26a1d { text-align: center !important; } }<\/style><div id=\"ut_am_wrap_69f2087c26a1d\" class=\"ut-image-gallery-image ani_zoom\"><div id=\"ut_reveal_69f2087c26a1e\"  data-appear-top-offset=\"auto\" class=\"ut-animated-image-item ut-image-gallery-item ut-animation-done \"><a class=\"ut-deactivated-link\" href=\"#\"><div class=\"ut-animated-image-zoom\"><img decoding=\"async\" class=\"ut-lazy skip-lazy ut-animated-image \"  id=\"ut_am_69f2087c26a1b\" src=\"data:image\/svg+xml;charset=utf-8,%3Csvg xmlns%3D'http%3A%2F%2Fwww.w3.org%2F2000%2Fsvg' viewBox%3D'0 0 92% 600'%2F%3E\" data-src=\"https:\/\/oxiplant.com\/new2\/wp-content\/uploads\/2025\/12\/servi-torno.jpg\" width=\"92%\" height=\"\" alt=\"\"\/><\/div><\/a><\/div><\/div><\/div>[\/vc_column_inner][\/vc_row_inner][\/vc_column][\/vc_row][\/vc_section][vc_section][vc_row][vc_column width=\u00bb1\/6&#8243; css=\u00bb.vc_custom_1764283621195{margin-top: 15px !important;}\u00bb]<div  class=\"wpb_content_element   clearfix\"><style type=\"text\/css\">#ut_am_69f2087c2712c { opacity: 1; }#ut_am_wrap_69f2087c2712d .ut-image-gallery-item-caption-title h3 { color: #ffffff; }#ut_am_wrap_69f2087c2712d .ut-image-gallery-item-caption-title-style-2 h3 { color: #ffffff; }#ut_am_wrap_69f2087c2712d .ut-image-gallery-item-caption-title h3 { letter-spacing: 0em; }#ut_am_wrap_69f2087c2712d .ut-gallery-slider-caption { font-weight: bold; }#ut_am_wrap_69f2087c2712d { text-align: center; }@media (min-width: 768px) and (max-width: 1024px) { #ut_am_wrap_69f2087c2712d { text-align: center !important; } }@media (max-width: 767px) { #ut_am_wrap_69f2087c2712d { text-align: center !important; } }<\/style><div id=\"ut_am_wrap_69f2087c2712d\" class=\"ut-image-gallery-image ani_zoom\"><div id=\"ut_reveal_69f2087c2712e\"  data-appear-top-offset=\"auto\" class=\"ut-animated-image-item ut-image-gallery-item ut-animation-done \"><a target=\"_blank\" href=\"https:\/\/oxiplant.com\/new2\/wp-content\/uploads\/2025\/11\/OXIP_0094-CPR-MAD-20160126-SPA_Iss04-9Jun25-FPC-cer-EN1090.pdf\" rel=\"nofollow\"><div class=\"ut-animated-image-zoom\"><img loading=\"lazy\" decoding=\"async\" class=\"ut-lazy skip-lazy ut-animated-image \"  id=\"ut_am_69f2087c2712c\" src=\"data:image\/svg+xml;charset=utf-8,%3Csvg xmlns%3D'http%3A%2F%2Fwww.w3.org%2F2000%2Fsvg' viewBox%3D'0 0 300 190'%2F%3E\" data-src=\"https:\/\/oxiplant.com\/new2\/wp-content\/uploads\/2025\/11\/iso-1090-2.jpg\" width=\"300\" height=\"190\" alt=\"\"\/><\/div><\/a><\/div><\/div><\/div>[\/vc_column][vc_column width=\u00bb1\/6&#8243; css=\u00bb.vc_custom_1764283634822{margin-top: 15px !important;}\u00bb]<div  class=\"wpb_content_element   clearfix\"><style type=\"text\/css\">#ut_am_69f2087c277f2 { opacity: 1; }#ut_am_wrap_69f2087c277f4 .ut-image-gallery-item-caption-title h3 { color: #ffffff; }#ut_am_wrap_69f2087c277f4 .ut-image-gallery-item-caption-title-style-2 h3 { color: #ffffff; }#ut_am_wrap_69f2087c277f4 .ut-image-gallery-item-caption-title h3 { letter-spacing: 0em; }#ut_am_wrap_69f2087c277f4 .ut-gallery-slider-caption { font-weight: bold; }#ut_am_wrap_69f2087c277f4 { text-align: center; }@media (min-width: 768px) and (max-width: 1024px) { #ut_am_wrap_69f2087c277f4 { text-align: center !important; } }@media (max-width: 767px) { #ut_am_wrap_69f2087c277f4 { text-align: center !important; } }<\/style><div id=\"ut_am_wrap_69f2087c277f4\" class=\"ut-image-gallery-image ani_zoom\"><div id=\"ut_reveal_69f2087c277f5\"  data-appear-top-offset=\"auto\" class=\"ut-animated-image-item ut-image-gallery-item ut-animation-done \"><a target=\"_blank\" href=\"https:\/\/oxiplant.com\/new2\/wp-content\/uploads\/2025\/11\/0038343-QMS-SPAES-UKAS.pdf\" rel=\"nofollow\"><div class=\"ut-animated-image-zoom\"><img loading=\"lazy\" decoding=\"async\" class=\"ut-lazy skip-lazy ut-animated-image \"  id=\"ut_am_69f2087c277f2\" src=\"data:image\/svg+xml;charset=utf-8,%3Csvg xmlns%3D'http%3A%2F%2Fwww.w3.org%2F2000%2Fsvg' viewBox%3D'0 0 300 190'%2F%3E\" data-src=\"https:\/\/oxiplant.com\/new2\/wp-content\/uploads\/2025\/10\/calidad-2.webp\" width=\"300\" height=\"190\" alt=\"\"\/><\/div><\/a><\/div><\/div><\/div>[\/vc_column][vc_column width=\u00bb1\/6&#8243; css=\u00bb.vc_custom_1764283649688{margin-top: 15px !important;}\u00bb]<div  class=\"wpb_content_element   clearfix\"><style type=\"text\/css\">#ut_am_69f2087c27ec9 { opacity: 1; }#ut_am_wrap_69f2087c27ecc .ut-image-gallery-item-caption-title h3 { color: #ffffff; }#ut_am_wrap_69f2087c27ecc .ut-image-gallery-item-caption-title-style-2 h3 { color: #ffffff; }#ut_am_wrap_69f2087c27ecc .ut-image-gallery-item-caption-title h3 { letter-spacing: 0em; }#ut_am_wrap_69f2087c27ecc .ut-gallery-slider-caption { font-weight: bold; }#ut_am_wrap_69f2087c27ecc { text-align: center; }@media (min-width: 768px) and (max-width: 1024px) { #ut_am_wrap_69f2087c27ecc { text-align: center !important; } }@media (max-width: 767px) { #ut_am_wrap_69f2087c27ecc { text-align: center !important; } }<\/style><div id=\"ut_am_wrap_69f2087c27ecc\" class=\"ut-image-gallery-image ani_zoom\"><div id=\"ut_reveal_69f2087c27ecd\"  data-appear-top-offset=\"auto\" class=\"ut-animated-image-item ut-image-gallery-item ut-animation-done \"><a target=\"_blank\" href=\"https:\/\/oxiplant.com\/new2\/wp-content\/uploads\/2025\/11\/00016995-EMS-SPAES-UKAS.pdf\" rel=\"nofollow\"><div class=\"ut-animated-image-zoom\"><img loading=\"lazy\" decoding=\"async\" class=\"ut-lazy skip-lazy ut-animated-image \"  id=\"ut_am_69f2087c27ec9\" src=\"data:image\/svg+xml;charset=utf-8,%3Csvg xmlns%3D'http%3A%2F%2Fwww.w3.org%2F2000%2Fsvg' viewBox%3D'0 0 300 193'%2F%3E\" data-src=\"https:\/\/oxiplant.com\/new2\/wp-content\/uploads\/2025\/10\/medioambiente.webp\" width=\"300\" height=\"193\" alt=\"\"\/><\/div><\/a><\/div><\/div><\/div>[\/vc_column][vc_column width=\u00bb1\/6&#8243; css=\u00bb.vc_custom_1764283665569{margin-top: 15px !important;}\u00bb]<div  class=\"wpb_content_element   clearfix\"><style type=\"text\/css\">#ut_am_69f2087c28525 { opacity: 1; }#ut_am_wrap_69f2087c28527 .ut-image-gallery-item-caption-title h3 { color: #ffffff; }#ut_am_wrap_69f2087c28527 .ut-image-gallery-item-caption-title-style-2 h3 { color: #ffffff; }#ut_am_wrap_69f2087c28527 .ut-image-gallery-item-caption-title h3 { letter-spacing: 0em; }#ut_am_wrap_69f2087c28527 .ut-gallery-slider-caption { font-weight: bold; }#ut_am_wrap_69f2087c28527 { text-align: center; }@media (min-width: 768px) and (max-width: 1024px) { #ut_am_wrap_69f2087c28527 { text-align: center !important; } }@media (max-width: 767px) { #ut_am_wrap_69f2087c28527 { text-align: center !important; } }<\/style><div id=\"ut_am_wrap_69f2087c28527\" class=\"ut-image-gallery-image ani_zoom\"><div id=\"ut_reveal_69f2087c28528\"  data-appear-top-offset=\"auto\" class=\"ut-animated-image-item ut-image-gallery-item ut-animation-done \"><a target=\"_blank\" href=\"https:\/\/oxiplant.com\/new2\/wp-content\/uploads\/2025\/11\/OXIP_Cert-3834-R2-1Sep25-SPA.pdf\" rel=\"nofollow\"><div class=\"ut-animated-image-zoom\"><img loading=\"lazy\" decoding=\"async\" class=\"ut-lazy skip-lazy ut-animated-image \"  id=\"ut_am_69f2087c28525\" src=\"data:image\/svg+xml;charset=utf-8,%3Csvg xmlns%3D'http%3A%2F%2Fwww.w3.org%2F2000%2Fsvg' viewBox%3D'0 0 300 190'%2F%3E\" data-src=\"https:\/\/oxiplant.com\/new2\/wp-content\/uploads\/2025\/11\/iso-3834.jpg\" width=\"300\" height=\"190\" alt=\"\"\/><\/div><\/a><\/div><\/div><\/div>[\/vc_column][vc_column width=\u00bb1\/6&#8243; css=\u00bb.vc_custom_1764283681323{margin-top: 15px !important;}\u00bb]<div  class=\"wpb_content_element   clearfix\"><style type=\"text\/css\">#ut_am_69f2087c28c0f { opacity: 1; }#ut_am_wrap_69f2087c28c11 .ut-image-gallery-item-caption-title h3 { color: #ffffff; }#ut_am_wrap_69f2087c28c11 .ut-image-gallery-item-caption-title-style-2 h3 { color: #ffffff; }#ut_am_wrap_69f2087c28c11 .ut-image-gallery-item-caption-title h3 { letter-spacing: 0em; }#ut_am_wrap_69f2087c28c11 .ut-gallery-slider-caption { font-weight: bold; }#ut_am_wrap_69f2087c28c11 { text-align: center; }@media (min-width: 768px) and (max-width: 1024px) { #ut_am_wrap_69f2087c28c11 { text-align: center !important; } }@media (max-width: 767px) { #ut_am_wrap_69f2087c28c11 { text-align: center !important; } }<\/style><div id=\"ut_am_wrap_69f2087c28c11\" class=\"ut-image-gallery-image ani_zoom\"><div id=\"ut_reveal_69f2087c28c12\"  data-appear-top-offset=\"auto\" class=\"ut-animated-image-item ut-image-gallery-item ut-animation-done \"><a target=\"_blank\" href=\"https:\/\/www.bureauveritas.dk\/en\/our-market\/apqp4wind?utm_source=google&#038;utm_medium=cpc&#038;gad_source=1&#038;gad_campaignid=1676330063&#038;gbraid=0AAAAAD28T32t2hKEXcw7JcM30Vaxr40iY&#038;gclid=CjwKCAiA55rJBhByEiwAFkY1QG0iBDQRekciHH0dIgsblVqHdnIgnglPMpL_zGsBaOnpgxHvH1W7aBoCFQQQAvD_BwE\" rel=\"nofollow\"><div class=\"ut-animated-image-zoom\"><img loading=\"lazy\" decoding=\"async\" class=\"ut-lazy skip-lazy ut-animated-image \"  id=\"ut_am_69f2087c28c0f\" src=\"data:image\/svg+xml;charset=utf-8,%3Csvg xmlns%3D'http%3A%2F%2Fwww.w3.org%2F2000%2Fsvg' viewBox%3D'0 0 300 190'%2F%3E\" data-src=\"https:\/\/oxiplant.com\/new2\/wp-content\/uploads\/2025\/10\/apqp.jpg\" width=\"300\" height=\"190\" alt=\"\"\/><\/div><\/a><\/div><\/div><\/div>[\/vc_column][vc_column width=\u00bb1\/6&#8243; css=\u00bb.vc_custom_1764283694488{margin-top: 15px !important;}\u00bb]<div  class=\"wpb_content_element   clearfix\"><style type=\"text\/css\">#ut_am_69f2087c2981a { opacity: 1; }#ut_am_wrap_69f2087c2981c .ut-image-gallery-item-caption-title h3 { color: #ffffff; }#ut_am_wrap_69f2087c2981c .ut-image-gallery-item-caption-title-style-2 h3 { color: #ffffff; }#ut_am_wrap_69f2087c2981c .ut-image-gallery-item-caption-title h3 { letter-spacing: 0em; }#ut_am_wrap_69f2087c2981c .ut-gallery-slider-caption { font-weight: bold; }#ut_am_wrap_69f2087c2981c { text-align: center; }@media (min-width: 768px) and (max-width: 1024px) { #ut_am_wrap_69f2087c2981c { text-align: center !important; } }@media (max-width: 767px) { #ut_am_wrap_69f2087c2981c { text-align: center !important; } }<\/style><div id=\"ut_am_wrap_69f2087c2981c\" class=\"ut-image-gallery-image ani_zoom\"><div id=\"ut_reveal_69f2087c2981d\"  data-appear-top-offset=\"auto\" class=\"ut-animated-image-item ut-image-gallery-item ut-animation-done \"><a target=\"_blank\" href=\"https:\/\/ecovadis.com\/es\/\" rel=\"nofollow\"><div class=\"ut-animated-image-zoom\"><img decoding=\"async\" class=\"ut-lazy skip-lazy ut-animated-image \"  id=\"ut_am_69f2087c2981a\" src=\"data:image\/svg+xml;charset=utf-8,%3Csvg xmlns%3D'http%3A%2F%2Fwww.w3.org%2F2000%2Fsvg' viewBox%3D'0 0 118px 600'%2F%3E\" data-src=\"https:\/\/oxiplant.com\/new2\/wp-content\/uploads\/2025\/10\/reco-1.webp\" width=\"118px\" height=\"\" alt=\"\"\/><\/div><\/a><\/div><\/div><\/div>[\/vc_column][\/vc_row][\/vc_section]<\/p>\n<\/div>","protected":false},"excerpt":{"rendered":"<p>[vc_section][vc_row content_placement=\u00bbmiddle\u00bb css=\u00bb.vc_custom_1765487518362{margin-bottom: 0px !important;}\u00bb][vc_column width=\u00bb1\/2&#8243;][vc_column_text]Nuestros centros de mecanizado vertical cuentan con un curso longitudinal de 4000 mm y est\u00e1n dise\u00f1ados para trabajar piezas de hasta 1300 kg, ofreciendo una excelente estabilidad y precisi\u00f3n incluso en operaciones exigentes. Adem\u00e1s, nuestras m\u00e1quinas de corte \u2014tanto para chapa como para tubo\u2014 est\u00e1n preparadas para realizar biselados, punzonados, [&hellip;]<\/p>\n","protected":false},"author":1,"featured_media":0,"parent":0,"menu_order":0,"comment_status":"closed","ping_status":"closed","template":"","meta":{"footnotes":""},"class_list":["post-5768","page","type-page","status-publish","hentry"],"acf":[],"_links":{"self":[{"href":"https:\/\/oxiplant.com\/new2\/wp-json\/wp\/v2\/pages\/5768","targetHints":{"allow":["GET"]}}],"collection":[{"href":"https:\/\/oxiplant.com\/new2\/wp-json\/wp\/v2\/pages"}],"about":[{"href":"https:\/\/oxiplant.com\/new2\/wp-json\/wp\/v2\/types\/page"}],"author":[{"embeddable":true,"href":"https:\/\/oxiplant.com\/new2\/wp-json\/wp\/v2\/users\/1"}],"replies":[{"embeddable":true,"href":"https:\/\/oxiplant.com\/new2\/wp-json\/wp\/v2\/comments?post=5768"}],"version-history":[{"count":18,"href":"https:\/\/oxiplant.com\/new2\/wp-json\/wp\/v2\/pages\/5768\/revisions"}],"predecessor-version":[{"id":6715,"href":"https:\/\/oxiplant.com\/new2\/wp-json\/wp\/v2\/pages\/5768\/revisions\/6715"}],"wp:attachment":[{"href":"https:\/\/oxiplant.com\/new2\/wp-json\/wp\/v2\/media?parent=5768"}],"curies":[{"name":"wp","href":"https:\/\/api.w.org\/{rel}","templated":true}]}}