{"id":5999,"date":"2025-11-12T20:44:23","date_gmt":"2025-11-12T19:44:23","guid":{"rendered":"https:\/\/oxiplant.com\/new2\/?page_id=5999"},"modified":"2025-11-27T22:02:20","modified_gmt":"2025-11-27T21:02:20","slug":"medioambiente","status":"publish","type":"page","link":"https:\/\/oxiplant.com\/new2\/medioambiente\/","title":{"rendered":"Medioambiente"},"content":{"rendered":"<div class=\"wpb-content-wrapper\"><p>[vc_section][vc_row css=\u00bb.vc_custom_1467568839237{margin-bottom: 80px !important;}\u00bb][vc_column width=\u00bb1\/2&#8243;][vc_column_text]<\/p>\n<p class=\"p1\">En <b>Oxiplant<\/b>, entendemos que el crecimiento industrial solo es sostenible si se desarrolla en equilibrio con el entorno.<\/p>\n<p class=\"p1\">Por ello, contamos con un <b>Sistema de Gesti\u00f3n Ambiental certificado seg\u00fan la norma <\/b><b>ISO 14001:2015<\/b>, que garantiza el control y la mejora continua de nuestros procesos, minimizando el impacto sobre el medio ambiente y optimizando el uso de los recursos naturales.<\/p>\n<p class=\"p1\">Nuestra labor ha sido reconocida con la <b>Medalla \u201cCommitted\u201d otorgada por <\/b><b>EcoVadis<\/b>, plataforma internacional de referencia en la evaluaci\u00f3n de sostenibilidad.<\/p>\n<p class=\"p1\">Esta distinci\u00f3n acredita nuestro compromiso en \u00e1reas clave como la gesti\u00f3n ambiental, las pr\u00e1cticas laborales responsables, la \u00e9tica y las compras sostenibles.<\/p>\n<p class=\"p1\">En l\u00ednea con esta pol\u00edtica, hemos implantado un sistema de <b>autoconsumo solar de 700 <\/b><b>kW<\/b>, formado por <b>m\u00e1s de 1.300 paneles fotovoltaicos<\/b>, que genera energ\u00eda limpia y cubre cerca del <b>50 % de nuestras necesidades el\u00e9ctricas<\/b>.<\/p>\n<p class=\"p1\">Una inversi\u00f3n que refleja nuestra apuesta por la eficiencia energ\u00e9tica, la reducci\u00f3n de emisiones y la transici\u00f3n hacia una industria m\u00e1s respetuosa con el planeta.<\/p>\n<p>[\/vc_column_text][\/vc_column][vc_column width=\u00bb1\/2&#8243; css=\u00bb.vc_custom_1760485443069{padding-left: 50px !important;}\u00bb]<div  class=\"wpb_content_element   clearfix\"><style type=\"text\/css\">#ut_am_69f2313eb77df { opacity: 1; }#ut_am_wrap_69f2313eb77e1 img,#ut_am_wrap_69f2313eb77e1 .ut-image-gallery-image-caption,#ut_am_wrap_69f2313eb77e1 .ut-box-shadow-container,#ut_am_wrap_69f2313eb77e1 .ut-box-shadow-container-inner,#ut_am_wrap_69f2313eb77e1 .ut-block-revealer-element-container,#ut_am_wrap_69f2313eb77e1 .ut-animated-image-zoom { -webkit-border-radius: 9px; -moz-border-radius: 9px; border-radius: 9px; }#ut_am_wrap_69f2313eb77e1 .ut-image-gallery-item-caption-title h3 { letter-spacing: 0em; }#ut_am_wrap_69f2313eb77e1 .ut-gallery-slider-caption { color: #999999; }#ut_am_wrap_69f2313eb77e1 .ut-gallery-slider-caption { font-weight: normal; }#ut_am_wrap_69f2313eb77e1 { text-align: right; }@media (min-width: 768px) and (max-width: 1024px) { #ut_am_wrap_69f2313eb77e1 { text-align: right !important; } }@media (max-width: 767px) { #ut_am_wrap_69f2313eb77e1 { text-align: center !important; } }<\/style><div id=\"ut_am_wrap_69f2313eb77e1\" class=\"ut-image-gallery-image \"><div id=\"ut_reveal_69f2313eb77e3\"  data-appear-top-offset=\"auto\" class=\"ut-animated-image-item ut-image-gallery-item ut-animation-done \"><a class=\"ut-deactivated-link\" href=\"#\"><div class=\"ut-animated-image-zoom\"><img loading=\"lazy\" decoding=\"async\" class=\"ut-lazy skip-lazy ut-animated-image \"  id=\"ut_am_69f2313eb77df\" src=\"data:image\/svg+xml;charset=utf-8,%3Csvg xmlns%3D'http%3A%2F%2Fwww.w3.org%2F2000%2Fsvg' viewBox%3D'0 0 1492 1418'%2F%3E\" data-src=\"https:\/\/oxiplant.com\/new2\/wp-content\/uploads\/2025\/11\/medioambiente-1-1-1.jpg\" width=\"1492\" height=\"1418\" alt=\"\"\/><\/div><\/a><\/div><\/div><\/div>[\/vc_column][\/vc_row][\/vc_section][vc_section css=\u00bb.vc_custom_1763489782277{margin-top: 0px !important;border-top-width: 0px !important;padding-top: 0px !important;}\u00bb][vc_row css=\u00bb.vc_custom_1467568839237{margin-bottom: 80px !important;}\u00bb][vc_column width=\u00bb1\/2&#8243; css=\u00bb.vc_custom_1760485443069{padding-left: 50px !important;}\u00bb]<div  class=\"wpb_content_element   clearfix\"><style type=\"text\/css\">#ut_am_69f2313eb7fb3 { opacity: 1; }#ut_am_wrap_69f2313eb7fb5 img,#ut_am_wrap_69f2313eb7fb5 .ut-image-gallery-image-caption,#ut_am_wrap_69f2313eb7fb5 .ut-box-shadow-container,#ut_am_wrap_69f2313eb7fb5 .ut-box-shadow-container-inner,#ut_am_wrap_69f2313eb7fb5 .ut-block-revealer-element-container,#ut_am_wrap_69f2313eb7fb5 .ut-animated-image-zoom { -webkit-border-radius: 9px; -moz-border-radius: 9px; border-radius: 9px; }#ut_am_wrap_69f2313eb7fb5 .ut-image-gallery-item-caption-title h3 { letter-spacing: 0em; }#ut_am_wrap_69f2313eb7fb5 .ut-gallery-slider-caption { color: #999999; }#ut_am_wrap_69f2313eb7fb5 .ut-gallery-slider-caption { font-weight: normal; }#ut_am_wrap_69f2313eb7fb5 { text-align: right; }@media (min-width: 768px) and (max-width: 1024px) { #ut_am_wrap_69f2313eb7fb5 { text-align: right !important; } }@media (max-width: 767px) { #ut_am_wrap_69f2313eb7fb5 { text-align: center !important; } }<\/style><div id=\"ut_am_wrap_69f2313eb7fb5\" class=\"ut-image-gallery-image \"><div id=\"ut_reveal_69f2313eb7fb6\"  data-appear-top-offset=\"auto\" class=\"ut-animated-image-item ut-image-gallery-item ut-animation-done \"><a class=\"ut-deactivated-link\" href=\"#\"><div class=\"ut-animated-image-zoom\"><img loading=\"lazy\" decoding=\"async\" class=\"ut-lazy skip-lazy ut-animated-image \"  id=\"ut_am_69f2313eb7fb3\" src=\"data:image\/svg+xml;charset=utf-8,%3Csvg xmlns%3D'http%3A%2F%2Fwww.w3.org%2F2000%2Fsvg' viewBox%3D'0 0 1600 1303'%2F%3E\" data-src=\"https:\/\/oxiplant.com\/new2\/wp-content\/uploads\/2025\/11\/medioambiente-1.jpg\" width=\"1600\" height=\"1303\" alt=\"\"\/><\/div><\/a><\/div><\/div><\/div>[\/vc_column][vc_column width=\u00bb1\/2&#8243;]<div class=\"wpb_content_element \"><style type=\"text\/css\">#ut_header_69f2313eb89cf h2.section-title { font-size:36px !important; }<\/style><header id=\"ut_header_69f2313eb89cf\" class=\"section-header  ut-no-title-linebreak-mobile ut-no-lead-linebreak-mobile pt-style-1 header-left header-tablet-left header-mobile-center\"><h2 data-title=\"ACC\u00c9SIT PYME SOSTENIBLE 2025\"  data-responsive-font=\"section_title\" data-responsive-font-settings=\"{&quot;base-font-size&quot;:&quot;global&quot;,&quot;font-size&quot;:{&quot;desktop_large&quot;:&quot;36&quot;},&quot;base-line-height&quot;:&quot;global&quot;,&quot;base-letter-spacing&quot;:&quot;global&quot;}\" class=\"bklyn-divider-styles bklyn-divider-style-1 section-title \"><span>ACC\u00c9SIT PYME SOSTENIBLE 2025<\/span><\/h2><\/header><\/div>[vc_column_text]<\/p>\n<p class=\"p1\"><b>Oxiplant<\/b> ha recibido el acc\u00e9sit PYME SOSTENIBLE 2025 del IX Premio Pyme del A\u00f1o Asturias 2025.<\/p>\n<p>[\/vc_column_text][\/vc_column][\/vc_row][vc_row][vc_column width=\u00bb1\/3&#8243; css=\u00bb.vc_custom_1764277270364{margin-top: 15px !important;}\u00bb]<div  class=\"wpb_content_element   clearfix\"><style type=\"text\/css\">#ut_am_69f2313ec1d70 { opacity: 1; }#ut_am_wrap_69f2313ec1d72 .ut-image-gallery-item-caption-title h3 { color: #ffffff; }#ut_am_wrap_69f2313ec1d72 .ut-image-gallery-item-caption-title-style-2 h3 { color: #ffffff; }#ut_am_wrap_69f2313ec1d72 .ut-image-gallery-item-caption-title h3 { letter-spacing: 0em; }#ut_am_wrap_69f2313ec1d72 .ut-gallery-slider-caption { font-weight: bold; }#ut_am_wrap_69f2313ec1d72 { text-align: center; }@media (min-width: 768px) and (max-width: 1024px) { #ut_am_wrap_69f2313ec1d72 { text-align: center !important; } }@media (max-width: 767px) { #ut_am_wrap_69f2313ec1d72 { text-align: center !important; } }<\/style><div id=\"ut_am_wrap_69f2313ec1d72\" class=\"ut-image-gallery-image ani_zoom\"><div id=\"ut_reveal_69f2313ec1d74\"  data-appear-top-offset=\"auto\" class=\"ut-animated-image-item ut-image-gallery-item ut-animation-done \"><a target=\"_blank\" href=\"https:\/\/oxiplant.com\/new2\/wp-content\/uploads\/2025\/11\/00016995-EMS-SPAES-UKAS.pdf\" rel=\"nofollow\"><div class=\"ut-animated-image-zoom\"><img loading=\"lazy\" decoding=\"async\" class=\"ut-lazy skip-lazy ut-animated-image \"  id=\"ut_am_69f2313ec1d70\" src=\"data:image\/svg+xml;charset=utf-8,%3Csvg xmlns%3D'http%3A%2F%2Fwww.w3.org%2F2000%2Fsvg' viewBox%3D'0 0 300 193'%2F%3E\" data-src=\"https:\/\/oxiplant.com\/new2\/wp-content\/uploads\/2025\/10\/medioambiente.webp\" width=\"300\" height=\"193\" alt=\"\"\/><\/div><\/a><\/div><\/div><\/div>[\/vc_column][vc_column width=\u00bb1\/3&#8243;][\/vc_column][vc_column width=\u00bb1\/3&#8243; css=\u00bb.vc_custom_1764277282807{margin-top: 15px !important;}\u00bb]<div  class=\"wpb_content_element   clearfix\"><style type=\"text\/css\">#ut_am_69f2313ec288e { opacity: 1; }#ut_am_wrap_69f2313ec2891 .ut-image-gallery-item-caption-title h3 { color: #ffffff; }#ut_am_wrap_69f2313ec2891 .ut-image-gallery-item-caption-title-style-2 h3 { color: #ffffff; }#ut_am_wrap_69f2313ec2891 .ut-image-gallery-item-caption-title h3 { letter-spacing: 0em; }#ut_am_wrap_69f2313ec2891 .ut-gallery-slider-caption { font-weight: bold; }#ut_am_wrap_69f2313ec2891 { text-align: center; }@media (min-width: 768px) and (max-width: 1024px) { #ut_am_wrap_69f2313ec2891 { text-align: center !important; } }@media (max-width: 767px) { #ut_am_wrap_69f2313ec2891 { text-align: center !important; } }<\/style><div id=\"ut_am_wrap_69f2313ec2891\" class=\"ut-image-gallery-image ani_zoom\"><div id=\"ut_reveal_69f2313ec2892\"  data-appear-top-offset=\"auto\" class=\"ut-animated-image-item ut-image-gallery-item ut-animation-done \"><a target=\"_blank\" href=\"https:\/\/ecovadis.com\/es\/\" rel=\"nofollow\"><div class=\"ut-animated-image-zoom\"><img loading=\"lazy\" decoding=\"async\" class=\"ut-lazy skip-lazy ut-animated-image \"  id=\"ut_am_69f2313ec288e\" src=\"data:image\/svg+xml;charset=utf-8,%3Csvg xmlns%3D'http%3A%2F%2Fwww.w3.org%2F2000%2Fsvg' viewBox%3D'0 0 1421 826'%2F%3E\" data-src=\"https:\/\/oxiplant.com\/new2\/wp-content\/uploads\/2025\/11\/ecovadis.png\" width=\"1421\" height=\"826\" alt=\"\"\/><\/div><\/a><\/div><\/div><\/div>[\/vc_column][\/vc_row][\/vc_section]<\/p>\n<\/div>","protected":false},"excerpt":{"rendered":"<p>[vc_section][vc_row css=\u00bb.vc_custom_1467568839237{margin-bottom: 80px !important;}\u00bb][vc_column width=\u00bb1\/2&#8243;][vc_column_text] En Oxiplant, entendemos que el crecimiento industrial solo es sostenible si se desarrolla en equilibrio con el entorno. Por ello, contamos con un Sistema de Gesti\u00f3n Ambiental certificado seg\u00fan la norma ISO 14001:2015, que garantiza el control y la mejora continua de nuestros procesos, minimizando el impacto sobre el medio [&hellip;]<\/p>\n","protected":false},"author":1,"featured_media":0,"parent":0,"menu_order":0,"comment_status":"closed","ping_status":"closed","template":"","meta":{"footnotes":""},"class_list":["post-5999","page","type-page","status-publish","hentry"],"acf":[],"_links":{"self":[{"href":"https:\/\/oxiplant.com\/new2\/wp-json\/wp\/v2\/pages\/5999","targetHints":{"allow":["GET"]}}],"collection":[{"href":"https:\/\/oxiplant.com\/new2\/wp-json\/wp\/v2\/pages"}],"about":[{"href":"https:\/\/oxiplant.com\/new2\/wp-json\/wp\/v2\/types\/page"}],"author":[{"embeddable":true,"href":"https:\/\/oxiplant.com\/new2\/wp-json\/wp\/v2\/users\/1"}],"replies":[{"embeddable":true,"href":"https:\/\/oxiplant.com\/new2\/wp-json\/wp\/v2\/comments?post=5999"}],"version-history":[{"count":8,"href":"https:\/\/oxiplant.com\/new2\/wp-json\/wp\/v2\/pages\/5999\/revisions"}],"predecessor-version":[{"id":6403,"href":"https:\/\/oxiplant.com\/new2\/wp-json\/wp\/v2\/pages\/5999\/revisions\/6403"}],"wp:attachment":[{"href":"https:\/\/oxiplant.com\/new2\/wp-json\/wp\/v2\/media?parent=5999"}],"curies":[{"name":"wp","href":"https:\/\/api.w.org\/{rel}","templated":true}]}}